{"id":286424,"date":"2023-04-20T12:18:38","date_gmt":"2023-04-20T10:18:38","guid":{"rendered":"https:\/\/miomiorun.com\/prodotto\/double-poliammide-evo\/"},"modified":"2025-07-01T17:44:22","modified_gmt":"2025-07-01T15:44:22","slug":"double-poliammide-evo","status":"publish","type":"product","link":"https:\/\/www.miomiorun.com\/fr\/produit\/double-poliammide-evo\/","title":{"rendered":"Double Poliammide Evo"},"content":{"rendered":"<p><div class=\"vc-row container\"><div class=\"vc-column\"><div class=\"vc-column-text\">La chaussette <strong>double polyamide EVO<\/strong> high ankle de <strong>Bv Sport<\/strong> est une chaussette de trekking ultra-l\u00e9g\u00e8re et hyper-ventil\u00e9e. Elle est compos\u00e9e de deux couches, la premi\u00e8re adh\u00e8re au pied et la seconde \u00e0 la chaussure. Cette technique de fabrication \u00e9vite les frottements et limite l&#8217;\u00e9chauffement lors de vos randonn\u00e9es.<\/p>\n<p>La chaussette haute <strong>DOUBLE POLYAMMIDE EVO <\/strong> est compos\u00e9e de deux couches de chaussettes ultra-l\u00e9g\u00e8res et r\u00e9sistantes.<\/p>\n<p>La premi\u00e8re chaussette s&#8217;attache au pied et la seconde \u00e0 la chaussure pour r\u00e9duire les frottements lors des activit\u00e9s sportives.<\/p>\n<h3>Caract\u00e9ristiques :<\/h3>\n<ul>\n<li>Les zones en tricot l\u00e9ger, <strong>AIRGON<\/strong> et la fibre <strong>SENSIL AQUARIUS<\/strong> permettent d&#8217;\u00e9vacuer la transpiration pendant l&#8217;activit\u00e9 sportive.<\/li>\n<li>Les orteils et le talon ont \u00e9t\u00e9 renforc\u00e9s avec Friction Free pour un confort optimal et pour limiter l&#8217;apparition d&#8217;ampoules.<\/li>\n<li>La chaussette poss\u00e8de des zones renforc\u00e9es \u00e0 l&#8217;avant du pied et sous le talon pour prot\u00e9ger efficacement le pied pendant l&#8217;effort.<\/li>\n<li>Le syst\u00e8me<strong> Y-SPORT<\/strong> associ\u00e9 au STABIL EFFECT assure un excellent maintien de la chaussette dans la chaussure.<\/li>\n<li><strong>Le SEAMLESS WIDE ED<\/strong>GE \u00e9vite l&#8217;effet garrot.<\/li>\n<\/ul>\n<div class=\"o-feature-callout__feature-copy\">\n<div class=\"o-feature-callout__feature-copy\">\n<div class=\"o-feature-callout__feature-copy\">\n<p>&nbsp;<\/p>\n<\/div>\n<\/div>\n<\/div>\n<p><\/div><\/div><\/div><div class=\"vc-row container\"><div class=\"vc-column\"><div class=\"vc-column-text\"><a href=\"https:\/\/miomiorun.com\/wp-content\/uploads\/2023\/04\/bv-sport-double-poliammide-evo.jpg\"><img loading=\"lazy\" decoding=\"async\" class=\"aligncenter wp-image-127924 size-full\" src=\"https:\/\/miomiorun.com\/wp-content\/uploads\/2023\/04\/bv-sport-double-poliammide-evo.jpg\" alt=\"\" width=\"568\" height=\"456\" srcset=\"https:\/\/www.miomiorun.com\/app\/uploads\/2023\/04\/bv-sport-double-poliammide-evo.jpg 568w, https:\/\/www.miomiorun.com\/app\/uploads\/2023\/04\/bv-sport-double-poliammide-evo-300x241.jpg 300w, https:\/\/www.miomiorun.com\/app\/uploads\/2023\/04\/bv-sport-double-poliammide-evo-400x321.jpg 400w, https:\/\/www.miomiorun.com\/app\/uploads\/2023\/04\/bv-sport-double-poliammide-evo-480x385.jpg 480w\" sizes=\"auto, (max-width: 568px) 100vw, 568px\" \/><\/a><\/div><\/div><div class=\"vc-column\"><div class=\"vc-column-text\"><\/p>\n<h3>Technologies :<\/h3>\n<div class=\"o-feature-callout__feature-copy\">\n<div class=\"o-feature-callout__feature-copy\">\n<div class=\"o-feature-callout__feature-copy\">\n<p class=\"title\"><strong>Syst\u00e8me Y-Sport<\/strong><\/p>\n<p>Combinaison d&#8217;un tricot stabilisateur et d&#8217;un tricot all\u00e9g\u00e9 au point de flexion de l&#8217;articulation de la cheville. Cette technique permet un ajustement optimal du positionnement de la chaussette et facilite le mouvement du pied au niveau de l&#8217;articulation de la cheville.<\/p>\n<p class=\"title\"><strong>Large bord c\u00f4te<\/strong><\/p>\n<p>Maintient efficacement la chaussette sans effet de garrot pendant l&#8217;effort.<\/p>\n<p class=\"title\"><strong>Renforcement du talon et des orteils<\/strong><\/p>\n<p>Evite les \u00e9chauffements et les frottements.<\/p>\n<p class=\"title\"><strong>Couture plate<\/strong><\/p>\n<p>Limite les frottements et les irritations plantaires. Favorise le confort pendant l&#8217;effort.<\/p>\n<p class=\"title\"><strong>Maille Airgon<\/strong><\/p>\n<p>Maille Airgon sur le dessus du pied. Acc\u00e9l\u00e8re la r\u00e9gulation thermique R\u00e9gule la temp\u00e9rature du pied pendant la course<\/p>\n<\/div>\n<\/div>\n<\/div>\n<p><\/div><\/div><\/div><\/p>\n","protected":false},"excerpt":{"rendered":"<ul>\n<li>Les zones en mesh l\u00e9ger, AIRGON, et la fibre SENSIL AQUARIUS permettent d&#8217;\u00e9vacuer la transpiration pendant les activit\u00e9s sportives.<\/li>\n<li>La pointe et le talon ont \u00e9t\u00e9 renforc\u00e9s avec la technologie Friction Free pour un confort optimal et limiter l&#8217;apparition d&#8217;ampoules.<\/li>\n<li>La chaussette est compos\u00e9e de zones renforc\u00e9es \u00e0 l&#8217;avant du pied et sous le talon pour une protection efficace du pied pendant l&#8217;effort.<\/li>\n<\/ul>\n","protected":false},"featured_media":241586,"template":"","meta":{"_acf_changed":false,"inline_featured_image":false},"product_brand":[],"product_cat":[24256,22597,22596,24482,22595],"product_tag":[23562,24174,24175],"class_list":{"0":"post-286424","1":"product","2":"type-product","3":"status-publish","4":"has-post-thumbnail","6":"product_cat-chaussettes-fr","7":"product_cat-chaussettes","8":"product_cat-vetements-pour-femmes","9":"product_cat-vetements-pour-hommes-fr","10":"product_cat-femme","11":"product_tag-bv-sport-fr","12":"product_tag-bv-sport-femme","13":"product_tag-bv-sport-homme","14":"pa_attivita-marcher","15":"pa_attivita-outdoor-fr","16":"pa_attivita-running-fr","17":"pa_attivita-trail-fr","18":"pa_colore-double-poliammide-evo-blu-rosa-fr","19":"pa_colore-double-poliammide-evo-nero-grigio-fr","20":"pa_colore-double-poliammide-evo-nero-verde-fr","21":"pa_marca-bv-sport-fr","22":"pa_sesso-femme","23":"pa_sesso-homme","24":"pa_size-36-38-fr","25":"pa_size-39-41-fr","26":"pa_size-42-44-fr","28":"first","29":"instock","30":"sale","31":"taxable","32":"shipping-taxable","33":"purchasable","34":"product-type-variable","35":"wvs-archive-product-wrapper"},"acf":[],"yoast_head":"<!-- This site is optimized with the Yoast SEO plugin v26.8 - https:\/\/yoast.com\/product\/yoast-seo-wordpress\/ -->\n<title>Bvsport Double Poliammide Evo - Chaussettes de course - MioMioRun<\/title>\n<meta name=\"description\" content=\"Double polyamide EVO de Bv Sport est une chaussette de trekking ultra-l\u00e9g\u00e8re et hyper-ventil\u00e9e. Elle se compose de deux couches, la premi\u00e8re adh\u00e8re au pied.\" \/>\n<meta name=\"robots\" content=\"index, follow, max-snippet:-1, max-image-preview:large, max-video-preview:-1\" \/>\n<link rel=\"canonical\" href=\"https:\/\/www.miomiorun.com\/fr\/produit\/double-poliammide-evo\/\" \/>\n<meta property=\"og:locale\" content=\"fr_FR\" \/>\n<meta property=\"og:type\" content=\"article\" \/>\n<meta property=\"og:title\" content=\"Bvsport Double Poliammide Evo - Chaussettes de course - MioMioRun\" \/>\n<meta property=\"og:description\" content=\"Double polyamide EVO de Bv Sport est une chaussette de trekking ultra-l\u00e9g\u00e8re et hyper-ventil\u00e9e. Elle se compose de deux couches, la premi\u00e8re adh\u00e8re au pied.\" \/>\n<meta property=\"og:url\" content=\"https:\/\/www.miomiorun.com\/fr\/produit\/double-poliammide-evo\/\" \/>\n<meta property=\"og:site_name\" content=\"MioMioRun\" \/>\n<meta property=\"article:publisher\" content=\"https:\/\/www.facebook.com\/miomiorun\/\" \/>\n<meta property=\"article:modified_time\" content=\"2025-07-01T15:44:22+00:00\" \/>\n<meta property=\"og:image\" content=\"https:\/\/www.miomiorun.com\/app\/uploads\/2023\/06\/bv-sport-double-poliammide-evo-nero-verde-243-004.jpg\" \/>\n\t<meta property=\"og:image:width\" content=\"600\" \/>\n\t<meta property=\"og:image:height\" content=\"600\" \/>\n\t<meta property=\"og:image:type\" content=\"image\/jpeg\" \/>\n<meta name=\"twitter:card\" content=\"summary_large_image\" \/>\n<meta name=\"twitter:label1\" content=\"Est. reading time\" \/>\n\t<meta name=\"twitter:data1\" content=\"2 minutes\" \/>\n<script type=\"application\/ld+json\" class=\"yoast-schema-graph\">{\"@context\":\"https:\/\/schema.org\",\"@graph\":[{\"@type\":\"WebPage\",\"@id\":\"https:\/\/www.miomiorun.com\/fr\/produit\/double-poliammide-evo\/\",\"url\":\"https:\/\/www.miomiorun.com\/fr\/produit\/double-poliammide-evo\/\",\"name\":\"Bvsport Double Poliammide Evo - Chaussettes de course - MioMioRun\",\"isPartOf\":{\"@id\":\"https:\/\/www.miomiorun.com\/fr\/#website\"},\"primaryImageOfPage\":{\"@id\":\"https:\/\/www.miomiorun.com\/fr\/produit\/double-poliammide-evo\/#primaryimage\"},\"image\":{\"@id\":\"https:\/\/www.miomiorun.com\/fr\/produit\/double-poliammide-evo\/#primaryimage\"},\"thumbnailUrl\":\"https:\/\/www.miomiorun.com\/app\/uploads\/2023\/06\/bv-sport-double-poliammide-evo-nero-verde-243-004.jpg\",\"datePublished\":\"2023-04-20T10:18:38+00:00\",\"dateModified\":\"2025-07-01T15:44:22+00:00\",\"description\":\"Double polyamide EVO de Bv Sport est une chaussette de trekking ultra-l\u00e9g\u00e8re et hyper-ventil\u00e9e. Elle se compose de deux couches, la premi\u00e8re adh\u00e8re au pied.\",\"breadcrumb\":{\"@id\":\"https:\/\/www.miomiorun.com\/fr\/produit\/double-poliammide-evo\/#breadcrumb\"},\"inLanguage\":\"fr-FR\",\"potentialAction\":[{\"@type\":\"ReadAction\",\"target\":[\"https:\/\/www.miomiorun.com\/fr\/produit\/double-poliammide-evo\/\"]}]},{\"@type\":\"ImageObject\",\"inLanguage\":\"fr-FR\",\"@id\":\"https:\/\/www.miomiorun.com\/fr\/produit\/double-poliammide-evo\/#primaryimage\",\"url\":\"https:\/\/www.miomiorun.com\/app\/uploads\/2023\/06\/bv-sport-double-poliammide-evo-nero-verde-243-004.jpg\",\"contentUrl\":\"https:\/\/www.miomiorun.com\/app\/uploads\/2023\/06\/bv-sport-double-poliammide-evo-nero-verde-243-004.jpg\",\"width\":600,\"height\":600,\"caption\":\"bv-sport-double-poliammide-evo-nero-verde-243-004\"},{\"@type\":\"BreadcrumbList\",\"@id\":\"https:\/\/www.miomiorun.com\/fr\/produit\/double-poliammide-evo\/#breadcrumb\",\"itemListElement\":[{\"@type\":\"ListItem\",\"position\":1,\"name\":\"Home\",\"item\":\"https:\/\/www.miomiorun.com\/fr\/home-page\/\"},{\"@type\":\"ListItem\",\"position\":2,\"name\":\"Shop\",\"item\":\"https:\/\/www.miomiorun.com\/shop\/\"},{\"@type\":\"ListItem\",\"position\":3,\"name\":\"Double Poliammide Evo\"}]},{\"@type\":\"WebSite\",\"@id\":\"https:\/\/www.miomiorun.com\/fr\/#website\",\"url\":\"https:\/\/www.miomiorun.com\/fr\/\",\"name\":\"MioMioRun\",\"description\":\"Boutique 100% running et trail\",\"publisher\":{\"@id\":\"https:\/\/www.miomiorun.com\/fr\/#organization\"},\"potentialAction\":[{\"@type\":\"SearchAction\",\"target\":{\"@type\":\"EntryPoint\",\"urlTemplate\":\"https:\/\/www.miomiorun.com\/fr\/?s={search_term_string}\"},\"query-input\":{\"@type\":\"PropertyValueSpecification\",\"valueRequired\":true,\"valueName\":\"search_term_string\"}}],\"inLanguage\":\"fr-FR\"},{\"@type\":\"Organization\",\"@id\":\"https:\/\/www.miomiorun.com\/fr\/#organization\",\"name\":\"MioMio Run\",\"url\":\"https:\/\/www.miomiorun.com\/fr\/\",\"logo\":{\"@type\":\"ImageObject\",\"inLanguage\":\"fr-FR\",\"@id\":\"https:\/\/www.miomiorun.com\/fr\/#\/schema\/logo\/image\/\",\"url\":\"https:\/\/www.miomiorun.com\/app\/uploads\/2019\/12\/logomio.png\",\"contentUrl\":\"https:\/\/www.miomiorun.com\/app\/uploads\/2019\/12\/logomio.png\",\"width\":115,\"height\":82,\"caption\":\"MioMio Run\"},\"image\":{\"@id\":\"https:\/\/www.miomiorun.com\/fr\/#\/schema\/logo\/image\/\"},\"sameAs\":[\"https:\/\/www.facebook.com\/miomiorun\/\",\"https:\/\/www.instagram.com\/miomiorun\/\"]}]}<\/script>\n<!-- \/ Yoast SEO plugin. -->","yoast_head_json":{"title":"Bvsport Double Poliammide Evo - Chaussettes de course - MioMioRun","description":"Double polyamide EVO de Bv Sport est une chaussette de trekking ultra-l\u00e9g\u00e8re et hyper-ventil\u00e9e. Elle se compose de deux couches, la premi\u00e8re adh\u00e8re au pied.","robots":{"index":"index","follow":"follow","max-snippet":"max-snippet:-1","max-image-preview":"max-image-preview:large","max-video-preview":"max-video-preview:-1"},"canonical":"https:\/\/www.miomiorun.com\/fr\/produit\/double-poliammide-evo\/","og_locale":"fr_FR","og_type":"article","og_title":"Bvsport Double Poliammide Evo - Chaussettes de course - MioMioRun","og_description":"Double polyamide EVO de Bv Sport est une chaussette de trekking ultra-l\u00e9g\u00e8re et hyper-ventil\u00e9e. Elle se compose de deux couches, la premi\u00e8re adh\u00e8re au pied.","og_url":"https:\/\/www.miomiorun.com\/fr\/produit\/double-poliammide-evo\/","og_site_name":"MioMioRun","article_publisher":"https:\/\/www.facebook.com\/miomiorun\/","article_modified_time":"2025-07-01T15:44:22+00:00","og_image":[{"width":600,"height":600,"url":"https:\/\/www.miomiorun.com\/app\/uploads\/2023\/06\/bv-sport-double-poliammide-evo-nero-verde-243-004.jpg","type":"image\/jpeg"}],"twitter_card":"summary_large_image","twitter_misc":{"Est. reading time":"2 minutes"},"schema":{"@context":"https:\/\/schema.org","@graph":[{"@type":"WebPage","@id":"https:\/\/www.miomiorun.com\/fr\/produit\/double-poliammide-evo\/","url":"https:\/\/www.miomiorun.com\/fr\/produit\/double-poliammide-evo\/","name":"Bvsport Double Poliammide Evo - Chaussettes de course - MioMioRun","isPartOf":{"@id":"https:\/\/www.miomiorun.com\/fr\/#website"},"primaryImageOfPage":{"@id":"https:\/\/www.miomiorun.com\/fr\/produit\/double-poliammide-evo\/#primaryimage"},"image":{"@id":"https:\/\/www.miomiorun.com\/fr\/produit\/double-poliammide-evo\/#primaryimage"},"thumbnailUrl":"https:\/\/www.miomiorun.com\/app\/uploads\/2023\/06\/bv-sport-double-poliammide-evo-nero-verde-243-004.jpg","datePublished":"2023-04-20T10:18:38+00:00","dateModified":"2025-07-01T15:44:22+00:00","description":"Double polyamide EVO de Bv Sport est une chaussette de trekking ultra-l\u00e9g\u00e8re et hyper-ventil\u00e9e. Elle se compose de deux couches, la premi\u00e8re adh\u00e8re au pied.","breadcrumb":{"@id":"https:\/\/www.miomiorun.com\/fr\/produit\/double-poliammide-evo\/#breadcrumb"},"inLanguage":"fr-FR","potentialAction":[{"@type":"ReadAction","target":["https:\/\/www.miomiorun.com\/fr\/produit\/double-poliammide-evo\/"]}]},{"@type":"ImageObject","inLanguage":"fr-FR","@id":"https:\/\/www.miomiorun.com\/fr\/produit\/double-poliammide-evo\/#primaryimage","url":"https:\/\/www.miomiorun.com\/app\/uploads\/2023\/06\/bv-sport-double-poliammide-evo-nero-verde-243-004.jpg","contentUrl":"https:\/\/www.miomiorun.com\/app\/uploads\/2023\/06\/bv-sport-double-poliammide-evo-nero-verde-243-004.jpg","width":600,"height":600,"caption":"bv-sport-double-poliammide-evo-nero-verde-243-004"},{"@type":"BreadcrumbList","@id":"https:\/\/www.miomiorun.com\/fr\/produit\/double-poliammide-evo\/#breadcrumb","itemListElement":[{"@type":"ListItem","position":1,"name":"Home","item":"https:\/\/www.miomiorun.com\/fr\/home-page\/"},{"@type":"ListItem","position":2,"name":"Shop","item":"https:\/\/www.miomiorun.com\/shop\/"},{"@type":"ListItem","position":3,"name":"Double Poliammide Evo"}]},{"@type":"WebSite","@id":"https:\/\/www.miomiorun.com\/fr\/#website","url":"https:\/\/www.miomiorun.com\/fr\/","name":"MioMioRun","description":"Boutique 100% running et trail","publisher":{"@id":"https:\/\/www.miomiorun.com\/fr\/#organization"},"potentialAction":[{"@type":"SearchAction","target":{"@type":"EntryPoint","urlTemplate":"https:\/\/www.miomiorun.com\/fr\/?s={search_term_string}"},"query-input":{"@type":"PropertyValueSpecification","valueRequired":true,"valueName":"search_term_string"}}],"inLanguage":"fr-FR"},{"@type":"Organization","@id":"https:\/\/www.miomiorun.com\/fr\/#organization","name":"MioMio Run","url":"https:\/\/www.miomiorun.com\/fr\/","logo":{"@type":"ImageObject","inLanguage":"fr-FR","@id":"https:\/\/www.miomiorun.com\/fr\/#\/schema\/logo\/image\/","url":"https:\/\/www.miomiorun.com\/app\/uploads\/2019\/12\/logomio.png","contentUrl":"https:\/\/www.miomiorun.com\/app\/uploads\/2019\/12\/logomio.png","width":115,"height":82,"caption":"MioMio Run"},"image":{"@id":"https:\/\/www.miomiorun.com\/fr\/#\/schema\/logo\/image\/"},"sameAs":["https:\/\/www.facebook.com\/miomiorun\/","https:\/\/www.instagram.com\/miomiorun\/"]}]}},"_links":{"self":[{"href":"https:\/\/www.miomiorun.com\/fr\/wp-json\/wp\/v2\/product\/286424","targetHints":{"allow":["GET"]}}],"collection":[{"href":"https:\/\/www.miomiorun.com\/fr\/wp-json\/wp\/v2\/product"}],"about":[{"href":"https:\/\/www.miomiorun.com\/fr\/wp-json\/wp\/v2\/types\/product"}],"wp:featuredmedia":[{"embeddable":true,"href":"https:\/\/www.miomiorun.com\/fr\/wp-json\/wp\/v2\/media\/241586"}],"wp:attachment":[{"href":"https:\/\/www.miomiorun.com\/fr\/wp-json\/wp\/v2\/media?parent=286424"}],"wp:term":[{"taxonomy":"product_brand","embeddable":true,"href":"https:\/\/www.miomiorun.com\/fr\/wp-json\/wp\/v2\/product_brand?post=286424"},{"taxonomy":"product_cat","embeddable":true,"href":"https:\/\/www.miomiorun.com\/fr\/wp-json\/wp\/v2\/product_cat?post=286424"},{"taxonomy":"product_tag","embeddable":true,"href":"https:\/\/www.miomiorun.com\/fr\/wp-json\/wp\/v2\/product_tag?post=286424"}],"curies":[{"name":"wp","href":"https:\/\/api.w.org\/{rel}","templated":true}]}}