{"id":286421,"date":"2023-04-20T11:36:59","date_gmt":"2023-04-20T09:36:59","guid":{"rendered":"https:\/\/miomiorun.com\/prodotto\/light-3d-ultra-pack-x2\/"},"modified":"2025-07-04T10:49:57","modified_gmt":"2025-07-04T08:49:57","slug":"light-3d-ultra-pack-x2","status":"publish","type":"product","link":"https:\/\/www.miomiorun.com\/fr\/produit\/light-3d-ultra-pack-x2\/","title":{"rendered":"Light 3d Ultra Pack X2"},"content":{"rendered":"<p><div class=\"vc-row container\"><div class=\"vc-column\"><div class=\"vc-column-text\">La chaussette de course \u00e0 pied <strong>ultra-courte Light 3D <\/strong>de <strong>Bv Sport<\/strong> est une chaussette basse technique et l\u00e9g\u00e8re avec un effet 3D au niveau de l&#8217;assise plantaire. Ce tricot 3D am\u00e9liore la proprioception lors de la course \u00e0 pied tout en maintenant un confort optimal gr\u00e2ce \u00e0 sa coupe anatomique.<\/p>\n<p>Les chaussettes de running <strong>ultra-courtes Light 3D noir\/blanc<\/strong> sont des chaussettes de running <strong>techniques<\/strong> et <strong>l\u00e9g\u00e8res<\/strong>. La semelle anatomique 3D qui compose cette chaussette permet d&#8217;activer les r\u00e9cepteurs sensoriels de la plante du pied pour am\u00e9liorer le <strong>confort<\/strong> et la <strong>proprioception<\/strong>.<\/p>\n<h3>Caract\u00e9ristiques :<\/h3>\n<ul>\n<li>La <strong>maille ventil\u00e9e<\/strong> strat\u00e9giquement situ\u00e9e sur le dessus du pied r\u00e9gule la temp\u00e9rature du pied pendant l&#8217;effort et permet l&#8217;\u00e9vacuation de la transpiration pour qu&#8217;il reste au sec. Le support \u00e9lastique sous le pied favorise le contact entre la semelle 3D et la vo\u00fbte plantaire et am\u00e9liore l&#8217;ajustement de la chaussette dans la chaussure.<\/li>\n<li>La <strong>technologie Y-SPORT SYSTEM<\/strong> prot\u00e8ge les structures sensibles de la cheville lors de la flexion. Elle respecte le mouvement du pied au niveau de l&#8217;articulation de la cheville.<\/li>\n<li>La <strong>tige basse<\/strong> permet de rester discret pendant la course.<\/li>\n<\/ul>\n<p><\/div><div style=\"height:32px\" class=\"vc-empty-space\"><\/div><\/div><\/div><div class=\"vc-row container\"><div class=\"vc-column\"><div class=\"vc-column-text\"><a href=\"https:\/\/miomiorun.com\/wp-content\/uploads\/2023\/04\/bv-sport-light-3d-ultra-corto.jpg\"><img loading=\"lazy\" decoding=\"async\" class=\"aligncenter wp-image-127900 size-full\" src=\"https:\/\/miomiorun.com\/wp-content\/uploads\/2023\/04\/bv-sport-light-3d-ultra-corto.jpg\" alt=\"\" width=\"568\" height=\"456\" srcset=\"https:\/\/www.miomiorun.com\/app\/uploads\/2023\/04\/bv-sport-light-3d-ultra-corto.jpg 568w, https:\/\/www.miomiorun.com\/app\/uploads\/2023\/04\/bv-sport-light-3d-ultra-corto-300x241.jpg 300w, https:\/\/www.miomiorun.com\/app\/uploads\/2023\/04\/bv-sport-light-3d-ultra-corto-400x321.jpg 400w, https:\/\/www.miomiorun.com\/app\/uploads\/2023\/04\/bv-sport-light-3d-ultra-corto-480x385.jpg 480w\" sizes=\"auto, (max-width: 568px) 100vw, 568px\" \/><\/a><\/div><\/div><div class=\"vc-column\"><div class=\"vc-column-text\"><\/p>\n<div class=\"product-section product-detailed-page__section product-detailed-page__section--details\">\n<div class=\"product-section__content\">\n<div class=\"product-features\">\n<h3>Technologie :<\/h3>\n<p class=\"title\"><strong>Semelle anatomique et 3D<\/strong><\/p>\n<p>Activation des r\u00e9cepteurs sensoriels de la plante du pied dans le respect de l&#8217;anatomie. Am\u00e9liore le confort et la proprioception.<\/p>\n<p class=\"title\"><strong>Maille Airgon<\/strong><\/p>\n<p>Maille Airgon sur le dessus du pied. Acc\u00e9l\u00e8re la r\u00e9gulation thermique R\u00e9gule la temp\u00e9rature du pied pendant l&#8217;exercice et permet \u00e0 la sueur de s&#8217;\u00e9vaporer.<\/p>\n<p class=\"title\"><strong>Support \u00e9lastique<\/strong><\/p>\n<p>Favorise le contact de la semelle 3D avec la vo\u00fbte plantaire. Am\u00e9liore l&#8217;ajustement de la chaussette dans la chaussure.<\/p>\n<p class=\"title\"><strong>Syst\u00e8me Y-Sport<\/strong><\/p>\n<p>Combinaison d&#8217;un tricot stabilisateur et d&#8217;un tricot all\u00e9g\u00e9 au point de flexion de l&#8217;articulation de la cheville. Cette technique permet un ajustement optimal du positionnement de la chaussette et facilite le mouvement du pied au niveau de l&#8217;articulation de la cheville.<\/p>\n<p class=\"title\"><strong>Couture plate<\/strong><\/p>\n<p>Limite les frottements et les irritations plantaires. Favorise le confort pendant l&#8217;effort.<\/p>\n<p style=\"text-align: center;\"><strong>PAQUET DE DEUX PAIRES DE CHAUSSETTES 3D ULTRA-COURTES ET L\u00c9G\u00c8RES<\/strong><\/p>\n<\/div>\n<\/div>\n<\/div>\n<p><\/div><\/div><\/div><\/p>\n","protected":false},"excerpt":{"rendered":"<ul>\n<li>\n<div class=\"description woocommerce-product-details__short-description\">\n<ul>\n<li>Le r\u00e9seau ventil\u00e9 strat\u00e9giquement situ\u00e9 sur le dessus du pied r\u00e9gule la temp\u00e9rature du pied pendant l&#8217;effort et permet l&#8217;\u00e9vacuation de la transpiration afin qu&#8217;il reste sec. Le support \u00e9lastique sous le pied favorise le contact entre la semelle 3D et la vo\u00fbte plantaire et am\u00e9liore l&#8217;ajustement de la chaussette dans la chaussure.\n<p>La technologie Y-SPORT SYSTEM prot\u00e8ge les structures sensibles de la cheville lors de la flexion. Elle respecte le mouvement du pied au niveau de l&#8217;articulation de la cheville.<\/p>\n<p>La tige basse vous permet de rester discret pendant la course.<\/p>\n<p>&nbsp;<\/li>\n<\/ul>\n<\/div>\n<\/li>\n<\/ul>\n","protected":false},"featured_media":241578,"template":"","meta":{"_acf_changed":false,"inline_featured_image":false},"product_brand":[],"product_cat":[22597,24256,22596,24482],"product_tag":[23562,24174,24175],"class_list":{"0":"post-286421","1":"product","2":"type-product","3":"status-publish","4":"has-post-thumbnail","6":"product_cat-chaussettes","7":"product_cat-chaussettes-fr","8":"product_cat-vetements-pour-femmes","9":"product_cat-vetements-pour-hommes-fr","10":"product_tag-bv-sport-fr","11":"product_tag-bv-sport-femme","12":"product_tag-bv-sport-homme","13":"pa_attivita-fitness-fr","14":"pa_attivita-marcher","15":"pa_attivita-running-fr","16":"pa_colore-light-3d-ultra-corto-x2-bianco-giallo-fr","17":"pa_colore-light-3d-ultra-corto-x2-bianco-rosa-fr","18":"pa_colore-light-3d-ultra-corto-x2-nero-bianco-fr","19":"pa_colore-light-3d-ultra-corto-x2-nero-nero-fr","20":"pa_colore-light-3d-ultra-corto-x2-nero-verde-fr","21":"pa_marca-bv-sport-fr","22":"pa_sesso-femme","23":"pa_sesso-homme","24":"pa_size-36-38-fr","25":"pa_size-39-41-fr","26":"pa_size-42-44-fr","27":"pa_size-45-47-fr","29":"first","30":"instock","31":"sale","32":"taxable","33":"shipping-taxable","34":"purchasable","35":"product-type-variable","36":"wvs-archive-product-wrapper"},"acf":[],"yoast_head":"<!-- This site is optimized with the Yoast SEO plugin v26.8 - https:\/\/yoast.com\/product\/yoast-seo-wordpress\/ -->\n<title>Bvsport Light 3d Ultra Pack X2 - Chaussettes de course - MioMioRun.com<\/title>\n<meta name=\"description\" content=\"La chaussette de course ultra-courte Light 3D de Bv Sport est une chaussette basse technique et l\u00e9g\u00e8re avec un effet 3D dans la semelle pour activer les r\u00e9cepteurs sensoriels.\" \/>\n<meta name=\"robots\" content=\"index, follow, max-snippet:-1, max-image-preview:large, max-video-preview:-1\" \/>\n<link rel=\"canonical\" href=\"https:\/\/www.miomiorun.com\/fr\/produit\/light-3d-ultra-pack-x2\/\" \/>\n<meta property=\"og:locale\" content=\"fr_FR\" \/>\n<meta property=\"og:type\" content=\"article\" \/>\n<meta property=\"og:title\" content=\"Bvsport Light 3d Ultra Pack X2 - Chaussettes de course - MioMioRun.com\" \/>\n<meta property=\"og:description\" content=\"La chaussette de course ultra-courte Light 3D de Bv Sport est une chaussette basse technique et l\u00e9g\u00e8re avec un effet 3D dans la semelle pour activer les r\u00e9cepteurs sensoriels.\" \/>\n<meta property=\"og:url\" content=\"https:\/\/www.miomiorun.com\/fr\/produit\/light-3d-ultra-pack-x2\/\" \/>\n<meta property=\"og:site_name\" content=\"MioMioRun\" \/>\n<meta property=\"article:publisher\" content=\"https:\/\/www.facebook.com\/miomiorun\/\" \/>\n<meta property=\"article:modified_time\" content=\"2025-07-04T08:49:57+00:00\" \/>\n<meta property=\"og:image\" content=\"https:\/\/www.miomiorun.com\/app\/uploads\/2023\/06\/bv-sport-light-3d-ultra-corto-x2-nero-blu-282-004.jpg\" \/>\n\t<meta property=\"og:image:width\" content=\"600\" \/>\n\t<meta property=\"og:image:height\" content=\"600\" \/>\n\t<meta property=\"og:image:type\" content=\"image\/jpeg\" \/>\n<meta name=\"twitter:card\" content=\"summary_large_image\" \/>\n<meta name=\"twitter:label1\" content=\"Est. reading time\" \/>\n\t<meta name=\"twitter:data1\" content=\"2 minutes\" \/>\n<script type=\"application\/ld+json\" class=\"yoast-schema-graph\">{\"@context\":\"https:\/\/schema.org\",\"@graph\":[{\"@type\":\"WebPage\",\"@id\":\"https:\/\/www.miomiorun.com\/fr\/produit\/light-3d-ultra-pack-x2\/\",\"url\":\"https:\/\/www.miomiorun.com\/fr\/produit\/light-3d-ultra-pack-x2\/\",\"name\":\"Bvsport Light 3d Ultra Pack X2 - Chaussettes de course - MioMioRun.com\",\"isPartOf\":{\"@id\":\"https:\/\/www.miomiorun.com\/fr\/#website\"},\"primaryImageOfPage\":{\"@id\":\"https:\/\/www.miomiorun.com\/fr\/produit\/light-3d-ultra-pack-x2\/#primaryimage\"},\"image\":{\"@id\":\"https:\/\/www.miomiorun.com\/fr\/produit\/light-3d-ultra-pack-x2\/#primaryimage\"},\"thumbnailUrl\":\"https:\/\/www.miomiorun.com\/app\/uploads\/2023\/06\/bv-sport-light-3d-ultra-corto-x2-nero-blu-282-004.jpg\",\"datePublished\":\"2023-04-20T09:36:59+00:00\",\"dateModified\":\"2025-07-04T08:49:57+00:00\",\"description\":\"La chaussette de course ultra-courte Light 3D de Bv Sport est une chaussette basse technique et l\u00e9g\u00e8re avec un effet 3D dans la semelle pour activer les r\u00e9cepteurs sensoriels.\",\"breadcrumb\":{\"@id\":\"https:\/\/www.miomiorun.com\/fr\/produit\/light-3d-ultra-pack-x2\/#breadcrumb\"},\"inLanguage\":\"fr-FR\",\"potentialAction\":[{\"@type\":\"ReadAction\",\"target\":[\"https:\/\/www.miomiorun.com\/fr\/produit\/light-3d-ultra-pack-x2\/\"]}]},{\"@type\":\"ImageObject\",\"inLanguage\":\"fr-FR\",\"@id\":\"https:\/\/www.miomiorun.com\/fr\/produit\/light-3d-ultra-pack-x2\/#primaryimage\",\"url\":\"https:\/\/www.miomiorun.com\/app\/uploads\/2023\/06\/bv-sport-light-3d-ultra-corto-x2-nero-blu-282-004.jpg\",\"contentUrl\":\"https:\/\/www.miomiorun.com\/app\/uploads\/2023\/06\/bv-sport-light-3d-ultra-corto-x2-nero-blu-282-004.jpg\",\"width\":600,\"height\":600,\"caption\":\"bv-sport-light-3d-ultra--corto-x2-nero-blu-282-004\"},{\"@type\":\"BreadcrumbList\",\"@id\":\"https:\/\/www.miomiorun.com\/fr\/produit\/light-3d-ultra-pack-x2\/#breadcrumb\",\"itemListElement\":[{\"@type\":\"ListItem\",\"position\":1,\"name\":\"Home\",\"item\":\"https:\/\/www.miomiorun.com\/fr\/home-page\/\"},{\"@type\":\"ListItem\",\"position\":2,\"name\":\"Shop\",\"item\":\"https:\/\/www.miomiorun.com\/shop\/\"},{\"@type\":\"ListItem\",\"position\":3,\"name\":\"Light 3d Ultra Pack X2\"}]},{\"@type\":\"WebSite\",\"@id\":\"https:\/\/www.miomiorun.com\/fr\/#website\",\"url\":\"https:\/\/www.miomiorun.com\/fr\/\",\"name\":\"MioMioRun\",\"description\":\"Boutique 100% running et trail\",\"publisher\":{\"@id\":\"https:\/\/www.miomiorun.com\/fr\/#organization\"},\"potentialAction\":[{\"@type\":\"SearchAction\",\"target\":{\"@type\":\"EntryPoint\",\"urlTemplate\":\"https:\/\/www.miomiorun.com\/fr\/?s={search_term_string}\"},\"query-input\":{\"@type\":\"PropertyValueSpecification\",\"valueRequired\":true,\"valueName\":\"search_term_string\"}}],\"inLanguage\":\"fr-FR\"},{\"@type\":\"Organization\",\"@id\":\"https:\/\/www.miomiorun.com\/fr\/#organization\",\"name\":\"MioMio Run\",\"url\":\"https:\/\/www.miomiorun.com\/fr\/\",\"logo\":{\"@type\":\"ImageObject\",\"inLanguage\":\"fr-FR\",\"@id\":\"https:\/\/www.miomiorun.com\/fr\/#\/schema\/logo\/image\/\",\"url\":\"https:\/\/www.miomiorun.com\/app\/uploads\/2019\/12\/logomio.png\",\"contentUrl\":\"https:\/\/www.miomiorun.com\/app\/uploads\/2019\/12\/logomio.png\",\"width\":115,\"height\":82,\"caption\":\"MioMio Run\"},\"image\":{\"@id\":\"https:\/\/www.miomiorun.com\/fr\/#\/schema\/logo\/image\/\"},\"sameAs\":[\"https:\/\/www.facebook.com\/miomiorun\/\",\"https:\/\/www.instagram.com\/miomiorun\/\"]}]}<\/script>\n<!-- \/ Yoast SEO plugin. -->","yoast_head_json":{"title":"Bvsport Light 3d Ultra Pack X2 - Chaussettes de course - MioMioRun.com","description":"La chaussette de course ultra-courte Light 3D de Bv Sport est une chaussette basse technique et l\u00e9g\u00e8re avec un effet 3D dans la semelle pour activer les r\u00e9cepteurs sensoriels.","robots":{"index":"index","follow":"follow","max-snippet":"max-snippet:-1","max-image-preview":"max-image-preview:large","max-video-preview":"max-video-preview:-1"},"canonical":"https:\/\/www.miomiorun.com\/fr\/produit\/light-3d-ultra-pack-x2\/","og_locale":"fr_FR","og_type":"article","og_title":"Bvsport Light 3d Ultra Pack X2 - Chaussettes de course - MioMioRun.com","og_description":"La chaussette de course ultra-courte Light 3D de Bv Sport est une chaussette basse technique et l\u00e9g\u00e8re avec un effet 3D dans la semelle pour activer les r\u00e9cepteurs sensoriels.","og_url":"https:\/\/www.miomiorun.com\/fr\/produit\/light-3d-ultra-pack-x2\/","og_site_name":"MioMioRun","article_publisher":"https:\/\/www.facebook.com\/miomiorun\/","article_modified_time":"2025-07-04T08:49:57+00:00","og_image":[{"width":600,"height":600,"url":"https:\/\/www.miomiorun.com\/app\/uploads\/2023\/06\/bv-sport-light-3d-ultra-corto-x2-nero-blu-282-004.jpg","type":"image\/jpeg"}],"twitter_card":"summary_large_image","twitter_misc":{"Est. reading time":"2 minutes"},"schema":{"@context":"https:\/\/schema.org","@graph":[{"@type":"WebPage","@id":"https:\/\/www.miomiorun.com\/fr\/produit\/light-3d-ultra-pack-x2\/","url":"https:\/\/www.miomiorun.com\/fr\/produit\/light-3d-ultra-pack-x2\/","name":"Bvsport Light 3d Ultra Pack X2 - Chaussettes de course - MioMioRun.com","isPartOf":{"@id":"https:\/\/www.miomiorun.com\/fr\/#website"},"primaryImageOfPage":{"@id":"https:\/\/www.miomiorun.com\/fr\/produit\/light-3d-ultra-pack-x2\/#primaryimage"},"image":{"@id":"https:\/\/www.miomiorun.com\/fr\/produit\/light-3d-ultra-pack-x2\/#primaryimage"},"thumbnailUrl":"https:\/\/www.miomiorun.com\/app\/uploads\/2023\/06\/bv-sport-light-3d-ultra-corto-x2-nero-blu-282-004.jpg","datePublished":"2023-04-20T09:36:59+00:00","dateModified":"2025-07-04T08:49:57+00:00","description":"La chaussette de course ultra-courte Light 3D de Bv Sport est une chaussette basse technique et l\u00e9g\u00e8re avec un effet 3D dans la semelle pour activer les r\u00e9cepteurs sensoriels.","breadcrumb":{"@id":"https:\/\/www.miomiorun.com\/fr\/produit\/light-3d-ultra-pack-x2\/#breadcrumb"},"inLanguage":"fr-FR","potentialAction":[{"@type":"ReadAction","target":["https:\/\/www.miomiorun.com\/fr\/produit\/light-3d-ultra-pack-x2\/"]}]},{"@type":"ImageObject","inLanguage":"fr-FR","@id":"https:\/\/www.miomiorun.com\/fr\/produit\/light-3d-ultra-pack-x2\/#primaryimage","url":"https:\/\/www.miomiorun.com\/app\/uploads\/2023\/06\/bv-sport-light-3d-ultra-corto-x2-nero-blu-282-004.jpg","contentUrl":"https:\/\/www.miomiorun.com\/app\/uploads\/2023\/06\/bv-sport-light-3d-ultra-corto-x2-nero-blu-282-004.jpg","width":600,"height":600,"caption":"bv-sport-light-3d-ultra--corto-x2-nero-blu-282-004"},{"@type":"BreadcrumbList","@id":"https:\/\/www.miomiorun.com\/fr\/produit\/light-3d-ultra-pack-x2\/#breadcrumb","itemListElement":[{"@type":"ListItem","position":1,"name":"Home","item":"https:\/\/www.miomiorun.com\/fr\/home-page\/"},{"@type":"ListItem","position":2,"name":"Shop","item":"https:\/\/www.miomiorun.com\/shop\/"},{"@type":"ListItem","position":3,"name":"Light 3d Ultra Pack X2"}]},{"@type":"WebSite","@id":"https:\/\/www.miomiorun.com\/fr\/#website","url":"https:\/\/www.miomiorun.com\/fr\/","name":"MioMioRun","description":"Boutique 100% running et trail","publisher":{"@id":"https:\/\/www.miomiorun.com\/fr\/#organization"},"potentialAction":[{"@type":"SearchAction","target":{"@type":"EntryPoint","urlTemplate":"https:\/\/www.miomiorun.com\/fr\/?s={search_term_string}"},"query-input":{"@type":"PropertyValueSpecification","valueRequired":true,"valueName":"search_term_string"}}],"inLanguage":"fr-FR"},{"@type":"Organization","@id":"https:\/\/www.miomiorun.com\/fr\/#organization","name":"MioMio Run","url":"https:\/\/www.miomiorun.com\/fr\/","logo":{"@type":"ImageObject","inLanguage":"fr-FR","@id":"https:\/\/www.miomiorun.com\/fr\/#\/schema\/logo\/image\/","url":"https:\/\/www.miomiorun.com\/app\/uploads\/2019\/12\/logomio.png","contentUrl":"https:\/\/www.miomiorun.com\/app\/uploads\/2019\/12\/logomio.png","width":115,"height":82,"caption":"MioMio Run"},"image":{"@id":"https:\/\/www.miomiorun.com\/fr\/#\/schema\/logo\/image\/"},"sameAs":["https:\/\/www.facebook.com\/miomiorun\/","https:\/\/www.instagram.com\/miomiorun\/"]}]}},"_links":{"self":[{"href":"https:\/\/www.miomiorun.com\/fr\/wp-json\/wp\/v2\/product\/286421","targetHints":{"allow":["GET"]}}],"collection":[{"href":"https:\/\/www.miomiorun.com\/fr\/wp-json\/wp\/v2\/product"}],"about":[{"href":"https:\/\/www.miomiorun.com\/fr\/wp-json\/wp\/v2\/types\/product"}],"wp:featuredmedia":[{"embeddable":true,"href":"https:\/\/www.miomiorun.com\/fr\/wp-json\/wp\/v2\/media\/241578"}],"wp:attachment":[{"href":"https:\/\/www.miomiorun.com\/fr\/wp-json\/wp\/v2\/media?parent=286421"}],"wp:term":[{"taxonomy":"product_brand","embeddable":true,"href":"https:\/\/www.miomiorun.com\/fr\/wp-json\/wp\/v2\/product_brand?post=286421"},{"taxonomy":"product_cat","embeddable":true,"href":"https:\/\/www.miomiorun.com\/fr\/wp-json\/wp\/v2\/product_cat?post=286421"},{"taxonomy":"product_tag","embeddable":true,"href":"https:\/\/www.miomiorun.com\/fr\/wp-json\/wp\/v2\/product_tag?post=286421"}],"curies":[{"name":"wp","href":"https:\/\/api.w.org\/{rel}","templated":true}]}}