{"id":286405,"date":"2023-04-20T16:25:50","date_gmt":"2023-04-20T14:25:50","guid":{"rendered":"https:\/\/miomiorun.com\/prodotto\/run-elite\/"},"modified":"2026-05-08T21:44:21","modified_gmt":"2026-05-08T19:44:21","slug":"run-elite","status":"publish","type":"product","link":"https:\/\/www.miomiorun.com\/fr\/produit\/run-elite\/","title":{"rendered":"Run Elite"},"content":{"rendered":"<p><div class=\"vc-row container\"><div class=\"vc-column\"><div class=\"vc-column-text\">Fabriqu\u00e9es en France, les chaussettes de running <strong>Bv Sport RUN ELITE <\/strong> sont techniques, r\u00e9sistantes, confortables et renforc\u00e9es. Sp\u00e9cifiquement con\u00e7ues et adapt\u00e9es \u00e0 la pratique de la course \u00e0 pied sur toutes distances, ces chaussettes mi-basses sont dot\u00e9es d&#8217;une maille respirante permettant d&#8217;\u00e9vacuer rapidement la transpiration pour rester au frais et au sec lors des sorties.<\/p>\n<p>Elles sont dot\u00e9es d&#8217;une <strong>semelle technique anatomique 3D, de<\/strong> renforts cibl\u00e9s aux points strat\u00e9giques du pied et d&#8217;une maille stabilisatrice au niveau de la cheville pour un confort optimal lors de vos sorties.<\/p>\n<p>Con\u00e7ues pour la course \u00e0 pied sur toutes distances, les chaussettes courtes RUN ELITE de fabrication fran\u00e7aise sont confortables, r\u00e9sistantes, techniques et ultra-renforc\u00e9es.<\/p>\n<h3>Caract\u00e9ristiques :<\/h3>\n<ul>\n<li>Elles sont dot\u00e9es d&#8217;une semelle technique anatomique en 3D inspir\u00e9e des pneus de voiture. Cette semelle sp\u00e9cifique am\u00e9liore la stabilit\u00e9 du pied dans la chaussure en le prot\u00e9geant des chocs lors des impacts avec le sol.<\/li>\n<li>Le maintien et la stabilisation \u00e0 360\u00b0 du pied et de la cheville maintiennent la cheville et stabilisent le pied dans la chaussure.<\/li>\n<li>La RUN ELITE poss\u00e8de des renforts cibl\u00e9s sur les zones d&#8217;\u00e9chauffement ou les contacts strat\u00e9giques tr\u00e8s sollicit\u00e9s sur route ou sur sentier : le tendon d&#8217;Achille, le point de la\u00e7age, le talon et la pointe.<\/li>\n<li>Le mesh l\u00e9ger en nid d&#8217;abeille permet d&#8217;\u00e9vacuer la transpiration tout au long de l&#8217;effort pour rester au sec le plus longtemps possible.<\/li>\n<li>Le large bord-c\u00f4te \u00e9vite l&#8217;effet garrot, tout en maintenant efficacement la chaussette en place.<\/li>\n<li>Les chaussettes basses RUN ELITE ont des coutures plates pour limiter les frottements et les irritations plantaires. Elles sont \u00e9galement asym\u00e9triques pour s&#8217;adapter parfaitement \u00e0 l&#8217;anatomie plantaire.<\/li>\n<\/ul>\n<p><\/div><\/div><\/div><div class=\"vc-row container\"><div class=\"vc-column\"><div class=\"vc-column-text\"><a href=\"https:\/\/miomiorun.com\/wp-content\/uploads\/2023\/04\/bv-sport-run-elite.jpg\"><img loading=\"lazy\" decoding=\"async\" class=\"size-full wp-image-127940 aligncenter\" src=\"https:\/\/miomiorun.com\/wp-content\/uploads\/2023\/04\/bv-sport-run-elite.jpg\" alt=\"\" width=\"568\" height=\"456\" srcset=\"https:\/\/www.miomiorun.com\/app\/uploads\/2023\/04\/bv-sport-run-elite.jpg 568w, https:\/\/www.miomiorun.com\/app\/uploads\/2023\/04\/bv-sport-run-elite-300x241.jpg 300w, https:\/\/www.miomiorun.com\/app\/uploads\/2023\/04\/bv-sport-run-elite-400x321.jpg 400w, https:\/\/www.miomiorun.com\/app\/uploads\/2023\/04\/bv-sport-run-elite-480x385.jpg 480w\" sizes=\"auto, (max-width: 568px) 100vw, 568px\" \/><\/a><\/div><\/div><div class=\"vc-column\"><div class=\"vc-column-text\"><\/p>\n<h3>Technologie :<\/h3>\n<p class=\"title\"><strong>Semelle anatomique renforc\u00e9e en 3D<\/strong><\/p>\n<p>Technique : Combinaison de 2 types de mailles (\u00e9paisse et fine) avec tissage curl int\u00e9gr\u00e9.<\/p>\n<p>Action : Prot\u00e8ge les zones de contact, optimise la proprioception et am\u00e9liore la stabilisation du pied.<\/p>\n<p>B\u00e9n\u00e9fices : R\u00e9duit les frottements et l&#8217;\u00e9chauffement de la semelle.<\/p>\n<p class=\"title\"><strong>Soutien et stabilisation \u00e0 360\u00b0 du pied et de la cheville.<\/strong><\/p>\n<p>Technique : Maille c\u00f4tel\u00e9e positionn\u00e9e au niveau de l&#8217;articulation de la cheville.<\/p>\n<p>Action : Maintient et stabilise la cheville sans la comprimer.<\/p>\n<p>B\u00e9n\u00e9fices : Maintien optimal de la cheville pendant la foul\u00e9e.<\/p>\n<p class=\"title\"><strong>Protection du tendon d&#8217;Achille<\/strong><\/p>\n<p>Technique : Maille annulaire situ\u00e9e au niveau du tendon d&#8217;Achille.<\/p>\n<p>Action : Prot\u00e8ge les structures sensibles et absorbe les chocs.<\/p>\n<p>B\u00e9n\u00e9fices : Protection cibl\u00e9e.<\/p>\n<p class=\"title\"><strong>Maille a\u00e9r\u00e9e<\/strong><\/p>\n<p>Technique : Maille alv\u00e9ol\u00e9e l\u00e9g\u00e8re sur le dessus du pied.<\/p>\n<p>Action : Acc\u00e9l\u00e8re la r\u00e9gulation thermique. Ventilation optimale.<\/p>\n<p>B\u00e9n\u00e9fices : Evacue efficacement la transpiration.<\/p>\n<p class=\"title\"><strong>Renfort talon et pointe<\/strong><\/p>\n<p>Technique : Maille sans frottement au niveau des orteils et du talon.<\/p>\n<p>Action : Limite l&#8217;\u00e9chauffement et les frottements aux extr\u00e9mit\u00e9s du pied.<\/p>\n<p>B\u00e9n\u00e9fices : Am\u00e9liore le confort et limite l&#8217;apparition d&#8217;ampoules.<\/p>\n<p class=\"title\"><strong>Renforcement au niveau du la\u00e7age<\/strong><\/p>\n<p>Technique : Tissage boucl\u00e9.<\/p>\n<p>Action : Limite l&#8217;\u00e9chauffement du dessus du pied au contact de la zone de la\u00e7age et de la languette de la chaussure.<\/p>\n<p>B\u00e9n\u00e9fice : Am\u00e9liore le confort et limite les pressions dues au la\u00e7age.<\/p>\n<p class=\"title\"><strong>Bord c\u00f4te large<\/strong><\/p>\n<p>Technique : Bande de d\u00e9charge sur le bord sup\u00e9rieur de la chaussette.<\/p>\n<p>Action : Maintient efficacement la chaussette sans effet de garrot.<\/p>\n<p>B\u00e9n\u00e9fices : Am\u00e9liore la r\u00e9tention de la tige.<\/div><\/div><\/div><\/p>\n","protected":false},"excerpt":{"rendered":"<ul>\n<li>Elles sont dot\u00e9es d&#8217;une semelle anatomique 3D technique inspir\u00e9e des pneus de voiture. Cette semelle sp\u00e9cifique am\u00e9liore la stabilit\u00e9 du pied dans la chaussure en le prot\u00e9geant des chocs lors des impacts au sol.<\/li>\n<li>Le maintien et la stabilisation \u00e0 360\u00b0 du pied et de la cheville permettent de maintenir la cheville et de stabiliser le pied dans la chaussure.<\/li>\n<li>La RUN ELITE est dot\u00e9e de renforts cibl\u00e9s aux zones de contact ou d&#8217;\u00e9chauffement strat\u00e9giques, fortement sollicit\u00e9es sur route ou sentier : le tendon d&#8217;Achille, le point de la\u00e7age, le talon et la pointe.<\/li>\n<\/ul>\n","protected":false},"featured_media":241594,"template":"","meta":{"_acf_changed":false,"inline_featured_image":false},"product_brand":[],"product_cat":[22597,24256,22596,24482],"product_tag":[23562,24174,24175],"class_list":{"0":"post-286405","1":"product","2":"type-product","3":"status-publish","4":"has-post-thumbnail","6":"product_cat-chaussettes","7":"product_cat-chaussettes-fr","8":"product_cat-vetements-pour-femmes","9":"product_cat-vetements-pour-hommes-fr","10":"product_tag-bv-sport-fr","11":"product_tag-bv-sport-femme","12":"product_tag-bv-sport-homme","13":"pa_attivita-marcher","14":"pa_attivita-running-fr","15":"pa_colore-run-elite-blu-giallo-fr","16":"pa_colore-run-elite-indigo-fr","17":"pa_colore-run-elite-nero-grigio-fr","18":"pa_colore-run-elite-verde-grigio-fr","19":"pa_marca-bv-sport-fr","20":"pa_sesso-femme","21":"pa_sesso-homme","22":"pa_size-36-38-fr","23":"pa_size-39-41-fr","24":"pa_size-42-44-fr","25":"pa_size-45-47-fr","27":"first","28":"instock","29":"sale","30":"taxable","31":"shipping-taxable","32":"purchasable","33":"product-type-variable","34":"wvs-archive-product-wrapper"},"acf":[],"yoast_head":"<!-- This site is optimized with the Yoast SEO plugin v26.8 - https:\/\/yoast.com\/product\/yoast-seo-wordpress\/ -->\n<title>Bv Sport Run Elite - Chaussettes de course- MioMioRun.com<\/title>\n<meta name=\"description\" content=\"Les chaussettes de course \u00e0 pied Bv Sport RUN ELITE sont techniques, durables, confortables et renforc\u00e9es. Sp\u00e9cifiquement con\u00e7ues et adapt\u00e9es pour la course \u00e0 pied\" \/>\n<meta name=\"robots\" content=\"index, follow, max-snippet:-1, max-image-preview:large, max-video-preview:-1\" \/>\n<link rel=\"canonical\" href=\"https:\/\/www.miomiorun.com\/fr\/produit\/run-elite\/\" \/>\n<meta property=\"og:locale\" content=\"fr_FR\" \/>\n<meta property=\"og:type\" content=\"article\" \/>\n<meta property=\"og:title\" content=\"Bv Sport Run Elite - Chaussettes de course- MioMioRun.com\" \/>\n<meta property=\"og:description\" content=\"Les chaussettes de course \u00e0 pied Bv Sport RUN ELITE sont techniques, durables, confortables et renforc\u00e9es. Sp\u00e9cifiquement con\u00e7ues et adapt\u00e9es pour la course \u00e0 pied\" \/>\n<meta property=\"og:url\" content=\"https:\/\/www.miomiorun.com\/fr\/produit\/run-elite\/\" \/>\n<meta property=\"og:site_name\" content=\"MioMioRun\" \/>\n<meta property=\"article:publisher\" content=\"https:\/\/www.facebook.com\/miomiorun\/\" \/>\n<meta property=\"article:modified_time\" content=\"2026-05-08T19:44:21+00:00\" \/>\n<meta property=\"og:image\" content=\"https:\/\/www.miomiorun.com\/app\/uploads\/2023\/06\/bv-sport-run-elite-verde-grigio-293-008.jpg\" \/>\n\t<meta property=\"og:image:width\" content=\"600\" \/>\n\t<meta property=\"og:image:height\" content=\"600\" \/>\n\t<meta property=\"og:image:type\" content=\"image\/jpeg\" \/>\n<meta name=\"twitter:card\" content=\"summary_large_image\" \/>\n<meta name=\"twitter:label1\" content=\"Est. reading time\" \/>\n\t<meta name=\"twitter:data1\" content=\"3 minutes\" \/>\n<script type=\"application\/ld+json\" class=\"yoast-schema-graph\">{\"@context\":\"https:\/\/schema.org\",\"@graph\":[{\"@type\":\"WebPage\",\"@id\":\"https:\/\/www.miomiorun.com\/fr\/produit\/run-elite\/\",\"url\":\"https:\/\/www.miomiorun.com\/fr\/produit\/run-elite\/\",\"name\":\"Bv Sport Run Elite - Chaussettes de course- MioMioRun.com\",\"isPartOf\":{\"@id\":\"https:\/\/www.miomiorun.com\/fr\/#website\"},\"primaryImageOfPage\":{\"@id\":\"https:\/\/www.miomiorun.com\/fr\/produit\/run-elite\/#primaryimage\"},\"image\":{\"@id\":\"https:\/\/www.miomiorun.com\/fr\/produit\/run-elite\/#primaryimage\"},\"thumbnailUrl\":\"https:\/\/www.miomiorun.com\/app\/uploads\/2023\/06\/bv-sport-run-elite-verde-grigio-293-008.jpg\",\"datePublished\":\"2023-04-20T14:25:50+00:00\",\"dateModified\":\"2026-05-08T19:44:21+00:00\",\"description\":\"Les chaussettes de course \u00e0 pied Bv Sport RUN ELITE sont techniques, durables, confortables et renforc\u00e9es. Sp\u00e9cifiquement con\u00e7ues et adapt\u00e9es pour la course \u00e0 pied\",\"breadcrumb\":{\"@id\":\"https:\/\/www.miomiorun.com\/fr\/produit\/run-elite\/#breadcrumb\"},\"inLanguage\":\"fr-FR\",\"potentialAction\":[{\"@type\":\"ReadAction\",\"target\":[\"https:\/\/www.miomiorun.com\/fr\/produit\/run-elite\/\"]}]},{\"@type\":\"ImageObject\",\"inLanguage\":\"fr-FR\",\"@id\":\"https:\/\/www.miomiorun.com\/fr\/produit\/run-elite\/#primaryimage\",\"url\":\"https:\/\/www.miomiorun.com\/app\/uploads\/2023\/06\/bv-sport-run-elite-verde-grigio-293-008.jpg\",\"contentUrl\":\"https:\/\/www.miomiorun.com\/app\/uploads\/2023\/06\/bv-sport-run-elite-verde-grigio-293-008.jpg\",\"width\":600,\"height\":600,\"caption\":\"bv-sport-run-elite-verde-grigio-293-008\"},{\"@type\":\"BreadcrumbList\",\"@id\":\"https:\/\/www.miomiorun.com\/fr\/produit\/run-elite\/#breadcrumb\",\"itemListElement\":[{\"@type\":\"ListItem\",\"position\":1,\"name\":\"Home\",\"item\":\"https:\/\/www.miomiorun.com\/fr\/home-page\/\"},{\"@type\":\"ListItem\",\"position\":2,\"name\":\"Shop\",\"item\":\"https:\/\/www.miomiorun.com\/shop\/\"},{\"@type\":\"ListItem\",\"position\":3,\"name\":\"Run Elite\"}]},{\"@type\":\"WebSite\",\"@id\":\"https:\/\/www.miomiorun.com\/fr\/#website\",\"url\":\"https:\/\/www.miomiorun.com\/fr\/\",\"name\":\"MioMioRun\",\"description\":\"Boutique 100% running et trail\",\"publisher\":{\"@id\":\"https:\/\/www.miomiorun.com\/fr\/#organization\"},\"potentialAction\":[{\"@type\":\"SearchAction\",\"target\":{\"@type\":\"EntryPoint\",\"urlTemplate\":\"https:\/\/www.miomiorun.com\/fr\/?s={search_term_string}\"},\"query-input\":{\"@type\":\"PropertyValueSpecification\",\"valueRequired\":true,\"valueName\":\"search_term_string\"}}],\"inLanguage\":\"fr-FR\"},{\"@type\":\"Organization\",\"@id\":\"https:\/\/www.miomiorun.com\/fr\/#organization\",\"name\":\"MioMio Run\",\"url\":\"https:\/\/www.miomiorun.com\/fr\/\",\"logo\":{\"@type\":\"ImageObject\",\"inLanguage\":\"fr-FR\",\"@id\":\"https:\/\/www.miomiorun.com\/fr\/#\/schema\/logo\/image\/\",\"url\":\"https:\/\/www.miomiorun.com\/app\/uploads\/2019\/12\/logomio.png\",\"contentUrl\":\"https:\/\/www.miomiorun.com\/app\/uploads\/2019\/12\/logomio.png\",\"width\":115,\"height\":82,\"caption\":\"MioMio Run\"},\"image\":{\"@id\":\"https:\/\/www.miomiorun.com\/fr\/#\/schema\/logo\/image\/\"},\"sameAs\":[\"https:\/\/www.facebook.com\/miomiorun\/\",\"https:\/\/www.instagram.com\/miomiorun\/\"]}]}<\/script>\n<!-- \/ Yoast SEO plugin. -->","yoast_head_json":{"title":"Bv Sport Run Elite - Chaussettes de course- MioMioRun.com","description":"Les chaussettes de course \u00e0 pied Bv Sport RUN ELITE sont techniques, durables, confortables et renforc\u00e9es. Sp\u00e9cifiquement con\u00e7ues et adapt\u00e9es pour la course \u00e0 pied","robots":{"index":"index","follow":"follow","max-snippet":"max-snippet:-1","max-image-preview":"max-image-preview:large","max-video-preview":"max-video-preview:-1"},"canonical":"https:\/\/www.miomiorun.com\/fr\/produit\/run-elite\/","og_locale":"fr_FR","og_type":"article","og_title":"Bv Sport Run Elite - Chaussettes de course- MioMioRun.com","og_description":"Les chaussettes de course \u00e0 pied Bv Sport RUN ELITE sont techniques, durables, confortables et renforc\u00e9es. Sp\u00e9cifiquement con\u00e7ues et adapt\u00e9es pour la course \u00e0 pied","og_url":"https:\/\/www.miomiorun.com\/fr\/produit\/run-elite\/","og_site_name":"MioMioRun","article_publisher":"https:\/\/www.facebook.com\/miomiorun\/","article_modified_time":"2026-05-08T19:44:21+00:00","og_image":[{"width":600,"height":600,"url":"https:\/\/www.miomiorun.com\/app\/uploads\/2023\/06\/bv-sport-run-elite-verde-grigio-293-008.jpg","type":"image\/jpeg"}],"twitter_card":"summary_large_image","twitter_misc":{"Est. reading time":"3 minutes"},"schema":{"@context":"https:\/\/schema.org","@graph":[{"@type":"WebPage","@id":"https:\/\/www.miomiorun.com\/fr\/produit\/run-elite\/","url":"https:\/\/www.miomiorun.com\/fr\/produit\/run-elite\/","name":"Bv Sport Run Elite - Chaussettes de course- MioMioRun.com","isPartOf":{"@id":"https:\/\/www.miomiorun.com\/fr\/#website"},"primaryImageOfPage":{"@id":"https:\/\/www.miomiorun.com\/fr\/produit\/run-elite\/#primaryimage"},"image":{"@id":"https:\/\/www.miomiorun.com\/fr\/produit\/run-elite\/#primaryimage"},"thumbnailUrl":"https:\/\/www.miomiorun.com\/app\/uploads\/2023\/06\/bv-sport-run-elite-verde-grigio-293-008.jpg","datePublished":"2023-04-20T14:25:50+00:00","dateModified":"2026-05-08T19:44:21+00:00","description":"Les chaussettes de course \u00e0 pied Bv Sport RUN ELITE sont techniques, durables, confortables et renforc\u00e9es. Sp\u00e9cifiquement con\u00e7ues et adapt\u00e9es pour la course \u00e0 pied","breadcrumb":{"@id":"https:\/\/www.miomiorun.com\/fr\/produit\/run-elite\/#breadcrumb"},"inLanguage":"fr-FR","potentialAction":[{"@type":"ReadAction","target":["https:\/\/www.miomiorun.com\/fr\/produit\/run-elite\/"]}]},{"@type":"ImageObject","inLanguage":"fr-FR","@id":"https:\/\/www.miomiorun.com\/fr\/produit\/run-elite\/#primaryimage","url":"https:\/\/www.miomiorun.com\/app\/uploads\/2023\/06\/bv-sport-run-elite-verde-grigio-293-008.jpg","contentUrl":"https:\/\/www.miomiorun.com\/app\/uploads\/2023\/06\/bv-sport-run-elite-verde-grigio-293-008.jpg","width":600,"height":600,"caption":"bv-sport-run-elite-verde-grigio-293-008"},{"@type":"BreadcrumbList","@id":"https:\/\/www.miomiorun.com\/fr\/produit\/run-elite\/#breadcrumb","itemListElement":[{"@type":"ListItem","position":1,"name":"Home","item":"https:\/\/www.miomiorun.com\/fr\/home-page\/"},{"@type":"ListItem","position":2,"name":"Shop","item":"https:\/\/www.miomiorun.com\/shop\/"},{"@type":"ListItem","position":3,"name":"Run Elite"}]},{"@type":"WebSite","@id":"https:\/\/www.miomiorun.com\/fr\/#website","url":"https:\/\/www.miomiorun.com\/fr\/","name":"MioMioRun","description":"Boutique 100% running et trail","publisher":{"@id":"https:\/\/www.miomiorun.com\/fr\/#organization"},"potentialAction":[{"@type":"SearchAction","target":{"@type":"EntryPoint","urlTemplate":"https:\/\/www.miomiorun.com\/fr\/?s={search_term_string}"},"query-input":{"@type":"PropertyValueSpecification","valueRequired":true,"valueName":"search_term_string"}}],"inLanguage":"fr-FR"},{"@type":"Organization","@id":"https:\/\/www.miomiorun.com\/fr\/#organization","name":"MioMio Run","url":"https:\/\/www.miomiorun.com\/fr\/","logo":{"@type":"ImageObject","inLanguage":"fr-FR","@id":"https:\/\/www.miomiorun.com\/fr\/#\/schema\/logo\/image\/","url":"https:\/\/www.miomiorun.com\/app\/uploads\/2019\/12\/logomio.png","contentUrl":"https:\/\/www.miomiorun.com\/app\/uploads\/2019\/12\/logomio.png","width":115,"height":82,"caption":"MioMio Run"},"image":{"@id":"https:\/\/www.miomiorun.com\/fr\/#\/schema\/logo\/image\/"},"sameAs":["https:\/\/www.facebook.com\/miomiorun\/","https:\/\/www.instagram.com\/miomiorun\/"]}]}},"_links":{"self":[{"href":"https:\/\/www.miomiorun.com\/fr\/wp-json\/wp\/v2\/product\/286405","targetHints":{"allow":["GET"]}}],"collection":[{"href":"https:\/\/www.miomiorun.com\/fr\/wp-json\/wp\/v2\/product"}],"about":[{"href":"https:\/\/www.miomiorun.com\/fr\/wp-json\/wp\/v2\/types\/product"}],"wp:featuredmedia":[{"embeddable":true,"href":"https:\/\/www.miomiorun.com\/fr\/wp-json\/wp\/v2\/media\/241594"}],"wp:attachment":[{"href":"https:\/\/www.miomiorun.com\/fr\/wp-json\/wp\/v2\/media?parent=286405"}],"wp:term":[{"taxonomy":"product_brand","embeddable":true,"href":"https:\/\/www.miomiorun.com\/fr\/wp-json\/wp\/v2\/product_brand?post=286405"},{"taxonomy":"product_cat","embeddable":true,"href":"https:\/\/www.miomiorun.com\/fr\/wp-json\/wp\/v2\/product_cat?post=286405"},{"taxonomy":"product_tag","embeddable":true,"href":"https:\/\/www.miomiorun.com\/fr\/wp-json\/wp\/v2\/product_tag?post=286405"}],"curies":[{"name":"wp","href":"https:\/\/api.w.org\/{rel}","templated":true}]}}