{"id":286393,"date":"2023-04-20T17:18:14","date_gmt":"2023-04-20T15:18:14","guid":{"rendered":"https:\/\/miomiorun.com\/prodotto\/booster-elite-evo-2\/"},"modified":"2025-06-30T17:04:28","modified_gmt":"2025-06-30T15:04:28","slug":"booster-elite-evo-2","status":"publish","type":"product","link":"https:\/\/www.miomiorun.com\/fr\/produit\/booster-elite-evo-2\/","title":{"rendered":"Booster Elite Evo 2"},"content":{"rendered":"<p>Cette botte de compression <strong>Booster EVO2<\/strong> est con\u00e7ue sur la base de diff\u00e9rents types de liens \u00e0 rigidit\u00e9 variable (ultra-l\u00e9ger\/l\u00e9ger\/semi-rigide\/rigide) qui exercent des pressions sp\u00e9cifiques au niveau du mollet, du tibia et de la cheville.<\/p>\n<p><strong>Le SHOCKWAVE EFFECT<\/strong>, principale innovation pr\u00e9sente sur l&#8217;ensemble de la BOOSTER Elite EVO2, r\u00e9duit jusqu&#8217;\u00e0 42% les vibrations et les oscillations musculaires cr\u00e9\u00e9es lors de l&#8217;impact des pieds sur le sol et de 39% les douleurs musculaires post-stress.<\/p>\n<p>Port\u00e9 en permanence, le <strong>BOOSTER Elite Evo2<\/strong> \u00e9vite les lourdeurs de jambes, retarde le seuil de fatigue, diminue la douleur, r\u00e9duit consid\u00e9rablement le risque de plaies et de blessures musculaires et pr\u00e9pare l&#8217;athl\u00e8te \u00e0 une r\u00e9cup\u00e9ration post-sportive optimale.<\/p>\n<h3>Utilisation :<\/h3>\n<ul>\n<li>Le BOOSTER ELITE est asym\u00e9trique. Veillez \u00e0 placer le logo BVSPORT sur le devant, sous la rotule, et le logo BOOSTER sur l&#8217;ext\u00e9rieur du mollet.<\/li>\n<li>Lavage \u00e0 la main ou en machine \u00e0 30\u00b0 maximum. S\u00e9chage naturel. Ne pas s\u00e9cher sur des radiateurs ou dans des s\u00e9choirs.<\/li>\n<li>En cas de maladies veineuses, consultez votre m\u00e9decin.<\/li>\n<li>Ne pas utiliser en position allong\u00e9e<\/li>\n<\/ul>\n<h3><strong>Technologie :<\/strong><\/h3>\n<p class=\"title\"><strong>Maille cassante &#8220;SHOCKWAVE EFFECT<\/strong><\/p>\n<p>Technique : L&#8217;alternance de mailles ultra-souples et rigides favorise l&#8217;absorption des chocs et l&#8217;amorti.<\/p>\n<p>Action : Cette nouvelle technique de traitement de la gamme BOOSTER X permet de disperser les ondes de choc transmises au moment de l&#8217;impact transitoire du pied sur le sol.<\/p>\n<p>B\u00e9n\u00e9fices : R\u00e9duction significative des vibrations et oscillations parasites \u00e0 l&#8217;origine de blessures et de l\u00e9sions musculaires (p\u00e9riostite, fracture du tibia, DOMS).<\/p>\n<p class=\"title\"><strong>Soutien du mollet<\/strong><\/p>\n<p>Technique : Pression sp\u00e9cifique et maille rigide au niveau du mollet.<\/p>\n<p>Action : Am\u00e9liore le retour veineux et acc\u00e9l\u00e8re l&#8217;\u00e9limination des toxines (radicaux libres CO2) qui s&#8217;accumulent au niveau des mollets.<\/p>\n<p>B\u00e9n\u00e9fices : Repousse le ph\u00e9nom\u00e8ne de jambes lourdes et retarde le seuil de fatigue. R\u00e9duit l&#8217;apparition possible de p\u00e9riostites et de DOMS.<\/p>\n","protected":false},"excerpt":{"rendered":"<ul>\n<li>BOOSTER ELITE est asym\u00e9trique.<\/li>\n<li>Lavage \u00e0 la main ou en machine \u00e0 30\u00b0 maximum.<\/li>\n<li>En cas de maladie veineuse, consultez votre m\u00e9decin.<\/li>\n<\/ul>\n","protected":false},"featured_media":241630,"template":"","meta":{"_acf_changed":false,"inline_featured_image":false},"product_brand":[],"product_cat":[22597,24256,22596,24482],"product_tag":[23562,24174,24175],"class_list":{"0":"post-286393","1":"product","2":"type-product","3":"status-publish","4":"has-post-thumbnail","6":"product_cat-chaussettes","7":"product_cat-chaussettes-fr","8":"product_cat-vetements-pour-femmes","9":"product_cat-vetements-pour-hommes-fr","10":"product_tag-bv-sport-fr","11":"product_tag-bv-sport-femme","12":"product_tag-bv-sport-homme","13":"pa_attivita-outdoor-fr","14":"pa_attivita-running-fr","15":"pa_attivita-trail-fr","16":"pa_colore-booster-elite-evo-2-nero-fr","17":"pa_marca-bv-sport-fr","18":"pa_sesso-femme","19":"pa_sesso-homme","20":"pa_size-l-fr","21":"pa_size-medium-fr","22":"pa_size-large-fr","24":"first","25":"instock","26":"sale","27":"taxable","28":"shipping-taxable","29":"purchasable","30":"product-type-variable","31":"wvs-archive-product-wrapper"},"acf":[],"yoast_head":"<!-- This site is optimized with the Yoast SEO plugin v26.8 - https:\/\/yoast.com\/product\/yoast-seo-wordpress\/ -->\n<title>Bv SportBooster Elite Evo 2 - Chaussettes de course pour hommes - MioMioRun<\/title>\n<meta name=\"description\" content=\"Cette botte de compression Booster EVO2 est con\u00e7ue sur la base de diff\u00e9rents types de liens \u00e0 rigidit\u00e9 variable qui exercent une pression.\" \/>\n<meta name=\"robots\" content=\"index, follow, max-snippet:-1, max-image-preview:large, max-video-preview:-1\" \/>\n<link rel=\"canonical\" href=\"https:\/\/www.miomiorun.com\/fr\/produit\/booster-elite-evo-2\/\" \/>\n<meta property=\"og:locale\" content=\"fr_FR\" \/>\n<meta property=\"og:type\" content=\"article\" \/>\n<meta property=\"og:title\" content=\"Bv SportBooster Elite Evo 2 - Chaussettes de course pour hommes - MioMioRun\" \/>\n<meta property=\"og:description\" content=\"Cette botte de compression Booster EVO2 est con\u00e7ue sur la base de diff\u00e9rents types de liens \u00e0 rigidit\u00e9 variable qui exercent une pression.\" \/>\n<meta property=\"og:url\" content=\"https:\/\/www.miomiorun.com\/fr\/produit\/booster-elite-evo-2\/\" \/>\n<meta property=\"og:site_name\" content=\"MioMioRun\" \/>\n<meta property=\"article:publisher\" content=\"https:\/\/www.facebook.com\/miomiorun\/\" \/>\n<meta property=\"article:modified_time\" content=\"2025-06-30T15:04:28+00:00\" \/>\n<meta property=\"og:image\" content=\"https:\/\/www.miomiorun.com\/app\/uploads\/2023\/06\/bv-sport-booster-elite-evo-2-nero-114-001.jpg\" \/>\n\t<meta property=\"og:image:width\" content=\"600\" \/>\n\t<meta property=\"og:image:height\" content=\"600\" \/>\n\t<meta property=\"og:image:type\" content=\"image\/jpeg\" \/>\n<meta name=\"twitter:card\" content=\"summary_large_image\" \/>\n<meta name=\"twitter:label1\" content=\"Est. reading time\" \/>\n\t<meta name=\"twitter:data1\" content=\"2 minutes\" \/>\n<script type=\"application\/ld+json\" class=\"yoast-schema-graph\">{\"@context\":\"https:\/\/schema.org\",\"@graph\":[{\"@type\":\"WebPage\",\"@id\":\"https:\/\/www.miomiorun.com\/fr\/produit\/booster-elite-evo-2\/\",\"url\":\"https:\/\/www.miomiorun.com\/fr\/produit\/booster-elite-evo-2\/\",\"name\":\"Bv SportBooster Elite Evo 2 - Chaussettes de course pour hommes - MioMioRun\",\"isPartOf\":{\"@id\":\"https:\/\/www.miomiorun.com\/fr\/#website\"},\"primaryImageOfPage\":{\"@id\":\"https:\/\/www.miomiorun.com\/fr\/produit\/booster-elite-evo-2\/#primaryimage\"},\"image\":{\"@id\":\"https:\/\/www.miomiorun.com\/fr\/produit\/booster-elite-evo-2\/#primaryimage\"},\"thumbnailUrl\":\"https:\/\/www.miomiorun.com\/app\/uploads\/2023\/06\/bv-sport-booster-elite-evo-2-nero-114-001.jpg\",\"datePublished\":\"2023-04-20T15:18:14+00:00\",\"dateModified\":\"2025-06-30T15:04:28+00:00\",\"description\":\"Cette botte de compression Booster EVO2 est con\u00e7ue sur la base de diff\u00e9rents types de liens \u00e0 rigidit\u00e9 variable qui exercent une pression.\",\"breadcrumb\":{\"@id\":\"https:\/\/www.miomiorun.com\/fr\/produit\/booster-elite-evo-2\/#breadcrumb\"},\"inLanguage\":\"fr-FR\",\"potentialAction\":[{\"@type\":\"ReadAction\",\"target\":[\"https:\/\/www.miomiorun.com\/fr\/produit\/booster-elite-evo-2\/\"]}]},{\"@type\":\"ImageObject\",\"inLanguage\":\"fr-FR\",\"@id\":\"https:\/\/www.miomiorun.com\/fr\/produit\/booster-elite-evo-2\/#primaryimage\",\"url\":\"https:\/\/www.miomiorun.com\/app\/uploads\/2023\/06\/bv-sport-booster-elite-evo-2-nero-114-001.jpg\",\"contentUrl\":\"https:\/\/www.miomiorun.com\/app\/uploads\/2023\/06\/bv-sport-booster-elite-evo-2-nero-114-001.jpg\",\"width\":600,\"height\":600,\"caption\":\"bv-sport-booster-elite-evo-2-nero-114-001\"},{\"@type\":\"BreadcrumbList\",\"@id\":\"https:\/\/www.miomiorun.com\/fr\/produit\/booster-elite-evo-2\/#breadcrumb\",\"itemListElement\":[{\"@type\":\"ListItem\",\"position\":1,\"name\":\"Home\",\"item\":\"https:\/\/www.miomiorun.com\/fr\/home-page\/\"},{\"@type\":\"ListItem\",\"position\":2,\"name\":\"Shop\",\"item\":\"https:\/\/www.miomiorun.com\/shop\/\"},{\"@type\":\"ListItem\",\"position\":3,\"name\":\"Booster Elite Evo 2\"}]},{\"@type\":\"WebSite\",\"@id\":\"https:\/\/www.miomiorun.com\/fr\/#website\",\"url\":\"https:\/\/www.miomiorun.com\/fr\/\",\"name\":\"MioMioRun\",\"description\":\"Boutique 100% running et trail\",\"publisher\":{\"@id\":\"https:\/\/www.miomiorun.com\/fr\/#organization\"},\"potentialAction\":[{\"@type\":\"SearchAction\",\"target\":{\"@type\":\"EntryPoint\",\"urlTemplate\":\"https:\/\/www.miomiorun.com\/fr\/?s={search_term_string}\"},\"query-input\":{\"@type\":\"PropertyValueSpecification\",\"valueRequired\":true,\"valueName\":\"search_term_string\"}}],\"inLanguage\":\"fr-FR\"},{\"@type\":\"Organization\",\"@id\":\"https:\/\/www.miomiorun.com\/fr\/#organization\",\"name\":\"MioMio Run\",\"url\":\"https:\/\/www.miomiorun.com\/fr\/\",\"logo\":{\"@type\":\"ImageObject\",\"inLanguage\":\"fr-FR\",\"@id\":\"https:\/\/www.miomiorun.com\/fr\/#\/schema\/logo\/image\/\",\"url\":\"https:\/\/www.miomiorun.com\/app\/uploads\/2019\/12\/logomio.png\",\"contentUrl\":\"https:\/\/www.miomiorun.com\/app\/uploads\/2019\/12\/logomio.png\",\"width\":115,\"height\":82,\"caption\":\"MioMio Run\"},\"image\":{\"@id\":\"https:\/\/www.miomiorun.com\/fr\/#\/schema\/logo\/image\/\"},\"sameAs\":[\"https:\/\/www.facebook.com\/miomiorun\/\",\"https:\/\/www.instagram.com\/miomiorun\/\"]}]}<\/script>\n<!-- \/ Yoast SEO plugin. -->","yoast_head_json":{"title":"Bv SportBooster Elite Evo 2 - Chaussettes de course pour hommes - MioMioRun","description":"Cette botte de compression Booster EVO2 est con\u00e7ue sur la base de diff\u00e9rents types de liens \u00e0 rigidit\u00e9 variable qui exercent une pression.","robots":{"index":"index","follow":"follow","max-snippet":"max-snippet:-1","max-image-preview":"max-image-preview:large","max-video-preview":"max-video-preview:-1"},"canonical":"https:\/\/www.miomiorun.com\/fr\/produit\/booster-elite-evo-2\/","og_locale":"fr_FR","og_type":"article","og_title":"Bv SportBooster Elite Evo 2 - Chaussettes de course pour hommes - MioMioRun","og_description":"Cette botte de compression Booster EVO2 est con\u00e7ue sur la base de diff\u00e9rents types de liens \u00e0 rigidit\u00e9 variable qui exercent une pression.","og_url":"https:\/\/www.miomiorun.com\/fr\/produit\/booster-elite-evo-2\/","og_site_name":"MioMioRun","article_publisher":"https:\/\/www.facebook.com\/miomiorun\/","article_modified_time":"2025-06-30T15:04:28+00:00","og_image":[{"width":600,"height":600,"url":"https:\/\/www.miomiorun.com\/app\/uploads\/2023\/06\/bv-sport-booster-elite-evo-2-nero-114-001.jpg","type":"image\/jpeg"}],"twitter_card":"summary_large_image","twitter_misc":{"Est. reading time":"2 minutes"},"schema":{"@context":"https:\/\/schema.org","@graph":[{"@type":"WebPage","@id":"https:\/\/www.miomiorun.com\/fr\/produit\/booster-elite-evo-2\/","url":"https:\/\/www.miomiorun.com\/fr\/produit\/booster-elite-evo-2\/","name":"Bv SportBooster Elite Evo 2 - Chaussettes de course pour hommes - MioMioRun","isPartOf":{"@id":"https:\/\/www.miomiorun.com\/fr\/#website"},"primaryImageOfPage":{"@id":"https:\/\/www.miomiorun.com\/fr\/produit\/booster-elite-evo-2\/#primaryimage"},"image":{"@id":"https:\/\/www.miomiorun.com\/fr\/produit\/booster-elite-evo-2\/#primaryimage"},"thumbnailUrl":"https:\/\/www.miomiorun.com\/app\/uploads\/2023\/06\/bv-sport-booster-elite-evo-2-nero-114-001.jpg","datePublished":"2023-04-20T15:18:14+00:00","dateModified":"2025-06-30T15:04:28+00:00","description":"Cette botte de compression Booster EVO2 est con\u00e7ue sur la base de diff\u00e9rents types de liens \u00e0 rigidit\u00e9 variable qui exercent une pression.","breadcrumb":{"@id":"https:\/\/www.miomiorun.com\/fr\/produit\/booster-elite-evo-2\/#breadcrumb"},"inLanguage":"fr-FR","potentialAction":[{"@type":"ReadAction","target":["https:\/\/www.miomiorun.com\/fr\/produit\/booster-elite-evo-2\/"]}]},{"@type":"ImageObject","inLanguage":"fr-FR","@id":"https:\/\/www.miomiorun.com\/fr\/produit\/booster-elite-evo-2\/#primaryimage","url":"https:\/\/www.miomiorun.com\/app\/uploads\/2023\/06\/bv-sport-booster-elite-evo-2-nero-114-001.jpg","contentUrl":"https:\/\/www.miomiorun.com\/app\/uploads\/2023\/06\/bv-sport-booster-elite-evo-2-nero-114-001.jpg","width":600,"height":600,"caption":"bv-sport-booster-elite-evo-2-nero-114-001"},{"@type":"BreadcrumbList","@id":"https:\/\/www.miomiorun.com\/fr\/produit\/booster-elite-evo-2\/#breadcrumb","itemListElement":[{"@type":"ListItem","position":1,"name":"Home","item":"https:\/\/www.miomiorun.com\/fr\/home-page\/"},{"@type":"ListItem","position":2,"name":"Shop","item":"https:\/\/www.miomiorun.com\/shop\/"},{"@type":"ListItem","position":3,"name":"Booster Elite Evo 2"}]},{"@type":"WebSite","@id":"https:\/\/www.miomiorun.com\/fr\/#website","url":"https:\/\/www.miomiorun.com\/fr\/","name":"MioMioRun","description":"Boutique 100% running et trail","publisher":{"@id":"https:\/\/www.miomiorun.com\/fr\/#organization"},"potentialAction":[{"@type":"SearchAction","target":{"@type":"EntryPoint","urlTemplate":"https:\/\/www.miomiorun.com\/fr\/?s={search_term_string}"},"query-input":{"@type":"PropertyValueSpecification","valueRequired":true,"valueName":"search_term_string"}}],"inLanguage":"fr-FR"},{"@type":"Organization","@id":"https:\/\/www.miomiorun.com\/fr\/#organization","name":"MioMio Run","url":"https:\/\/www.miomiorun.com\/fr\/","logo":{"@type":"ImageObject","inLanguage":"fr-FR","@id":"https:\/\/www.miomiorun.com\/fr\/#\/schema\/logo\/image\/","url":"https:\/\/www.miomiorun.com\/app\/uploads\/2019\/12\/logomio.png","contentUrl":"https:\/\/www.miomiorun.com\/app\/uploads\/2019\/12\/logomio.png","width":115,"height":82,"caption":"MioMio Run"},"image":{"@id":"https:\/\/www.miomiorun.com\/fr\/#\/schema\/logo\/image\/"},"sameAs":["https:\/\/www.facebook.com\/miomiorun\/","https:\/\/www.instagram.com\/miomiorun\/"]}]}},"_links":{"self":[{"href":"https:\/\/www.miomiorun.com\/fr\/wp-json\/wp\/v2\/product\/286393","targetHints":{"allow":["GET"]}}],"collection":[{"href":"https:\/\/www.miomiorun.com\/fr\/wp-json\/wp\/v2\/product"}],"about":[{"href":"https:\/\/www.miomiorun.com\/fr\/wp-json\/wp\/v2\/types\/product"}],"wp:featuredmedia":[{"embeddable":true,"href":"https:\/\/www.miomiorun.com\/fr\/wp-json\/wp\/v2\/media\/241630"}],"wp:attachment":[{"href":"https:\/\/www.miomiorun.com\/fr\/wp-json\/wp\/v2\/media?parent=286393"}],"wp:term":[{"taxonomy":"product_brand","embeddable":true,"href":"https:\/\/www.miomiorun.com\/fr\/wp-json\/wp\/v2\/product_brand?post=286393"},{"taxonomy":"product_cat","embeddable":true,"href":"https:\/\/www.miomiorun.com\/fr\/wp-json\/wp\/v2\/product_cat?post=286393"},{"taxonomy":"product_tag","embeddable":true,"href":"https:\/\/www.miomiorun.com\/fr\/wp-json\/wp\/v2\/product_tag?post=286393"}],"curies":[{"name":"wp","href":"https:\/\/api.w.org\/{rel}","templated":true}]}}