{"id":286391,"date":"2023-04-20T18:24:14","date_gmt":"2023-04-20T16:24:14","guid":{"rendered":"https:\/\/miomiorun.com\/prodotto\/trail-elite\/"},"modified":"2026-05-08T21:44:16","modified_gmt":"2026-05-08T19:44:16","slug":"trail-elite","status":"publish","type":"product","link":"https:\/\/www.miomiorun.com\/fr\/produit\/trail-elite\/","title":{"rendered":"Trail Elite"},"content":{"rendered":"<p><div class=\"vc-row container\"><div class=\"vc-column\"><div class=\"vc-column-text\">Fabriqu\u00e9es en France, les chaussettes courtes <strong>Bv Sport TRAIL ELITE<\/strong> sont techniques, confortables, r\u00e9sistantes et ultra-renforc\u00e9es, ces chaussettes basses sont adapt\u00e9es \u00e0 la pratique du Trail sur toutes distances.<\/p>\n<p>Elles disposent de renforts cibl\u00e9s sur les points strat\u00e9giques du pied et d&#8217;un soutien stabilisateur au niveau de la cheville, tout en conservant un confort optimal. Avec sa maille respirante, elle \u00e9vacue rapidement la transpiration pour rester au frais et au sec lors des sorties.<\/p>\n<p><img loading=\"lazy\" decoding=\"async\" src=\"https:\/\/m1.bvsport.com\/img\/cms\/Fiches_Produits\/Socquettes\/Eco-responsable_2.jpg\" alt=\"Packaging_\u00e9co-responsable\" width=\"30\" height=\"31\" \/> Comme nous mettons un point d&#8217;honneur \u00e0 adopter une attitude \u00e9co-responsable, l&#8217;emballage de ce produit est enti\u00e8rement con\u00e7u \u00e0 partir de mat\u00e9riaux recyclables.<\/p>\n<h3>Caract\u00e9ristiques :<\/h3>\n<p>Con\u00e7ues pour la pratique du trail sur toutes distances, les chaussettes courtes noires-grises fabriqu\u00e9es en France TRAIL ELITE sont techniques, confortables, r\u00e9sistantes et ultra renforc\u00e9es.<\/p>\n<ul>\n<li>Elles poss\u00e8dent une semelle anatomique 3D ultra renforc\u00e9e qui am\u00e9liore la stabilit\u00e9 du pied dans la chaussure en le prot\u00e9geant des impacts lors du contact avec le sol.<\/li>\n<li>Le soutien et la stabilisation \u00e0 360\u00b0 du pied et de la cheville maintiennent la cheville et stabilisent le pied dans la chaussure.<\/li>\n<li>La chaussette courte TRAIL ELITE poss\u00e8de des renforts destin\u00e9s aux zones d&#8217;\u00e9chauffement ou aux contacts strat\u00e9giques tr\u00e8s sollicit\u00e9s sur terrain accident\u00e9 : le tendon d&#8217;Achille, le point de la\u00e7age, le talon et les orteils.<\/li>\n<li>La maille alv\u00e9ol\u00e9e l\u00e9g\u00e8re permet d&#8217;\u00e9vacuer la transpiration tout au long de l&#8217;effort pour rester au sec le plus longtemps possible.<\/li>\n<li>Le large bord c\u00f4te \u00e9vite l&#8217;effet garrot, tout en maintenant efficacement la chaussette en place.<\/li>\n<li>Les chaussettes basses TRAIL ELITE ont des coutures plates pour limiter les frottements et les irritations plantaires. Elles sont \u00e9galement asym\u00e9triques pour s&#8217;adapter parfaitement \u00e0 l&#8217;anatomie plantaire.<\/li>\n<\/ul>\n<p><\/div><\/div><\/div><div class=\"vc-row container\"><div class=\"vc-column\"><div class=\"vc-column-text\"><a href=\"https:\/\/miomiorun.com\/wp-content\/uploads\/2023\/04\/bv-sport-trail-elite.jpg\"><img loading=\"lazy\" decoding=\"async\" class=\"size-full wp-image-128039 aligncenter\" src=\"https:\/\/miomiorun.com\/wp-content\/uploads\/2023\/04\/bv-sport-trail-elite.jpg\" alt=\"\" width=\"687\" height=\"551\" srcset=\"https:\/\/www.miomiorun.com\/app\/uploads\/2023\/04\/bv-sport-trail-elite.jpg 687w, https:\/\/www.miomiorun.com\/app\/uploads\/2023\/04\/bv-sport-trail-elite-600x481.jpg 600w, https:\/\/www.miomiorun.com\/app\/uploads\/2023\/04\/bv-sport-trail-elite-300x241.jpg 300w, https:\/\/www.miomiorun.com\/app\/uploads\/2023\/04\/bv-sport-trail-elite-640x513.jpg 640w, https:\/\/www.miomiorun.com\/app\/uploads\/2023\/04\/bv-sport-trail-elite-400x321.jpg 400w, https:\/\/www.miomiorun.com\/app\/uploads\/2023\/04\/bv-sport-trail-elite-480x385.jpg 480w\" sizes=\"auto, (max-width: 687px) 100vw, 687px\" \/><\/a><\/div><\/div><div class=\"vc-column\"><div class=\"vc-column-text\"><\/p>\n<h3>Technologie :<\/h3>\n<p class=\"title\"><strong>Semelle anatomique 3D ultra renforc\u00e9e<\/strong><\/p>\n<p>Technique : Combinaison de 2 types de mailles (\u00e9paisse et fine) avec tissage curl int\u00e9gr\u00e9.<\/p>\n<p>Action : Prot\u00e8ge les zones de contact, optimise la proprioception et am\u00e9liore la stabilisation du pied.<\/p>\n<p>B\u00e9n\u00e9fices : R\u00e9duit les frottements et l&#8217;\u00e9chauffement de la semelle.<\/p>\n<p class=\"title\"><strong>Soutien et stabilisation \u00e0 360\u00b0 du pied et de la cheville.<\/strong><\/p>\n<p>Technique : Maille c\u00f4tel\u00e9e positionn\u00e9e au niveau de l&#8217;articulation de la cheville.<\/p>\n<p>Action : Maintient et stabilise la cheville sans la comprimer.<\/p>\n<p>B\u00e9n\u00e9fices : Maintien optimal de la cheville pendant la foul\u00e9e.<\/p>\n<p class=\"title\"><strong>Protection du tendon d&#8217;Achille<\/strong><\/p>\n<p>Technique : Maille annulaire situ\u00e9e au niveau du tendon d&#8217;Achille.<\/p>\n<p>Action : Prot\u00e8ge les structures sensibles et absorbe les chocs.<\/p>\n<p>B\u00e9n\u00e9fices : Protection cibl\u00e9e.<\/p>\n<p class=\"title\"><strong>Maille a\u00e9r\u00e9e<\/strong><\/p>\n<p>Technique : Maille alv\u00e9ol\u00e9e l\u00e9g\u00e8re sur le dessus du pied.<\/p>\n<p>Action : Acc\u00e9l\u00e8re la r\u00e9gulation thermique. Ventilation optimale.<\/p>\n<p>B\u00e9n\u00e9fices : Evacue efficacement la transpiration.<\/p>\n<p class=\"title\"><strong>Renfort talon et pointe<\/strong><\/p>\n<p>Technique : Maille sans frottement au niveau des orteils et du talon.<\/p>\n<p>Action : Limite l&#8217;\u00e9chauffement et les frottements aux extr\u00e9mit\u00e9s du pied.<\/p>\n<p>B\u00e9n\u00e9fices : Am\u00e9liore le confort et limite l&#8217;apparition d&#8217;ampoules.<\/p>\n<p class=\"title\"><strong>Renforcement au niveau du la\u00e7age<\/strong><\/p>\n<p>Technique : Tissage boucl\u00e9.<\/p>\n<p>Action : Limite l&#8217;\u00e9chauffement du dessus du pied au contact de la zone de la\u00e7age et de la languette de la chaussure.<\/p>\n<p>B\u00e9n\u00e9fice : Am\u00e9liore le confort et limite les pressions dues au la\u00e7age.<\/p>\n<p class=\"title\"><strong>Bord c\u00f4te large<\/strong><\/p>\n<p>Technique : Bande de d\u00e9charge sur le bord sup\u00e9rieur de la chaussette.<\/p>\n<p>Action : Maintient efficacement la chaussette sans effet de garrot.<\/p>\n<p>B\u00e9n\u00e9fices : Am\u00e9liore la r\u00e9tention de la tige.<\/div><\/div><\/div><\/p>\n","protected":false},"excerpt":{"rendered":"<ul>\n<li>Elles sont dot\u00e9es d&#8217;une semelle anatomique 3D ultra-renforc\u00e9e.<\/li>\n<li>Maintien et stabilisation \u00e0 360\u00b0 du pied et de la cheville.<\/li>\n<li>Les chaussettes courtes TRAIL ELITE sont dot\u00e9es de renforts cibl\u00e9s au niveau des zones de chauffe.<\/li>\n<\/ul>\n","protected":false},"featured_media":241616,"template":"","meta":{"_acf_changed":false,"inline_featured_image":false},"product_brand":[],"product_cat":[22597,24256,22596,24482],"product_tag":[23562,24174,24175],"class_list":{"0":"post-286391","1":"product","2":"type-product","3":"status-publish","4":"has-post-thumbnail","6":"product_cat-chaussettes","7":"product_cat-chaussettes-fr","8":"product_cat-vetements-pour-femmes","9":"product_cat-vetements-pour-hommes-fr","10":"product_tag-bv-sport-fr","11":"product_tag-bv-sport-femme","12":"product_tag-bv-sport-homme","13":"pa_attivita-marcher","14":"pa_attivita-outdoor-fr","15":"pa_attivita-trail-fr","16":"pa_colore-trail-elite-blu-nero-fr","17":"pa_colore-trail-elite-blu-rosa-fr","18":"pa_colore-trail-elite-nero-grigio-fr","19":"pa_colore-trail-elite-verde-blu-fr","20":"pa_marca-bv-sport-fr","21":"pa_sesso-femme","22":"pa_sesso-homme","23":"pa_size-36-38-fr","24":"pa_size-39-41-fr","25":"pa_size-42-44-fr","27":"first","28":"instock","29":"sale","30":"taxable","31":"shipping-taxable","32":"purchasable","33":"product-type-variable","34":"wvs-archive-product-wrapper"},"acf":[],"yoast_head":"<!-- This site is optimized with the Yoast SEO plugin v26.8 - https:\/\/yoast.com\/product\/yoast-seo-wordpress\/ -->\n<title>Bv Sport Trail Elite - Chaussettes de course pour hommes - MioMioRun .com<\/title>\n<meta name=\"description\" content=\"Techniques, confortables, r\u00e9sistantes et ultra-renforc\u00e9es, ces chaussettes basses Bv Sport TRAIL ELITE sont adapt\u00e9es \u00e0 la pratique du Trail sur toutes distances.\" \/>\n<meta name=\"robots\" content=\"index, follow, max-snippet:-1, max-image-preview:large, max-video-preview:-1\" \/>\n<link rel=\"canonical\" href=\"https:\/\/www.miomiorun.com\/fr\/produit\/trail-elite\/\" \/>\n<meta property=\"og:locale\" content=\"fr_FR\" \/>\n<meta property=\"og:type\" content=\"article\" \/>\n<meta property=\"og:title\" content=\"Bv Sport Trail Elite - Chaussettes de course pour hommes - MioMioRun .com\" \/>\n<meta property=\"og:description\" content=\"Techniques, confortables, r\u00e9sistantes et ultra-renforc\u00e9es, ces chaussettes basses Bv Sport TRAIL ELITE sont adapt\u00e9es \u00e0 la pratique du Trail sur toutes distances.\" \/>\n<meta property=\"og:url\" content=\"https:\/\/www.miomiorun.com\/fr\/produit\/trail-elite\/\" \/>\n<meta property=\"og:site_name\" content=\"MioMioRun\" \/>\n<meta property=\"article:publisher\" content=\"https:\/\/www.facebook.com\/miomiorun\/\" \/>\n<meta property=\"article:modified_time\" content=\"2026-05-08T19:44:16+00:00\" \/>\n<meta property=\"og:image\" content=\"https:\/\/www.miomiorun.com\/app\/uploads\/2023\/06\/bv-sport-trail-elite-verde-blu-290-010.jpg\" \/>\n\t<meta property=\"og:image:width\" content=\"600\" \/>\n\t<meta property=\"og:image:height\" content=\"600\" \/>\n\t<meta property=\"og:image:type\" content=\"image\/jpeg\" \/>\n<meta name=\"twitter:card\" content=\"summary_large_image\" \/>\n<meta name=\"twitter:label1\" content=\"Est. reading time\" \/>\n\t<meta name=\"twitter:data1\" content=\"3 minutes\" \/>\n<script type=\"application\/ld+json\" class=\"yoast-schema-graph\">{\"@context\":\"https:\/\/schema.org\",\"@graph\":[{\"@type\":\"WebPage\",\"@id\":\"https:\/\/www.miomiorun.com\/fr\/produit\/trail-elite\/\",\"url\":\"https:\/\/www.miomiorun.com\/fr\/produit\/trail-elite\/\",\"name\":\"Bv Sport Trail Elite - Chaussettes de course pour hommes - MioMioRun .com\",\"isPartOf\":{\"@id\":\"https:\/\/www.miomiorun.com\/fr\/#website\"},\"primaryImageOfPage\":{\"@id\":\"https:\/\/www.miomiorun.com\/fr\/produit\/trail-elite\/#primaryimage\"},\"image\":{\"@id\":\"https:\/\/www.miomiorun.com\/fr\/produit\/trail-elite\/#primaryimage\"},\"thumbnailUrl\":\"https:\/\/www.miomiorun.com\/app\/uploads\/2023\/06\/bv-sport-trail-elite-verde-blu-290-010.jpg\",\"datePublished\":\"2023-04-20T16:24:14+00:00\",\"dateModified\":\"2026-05-08T19:44:16+00:00\",\"description\":\"Techniques, confortables, r\u00e9sistantes et ultra-renforc\u00e9es, ces chaussettes basses Bv Sport TRAIL ELITE sont adapt\u00e9es \u00e0 la pratique du Trail sur toutes distances.\",\"breadcrumb\":{\"@id\":\"https:\/\/www.miomiorun.com\/fr\/produit\/trail-elite\/#breadcrumb\"},\"inLanguage\":\"fr-FR\",\"potentialAction\":[{\"@type\":\"ReadAction\",\"target\":[\"https:\/\/www.miomiorun.com\/fr\/produit\/trail-elite\/\"]}]},{\"@type\":\"ImageObject\",\"inLanguage\":\"fr-FR\",\"@id\":\"https:\/\/www.miomiorun.com\/fr\/produit\/trail-elite\/#primaryimage\",\"url\":\"https:\/\/www.miomiorun.com\/app\/uploads\/2023\/06\/bv-sport-trail-elite-verde-blu-290-010.jpg\",\"contentUrl\":\"https:\/\/www.miomiorun.com\/app\/uploads\/2023\/06\/bv-sport-trail-elite-verde-blu-290-010.jpg\",\"width\":600,\"height\":600,\"caption\":\"bv-sport-trail-elite-verde-blu-290-010\"},{\"@type\":\"BreadcrumbList\",\"@id\":\"https:\/\/www.miomiorun.com\/fr\/produit\/trail-elite\/#breadcrumb\",\"itemListElement\":[{\"@type\":\"ListItem\",\"position\":1,\"name\":\"Home\",\"item\":\"https:\/\/www.miomiorun.com\/fr\/home-page\/\"},{\"@type\":\"ListItem\",\"position\":2,\"name\":\"Shop\",\"item\":\"https:\/\/www.miomiorun.com\/shop\/\"},{\"@type\":\"ListItem\",\"position\":3,\"name\":\"Trail Elite\"}]},{\"@type\":\"WebSite\",\"@id\":\"https:\/\/www.miomiorun.com\/fr\/#website\",\"url\":\"https:\/\/www.miomiorun.com\/fr\/\",\"name\":\"MioMioRun\",\"description\":\"Boutique 100% running et trail\",\"publisher\":{\"@id\":\"https:\/\/www.miomiorun.com\/fr\/#organization\"},\"potentialAction\":[{\"@type\":\"SearchAction\",\"target\":{\"@type\":\"EntryPoint\",\"urlTemplate\":\"https:\/\/www.miomiorun.com\/fr\/?s={search_term_string}\"},\"query-input\":{\"@type\":\"PropertyValueSpecification\",\"valueRequired\":true,\"valueName\":\"search_term_string\"}}],\"inLanguage\":\"fr-FR\"},{\"@type\":\"Organization\",\"@id\":\"https:\/\/www.miomiorun.com\/fr\/#organization\",\"name\":\"MioMio Run\",\"url\":\"https:\/\/www.miomiorun.com\/fr\/\",\"logo\":{\"@type\":\"ImageObject\",\"inLanguage\":\"fr-FR\",\"@id\":\"https:\/\/www.miomiorun.com\/fr\/#\/schema\/logo\/image\/\",\"url\":\"https:\/\/www.miomiorun.com\/app\/uploads\/2019\/12\/logomio.png\",\"contentUrl\":\"https:\/\/www.miomiorun.com\/app\/uploads\/2019\/12\/logomio.png\",\"width\":115,\"height\":82,\"caption\":\"MioMio Run\"},\"image\":{\"@id\":\"https:\/\/www.miomiorun.com\/fr\/#\/schema\/logo\/image\/\"},\"sameAs\":[\"https:\/\/www.facebook.com\/miomiorun\/\",\"https:\/\/www.instagram.com\/miomiorun\/\"]}]}<\/script>\n<!-- \/ Yoast SEO plugin. -->","yoast_head_json":{"title":"Bv Sport Trail Elite - Chaussettes de course pour hommes - MioMioRun .com","description":"Techniques, confortables, r\u00e9sistantes et ultra-renforc\u00e9es, ces chaussettes basses Bv Sport TRAIL ELITE sont adapt\u00e9es \u00e0 la pratique du Trail sur toutes distances.","robots":{"index":"index","follow":"follow","max-snippet":"max-snippet:-1","max-image-preview":"max-image-preview:large","max-video-preview":"max-video-preview:-1"},"canonical":"https:\/\/www.miomiorun.com\/fr\/produit\/trail-elite\/","og_locale":"fr_FR","og_type":"article","og_title":"Bv Sport Trail Elite - Chaussettes de course pour hommes - MioMioRun .com","og_description":"Techniques, confortables, r\u00e9sistantes et ultra-renforc\u00e9es, ces chaussettes basses Bv Sport TRAIL ELITE sont adapt\u00e9es \u00e0 la pratique du Trail sur toutes distances.","og_url":"https:\/\/www.miomiorun.com\/fr\/produit\/trail-elite\/","og_site_name":"MioMioRun","article_publisher":"https:\/\/www.facebook.com\/miomiorun\/","article_modified_time":"2026-05-08T19:44:16+00:00","og_image":[{"width":600,"height":600,"url":"https:\/\/www.miomiorun.com\/app\/uploads\/2023\/06\/bv-sport-trail-elite-verde-blu-290-010.jpg","type":"image\/jpeg"}],"twitter_card":"summary_large_image","twitter_misc":{"Est. reading time":"3 minutes"},"schema":{"@context":"https:\/\/schema.org","@graph":[{"@type":"WebPage","@id":"https:\/\/www.miomiorun.com\/fr\/produit\/trail-elite\/","url":"https:\/\/www.miomiorun.com\/fr\/produit\/trail-elite\/","name":"Bv Sport Trail Elite - Chaussettes de course pour hommes - MioMioRun .com","isPartOf":{"@id":"https:\/\/www.miomiorun.com\/fr\/#website"},"primaryImageOfPage":{"@id":"https:\/\/www.miomiorun.com\/fr\/produit\/trail-elite\/#primaryimage"},"image":{"@id":"https:\/\/www.miomiorun.com\/fr\/produit\/trail-elite\/#primaryimage"},"thumbnailUrl":"https:\/\/www.miomiorun.com\/app\/uploads\/2023\/06\/bv-sport-trail-elite-verde-blu-290-010.jpg","datePublished":"2023-04-20T16:24:14+00:00","dateModified":"2026-05-08T19:44:16+00:00","description":"Techniques, confortables, r\u00e9sistantes et ultra-renforc\u00e9es, ces chaussettes basses Bv Sport TRAIL ELITE sont adapt\u00e9es \u00e0 la pratique du Trail sur toutes distances.","breadcrumb":{"@id":"https:\/\/www.miomiorun.com\/fr\/produit\/trail-elite\/#breadcrumb"},"inLanguage":"fr-FR","potentialAction":[{"@type":"ReadAction","target":["https:\/\/www.miomiorun.com\/fr\/produit\/trail-elite\/"]}]},{"@type":"ImageObject","inLanguage":"fr-FR","@id":"https:\/\/www.miomiorun.com\/fr\/produit\/trail-elite\/#primaryimage","url":"https:\/\/www.miomiorun.com\/app\/uploads\/2023\/06\/bv-sport-trail-elite-verde-blu-290-010.jpg","contentUrl":"https:\/\/www.miomiorun.com\/app\/uploads\/2023\/06\/bv-sport-trail-elite-verde-blu-290-010.jpg","width":600,"height":600,"caption":"bv-sport-trail-elite-verde-blu-290-010"},{"@type":"BreadcrumbList","@id":"https:\/\/www.miomiorun.com\/fr\/produit\/trail-elite\/#breadcrumb","itemListElement":[{"@type":"ListItem","position":1,"name":"Home","item":"https:\/\/www.miomiorun.com\/fr\/home-page\/"},{"@type":"ListItem","position":2,"name":"Shop","item":"https:\/\/www.miomiorun.com\/shop\/"},{"@type":"ListItem","position":3,"name":"Trail Elite"}]},{"@type":"WebSite","@id":"https:\/\/www.miomiorun.com\/fr\/#website","url":"https:\/\/www.miomiorun.com\/fr\/","name":"MioMioRun","description":"Boutique 100% running et trail","publisher":{"@id":"https:\/\/www.miomiorun.com\/fr\/#organization"},"potentialAction":[{"@type":"SearchAction","target":{"@type":"EntryPoint","urlTemplate":"https:\/\/www.miomiorun.com\/fr\/?s={search_term_string}"},"query-input":{"@type":"PropertyValueSpecification","valueRequired":true,"valueName":"search_term_string"}}],"inLanguage":"fr-FR"},{"@type":"Organization","@id":"https:\/\/www.miomiorun.com\/fr\/#organization","name":"MioMio Run","url":"https:\/\/www.miomiorun.com\/fr\/","logo":{"@type":"ImageObject","inLanguage":"fr-FR","@id":"https:\/\/www.miomiorun.com\/fr\/#\/schema\/logo\/image\/","url":"https:\/\/www.miomiorun.com\/app\/uploads\/2019\/12\/logomio.png","contentUrl":"https:\/\/www.miomiorun.com\/app\/uploads\/2019\/12\/logomio.png","width":115,"height":82,"caption":"MioMio Run"},"image":{"@id":"https:\/\/www.miomiorun.com\/fr\/#\/schema\/logo\/image\/"},"sameAs":["https:\/\/www.facebook.com\/miomiorun\/","https:\/\/www.instagram.com\/miomiorun\/"]}]}},"_links":{"self":[{"href":"https:\/\/www.miomiorun.com\/fr\/wp-json\/wp\/v2\/product\/286391","targetHints":{"allow":["GET"]}}],"collection":[{"href":"https:\/\/www.miomiorun.com\/fr\/wp-json\/wp\/v2\/product"}],"about":[{"href":"https:\/\/www.miomiorun.com\/fr\/wp-json\/wp\/v2\/types\/product"}],"wp:featuredmedia":[{"embeddable":true,"href":"https:\/\/www.miomiorun.com\/fr\/wp-json\/wp\/v2\/media\/241616"}],"wp:attachment":[{"href":"https:\/\/www.miomiorun.com\/fr\/wp-json\/wp\/v2\/media?parent=286391"}],"wp:term":[{"taxonomy":"product_brand","embeddable":true,"href":"https:\/\/www.miomiorun.com\/fr\/wp-json\/wp\/v2\/product_brand?post=286391"},{"taxonomy":"product_cat","embeddable":true,"href":"https:\/\/www.miomiorun.com\/fr\/wp-json\/wp\/v2\/product_cat?post=286391"},{"taxonomy":"product_tag","embeddable":true,"href":"https:\/\/www.miomiorun.com\/fr\/wp-json\/wp\/v2\/product_tag?post=286391"}],"curies":[{"name":"wp","href":"https:\/\/api.w.org\/{rel}","templated":true}]}}