{"id":286226,"date":"2023-05-05T09:46:22","date_gmt":"2023-05-05T07:46:22","guid":{"rendered":"https:\/\/miomiorun.com\/prodotto\/cinturini-forerunner-22-mm\/"},"modified":"2025-06-30T17:14:39","modified_gmt":"2025-06-30T15:14:39","slug":"bracelets-precurseurs-22-mm","status":"publish","type":"product","link":"https:\/\/www.miomiorun.com\/fr\/produit\/bracelets-precurseurs-22-mm\/","title":{"rendered":"Bracelets Forerunner 22 mm"},"content":{"rendered":"<p>Adoptez une tenue sportive sans renoncer \u00e0 l&#8217;\u00e9l\u00e9gance en changeant la couleur du bracelet de votre smartwatch sur les mod\u00e8les compatibles. Il suffit de retirer le bracelet actuel de votre smartwatch et de fixer le nouveau pour une adaptation plus appropri\u00e9e et plus confortable. Outils pour retirer le bracelet et \u00e9pingles inclus. Les couleurs individuelles sont vendues s\u00e9par\u00e9ment.<\/p>\n<p>&nbsp;<\/p>\n","protected":false},"excerpt":{"rendered":"<p>Adoptez une tenue sportive sans renoncer \u00e0 l&#8217;\u00e9l\u00e9gance en changeant la couleur du bracelet de votre smartwatch sur les mod\u00e8les compatibles. Il suffit de retirer le bracelet actuel de votre smartwatch et de fixer le nouveau pour une adaptation plus appropri\u00e9e et plus confortable. Outils pour retirer le bracelet et \u00e9pingles inclus. Les couleurs individuelles &hellip; <a href=\"https:\/\/www.miomiorun.com\/fr\/produit\/bracelets-precurseurs-22-mm\/\">Continued<\/a><\/p>\n","protected":false},"featured_media":240405,"template":"","meta":{"_acf_changed":false,"inline_featured_image":false},"product_brand":[],"product_cat":[22537,22566],"product_tag":[23480],"class_list":{"0":"post-286226","1":"product","2":"type-product","3":"status-publish","4":"has-post-thumbnail","6":"product_cat-garmin-fr","7":"product_cat-accessoires-fr","8":"product_tag-garmin-fr","9":"pa_colore-cinturino-fr-965-black-fr","10":"pa_colore-cinturino-fr-965-red-fr","11":"pa_colore-cinturino-fr-965-yellow-fr","12":"pa_colore-cinturino-nero-fr","13":"pa_marca-garmin-fr","14":"pa_sesso-femme","15":"pa_sesso-homme","17":"first","18":"instock","19":"sale","20":"taxable","21":"shipping-taxable","22":"purchasable","23":"product-type-variable","24":"wvs-archive-product-wrapper"},"acf":[],"yoast_head":"<!-- This site is optimized with the Yoast SEO plugin v26.8 - https:\/\/yoast.com\/product\/yoast-seo-wordpress\/ -->\n<title>Garmin Bracelets Forerunner 22 mm -accessoires garmin - MioMioRun<\/title>\n<meta name=\"description\" content=\"Habillez-vous de mani\u00e8re sportive sans sacrifier l&#039;\u00e9l\u00e9gance en changeant la couleur du bracelet de la smartwatch sur les mod\u00e8les compatibles.\" \/>\n<meta name=\"robots\" content=\"index, follow, max-snippet:-1, max-image-preview:large, max-video-preview:-1\" \/>\n<link rel=\"canonical\" href=\"https:\/\/www.miomiorun.com\/fr\/produit\/bracelets-precurseurs-22-mm\/\" \/>\n<meta property=\"og:locale\" content=\"fr_FR\" \/>\n<meta property=\"og:type\" content=\"article\" \/>\n<meta property=\"og:title\" content=\"Garmin Bracelets Forerunner 22 mm -accessoires garmin - MioMioRun\" \/>\n<meta property=\"og:description\" content=\"Habillez-vous de mani\u00e8re sportive sans sacrifier l&#039;\u00e9l\u00e9gance en changeant la couleur du bracelet de la smartwatch sur les mod\u00e8les compatibles.\" \/>\n<meta property=\"og:url\" content=\"https:\/\/www.miomiorun.com\/fr\/produit\/bracelets-precurseurs-22-mm\/\" \/>\n<meta property=\"og:site_name\" content=\"MioMioRun\" \/>\n<meta property=\"article:publisher\" content=\"https:\/\/www.facebook.com\/miomiorun\/\" \/>\n<meta property=\"article:modified_time\" content=\"2025-06-30T15:14:39+00:00\" \/>\n<meta property=\"og:image\" content=\"https:\/\/www.miomiorun.com\/app\/uploads\/2023\/05\/garmin-cinturino-fr-965-yellow-010-11251-AE.jpg\" \/>\n\t<meta property=\"og:image:width\" content=\"600\" \/>\n\t<meta property=\"og:image:height\" content=\"600\" \/>\n\t<meta property=\"og:image:type\" content=\"image\/jpeg\" \/>\n<meta name=\"twitter:card\" content=\"summary_large_image\" \/>\n<script type=\"application\/ld+json\" class=\"yoast-schema-graph\">{\"@context\":\"https:\/\/schema.org\",\"@graph\":[{\"@type\":\"WebPage\",\"@id\":\"https:\/\/www.miomiorun.com\/fr\/produit\/bracelets-precurseurs-22-mm\/\",\"url\":\"https:\/\/www.miomiorun.com\/fr\/produit\/bracelets-precurseurs-22-mm\/\",\"name\":\"Garmin Bracelets Forerunner 22 mm -accessoires garmin - MioMioRun\",\"isPartOf\":{\"@id\":\"https:\/\/www.miomiorun.com\/fr\/#website\"},\"primaryImageOfPage\":{\"@id\":\"https:\/\/www.miomiorun.com\/fr\/produit\/bracelets-precurseurs-22-mm\/#primaryimage\"},\"image\":{\"@id\":\"https:\/\/www.miomiorun.com\/fr\/produit\/bracelets-precurseurs-22-mm\/#primaryimage\"},\"thumbnailUrl\":\"https:\/\/www.miomiorun.com\/app\/uploads\/2023\/05\/garmin-cinturino-fr-965-yellow-010-11251-AE.jpg\",\"datePublished\":\"2023-05-05T07:46:22+00:00\",\"dateModified\":\"2025-06-30T15:14:39+00:00\",\"description\":\"Habillez-vous de mani\u00e8re sportive sans sacrifier l'\u00e9l\u00e9gance en changeant la couleur du bracelet de la smartwatch sur les mod\u00e8les compatibles.\",\"breadcrumb\":{\"@id\":\"https:\/\/www.miomiorun.com\/fr\/produit\/bracelets-precurseurs-22-mm\/#breadcrumb\"},\"inLanguage\":\"fr-FR\",\"potentialAction\":[{\"@type\":\"ReadAction\",\"target\":[\"https:\/\/www.miomiorun.com\/fr\/produit\/bracelets-precurseurs-22-mm\/\"]}]},{\"@type\":\"ImageObject\",\"inLanguage\":\"fr-FR\",\"@id\":\"https:\/\/www.miomiorun.com\/fr\/produit\/bracelets-precurseurs-22-mm\/#primaryimage\",\"url\":\"https:\/\/www.miomiorun.com\/app\/uploads\/2023\/05\/garmin-cinturino-fr-965-yellow-010-11251-AE.jpg\",\"contentUrl\":\"https:\/\/www.miomiorun.com\/app\/uploads\/2023\/05\/garmin-cinturino-fr-965-yellow-010-11251-AE.jpg\",\"width\":600,\"height\":600,\"caption\":\"garmin-cinturino-fr-965-yellow-010-11251-AE\"},{\"@type\":\"BreadcrumbList\",\"@id\":\"https:\/\/www.miomiorun.com\/fr\/produit\/bracelets-precurseurs-22-mm\/#breadcrumb\",\"itemListElement\":[{\"@type\":\"ListItem\",\"position\":1,\"name\":\"Home\",\"item\":\"https:\/\/www.miomiorun.com\/fr\/home-page\/\"},{\"@type\":\"ListItem\",\"position\":2,\"name\":\"Shop\",\"item\":\"https:\/\/www.miomiorun.com\/shop\/\"},{\"@type\":\"ListItem\",\"position\":3,\"name\":\"Bracelets Forerunner 22 mm\"}]},{\"@type\":\"WebSite\",\"@id\":\"https:\/\/www.miomiorun.com\/fr\/#website\",\"url\":\"https:\/\/www.miomiorun.com\/fr\/\",\"name\":\"MioMioRun\",\"description\":\"Boutique 100% running et trail\",\"publisher\":{\"@id\":\"https:\/\/www.miomiorun.com\/fr\/#organization\"},\"potentialAction\":[{\"@type\":\"SearchAction\",\"target\":{\"@type\":\"EntryPoint\",\"urlTemplate\":\"https:\/\/www.miomiorun.com\/fr\/?s={search_term_string}\"},\"query-input\":{\"@type\":\"PropertyValueSpecification\",\"valueRequired\":true,\"valueName\":\"search_term_string\"}}],\"inLanguage\":\"fr-FR\"},{\"@type\":\"Organization\",\"@id\":\"https:\/\/www.miomiorun.com\/fr\/#organization\",\"name\":\"MioMio Run\",\"url\":\"https:\/\/www.miomiorun.com\/fr\/\",\"logo\":{\"@type\":\"ImageObject\",\"inLanguage\":\"fr-FR\",\"@id\":\"https:\/\/www.miomiorun.com\/fr\/#\/schema\/logo\/image\/\",\"url\":\"https:\/\/www.miomiorun.com\/app\/uploads\/2019\/12\/logomio.png\",\"contentUrl\":\"https:\/\/www.miomiorun.com\/app\/uploads\/2019\/12\/logomio.png\",\"width\":115,\"height\":82,\"caption\":\"MioMio Run\"},\"image\":{\"@id\":\"https:\/\/www.miomiorun.com\/fr\/#\/schema\/logo\/image\/\"},\"sameAs\":[\"https:\/\/www.facebook.com\/miomiorun\/\",\"https:\/\/www.instagram.com\/miomiorun\/\"]}]}<\/script>\n<!-- \/ Yoast SEO plugin. -->","yoast_head_json":{"title":"Garmin Bracelets Forerunner 22 mm -accessoires garmin - MioMioRun","description":"Habillez-vous de mani\u00e8re sportive sans sacrifier l'\u00e9l\u00e9gance en changeant la couleur du bracelet de la smartwatch sur les mod\u00e8les compatibles.","robots":{"index":"index","follow":"follow","max-snippet":"max-snippet:-1","max-image-preview":"max-image-preview:large","max-video-preview":"max-video-preview:-1"},"canonical":"https:\/\/www.miomiorun.com\/fr\/produit\/bracelets-precurseurs-22-mm\/","og_locale":"fr_FR","og_type":"article","og_title":"Garmin Bracelets Forerunner 22 mm -accessoires garmin - MioMioRun","og_description":"Habillez-vous de mani\u00e8re sportive sans sacrifier l'\u00e9l\u00e9gance en changeant la couleur du bracelet de la smartwatch sur les mod\u00e8les compatibles.","og_url":"https:\/\/www.miomiorun.com\/fr\/produit\/bracelets-precurseurs-22-mm\/","og_site_name":"MioMioRun","article_publisher":"https:\/\/www.facebook.com\/miomiorun\/","article_modified_time":"2025-06-30T15:14:39+00:00","og_image":[{"width":600,"height":600,"url":"https:\/\/www.miomiorun.com\/app\/uploads\/2023\/05\/garmin-cinturino-fr-965-yellow-010-11251-AE.jpg","type":"image\/jpeg"}],"twitter_card":"summary_large_image","schema":{"@context":"https:\/\/schema.org","@graph":[{"@type":"WebPage","@id":"https:\/\/www.miomiorun.com\/fr\/produit\/bracelets-precurseurs-22-mm\/","url":"https:\/\/www.miomiorun.com\/fr\/produit\/bracelets-precurseurs-22-mm\/","name":"Garmin Bracelets Forerunner 22 mm -accessoires garmin - MioMioRun","isPartOf":{"@id":"https:\/\/www.miomiorun.com\/fr\/#website"},"primaryImageOfPage":{"@id":"https:\/\/www.miomiorun.com\/fr\/produit\/bracelets-precurseurs-22-mm\/#primaryimage"},"image":{"@id":"https:\/\/www.miomiorun.com\/fr\/produit\/bracelets-precurseurs-22-mm\/#primaryimage"},"thumbnailUrl":"https:\/\/www.miomiorun.com\/app\/uploads\/2023\/05\/garmin-cinturino-fr-965-yellow-010-11251-AE.jpg","datePublished":"2023-05-05T07:46:22+00:00","dateModified":"2025-06-30T15:14:39+00:00","description":"Habillez-vous de mani\u00e8re sportive sans sacrifier l'\u00e9l\u00e9gance en changeant la couleur du bracelet de la smartwatch sur les mod\u00e8les compatibles.","breadcrumb":{"@id":"https:\/\/www.miomiorun.com\/fr\/produit\/bracelets-precurseurs-22-mm\/#breadcrumb"},"inLanguage":"fr-FR","potentialAction":[{"@type":"ReadAction","target":["https:\/\/www.miomiorun.com\/fr\/produit\/bracelets-precurseurs-22-mm\/"]}]},{"@type":"ImageObject","inLanguage":"fr-FR","@id":"https:\/\/www.miomiorun.com\/fr\/produit\/bracelets-precurseurs-22-mm\/#primaryimage","url":"https:\/\/www.miomiorun.com\/app\/uploads\/2023\/05\/garmin-cinturino-fr-965-yellow-010-11251-AE.jpg","contentUrl":"https:\/\/www.miomiorun.com\/app\/uploads\/2023\/05\/garmin-cinturino-fr-965-yellow-010-11251-AE.jpg","width":600,"height":600,"caption":"garmin-cinturino-fr-965-yellow-010-11251-AE"},{"@type":"BreadcrumbList","@id":"https:\/\/www.miomiorun.com\/fr\/produit\/bracelets-precurseurs-22-mm\/#breadcrumb","itemListElement":[{"@type":"ListItem","position":1,"name":"Home","item":"https:\/\/www.miomiorun.com\/fr\/home-page\/"},{"@type":"ListItem","position":2,"name":"Shop","item":"https:\/\/www.miomiorun.com\/shop\/"},{"@type":"ListItem","position":3,"name":"Bracelets Forerunner 22 mm"}]},{"@type":"WebSite","@id":"https:\/\/www.miomiorun.com\/fr\/#website","url":"https:\/\/www.miomiorun.com\/fr\/","name":"MioMioRun","description":"Boutique 100% running et trail","publisher":{"@id":"https:\/\/www.miomiorun.com\/fr\/#organization"},"potentialAction":[{"@type":"SearchAction","target":{"@type":"EntryPoint","urlTemplate":"https:\/\/www.miomiorun.com\/fr\/?s={search_term_string}"},"query-input":{"@type":"PropertyValueSpecification","valueRequired":true,"valueName":"search_term_string"}}],"inLanguage":"fr-FR"},{"@type":"Organization","@id":"https:\/\/www.miomiorun.com\/fr\/#organization","name":"MioMio Run","url":"https:\/\/www.miomiorun.com\/fr\/","logo":{"@type":"ImageObject","inLanguage":"fr-FR","@id":"https:\/\/www.miomiorun.com\/fr\/#\/schema\/logo\/image\/","url":"https:\/\/www.miomiorun.com\/app\/uploads\/2019\/12\/logomio.png","contentUrl":"https:\/\/www.miomiorun.com\/app\/uploads\/2019\/12\/logomio.png","width":115,"height":82,"caption":"MioMio Run"},"image":{"@id":"https:\/\/www.miomiorun.com\/fr\/#\/schema\/logo\/image\/"},"sameAs":["https:\/\/www.facebook.com\/miomiorun\/","https:\/\/www.instagram.com\/miomiorun\/"]}]}},"_links":{"self":[{"href":"https:\/\/www.miomiorun.com\/fr\/wp-json\/wp\/v2\/product\/286226","targetHints":{"allow":["GET"]}}],"collection":[{"href":"https:\/\/www.miomiorun.com\/fr\/wp-json\/wp\/v2\/product"}],"about":[{"href":"https:\/\/www.miomiorun.com\/fr\/wp-json\/wp\/v2\/types\/product"}],"wp:featuredmedia":[{"embeddable":true,"href":"https:\/\/www.miomiorun.com\/fr\/wp-json\/wp\/v2\/media\/240405"}],"wp:attachment":[{"href":"https:\/\/www.miomiorun.com\/fr\/wp-json\/wp\/v2\/media?parent=286226"}],"wp:term":[{"taxonomy":"product_brand","embeddable":true,"href":"https:\/\/www.miomiorun.com\/fr\/wp-json\/wp\/v2\/product_brand?post=286226"},{"taxonomy":"product_cat","embeddable":true,"href":"https:\/\/www.miomiorun.com\/fr\/wp-json\/wp\/v2\/product_cat?post=286226"},{"taxonomy":"product_tag","embeddable":true,"href":"https:\/\/www.miomiorun.com\/fr\/wp-json\/wp\/v2\/product_tag?post=286226"}],"curies":[{"name":"wp","href":"https:\/\/api.w.org\/{rel}","templated":true}]}}