{"id":286208,"date":"2023-05-06T18:24:55","date_gmt":"2023-05-06T16:24:55","guid":{"rendered":"https:\/\/miomiorun.com\/prodotto\/hero-nano-optics-nordic-light\/"},"modified":"2025-06-30T17:17:04","modified_gmt":"2025-06-30T15:17:04","slug":"hero-nano-optics-nordic-light","status":"publish","type":"product","link":"https:\/\/www.miomiorun.com\/fr\/produit\/hero-nano-optics-nordic-light\/","title":{"rendered":"Hero Nano Optics Nordic Light"},"content":{"rendered":"<p><div class=\"vc-row container\"><div class=\"vc-column\"><div class=\"vc-column-text\">Hero est le r\u00e9sultat de nos connaissances combin\u00e9es &#8211; notre mod\u00e8le le plus avanc\u00e9 \u00e0 ce jour. Un design futuriste combin\u00e9 \u00e0 une technologie avanc\u00e9e. Une monture ultra-l\u00e9g\u00e8re qui ne p\u00e8se que 30 grammes. La technologie Nano Optics regroupe une tonne de fonctionnalit\u00e9s en une seule lentille. Les branches et le nez sont r\u00e9glables pour un ajustement tr\u00e8s confortable, tandis que les lentilles interchangeables vous permettent d&#8217;\u00eatre pr\u00eat \u00e0 tout. Vous pouvez \u00e9galement utiliser un adaptateur optique pour adapter vos lunettes \u00e0 votre prescription (\u00e0 acheter s\u00e9par\u00e9ment). Vous \u00eates des personnes qui font le maximum d&#8217;efforts, quelle que soit l&#8217;activit\u00e9. Dans ce cas, Hero est le bon choix pour vous.<\/p>\n<p>&nbsp;<\/p>\n<p><strong>Propri\u00e9t\u00e9s g\u00e9n\u00e9rales<\/strong><\/p>\n<p>C&#8217;est le look du progr\u00e8s. Hero est 0% r\u00e9tro et 100% futur. La combinaison des verres Nano Optics de haute technologie et de la monture ultra-l\u00e9g\u00e8re avec fibre de carbone int\u00e9gr\u00e9e est aussi proche de la perfection qu&#8217;il est possible de l&#8217;\u00eatre. Au total, Hero ne p\u00e8se que 30 grammes. Toutes ces possibilit\u00e9s de r\u00e9glage, un confort de premi\u00e8re classe et des performances qui vous lib\u00e8rent. Hero est le mod\u00e8le qu&#8217;il vous faut si vous pr\u00e9f\u00e9rez enfoncer la porte plut\u00f4t que d&#8217;attendre qu&#8217;elle s&#8217;ouvre.<\/p>\n<p><strong>Propri\u00e9t\u00e9s de l&#8217;objectif<\/strong><\/p>\n<p>L&#8217;objectif Nano Optics est tout ce dont vous avez toujours r\u00eav\u00e9, et plus encore ! La distorsion optique minimale vous permet de voir les choses exactement comme elles sont. Gr\u00e2ce au triple traitement antibu\u00e9e, les lentilles embu\u00e9es appartiennent au pass\u00e9. Le rev\u00eatement hydrophobe garde les lentilles s\u00e8ches par tous les temps, tandis que le rev\u00eatement anti-rayures les garde belles et claires. En outre, un rev\u00eatement ol\u00e9ophobe prot\u00e8ge les lentilles de la salet\u00e9. L&#8217;objectif est fabriqu\u00e9 en X-PC incassable, naturellement avec une protection UV compl\u00e8te. Mais cela ne suffit pas ! Nano Optics est disponible avec deux lentilles suppl\u00e9mentaires. Une lentille photochromique qui s&#8217;assombrit ou s&#8217;\u00e9claircit automatiquement en fonction des conditions m\u00e9t\u00e9orologiques et une version Nordic Light qui offre des contrastes marqu\u00e9s.<\/p>\n<p><strong>Mat\u00e9riaux<\/strong><\/p>\n<p>Le c\u0153ur du Hero est en Grilamid TR90, renforc\u00e9 par des fibres de carbone super rigides et l\u00e9g\u00e8res, le m\u00eame mat\u00e9riau que celui utilis\u00e9 dans les avions de chasse et les voitures de F1. Compromis&#8221; n&#8217;est pas un mot qui convient ici. Le Hero est dot\u00e9 d&#8217;un cadre solide, l\u00e9ger et globalement fantastique.<\/p>\n<p><strong>Possibilit\u00e9s d&#8217;ajustement<\/strong><\/p>\n<p>Hero est construit en tenant compte de tous les types de performances, y compris le maintien. Son poids l\u00e9ger de seulement 30 grammes permet de le porter facilement sur le visage. Les branches et le nez sont r\u00e9glables. Un autre avantage de Hero est la possibilit\u00e9 d&#8217;installer un adaptateur optique. Il est achet\u00e9 s\u00e9par\u00e9ment et peut contenir votre prescription personnelle de lunettes.<\/div><\/div><\/div><div class=\"vc-row container\"><div class=\"vc-column\"><div class=\"vc-column-text\"><\/p>\n<div class=\"col-20 col-m-33 col-s-100\">\n<div class=\"tech-item\">\n<div class=\"col-20 col-m-33 col-s-100\">\n<div class=\"tech-item\">\n<h3><img loading=\"lazy\" decoding=\"async\" class=\"lazyloaded\" src=\"https:\/\/www.bliz.com\/media\/2249\/100-uv.png\" width=\"75\" height=\"75\" data-src=\"\/media\/2249\/100-uv.png\" \/><strong>100 % de protection contre les UV<\/strong><\/h3>\n<p>Les lunettes Bliz Active Eyewear prot\u00e8gent efficacement vos yeux des rayons UVA et UVB nocifs.<\/p>\n<\/div>\n<\/div>\n<\/div>\n<\/div>\n<p><\/div><\/div><div class=\"vc-column\"><div class=\"vc-column-text\"><\/p>\n<div class=\"col-20 col-m-33 col-s-100\">\n<div class=\"tech-item\">\n<p><img decoding=\"async\" class=\"lazyloaded\" src=\"https:\/\/www.bliz.com\/media\/2251\/ce-standard.png\" data-src=\"https:\/\/www.bliz.com\/media\/2251\/ce-standard.png\" \/><\/p>\n<h3>Norme CE<\/h3>\n<p>Tous les produits Bliz Active sont marqu\u00e9s CE, ce qui signifie que nous respectons les exigences de base en mati\u00e8re de sant\u00e9 et de s\u00e9curit\u00e9 qui figurent dans les directives de l&#8217;UE relatives \u00e0 ce groupe de produits.<\/p>\n<\/div>\n<\/div>\n<p><\/div><\/div><div class=\"vc-column\"><div class=\"vc-column-text\"><img decoding=\"async\" class=\"lazyloaded\" src=\"https:\/\/www.bliz.com\/media\/2243\/unbreakable-xpc-lens.png\" data-src=\"\/media\/2243\/unbreakable-xpc-lens.png\" \/><\/p>\n<h3 id=\"tw-target-text\" class=\"tw-data-text tw-text-large tw-ta\" dir=\"ltr\" data-placeholder=\"Traduzione\"><span class=\"Y2IQFc\" lang=\"it\">Lentilles incassables en polycarbonate<\/span><\/h3>\n<p class=\"tw-data-text tw-text-large tw-ta\" dir=\"ltr\" data-placeholder=\"Traduzione\"><span class=\"Y2IQFc\" lang=\"it\">Les verres sont en polycarbonate incassable. Ils sont 10 fois plus r\u00e9sistants aux chocs que les verres en plastique ou en verre et offrent le plus haut degr\u00e9 de protection.<\/span><\/p>\n<p><\/div><\/div><div class=\"vc-column\"><div class=\"vc-column-text\"><\/p>\n<h3><img decoding=\"async\" class=\"lazyloaded\" src=\"https:\/\/www.bliz.com\/media\/2259\/g_tr90.png\" data-src=\"\/media\/2259\/g_tr90.png\" \/><\/h3>\n<h3><strong>Grilamid TR90<\/strong><\/h3>\n<p>Ce mat\u00e9riau high-tech tr\u00e8s flexible offre un poids tr\u00e8s faible et d&#8217;excellentes performances dans toutes les conditions m\u00e9t\u00e9orologiques.<\/div><\/div><\/div><div class=\"vc-row container\"><div class=\"vc-column\"><div class=\"vc-column-text\"><\/p>\n<h3><img decoding=\"async\" class=\"lazyloaded\" src=\"https:\/\/www.bliz.com\/media\/2265\/optical-adapter.png\" data-src=\"\/media\/2265\/optical-adapter.png\" \/><\/h3>\n<h3>Adaptateur optique<\/h3>\n<p>L&#8217;adaptateur optique permet d&#8217;int\u00e9grer des verres correcteurs pour une vision optimale lors de la pratique d&#8217;un sport. Disponible en tant qu&#8217;accessoire.<\/div><\/div><div class=\"vc-column\"><div class=\"vc-column-text\"><img decoding=\"async\" class=\"lazyloaded\" src=\"https:\/\/www.bliz.com\/media\/2257\/friction_rubber_nosepad.png\" data-src=\"\/media\/2257\/friction_rubber_nosepad.png\" \/><\/p>\n<h3><span class=\"VIiyi\" lang=\"it\"><span class=\"JLqJ4b ChMk0b\" data-language-for-alternatives=\"it\" data-language-to-translate-into=\"en\" data-phrase-index=\"0\" data-number-of-phrases=\"3\"><span class=\"Q4iAWc\">Plaquette nasale en caoutchouc \u00e0 friction<\/span><\/span><\/span><\/h3>\n<p><span class=\"VIiyi\" lang=\"it\"><span class=\"JLqJ4b ChMk0b\" data-language-for-alternatives=\"it\" data-language-to-translate-into=\"en\" data-phrase-index=\"2\" data-number-of-phrases=\"3\"><span class=\"Q4iAWc\">Plaquette nasale en caoutchouc souple pour un confort extr\u00eame et un ajustement optimal autour du nez.<\/span><\/span><\/span><\/div><\/div><div class=\"vc-column\"><div class=\"vc-column-text\"><img decoding=\"async\" class=\"lazyloaded\" src=\"https:\/\/www.bliz.com\/media\/2239\/temple-tips.png\" data-src=\"\/media\/2239\/temple-tips.png\" \/><\/p>\n<h3>Embouts de branches en caoutchouc \u00e0 friction<\/h3>\n<p>Ces lunettes sont dot\u00e9es d&#8217;embouts de branches en caoutchouc \u00e0 friction<\/div><\/div><\/div><\/p>\n","protected":false},"excerpt":{"rendered":"<h6 class=\"section-head gray-color nm\">Included products<\/h6>\n<p><img decoding=\"async\" title=\"Hard Case or Box\" src=\"https:\/\/www.bliz.com\/media\/7655\/bliz_sunglasses_case.jpg?width=100\" alt=\"Hard Case or Box\" \/><img decoding=\"async\" title=\"Microfiber Pouch\" src=\"https:\/\/www.bliz.com\/media\/7654\/soft-microfiber-pouch-bliz.jpg?width=100\" alt=\"Microfiber Pouch\" \/><\/p>\n","protected":false},"featured_media":240473,"template":"","meta":{"_acf_changed":false,"inline_featured_image":false},"product_brand":[],"product_cat":[22577,22538],"product_tag":[23461],"class_list":{"0":"post-286208","1":"product","2":"type-product","3":"status-publish","4":"has-post-thumbnail","6":"product_cat-lunettes","7":"product_cat-accessoires","8":"product_tag-bliz-fr","9":"pa_attivita-marcher","10":"pa_attivita-outdoor-fr","11":"pa_attivita-running-fr","12":"pa_attivita-trail-fr","13":"pa_colore-hero-nano-optics-nordic-light-fr","14":"pa_marca-bliz-fr","15":"pa_sesso-femme","16":"pa_sesso-homme","18":"first","19":"instock","20":"sale","21":"taxable","22":"shipping-taxable","23":"purchasable","24":"product-type-variable","25":"wvs-archive-product-wrapper"},"acf":[],"yoast_head":"<!-- This site is optimized with the Yoast SEO plugin v26.8 - https:\/\/yoast.com\/product\/yoast-seo-wordpress\/ -->\n<title>Bliz Hero Nano Optics Nordic Light - Lunettes de course - MioMioRun.com<\/title>\n<meta name=\"description\" content=\"Hero est fabriqu\u00e9 en Grilamid TR90. Cela vous donne une flexibilit\u00e9 imbattable avec un faible poids. Mat\u00e9riau id\u00e9al.\" \/>\n<meta name=\"robots\" content=\"index, follow, max-snippet:-1, max-image-preview:large, max-video-preview:-1\" \/>\n<link rel=\"canonical\" href=\"https:\/\/www.miomiorun.com\/fr\/produit\/hero-nano-optics-nordic-light\/\" \/>\n<meta property=\"og:locale\" content=\"fr_FR\" \/>\n<meta property=\"og:type\" content=\"article\" \/>\n<meta property=\"og:title\" content=\"Bliz Hero Nano Optics Nordic Light - Lunettes de course - MioMioRun.com\" \/>\n<meta property=\"og:description\" content=\"Hero est fabriqu\u00e9 en Grilamid TR90. Cela vous donne une flexibilit\u00e9 imbattable avec un faible poids. Mat\u00e9riau id\u00e9al.\" \/>\n<meta property=\"og:url\" content=\"https:\/\/www.miomiorun.com\/fr\/produit\/hero-nano-optics-nordic-light\/\" \/>\n<meta property=\"og:site_name\" content=\"MioMioRun\" \/>\n<meta property=\"article:publisher\" content=\"https:\/\/www.facebook.com\/miomiorun\/\" \/>\n<meta property=\"article:modified_time\" content=\"2025-06-30T15:17:04+00:00\" \/>\n<meta property=\"og:image\" content=\"https:\/\/www.miomiorun.com\/app\/uploads\/2023\/05\/bliz-Hero-Nano-Optics-Nordic-Light-52210-14N.jpg\" \/>\n\t<meta property=\"og:image:width\" content=\"600\" \/>\n\t<meta property=\"og:image:height\" content=\"600\" \/>\n\t<meta property=\"og:image:type\" content=\"image\/jpeg\" \/>\n<meta name=\"twitter:card\" content=\"summary_large_image\" \/>\n<meta name=\"twitter:label1\" content=\"Est. reading time\" \/>\n\t<meta name=\"twitter:data1\" content=\"4 minutes\" \/>\n<script type=\"application\/ld+json\" class=\"yoast-schema-graph\">{\"@context\":\"https:\/\/schema.org\",\"@graph\":[{\"@type\":\"WebPage\",\"@id\":\"https:\/\/www.miomiorun.com\/fr\/produit\/hero-nano-optics-nordic-light\/\",\"url\":\"https:\/\/www.miomiorun.com\/fr\/produit\/hero-nano-optics-nordic-light\/\",\"name\":\"Bliz Hero Nano Optics Nordic Light - Lunettes de course - MioMioRun.com\",\"isPartOf\":{\"@id\":\"https:\/\/www.miomiorun.com\/fr\/#website\"},\"primaryImageOfPage\":{\"@id\":\"https:\/\/www.miomiorun.com\/fr\/produit\/hero-nano-optics-nordic-light\/#primaryimage\"},\"image\":{\"@id\":\"https:\/\/www.miomiorun.com\/fr\/produit\/hero-nano-optics-nordic-light\/#primaryimage\"},\"thumbnailUrl\":\"https:\/\/www.miomiorun.com\/app\/uploads\/2023\/05\/bliz-Hero-Nano-Optics-Nordic-Light-52210-14N.jpg\",\"datePublished\":\"2023-05-06T16:24:55+00:00\",\"dateModified\":\"2025-06-30T15:17:04+00:00\",\"description\":\"Hero est fabriqu\u00e9 en Grilamid TR90. Cela vous donne une flexibilit\u00e9 imbattable avec un faible poids. Mat\u00e9riau id\u00e9al.\",\"breadcrumb\":{\"@id\":\"https:\/\/www.miomiorun.com\/fr\/produit\/hero-nano-optics-nordic-light\/#breadcrumb\"},\"inLanguage\":\"fr-FR\",\"potentialAction\":[{\"@type\":\"ReadAction\",\"target\":[\"https:\/\/www.miomiorun.com\/fr\/produit\/hero-nano-optics-nordic-light\/\"]}]},{\"@type\":\"ImageObject\",\"inLanguage\":\"fr-FR\",\"@id\":\"https:\/\/www.miomiorun.com\/fr\/produit\/hero-nano-optics-nordic-light\/#primaryimage\",\"url\":\"https:\/\/www.miomiorun.com\/app\/uploads\/2023\/05\/bliz-Hero-Nano-Optics-Nordic-Light-52210-14N.jpg\",\"contentUrl\":\"https:\/\/www.miomiorun.com\/app\/uploads\/2023\/05\/bliz-Hero-Nano-Optics-Nordic-Light-52210-14N.jpg\",\"width\":600,\"height\":600,\"caption\":\"bliz-Hero-Nano-Optics-Nordic-Light-52210-14N\"},{\"@type\":\"BreadcrumbList\",\"@id\":\"https:\/\/www.miomiorun.com\/fr\/produit\/hero-nano-optics-nordic-light\/#breadcrumb\",\"itemListElement\":[{\"@type\":\"ListItem\",\"position\":1,\"name\":\"Home\",\"item\":\"https:\/\/www.miomiorun.com\/fr\/home-page\/\"},{\"@type\":\"ListItem\",\"position\":2,\"name\":\"Shop\",\"item\":\"https:\/\/www.miomiorun.com\/shop\/\"},{\"@type\":\"ListItem\",\"position\":3,\"name\":\"Hero Nano Optics Nordic Light\"}]},{\"@type\":\"WebSite\",\"@id\":\"https:\/\/www.miomiorun.com\/fr\/#website\",\"url\":\"https:\/\/www.miomiorun.com\/fr\/\",\"name\":\"MioMioRun\",\"description\":\"Boutique 100% running et trail\",\"publisher\":{\"@id\":\"https:\/\/www.miomiorun.com\/fr\/#organization\"},\"potentialAction\":[{\"@type\":\"SearchAction\",\"target\":{\"@type\":\"EntryPoint\",\"urlTemplate\":\"https:\/\/www.miomiorun.com\/fr\/?s={search_term_string}\"},\"query-input\":{\"@type\":\"PropertyValueSpecification\",\"valueRequired\":true,\"valueName\":\"search_term_string\"}}],\"inLanguage\":\"fr-FR\"},{\"@type\":\"Organization\",\"@id\":\"https:\/\/www.miomiorun.com\/fr\/#organization\",\"name\":\"MioMio Run\",\"url\":\"https:\/\/www.miomiorun.com\/fr\/\",\"logo\":{\"@type\":\"ImageObject\",\"inLanguage\":\"fr-FR\",\"@id\":\"https:\/\/www.miomiorun.com\/fr\/#\/schema\/logo\/image\/\",\"url\":\"https:\/\/www.miomiorun.com\/app\/uploads\/2019\/12\/logomio.png\",\"contentUrl\":\"https:\/\/www.miomiorun.com\/app\/uploads\/2019\/12\/logomio.png\",\"width\":115,\"height\":82,\"caption\":\"MioMio Run\"},\"image\":{\"@id\":\"https:\/\/www.miomiorun.com\/fr\/#\/schema\/logo\/image\/\"},\"sameAs\":[\"https:\/\/www.facebook.com\/miomiorun\/\",\"https:\/\/www.instagram.com\/miomiorun\/\"]}]}<\/script>\n<!-- \/ Yoast SEO plugin. -->","yoast_head_json":{"title":"Bliz Hero Nano Optics Nordic Light - Lunettes de course - MioMioRun.com","description":"Hero est fabriqu\u00e9 en Grilamid TR90. Cela vous donne une flexibilit\u00e9 imbattable avec un faible poids. Mat\u00e9riau id\u00e9al.","robots":{"index":"index","follow":"follow","max-snippet":"max-snippet:-1","max-image-preview":"max-image-preview:large","max-video-preview":"max-video-preview:-1"},"canonical":"https:\/\/www.miomiorun.com\/fr\/produit\/hero-nano-optics-nordic-light\/","og_locale":"fr_FR","og_type":"article","og_title":"Bliz Hero Nano Optics Nordic Light - Lunettes de course - MioMioRun.com","og_description":"Hero est fabriqu\u00e9 en Grilamid TR90. Cela vous donne une flexibilit\u00e9 imbattable avec un faible poids. Mat\u00e9riau id\u00e9al.","og_url":"https:\/\/www.miomiorun.com\/fr\/produit\/hero-nano-optics-nordic-light\/","og_site_name":"MioMioRun","article_publisher":"https:\/\/www.facebook.com\/miomiorun\/","article_modified_time":"2025-06-30T15:17:04+00:00","og_image":[{"width":600,"height":600,"url":"https:\/\/www.miomiorun.com\/app\/uploads\/2023\/05\/bliz-Hero-Nano-Optics-Nordic-Light-52210-14N.jpg","type":"image\/jpeg"}],"twitter_card":"summary_large_image","twitter_misc":{"Est. reading time":"4 minutes"},"schema":{"@context":"https:\/\/schema.org","@graph":[{"@type":"WebPage","@id":"https:\/\/www.miomiorun.com\/fr\/produit\/hero-nano-optics-nordic-light\/","url":"https:\/\/www.miomiorun.com\/fr\/produit\/hero-nano-optics-nordic-light\/","name":"Bliz Hero Nano Optics Nordic Light - Lunettes de course - MioMioRun.com","isPartOf":{"@id":"https:\/\/www.miomiorun.com\/fr\/#website"},"primaryImageOfPage":{"@id":"https:\/\/www.miomiorun.com\/fr\/produit\/hero-nano-optics-nordic-light\/#primaryimage"},"image":{"@id":"https:\/\/www.miomiorun.com\/fr\/produit\/hero-nano-optics-nordic-light\/#primaryimage"},"thumbnailUrl":"https:\/\/www.miomiorun.com\/app\/uploads\/2023\/05\/bliz-Hero-Nano-Optics-Nordic-Light-52210-14N.jpg","datePublished":"2023-05-06T16:24:55+00:00","dateModified":"2025-06-30T15:17:04+00:00","description":"Hero est fabriqu\u00e9 en Grilamid TR90. Cela vous donne une flexibilit\u00e9 imbattable avec un faible poids. Mat\u00e9riau id\u00e9al.","breadcrumb":{"@id":"https:\/\/www.miomiorun.com\/fr\/produit\/hero-nano-optics-nordic-light\/#breadcrumb"},"inLanguage":"fr-FR","potentialAction":[{"@type":"ReadAction","target":["https:\/\/www.miomiorun.com\/fr\/produit\/hero-nano-optics-nordic-light\/"]}]},{"@type":"ImageObject","inLanguage":"fr-FR","@id":"https:\/\/www.miomiorun.com\/fr\/produit\/hero-nano-optics-nordic-light\/#primaryimage","url":"https:\/\/www.miomiorun.com\/app\/uploads\/2023\/05\/bliz-Hero-Nano-Optics-Nordic-Light-52210-14N.jpg","contentUrl":"https:\/\/www.miomiorun.com\/app\/uploads\/2023\/05\/bliz-Hero-Nano-Optics-Nordic-Light-52210-14N.jpg","width":600,"height":600,"caption":"bliz-Hero-Nano-Optics-Nordic-Light-52210-14N"},{"@type":"BreadcrumbList","@id":"https:\/\/www.miomiorun.com\/fr\/produit\/hero-nano-optics-nordic-light\/#breadcrumb","itemListElement":[{"@type":"ListItem","position":1,"name":"Home","item":"https:\/\/www.miomiorun.com\/fr\/home-page\/"},{"@type":"ListItem","position":2,"name":"Shop","item":"https:\/\/www.miomiorun.com\/shop\/"},{"@type":"ListItem","position":3,"name":"Hero Nano Optics Nordic Light"}]},{"@type":"WebSite","@id":"https:\/\/www.miomiorun.com\/fr\/#website","url":"https:\/\/www.miomiorun.com\/fr\/","name":"MioMioRun","description":"Boutique 100% running et trail","publisher":{"@id":"https:\/\/www.miomiorun.com\/fr\/#organization"},"potentialAction":[{"@type":"SearchAction","target":{"@type":"EntryPoint","urlTemplate":"https:\/\/www.miomiorun.com\/fr\/?s={search_term_string}"},"query-input":{"@type":"PropertyValueSpecification","valueRequired":true,"valueName":"search_term_string"}}],"inLanguage":"fr-FR"},{"@type":"Organization","@id":"https:\/\/www.miomiorun.com\/fr\/#organization","name":"MioMio Run","url":"https:\/\/www.miomiorun.com\/fr\/","logo":{"@type":"ImageObject","inLanguage":"fr-FR","@id":"https:\/\/www.miomiorun.com\/fr\/#\/schema\/logo\/image\/","url":"https:\/\/www.miomiorun.com\/app\/uploads\/2019\/12\/logomio.png","contentUrl":"https:\/\/www.miomiorun.com\/app\/uploads\/2019\/12\/logomio.png","width":115,"height":82,"caption":"MioMio Run"},"image":{"@id":"https:\/\/www.miomiorun.com\/fr\/#\/schema\/logo\/image\/"},"sameAs":["https:\/\/www.facebook.com\/miomiorun\/","https:\/\/www.instagram.com\/miomiorun\/"]}]}},"_links":{"self":[{"href":"https:\/\/www.miomiorun.com\/fr\/wp-json\/wp\/v2\/product\/286208","targetHints":{"allow":["GET"]}}],"collection":[{"href":"https:\/\/www.miomiorun.com\/fr\/wp-json\/wp\/v2\/product"}],"about":[{"href":"https:\/\/www.miomiorun.com\/fr\/wp-json\/wp\/v2\/types\/product"}],"wp:featuredmedia":[{"embeddable":true,"href":"https:\/\/www.miomiorun.com\/fr\/wp-json\/wp\/v2\/media\/240473"}],"wp:attachment":[{"href":"https:\/\/www.miomiorun.com\/fr\/wp-json\/wp\/v2\/media?parent=286208"}],"wp:term":[{"taxonomy":"product_brand","embeddable":true,"href":"https:\/\/www.miomiorun.com\/fr\/wp-json\/wp\/v2\/product_brand?post=286208"},{"taxonomy":"product_cat","embeddable":true,"href":"https:\/\/www.miomiorun.com\/fr\/wp-json\/wp\/v2\/product_cat?post=286208"},{"taxonomy":"product_tag","embeddable":true,"href":"https:\/\/www.miomiorun.com\/fr\/wp-json\/wp\/v2\/product_tag?post=286208"}],"curies":[{"name":"wp","href":"https:\/\/api.w.org\/{rel}","templated":true}]}}