{"id":286201,"date":"2023-05-09T13:49:57","date_gmt":"2023-05-09T11:49:57","guid":{"rendered":"https:\/\/miomiorun.com\/prodotto\/trail-running-pole-belt\/"},"modified":"2026-05-08T21:42:46","modified_gmt":"2026-05-08T19:42:46","slug":"trail-running-pole-belt","status":"publish","type":"product","link":"https:\/\/www.miomiorun.com\/fr\/produit\/trail-running-pole-belt\/","title":{"rendered":"Trail Running Pole Belt"},"content":{"rendered":"<p>Trail Running <strong>Pole<\/strong> Belt est une ceinture \u00e9lastique de trail running pour le rangement des b\u00e2tons. Elle est \u00e9quip\u00e9e d&#8217;une poche zipp\u00e9e sur le devant pour les petits objets.<\/p>\n<p><b>Mati\u00e8re :<\/b>78% Polyester, 22% Elasthanne<\/p>\n","protected":false},"excerpt":{"rendered":"<ul>\n<li>Ceinture \u00e9lastique<\/li>\n<li>Id\u00e9ale pour transporter des b\u00e2tons.<\/li>\n<li>Dispose d&#8217;une poche avant zipp\u00e9e.<\/li>\n<\/ul>\n","protected":false},"featured_media":241638,"template":"","meta":{"_acf_changed":false,"inline_featured_image":false},"product_brand":[],"product_cat":[22588,22587,22538],"product_tag":[23596],"class_list":{"0":"post-286201","1":"product","2":"type-product","3":"status-publish","4":"has-post-thumbnail","6":"product_cat-ceintures","7":"product_cat-sacs-a-dos-et-ceintures","8":"product_cat-accessoires","9":"product_tag-leki-fr","10":"pa_attivita-trail-fr","11":"pa_marca-leki-fr","12":"pa_sesso-femme","13":"pa_sesso-homme","14":"pa_size-s-m-fr","15":"pa_size-m-l-fr","17":"first","18":"instock","19":"sale","20":"taxable","21":"shipping-taxable","22":"purchasable","23":"product-type-variable","24":"wvs-archive-product-wrapper"},"acf":[],"yoast_head":"<!-- This site is optimized with the Yoast SEO plugin v26.8 - https:\/\/yoast.com\/product\/yoast-seo-wordpress\/ -->\n<title>leki Trail Running Pole Belt - Accessoires de course - MioMioRun<\/title>\n<meta name=\"description\" content=\"Trail Running Pole Belt est une ceinture \u00e9lastique de trail running pour le rangement des b\u00e2tons. Elle est \u00e9quip\u00e9e d&#039;une poche zipp\u00e9e sur le devant.\" \/>\n<meta name=\"robots\" content=\"index, follow, max-snippet:-1, max-image-preview:large, max-video-preview:-1\" \/>\n<link rel=\"canonical\" href=\"https:\/\/www.miomiorun.com\/fr\/produit\/trail-running-pole-belt\/\" \/>\n<meta property=\"og:locale\" content=\"fr_FR\" \/>\n<meta property=\"og:type\" content=\"article\" \/>\n<meta property=\"og:title\" content=\"leki Trail Running Pole Belt - Accessoires de course - MioMioRun\" \/>\n<meta property=\"og:description\" content=\"Trail Running Pole Belt est une ceinture \u00e9lastique de trail running pour le rangement des b\u00e2tons. Elle est \u00e9quip\u00e9e d&#039;une poche zipp\u00e9e sur le devant.\" \/>\n<meta property=\"og:url\" content=\"https:\/\/www.miomiorun.com\/fr\/produit\/trail-running-pole-belt\/\" \/>\n<meta property=\"og:site_name\" content=\"MioMioRun\" \/>\n<meta property=\"article:publisher\" content=\"https:\/\/www.facebook.com\/miomiorun\/\" \/>\n<meta property=\"article:modified_time\" content=\"2026-05-08T19:42:46+00:00\" \/>\n<meta property=\"og:image\" content=\"https:\/\/www.miomiorun.com\/app\/uploads\/2023\/05\/leki-trail-running-pole-belt-368322001.jpg\" \/>\n\t<meta property=\"og:image:width\" content=\"600\" \/>\n\t<meta property=\"og:image:height\" content=\"600\" \/>\n\t<meta property=\"og:image:type\" content=\"image\/jpeg\" \/>\n<meta name=\"twitter:card\" content=\"summary_large_image\" \/>\n<script type=\"application\/ld+json\" class=\"yoast-schema-graph\">{\"@context\":\"https:\/\/schema.org\",\"@graph\":[{\"@type\":\"WebPage\",\"@id\":\"https:\/\/www.miomiorun.com\/fr\/produit\/trail-running-pole-belt\/\",\"url\":\"https:\/\/www.miomiorun.com\/fr\/produit\/trail-running-pole-belt\/\",\"name\":\"leki Trail Running Pole Belt - Accessoires de course - MioMioRun\",\"isPartOf\":{\"@id\":\"https:\/\/www.miomiorun.com\/fr\/#website\"},\"primaryImageOfPage\":{\"@id\":\"https:\/\/www.miomiorun.com\/fr\/produit\/trail-running-pole-belt\/#primaryimage\"},\"image\":{\"@id\":\"https:\/\/www.miomiorun.com\/fr\/produit\/trail-running-pole-belt\/#primaryimage\"},\"thumbnailUrl\":\"https:\/\/www.miomiorun.com\/app\/uploads\/2023\/05\/leki-trail-running-pole-belt-368322001.jpg\",\"datePublished\":\"2023-05-09T11:49:57+00:00\",\"dateModified\":\"2026-05-08T19:42:46+00:00\",\"description\":\"Trail Running Pole Belt est une ceinture \u00e9lastique de trail running pour le rangement des b\u00e2tons. Elle est \u00e9quip\u00e9e d'une poche zipp\u00e9e sur le devant.\",\"breadcrumb\":{\"@id\":\"https:\/\/www.miomiorun.com\/fr\/produit\/trail-running-pole-belt\/#breadcrumb\"},\"inLanguage\":\"fr-FR\",\"potentialAction\":[{\"@type\":\"ReadAction\",\"target\":[\"https:\/\/www.miomiorun.com\/fr\/produit\/trail-running-pole-belt\/\"]}]},{\"@type\":\"ImageObject\",\"inLanguage\":\"fr-FR\",\"@id\":\"https:\/\/www.miomiorun.com\/fr\/produit\/trail-running-pole-belt\/#primaryimage\",\"url\":\"https:\/\/www.miomiorun.com\/app\/uploads\/2023\/05\/leki-trail-running-pole-belt-368322001.jpg\",\"contentUrl\":\"https:\/\/www.miomiorun.com\/app\/uploads\/2023\/05\/leki-trail-running-pole-belt-368322001.jpg\",\"width\":600,\"height\":600,\"caption\":\"leki-trail-running-pole-belt-368322001\"},{\"@type\":\"BreadcrumbList\",\"@id\":\"https:\/\/www.miomiorun.com\/fr\/produit\/trail-running-pole-belt\/#breadcrumb\",\"itemListElement\":[{\"@type\":\"ListItem\",\"position\":1,\"name\":\"Home\",\"item\":\"https:\/\/www.miomiorun.com\/fr\/home-page\/\"},{\"@type\":\"ListItem\",\"position\":2,\"name\":\"Shop\",\"item\":\"https:\/\/www.miomiorun.com\/shop\/\"},{\"@type\":\"ListItem\",\"position\":3,\"name\":\"Trail Running Pole Belt\"}]},{\"@type\":\"WebSite\",\"@id\":\"https:\/\/www.miomiorun.com\/fr\/#website\",\"url\":\"https:\/\/www.miomiorun.com\/fr\/\",\"name\":\"MioMioRun\",\"description\":\"Boutique 100% running et trail\",\"publisher\":{\"@id\":\"https:\/\/www.miomiorun.com\/fr\/#organization\"},\"potentialAction\":[{\"@type\":\"SearchAction\",\"target\":{\"@type\":\"EntryPoint\",\"urlTemplate\":\"https:\/\/www.miomiorun.com\/fr\/?s={search_term_string}\"},\"query-input\":{\"@type\":\"PropertyValueSpecification\",\"valueRequired\":true,\"valueName\":\"search_term_string\"}}],\"inLanguage\":\"fr-FR\"},{\"@type\":\"Organization\",\"@id\":\"https:\/\/www.miomiorun.com\/fr\/#organization\",\"name\":\"MioMio Run\",\"url\":\"https:\/\/www.miomiorun.com\/fr\/\",\"logo\":{\"@type\":\"ImageObject\",\"inLanguage\":\"fr-FR\",\"@id\":\"https:\/\/www.miomiorun.com\/fr\/#\/schema\/logo\/image\/\",\"url\":\"https:\/\/www.miomiorun.com\/app\/uploads\/2019\/12\/logomio.png\",\"contentUrl\":\"https:\/\/www.miomiorun.com\/app\/uploads\/2019\/12\/logomio.png\",\"width\":115,\"height\":82,\"caption\":\"MioMio Run\"},\"image\":{\"@id\":\"https:\/\/www.miomiorun.com\/fr\/#\/schema\/logo\/image\/\"},\"sameAs\":[\"https:\/\/www.facebook.com\/miomiorun\/\",\"https:\/\/www.instagram.com\/miomiorun\/\"]}]}<\/script>\n<!-- \/ Yoast SEO plugin. -->","yoast_head_json":{"title":"leki Trail Running Pole Belt - Accessoires de course - MioMioRun","description":"Trail Running Pole Belt est une ceinture \u00e9lastique de trail running pour le rangement des b\u00e2tons. Elle est \u00e9quip\u00e9e d'une poche zipp\u00e9e sur le devant.","robots":{"index":"index","follow":"follow","max-snippet":"max-snippet:-1","max-image-preview":"max-image-preview:large","max-video-preview":"max-video-preview:-1"},"canonical":"https:\/\/www.miomiorun.com\/fr\/produit\/trail-running-pole-belt\/","og_locale":"fr_FR","og_type":"article","og_title":"leki Trail Running Pole Belt - Accessoires de course - MioMioRun","og_description":"Trail Running Pole Belt est une ceinture \u00e9lastique de trail running pour le rangement des b\u00e2tons. Elle est \u00e9quip\u00e9e d'une poche zipp\u00e9e sur le devant.","og_url":"https:\/\/www.miomiorun.com\/fr\/produit\/trail-running-pole-belt\/","og_site_name":"MioMioRun","article_publisher":"https:\/\/www.facebook.com\/miomiorun\/","article_modified_time":"2026-05-08T19:42:46+00:00","og_image":[{"width":600,"height":600,"url":"https:\/\/www.miomiorun.com\/app\/uploads\/2023\/05\/leki-trail-running-pole-belt-368322001.jpg","type":"image\/jpeg"}],"twitter_card":"summary_large_image","schema":{"@context":"https:\/\/schema.org","@graph":[{"@type":"WebPage","@id":"https:\/\/www.miomiorun.com\/fr\/produit\/trail-running-pole-belt\/","url":"https:\/\/www.miomiorun.com\/fr\/produit\/trail-running-pole-belt\/","name":"leki Trail Running Pole Belt - Accessoires de course - MioMioRun","isPartOf":{"@id":"https:\/\/www.miomiorun.com\/fr\/#website"},"primaryImageOfPage":{"@id":"https:\/\/www.miomiorun.com\/fr\/produit\/trail-running-pole-belt\/#primaryimage"},"image":{"@id":"https:\/\/www.miomiorun.com\/fr\/produit\/trail-running-pole-belt\/#primaryimage"},"thumbnailUrl":"https:\/\/www.miomiorun.com\/app\/uploads\/2023\/05\/leki-trail-running-pole-belt-368322001.jpg","datePublished":"2023-05-09T11:49:57+00:00","dateModified":"2026-05-08T19:42:46+00:00","description":"Trail Running Pole Belt est une ceinture \u00e9lastique de trail running pour le rangement des b\u00e2tons. Elle est \u00e9quip\u00e9e d'une poche zipp\u00e9e sur le devant.","breadcrumb":{"@id":"https:\/\/www.miomiorun.com\/fr\/produit\/trail-running-pole-belt\/#breadcrumb"},"inLanguage":"fr-FR","potentialAction":[{"@type":"ReadAction","target":["https:\/\/www.miomiorun.com\/fr\/produit\/trail-running-pole-belt\/"]}]},{"@type":"ImageObject","inLanguage":"fr-FR","@id":"https:\/\/www.miomiorun.com\/fr\/produit\/trail-running-pole-belt\/#primaryimage","url":"https:\/\/www.miomiorun.com\/app\/uploads\/2023\/05\/leki-trail-running-pole-belt-368322001.jpg","contentUrl":"https:\/\/www.miomiorun.com\/app\/uploads\/2023\/05\/leki-trail-running-pole-belt-368322001.jpg","width":600,"height":600,"caption":"leki-trail-running-pole-belt-368322001"},{"@type":"BreadcrumbList","@id":"https:\/\/www.miomiorun.com\/fr\/produit\/trail-running-pole-belt\/#breadcrumb","itemListElement":[{"@type":"ListItem","position":1,"name":"Home","item":"https:\/\/www.miomiorun.com\/fr\/home-page\/"},{"@type":"ListItem","position":2,"name":"Shop","item":"https:\/\/www.miomiorun.com\/shop\/"},{"@type":"ListItem","position":3,"name":"Trail Running Pole Belt"}]},{"@type":"WebSite","@id":"https:\/\/www.miomiorun.com\/fr\/#website","url":"https:\/\/www.miomiorun.com\/fr\/","name":"MioMioRun","description":"Boutique 100% running et trail","publisher":{"@id":"https:\/\/www.miomiorun.com\/fr\/#organization"},"potentialAction":[{"@type":"SearchAction","target":{"@type":"EntryPoint","urlTemplate":"https:\/\/www.miomiorun.com\/fr\/?s={search_term_string}"},"query-input":{"@type":"PropertyValueSpecification","valueRequired":true,"valueName":"search_term_string"}}],"inLanguage":"fr-FR"},{"@type":"Organization","@id":"https:\/\/www.miomiorun.com\/fr\/#organization","name":"MioMio Run","url":"https:\/\/www.miomiorun.com\/fr\/","logo":{"@type":"ImageObject","inLanguage":"fr-FR","@id":"https:\/\/www.miomiorun.com\/fr\/#\/schema\/logo\/image\/","url":"https:\/\/www.miomiorun.com\/app\/uploads\/2019\/12\/logomio.png","contentUrl":"https:\/\/www.miomiorun.com\/app\/uploads\/2019\/12\/logomio.png","width":115,"height":82,"caption":"MioMio Run"},"image":{"@id":"https:\/\/www.miomiorun.com\/fr\/#\/schema\/logo\/image\/"},"sameAs":["https:\/\/www.facebook.com\/miomiorun\/","https:\/\/www.instagram.com\/miomiorun\/"]}]}},"_links":{"self":[{"href":"https:\/\/www.miomiorun.com\/fr\/wp-json\/wp\/v2\/product\/286201","targetHints":{"allow":["GET"]}}],"collection":[{"href":"https:\/\/www.miomiorun.com\/fr\/wp-json\/wp\/v2\/product"}],"about":[{"href":"https:\/\/www.miomiorun.com\/fr\/wp-json\/wp\/v2\/types\/product"}],"wp:featuredmedia":[{"embeddable":true,"href":"https:\/\/www.miomiorun.com\/fr\/wp-json\/wp\/v2\/media\/241638"}],"wp:attachment":[{"href":"https:\/\/www.miomiorun.com\/fr\/wp-json\/wp\/v2\/media?parent=286201"}],"wp:term":[{"taxonomy":"product_brand","embeddable":true,"href":"https:\/\/www.miomiorun.com\/fr\/wp-json\/wp\/v2\/product_brand?post=286201"},{"taxonomy":"product_cat","embeddable":true,"href":"https:\/\/www.miomiorun.com\/fr\/wp-json\/wp\/v2\/product_cat?post=286201"},{"taxonomy":"product_tag","embeddable":true,"href":"https:\/\/www.miomiorun.com\/fr\/wp-json\/wp\/v2\/product_tag?post=286201"}],"curies":[{"name":"wp","href":"https:\/\/api.w.org\/{rel}","templated":true}]}}