{"id":286191,"date":"2023-05-09T14:18:32","date_gmt":"2023-05-09T12:18:32","guid":{"rendered":"https:\/\/miomiorun.com\/prodotto\/spin\/"},"modified":"2025-06-30T17:25:22","modified_gmt":"2025-06-30T15:25:22","slug":"spin","status":"publish","type":"product","link":"https:\/\/www.miomiorun.com\/fr\/produit\/spin\/","title":{"rendered":"Spin"},"content":{"rendered":"<p>Le Spin est le compagnon id\u00e9al des d\u00e9butants en marche nordique. Le syst\u00e8me Trigger 1, qui a fait ses preuves, offre une excellente transmission de la force au b\u00e2ton, tandis que le syst\u00e8me de r\u00e9glage Super Lock permet d&#8217;ajuster rapidement le b\u00e2ton \u00e0 la bonne longueur. La pointe en m\u00e9tal tremp\u00e9 offre une bonne adh\u00e9rence sur tous les terrains, tandis que le Powergrip Pad offre la meilleure adh\u00e9rence sur l&#8217;asphalte.<\/p>\n<h3>Nordic FRT<\/h3>\n<p>Le Nordic FRT est une poign\u00e9e sp\u00e9cialement d\u00e9velopp\u00e9e pour le ski de fond. Elle permet d&#8217;ajuster la sangle au millim\u00e8tre pr\u00e8s. Cela garantit une connexion optimale entre le b\u00e2ton et la main, ce qui permet d&#8217;exercer une force maximale sur la piste.<\/p>\n<h3>Trigger 1 Nordic Strap<\/h3>\n<p>Sangle classique, r\u00e9glable individuellement. Permet d&#8217;attacher et de d\u00e9tacher facilement la perche.<\/p>\n<h3>Aluminium<\/h3>\n<p>Aluminium HTS (Heat Treated Shaft) 5.5<\/p>\n<h3>Super Lock<\/h3>\n<p>Le syst\u00e8me de r\u00e9glage interne flexible assure une force de maintien maximale. De plus, le syst\u00e8me de s\u00e9curit\u00e9 d&#8217;inversion \u00e0 360\u00b0 assure une stabilit\u00e9 optimale.<\/p>\n<h3>Rondelle nordique<\/h3>\n<p>Plaque compacte pour la marche nordique. Prot\u00e8ge contre l&#8217;affaissement sur terrain humide et se remplace facilement \u00e0 la main.<\/p>\n<h3>Embout Flex<\/h3>\n<p>Pointe robuste pour un maniement pr\u00e9cis du b\u00e2ton et une adh\u00e9rence parfaite sur presque tous les types de terrain.<\/p>\n<h3>Powergrip Pad<\/h3>\n<p>Le Powergrip Pad en mat\u00e9riau vulcanis\u00e9 offre une adh\u00e9rence optimale sur les chemins et routes pav\u00e9s.<\/p>\n<h2>Caract\u00e9ristiques<\/h2>\n<table class=\"table product-detail-properties-table\">\n<tbody>\n<tr class=\"properties-row\">\n<th class=\"properties-label\">Activit\u00e9s :<\/th>\n<td class=\"properties-value\">Marche nordique<\/td>\n<\/tr>\n<tr class=\"properties-row\">\n<th class=\"properties-label\">Groupe d&#8217;\u00e2ge<\/th>\n<td class=\"properties-value\">Adultes<\/td>\n<\/tr>\n<tr class=\"properties-row\">\n<th class=\"properties-label\">Genre :<\/th>\n<td class=\"properties-value\">Unisexe<\/td>\n<\/tr>\n<tr class=\"properties-row\">\n<th class=\"properties-label\">Gamme de tailles :<\/th>\n<td class=\"properties-value\">Pas de sizerun<\/td>\n<\/tr>\n<tr class=\"properties-row\">\n<th class=\"properties-label\">Construction :<\/th>\n<td class=\"properties-value\">Vario (r\u00e9glable en continu)<\/td>\n<\/tr>\n<tr class=\"properties-row\">\n<th class=\"properties-label\">Taille de l&#8217;emballage<\/th>\n<td class=\"properties-value\">97 cm<\/td>\n<\/tr>\n<tr class=\"properties-row\">\n<th class=\"properties-label\">Poids :<\/th>\n<td class=\"properties-value\">210 g<\/td>\n<\/tr>\n<tr class=\"properties-row\">\n<th class=\"properties-label\">Diam\u00e8tre :<\/th>\n<td class=\"properties-value\">16|14 mm<\/td>\n<\/tr>\n<tr class=\"properties-row\">\n<th class=\"properties-label\">G\u00e9om\u00e9trie du tube :<\/th>\n<td class=\"properties-value\">Sans profil<\/td>\n<\/tr>\n<tr class=\"properties-row\">\n<th class=\"properties-label\">Forme du tube :<\/th>\n<td class=\"properties-value\">Cylindrique<\/td>\n<\/tr>\n<tr class=\"properties-row\">\n<th class=\"properties-label\">Poign\u00e9e :<\/th>\n<td class=\"properties-value\">FRT<\/td>\n<\/tr>\n<tr class=\"properties-row\">\n<th class=\"properties-label\">Strap :<\/th>\n<td class=\"properties-value\">Trigger 1 Nordic Strap<\/td>\n<\/tr>\n<tr class=\"properties-row\">\n<th class=\"properties-label\">Mat\u00e9riau du tube :<\/th>\n<td class=\"properties-value\">Aluminium (HTS 5.5)<\/td>\n<\/tr>\n<tr class=\"properties-row\">\n<th class=\"properties-label\">Partie sup\u00e9rieure du tube :<\/th>\n<td class=\"properties-value\">Aluminium<\/td>\n<\/tr>\n<tr class=\"properties-row\">\n<th class=\"properties-label\">Partie inf\u00e9rieure du tube :<\/th>\n<td class=\"properties-value\">Aluminium<\/td>\n<\/tr>\n<tr class=\"properties-row\">\n<th class=\"properties-label\">Syst\u00e8me de r\u00e9glage<\/th>\n<td class=\"properties-value\">Super Lock (SLS)<\/td>\n<\/tr>\n<tr class=\"properties-row\">\n<th class=\"properties-label\">Rondelle :<\/th>\n<td class=\"properties-value\">Nordic<\/td>\n<\/tr>\n<tr class=\"properties-row\">\n<th class=\"properties-label\">Conseil :<\/th>\n<td class=\"properties-value\">Flex Tip<\/td>\n<\/tr>\n<tr class=\"properties-row\">\n<th class=\"properties-label\">Taille de la pointe :<\/th>\n<td class=\"properties-value\">Kurz<\/td>\n<\/tr>\n<tr class=\"properties-row\">\n<th class=\"properties-label\">Coussin en caoutchouc :<\/th>\n<td class=\"properties-value\">Pad Powergrip<\/td>\n<\/tr>\n<\/tbody>\n<\/table>\n","protected":false},"excerpt":{"rendered":"<div class=\"row\">\n<div class=\"col-sm-12 clickbox\">\n<div class=\"row\">\n<div class=\"col-sm-7 clickbox\">\n<div class=\"row\">\n<div class=\"col-sm-12 clickbox\">\n<div class=\"height-1\">\n<div class=\"neom-emotion-element only-text title\">\n<ul>\n<li>Trigger Shark Strap.<\/li>\n<li>Super Lock.<\/li>\n<li>Aluminium .<\/li>\n<\/ul>\n<\/div>\n<\/div>\n<\/div>\n<\/div>\n<\/div>\n<\/div>\n<\/div>\n<\/div>\n","protected":false},"featured_media":241848,"template":"","meta":{"_acf_changed":false,"inline_featured_image":false},"product_brand":[],"product_cat":[22538,22539],"product_tag":[23596],"class_list":{"0":"post-286191","1":"product","2":"type-product","3":"status-publish","4":"has-post-thumbnail","6":"product_cat-accessoires","7":"product_cat-batons","8":"product_tag-leki-fr","9":"pa_attivita-marcher","10":"pa_attivita-outdoor-fr","11":"pa_marca-leki-fr","12":"pa_sesso-femme","13":"pa_sesso-homme","15":"first","16":"instock","17":"sale","18":"taxable","19":"shipping-taxable","20":"purchasable","21":"product-type-simple"},"acf":[],"yoast_head":"<!-- This site is optimized with the Yoast SEO plugin v26.8 - https:\/\/yoast.com\/product\/yoast-seo-wordpress\/ -->\n<title>Leki Spin - Bastone en marche - MioMioRun.com<\/title>\n<meta name=\"description\" content=\"Le syst\u00e8me \u00e9prouv\u00e9 Trigger 1 et le syst\u00e8me de r\u00e9glage Super Lock impressionnent par leur technique solide. La pointe est en carbure.\" \/>\n<meta name=\"robots\" content=\"index, follow, max-snippet:-1, max-image-preview:large, max-video-preview:-1\" \/>\n<link rel=\"canonical\" href=\"https:\/\/www.miomiorun.com\/fr\/produit\/spin\/\" \/>\n<meta property=\"og:locale\" content=\"fr_FR\" \/>\n<meta property=\"og:type\" content=\"article\" \/>\n<meta property=\"og:title\" content=\"Leki Spin - Bastone en marche - MioMioRun.com\" \/>\n<meta property=\"og:description\" content=\"Le syst\u00e8me \u00e9prouv\u00e9 Trigger 1 et le syst\u00e8me de r\u00e9glage Super Lock impressionnent par leur technique solide. La pointe est en carbure.\" \/>\n<meta property=\"og:url\" content=\"https:\/\/www.miomiorun.com\/fr\/produit\/spin\/\" \/>\n<meta property=\"og:site_name\" content=\"MioMioRun\" \/>\n<meta property=\"article:publisher\" content=\"https:\/\/www.facebook.com\/miomiorun\/\" \/>\n<meta property=\"article:modified_time\" content=\"2025-06-30T15:25:22+00:00\" \/>\n<meta property=\"og:image\" content=\"https:\/\/www.miomiorun.com\/app\/uploads\/2023\/05\/leki-spin-black-silvergrey-white-65326161.jpg\" \/>\n\t<meta property=\"og:image:width\" content=\"600\" \/>\n\t<meta property=\"og:image:height\" content=\"600\" \/>\n\t<meta property=\"og:image:type\" content=\"image\/jpeg\" \/>\n<meta name=\"twitter:card\" content=\"summary_large_image\" \/>\n<meta name=\"twitter:label1\" content=\"Est. reading time\" \/>\n\t<meta name=\"twitter:data1\" content=\"2 minutes\" \/>\n<script type=\"application\/ld+json\" class=\"yoast-schema-graph\">{\"@context\":\"https:\/\/schema.org\",\"@graph\":[{\"@type\":\"WebPage\",\"@id\":\"https:\/\/www.miomiorun.com\/fr\/produit\/spin\/\",\"url\":\"https:\/\/www.miomiorun.com\/fr\/produit\/spin\/\",\"name\":\"Leki Spin - Bastone en marche - MioMioRun.com\",\"isPartOf\":{\"@id\":\"https:\/\/www.miomiorun.com\/fr\/#website\"},\"primaryImageOfPage\":{\"@id\":\"https:\/\/www.miomiorun.com\/fr\/produit\/spin\/#primaryimage\"},\"image\":{\"@id\":\"https:\/\/www.miomiorun.com\/fr\/produit\/spin\/#primaryimage\"},\"thumbnailUrl\":\"https:\/\/www.miomiorun.com\/app\/uploads\/2023\/05\/leki-spin-black-silvergrey-white-65326161.jpg\",\"datePublished\":\"2023-05-09T12:18:32+00:00\",\"dateModified\":\"2025-06-30T15:25:22+00:00\",\"description\":\"Le syst\u00e8me \u00e9prouv\u00e9 Trigger 1 et le syst\u00e8me de r\u00e9glage Super Lock impressionnent par leur technique solide. La pointe est en carbure.\",\"breadcrumb\":{\"@id\":\"https:\/\/www.miomiorun.com\/fr\/produit\/spin\/#breadcrumb\"},\"inLanguage\":\"fr-FR\",\"potentialAction\":[{\"@type\":\"ReadAction\",\"target\":[\"https:\/\/www.miomiorun.com\/fr\/produit\/spin\/\"]}]},{\"@type\":\"ImageObject\",\"inLanguage\":\"fr-FR\",\"@id\":\"https:\/\/www.miomiorun.com\/fr\/produit\/spin\/#primaryimage\",\"url\":\"https:\/\/www.miomiorun.com\/app\/uploads\/2023\/05\/leki-spin-black-silvergrey-white-65326161.jpg\",\"contentUrl\":\"https:\/\/www.miomiorun.com\/app\/uploads\/2023\/05\/leki-spin-black-silvergrey-white-65326161.jpg\",\"width\":600,\"height\":600,\"caption\":\"leki-spin-black-silvergrey-white-65326161\"},{\"@type\":\"BreadcrumbList\",\"@id\":\"https:\/\/www.miomiorun.com\/fr\/produit\/spin\/#breadcrumb\",\"itemListElement\":[{\"@type\":\"ListItem\",\"position\":1,\"name\":\"Home\",\"item\":\"https:\/\/www.miomiorun.com\/fr\/home-page\/\"},{\"@type\":\"ListItem\",\"position\":2,\"name\":\"Shop\",\"item\":\"https:\/\/www.miomiorun.com\/shop\/\"},{\"@type\":\"ListItem\",\"position\":3,\"name\":\"Spin\"}]},{\"@type\":\"WebSite\",\"@id\":\"https:\/\/www.miomiorun.com\/fr\/#website\",\"url\":\"https:\/\/www.miomiorun.com\/fr\/\",\"name\":\"MioMioRun\",\"description\":\"Boutique 100% running et trail\",\"publisher\":{\"@id\":\"https:\/\/www.miomiorun.com\/fr\/#organization\"},\"potentialAction\":[{\"@type\":\"SearchAction\",\"target\":{\"@type\":\"EntryPoint\",\"urlTemplate\":\"https:\/\/www.miomiorun.com\/fr\/?s={search_term_string}\"},\"query-input\":{\"@type\":\"PropertyValueSpecification\",\"valueRequired\":true,\"valueName\":\"search_term_string\"}}],\"inLanguage\":\"fr-FR\"},{\"@type\":\"Organization\",\"@id\":\"https:\/\/www.miomiorun.com\/fr\/#organization\",\"name\":\"MioMio Run\",\"url\":\"https:\/\/www.miomiorun.com\/fr\/\",\"logo\":{\"@type\":\"ImageObject\",\"inLanguage\":\"fr-FR\",\"@id\":\"https:\/\/www.miomiorun.com\/fr\/#\/schema\/logo\/image\/\",\"url\":\"https:\/\/www.miomiorun.com\/app\/uploads\/2019\/12\/logomio.png\",\"contentUrl\":\"https:\/\/www.miomiorun.com\/app\/uploads\/2019\/12\/logomio.png\",\"width\":115,\"height\":82,\"caption\":\"MioMio Run\"},\"image\":{\"@id\":\"https:\/\/www.miomiorun.com\/fr\/#\/schema\/logo\/image\/\"},\"sameAs\":[\"https:\/\/www.facebook.com\/miomiorun\/\",\"https:\/\/www.instagram.com\/miomiorun\/\"]}]}<\/script>\n<!-- \/ Yoast SEO plugin. -->","yoast_head_json":{"title":"Leki Spin - Bastone en marche - MioMioRun.com","description":"Le syst\u00e8me \u00e9prouv\u00e9 Trigger 1 et le syst\u00e8me de r\u00e9glage Super Lock impressionnent par leur technique solide. La pointe est en carbure.","robots":{"index":"index","follow":"follow","max-snippet":"max-snippet:-1","max-image-preview":"max-image-preview:large","max-video-preview":"max-video-preview:-1"},"canonical":"https:\/\/www.miomiorun.com\/fr\/produit\/spin\/","og_locale":"fr_FR","og_type":"article","og_title":"Leki Spin - Bastone en marche - MioMioRun.com","og_description":"Le syst\u00e8me \u00e9prouv\u00e9 Trigger 1 et le syst\u00e8me de r\u00e9glage Super Lock impressionnent par leur technique solide. La pointe est en carbure.","og_url":"https:\/\/www.miomiorun.com\/fr\/produit\/spin\/","og_site_name":"MioMioRun","article_publisher":"https:\/\/www.facebook.com\/miomiorun\/","article_modified_time":"2025-06-30T15:25:22+00:00","og_image":[{"width":600,"height":600,"url":"https:\/\/www.miomiorun.com\/app\/uploads\/2023\/05\/leki-spin-black-silvergrey-white-65326161.jpg","type":"image\/jpeg"}],"twitter_card":"summary_large_image","twitter_misc":{"Est. reading time":"2 minutes"},"schema":{"@context":"https:\/\/schema.org","@graph":[{"@type":"WebPage","@id":"https:\/\/www.miomiorun.com\/fr\/produit\/spin\/","url":"https:\/\/www.miomiorun.com\/fr\/produit\/spin\/","name":"Leki Spin - Bastone en marche - MioMioRun.com","isPartOf":{"@id":"https:\/\/www.miomiorun.com\/fr\/#website"},"primaryImageOfPage":{"@id":"https:\/\/www.miomiorun.com\/fr\/produit\/spin\/#primaryimage"},"image":{"@id":"https:\/\/www.miomiorun.com\/fr\/produit\/spin\/#primaryimage"},"thumbnailUrl":"https:\/\/www.miomiorun.com\/app\/uploads\/2023\/05\/leki-spin-black-silvergrey-white-65326161.jpg","datePublished":"2023-05-09T12:18:32+00:00","dateModified":"2025-06-30T15:25:22+00:00","description":"Le syst\u00e8me \u00e9prouv\u00e9 Trigger 1 et le syst\u00e8me de r\u00e9glage Super Lock impressionnent par leur technique solide. La pointe est en carbure.","breadcrumb":{"@id":"https:\/\/www.miomiorun.com\/fr\/produit\/spin\/#breadcrumb"},"inLanguage":"fr-FR","potentialAction":[{"@type":"ReadAction","target":["https:\/\/www.miomiorun.com\/fr\/produit\/spin\/"]}]},{"@type":"ImageObject","inLanguage":"fr-FR","@id":"https:\/\/www.miomiorun.com\/fr\/produit\/spin\/#primaryimage","url":"https:\/\/www.miomiorun.com\/app\/uploads\/2023\/05\/leki-spin-black-silvergrey-white-65326161.jpg","contentUrl":"https:\/\/www.miomiorun.com\/app\/uploads\/2023\/05\/leki-spin-black-silvergrey-white-65326161.jpg","width":600,"height":600,"caption":"leki-spin-black-silvergrey-white-65326161"},{"@type":"BreadcrumbList","@id":"https:\/\/www.miomiorun.com\/fr\/produit\/spin\/#breadcrumb","itemListElement":[{"@type":"ListItem","position":1,"name":"Home","item":"https:\/\/www.miomiorun.com\/fr\/home-page\/"},{"@type":"ListItem","position":2,"name":"Shop","item":"https:\/\/www.miomiorun.com\/shop\/"},{"@type":"ListItem","position":3,"name":"Spin"}]},{"@type":"WebSite","@id":"https:\/\/www.miomiorun.com\/fr\/#website","url":"https:\/\/www.miomiorun.com\/fr\/","name":"MioMioRun","description":"Boutique 100% running et trail","publisher":{"@id":"https:\/\/www.miomiorun.com\/fr\/#organization"},"potentialAction":[{"@type":"SearchAction","target":{"@type":"EntryPoint","urlTemplate":"https:\/\/www.miomiorun.com\/fr\/?s={search_term_string}"},"query-input":{"@type":"PropertyValueSpecification","valueRequired":true,"valueName":"search_term_string"}}],"inLanguage":"fr-FR"},{"@type":"Organization","@id":"https:\/\/www.miomiorun.com\/fr\/#organization","name":"MioMio Run","url":"https:\/\/www.miomiorun.com\/fr\/","logo":{"@type":"ImageObject","inLanguage":"fr-FR","@id":"https:\/\/www.miomiorun.com\/fr\/#\/schema\/logo\/image\/","url":"https:\/\/www.miomiorun.com\/app\/uploads\/2019\/12\/logomio.png","contentUrl":"https:\/\/www.miomiorun.com\/app\/uploads\/2019\/12\/logomio.png","width":115,"height":82,"caption":"MioMio Run"},"image":{"@id":"https:\/\/www.miomiorun.com\/fr\/#\/schema\/logo\/image\/"},"sameAs":["https:\/\/www.facebook.com\/miomiorun\/","https:\/\/www.instagram.com\/miomiorun\/"]}]}},"_links":{"self":[{"href":"https:\/\/www.miomiorun.com\/fr\/wp-json\/wp\/v2\/product\/286191","targetHints":{"allow":["GET"]}}],"collection":[{"href":"https:\/\/www.miomiorun.com\/fr\/wp-json\/wp\/v2\/product"}],"about":[{"href":"https:\/\/www.miomiorun.com\/fr\/wp-json\/wp\/v2\/types\/product"}],"wp:featuredmedia":[{"embeddable":true,"href":"https:\/\/www.miomiorun.com\/fr\/wp-json\/wp\/v2\/media\/241848"}],"wp:attachment":[{"href":"https:\/\/www.miomiorun.com\/fr\/wp-json\/wp\/v2\/media?parent=286191"}],"wp:term":[{"taxonomy":"product_brand","embeddable":true,"href":"https:\/\/www.miomiorun.com\/fr\/wp-json\/wp\/v2\/product_brand?post=286191"},{"taxonomy":"product_cat","embeddable":true,"href":"https:\/\/www.miomiorun.com\/fr\/wp-json\/wp\/v2\/product_cat?post=286191"},{"taxonomy":"product_tag","embeddable":true,"href":"https:\/\/www.miomiorun.com\/fr\/wp-json\/wp\/v2\/product_tag?post=286191"}],"curies":[{"name":"wp","href":"https:\/\/api.w.org\/{rel}","templated":true}]}}