{"id":286186,"date":"2023-05-16T19:09:27","date_gmt":"2023-05-16T17:09:27","guid":{"rendered":"https:\/\/miomiorun.com\/prodotto\/infiknit-ultralight-crew\/"},"modified":"2026-05-08T21:42:51","modified_gmt":"2026-05-08T19:42:51","slug":"infiknit-ultralight-crew","status":"publish","type":"product","link":"https:\/\/www.miomiorun.com\/fr\/produit\/infiknit-ultralight-crew\/","title":{"rendered":"Infiknit UltraLight Crew"},"content":{"rendered":"<div class=\"vc-row container\"><div class=\"vc-column\"><div class=\"vc-column-text\"><span style=\"font-weight: 400;\">Vous vous fixez de grands objectifs pour \u00eatre plus actif ? Les mod\u00e8les Stance Performance sont dot\u00e9s de caract\u00e9ristiques telles que Feel 360\u2122 et Infiknit\u2122 pour am\u00e9liorer chaque course ou entra\u00eenement. Du confort tout au long de la journ\u00e9e \u00e0 la durabilit\u00e9 garantie \u00e0 vie, gardez vos objectifs sur la bonne voie, en partant de z\u00e9ro.<\/span><\/p>\n<p>Un bon choix pour un ajustement serr\u00e9, ces chaussettes l\u00e9g\u00e8res offrent une barri\u00e8re respirante et moins encombrante entre le pied et la chaussure.<\/p>\n<h2>Caract\u00e9ristiques<\/h2>\n<ul>\n<li>Notre technologie Infiknit\u2122 ne se d\u00e9chire jamais. Fait pour durer.<\/li>\n<li>Le support de l&#8217;arc stabilise votre swing avec style.<\/li>\n<li>Logo r\u00e9fl\u00e9chissant pour une meilleure visibilit\u00e9.<\/li>\n<li>Fermeture des orteils sans couture pour une finition anti-friction que vos pieds appr\u00e9cieront.<\/li>\n<li>La maille Performance Mesh vous permet de rester au frais gr\u00e2ce \u00e0 une circulation d&#8217;air et une respirabilit\u00e9 maximales.<\/li>\n<\/ul>\n<h2>Amortissement ultral\u00e9ger<\/h2>\n<p>Nos chaussettes les plus minimalistes, ces chaussettes offrent une barri\u00e8re l\u00e9g\u00e8re et respirante entre le pied et la chaussure sans rembourrage.<\/p>\n<p>&nbsp;<\/p>\n<h2>\u00c9quipage<\/h2>\n<p>Une hauteur de chaussette classique qui atteint le milieu de la jambe.<\/p>\n<h2>Entretien du produit<\/h2>\n<ul>\n<li style=\"font-weight: 400;\"><span style=\"font-weight: 400;\">Lavage en machine \u00e0 40\u00b0C<\/span><\/li>\n<li style=\"font-weight: 400;\"><span style=\"font-weight: 400;\">\u00c9viter le blanchiment ou le repassage<\/span><\/li>\n<li style=\"font-weight: 400;\"><span style=\"font-weight: 400;\">Les chaussettes dureront plus longtemps si vous ne les mettez pas au s\u00e8che-linge.<\/span><\/li>\n<\/ul>\n<p><\/div><\/div><\/div>\n","protected":false},"excerpt":{"rendered":"<p>Choisissez la taille et la couleur pour d\u00e9couvrir les caract\u00e9ristiques des diff\u00e9rents mod\u00e8les disponibles<\/p>\n","protected":false},"featured_media":240625,"template":"","meta":{"_acf_changed":false,"inline_featured_image":false},"product_brand":[],"product_cat":[24256,22597,22596,24482,24484,22595],"product_tag":[23538,23547,23548],"class_list":{"0":"post-286186","1":"product","2":"type-product","3":"status-publish","4":"has-post-thumbnail","6":"product_cat-chaussettes-fr","7":"product_cat-chaussettes","8":"product_cat-vetements-pour-femmes","9":"product_cat-vetements-pour-hommes-fr","10":"product_cat-homme","11":"product_cat-femme","12":"product_tag-stance-fr","13":"product_tag-stance-femme","14":"product_tag-stance-homme","15":"pa_attivita-fitness-fr","16":"pa_attivita-lifestyle-fr","17":"pa_attivita-marcher","18":"pa_attivita-running-fr","19":"pa_colore-2000-ul-crew-blue-fr","20":"pa_colore-franchise-ul-crew-fr","21":"pa_colore-franchise-ul-crew-black-fr","22":"pa_colore-gamma-ray-ul-crew-navy","23":"pa_colore-slant-crew-greencamo-fr","24":"pa_colore-solid-ul-crew-black","25":"pa_colore-spot-check-crew-fr","26":"pa_colore-washed-black-ultra-crew-washedblack-fr","27":"pa_marca-stance-fr","28":"pa_sesso-femme","29":"pa_sesso-homme","30":"pa_size-35-37-fr","31":"pa_size-38-42-fr","32":"pa_size-43-46-fr","34":"first","35":"instock","36":"sale","37":"taxable","38":"shipping-taxable","39":"purchasable","40":"product-type-variable","41":"wvs-archive-product-wrapper"},"acf":[],"yoast_head":"<!-- This site is optimized with the Yoast SEO plugin v26.8 - https:\/\/yoast.com\/product\/yoast-seo-wordpress\/ -->\n<title>Stance Infiknit UltraLight Crew - Chaussettes de course - MioMioRun.com<\/title>\n<meta name=\"description\" content=\"Du confort tout au long de la journ\u00e9e \u00e0 la durabilit\u00e9 garantie \u00e0 vie, gardez vos objectifs sur la bonne voie, en repartant de z\u00e9ro.\" \/>\n<meta name=\"robots\" content=\"index, follow, max-snippet:-1, max-image-preview:large, max-video-preview:-1\" \/>\n<link rel=\"canonical\" href=\"https:\/\/www.miomiorun.com\/fr\/produit\/infiknit-ultralight-crew\/\" \/>\n<meta property=\"og:locale\" content=\"fr_FR\" \/>\n<meta property=\"og:type\" content=\"article\" \/>\n<meta property=\"og:title\" content=\"Stance Infiknit UltraLight Crew - Chaussettes de course - MioMioRun.com\" \/>\n<meta property=\"og:description\" content=\"Du confort tout au long de la journ\u00e9e \u00e0 la durabilit\u00e9 garantie \u00e0 vie, gardez vos objectifs sur la bonne voie, en repartant de z\u00e9ro.\" \/>\n<meta property=\"og:url\" content=\"https:\/\/www.miomiorun.com\/fr\/produit\/infiknit-ultralight-crew\/\" \/>\n<meta property=\"og:site_name\" content=\"MioMioRun\" \/>\n<meta property=\"article:publisher\" content=\"https:\/\/www.facebook.com\/miomiorun\/\" \/>\n<meta property=\"article:modified_time\" content=\"2026-05-08T19:42:51+00:00\" \/>\n<meta property=\"og:image\" content=\"https:\/\/www.miomiorun.com\/app\/uploads\/2023\/05\/stance-heat-crew-61USUL00016.jpg\" \/>\n\t<meta property=\"og:image:width\" content=\"600\" \/>\n\t<meta property=\"og:image:height\" content=\"600\" \/>\n\t<meta property=\"og:image:type\" content=\"image\/jpeg\" \/>\n<meta name=\"twitter:card\" content=\"summary_large_image\" \/>\n<meta name=\"twitter:label1\" content=\"Est. reading time\" \/>\n\t<meta name=\"twitter:data1\" content=\"1 minute\" \/>\n<script type=\"application\/ld+json\" class=\"yoast-schema-graph\">{\"@context\":\"https:\/\/schema.org\",\"@graph\":[{\"@type\":\"WebPage\",\"@id\":\"https:\/\/www.miomiorun.com\/fr\/produit\/infiknit-ultralight-crew\/\",\"url\":\"https:\/\/www.miomiorun.com\/fr\/produit\/infiknit-ultralight-crew\/\",\"name\":\"Stance Infiknit UltraLight Crew - Chaussettes de course - MioMioRun.com\",\"isPartOf\":{\"@id\":\"https:\/\/www.miomiorun.com\/fr\/#website\"},\"primaryImageOfPage\":{\"@id\":\"https:\/\/www.miomiorun.com\/fr\/produit\/infiknit-ultralight-crew\/#primaryimage\"},\"image\":{\"@id\":\"https:\/\/www.miomiorun.com\/fr\/produit\/infiknit-ultralight-crew\/#primaryimage\"},\"thumbnailUrl\":\"https:\/\/www.miomiorun.com\/app\/uploads\/2023\/05\/stance-heat-crew-61USUL00016.jpg\",\"datePublished\":\"2023-05-16T17:09:27+00:00\",\"dateModified\":\"2026-05-08T19:42:51+00:00\",\"description\":\"Du confort tout au long de la journ\u00e9e \u00e0 la durabilit\u00e9 garantie \u00e0 vie, gardez vos objectifs sur la bonne voie, en repartant de z\u00e9ro.\",\"breadcrumb\":{\"@id\":\"https:\/\/www.miomiorun.com\/fr\/produit\/infiknit-ultralight-crew\/#breadcrumb\"},\"inLanguage\":\"fr-FR\",\"potentialAction\":[{\"@type\":\"ReadAction\",\"target\":[\"https:\/\/www.miomiorun.com\/fr\/produit\/infiknit-ultralight-crew\/\"]}]},{\"@type\":\"ImageObject\",\"inLanguage\":\"fr-FR\",\"@id\":\"https:\/\/www.miomiorun.com\/fr\/produit\/infiknit-ultralight-crew\/#primaryimage\",\"url\":\"https:\/\/www.miomiorun.com\/app\/uploads\/2023\/05\/stance-heat-crew-61USUL00016.jpg\",\"contentUrl\":\"https:\/\/www.miomiorun.com\/app\/uploads\/2023\/05\/stance-heat-crew-61USUL00016.jpg\",\"width\":600,\"height\":600,\"caption\":\"stance-heat-crew-61USUL00016\"},{\"@type\":\"BreadcrumbList\",\"@id\":\"https:\/\/www.miomiorun.com\/fr\/produit\/infiknit-ultralight-crew\/#breadcrumb\",\"itemListElement\":[{\"@type\":\"ListItem\",\"position\":1,\"name\":\"Home\",\"item\":\"https:\/\/www.miomiorun.com\/fr\/home-page\/\"},{\"@type\":\"ListItem\",\"position\":2,\"name\":\"Shop\",\"item\":\"https:\/\/www.miomiorun.com\/shop\/\"},{\"@type\":\"ListItem\",\"position\":3,\"name\":\"Infiknit UltraLight Crew\"}]},{\"@type\":\"WebSite\",\"@id\":\"https:\/\/www.miomiorun.com\/fr\/#website\",\"url\":\"https:\/\/www.miomiorun.com\/fr\/\",\"name\":\"MioMioRun\",\"description\":\"Boutique 100% running et trail\",\"publisher\":{\"@id\":\"https:\/\/www.miomiorun.com\/fr\/#organization\"},\"potentialAction\":[{\"@type\":\"SearchAction\",\"target\":{\"@type\":\"EntryPoint\",\"urlTemplate\":\"https:\/\/www.miomiorun.com\/fr\/?s={search_term_string}\"},\"query-input\":{\"@type\":\"PropertyValueSpecification\",\"valueRequired\":true,\"valueName\":\"search_term_string\"}}],\"inLanguage\":\"fr-FR\"},{\"@type\":\"Organization\",\"@id\":\"https:\/\/www.miomiorun.com\/fr\/#organization\",\"name\":\"MioMio Run\",\"url\":\"https:\/\/www.miomiorun.com\/fr\/\",\"logo\":{\"@type\":\"ImageObject\",\"inLanguage\":\"fr-FR\",\"@id\":\"https:\/\/www.miomiorun.com\/fr\/#\/schema\/logo\/image\/\",\"url\":\"https:\/\/www.miomiorun.com\/app\/uploads\/2019\/12\/logomio.png\",\"contentUrl\":\"https:\/\/www.miomiorun.com\/app\/uploads\/2019\/12\/logomio.png\",\"width\":115,\"height\":82,\"caption\":\"MioMio Run\"},\"image\":{\"@id\":\"https:\/\/www.miomiorun.com\/fr\/#\/schema\/logo\/image\/\"},\"sameAs\":[\"https:\/\/www.facebook.com\/miomiorun\/\",\"https:\/\/www.instagram.com\/miomiorun\/\"]}]}<\/script>\n<!-- \/ Yoast SEO plugin. -->","yoast_head_json":{"title":"Stance Infiknit UltraLight Crew - Chaussettes de course - MioMioRun.com","description":"Du confort tout au long de la journ\u00e9e \u00e0 la durabilit\u00e9 garantie \u00e0 vie, gardez vos objectifs sur la bonne voie, en repartant de z\u00e9ro.","robots":{"index":"index","follow":"follow","max-snippet":"max-snippet:-1","max-image-preview":"max-image-preview:large","max-video-preview":"max-video-preview:-1"},"canonical":"https:\/\/www.miomiorun.com\/fr\/produit\/infiknit-ultralight-crew\/","og_locale":"fr_FR","og_type":"article","og_title":"Stance Infiknit UltraLight Crew - Chaussettes de course - MioMioRun.com","og_description":"Du confort tout au long de la journ\u00e9e \u00e0 la durabilit\u00e9 garantie \u00e0 vie, gardez vos objectifs sur la bonne voie, en repartant de z\u00e9ro.","og_url":"https:\/\/www.miomiorun.com\/fr\/produit\/infiknit-ultralight-crew\/","og_site_name":"MioMioRun","article_publisher":"https:\/\/www.facebook.com\/miomiorun\/","article_modified_time":"2026-05-08T19:42:51+00:00","og_image":[{"width":600,"height":600,"url":"https:\/\/www.miomiorun.com\/app\/uploads\/2023\/05\/stance-heat-crew-61USUL00016.jpg","type":"image\/jpeg"}],"twitter_card":"summary_large_image","twitter_misc":{"Est. reading time":"1 minute"},"schema":{"@context":"https:\/\/schema.org","@graph":[{"@type":"WebPage","@id":"https:\/\/www.miomiorun.com\/fr\/produit\/infiknit-ultralight-crew\/","url":"https:\/\/www.miomiorun.com\/fr\/produit\/infiknit-ultralight-crew\/","name":"Stance Infiknit UltraLight Crew - Chaussettes de course - MioMioRun.com","isPartOf":{"@id":"https:\/\/www.miomiorun.com\/fr\/#website"},"primaryImageOfPage":{"@id":"https:\/\/www.miomiorun.com\/fr\/produit\/infiknit-ultralight-crew\/#primaryimage"},"image":{"@id":"https:\/\/www.miomiorun.com\/fr\/produit\/infiknit-ultralight-crew\/#primaryimage"},"thumbnailUrl":"https:\/\/www.miomiorun.com\/app\/uploads\/2023\/05\/stance-heat-crew-61USUL00016.jpg","datePublished":"2023-05-16T17:09:27+00:00","dateModified":"2026-05-08T19:42:51+00:00","description":"Du confort tout au long de la journ\u00e9e \u00e0 la durabilit\u00e9 garantie \u00e0 vie, gardez vos objectifs sur la bonne voie, en repartant de z\u00e9ro.","breadcrumb":{"@id":"https:\/\/www.miomiorun.com\/fr\/produit\/infiknit-ultralight-crew\/#breadcrumb"},"inLanguage":"fr-FR","potentialAction":[{"@type":"ReadAction","target":["https:\/\/www.miomiorun.com\/fr\/produit\/infiknit-ultralight-crew\/"]}]},{"@type":"ImageObject","inLanguage":"fr-FR","@id":"https:\/\/www.miomiorun.com\/fr\/produit\/infiknit-ultralight-crew\/#primaryimage","url":"https:\/\/www.miomiorun.com\/app\/uploads\/2023\/05\/stance-heat-crew-61USUL00016.jpg","contentUrl":"https:\/\/www.miomiorun.com\/app\/uploads\/2023\/05\/stance-heat-crew-61USUL00016.jpg","width":600,"height":600,"caption":"stance-heat-crew-61USUL00016"},{"@type":"BreadcrumbList","@id":"https:\/\/www.miomiorun.com\/fr\/produit\/infiknit-ultralight-crew\/#breadcrumb","itemListElement":[{"@type":"ListItem","position":1,"name":"Home","item":"https:\/\/www.miomiorun.com\/fr\/home-page\/"},{"@type":"ListItem","position":2,"name":"Shop","item":"https:\/\/www.miomiorun.com\/shop\/"},{"@type":"ListItem","position":3,"name":"Infiknit UltraLight Crew"}]},{"@type":"WebSite","@id":"https:\/\/www.miomiorun.com\/fr\/#website","url":"https:\/\/www.miomiorun.com\/fr\/","name":"MioMioRun","description":"Boutique 100% running et trail","publisher":{"@id":"https:\/\/www.miomiorun.com\/fr\/#organization"},"potentialAction":[{"@type":"SearchAction","target":{"@type":"EntryPoint","urlTemplate":"https:\/\/www.miomiorun.com\/fr\/?s={search_term_string}"},"query-input":{"@type":"PropertyValueSpecification","valueRequired":true,"valueName":"search_term_string"}}],"inLanguage":"fr-FR"},{"@type":"Organization","@id":"https:\/\/www.miomiorun.com\/fr\/#organization","name":"MioMio Run","url":"https:\/\/www.miomiorun.com\/fr\/","logo":{"@type":"ImageObject","inLanguage":"fr-FR","@id":"https:\/\/www.miomiorun.com\/fr\/#\/schema\/logo\/image\/","url":"https:\/\/www.miomiorun.com\/app\/uploads\/2019\/12\/logomio.png","contentUrl":"https:\/\/www.miomiorun.com\/app\/uploads\/2019\/12\/logomio.png","width":115,"height":82,"caption":"MioMio Run"},"image":{"@id":"https:\/\/www.miomiorun.com\/fr\/#\/schema\/logo\/image\/"},"sameAs":["https:\/\/www.facebook.com\/miomiorun\/","https:\/\/www.instagram.com\/miomiorun\/"]}]}},"_links":{"self":[{"href":"https:\/\/www.miomiorun.com\/fr\/wp-json\/wp\/v2\/product\/286186","targetHints":{"allow":["GET"]}}],"collection":[{"href":"https:\/\/www.miomiorun.com\/fr\/wp-json\/wp\/v2\/product"}],"about":[{"href":"https:\/\/www.miomiorun.com\/fr\/wp-json\/wp\/v2\/types\/product"}],"wp:featuredmedia":[{"embeddable":true,"href":"https:\/\/www.miomiorun.com\/fr\/wp-json\/wp\/v2\/media\/240625"}],"wp:attachment":[{"href":"https:\/\/www.miomiorun.com\/fr\/wp-json\/wp\/v2\/media?parent=286186"}],"wp:term":[{"taxonomy":"product_brand","embeddable":true,"href":"https:\/\/www.miomiorun.com\/fr\/wp-json\/wp\/v2\/product_brand?post=286186"},{"taxonomy":"product_cat","embeddable":true,"href":"https:\/\/www.miomiorun.com\/fr\/wp-json\/wp\/v2\/product_cat?post=286186"},{"taxonomy":"product_tag","embeddable":true,"href":"https:\/\/www.miomiorun.com\/fr\/wp-json\/wp\/v2\/product_tag?post=286186"}],"curies":[{"name":"wp","href":"https:\/\/api.w.org\/{rel}","templated":true}]}}