{"id":286104,"date":"2023-06-13T14:56:40","date_gmt":"2023-06-13T12:56:40","guid":{"rendered":"https:\/\/miomiorun.com\/prodotto\/akyra-donna\/"},"modified":"2025-12-06T19:31:21","modified_gmt":"2025-12-06T18:31:21","slug":"akyra-femme","status":"publish","type":"product","link":"https:\/\/www.miomiorun.com\/fr\/produit\/akyra-femme\/","title":{"rendered":"Akyra femme"},"content":{"rendered":"<div class=\"vc-row container\"><div class=\"vc-column\"><div class=\"vc-column-text\"><\/p>\n<p><strong>Caract\u00e9ristiques techniques<\/strong><\/p>\n<p>Cat\u00e9gorie : amorti sup\u00e9rieur<br \/>\nD\u00e9calage : 9 mm<br \/>\nPoids : 310 g<br \/>\nId\u00e9al pour : les amateurs de course en montagne \u00e0 la recherche d&#8217;un mod\u00e8le solide et robuste, capable de garantir traction, protection et confort de chaussure, aussi bien sur les longues que sur les moyennes distances pendant la saison hivernale.<br \/>\nPoids de l&#8217;athl\u00e8te : 60-80 kg<br \/>\nAllure de course : lente (&gt;5,30 min\/km)<br \/>\n<a href=\"https:\/\/miomiorun.com\/fr\/guide-des-specificites\/\">Guide des sp\u00e9cifications techniques<\/a><\/p>\n<p><\/div><\/div><div class=\"vc-column\"> <div class=\"vc-column-text\"><strong>Akyra<\/strong> dans sa version f\u00e9minine est une chaussure de <strong>course en montagne<\/strong> structur\u00e9e et protectrice, adapt\u00e9e aux parcours d&#8217;endurance tels que les <strong>Ultra Trails et les Ultra Marathons<\/strong>. Particuli\u00e8rement enveloppante, confortable et protectrice, c&#8217;est une chaussure de trail con\u00e7ue pour une utilisation prolong\u00e9e sur des terrains hors route.<\/p>\n<p>Elle adopte une tige tr\u00e8s enveloppante et confortable, structur\u00e9e en 3 couches qui conf\u00e8rent, de l&#8217;int\u00e9rieur vers l&#8217;ext\u00e9rieur : confort, gr\u00e2ce \u00e0 sa construction sans coutures, flexibilit\u00e9 et structure gr\u00e2ce \u00e0 l&#8217;application innovante <strong>MicroLite Skeleton\u2122<\/strong> qui suit le mouvement du pied de mani\u00e8re dynamique pendant la course, protection gr\u00e2ce aux applications structurelles <strong>Flex-Guard\u2122<\/strong> en microfibre qui maintiennent la chaussure l\u00e9g\u00e8re tout en offrant une barri\u00e8re contre les abrasions possibles lors de la course entre les rochers et les racines.<\/p>\n<p>La stabilit\u00e9 exceptionnelle est assur\u00e9e par la technologie <strong>TrailCage System\u2122<\/strong> qui, plac\u00e9e entre les deux couches de la tige, apporte structure et maintien en s&#8217;int\u00e9grant au syst\u00e8me de la\u00e7age. La semelle d\u00e9velopp\u00e9e par le d\u00e9partement R&amp;D de La Sportiva est \u00e9quip\u00e9e de la nouvelle bande de roulement adh\u00e9rente FriXion XT avec Impact Brake System et d&#8217;un design exclusif avec technologie Trail Rocker qui favorise l&#8217;appui naturel \u00ab talon ext\u00e9rieur-pointe int\u00e9rieure \u00bb du pied pendant la course. Amorti, protection et confort, les 3 c\u00f4t\u00e9s d&#8217;une g\u00e9om\u00e9trie parfaite : l&#8217;origami, qui inspire le design g\u00e9n\u00e9ral de la chaussure.<\/p>\n<p>Avec Akyra, courir est un art.<\/p>\n<h3>Caract\u00e9ristiques :<\/h3>\n<ul>\n<li>Structure g\u00e9n\u00e9rale de la chaussure con\u00e7ue pour garantir le maintien du pied tout en lui apportant structure et protection<\/li>\n<li>Semelle avec syst\u00e8me exclusif Trail Rocker\u2122 : favorise l&#8217;appui naturel \u00ab talon ext\u00e9rieur-pointe int\u00e9rieure \u00bb du pied pendant la course<\/li>\n<li>Tige enveloppante, confortable et respirante gr\u00e2ce \u00e0 une construction innovante \u00e0 3 couches<\/li>\n<\/ul>\n<p><b>Doublure :<\/b><br \/>\nMesh antid\u00e9rapant<br \/>\n<b>Tige :<\/b><br \/>\nInt\u00e9rieur en AirMesh Ultra-Comfort + application en microfibre thermoadh\u00e9sive en TPU MicroLite Skeleton\u2122 + mesh ext\u00e9rieur respirant avec inserts Flex-Guard\u2122 en microfibre<br \/>\n<b>Semelle interm\u00e9diaire :<\/b><br \/>\nEVA inject\u00e9<br \/>\n<b>Semelle int\u00e9rieure :<\/b><br \/>\nOrtholite Mountain Running<br \/>\n<b>Semelle ext\u00e9rieure :<\/b><br \/>\nM\u00e9lange adh\u00e9rent FriXion XT<\/div><\/div><\/div>\n","protected":false},"excerpt":{"rendered":"<ul>\n<li>Enveloppant, confortable et protecteur.<\/li>\n<li>Id\u00e9al pour les longs parcours hors route.<\/li>\n<\/ul>\n","protected":false},"featured_media":241556,"template":"","meta":{"_acf_changed":false,"inline_featured_image":false},"product_brand":[],"product_cat":[24435,24432],"product_tag":[23597,23601],"class_list":{"0":"post-286104","1":"product","2":"type-product","3":"status-publish","4":"has-post-thumbnail","6":"product_cat-chaussures-pour-femmes-fr","7":"product_cat-trail-fr-2","8":"product_tag-la-sportiva-fr","9":"product_tag-la-sportiva-femme","10":"pa_attivita-outdoor-fr","11":"pa_colore-akyra-w-carbon-cherry-fr","12":"pa_marca-la-sportiva-fr","13":"pa_sesso-femme","14":"pa_size-37-fr","16":"first","17":"instock","18":"taxable","19":"shipping-taxable","20":"purchasable","21":"product-type-variable","22":"wvs-archive-product-wrapper"},"acf":[],"yoast_head":"<!-- This site is optimized with the Yoast SEO plugin v26.8 - https:\/\/yoast.com\/product\/yoast-seo-wordpress\/ -->\n<title>La sportiva Akyra femme - chaussures de trail pour femmes - MioMioRun<\/title>\n<meta name=\"description\" content=\"Akyra, dans sa version masculine, est une chaussure de course en montagne structur\u00e9e et protectrice, adapt\u00e9e aux parcours d&#039;endurance tels que les Ultra Trails.\" \/>\n<meta name=\"robots\" content=\"index, follow, max-snippet:-1, max-image-preview:large, max-video-preview:-1\" \/>\n<link rel=\"canonical\" href=\"https:\/\/www.miomiorun.com\/fr\/produit\/akyra-femme\/\" \/>\n<meta property=\"og:locale\" content=\"fr_FR\" \/>\n<meta property=\"og:type\" content=\"article\" \/>\n<meta property=\"og:title\" content=\"La sportiva Akyra femme - chaussures de trail pour femmes - MioMioRun\" \/>\n<meta property=\"og:description\" content=\"Akyra, dans sa version masculine, est une chaussure de course en montagne structur\u00e9e et protectrice, adapt\u00e9e aux parcours d&#039;endurance tels que les Ultra Trails.\" \/>\n<meta property=\"og:url\" content=\"https:\/\/www.miomiorun.com\/fr\/produit\/akyra-femme\/\" \/>\n<meta property=\"og:site_name\" content=\"MioMioRun\" \/>\n<meta property=\"article:publisher\" content=\"https:\/\/www.facebook.com\/miomiorun\/\" \/>\n<meta property=\"article:modified_time\" content=\"2025-12-06T18:31:21+00:00\" \/>\n<meta property=\"og:image\" content=\"https:\/\/www.miomiorun.com\/app\/uploads\/2023\/06\/la-sportiva-akyra-W-carbon-cherry-36E900315.jpg\" \/>\n\t<meta property=\"og:image:width\" content=\"600\" \/>\n\t<meta property=\"og:image:height\" content=\"600\" \/>\n\t<meta property=\"og:image:type\" content=\"image\/jpeg\" \/>\n<meta name=\"twitter:card\" content=\"summary_large_image\" \/>\n<meta name=\"twitter:label1\" content=\"Est. reading time\" \/>\n\t<meta name=\"twitter:data1\" content=\"2 minutes\" \/>\n<script type=\"application\/ld+json\" class=\"yoast-schema-graph\">{\"@context\":\"https:\/\/schema.org\",\"@graph\":[{\"@type\":\"WebPage\",\"@id\":\"https:\/\/www.miomiorun.com\/fr\/produit\/akyra-femme\/\",\"url\":\"https:\/\/www.miomiorun.com\/fr\/produit\/akyra-femme\/\",\"name\":\"La sportiva Akyra femme - chaussures de trail pour femmes - MioMioRun\",\"isPartOf\":{\"@id\":\"https:\/\/www.miomiorun.com\/fr\/#website\"},\"primaryImageOfPage\":{\"@id\":\"https:\/\/www.miomiorun.com\/fr\/produit\/akyra-femme\/#primaryimage\"},\"image\":{\"@id\":\"https:\/\/www.miomiorun.com\/fr\/produit\/akyra-femme\/#primaryimage\"},\"thumbnailUrl\":\"https:\/\/www.miomiorun.com\/app\/uploads\/2023\/06\/la-sportiva-akyra-W-carbon-cherry-36E900315.jpg\",\"datePublished\":\"2023-06-13T12:56:40+00:00\",\"dateModified\":\"2025-12-06T18:31:21+00:00\",\"description\":\"Akyra, dans sa version masculine, est une chaussure de course en montagne structur\u00e9e et protectrice, adapt\u00e9e aux parcours d'endurance tels que les Ultra Trails.\",\"breadcrumb\":{\"@id\":\"https:\/\/www.miomiorun.com\/fr\/produit\/akyra-femme\/#breadcrumb\"},\"inLanguage\":\"fr-FR\",\"potentialAction\":[{\"@type\":\"ReadAction\",\"target\":[\"https:\/\/www.miomiorun.com\/fr\/produit\/akyra-femme\/\"]}]},{\"@type\":\"ImageObject\",\"inLanguage\":\"fr-FR\",\"@id\":\"https:\/\/www.miomiorun.com\/fr\/produit\/akyra-femme\/#primaryimage\",\"url\":\"https:\/\/www.miomiorun.com\/app\/uploads\/2023\/06\/la-sportiva-akyra-W-carbon-cherry-36E900315.jpg\",\"contentUrl\":\"https:\/\/www.miomiorun.com\/app\/uploads\/2023\/06\/la-sportiva-akyra-W-carbon-cherry-36E900315.jpg\",\"width\":600,\"height\":600,\"caption\":\"la-sportiva-akyra-W-carbon-cherry-36E900315\"},{\"@type\":\"BreadcrumbList\",\"@id\":\"https:\/\/www.miomiorun.com\/fr\/produit\/akyra-femme\/#breadcrumb\",\"itemListElement\":[{\"@type\":\"ListItem\",\"position\":1,\"name\":\"Home\",\"item\":\"https:\/\/www.miomiorun.com\/fr\/home-page\/\"},{\"@type\":\"ListItem\",\"position\":2,\"name\":\"Shop\",\"item\":\"https:\/\/www.miomiorun.com\/shop\/\"},{\"@type\":\"ListItem\",\"position\":3,\"name\":\"Akyra femme\"}]},{\"@type\":\"WebSite\",\"@id\":\"https:\/\/www.miomiorun.com\/fr\/#website\",\"url\":\"https:\/\/www.miomiorun.com\/fr\/\",\"name\":\"MioMioRun\",\"description\":\"Boutique 100% running et trail\",\"publisher\":{\"@id\":\"https:\/\/www.miomiorun.com\/fr\/#organization\"},\"potentialAction\":[{\"@type\":\"SearchAction\",\"target\":{\"@type\":\"EntryPoint\",\"urlTemplate\":\"https:\/\/www.miomiorun.com\/fr\/?s={search_term_string}\"},\"query-input\":{\"@type\":\"PropertyValueSpecification\",\"valueRequired\":true,\"valueName\":\"search_term_string\"}}],\"inLanguage\":\"fr-FR\"},{\"@type\":\"Organization\",\"@id\":\"https:\/\/www.miomiorun.com\/fr\/#organization\",\"name\":\"MioMio Run\",\"url\":\"https:\/\/www.miomiorun.com\/fr\/\",\"logo\":{\"@type\":\"ImageObject\",\"inLanguage\":\"fr-FR\",\"@id\":\"https:\/\/www.miomiorun.com\/fr\/#\/schema\/logo\/image\/\",\"url\":\"https:\/\/www.miomiorun.com\/app\/uploads\/2019\/12\/logomio.png\",\"contentUrl\":\"https:\/\/www.miomiorun.com\/app\/uploads\/2019\/12\/logomio.png\",\"width\":115,\"height\":82,\"caption\":\"MioMio Run\"},\"image\":{\"@id\":\"https:\/\/www.miomiorun.com\/fr\/#\/schema\/logo\/image\/\"},\"sameAs\":[\"https:\/\/www.facebook.com\/miomiorun\/\",\"https:\/\/www.instagram.com\/miomiorun\/\"]}]}<\/script>\n<!-- \/ Yoast SEO plugin. -->","yoast_head_json":{"title":"La sportiva Akyra femme - chaussures de trail pour femmes - MioMioRun","description":"Akyra, dans sa version masculine, est une chaussure de course en montagne structur\u00e9e et protectrice, adapt\u00e9e aux parcours d'endurance tels que les Ultra Trails.","robots":{"index":"index","follow":"follow","max-snippet":"max-snippet:-1","max-image-preview":"max-image-preview:large","max-video-preview":"max-video-preview:-1"},"canonical":"https:\/\/www.miomiorun.com\/fr\/produit\/akyra-femme\/","og_locale":"fr_FR","og_type":"article","og_title":"La sportiva Akyra femme - chaussures de trail pour femmes - MioMioRun","og_description":"Akyra, dans sa version masculine, est une chaussure de course en montagne structur\u00e9e et protectrice, adapt\u00e9e aux parcours d'endurance tels que les Ultra Trails.","og_url":"https:\/\/www.miomiorun.com\/fr\/produit\/akyra-femme\/","og_site_name":"MioMioRun","article_publisher":"https:\/\/www.facebook.com\/miomiorun\/","article_modified_time":"2025-12-06T18:31:21+00:00","og_image":[{"width":600,"height":600,"url":"https:\/\/www.miomiorun.com\/app\/uploads\/2023\/06\/la-sportiva-akyra-W-carbon-cherry-36E900315.jpg","type":"image\/jpeg"}],"twitter_card":"summary_large_image","twitter_misc":{"Est. reading time":"2 minutes"},"schema":{"@context":"https:\/\/schema.org","@graph":[{"@type":"WebPage","@id":"https:\/\/www.miomiorun.com\/fr\/produit\/akyra-femme\/","url":"https:\/\/www.miomiorun.com\/fr\/produit\/akyra-femme\/","name":"La sportiva Akyra femme - chaussures de trail pour femmes - MioMioRun","isPartOf":{"@id":"https:\/\/www.miomiorun.com\/fr\/#website"},"primaryImageOfPage":{"@id":"https:\/\/www.miomiorun.com\/fr\/produit\/akyra-femme\/#primaryimage"},"image":{"@id":"https:\/\/www.miomiorun.com\/fr\/produit\/akyra-femme\/#primaryimage"},"thumbnailUrl":"https:\/\/www.miomiorun.com\/app\/uploads\/2023\/06\/la-sportiva-akyra-W-carbon-cherry-36E900315.jpg","datePublished":"2023-06-13T12:56:40+00:00","dateModified":"2025-12-06T18:31:21+00:00","description":"Akyra, dans sa version masculine, est une chaussure de course en montagne structur\u00e9e et protectrice, adapt\u00e9e aux parcours d'endurance tels que les Ultra Trails.","breadcrumb":{"@id":"https:\/\/www.miomiorun.com\/fr\/produit\/akyra-femme\/#breadcrumb"},"inLanguage":"fr-FR","potentialAction":[{"@type":"ReadAction","target":["https:\/\/www.miomiorun.com\/fr\/produit\/akyra-femme\/"]}]},{"@type":"ImageObject","inLanguage":"fr-FR","@id":"https:\/\/www.miomiorun.com\/fr\/produit\/akyra-femme\/#primaryimage","url":"https:\/\/www.miomiorun.com\/app\/uploads\/2023\/06\/la-sportiva-akyra-W-carbon-cherry-36E900315.jpg","contentUrl":"https:\/\/www.miomiorun.com\/app\/uploads\/2023\/06\/la-sportiva-akyra-W-carbon-cherry-36E900315.jpg","width":600,"height":600,"caption":"la-sportiva-akyra-W-carbon-cherry-36E900315"},{"@type":"BreadcrumbList","@id":"https:\/\/www.miomiorun.com\/fr\/produit\/akyra-femme\/#breadcrumb","itemListElement":[{"@type":"ListItem","position":1,"name":"Home","item":"https:\/\/www.miomiorun.com\/fr\/home-page\/"},{"@type":"ListItem","position":2,"name":"Shop","item":"https:\/\/www.miomiorun.com\/shop\/"},{"@type":"ListItem","position":3,"name":"Akyra femme"}]},{"@type":"WebSite","@id":"https:\/\/www.miomiorun.com\/fr\/#website","url":"https:\/\/www.miomiorun.com\/fr\/","name":"MioMioRun","description":"Boutique 100% running et trail","publisher":{"@id":"https:\/\/www.miomiorun.com\/fr\/#organization"},"potentialAction":[{"@type":"SearchAction","target":{"@type":"EntryPoint","urlTemplate":"https:\/\/www.miomiorun.com\/fr\/?s={search_term_string}"},"query-input":{"@type":"PropertyValueSpecification","valueRequired":true,"valueName":"search_term_string"}}],"inLanguage":"fr-FR"},{"@type":"Organization","@id":"https:\/\/www.miomiorun.com\/fr\/#organization","name":"MioMio Run","url":"https:\/\/www.miomiorun.com\/fr\/","logo":{"@type":"ImageObject","inLanguage":"fr-FR","@id":"https:\/\/www.miomiorun.com\/fr\/#\/schema\/logo\/image\/","url":"https:\/\/www.miomiorun.com\/app\/uploads\/2019\/12\/logomio.png","contentUrl":"https:\/\/www.miomiorun.com\/app\/uploads\/2019\/12\/logomio.png","width":115,"height":82,"caption":"MioMio Run"},"image":{"@id":"https:\/\/www.miomiorun.com\/fr\/#\/schema\/logo\/image\/"},"sameAs":["https:\/\/www.facebook.com\/miomiorun\/","https:\/\/www.instagram.com\/miomiorun\/"]}]}},"_links":{"self":[{"href":"https:\/\/www.miomiorun.com\/fr\/wp-json\/wp\/v2\/product\/286104","targetHints":{"allow":["GET"]}}],"collection":[{"href":"https:\/\/www.miomiorun.com\/fr\/wp-json\/wp\/v2\/product"}],"about":[{"href":"https:\/\/www.miomiorun.com\/fr\/wp-json\/wp\/v2\/types\/product"}],"wp:featuredmedia":[{"embeddable":true,"href":"https:\/\/www.miomiorun.com\/fr\/wp-json\/wp\/v2\/media\/241556"}],"wp:attachment":[{"href":"https:\/\/www.miomiorun.com\/fr\/wp-json\/wp\/v2\/media?parent=286104"}],"wp:term":[{"taxonomy":"product_brand","embeddable":true,"href":"https:\/\/www.miomiorun.com\/fr\/wp-json\/wp\/v2\/product_brand?post=286104"},{"taxonomy":"product_cat","embeddable":true,"href":"https:\/\/www.miomiorun.com\/fr\/wp-json\/wp\/v2\/product_cat?post=286104"},{"taxonomy":"product_tag","embeddable":true,"href":"https:\/\/www.miomiorun.com\/fr\/wp-json\/wp\/v2\/product_tag?post=286104"}],"curies":[{"name":"wp","href":"https:\/\/api.w.org\/{rel}","templated":true}]}}