{"id":286093,"date":"2023-05-18T13:53:44","date_gmt":"2023-05-18T11:53:44","guid":{"rendered":"https:\/\/miomiorun.com\/prodotto\/blaze-tr-donna\/"},"modified":"2026-05-08T21:42:23","modified_gmt":"2026-05-08T19:42:23","slug":"blaze-tr-femme","status":"publish","type":"product","link":"https:\/\/www.miomiorun.com\/fr\/produit\/blaze-tr-femme\/","title":{"rendered":"Blaze TR femme"},"content":{"rendered":"<div class=\"vc-row container\"><div class=\"vc-column\"><div class=\"vc-column-text\"><\/p>\n<p><strong>Caract\u00e9ristiques techniques<\/strong><\/p>\n<p>Cat\u00e9gorie : bon amorti<br \/>\nD\u00e9calage : 8 mm (35,5 mm talon\/27,5 mm)<br \/>\nPoids : 224g<br \/>\nId\u00e9al pour : coureurs recherchant une chaussure polyvalente offrant la possibilit\u00e9 de passer de la route au chemin de terre et vice versa, naturellement et en toute s\u00e9curit\u00e9.<br \/>\nPoids de l&#8217;athl\u00e8te : 60 &#8211; 70 kg<br \/>\nAllure de course : moyenne &#8211; lente (\u00e0 partir de 5&#8217;\/km)<br \/>\n<a href=\"https:\/\/miomiorun.com\/fr\/guide-des-specificites\/\">Guide des sp\u00e9cifications<\/a><\/p>\n<p>.<\/div><\/div><div class=\"vc-column\"><div class=\"vc-column-text\"><\/p>\n<h3>La <strong>Blaze TR<\/strong> pour femme est la nouvelle chaussure Saucony <strong>con\u00e7ue pour les coureuses de<\/strong> bitume <strong>qui veulent se rapprocher du monde du trail running<\/strong>.<\/h3>\n<div>\n<div class=\"AppWys WYSIWYG\">\n<p class=\"\">La tige de la nouvelle Saucony Blaze TR est en <strong>mesh, con\u00e7ue pour prot\u00e9ger le pied<\/strong> pendant les courses en montagne tout en <strong>permettant une bonne respirabilit\u00e9<\/strong>, ce qui est particuli\u00e8rement n\u00e9cessaire pendant les mois les plus chauds de l&#8217;ann\u00e9e.<\/p>\n<\/div>\n<\/div>\n<div>\n<div class=\"AppWys WYSIWYG\">\n<p class=\"\">La <strong>structure de la<\/strong> Saucony Blaze TR <strong>est con\u00e7ue pour offrir de la stabilit\u00e9 du talon aux<\/strong> orteils, mais aussi de la flexibilit\u00e9 du milieu du pied \u00e0 la hanche.<\/p>\n<div class=\"description\">\n<p>TRACEZ VOTRE PROPRE CHEMIN.<\/p>\n<p>Lorsque vous portez votre Blaze TR, la nature vous remarque. \u00c9quip\u00e9e de tout ce dont vous avez besoin pour faire du tout-terrain, cette chaussure est dot\u00e9e d&#8217;un amorti en mousse PWRRUN et de rainures adh\u00e9rentes pour vous donner un avantage comp\u00e9titif sur une grande vari\u00e9t\u00e9 de terrains.<\/p>\n<\/div>\n<div class=\"description\">\n<h4>CARACT\u00c9RISTIQUES ET AVANTAGES<\/h4>\n<ul>\n<li>La semelle interm\u00e9diaire en mousse PWRRUN favorise l&#8217;amorti et le retour d&#8217;\u00e9nergie pour vos sorties en plein air.<\/li>\n<li>Le mesh est sp\u00e9cialement con\u00e7u pour emp\u00eacher l&#8217;intrusion de d\u00e9bris tout en maintenant une grande respirabilit\u00e9 pour le pied.<\/li>\n<li>Les rainures sp\u00e9cifiques au tout-terrain assurent la traction et l&#8217;adh\u00e9rence sur une vari\u00e9t\u00e9 de terrains.<\/li>\n<\/ul>\n<\/div>\n<\/div>\n<\/div>\n<p><\/div><\/div><\/div>\n","protected":false},"excerpt":{"rendered":"<ul>\n<li>La semelle interm\u00e9diaire en mousse PWRRUN assure un amorti optimal.<\/li>\n<li>Le mesh est sp\u00e9cialement con\u00e7u pour prot\u00e9ger des d\u00e9bris.<\/li>\n<li>Les rainures sp\u00e9cifiques tout-terrain offrent traction et adh\u00e9rence sur une grande vari\u00e9t\u00e9 de terrains.<\/li>\n<\/ul>\n","protected":false},"featured_media":241254,"template":"","meta":{"_acf_changed":false,"inline_featured_image":false},"product_brand":[],"product_cat":[22605,22608],"product_tag":[23579,33803],"class_list":{"0":"post-286093","1":"product","2":"type-product","3":"status-publish","4":"has-post-thumbnail","6":"product_cat-chaussures-pour-femmes","7":"product_cat-trail-fr","8":"product_tag-saucony-fr","9":"product_tag-saucony-donna-fr","10":"pa_attivita-marcher","11":"pa_attivita-trail-fr","12":"pa_colore-blaze-tr-w-fog-fern-fr","13":"pa_colore-blaze-tr-w-haze-indigo-fr","14":"pa_marca-saucony-fr","15":"pa_sesso-femme","16":"pa_size-38-fr","17":"pa_size-38-5-fr","18":"pa_size-42-fr","20":"first","21":"instock","22":"sale","23":"taxable","24":"shipping-taxable","25":"purchasable","26":"product-type-variable","27":"wvs-archive-product-wrapper"},"acf":[],"yoast_head":"<!-- This site is optimized with the Yoast SEO plugin v26.8 - https:\/\/yoast.com\/product\/yoast-seo-wordpress\/ -->\n<title>Saucony Blaze TR femme - Soldes chaussures de course - MioMioRun<\/title>\n<meta name=\"description\" content=\"La Blaze TR pour femme est la nouvelle chaussure Saucony con\u00e7ue pour les coureuses de bitume qui veulent se rapprocher du monde du trail running.\" \/>\n<meta name=\"robots\" content=\"index, follow, max-snippet:-1, max-image-preview:large, max-video-preview:-1\" \/>\n<link rel=\"canonical\" href=\"https:\/\/www.miomiorun.com\/fr\/produit\/blaze-tr-femme\/\" \/>\n<meta property=\"og:locale\" content=\"fr_FR\" \/>\n<meta property=\"og:type\" content=\"article\" \/>\n<meta property=\"og:title\" content=\"Saucony Blaze TR femme - Soldes chaussures de course - MioMioRun\" \/>\n<meta property=\"og:description\" content=\"La Blaze TR pour femme est la nouvelle chaussure Saucony con\u00e7ue pour les coureuses de bitume qui veulent se rapprocher du monde du trail running.\" \/>\n<meta property=\"og:url\" content=\"https:\/\/www.miomiorun.com\/fr\/produit\/blaze-tr-femme\/\" \/>\n<meta property=\"og:site_name\" content=\"MioMioRun\" \/>\n<meta property=\"article:publisher\" content=\"https:\/\/www.facebook.com\/miomiorun\/\" \/>\n<meta property=\"article:modified_time\" content=\"2026-05-08T19:42:23+00:00\" \/>\n<meta property=\"og:image\" content=\"https:\/\/www.miomiorun.com\/app\/uploads\/2023\/06\/saucony-Blaze-TR-spirg-wood-W-S10845-25.jpg\" \/>\n\t<meta property=\"og:image:width\" content=\"600\" \/>\n\t<meta property=\"og:image:height\" content=\"600\" \/>\n\t<meta property=\"og:image:type\" content=\"image\/jpeg\" \/>\n<meta name=\"twitter:card\" content=\"summary_large_image\" \/>\n<meta name=\"twitter:label1\" content=\"Est. reading time\" \/>\n\t<meta name=\"twitter:data1\" content=\"2 minutes\" \/>\n<script type=\"application\/ld+json\" class=\"yoast-schema-graph\">{\"@context\":\"https:\/\/schema.org\",\"@graph\":[{\"@type\":\"WebPage\",\"@id\":\"https:\/\/www.miomiorun.com\/fr\/produit\/blaze-tr-femme\/\",\"url\":\"https:\/\/www.miomiorun.com\/fr\/produit\/blaze-tr-femme\/\",\"name\":\"Saucony Blaze TR femme - Soldes chaussures de course - MioMioRun\",\"isPartOf\":{\"@id\":\"https:\/\/www.miomiorun.com\/fr\/#website\"},\"primaryImageOfPage\":{\"@id\":\"https:\/\/www.miomiorun.com\/fr\/produit\/blaze-tr-femme\/#primaryimage\"},\"image\":{\"@id\":\"https:\/\/www.miomiorun.com\/fr\/produit\/blaze-tr-femme\/#primaryimage\"},\"thumbnailUrl\":\"https:\/\/www.miomiorun.com\/app\/uploads\/2023\/06\/saucony-Blaze-TR-spirg-wood-W-S10845-25.jpg\",\"datePublished\":\"2023-05-18T11:53:44+00:00\",\"dateModified\":\"2026-05-08T19:42:23+00:00\",\"description\":\"La Blaze TR pour femme est la nouvelle chaussure Saucony con\u00e7ue pour les coureuses de bitume qui veulent se rapprocher du monde du trail running.\",\"breadcrumb\":{\"@id\":\"https:\/\/www.miomiorun.com\/fr\/produit\/blaze-tr-femme\/#breadcrumb\"},\"inLanguage\":\"fr-FR\",\"potentialAction\":[{\"@type\":\"ReadAction\",\"target\":[\"https:\/\/www.miomiorun.com\/fr\/produit\/blaze-tr-femme\/\"]}]},{\"@type\":\"ImageObject\",\"inLanguage\":\"fr-FR\",\"@id\":\"https:\/\/www.miomiorun.com\/fr\/produit\/blaze-tr-femme\/#primaryimage\",\"url\":\"https:\/\/www.miomiorun.com\/app\/uploads\/2023\/06\/saucony-Blaze-TR-spirg-wood-W-S10845-25.jpg\",\"contentUrl\":\"https:\/\/www.miomiorun.com\/app\/uploads\/2023\/06\/saucony-Blaze-TR-spirg-wood-W-S10845-25.jpg\",\"width\":600,\"height\":600,\"caption\":\"saucony-Blaze-TR-spirg-wood-W-S10845-25\"},{\"@type\":\"BreadcrumbList\",\"@id\":\"https:\/\/www.miomiorun.com\/fr\/produit\/blaze-tr-femme\/#breadcrumb\",\"itemListElement\":[{\"@type\":\"ListItem\",\"position\":1,\"name\":\"Home\",\"item\":\"https:\/\/www.miomiorun.com\/fr\/home-page\/\"},{\"@type\":\"ListItem\",\"position\":2,\"name\":\"Shop\",\"item\":\"https:\/\/www.miomiorun.com\/shop\/\"},{\"@type\":\"ListItem\",\"position\":3,\"name\":\"Blaze TR femme\"}]},{\"@type\":\"WebSite\",\"@id\":\"https:\/\/www.miomiorun.com\/fr\/#website\",\"url\":\"https:\/\/www.miomiorun.com\/fr\/\",\"name\":\"MioMioRun\",\"description\":\"Boutique 100% running et trail\",\"publisher\":{\"@id\":\"https:\/\/www.miomiorun.com\/fr\/#organization\"},\"potentialAction\":[{\"@type\":\"SearchAction\",\"target\":{\"@type\":\"EntryPoint\",\"urlTemplate\":\"https:\/\/www.miomiorun.com\/fr\/?s={search_term_string}\"},\"query-input\":{\"@type\":\"PropertyValueSpecification\",\"valueRequired\":true,\"valueName\":\"search_term_string\"}}],\"inLanguage\":\"fr-FR\"},{\"@type\":\"Organization\",\"@id\":\"https:\/\/www.miomiorun.com\/fr\/#organization\",\"name\":\"MioMio Run\",\"url\":\"https:\/\/www.miomiorun.com\/fr\/\",\"logo\":{\"@type\":\"ImageObject\",\"inLanguage\":\"fr-FR\",\"@id\":\"https:\/\/www.miomiorun.com\/fr\/#\/schema\/logo\/image\/\",\"url\":\"https:\/\/www.miomiorun.com\/app\/uploads\/2019\/12\/logomio.png\",\"contentUrl\":\"https:\/\/www.miomiorun.com\/app\/uploads\/2019\/12\/logomio.png\",\"width\":115,\"height\":82,\"caption\":\"MioMio Run\"},\"image\":{\"@id\":\"https:\/\/www.miomiorun.com\/fr\/#\/schema\/logo\/image\/\"},\"sameAs\":[\"https:\/\/www.facebook.com\/miomiorun\/\",\"https:\/\/www.instagram.com\/miomiorun\/\"]}]}<\/script>\n<!-- \/ Yoast SEO plugin. -->","yoast_head_json":{"title":"Saucony Blaze TR femme - Soldes chaussures de course - MioMioRun","description":"La Blaze TR pour femme est la nouvelle chaussure Saucony con\u00e7ue pour les coureuses de bitume qui veulent se rapprocher du monde du trail running.","robots":{"index":"index","follow":"follow","max-snippet":"max-snippet:-1","max-image-preview":"max-image-preview:large","max-video-preview":"max-video-preview:-1"},"canonical":"https:\/\/www.miomiorun.com\/fr\/produit\/blaze-tr-femme\/","og_locale":"fr_FR","og_type":"article","og_title":"Saucony Blaze TR femme - Soldes chaussures de course - MioMioRun","og_description":"La Blaze TR pour femme est la nouvelle chaussure Saucony con\u00e7ue pour les coureuses de bitume qui veulent se rapprocher du monde du trail running.","og_url":"https:\/\/www.miomiorun.com\/fr\/produit\/blaze-tr-femme\/","og_site_name":"MioMioRun","article_publisher":"https:\/\/www.facebook.com\/miomiorun\/","article_modified_time":"2026-05-08T19:42:23+00:00","og_image":[{"width":600,"height":600,"url":"https:\/\/www.miomiorun.com\/app\/uploads\/2023\/06\/saucony-Blaze-TR-spirg-wood-W-S10845-25.jpg","type":"image\/jpeg"}],"twitter_card":"summary_large_image","twitter_misc":{"Est. reading time":"2 minutes"},"schema":{"@context":"https:\/\/schema.org","@graph":[{"@type":"WebPage","@id":"https:\/\/www.miomiorun.com\/fr\/produit\/blaze-tr-femme\/","url":"https:\/\/www.miomiorun.com\/fr\/produit\/blaze-tr-femme\/","name":"Saucony Blaze TR femme - Soldes chaussures de course - MioMioRun","isPartOf":{"@id":"https:\/\/www.miomiorun.com\/fr\/#website"},"primaryImageOfPage":{"@id":"https:\/\/www.miomiorun.com\/fr\/produit\/blaze-tr-femme\/#primaryimage"},"image":{"@id":"https:\/\/www.miomiorun.com\/fr\/produit\/blaze-tr-femme\/#primaryimage"},"thumbnailUrl":"https:\/\/www.miomiorun.com\/app\/uploads\/2023\/06\/saucony-Blaze-TR-spirg-wood-W-S10845-25.jpg","datePublished":"2023-05-18T11:53:44+00:00","dateModified":"2026-05-08T19:42:23+00:00","description":"La Blaze TR pour femme est la nouvelle chaussure Saucony con\u00e7ue pour les coureuses de bitume qui veulent se rapprocher du monde du trail running.","breadcrumb":{"@id":"https:\/\/www.miomiorun.com\/fr\/produit\/blaze-tr-femme\/#breadcrumb"},"inLanguage":"fr-FR","potentialAction":[{"@type":"ReadAction","target":["https:\/\/www.miomiorun.com\/fr\/produit\/blaze-tr-femme\/"]}]},{"@type":"ImageObject","inLanguage":"fr-FR","@id":"https:\/\/www.miomiorun.com\/fr\/produit\/blaze-tr-femme\/#primaryimage","url":"https:\/\/www.miomiorun.com\/app\/uploads\/2023\/06\/saucony-Blaze-TR-spirg-wood-W-S10845-25.jpg","contentUrl":"https:\/\/www.miomiorun.com\/app\/uploads\/2023\/06\/saucony-Blaze-TR-spirg-wood-W-S10845-25.jpg","width":600,"height":600,"caption":"saucony-Blaze-TR-spirg-wood-W-S10845-25"},{"@type":"BreadcrumbList","@id":"https:\/\/www.miomiorun.com\/fr\/produit\/blaze-tr-femme\/#breadcrumb","itemListElement":[{"@type":"ListItem","position":1,"name":"Home","item":"https:\/\/www.miomiorun.com\/fr\/home-page\/"},{"@type":"ListItem","position":2,"name":"Shop","item":"https:\/\/www.miomiorun.com\/shop\/"},{"@type":"ListItem","position":3,"name":"Blaze TR femme"}]},{"@type":"WebSite","@id":"https:\/\/www.miomiorun.com\/fr\/#website","url":"https:\/\/www.miomiorun.com\/fr\/","name":"MioMioRun","description":"Boutique 100% running et trail","publisher":{"@id":"https:\/\/www.miomiorun.com\/fr\/#organization"},"potentialAction":[{"@type":"SearchAction","target":{"@type":"EntryPoint","urlTemplate":"https:\/\/www.miomiorun.com\/fr\/?s={search_term_string}"},"query-input":{"@type":"PropertyValueSpecification","valueRequired":true,"valueName":"search_term_string"}}],"inLanguage":"fr-FR"},{"@type":"Organization","@id":"https:\/\/www.miomiorun.com\/fr\/#organization","name":"MioMio Run","url":"https:\/\/www.miomiorun.com\/fr\/","logo":{"@type":"ImageObject","inLanguage":"fr-FR","@id":"https:\/\/www.miomiorun.com\/fr\/#\/schema\/logo\/image\/","url":"https:\/\/www.miomiorun.com\/app\/uploads\/2019\/12\/logomio.png","contentUrl":"https:\/\/www.miomiorun.com\/app\/uploads\/2019\/12\/logomio.png","width":115,"height":82,"caption":"MioMio Run"},"image":{"@id":"https:\/\/www.miomiorun.com\/fr\/#\/schema\/logo\/image\/"},"sameAs":["https:\/\/www.facebook.com\/miomiorun\/","https:\/\/www.instagram.com\/miomiorun\/"]}]}},"_links":{"self":[{"href":"https:\/\/www.miomiorun.com\/fr\/wp-json\/wp\/v2\/product\/286093","targetHints":{"allow":["GET"]}}],"collection":[{"href":"https:\/\/www.miomiorun.com\/fr\/wp-json\/wp\/v2\/product"}],"about":[{"href":"https:\/\/www.miomiorun.com\/fr\/wp-json\/wp\/v2\/types\/product"}],"wp:featuredmedia":[{"embeddable":true,"href":"https:\/\/www.miomiorun.com\/fr\/wp-json\/wp\/v2\/media\/241254"}],"wp:attachment":[{"href":"https:\/\/www.miomiorun.com\/fr\/wp-json\/wp\/v2\/media?parent=286093"}],"wp:term":[{"taxonomy":"product_brand","embeddable":true,"href":"https:\/\/www.miomiorun.com\/fr\/wp-json\/wp\/v2\/product_brand?post=286093"},{"taxonomy":"product_cat","embeddable":true,"href":"https:\/\/www.miomiorun.com\/fr\/wp-json\/wp\/v2\/product_cat?post=286093"},{"taxonomy":"product_tag","embeddable":true,"href":"https:\/\/www.miomiorun.com\/fr\/wp-json\/wp\/v2\/product_tag?post=286093"}],"curies":[{"name":"wp","href":"https:\/\/api.w.org\/{rel}","templated":true}]}}