{"id":286067,"date":"2023-06-08T14:19:34","date_gmt":"2023-06-08T12:19:34","guid":{"rendered":"https:\/\/miomiorun.com\/prodotto\/jackal-ii-boa-donna\/"},"modified":"2026-05-08T21:42:19","modified_gmt":"2026-05-08T19:42:19","slug":"jackal-ii-boa-femme","status":"publish","type":"product","link":"https:\/\/www.miomiorun.com\/fr\/produit\/jackal-ii-boa-femme\/","title":{"rendered":"Jackal II Boa femme"},"content":{"rendered":"<div class=\"vc-row container\"><div class=\"vc-column\"><div class=\"vc-column-text\"><\/p>\n<p><strong>Caract\u00e9ristiques techniques<\/strong><\/p>\n<p>Cat\u00e9gorie : Amorti structur\u00e9<br \/>\nD\u00e9calage : 7 mm<br \/>\nPoids : 300 g<br \/>\nId\u00e9al pour : les coureurs de trail \u00e0 la recherche d&#8217;une chaussure performante et confortable, m\u00eame sur des parcours longs et exigeants.<br \/>\nPoids de l&#8217;athl\u00e8te : 50-70 kg<br \/>\nAllure de course : moyenne (5-6 min\/km)<br \/>\n<a href=\"https:\/\/miomiorun.com\/fr\/guide-des-specificites\/\">Guide des sp\u00e9cifications<\/a><\/p>\n<p><\/div><\/div><div class=\"vc-column\"><div class=\"vc-column-text\"><strong>La Jackal II Boa<\/strong> en version femme est une chaussure de <strong>Mountain Running\u00ae<\/strong> performante pour les <strong>ULTRA-LONGES<\/strong>. Semelle commune \u00e0 la Jackal II, amortissante et dot\u00e9e de la technologie Infinitoo\u00ae pour une moindre d\u00e9pense \u00e9nerg\u00e9tique. Tige protectrice avec un ajustement pr\u00e9cis et enveloppant, capable d&#8217;assurer la stabilit\u00e9 m\u00eame sur les tron\u00e7ons les plus techniques d&#8217;un ultra-marathon. <strong>Double roue BOA\u00ae<\/strong> pour un r\u00e9glage rapide et parfait du volume, m\u00eame pendant la course.<\/p>\n<h3>Caract\u00e9ristiques :<\/h3>\n<ul>\n<li>Dual Boa\u00ae Fit System : maintien maximal du talon et r\u00e9glage optimal du volume \u00e0 l&#8217;avant.<\/li>\n<li>Ensemble innovant semelle\/moyenne EVA \u00e0 double densit\u00e9, l&#8217;une plus amortissante et l&#8217;autre capable d&#8217;assurer une plus grande stabilit\u00e9. Il est dot\u00e9 de la technologie Infinitoo\u2122, deux coussinets d&#8217;amorti internes avec un retour d&#8217;\u00e9nergie \u00e9lev\u00e9.<\/li>\n<li>Fit technique d\u00e9di\u00e9 \u00e0 la performance sur longue distance.<\/li>\n<li>Fermeture \u00e0 double rabat en microfibre 3 couches pour assurer \u00e0 la fois l&#8217;adh\u00e9rence et la flexibilit\u00e9.<\/li>\n<li>Languette et col SpiyralFit en Ariapr\u00e8ne multicouche hautement \u00e9lastique : prot\u00e8ge contre les impacts et la p\u00e9n\u00e9tration de d\u00e9bris, tout en garantissant une grande respirabilit\u00e9.<\/li>\n<\/ul>\n<p><b>DOUBLURE :<\/b><br \/>\nMaille anti-abrasion en mat\u00e9riau recycl\u00e9<br \/>\n<b>SEMELLE :<\/b><br \/>\nMaille sandwich en mat\u00e9riau recycl\u00e9 + renforts thermo-adh\u00e9sifs en TPU + rabat en microfibre multicouche + languette et col en Ariapr\u00e8ne<br \/>\nSEMELLE<b>:<\/b><br \/>\nOrtholite\u00ae Hybrid Mountain Running\u00ae Ergonomique 4 mm<br \/>\n<b>SEMELLE EXTERIEURE :<\/b><br \/>\nExcellente adh\u00e9rence gr\u00e2ce au compos\u00e9 FriXion\u00ae White avec crampons lat\u00e9raux IBS<br \/>\n<b>Semelle interm\u00e9diaire :<\/b><br \/>\nEVA avec inserts Infinitoo\u2122 Technology + pare-pierres en EVA haute densit\u00e9 + couche suppl\u00e9mentaire de plateforme amortissante \u00e0 l&#8217;int\u00e9rieur<\/div><\/div><\/div>\n","protected":false},"excerpt":{"rendered":"<ul>\n<li>Chaussure id\u00e9ale pour les longues distances hors route<\/li>\n<li>Double fermeture BOA<\/li>\n<li>Coupe confortable<\/li>\n<\/ul>\n","protected":false},"featured_media":241520,"template":"","meta":{"_acf_changed":false,"inline_featured_image":false},"product_brand":[],"product_cat":[22605,22608],"product_tag":[23597,23601],"class_list":{"0":"post-286067","1":"product","2":"type-product","3":"status-publish","4":"has-post-thumbnail","6":"product_cat-chaussures-pour-femmes","7":"product_cat-trail-fr","8":"product_tag-la-sportiva-fr","9":"product_tag-la-sportiva-femme","10":"pa_attivita-outdoor-fr","11":"pa_attivita-trail-fr","12":"pa_colore-jackal-ii-boa-w-cherry-tomato-lagoon-fr","13":"pa_colore-jackal-ii-boa-w-night-sky-aspen-green-fr","14":"pa_colore-jackal-ii-boa-w-white-hibiscus-fr","15":"pa_marca-la-sportiva-fr","16":"pa_sesso-femme","17":"pa_size-37-5-fr","18":"pa_size-38-5-fr","19":"pa_size-40-5-fr","20":"pa_size-41-fr","22":"first","23":"instock","24":"sale","25":"taxable","26":"shipping-taxable","27":"purchasable","28":"product-type-variable","29":"wvs-archive-product-wrapper"},"acf":[],"yoast_head":"<!-- This site is optimized with the Yoast SEO plugin v26.8 - https:\/\/yoast.com\/product\/yoast-seo-wordpress\/ -->\n<title>La Sportiva Jackal II Boa femme - chaussures de trail pour femmes- MioMioRun<\/title>\n<meta name=\"description\" content=\"La Jackal II Boa en version femme est une chaussure de Mountain Running\u00ae orient\u00e9e vers la performance pour les distances ULTRA-LONGES.\" \/>\n<meta name=\"robots\" content=\"index, follow, max-snippet:-1, max-image-preview:large, max-video-preview:-1\" \/>\n<link rel=\"canonical\" href=\"https:\/\/www.miomiorun.com\/fr\/produit\/jackal-ii-boa-femme\/\" \/>\n<meta property=\"og:locale\" content=\"fr_FR\" \/>\n<meta property=\"og:type\" content=\"article\" \/>\n<meta property=\"og:title\" content=\"La Sportiva Jackal II Boa femme - chaussures de trail pour femmes- MioMioRun\" \/>\n<meta property=\"og:description\" content=\"La Jackal II Boa en version femme est une chaussure de Mountain Running\u00ae orient\u00e9e vers la performance pour les distances ULTRA-LONGES.\" \/>\n<meta property=\"og:url\" content=\"https:\/\/www.miomiorun.com\/fr\/produit\/jackal-ii-boa-femme\/\" \/>\n<meta property=\"og:site_name\" content=\"MioMioRun\" \/>\n<meta property=\"article:publisher\" content=\"https:\/\/www.facebook.com\/miomiorun\/\" \/>\n<meta property=\"article:modified_time\" content=\"2026-05-08T19:42:19+00:00\" \/>\n<meta property=\"og:image\" content=\"https:\/\/www.miomiorun.com\/app\/uploads\/2023\/06\/la-sportiva-jackal-II-boa-W-cherry-tomato-lagoon-56I322638.jpg\" \/>\n\t<meta property=\"og:image:width\" content=\"600\" \/>\n\t<meta property=\"og:image:height\" content=\"600\" \/>\n\t<meta property=\"og:image:type\" content=\"image\/jpeg\" \/>\n<meta name=\"twitter:card\" content=\"summary_large_image\" \/>\n<meta name=\"twitter:label1\" content=\"Est. reading time\" \/>\n\t<meta name=\"twitter:data1\" content=\"2 minutes\" \/>\n<script type=\"application\/ld+json\" class=\"yoast-schema-graph\">{\"@context\":\"https:\/\/schema.org\",\"@graph\":[{\"@type\":\"WebPage\",\"@id\":\"https:\/\/www.miomiorun.com\/fr\/produit\/jackal-ii-boa-femme\/\",\"url\":\"https:\/\/www.miomiorun.com\/fr\/produit\/jackal-ii-boa-femme\/\",\"name\":\"La Sportiva Jackal II Boa femme - chaussures de trail pour femmes- MioMioRun\",\"isPartOf\":{\"@id\":\"https:\/\/www.miomiorun.com\/fr\/#website\"},\"primaryImageOfPage\":{\"@id\":\"https:\/\/www.miomiorun.com\/fr\/produit\/jackal-ii-boa-femme\/#primaryimage\"},\"image\":{\"@id\":\"https:\/\/www.miomiorun.com\/fr\/produit\/jackal-ii-boa-femme\/#primaryimage\"},\"thumbnailUrl\":\"https:\/\/www.miomiorun.com\/app\/uploads\/2023\/06\/la-sportiva-jackal-II-boa-W-cherry-tomato-lagoon-56I322638.jpg\",\"datePublished\":\"2023-06-08T12:19:34+00:00\",\"dateModified\":\"2026-05-08T19:42:19+00:00\",\"description\":\"La Jackal II Boa en version femme est une chaussure de Mountain Running\u00ae orient\u00e9e vers la performance pour les distances ULTRA-LONGES.\",\"breadcrumb\":{\"@id\":\"https:\/\/www.miomiorun.com\/fr\/produit\/jackal-ii-boa-femme\/#breadcrumb\"},\"inLanguage\":\"fr-FR\",\"potentialAction\":[{\"@type\":\"ReadAction\",\"target\":[\"https:\/\/www.miomiorun.com\/fr\/produit\/jackal-ii-boa-femme\/\"]}]},{\"@type\":\"ImageObject\",\"inLanguage\":\"fr-FR\",\"@id\":\"https:\/\/www.miomiorun.com\/fr\/produit\/jackal-ii-boa-femme\/#primaryimage\",\"url\":\"https:\/\/www.miomiorun.com\/app\/uploads\/2023\/06\/la-sportiva-jackal-II-boa-W-cherry-tomato-lagoon-56I322638.jpg\",\"contentUrl\":\"https:\/\/www.miomiorun.com\/app\/uploads\/2023\/06\/la-sportiva-jackal-II-boa-W-cherry-tomato-lagoon-56I322638.jpg\",\"width\":600,\"height\":600,\"caption\":\"la-sportiva-jackal-II-boa-W-cherry-tomato-lagoon-56I322638\"},{\"@type\":\"BreadcrumbList\",\"@id\":\"https:\/\/www.miomiorun.com\/fr\/produit\/jackal-ii-boa-femme\/#breadcrumb\",\"itemListElement\":[{\"@type\":\"ListItem\",\"position\":1,\"name\":\"Home\",\"item\":\"https:\/\/www.miomiorun.com\/fr\/home-page\/\"},{\"@type\":\"ListItem\",\"position\":2,\"name\":\"Shop\",\"item\":\"https:\/\/www.miomiorun.com\/shop\/\"},{\"@type\":\"ListItem\",\"position\":3,\"name\":\"Jackal II Boa femme\"}]},{\"@type\":\"WebSite\",\"@id\":\"https:\/\/www.miomiorun.com\/fr\/#website\",\"url\":\"https:\/\/www.miomiorun.com\/fr\/\",\"name\":\"MioMioRun\",\"description\":\"Boutique 100% running et trail\",\"publisher\":{\"@id\":\"https:\/\/www.miomiorun.com\/fr\/#organization\"},\"potentialAction\":[{\"@type\":\"SearchAction\",\"target\":{\"@type\":\"EntryPoint\",\"urlTemplate\":\"https:\/\/www.miomiorun.com\/fr\/?s={search_term_string}\"},\"query-input\":{\"@type\":\"PropertyValueSpecification\",\"valueRequired\":true,\"valueName\":\"search_term_string\"}}],\"inLanguage\":\"fr-FR\"},{\"@type\":\"Organization\",\"@id\":\"https:\/\/www.miomiorun.com\/fr\/#organization\",\"name\":\"MioMio Run\",\"url\":\"https:\/\/www.miomiorun.com\/fr\/\",\"logo\":{\"@type\":\"ImageObject\",\"inLanguage\":\"fr-FR\",\"@id\":\"https:\/\/www.miomiorun.com\/fr\/#\/schema\/logo\/image\/\",\"url\":\"https:\/\/www.miomiorun.com\/app\/uploads\/2019\/12\/logomio.png\",\"contentUrl\":\"https:\/\/www.miomiorun.com\/app\/uploads\/2019\/12\/logomio.png\",\"width\":115,\"height\":82,\"caption\":\"MioMio Run\"},\"image\":{\"@id\":\"https:\/\/www.miomiorun.com\/fr\/#\/schema\/logo\/image\/\"},\"sameAs\":[\"https:\/\/www.facebook.com\/miomiorun\/\",\"https:\/\/www.instagram.com\/miomiorun\/\"]}]}<\/script>\n<!-- \/ Yoast SEO plugin. -->","yoast_head_json":{"title":"La Sportiva Jackal II Boa femme - chaussures de trail pour femmes- MioMioRun","description":"La Jackal II Boa en version femme est une chaussure de Mountain Running\u00ae orient\u00e9e vers la performance pour les distances ULTRA-LONGES.","robots":{"index":"index","follow":"follow","max-snippet":"max-snippet:-1","max-image-preview":"max-image-preview:large","max-video-preview":"max-video-preview:-1"},"canonical":"https:\/\/www.miomiorun.com\/fr\/produit\/jackal-ii-boa-femme\/","og_locale":"fr_FR","og_type":"article","og_title":"La Sportiva Jackal II Boa femme - chaussures de trail pour femmes- MioMioRun","og_description":"La Jackal II Boa en version femme est une chaussure de Mountain Running\u00ae orient\u00e9e vers la performance pour les distances ULTRA-LONGES.","og_url":"https:\/\/www.miomiorun.com\/fr\/produit\/jackal-ii-boa-femme\/","og_site_name":"MioMioRun","article_publisher":"https:\/\/www.facebook.com\/miomiorun\/","article_modified_time":"2026-05-08T19:42:19+00:00","og_image":[{"width":600,"height":600,"url":"https:\/\/www.miomiorun.com\/app\/uploads\/2023\/06\/la-sportiva-jackal-II-boa-W-cherry-tomato-lagoon-56I322638.jpg","type":"image\/jpeg"}],"twitter_card":"summary_large_image","twitter_misc":{"Est. reading time":"2 minutes"},"schema":{"@context":"https:\/\/schema.org","@graph":[{"@type":"WebPage","@id":"https:\/\/www.miomiorun.com\/fr\/produit\/jackal-ii-boa-femme\/","url":"https:\/\/www.miomiorun.com\/fr\/produit\/jackal-ii-boa-femme\/","name":"La Sportiva Jackal II Boa femme - chaussures de trail pour femmes- MioMioRun","isPartOf":{"@id":"https:\/\/www.miomiorun.com\/fr\/#website"},"primaryImageOfPage":{"@id":"https:\/\/www.miomiorun.com\/fr\/produit\/jackal-ii-boa-femme\/#primaryimage"},"image":{"@id":"https:\/\/www.miomiorun.com\/fr\/produit\/jackal-ii-boa-femme\/#primaryimage"},"thumbnailUrl":"https:\/\/www.miomiorun.com\/app\/uploads\/2023\/06\/la-sportiva-jackal-II-boa-W-cherry-tomato-lagoon-56I322638.jpg","datePublished":"2023-06-08T12:19:34+00:00","dateModified":"2026-05-08T19:42:19+00:00","description":"La Jackal II Boa en version femme est une chaussure de Mountain Running\u00ae orient\u00e9e vers la performance pour les distances ULTRA-LONGES.","breadcrumb":{"@id":"https:\/\/www.miomiorun.com\/fr\/produit\/jackal-ii-boa-femme\/#breadcrumb"},"inLanguage":"fr-FR","potentialAction":[{"@type":"ReadAction","target":["https:\/\/www.miomiorun.com\/fr\/produit\/jackal-ii-boa-femme\/"]}]},{"@type":"ImageObject","inLanguage":"fr-FR","@id":"https:\/\/www.miomiorun.com\/fr\/produit\/jackal-ii-boa-femme\/#primaryimage","url":"https:\/\/www.miomiorun.com\/app\/uploads\/2023\/06\/la-sportiva-jackal-II-boa-W-cherry-tomato-lagoon-56I322638.jpg","contentUrl":"https:\/\/www.miomiorun.com\/app\/uploads\/2023\/06\/la-sportiva-jackal-II-boa-W-cherry-tomato-lagoon-56I322638.jpg","width":600,"height":600,"caption":"la-sportiva-jackal-II-boa-W-cherry-tomato-lagoon-56I322638"},{"@type":"BreadcrumbList","@id":"https:\/\/www.miomiorun.com\/fr\/produit\/jackal-ii-boa-femme\/#breadcrumb","itemListElement":[{"@type":"ListItem","position":1,"name":"Home","item":"https:\/\/www.miomiorun.com\/fr\/home-page\/"},{"@type":"ListItem","position":2,"name":"Shop","item":"https:\/\/www.miomiorun.com\/shop\/"},{"@type":"ListItem","position":3,"name":"Jackal II Boa femme"}]},{"@type":"WebSite","@id":"https:\/\/www.miomiorun.com\/fr\/#website","url":"https:\/\/www.miomiorun.com\/fr\/","name":"MioMioRun","description":"Boutique 100% running et trail","publisher":{"@id":"https:\/\/www.miomiorun.com\/fr\/#organization"},"potentialAction":[{"@type":"SearchAction","target":{"@type":"EntryPoint","urlTemplate":"https:\/\/www.miomiorun.com\/fr\/?s={search_term_string}"},"query-input":{"@type":"PropertyValueSpecification","valueRequired":true,"valueName":"search_term_string"}}],"inLanguage":"fr-FR"},{"@type":"Organization","@id":"https:\/\/www.miomiorun.com\/fr\/#organization","name":"MioMio Run","url":"https:\/\/www.miomiorun.com\/fr\/","logo":{"@type":"ImageObject","inLanguage":"fr-FR","@id":"https:\/\/www.miomiorun.com\/fr\/#\/schema\/logo\/image\/","url":"https:\/\/www.miomiorun.com\/app\/uploads\/2019\/12\/logomio.png","contentUrl":"https:\/\/www.miomiorun.com\/app\/uploads\/2019\/12\/logomio.png","width":115,"height":82,"caption":"MioMio Run"},"image":{"@id":"https:\/\/www.miomiorun.com\/fr\/#\/schema\/logo\/image\/"},"sameAs":["https:\/\/www.facebook.com\/miomiorun\/","https:\/\/www.instagram.com\/miomiorun\/"]}]}},"_links":{"self":[{"href":"https:\/\/www.miomiorun.com\/fr\/wp-json\/wp\/v2\/product\/286067","targetHints":{"allow":["GET"]}}],"collection":[{"href":"https:\/\/www.miomiorun.com\/fr\/wp-json\/wp\/v2\/product"}],"about":[{"href":"https:\/\/www.miomiorun.com\/fr\/wp-json\/wp\/v2\/types\/product"}],"wp:featuredmedia":[{"embeddable":true,"href":"https:\/\/www.miomiorun.com\/fr\/wp-json\/wp\/v2\/media\/241520"}],"wp:attachment":[{"href":"https:\/\/www.miomiorun.com\/fr\/wp-json\/wp\/v2\/media?parent=286067"}],"wp:term":[{"taxonomy":"product_brand","embeddable":true,"href":"https:\/\/www.miomiorun.com\/fr\/wp-json\/wp\/v2\/product_brand?post=286067"},{"taxonomy":"product_cat","embeddable":true,"href":"https:\/\/www.miomiorun.com\/fr\/wp-json\/wp\/v2\/product_cat?post=286067"},{"taxonomy":"product_tag","embeddable":true,"href":"https:\/\/www.miomiorun.com\/fr\/wp-json\/wp\/v2\/product_tag?post=286067"}],"curies":[{"name":"wp","href":"https:\/\/api.w.org\/{rel}","templated":true}]}}