{"id":286057,"date":"2023-04-06T13:38:23","date_gmt":"2023-04-06T11:38:23","guid":{"rendered":"https:\/\/miomiorun.com\/prodotto\/pro-hypervent-ls-wind-top-donna\/"},"modified":"2026-05-08T21:41:57","modified_gmt":"2026-05-08T19:41:57","slug":"pro-hypervent-ls-wind-top-femme","status":"publish","type":"product","link":"https:\/\/www.miomiorun.com\/fr\/produit\/pro-hypervent-ls-wind-top-femme\/","title":{"rendered":"PRO Hypervent LS Wind Top femme"},"content":{"rendered":"<p id=\"tw-target-text\" class=\"tw-data-text tw-text-large XcVN5d tw-ta\" dir=\"ltr\" data-placeholder=\"Traduzione\">Le <strong>Pro Hypervent LS Wind Top<\/strong> pour femmes est un maillot de course \u00e0 manches longues de niveau professionnel, dot\u00e9 d&#8217;un tissu coupe-vent \u00e0 l&#8217;avant et d&#8217;un dos hautement ventil\u00e9 pour les entra\u00eenements de haute intensit\u00e9 dans des conditions venteuses.<\/p>\n<p>Ce maillot \u00e0 manches longues techniquement avanc\u00e9 est dot\u00e9 d&#8217;un tissu ripstop coupe-vent \u00e0 l&#8217;avant et d&#8217;un jersey en polyester souple \u00e0 l&#8217;arri\u00e8re pour une meilleure ventilation et une gestion efficace de la temp\u00e9rature corporelle. En outre, ce maillot de course \u00e0 pied est dot\u00e9 de longs poignets en jersey avec prise pour le pouce pour une protection et un confort accrus, ainsi que d&#8217;une poche zipp\u00e9e pour un rangement s\u00fbr.<\/p>\n<p><strong>Hypervent et hyper-respirant<\/strong><\/p>\n<p class=\"tw-data-text tw-text-large XcVN5d tw-ta\" dir=\"ltr\" data-placeholder=\"Traduzione\">Les tissus fins, super doux et exceptionnellement l\u00e9gers et respirants garantissent une fonctionnalit\u00e9, une ventilation et un confort sup\u00e9rieurs pendant les courses \u00e0 grande vitesse et les courses de longue distance dans des conditions chaudes.<\/p>\n<p class=\"tw-data-text tw-text-large XcVN5d tw-ta\" dir=\"ltr\" data-placeholder=\"Traduzione\"><strong><span class=\"Y2IQFc\" lang=\"it\">Caract\u00e9ristiques :<\/span><\/strong><\/p>\n<ul>\n<li class=\"tw-data-text tw-text-large XcVN5d tw-ta\" dir=\"ltr\" data-placeholder=\"Traduzione\">Polyester ripstop extensible \u00e0 l&#8217;avant pour une protection contre le vent<\/li>\n<li class=\"tw-data-text tw-text-large XcVN5d tw-ta\" dir=\"ltr\" data-placeholder=\"Traduzione\">Tricot de polyester souple au dos et sous les manches pour une meilleure ventilation<\/li>\n<li class=\"tw-data-text tw-text-large XcVN5d tw-ta\" dir=\"ltr\" data-placeholder=\"Traduzione\">Poignets tricot\u00e9s plus longs avec prise pour le pouce<\/li>\n<li class=\"tw-data-text tw-text-large XcVN5d tw-ta\" dir=\"ltr\" data-placeholder=\"Traduzione\">Poche zipp\u00e9e pour un rangement s\u00e9curis\u00e9<\/li>\n<li class=\"tw-data-text tw-text-large XcVN5d tw-ta\" dir=\"ltr\" data-placeholder=\"Traduzione\">D\u00e9tails r\u00e9fl\u00e9chissants<\/li>\n<\/ul>\n","protected":false},"excerpt":{"rendered":"<ul>\n<li class=\"tw-data-text tw-text-large XcVN5d tw-ta\" dir=\"ltr\" data-placeholder=\"Traduzione\">Poignets en tricot allong\u00e9s avec passants pour les pouces<\/li>\n<li class=\"tw-data-text tw-text-large XcVN5d tw-ta\" dir=\"ltr\" data-placeholder=\"Traduzione\">Poche zipp\u00e9e pour un rangement s\u00e9curis\u00e9<\/li>\n<li class=\"tw-data-text tw-text-large XcVN5d tw-ta\" dir=\"ltr\" data-placeholder=\"Traduzione\">D\u00e9tails r\u00e9fl\u00e9chissants<\/li>\n<\/ul>\n","protected":false},"featured_media":239971,"template":"","meta":{"_acf_changed":false,"inline_featured_image":false},"product_brand":[],"product_cat":[22601,22596,22595],"product_tag":[23554,23648],"class_list":{"0":"post-286057","1":"product","2":"type-product","3":"status-publish","4":"has-post-thumbnail","6":"product_cat-maillots","7":"product_cat-vetements-pour-femmes","8":"product_cat-femme","9":"product_tag-craft-fr","10":"product_tag-craft-femme","11":"pa_colore-pro-hypervent-ls-wind-top-w-dawn-fr","12":"pa_marca-craft-fr","13":"pa_sesso-femme","14":"pa_size-small-fr","15":"pa_size-medium-fr","16":"pa_size-large-fr","18":"first","19":"instock","20":"sale","21":"taxable","22":"shipping-taxable","23":"purchasable","24":"product-type-variable","25":"wvs-archive-product-wrapper"},"acf":[],"yoast_head":"<!-- This site is optimized with the Yoast SEO plugin v26.8 - https:\/\/yoast.com\/product\/yoast-seo-wordpress\/ -->\n<title>Craft PRO Hypervent LS Wind Top femme - chemise \u00e0 manches longues - MioMioRun<\/title>\n<meta name=\"description\" content=\"Le Pro Hypervent LS Wind Top pour femmes est un maillot de course \u00e0 manches longues de niveau professionnel avec une face avant coupe-vent.\" \/>\n<meta name=\"robots\" content=\"index, follow, max-snippet:-1, max-image-preview:large, max-video-preview:-1\" \/>\n<link rel=\"canonical\" href=\"https:\/\/www.miomiorun.com\/fr\/produit\/pro-hypervent-ls-wind-top-femme\/\" \/>\n<meta property=\"og:locale\" content=\"fr_FR\" \/>\n<meta property=\"og:type\" content=\"article\" \/>\n<meta property=\"og:title\" content=\"Craft PRO Hypervent LS Wind Top femme - chemise \u00e0 manches longues - MioMioRun\" \/>\n<meta property=\"og:description\" content=\"Le Pro Hypervent LS Wind Top pour femmes est un maillot de course \u00e0 manches longues de niveau professionnel avec une face avant coupe-vent.\" \/>\n<meta property=\"og:url\" content=\"https:\/\/www.miomiorun.com\/fr\/produit\/pro-hypervent-ls-wind-top-femme\/\" \/>\n<meta property=\"og:site_name\" content=\"MioMioRun\" \/>\n<meta property=\"article:publisher\" content=\"https:\/\/www.facebook.com\/miomiorun\/\" \/>\n<meta property=\"article:modified_time\" content=\"2026-05-08T19:41:57+00:00\" \/>\n<meta property=\"og:image\" content=\"https:\/\/www.miomiorun.com\/app\/uploads\/2023\/04\/craft-pro-hypervent-ls-wind-top-W-dawn-1910428-743000.jpg\" \/>\n\t<meta property=\"og:image:width\" content=\"600\" \/>\n\t<meta property=\"og:image:height\" content=\"600\" \/>\n\t<meta property=\"og:image:type\" content=\"image\/jpeg\" \/>\n<meta name=\"twitter:card\" content=\"summary_large_image\" \/>\n<meta name=\"twitter:label1\" content=\"Est. reading time\" \/>\n\t<meta name=\"twitter:data1\" content=\"1 minute\" \/>\n<script type=\"application\/ld+json\" class=\"yoast-schema-graph\">{\"@context\":\"https:\/\/schema.org\",\"@graph\":[{\"@type\":\"WebPage\",\"@id\":\"https:\/\/www.miomiorun.com\/fr\/produit\/pro-hypervent-ls-wind-top-femme\/\",\"url\":\"https:\/\/www.miomiorun.com\/fr\/produit\/pro-hypervent-ls-wind-top-femme\/\",\"name\":\"Craft PRO Hypervent LS Wind Top femme - chemise \u00e0 manches longues - MioMioRun\",\"isPartOf\":{\"@id\":\"https:\/\/www.miomiorun.com\/fr\/#website\"},\"primaryImageOfPage\":{\"@id\":\"https:\/\/www.miomiorun.com\/fr\/produit\/pro-hypervent-ls-wind-top-femme\/#primaryimage\"},\"image\":{\"@id\":\"https:\/\/www.miomiorun.com\/fr\/produit\/pro-hypervent-ls-wind-top-femme\/#primaryimage\"},\"thumbnailUrl\":\"https:\/\/www.miomiorun.com\/app\/uploads\/2023\/04\/craft-pro-hypervent-ls-wind-top-W-dawn-1910428-743000.jpg\",\"datePublished\":\"2023-04-06T11:38:23+00:00\",\"dateModified\":\"2026-05-08T19:41:57+00:00\",\"description\":\"Le Pro Hypervent LS Wind Top pour femmes est un maillot de course \u00e0 manches longues de niveau professionnel avec une face avant coupe-vent.\",\"breadcrumb\":{\"@id\":\"https:\/\/www.miomiorun.com\/fr\/produit\/pro-hypervent-ls-wind-top-femme\/#breadcrumb\"},\"inLanguage\":\"fr-FR\",\"potentialAction\":[{\"@type\":\"ReadAction\",\"target\":[\"https:\/\/www.miomiorun.com\/fr\/produit\/pro-hypervent-ls-wind-top-femme\/\"]}]},{\"@type\":\"ImageObject\",\"inLanguage\":\"fr-FR\",\"@id\":\"https:\/\/www.miomiorun.com\/fr\/produit\/pro-hypervent-ls-wind-top-femme\/#primaryimage\",\"url\":\"https:\/\/www.miomiorun.com\/app\/uploads\/2023\/04\/craft-pro-hypervent-ls-wind-top-W-dawn-1910428-743000.jpg\",\"contentUrl\":\"https:\/\/www.miomiorun.com\/app\/uploads\/2023\/04\/craft-pro-hypervent-ls-wind-top-W-dawn-1910428-743000.jpg\",\"width\":600,\"height\":600,\"caption\":\"craft-pro-hypervent-ls-wind-top-W-dawn-1910428-743000\"},{\"@type\":\"BreadcrumbList\",\"@id\":\"https:\/\/www.miomiorun.com\/fr\/produit\/pro-hypervent-ls-wind-top-femme\/#breadcrumb\",\"itemListElement\":[{\"@type\":\"ListItem\",\"position\":1,\"name\":\"Home\",\"item\":\"https:\/\/www.miomiorun.com\/fr\/home-page\/\"},{\"@type\":\"ListItem\",\"position\":2,\"name\":\"Shop\",\"item\":\"https:\/\/www.miomiorun.com\/shop\/\"},{\"@type\":\"ListItem\",\"position\":3,\"name\":\"PRO Hypervent LS Wind Top femme\"}]},{\"@type\":\"WebSite\",\"@id\":\"https:\/\/www.miomiorun.com\/fr\/#website\",\"url\":\"https:\/\/www.miomiorun.com\/fr\/\",\"name\":\"MioMioRun\",\"description\":\"Boutique 100% running et trail\",\"publisher\":{\"@id\":\"https:\/\/www.miomiorun.com\/fr\/#organization\"},\"potentialAction\":[{\"@type\":\"SearchAction\",\"target\":{\"@type\":\"EntryPoint\",\"urlTemplate\":\"https:\/\/www.miomiorun.com\/fr\/?s={search_term_string}\"},\"query-input\":{\"@type\":\"PropertyValueSpecification\",\"valueRequired\":true,\"valueName\":\"search_term_string\"}}],\"inLanguage\":\"fr-FR\"},{\"@type\":\"Organization\",\"@id\":\"https:\/\/www.miomiorun.com\/fr\/#organization\",\"name\":\"MioMio Run\",\"url\":\"https:\/\/www.miomiorun.com\/fr\/\",\"logo\":{\"@type\":\"ImageObject\",\"inLanguage\":\"fr-FR\",\"@id\":\"https:\/\/www.miomiorun.com\/fr\/#\/schema\/logo\/image\/\",\"url\":\"https:\/\/www.miomiorun.com\/app\/uploads\/2019\/12\/logomio.png\",\"contentUrl\":\"https:\/\/www.miomiorun.com\/app\/uploads\/2019\/12\/logomio.png\",\"width\":115,\"height\":82,\"caption\":\"MioMio Run\"},\"image\":{\"@id\":\"https:\/\/www.miomiorun.com\/fr\/#\/schema\/logo\/image\/\"},\"sameAs\":[\"https:\/\/www.facebook.com\/miomiorun\/\",\"https:\/\/www.instagram.com\/miomiorun\/\"]}]}<\/script>\n<!-- \/ Yoast SEO plugin. -->","yoast_head_json":{"title":"Craft PRO Hypervent LS Wind Top femme - chemise \u00e0 manches longues - MioMioRun","description":"Le Pro Hypervent LS Wind Top pour femmes est un maillot de course \u00e0 manches longues de niveau professionnel avec une face avant coupe-vent.","robots":{"index":"index","follow":"follow","max-snippet":"max-snippet:-1","max-image-preview":"max-image-preview:large","max-video-preview":"max-video-preview:-1"},"canonical":"https:\/\/www.miomiorun.com\/fr\/produit\/pro-hypervent-ls-wind-top-femme\/","og_locale":"fr_FR","og_type":"article","og_title":"Craft PRO Hypervent LS Wind Top femme - chemise \u00e0 manches longues - MioMioRun","og_description":"Le Pro Hypervent LS Wind Top pour femmes est un maillot de course \u00e0 manches longues de niveau professionnel avec une face avant coupe-vent.","og_url":"https:\/\/www.miomiorun.com\/fr\/produit\/pro-hypervent-ls-wind-top-femme\/","og_site_name":"MioMioRun","article_publisher":"https:\/\/www.facebook.com\/miomiorun\/","article_modified_time":"2026-05-08T19:41:57+00:00","og_image":[{"width":600,"height":600,"url":"https:\/\/www.miomiorun.com\/app\/uploads\/2023\/04\/craft-pro-hypervent-ls-wind-top-W-dawn-1910428-743000.jpg","type":"image\/jpeg"}],"twitter_card":"summary_large_image","twitter_misc":{"Est. reading time":"1 minute"},"schema":{"@context":"https:\/\/schema.org","@graph":[{"@type":"WebPage","@id":"https:\/\/www.miomiorun.com\/fr\/produit\/pro-hypervent-ls-wind-top-femme\/","url":"https:\/\/www.miomiorun.com\/fr\/produit\/pro-hypervent-ls-wind-top-femme\/","name":"Craft PRO Hypervent LS Wind Top femme - chemise \u00e0 manches longues - MioMioRun","isPartOf":{"@id":"https:\/\/www.miomiorun.com\/fr\/#website"},"primaryImageOfPage":{"@id":"https:\/\/www.miomiorun.com\/fr\/produit\/pro-hypervent-ls-wind-top-femme\/#primaryimage"},"image":{"@id":"https:\/\/www.miomiorun.com\/fr\/produit\/pro-hypervent-ls-wind-top-femme\/#primaryimage"},"thumbnailUrl":"https:\/\/www.miomiorun.com\/app\/uploads\/2023\/04\/craft-pro-hypervent-ls-wind-top-W-dawn-1910428-743000.jpg","datePublished":"2023-04-06T11:38:23+00:00","dateModified":"2026-05-08T19:41:57+00:00","description":"Le Pro Hypervent LS Wind Top pour femmes est un maillot de course \u00e0 manches longues de niveau professionnel avec une face avant coupe-vent.","breadcrumb":{"@id":"https:\/\/www.miomiorun.com\/fr\/produit\/pro-hypervent-ls-wind-top-femme\/#breadcrumb"},"inLanguage":"fr-FR","potentialAction":[{"@type":"ReadAction","target":["https:\/\/www.miomiorun.com\/fr\/produit\/pro-hypervent-ls-wind-top-femme\/"]}]},{"@type":"ImageObject","inLanguage":"fr-FR","@id":"https:\/\/www.miomiorun.com\/fr\/produit\/pro-hypervent-ls-wind-top-femme\/#primaryimage","url":"https:\/\/www.miomiorun.com\/app\/uploads\/2023\/04\/craft-pro-hypervent-ls-wind-top-W-dawn-1910428-743000.jpg","contentUrl":"https:\/\/www.miomiorun.com\/app\/uploads\/2023\/04\/craft-pro-hypervent-ls-wind-top-W-dawn-1910428-743000.jpg","width":600,"height":600,"caption":"craft-pro-hypervent-ls-wind-top-W-dawn-1910428-743000"},{"@type":"BreadcrumbList","@id":"https:\/\/www.miomiorun.com\/fr\/produit\/pro-hypervent-ls-wind-top-femme\/#breadcrumb","itemListElement":[{"@type":"ListItem","position":1,"name":"Home","item":"https:\/\/www.miomiorun.com\/fr\/home-page\/"},{"@type":"ListItem","position":2,"name":"Shop","item":"https:\/\/www.miomiorun.com\/shop\/"},{"@type":"ListItem","position":3,"name":"PRO Hypervent LS Wind Top femme"}]},{"@type":"WebSite","@id":"https:\/\/www.miomiorun.com\/fr\/#website","url":"https:\/\/www.miomiorun.com\/fr\/","name":"MioMioRun","description":"Boutique 100% running et trail","publisher":{"@id":"https:\/\/www.miomiorun.com\/fr\/#organization"},"potentialAction":[{"@type":"SearchAction","target":{"@type":"EntryPoint","urlTemplate":"https:\/\/www.miomiorun.com\/fr\/?s={search_term_string}"},"query-input":{"@type":"PropertyValueSpecification","valueRequired":true,"valueName":"search_term_string"}}],"inLanguage":"fr-FR"},{"@type":"Organization","@id":"https:\/\/www.miomiorun.com\/fr\/#organization","name":"MioMio Run","url":"https:\/\/www.miomiorun.com\/fr\/","logo":{"@type":"ImageObject","inLanguage":"fr-FR","@id":"https:\/\/www.miomiorun.com\/fr\/#\/schema\/logo\/image\/","url":"https:\/\/www.miomiorun.com\/app\/uploads\/2019\/12\/logomio.png","contentUrl":"https:\/\/www.miomiorun.com\/app\/uploads\/2019\/12\/logomio.png","width":115,"height":82,"caption":"MioMio Run"},"image":{"@id":"https:\/\/www.miomiorun.com\/fr\/#\/schema\/logo\/image\/"},"sameAs":["https:\/\/www.facebook.com\/miomiorun\/","https:\/\/www.instagram.com\/miomiorun\/"]}]}},"_links":{"self":[{"href":"https:\/\/www.miomiorun.com\/fr\/wp-json\/wp\/v2\/product\/286057","targetHints":{"allow":["GET"]}}],"collection":[{"href":"https:\/\/www.miomiorun.com\/fr\/wp-json\/wp\/v2\/product"}],"about":[{"href":"https:\/\/www.miomiorun.com\/fr\/wp-json\/wp\/v2\/types\/product"}],"wp:featuredmedia":[{"embeddable":true,"href":"https:\/\/www.miomiorun.com\/fr\/wp-json\/wp\/v2\/media\/239971"}],"wp:attachment":[{"href":"https:\/\/www.miomiorun.com\/fr\/wp-json\/wp\/v2\/media?parent=286057"}],"wp:term":[{"taxonomy":"product_brand","embeddable":true,"href":"https:\/\/www.miomiorun.com\/fr\/wp-json\/wp\/v2\/product_brand?post=286057"},{"taxonomy":"product_cat","embeddable":true,"href":"https:\/\/www.miomiorun.com\/fr\/wp-json\/wp\/v2\/product_cat?post=286057"},{"taxonomy":"product_tag","embeddable":true,"href":"https:\/\/www.miomiorun.com\/fr\/wp-json\/wp\/v2\/product_tag?post=286057"}],"curies":[{"name":"wp","href":"https:\/\/api.w.org\/{rel}","templated":true}]}}