{"id":285870,"date":"2023-03-08T15:11:56","date_gmt":"2023-03-08T14:11:56","guid":{"rendered":"https:\/\/miomiorun.com\/prodotto\/atmosphere-long-sleeve-2-0-uomo\/"},"modified":"2025-09-15T19:14:50","modified_gmt":"2025-09-15T17:14:50","slug":"atmosphere-long-sleeve-2-0-homme","status":"publish","type":"product","link":"https:\/\/www.miomiorun.com\/fr\/produit\/atmosphere-long-sleeve-2-0-homme\/","title":{"rendered":"Atmosphere Long Sleeve 2.0 homme"},"content":{"rendered":"<h3>Assurez-vous fra\u00eecheur et protection avec ce maillot de course ultra-l\u00e9ger \u00e0 manches longues.<\/h3>\n<p><strong>Atmosphere Long Sleeve<\/strong> pour homme est fabriqu\u00e9 dans un tissu extensible dans les quatre sens, respirant et \u00e0 s\u00e9chage rapide. Cette couche l\u00e9g\u00e8re vous offre un confort optimal kilom\u00e8tre apr\u00e8s kilom\u00e8tre. Sa finition anti-odeurs r\u00e9siste au lavage apr\u00e8s lavage.<\/p>\n<h3>Caract\u00e9ristiques :<\/h3>\n<ul class=\"m-long-description__features\">\n<li class=\"m-long-description__feature\">Respirant<\/li>\n<li class=\"m-long-description__feature\">Coupe id\u00e9ale pour la course \u00e0 pied<\/li>\n<li class=\"m-long-description__feature\">R\u00e9sistant aux odeurs<\/li>\n<\/ul>\n<p>&nbsp;<\/p>\n","protected":false},"excerpt":{"rendered":"<ul class=\"m-long-description__features\">\n<li class=\"m-long-description__feature\">Respirant<\/li>\n<li class=\"m-long-description__feature\">Coupe id\u00e9ale pour la course \u00e0 pied<\/li>\n<li class=\"m-long-description__feature\">R\u00e9sistant aux odeurs<\/li>\n<\/ul>\n<p><span style=\"font-weight: 400\">\u00a0<\/span><\/p>\n","protected":false},"featured_media":240635,"template":"","meta":{"_acf_changed":false,"inline_featured_image":false},"product_brand":[],"product_cat":[24478,24482,24484],"product_tag":[23462,23655],"class_list":{"0":"post-285870","1":"product","2":"type-product","3":"status-publish","4":"has-post-thumbnail","6":"product_cat-maillots-fr-2","7":"product_cat-vetements-pour-hommes-fr","8":"product_cat-homme","9":"product_tag-brooks-fr","10":"product_tag-brooks-homme","11":"pa_attivita-marcher","12":"pa_attivita-running-fr","13":"pa_colore-atmosphere-long-sleeve-2-0-dk-ocean-fr","14":"pa_colore-atmosphere-long-sleeve-2-0-ochre-hazelwood-fr","15":"pa_marca-brooks-fr","16":"pa_sesso-homme","17":"pa_size-small-fr","18":"pa_size-medium-fr","19":"pa_size-large-fr","21":"first","22":"instock","23":"sale","24":"taxable","25":"shipping-taxable","26":"purchasable","27":"product-type-variable","28":"wvs-archive-product-wrapper"},"acf":[],"yoast_head":"<!-- This site is optimized with the Yoast SEO plugin v26.8 - https:\/\/yoast.com\/product\/yoast-seo-wordpress\/ -->\n<title>Brooks Atmosphere Long Sleeve 2.0 homme - Maillot - MioMioRun<\/title>\n<meta name=\"description\" content=\"Le t-shirt \u00e0 manches longues Atmosphere pour homme est confectionn\u00e9 dans un tissu extensible dans les quatre sens, respirant et \u00e0 s\u00e9chage rapide, pour une couche l\u00e9g\u00e8re.\" \/>\n<meta name=\"robots\" content=\"index, follow, max-snippet:-1, max-image-preview:large, max-video-preview:-1\" \/>\n<link rel=\"canonical\" href=\"https:\/\/www.miomiorun.com\/fr\/produit\/atmosphere-long-sleeve-2-0-homme\/\" \/>\n<meta property=\"og:locale\" content=\"fr_FR\" \/>\n<meta property=\"og:type\" content=\"article\" \/>\n<meta property=\"og:title\" content=\"Brooks Atmosphere Long Sleeve 2.0 homme - Maillot - MioMioRun\" \/>\n<meta property=\"og:description\" content=\"Le t-shirt \u00e0 manches longues Atmosphere pour homme est confectionn\u00e9 dans un tissu extensible dans les quatre sens, respirant et \u00e0 s\u00e9chage rapide, pour une couche l\u00e9g\u00e8re.\" \/>\n<meta property=\"og:url\" content=\"https:\/\/www.miomiorun.com\/fr\/produit\/atmosphere-long-sleeve-2-0-homme\/\" \/>\n<meta property=\"og:site_name\" content=\"MioMioRun\" \/>\n<meta property=\"article:publisher\" content=\"https:\/\/www.facebook.com\/miomiorun\/\" \/>\n<meta property=\"article:modified_time\" content=\"2025-09-15T17:14:50+00:00\" \/>\n<meta property=\"og:image\" content=\"https:\/\/www.miomiorun.com\/app\/uploads\/2023\/05\/brooks-atmosphere-long-sleeve-2.0-ochre-hazelwood-211450225.jpg\" \/>\n\t<meta property=\"og:image:width\" content=\"600\" \/>\n\t<meta property=\"og:image:height\" content=\"600\" \/>\n\t<meta property=\"og:image:type\" content=\"image\/jpeg\" \/>\n<meta name=\"twitter:card\" content=\"summary_large_image\" \/>\n<script type=\"application\/ld+json\" class=\"yoast-schema-graph\">{\"@context\":\"https:\/\/schema.org\",\"@graph\":[{\"@type\":\"WebPage\",\"@id\":\"https:\/\/www.miomiorun.com\/fr\/produit\/atmosphere-long-sleeve-2-0-homme\/\",\"url\":\"https:\/\/www.miomiorun.com\/fr\/produit\/atmosphere-long-sleeve-2-0-homme\/\",\"name\":\"Brooks Atmosphere Long Sleeve 2.0 homme - Maillot - MioMioRun\",\"isPartOf\":{\"@id\":\"https:\/\/www.miomiorun.com\/fr\/#website\"},\"primaryImageOfPage\":{\"@id\":\"https:\/\/www.miomiorun.com\/fr\/produit\/atmosphere-long-sleeve-2-0-homme\/#primaryimage\"},\"image\":{\"@id\":\"https:\/\/www.miomiorun.com\/fr\/produit\/atmosphere-long-sleeve-2-0-homme\/#primaryimage\"},\"thumbnailUrl\":\"https:\/\/www.miomiorun.com\/app\/uploads\/2023\/05\/brooks-atmosphere-long-sleeve-2.0-ochre-hazelwood-211450225.jpg\",\"datePublished\":\"2023-03-08T14:11:56+00:00\",\"dateModified\":\"2025-09-15T17:14:50+00:00\",\"description\":\"Le t-shirt \u00e0 manches longues Atmosphere pour homme est confectionn\u00e9 dans un tissu extensible dans les quatre sens, respirant et \u00e0 s\u00e9chage rapide, pour une couche l\u00e9g\u00e8re.\",\"breadcrumb\":{\"@id\":\"https:\/\/www.miomiorun.com\/fr\/produit\/atmosphere-long-sleeve-2-0-homme\/#breadcrumb\"},\"inLanguage\":\"fr-FR\",\"potentialAction\":[{\"@type\":\"ReadAction\",\"target\":[\"https:\/\/www.miomiorun.com\/fr\/produit\/atmosphere-long-sleeve-2-0-homme\/\"]}]},{\"@type\":\"ImageObject\",\"inLanguage\":\"fr-FR\",\"@id\":\"https:\/\/www.miomiorun.com\/fr\/produit\/atmosphere-long-sleeve-2-0-homme\/#primaryimage\",\"url\":\"https:\/\/www.miomiorun.com\/app\/uploads\/2023\/05\/brooks-atmosphere-long-sleeve-2.0-ochre-hazelwood-211450225.jpg\",\"contentUrl\":\"https:\/\/www.miomiorun.com\/app\/uploads\/2023\/05\/brooks-atmosphere-long-sleeve-2.0-ochre-hazelwood-211450225.jpg\",\"width\":600,\"height\":600,\"caption\":\"brooks-atmosphere-long-sleeve-2.0-ochre-hazelwood-211450225\"},{\"@type\":\"BreadcrumbList\",\"@id\":\"https:\/\/www.miomiorun.com\/fr\/produit\/atmosphere-long-sleeve-2-0-homme\/#breadcrumb\",\"itemListElement\":[{\"@type\":\"ListItem\",\"position\":1,\"name\":\"Home\",\"item\":\"https:\/\/www.miomiorun.com\/fr\/home-page\/\"},{\"@type\":\"ListItem\",\"position\":2,\"name\":\"Shop\",\"item\":\"https:\/\/www.miomiorun.com\/shop\/\"},{\"@type\":\"ListItem\",\"position\":3,\"name\":\"Atmosphere Long Sleeve 2.0 homme\"}]},{\"@type\":\"WebSite\",\"@id\":\"https:\/\/www.miomiorun.com\/fr\/#website\",\"url\":\"https:\/\/www.miomiorun.com\/fr\/\",\"name\":\"MioMioRun\",\"description\":\"Boutique 100% running et trail\",\"publisher\":{\"@id\":\"https:\/\/www.miomiorun.com\/fr\/#organization\"},\"potentialAction\":[{\"@type\":\"SearchAction\",\"target\":{\"@type\":\"EntryPoint\",\"urlTemplate\":\"https:\/\/www.miomiorun.com\/fr\/?s={search_term_string}\"},\"query-input\":{\"@type\":\"PropertyValueSpecification\",\"valueRequired\":true,\"valueName\":\"search_term_string\"}}],\"inLanguage\":\"fr-FR\"},{\"@type\":\"Organization\",\"@id\":\"https:\/\/www.miomiorun.com\/fr\/#organization\",\"name\":\"MioMio Run\",\"url\":\"https:\/\/www.miomiorun.com\/fr\/\",\"logo\":{\"@type\":\"ImageObject\",\"inLanguage\":\"fr-FR\",\"@id\":\"https:\/\/www.miomiorun.com\/fr\/#\/schema\/logo\/image\/\",\"url\":\"https:\/\/www.miomiorun.com\/app\/uploads\/2019\/12\/logomio.png\",\"contentUrl\":\"https:\/\/www.miomiorun.com\/app\/uploads\/2019\/12\/logomio.png\",\"width\":115,\"height\":82,\"caption\":\"MioMio Run\"},\"image\":{\"@id\":\"https:\/\/www.miomiorun.com\/fr\/#\/schema\/logo\/image\/\"},\"sameAs\":[\"https:\/\/www.facebook.com\/miomiorun\/\",\"https:\/\/www.instagram.com\/miomiorun\/\"]}]}<\/script>\n<!-- \/ Yoast SEO plugin. -->","yoast_head_json":{"title":"Brooks Atmosphere Long Sleeve 2.0 homme - Maillot - MioMioRun","description":"Le t-shirt \u00e0 manches longues Atmosphere pour homme est confectionn\u00e9 dans un tissu extensible dans les quatre sens, respirant et \u00e0 s\u00e9chage rapide, pour une couche l\u00e9g\u00e8re.","robots":{"index":"index","follow":"follow","max-snippet":"max-snippet:-1","max-image-preview":"max-image-preview:large","max-video-preview":"max-video-preview:-1"},"canonical":"https:\/\/www.miomiorun.com\/fr\/produit\/atmosphere-long-sleeve-2-0-homme\/","og_locale":"fr_FR","og_type":"article","og_title":"Brooks Atmosphere Long Sleeve 2.0 homme - Maillot - MioMioRun","og_description":"Le t-shirt \u00e0 manches longues Atmosphere pour homme est confectionn\u00e9 dans un tissu extensible dans les quatre sens, respirant et \u00e0 s\u00e9chage rapide, pour une couche l\u00e9g\u00e8re.","og_url":"https:\/\/www.miomiorun.com\/fr\/produit\/atmosphere-long-sleeve-2-0-homme\/","og_site_name":"MioMioRun","article_publisher":"https:\/\/www.facebook.com\/miomiorun\/","article_modified_time":"2025-09-15T17:14:50+00:00","og_image":[{"width":600,"height":600,"url":"https:\/\/www.miomiorun.com\/app\/uploads\/2023\/05\/brooks-atmosphere-long-sleeve-2.0-ochre-hazelwood-211450225.jpg","type":"image\/jpeg"}],"twitter_card":"summary_large_image","schema":{"@context":"https:\/\/schema.org","@graph":[{"@type":"WebPage","@id":"https:\/\/www.miomiorun.com\/fr\/produit\/atmosphere-long-sleeve-2-0-homme\/","url":"https:\/\/www.miomiorun.com\/fr\/produit\/atmosphere-long-sleeve-2-0-homme\/","name":"Brooks Atmosphere Long Sleeve 2.0 homme - Maillot - MioMioRun","isPartOf":{"@id":"https:\/\/www.miomiorun.com\/fr\/#website"},"primaryImageOfPage":{"@id":"https:\/\/www.miomiorun.com\/fr\/produit\/atmosphere-long-sleeve-2-0-homme\/#primaryimage"},"image":{"@id":"https:\/\/www.miomiorun.com\/fr\/produit\/atmosphere-long-sleeve-2-0-homme\/#primaryimage"},"thumbnailUrl":"https:\/\/www.miomiorun.com\/app\/uploads\/2023\/05\/brooks-atmosphere-long-sleeve-2.0-ochre-hazelwood-211450225.jpg","datePublished":"2023-03-08T14:11:56+00:00","dateModified":"2025-09-15T17:14:50+00:00","description":"Le t-shirt \u00e0 manches longues Atmosphere pour homme est confectionn\u00e9 dans un tissu extensible dans les quatre sens, respirant et \u00e0 s\u00e9chage rapide, pour une couche l\u00e9g\u00e8re.","breadcrumb":{"@id":"https:\/\/www.miomiorun.com\/fr\/produit\/atmosphere-long-sleeve-2-0-homme\/#breadcrumb"},"inLanguage":"fr-FR","potentialAction":[{"@type":"ReadAction","target":["https:\/\/www.miomiorun.com\/fr\/produit\/atmosphere-long-sleeve-2-0-homme\/"]}]},{"@type":"ImageObject","inLanguage":"fr-FR","@id":"https:\/\/www.miomiorun.com\/fr\/produit\/atmosphere-long-sleeve-2-0-homme\/#primaryimage","url":"https:\/\/www.miomiorun.com\/app\/uploads\/2023\/05\/brooks-atmosphere-long-sleeve-2.0-ochre-hazelwood-211450225.jpg","contentUrl":"https:\/\/www.miomiorun.com\/app\/uploads\/2023\/05\/brooks-atmosphere-long-sleeve-2.0-ochre-hazelwood-211450225.jpg","width":600,"height":600,"caption":"brooks-atmosphere-long-sleeve-2.0-ochre-hazelwood-211450225"},{"@type":"BreadcrumbList","@id":"https:\/\/www.miomiorun.com\/fr\/produit\/atmosphere-long-sleeve-2-0-homme\/#breadcrumb","itemListElement":[{"@type":"ListItem","position":1,"name":"Home","item":"https:\/\/www.miomiorun.com\/fr\/home-page\/"},{"@type":"ListItem","position":2,"name":"Shop","item":"https:\/\/www.miomiorun.com\/shop\/"},{"@type":"ListItem","position":3,"name":"Atmosphere Long Sleeve 2.0 homme"}]},{"@type":"WebSite","@id":"https:\/\/www.miomiorun.com\/fr\/#website","url":"https:\/\/www.miomiorun.com\/fr\/","name":"MioMioRun","description":"Boutique 100% running et trail","publisher":{"@id":"https:\/\/www.miomiorun.com\/fr\/#organization"},"potentialAction":[{"@type":"SearchAction","target":{"@type":"EntryPoint","urlTemplate":"https:\/\/www.miomiorun.com\/fr\/?s={search_term_string}"},"query-input":{"@type":"PropertyValueSpecification","valueRequired":true,"valueName":"search_term_string"}}],"inLanguage":"fr-FR"},{"@type":"Organization","@id":"https:\/\/www.miomiorun.com\/fr\/#organization","name":"MioMio Run","url":"https:\/\/www.miomiorun.com\/fr\/","logo":{"@type":"ImageObject","inLanguage":"fr-FR","@id":"https:\/\/www.miomiorun.com\/fr\/#\/schema\/logo\/image\/","url":"https:\/\/www.miomiorun.com\/app\/uploads\/2019\/12\/logomio.png","contentUrl":"https:\/\/www.miomiorun.com\/app\/uploads\/2019\/12\/logomio.png","width":115,"height":82,"caption":"MioMio Run"},"image":{"@id":"https:\/\/www.miomiorun.com\/fr\/#\/schema\/logo\/image\/"},"sameAs":["https:\/\/www.facebook.com\/miomiorun\/","https:\/\/www.instagram.com\/miomiorun\/"]}]}},"_links":{"self":[{"href":"https:\/\/www.miomiorun.com\/fr\/wp-json\/wp\/v2\/product\/285870","targetHints":{"allow":["GET"]}}],"collection":[{"href":"https:\/\/www.miomiorun.com\/fr\/wp-json\/wp\/v2\/product"}],"about":[{"href":"https:\/\/www.miomiorun.com\/fr\/wp-json\/wp\/v2\/types\/product"}],"wp:featuredmedia":[{"embeddable":true,"href":"https:\/\/www.miomiorun.com\/fr\/wp-json\/wp\/v2\/media\/240635"}],"wp:attachment":[{"href":"https:\/\/www.miomiorun.com\/fr\/wp-json\/wp\/v2\/media?parent=285870"}],"wp:term":[{"taxonomy":"product_brand","embeddable":true,"href":"https:\/\/www.miomiorun.com\/fr\/wp-json\/wp\/v2\/product_brand?post=285870"},{"taxonomy":"product_cat","embeddable":true,"href":"https:\/\/www.miomiorun.com\/fr\/wp-json\/wp\/v2\/product_cat?post=285870"},{"taxonomy":"product_tag","embeddable":true,"href":"https:\/\/www.miomiorun.com\/fr\/wp-json\/wp\/v2\/product_tag?post=285870"}],"curies":[{"name":"wp","href":"https:\/\/api.w.org\/{rel}","templated":true}]}}