{"id":285864,"date":"2023-03-08T15:18:17","date_gmt":"2023-03-08T14:18:17","guid":{"rendered":"https:\/\/miomiorun.com\/prodotto\/atmosphere-short-sleeve-2-0-uomo\/"},"modified":"2026-05-08T21:41:52","modified_gmt":"2026-05-08T19:41:52","slug":"atmosphere-short-sleeve-2-0-homme","status":"publish","type":"product","link":"https:\/\/www.miomiorun.com\/fr\/produit\/atmosphere-short-sleeve-2-0-homme\/","title":{"rendered":"Atmosphere Short Sleeve 2.0 homme"},"content":{"rendered":"<h2>Assurez-vous une fra\u00eecheur maximale avec ce t-shirt de course ultra-l\u00e9ger \u00e0 manches courtes.<\/h2>\n<p><strong> Atmosphere Short Sleeve 2.0<\/strong> pour homme est fabriqu\u00e9 dans un tissu extensible dans les quatre sens, respirant et \u00e0 s\u00e9chage rapide. Cette couche offre une couverture presque imperceptible, pour des kilom\u00e8tres de confort. La finition anti-odeurs ne s&#8217;alt\u00e8re pas au fil des lavages.<\/p>\n<h3>Caract\u00e9ristiques :<\/h3>\n<ul class=\"m-long-description__features\">\n<li class=\"m-long-description__feature\">Respirant<\/li>\n<li class=\"m-long-description__feature\">Coupe id\u00e9ale pour la course \u00e0 pied<\/li>\n<li class=\"m-long-description__feature\">R\u00e9sistant aux odeurs<\/li>\n<li>\n<div class=\"m-long-description__sustainability--value\">76 %<\/div>\n<div class=\"m-long-description__sustainability--text\">Mat\u00e9riaux recycl\u00e9s<\/div>\n<\/li>\n<\/ul>\n<p>&nbsp;<\/p>\n<p>&nbsp;<\/p>\n","protected":false},"excerpt":{"rendered":"<ul class=\"m-long-description__features\">\n<li class=\"m-long-description__feature\">Respirant<\/li>\n<li class=\"m-long-description__feature\">Coupe id\u00e9ale pour la course \u00e0 pied<\/li>\n<li class=\"m-long-description__feature\">R\u00e9sistant aux odeurs<\/li>\n<\/ul>\n","protected":false},"featured_media":248676,"template":"","meta":{"_acf_changed":false,"inline_featured_image":false},"product_brand":[],"product_cat":[24449,24482,24484],"product_tag":[23462,23655],"class_list":{"0":"post-285864","1":"product","2":"type-product","3":"status-publish","4":"has-post-thumbnail","6":"product_cat-t-shirt-fr-3","7":"product_cat-vetements-pour-hommes-fr","8":"product_cat-homme","9":"product_tag-brooks-fr","10":"product_tag-brooks-homme","11":"pa_attivita-marcher","12":"pa_attivita-running-fr","13":"pa_colore-atmosphere-short-sleeve-2-0-hazelwood-ochre-fr","14":"pa_colore-atmosphere-short-sleeve-2-0-hyper-blue-pacific-fr","15":"pa_colore-atmosphere-short-sleeve-2-0-white-interv-fr","16":"pa_marca-brooks-fr","17":"pa_sesso-homme","18":"pa_size-small-fr","19":"pa_size-medium-fr","20":"pa_size-large-fr","22":"first","23":"instock","24":"sale","25":"taxable","26":"shipping-taxable","27":"purchasable","28":"product-type-variable","29":"wvs-archive-product-wrapper"},"acf":[],"yoast_head":"<!-- This site is optimized with the Yoast SEO plugin v26.8 - https:\/\/yoast.com\/product\/yoast-seo-wordpress\/ -->\n<title>Brooks Atmosphere Short Sleeve 2.0 homme - T-Shirt- MioMioRun<\/title>\n<meta name=\"description\" content=\"Le t-shirt Atmosphere Short Sleeve 2.0 pour homme est confectionn\u00e9 dans un tissu extensible dans les quatre sens, respirant et \u00e0 s\u00e9chage rapide. Cette couche offre une protection\" \/>\n<meta name=\"robots\" content=\"index, follow, max-snippet:-1, max-image-preview:large, max-video-preview:-1\" \/>\n<link rel=\"canonical\" href=\"https:\/\/www.miomiorun.com\/fr\/produit\/atmosphere-short-sleeve-2-0-homme\/\" \/>\n<meta property=\"og:locale\" content=\"fr_FR\" \/>\n<meta property=\"og:type\" content=\"article\" \/>\n<meta property=\"og:title\" content=\"Brooks Atmosphere Short Sleeve 2.0 homme - T-Shirt- MioMioRun\" \/>\n<meta property=\"og:description\" content=\"Le t-shirt Atmosphere Short Sleeve 2.0 pour homme est confectionn\u00e9 dans un tissu extensible dans les quatre sens, respirant et \u00e0 s\u00e9chage rapide. Cette couche offre une protection\" \/>\n<meta property=\"og:url\" content=\"https:\/\/www.miomiorun.com\/fr\/produit\/atmosphere-short-sleeve-2-0-homme\/\" \/>\n<meta property=\"og:site_name\" content=\"MioMioRun\" \/>\n<meta property=\"article:publisher\" content=\"https:\/\/www.facebook.com\/miomiorun\/\" \/>\n<meta property=\"article:modified_time\" content=\"2026-05-08T19:41:52+00:00\" \/>\n<meta property=\"og:image\" content=\"https:\/\/www.miomiorun.com\/app\/uploads\/2024\/09\/brooks-Atmosphere-short-sleeve-2-lime-elevate-211455730.webp\" \/>\n\t<meta property=\"og:image:width\" content=\"600\" \/>\n\t<meta property=\"og:image:height\" content=\"600\" \/>\n\t<meta property=\"og:image:type\" content=\"image\/webp\" \/>\n<meta name=\"twitter:card\" content=\"summary_large_image\" \/>\n<script type=\"application\/ld+json\" class=\"yoast-schema-graph\">{\"@context\":\"https:\/\/schema.org\",\"@graph\":[{\"@type\":\"WebPage\",\"@id\":\"https:\/\/www.miomiorun.com\/fr\/produit\/atmosphere-short-sleeve-2-0-homme\/\",\"url\":\"https:\/\/www.miomiorun.com\/fr\/produit\/atmosphere-short-sleeve-2-0-homme\/\",\"name\":\"Brooks Atmosphere Short Sleeve 2.0 homme - T-Shirt- MioMioRun\",\"isPartOf\":{\"@id\":\"https:\/\/www.miomiorun.com\/fr\/#website\"},\"primaryImageOfPage\":{\"@id\":\"https:\/\/www.miomiorun.com\/fr\/produit\/atmosphere-short-sleeve-2-0-homme\/#primaryimage\"},\"image\":{\"@id\":\"https:\/\/www.miomiorun.com\/fr\/produit\/atmosphere-short-sleeve-2-0-homme\/#primaryimage\"},\"thumbnailUrl\":\"https:\/\/www.miomiorun.com\/app\/uploads\/2024\/09\/brooks-Atmosphere-short-sleeve-2-lime-elevate-211455730.webp\",\"datePublished\":\"2023-03-08T14:18:17+00:00\",\"dateModified\":\"2026-05-08T19:41:52+00:00\",\"description\":\"Le t-shirt Atmosphere Short Sleeve 2.0 pour homme est confectionn\u00e9 dans un tissu extensible dans les quatre sens, respirant et \u00e0 s\u00e9chage rapide. Cette couche offre une protection\",\"breadcrumb\":{\"@id\":\"https:\/\/www.miomiorun.com\/fr\/produit\/atmosphere-short-sleeve-2-0-homme\/#breadcrumb\"},\"inLanguage\":\"fr-FR\",\"potentialAction\":[{\"@type\":\"ReadAction\",\"target\":[\"https:\/\/www.miomiorun.com\/fr\/produit\/atmosphere-short-sleeve-2-0-homme\/\"]}]},{\"@type\":\"ImageObject\",\"inLanguage\":\"fr-FR\",\"@id\":\"https:\/\/www.miomiorun.com\/fr\/produit\/atmosphere-short-sleeve-2-0-homme\/#primaryimage\",\"url\":\"https:\/\/www.miomiorun.com\/app\/uploads\/2024\/09\/brooks-Atmosphere-short-sleeve-2-lime-elevate-211455730.webp\",\"contentUrl\":\"https:\/\/www.miomiorun.com\/app\/uploads\/2024\/09\/brooks-Atmosphere-short-sleeve-2-lime-elevate-211455730.webp\",\"width\":600,\"height\":600,\"caption\":\"brooks Atmosphere short sleeve 2 lime elevate 211455730\"},{\"@type\":\"BreadcrumbList\",\"@id\":\"https:\/\/www.miomiorun.com\/fr\/produit\/atmosphere-short-sleeve-2-0-homme\/#breadcrumb\",\"itemListElement\":[{\"@type\":\"ListItem\",\"position\":1,\"name\":\"Home\",\"item\":\"https:\/\/www.miomiorun.com\/fr\/home-page\/\"},{\"@type\":\"ListItem\",\"position\":2,\"name\":\"Shop\",\"item\":\"https:\/\/www.miomiorun.com\/shop\/\"},{\"@type\":\"ListItem\",\"position\":3,\"name\":\"Atmosphere Short Sleeve 2.0 homme\"}]},{\"@type\":\"WebSite\",\"@id\":\"https:\/\/www.miomiorun.com\/fr\/#website\",\"url\":\"https:\/\/www.miomiorun.com\/fr\/\",\"name\":\"MioMioRun\",\"description\":\"Boutique 100% running et trail\",\"publisher\":{\"@id\":\"https:\/\/www.miomiorun.com\/fr\/#organization\"},\"potentialAction\":[{\"@type\":\"SearchAction\",\"target\":{\"@type\":\"EntryPoint\",\"urlTemplate\":\"https:\/\/www.miomiorun.com\/fr\/?s={search_term_string}\"},\"query-input\":{\"@type\":\"PropertyValueSpecification\",\"valueRequired\":true,\"valueName\":\"search_term_string\"}}],\"inLanguage\":\"fr-FR\"},{\"@type\":\"Organization\",\"@id\":\"https:\/\/www.miomiorun.com\/fr\/#organization\",\"name\":\"MioMio Run\",\"url\":\"https:\/\/www.miomiorun.com\/fr\/\",\"logo\":{\"@type\":\"ImageObject\",\"inLanguage\":\"fr-FR\",\"@id\":\"https:\/\/www.miomiorun.com\/fr\/#\/schema\/logo\/image\/\",\"url\":\"https:\/\/www.miomiorun.com\/app\/uploads\/2019\/12\/logomio.png\",\"contentUrl\":\"https:\/\/www.miomiorun.com\/app\/uploads\/2019\/12\/logomio.png\",\"width\":115,\"height\":82,\"caption\":\"MioMio Run\"},\"image\":{\"@id\":\"https:\/\/www.miomiorun.com\/fr\/#\/schema\/logo\/image\/\"},\"sameAs\":[\"https:\/\/www.facebook.com\/miomiorun\/\",\"https:\/\/www.instagram.com\/miomiorun\/\"]}]}<\/script>\n<!-- \/ Yoast SEO plugin. -->","yoast_head_json":{"title":"Brooks Atmosphere Short Sleeve 2.0 homme - T-Shirt- MioMioRun","description":"Le t-shirt Atmosphere Short Sleeve 2.0 pour homme est confectionn\u00e9 dans un tissu extensible dans les quatre sens, respirant et \u00e0 s\u00e9chage rapide. Cette couche offre une protection","robots":{"index":"index","follow":"follow","max-snippet":"max-snippet:-1","max-image-preview":"max-image-preview:large","max-video-preview":"max-video-preview:-1"},"canonical":"https:\/\/www.miomiorun.com\/fr\/produit\/atmosphere-short-sleeve-2-0-homme\/","og_locale":"fr_FR","og_type":"article","og_title":"Brooks Atmosphere Short Sleeve 2.0 homme - T-Shirt- MioMioRun","og_description":"Le t-shirt Atmosphere Short Sleeve 2.0 pour homme est confectionn\u00e9 dans un tissu extensible dans les quatre sens, respirant et \u00e0 s\u00e9chage rapide. Cette couche offre une protection","og_url":"https:\/\/www.miomiorun.com\/fr\/produit\/atmosphere-short-sleeve-2-0-homme\/","og_site_name":"MioMioRun","article_publisher":"https:\/\/www.facebook.com\/miomiorun\/","article_modified_time":"2026-05-08T19:41:52+00:00","og_image":[{"width":600,"height":600,"url":"https:\/\/www.miomiorun.com\/app\/uploads\/2024\/09\/brooks-Atmosphere-short-sleeve-2-lime-elevate-211455730.webp","type":"image\/webp"}],"twitter_card":"summary_large_image","schema":{"@context":"https:\/\/schema.org","@graph":[{"@type":"WebPage","@id":"https:\/\/www.miomiorun.com\/fr\/produit\/atmosphere-short-sleeve-2-0-homme\/","url":"https:\/\/www.miomiorun.com\/fr\/produit\/atmosphere-short-sleeve-2-0-homme\/","name":"Brooks Atmosphere Short Sleeve 2.0 homme - T-Shirt- MioMioRun","isPartOf":{"@id":"https:\/\/www.miomiorun.com\/fr\/#website"},"primaryImageOfPage":{"@id":"https:\/\/www.miomiorun.com\/fr\/produit\/atmosphere-short-sleeve-2-0-homme\/#primaryimage"},"image":{"@id":"https:\/\/www.miomiorun.com\/fr\/produit\/atmosphere-short-sleeve-2-0-homme\/#primaryimage"},"thumbnailUrl":"https:\/\/www.miomiorun.com\/app\/uploads\/2024\/09\/brooks-Atmosphere-short-sleeve-2-lime-elevate-211455730.webp","datePublished":"2023-03-08T14:18:17+00:00","dateModified":"2026-05-08T19:41:52+00:00","description":"Le t-shirt Atmosphere Short Sleeve 2.0 pour homme est confectionn\u00e9 dans un tissu extensible dans les quatre sens, respirant et \u00e0 s\u00e9chage rapide. Cette couche offre une protection","breadcrumb":{"@id":"https:\/\/www.miomiorun.com\/fr\/produit\/atmosphere-short-sleeve-2-0-homme\/#breadcrumb"},"inLanguage":"fr-FR","potentialAction":[{"@type":"ReadAction","target":["https:\/\/www.miomiorun.com\/fr\/produit\/atmosphere-short-sleeve-2-0-homme\/"]}]},{"@type":"ImageObject","inLanguage":"fr-FR","@id":"https:\/\/www.miomiorun.com\/fr\/produit\/atmosphere-short-sleeve-2-0-homme\/#primaryimage","url":"https:\/\/www.miomiorun.com\/app\/uploads\/2024\/09\/brooks-Atmosphere-short-sleeve-2-lime-elevate-211455730.webp","contentUrl":"https:\/\/www.miomiorun.com\/app\/uploads\/2024\/09\/brooks-Atmosphere-short-sleeve-2-lime-elevate-211455730.webp","width":600,"height":600,"caption":"brooks Atmosphere short sleeve 2 lime elevate 211455730"},{"@type":"BreadcrumbList","@id":"https:\/\/www.miomiorun.com\/fr\/produit\/atmosphere-short-sleeve-2-0-homme\/#breadcrumb","itemListElement":[{"@type":"ListItem","position":1,"name":"Home","item":"https:\/\/www.miomiorun.com\/fr\/home-page\/"},{"@type":"ListItem","position":2,"name":"Shop","item":"https:\/\/www.miomiorun.com\/shop\/"},{"@type":"ListItem","position":3,"name":"Atmosphere Short Sleeve 2.0 homme"}]},{"@type":"WebSite","@id":"https:\/\/www.miomiorun.com\/fr\/#website","url":"https:\/\/www.miomiorun.com\/fr\/","name":"MioMioRun","description":"Boutique 100% running et trail","publisher":{"@id":"https:\/\/www.miomiorun.com\/fr\/#organization"},"potentialAction":[{"@type":"SearchAction","target":{"@type":"EntryPoint","urlTemplate":"https:\/\/www.miomiorun.com\/fr\/?s={search_term_string}"},"query-input":{"@type":"PropertyValueSpecification","valueRequired":true,"valueName":"search_term_string"}}],"inLanguage":"fr-FR"},{"@type":"Organization","@id":"https:\/\/www.miomiorun.com\/fr\/#organization","name":"MioMio Run","url":"https:\/\/www.miomiorun.com\/fr\/","logo":{"@type":"ImageObject","inLanguage":"fr-FR","@id":"https:\/\/www.miomiorun.com\/fr\/#\/schema\/logo\/image\/","url":"https:\/\/www.miomiorun.com\/app\/uploads\/2019\/12\/logomio.png","contentUrl":"https:\/\/www.miomiorun.com\/app\/uploads\/2019\/12\/logomio.png","width":115,"height":82,"caption":"MioMio Run"},"image":{"@id":"https:\/\/www.miomiorun.com\/fr\/#\/schema\/logo\/image\/"},"sameAs":["https:\/\/www.facebook.com\/miomiorun\/","https:\/\/www.instagram.com\/miomiorun\/"]}]}},"_links":{"self":[{"href":"https:\/\/www.miomiorun.com\/fr\/wp-json\/wp\/v2\/product\/285864","targetHints":{"allow":["GET"]}}],"collection":[{"href":"https:\/\/www.miomiorun.com\/fr\/wp-json\/wp\/v2\/product"}],"about":[{"href":"https:\/\/www.miomiorun.com\/fr\/wp-json\/wp\/v2\/types\/product"}],"wp:featuredmedia":[{"embeddable":true,"href":"https:\/\/www.miomiorun.com\/fr\/wp-json\/wp\/v2\/media\/248676"}],"wp:attachment":[{"href":"https:\/\/www.miomiorun.com\/fr\/wp-json\/wp\/v2\/media?parent=285864"}],"wp:term":[{"taxonomy":"product_brand","embeddable":true,"href":"https:\/\/www.miomiorun.com\/fr\/wp-json\/wp\/v2\/product_brand?post=285864"},{"taxonomy":"product_cat","embeddable":true,"href":"https:\/\/www.miomiorun.com\/fr\/wp-json\/wp\/v2\/product_cat?post=285864"},{"taxonomy":"product_tag","embeddable":true,"href":"https:\/\/www.miomiorun.com\/fr\/wp-json\/wp\/v2\/product_tag?post=285864"}],"curies":[{"name":"wp","href":"https:\/\/api.w.org\/{rel}","templated":true}]}}