{"id":285854,"date":"2023-03-09T10:25:13","date_gmt":"2023-03-09T09:25:13","guid":{"rendered":"https:\/\/miomiorun.com\/prodotto\/distance-short-sleeve-2-0-uomo\/"},"modified":"2025-07-05T09:45:45","modified_gmt":"2025-07-05T07:45:45","slug":"distance-short-sleeve-2-0-homme","status":"publish","type":"product","link":"https:\/\/www.miomiorun.com\/fr\/produit\/distance-short-sleeve-2-0-homme\/","title":{"rendered":"Distance Short Sleeve 2.0 homme"},"content":{"rendered":"<h2><strong>Ce tee-shirt a plus d&#8217;une corde \u00e0 son arc qu&#8217;il n&#8217;en a l&#8217;air.<\/strong><\/h2>\n<p>Mettez \u00e0 jour vos essentiels avec ce T-shirt de course \u00e0 pied l\u00e9ger pour homme appel\u00e9 <strong>Distance Short Sleeve 2.0<\/strong>. Le tissu doux \u00e0 s\u00e9chage rapide \u00e9vacue la transpiration, tandis que la coupe con\u00e7ue pour la course \u00e0 pied offre un confort sans distraction.<\/p>\n<h3>Caract\u00e9ristiques :<\/h3>\n<ul class=\"m-long-description__features\">\n<li class=\"m-long-description__feature\">S\u00e9chage rapide<\/li>\n<li class=\"m-long-description__feature\">Ultra doux<\/li>\n<li class=\"m-long-description__feature\">Id\u00e9al pour la course \u00e0 pied<\/li>\n<\/ul>\n","protected":false},"excerpt":{"rendered":"<ul class=\"m-long-description__features\">\n<li class=\"m-long-description__feature\">S\u00e9chage rapide<\/li>\n<li class=\"m-long-description__feature\">Ultra doux<\/li>\n<li class=\"m-long-description__feature\">Coupe id\u00e9ale pour la course \u00e0 pied<\/li>\n<\/ul>\n","protected":false},"featured_media":240631,"template":"","meta":{"_acf_changed":false,"inline_featured_image":false},"product_brand":[],"product_cat":[24253,24430],"product_tag":[23462,23655],"class_list":{"0":"post-285854","1":"product","2":"type-product","3":"status-publish","4":"has-post-thumbnail","6":"product_cat-t-shirt-fr","7":"product_cat-vetements-pour-hommes","8":"product_tag-brooks-fr","9":"product_tag-brooks-homme","10":"pa_attivita-marcher","11":"pa_attivita-running-fr","12":"pa_colore-distance-short-sleeve-2-0-htr-aegean-ecl-fr","13":"pa_colore-distance-short-sleeve-2-0-ochre-br-mount-fr","14":"pa_marca-brooks-fr","15":"pa_sesso-homme","16":"pa_size-small-fr","17":"pa_size-medium-fr","18":"pa_size-large-fr","20":"first","21":"instock","22":"sale","23":"taxable","24":"shipping-taxable","25":"purchasable","26":"product-type-variable","27":"wvs-archive-product-wrapper"},"acf":[],"yoast_head":"<!-- This site is optimized with the Yoast SEO plugin v26.8 - https:\/\/yoast.com\/product\/yoast-seo-wordpress\/ -->\n<title>BrooksDistance Short Sleeve 2.0 homme -T-shirt de course - MioMioRun<\/title>\n<meta name=\"description\" content=\"Le tissu doux \u00e0 s\u00e9chage rapide \u00e9vacue la transpiration, tandis que la coupe con\u00e7ue pour la course \u00e0 pied offre un confort sans distraction.\" \/>\n<meta name=\"robots\" content=\"index, follow, max-snippet:-1, max-image-preview:large, max-video-preview:-1\" \/>\n<link rel=\"canonical\" href=\"https:\/\/www.miomiorun.com\/fr\/produit\/distance-short-sleeve-2-0-homme\/\" \/>\n<meta property=\"og:locale\" content=\"fr_FR\" \/>\n<meta property=\"og:type\" content=\"article\" \/>\n<meta property=\"og:title\" content=\"BrooksDistance Short Sleeve 2.0 homme -T-shirt de course - MioMioRun\" \/>\n<meta property=\"og:description\" content=\"Le tissu doux \u00e0 s\u00e9chage rapide \u00e9vacue la transpiration, tandis que la coupe con\u00e7ue pour la course \u00e0 pied offre un confort sans distraction.\" \/>\n<meta property=\"og:url\" content=\"https:\/\/www.miomiorun.com\/fr\/produit\/distance-short-sleeve-2-0-homme\/\" \/>\n<meta property=\"og:site_name\" content=\"MioMioRun\" \/>\n<meta property=\"article:publisher\" content=\"https:\/\/www.facebook.com\/miomiorun\/\" \/>\n<meta property=\"article:modified_time\" content=\"2025-07-05T07:45:45+00:00\" \/>\n<meta property=\"og:image\" content=\"https:\/\/www.miomiorun.com\/app\/uploads\/2023\/05\/brooks-distance-short-sleeve-2.0-ochre-br-mount-211453236.jpg\" \/>\n\t<meta property=\"og:image:width\" content=\"600\" \/>\n\t<meta property=\"og:image:height\" content=\"600\" \/>\n\t<meta property=\"og:image:type\" content=\"image\/jpeg\" \/>\n<meta name=\"twitter:card\" content=\"summary_large_image\" \/>\n<script type=\"application\/ld+json\" class=\"yoast-schema-graph\">{\"@context\":\"https:\/\/schema.org\",\"@graph\":[{\"@type\":\"WebPage\",\"@id\":\"https:\/\/www.miomiorun.com\/fr\/produit\/distance-short-sleeve-2-0-homme\/\",\"url\":\"https:\/\/www.miomiorun.com\/fr\/produit\/distance-short-sleeve-2-0-homme\/\",\"name\":\"BrooksDistance Short Sleeve 2.0 homme -T-shirt de course - MioMioRun\",\"isPartOf\":{\"@id\":\"https:\/\/www.miomiorun.com\/fr\/#website\"},\"primaryImageOfPage\":{\"@id\":\"https:\/\/www.miomiorun.com\/fr\/produit\/distance-short-sleeve-2-0-homme\/#primaryimage\"},\"image\":{\"@id\":\"https:\/\/www.miomiorun.com\/fr\/produit\/distance-short-sleeve-2-0-homme\/#primaryimage\"},\"thumbnailUrl\":\"https:\/\/www.miomiorun.com\/app\/uploads\/2023\/05\/brooks-distance-short-sleeve-2.0-ochre-br-mount-211453236.jpg\",\"datePublished\":\"2023-03-09T09:25:13+00:00\",\"dateModified\":\"2025-07-05T07:45:45+00:00\",\"description\":\"Le tissu doux \u00e0 s\u00e9chage rapide \u00e9vacue la transpiration, tandis que la coupe con\u00e7ue pour la course \u00e0 pied offre un confort sans distraction.\",\"breadcrumb\":{\"@id\":\"https:\/\/www.miomiorun.com\/fr\/produit\/distance-short-sleeve-2-0-homme\/#breadcrumb\"},\"inLanguage\":\"fr-FR\",\"potentialAction\":[{\"@type\":\"ReadAction\",\"target\":[\"https:\/\/www.miomiorun.com\/fr\/produit\/distance-short-sleeve-2-0-homme\/\"]}]},{\"@type\":\"ImageObject\",\"inLanguage\":\"fr-FR\",\"@id\":\"https:\/\/www.miomiorun.com\/fr\/produit\/distance-short-sleeve-2-0-homme\/#primaryimage\",\"url\":\"https:\/\/www.miomiorun.com\/app\/uploads\/2023\/05\/brooks-distance-short-sleeve-2.0-ochre-br-mount-211453236.jpg\",\"contentUrl\":\"https:\/\/www.miomiorun.com\/app\/uploads\/2023\/05\/brooks-distance-short-sleeve-2.0-ochre-br-mount-211453236.jpg\",\"width\":600,\"height\":600,\"caption\":\"brooks-distance-short-sleeve-2.0-ochre-br-mount-211453236\"},{\"@type\":\"BreadcrumbList\",\"@id\":\"https:\/\/www.miomiorun.com\/fr\/produit\/distance-short-sleeve-2-0-homme\/#breadcrumb\",\"itemListElement\":[{\"@type\":\"ListItem\",\"position\":1,\"name\":\"Home\",\"item\":\"https:\/\/www.miomiorun.com\/fr\/home-page\/\"},{\"@type\":\"ListItem\",\"position\":2,\"name\":\"Shop\",\"item\":\"https:\/\/www.miomiorun.com\/shop\/\"},{\"@type\":\"ListItem\",\"position\":3,\"name\":\"Distance Short Sleeve 2.0 homme\"}]},{\"@type\":\"WebSite\",\"@id\":\"https:\/\/www.miomiorun.com\/fr\/#website\",\"url\":\"https:\/\/www.miomiorun.com\/fr\/\",\"name\":\"MioMioRun\",\"description\":\"Boutique 100% running et trail\",\"publisher\":{\"@id\":\"https:\/\/www.miomiorun.com\/fr\/#organization\"},\"potentialAction\":[{\"@type\":\"SearchAction\",\"target\":{\"@type\":\"EntryPoint\",\"urlTemplate\":\"https:\/\/www.miomiorun.com\/fr\/?s={search_term_string}\"},\"query-input\":{\"@type\":\"PropertyValueSpecification\",\"valueRequired\":true,\"valueName\":\"search_term_string\"}}],\"inLanguage\":\"fr-FR\"},{\"@type\":\"Organization\",\"@id\":\"https:\/\/www.miomiorun.com\/fr\/#organization\",\"name\":\"MioMio Run\",\"url\":\"https:\/\/www.miomiorun.com\/fr\/\",\"logo\":{\"@type\":\"ImageObject\",\"inLanguage\":\"fr-FR\",\"@id\":\"https:\/\/www.miomiorun.com\/fr\/#\/schema\/logo\/image\/\",\"url\":\"https:\/\/www.miomiorun.com\/app\/uploads\/2019\/12\/logomio.png\",\"contentUrl\":\"https:\/\/www.miomiorun.com\/app\/uploads\/2019\/12\/logomio.png\",\"width\":115,\"height\":82,\"caption\":\"MioMio Run\"},\"image\":{\"@id\":\"https:\/\/www.miomiorun.com\/fr\/#\/schema\/logo\/image\/\"},\"sameAs\":[\"https:\/\/www.facebook.com\/miomiorun\/\",\"https:\/\/www.instagram.com\/miomiorun\/\"]}]}<\/script>\n<!-- \/ Yoast SEO plugin. -->","yoast_head_json":{"title":"BrooksDistance Short Sleeve 2.0 homme -T-shirt de course - MioMioRun","description":"Le tissu doux \u00e0 s\u00e9chage rapide \u00e9vacue la transpiration, tandis que la coupe con\u00e7ue pour la course \u00e0 pied offre un confort sans distraction.","robots":{"index":"index","follow":"follow","max-snippet":"max-snippet:-1","max-image-preview":"max-image-preview:large","max-video-preview":"max-video-preview:-1"},"canonical":"https:\/\/www.miomiorun.com\/fr\/produit\/distance-short-sleeve-2-0-homme\/","og_locale":"fr_FR","og_type":"article","og_title":"BrooksDistance Short Sleeve 2.0 homme -T-shirt de course - MioMioRun","og_description":"Le tissu doux \u00e0 s\u00e9chage rapide \u00e9vacue la transpiration, tandis que la coupe con\u00e7ue pour la course \u00e0 pied offre un confort sans distraction.","og_url":"https:\/\/www.miomiorun.com\/fr\/produit\/distance-short-sleeve-2-0-homme\/","og_site_name":"MioMioRun","article_publisher":"https:\/\/www.facebook.com\/miomiorun\/","article_modified_time":"2025-07-05T07:45:45+00:00","og_image":[{"width":600,"height":600,"url":"https:\/\/www.miomiorun.com\/app\/uploads\/2023\/05\/brooks-distance-short-sleeve-2.0-ochre-br-mount-211453236.jpg","type":"image\/jpeg"}],"twitter_card":"summary_large_image","schema":{"@context":"https:\/\/schema.org","@graph":[{"@type":"WebPage","@id":"https:\/\/www.miomiorun.com\/fr\/produit\/distance-short-sleeve-2-0-homme\/","url":"https:\/\/www.miomiorun.com\/fr\/produit\/distance-short-sleeve-2-0-homme\/","name":"BrooksDistance Short Sleeve 2.0 homme -T-shirt de course - MioMioRun","isPartOf":{"@id":"https:\/\/www.miomiorun.com\/fr\/#website"},"primaryImageOfPage":{"@id":"https:\/\/www.miomiorun.com\/fr\/produit\/distance-short-sleeve-2-0-homme\/#primaryimage"},"image":{"@id":"https:\/\/www.miomiorun.com\/fr\/produit\/distance-short-sleeve-2-0-homme\/#primaryimage"},"thumbnailUrl":"https:\/\/www.miomiorun.com\/app\/uploads\/2023\/05\/brooks-distance-short-sleeve-2.0-ochre-br-mount-211453236.jpg","datePublished":"2023-03-09T09:25:13+00:00","dateModified":"2025-07-05T07:45:45+00:00","description":"Le tissu doux \u00e0 s\u00e9chage rapide \u00e9vacue la transpiration, tandis que la coupe con\u00e7ue pour la course \u00e0 pied offre un confort sans distraction.","breadcrumb":{"@id":"https:\/\/www.miomiorun.com\/fr\/produit\/distance-short-sleeve-2-0-homme\/#breadcrumb"},"inLanguage":"fr-FR","potentialAction":[{"@type":"ReadAction","target":["https:\/\/www.miomiorun.com\/fr\/produit\/distance-short-sleeve-2-0-homme\/"]}]},{"@type":"ImageObject","inLanguage":"fr-FR","@id":"https:\/\/www.miomiorun.com\/fr\/produit\/distance-short-sleeve-2-0-homme\/#primaryimage","url":"https:\/\/www.miomiorun.com\/app\/uploads\/2023\/05\/brooks-distance-short-sleeve-2.0-ochre-br-mount-211453236.jpg","contentUrl":"https:\/\/www.miomiorun.com\/app\/uploads\/2023\/05\/brooks-distance-short-sleeve-2.0-ochre-br-mount-211453236.jpg","width":600,"height":600,"caption":"brooks-distance-short-sleeve-2.0-ochre-br-mount-211453236"},{"@type":"BreadcrumbList","@id":"https:\/\/www.miomiorun.com\/fr\/produit\/distance-short-sleeve-2-0-homme\/#breadcrumb","itemListElement":[{"@type":"ListItem","position":1,"name":"Home","item":"https:\/\/www.miomiorun.com\/fr\/home-page\/"},{"@type":"ListItem","position":2,"name":"Shop","item":"https:\/\/www.miomiorun.com\/shop\/"},{"@type":"ListItem","position":3,"name":"Distance Short Sleeve 2.0 homme"}]},{"@type":"WebSite","@id":"https:\/\/www.miomiorun.com\/fr\/#website","url":"https:\/\/www.miomiorun.com\/fr\/","name":"MioMioRun","description":"Boutique 100% running et trail","publisher":{"@id":"https:\/\/www.miomiorun.com\/fr\/#organization"},"potentialAction":[{"@type":"SearchAction","target":{"@type":"EntryPoint","urlTemplate":"https:\/\/www.miomiorun.com\/fr\/?s={search_term_string}"},"query-input":{"@type":"PropertyValueSpecification","valueRequired":true,"valueName":"search_term_string"}}],"inLanguage":"fr-FR"},{"@type":"Organization","@id":"https:\/\/www.miomiorun.com\/fr\/#organization","name":"MioMio Run","url":"https:\/\/www.miomiorun.com\/fr\/","logo":{"@type":"ImageObject","inLanguage":"fr-FR","@id":"https:\/\/www.miomiorun.com\/fr\/#\/schema\/logo\/image\/","url":"https:\/\/www.miomiorun.com\/app\/uploads\/2019\/12\/logomio.png","contentUrl":"https:\/\/www.miomiorun.com\/app\/uploads\/2019\/12\/logomio.png","width":115,"height":82,"caption":"MioMio Run"},"image":{"@id":"https:\/\/www.miomiorun.com\/fr\/#\/schema\/logo\/image\/"},"sameAs":["https:\/\/www.facebook.com\/miomiorun\/","https:\/\/www.instagram.com\/miomiorun\/"]}]}},"_links":{"self":[{"href":"https:\/\/www.miomiorun.com\/fr\/wp-json\/wp\/v2\/product\/285854","targetHints":{"allow":["GET"]}}],"collection":[{"href":"https:\/\/www.miomiorun.com\/fr\/wp-json\/wp\/v2\/product"}],"about":[{"href":"https:\/\/www.miomiorun.com\/fr\/wp-json\/wp\/v2\/types\/product"}],"wp:featuredmedia":[{"embeddable":true,"href":"https:\/\/www.miomiorun.com\/fr\/wp-json\/wp\/v2\/media\/240631"}],"wp:attachment":[{"href":"https:\/\/www.miomiorun.com\/fr\/wp-json\/wp\/v2\/media?parent=285854"}],"wp:term":[{"taxonomy":"product_brand","embeddable":true,"href":"https:\/\/www.miomiorun.com\/fr\/wp-json\/wp\/v2\/product_brand?post=285854"},{"taxonomy":"product_cat","embeddable":true,"href":"https:\/\/www.miomiorun.com\/fr\/wp-json\/wp\/v2\/product_cat?post=285854"},{"taxonomy":"product_tag","embeddable":true,"href":"https:\/\/www.miomiorun.com\/fr\/wp-json\/wp\/v2\/product_tag?post=285854"}],"curies":[{"name":"wp","href":"https:\/\/api.w.org\/{rel}","templated":true}]}}