{"id":285800,"date":"2023-03-16T12:16:12","date_gmt":"2023-03-16T11:16:12","guid":{"rendered":"https:\/\/miomiorun.com\/prodotto\/ghost-lite-quarter-2-pack\/"},"modified":"2025-09-16T12:20:22","modified_gmt":"2025-09-16T10:20:22","slug":"ghost-lite-quarter-2-pack","status":"publish","type":"product","link":"https:\/\/www.miomiorun.com\/fr\/produit\/ghost-lite-quarter-2-pack\/","title":{"rendered":"Ghost Lite Quarter 2-Pack"},"content":{"rendered":"<div class=\"o-feature-callout__feature-copy\">\n<div class=\"o-feature-callout__feature-copy\">\n<div class=\"o-feature-callout__feature-copy\">\n<h3>Alliant une douceur optimale \u00e0 une longueur moyenne, ces chaussettes l\u00e9g\u00e8res passent totalement inaper\u00e7ues.<\/h3>\n<p>Le rembourrage l\u00e9ger au talon et \u00e0 la pointe, le soutien confortable de la vo\u00fbte plantaire et les zones en mesh respirant se combinent pour offrir un confort maximal pendant la course.<\/p>\n<h3>Caract\u00e9ristiques :<\/h3>\n<ul class=\"m-long-description__features\">\n<li class=\"m-long-description__feature\">Vendues par lot de 2<\/li>\n<li class=\"m-long-description__feature\">Amorti cibl\u00e9<\/li>\n<li class=\"m-long-description__feature\">Soutien de la vo\u00fbte plantaire<\/li>\n<li class=\"m-long-description__feature\">R\u00e9sistantes aux odeurs<\/li>\n<\/ul>\n<p>&nbsp;<\/p>\n<p>&nbsp;<\/p>\n<p>&nbsp;<\/p>\n<\/div>\n<\/div>\n<\/div>\n","protected":false},"excerpt":{"rendered":"<ul class=\"m-long-description__features\">\n<li class=\"m-long-description__feature\">Vendues par lot de 2<\/li>\n<li class=\"m-long-description__feature\">Amorti cibl\u00e9<\/li>\n<li class=\"m-long-description__feature\">Soutien de la vo\u00fbte plantaire<\/li>\n<li class=\"m-long-description__feature\">R\u00e9sistantes aux odeurs<\/li>\n<\/ul>\n","protected":false},"featured_media":240699,"template":"","meta":{"_acf_changed":false,"inline_featured_image":false},"product_brand":[],"product_cat":[22597,24256,22596,24482,24484,22595],"product_tag":[23462,23656,23655],"class_list":{"0":"post-285800","1":"product","2":"type-product","3":"status-publish","4":"has-post-thumbnail","6":"product_cat-chaussettes","7":"product_cat-chaussettes-fr","8":"product_cat-vetements-pour-femmes","9":"product_cat-vetements-pour-hommes-fr","10":"product_cat-homme","11":"product_cat-femme","12":"product_tag-brooks-fr","13":"product_tag-brooks-femme","14":"product_tag-brooks-homme","15":"pa_attivita-fitness-fr","16":"pa_attivita-marcher","17":"pa_attivita-running-fr","18":"pa_colore-ghost-lite-quarter-2-pack-black-fr","19":"pa_colore-ghost-lite-quarter-2-pack-white-fr","20":"pa_marca-brooks-fr","21":"pa_sesso-femme","22":"pa_sesso-homme","23":"pa_size-34-37-fr","24":"pa_size-38-41-fr","25":"pa_size-42-45-fr","27":"first","28":"instock","29":"sale","30":"taxable","31":"shipping-taxable","32":"purchasable","33":"product-type-variable","34":"wvs-archive-product-wrapper"},"acf":[],"yoast_head":"<!-- This site is optimized with the Yoast SEO plugin v26.8 - https:\/\/yoast.com\/product\/yoast-seo-wordpress\/ -->\n<title>BrooksGhost Lite Quarter 2-Pack - Chaussettes de course- MioMioRun<\/title>\n<meta name=\"description\" content=\"L&#039;amorti l\u00e9ger au talon et \u00e0 la pointe, le soutien confortable de la vo\u00fbte plantaire et les zones en mesh respirant se combinent pour offrir un confort maximal .\" \/>\n<meta name=\"robots\" content=\"index, follow, max-snippet:-1, max-image-preview:large, max-video-preview:-1\" \/>\n<link rel=\"canonical\" href=\"https:\/\/www.miomiorun.com\/fr\/produit\/ghost-lite-quarter-2-pack\/\" \/>\n<meta property=\"og:locale\" content=\"fr_FR\" \/>\n<meta property=\"og:type\" content=\"article\" \/>\n<meta property=\"og:title\" content=\"BrooksGhost Lite Quarter 2-Pack - Chaussettes de course- MioMioRun\" \/>\n<meta property=\"og:description\" content=\"L&#039;amorti l\u00e9ger au talon et \u00e0 la pointe, le soutien confortable de la vo\u00fbte plantaire et les zones en mesh respirant se combinent pour offrir un confort maximal .\" \/>\n<meta property=\"og:url\" content=\"https:\/\/www.miomiorun.com\/fr\/produit\/ghost-lite-quarter-2-pack\/\" \/>\n<meta property=\"og:site_name\" content=\"MioMioRun\" \/>\n<meta property=\"article:publisher\" content=\"https:\/\/www.facebook.com\/miomiorun\/\" \/>\n<meta property=\"article:modified_time\" content=\"2025-09-16T10:20:22+00:00\" \/>\n<meta property=\"og:image\" content=\"https:\/\/www.miomiorun.com\/app\/uploads\/2023\/05\/brooks-ghost-lite-quarter-2-pack-black-280497001.jpg\" \/>\n\t<meta property=\"og:image:width\" content=\"600\" \/>\n\t<meta property=\"og:image:height\" content=\"600\" \/>\n\t<meta property=\"og:image:type\" content=\"image\/jpeg\" \/>\n<meta name=\"twitter:card\" content=\"summary_large_image\" \/>\n<script type=\"application\/ld+json\" class=\"yoast-schema-graph\">{\"@context\":\"https:\/\/schema.org\",\"@graph\":[{\"@type\":\"WebPage\",\"@id\":\"https:\/\/www.miomiorun.com\/fr\/produit\/ghost-lite-quarter-2-pack\/\",\"url\":\"https:\/\/www.miomiorun.com\/fr\/produit\/ghost-lite-quarter-2-pack\/\",\"name\":\"BrooksGhost Lite Quarter 2-Pack - Chaussettes de course- MioMioRun\",\"isPartOf\":{\"@id\":\"https:\/\/www.miomiorun.com\/fr\/#website\"},\"primaryImageOfPage\":{\"@id\":\"https:\/\/www.miomiorun.com\/fr\/produit\/ghost-lite-quarter-2-pack\/#primaryimage\"},\"image\":{\"@id\":\"https:\/\/www.miomiorun.com\/fr\/produit\/ghost-lite-quarter-2-pack\/#primaryimage\"},\"thumbnailUrl\":\"https:\/\/www.miomiorun.com\/app\/uploads\/2023\/05\/brooks-ghost-lite-quarter-2-pack-black-280497001.jpg\",\"datePublished\":\"2023-03-16T11:16:12+00:00\",\"dateModified\":\"2025-09-16T10:20:22+00:00\",\"description\":\"L'amorti l\u00e9ger au talon et \u00e0 la pointe, le soutien confortable de la vo\u00fbte plantaire et les zones en mesh respirant se combinent pour offrir un confort maximal .\",\"breadcrumb\":{\"@id\":\"https:\/\/www.miomiorun.com\/fr\/produit\/ghost-lite-quarter-2-pack\/#breadcrumb\"},\"inLanguage\":\"fr-FR\",\"potentialAction\":[{\"@type\":\"ReadAction\",\"target\":[\"https:\/\/www.miomiorun.com\/fr\/produit\/ghost-lite-quarter-2-pack\/\"]}]},{\"@type\":\"ImageObject\",\"inLanguage\":\"fr-FR\",\"@id\":\"https:\/\/www.miomiorun.com\/fr\/produit\/ghost-lite-quarter-2-pack\/#primaryimage\",\"url\":\"https:\/\/www.miomiorun.com\/app\/uploads\/2023\/05\/brooks-ghost-lite-quarter-2-pack-black-280497001.jpg\",\"contentUrl\":\"https:\/\/www.miomiorun.com\/app\/uploads\/2023\/05\/brooks-ghost-lite-quarter-2-pack-black-280497001.jpg\",\"width\":600,\"height\":600,\"caption\":\"brooks-ghost-lite-quarter-2-pack-black-280497001\"},{\"@type\":\"BreadcrumbList\",\"@id\":\"https:\/\/www.miomiorun.com\/fr\/produit\/ghost-lite-quarter-2-pack\/#breadcrumb\",\"itemListElement\":[{\"@type\":\"ListItem\",\"position\":1,\"name\":\"Home\",\"item\":\"https:\/\/www.miomiorun.com\/fr\/home-page\/\"},{\"@type\":\"ListItem\",\"position\":2,\"name\":\"Shop\",\"item\":\"https:\/\/www.miomiorun.com\/shop\/\"},{\"@type\":\"ListItem\",\"position\":3,\"name\":\"Ghost Lite Quarter 2-Pack\"}]},{\"@type\":\"WebSite\",\"@id\":\"https:\/\/www.miomiorun.com\/fr\/#website\",\"url\":\"https:\/\/www.miomiorun.com\/fr\/\",\"name\":\"MioMioRun\",\"description\":\"Boutique 100% running et trail\",\"publisher\":{\"@id\":\"https:\/\/www.miomiorun.com\/fr\/#organization\"},\"potentialAction\":[{\"@type\":\"SearchAction\",\"target\":{\"@type\":\"EntryPoint\",\"urlTemplate\":\"https:\/\/www.miomiorun.com\/fr\/?s={search_term_string}\"},\"query-input\":{\"@type\":\"PropertyValueSpecification\",\"valueRequired\":true,\"valueName\":\"search_term_string\"}}],\"inLanguage\":\"fr-FR\"},{\"@type\":\"Organization\",\"@id\":\"https:\/\/www.miomiorun.com\/fr\/#organization\",\"name\":\"MioMio Run\",\"url\":\"https:\/\/www.miomiorun.com\/fr\/\",\"logo\":{\"@type\":\"ImageObject\",\"inLanguage\":\"fr-FR\",\"@id\":\"https:\/\/www.miomiorun.com\/fr\/#\/schema\/logo\/image\/\",\"url\":\"https:\/\/www.miomiorun.com\/app\/uploads\/2019\/12\/logomio.png\",\"contentUrl\":\"https:\/\/www.miomiorun.com\/app\/uploads\/2019\/12\/logomio.png\",\"width\":115,\"height\":82,\"caption\":\"MioMio Run\"},\"image\":{\"@id\":\"https:\/\/www.miomiorun.com\/fr\/#\/schema\/logo\/image\/\"},\"sameAs\":[\"https:\/\/www.facebook.com\/miomiorun\/\",\"https:\/\/www.instagram.com\/miomiorun\/\"]}]}<\/script>\n<!-- \/ Yoast SEO plugin. -->","yoast_head_json":{"title":"BrooksGhost Lite Quarter 2-Pack - Chaussettes de course- MioMioRun","description":"L'amorti l\u00e9ger au talon et \u00e0 la pointe, le soutien confortable de la vo\u00fbte plantaire et les zones en mesh respirant se combinent pour offrir un confort maximal .","robots":{"index":"index","follow":"follow","max-snippet":"max-snippet:-1","max-image-preview":"max-image-preview:large","max-video-preview":"max-video-preview:-1"},"canonical":"https:\/\/www.miomiorun.com\/fr\/produit\/ghost-lite-quarter-2-pack\/","og_locale":"fr_FR","og_type":"article","og_title":"BrooksGhost Lite Quarter 2-Pack - Chaussettes de course- MioMioRun","og_description":"L'amorti l\u00e9ger au talon et \u00e0 la pointe, le soutien confortable de la vo\u00fbte plantaire et les zones en mesh respirant se combinent pour offrir un confort maximal .","og_url":"https:\/\/www.miomiorun.com\/fr\/produit\/ghost-lite-quarter-2-pack\/","og_site_name":"MioMioRun","article_publisher":"https:\/\/www.facebook.com\/miomiorun\/","article_modified_time":"2025-09-16T10:20:22+00:00","og_image":[{"width":600,"height":600,"url":"https:\/\/www.miomiorun.com\/app\/uploads\/2023\/05\/brooks-ghost-lite-quarter-2-pack-black-280497001.jpg","type":"image\/jpeg"}],"twitter_card":"summary_large_image","schema":{"@context":"https:\/\/schema.org","@graph":[{"@type":"WebPage","@id":"https:\/\/www.miomiorun.com\/fr\/produit\/ghost-lite-quarter-2-pack\/","url":"https:\/\/www.miomiorun.com\/fr\/produit\/ghost-lite-quarter-2-pack\/","name":"BrooksGhost Lite Quarter 2-Pack - Chaussettes de course- MioMioRun","isPartOf":{"@id":"https:\/\/www.miomiorun.com\/fr\/#website"},"primaryImageOfPage":{"@id":"https:\/\/www.miomiorun.com\/fr\/produit\/ghost-lite-quarter-2-pack\/#primaryimage"},"image":{"@id":"https:\/\/www.miomiorun.com\/fr\/produit\/ghost-lite-quarter-2-pack\/#primaryimage"},"thumbnailUrl":"https:\/\/www.miomiorun.com\/app\/uploads\/2023\/05\/brooks-ghost-lite-quarter-2-pack-black-280497001.jpg","datePublished":"2023-03-16T11:16:12+00:00","dateModified":"2025-09-16T10:20:22+00:00","description":"L'amorti l\u00e9ger au talon et \u00e0 la pointe, le soutien confortable de la vo\u00fbte plantaire et les zones en mesh respirant se combinent pour offrir un confort maximal .","breadcrumb":{"@id":"https:\/\/www.miomiorun.com\/fr\/produit\/ghost-lite-quarter-2-pack\/#breadcrumb"},"inLanguage":"fr-FR","potentialAction":[{"@type":"ReadAction","target":["https:\/\/www.miomiorun.com\/fr\/produit\/ghost-lite-quarter-2-pack\/"]}]},{"@type":"ImageObject","inLanguage":"fr-FR","@id":"https:\/\/www.miomiorun.com\/fr\/produit\/ghost-lite-quarter-2-pack\/#primaryimage","url":"https:\/\/www.miomiorun.com\/app\/uploads\/2023\/05\/brooks-ghost-lite-quarter-2-pack-black-280497001.jpg","contentUrl":"https:\/\/www.miomiorun.com\/app\/uploads\/2023\/05\/brooks-ghost-lite-quarter-2-pack-black-280497001.jpg","width":600,"height":600,"caption":"brooks-ghost-lite-quarter-2-pack-black-280497001"},{"@type":"BreadcrumbList","@id":"https:\/\/www.miomiorun.com\/fr\/produit\/ghost-lite-quarter-2-pack\/#breadcrumb","itemListElement":[{"@type":"ListItem","position":1,"name":"Home","item":"https:\/\/www.miomiorun.com\/fr\/home-page\/"},{"@type":"ListItem","position":2,"name":"Shop","item":"https:\/\/www.miomiorun.com\/shop\/"},{"@type":"ListItem","position":3,"name":"Ghost Lite Quarter 2-Pack"}]},{"@type":"WebSite","@id":"https:\/\/www.miomiorun.com\/fr\/#website","url":"https:\/\/www.miomiorun.com\/fr\/","name":"MioMioRun","description":"Boutique 100% running et trail","publisher":{"@id":"https:\/\/www.miomiorun.com\/fr\/#organization"},"potentialAction":[{"@type":"SearchAction","target":{"@type":"EntryPoint","urlTemplate":"https:\/\/www.miomiorun.com\/fr\/?s={search_term_string}"},"query-input":{"@type":"PropertyValueSpecification","valueRequired":true,"valueName":"search_term_string"}}],"inLanguage":"fr-FR"},{"@type":"Organization","@id":"https:\/\/www.miomiorun.com\/fr\/#organization","name":"MioMio Run","url":"https:\/\/www.miomiorun.com\/fr\/","logo":{"@type":"ImageObject","inLanguage":"fr-FR","@id":"https:\/\/www.miomiorun.com\/fr\/#\/schema\/logo\/image\/","url":"https:\/\/www.miomiorun.com\/app\/uploads\/2019\/12\/logomio.png","contentUrl":"https:\/\/www.miomiorun.com\/app\/uploads\/2019\/12\/logomio.png","width":115,"height":82,"caption":"MioMio Run"},"image":{"@id":"https:\/\/www.miomiorun.com\/fr\/#\/schema\/logo\/image\/"},"sameAs":["https:\/\/www.facebook.com\/miomiorun\/","https:\/\/www.instagram.com\/miomiorun\/"]}]}},"_links":{"self":[{"href":"https:\/\/www.miomiorun.com\/fr\/wp-json\/wp\/v2\/product\/285800","targetHints":{"allow":["GET"]}}],"collection":[{"href":"https:\/\/www.miomiorun.com\/fr\/wp-json\/wp\/v2\/product"}],"about":[{"href":"https:\/\/www.miomiorun.com\/fr\/wp-json\/wp\/v2\/types\/product"}],"wp:featuredmedia":[{"embeddable":true,"href":"https:\/\/www.miomiorun.com\/fr\/wp-json\/wp\/v2\/media\/240699"}],"wp:attachment":[{"href":"https:\/\/www.miomiorun.com\/fr\/wp-json\/wp\/v2\/media?parent=285800"}],"wp:term":[{"taxonomy":"product_brand","embeddable":true,"href":"https:\/\/www.miomiorun.com\/fr\/wp-json\/wp\/v2\/product_brand?post=285800"},{"taxonomy":"product_cat","embeddable":true,"href":"https:\/\/www.miomiorun.com\/fr\/wp-json\/wp\/v2\/product_cat?post=285800"},{"taxonomy":"product_tag","embeddable":true,"href":"https:\/\/www.miomiorun.com\/fr\/wp-json\/wp\/v2\/product_tag?post=285800"}],"curies":[{"name":"wp","href":"https:\/\/api.w.org\/{rel}","templated":true}]}}