{"id":285793,"date":"2023-03-09T11:56:13","date_gmt":"2023-03-09T10:56:13","guid":{"rendered":"https:\/\/miomiorun.com\/prodotto\/high-point-32-in-1-short-donna\/"},"modified":"2026-05-08T21:41:25","modified_gmt":"2026-05-08T19:41:25","slug":"high-point-32-in-1-short-femme","status":"publish","type":"product","link":"https:\/\/www.miomiorun.com\/fr\/produit\/high-point-32-in-1-short-femme\/","title":{"rendered":"High Point 3&#8243; 2-in 1 short femme"},"content":{"rendered":"<h2>Pr\u00e9parez-vous \u00e0 une aventure sans fin avec le short de trail running High Point.<\/h2>\n<p>Le tissu ripstop, la doublure anti-frottement du short, la coupe r\u00e9sistante \u00e0 la course et les nombreux espaces de rangement vous permettent de vous pr\u00e9parer \u00e0 de longues journ\u00e9es sur les sentiers en tout confort.<\/p>\n<p><strong>Caract\u00e9ristiques :<\/strong><\/p>\n<ul class=\"m-long-description__features\">\n<li class=\"m-long-description__feature\">Protection durable<\/li>\n<li class=\"m-long-description__feature\">Libert\u00e9 de mouvement maximale<\/li>\n<li class=\"m-long-description__feature\">Espace pour ranger le n\u00e9cessaire<\/li>\n<\/ul>\n<h2 class=\"a-type-h2\">Un confort et des performances fiables pour les sentiers impr\u00e9visibles<\/h2>\n<h3 class=\"a-type-h4 o-feature-callout__feature-eyebrow\">DURABLE ET PR\u00caT POUR LE SENTIER<\/h3>\n<h2 class=\"a-type-h3--big o-feature-callout__feature-header\">Protection durable<\/h2>\n<p class=\"a-type-p o-feature-callout__feature-body\">La partie avant en tissu ripstop trait\u00e9 avec une technologie imperm\u00e9able offre une r\u00e9sistance \u00e0 l&#8217;eau et aux d\u00e9chirures sur les sentiers couverts de v\u00e9g\u00e9tation. Le tissu offre \u00e9galement une protection UPF 30+ contre les rayons du soleil.<\/p>\n<ul class=\"o-feature-callout__feature-list\">\n<li class=\"a-type-p o-feature-callout__feature-list-item\"><span class=\"a-type-p o-feature-callout__feature-list-item-text\">DWR signifie Durable Water Repellence (d\u00e9perlance durable).<\/span><\/li>\n<\/ul>\n<h3 class=\"a-type-h4 o-feature-callout__feature-eyebrow\">TIREZ, GRIMPEZ OU GLISSEZ \u00c0 VOTRE GUISE<\/h3>\n<h2 class=\"a-type-h3--big o-feature-callout__feature-header\">Libert\u00e9 de mouvement maximale<\/h2>\n<p class=\"a-type-p o-feature-callout__feature-body\">Le short avec fentes lat\u00e9rales permet une libert\u00e9 de mouvement totale, tandis que la culotte int\u00e9rieure anti-chocs offre un confort doux.<\/p>\n<ul class=\"o-feature-callout__feature-list\">\n<li class=\"a-type-p o-feature-callout__feature-list-item\"><span class=\"a-type-p o-feature-callout__feature-list-item-text\">Le cordon de serrage ext\u00e9rieur permet d&#8217;ajuster facilement la coupe en cours de route.<\/span><\/li>\n<\/ul>\n<h3 class=\"a-type-h4 o-feature-callout__feature-eyebrow\">\u00c0 PROPOS DES POCHES<\/h3>\n<h2 class=\"a-type-h3--big o-feature-callout__feature-header\">De l&#8217;espace pour ranger l&#8217;essentiel<\/h2>\n<p class=\"a-type-p o-feature-callout__feature-body\">Les quatre poches lat\u00e9rales permettent de ranger facilement les objets essentiels, tandis que la poche arri\u00e8re zipp\u00e9e permet de garder les cl\u00e9s et les cartes en s\u00e9curit\u00e9.<\/p>\n<ul class=\"o-feature-callout__feature-list\">\n<li class=\"a-type-p o-feature-callout__feature-list-item\"><span class=\"a-type-p o-feature-callout__feature-list-item-text\">Le rabat de la poche arri\u00e8re zipp\u00e9e permet de l&#8217;ouvrir et de la fermer facilement, m\u00eame avec des gants ou des doigts froids.<\/span><\/li>\n<\/ul>\n","protected":false},"excerpt":{"rendered":"<ul class=\"m-long-description__features\">\n<li class=\"m-long-description__feature\">Protection longue dur\u00e9e<\/li>\n<li class=\"m-long-description__feature\">Libert\u00e9 de mouvement maximale<\/li>\n<li class=\"m-long-description__feature\">Espace de rangement pour l&#8217;essentiel<\/li>\n<\/ul>\n","protected":false},"featured_media":248686,"template":"","meta":{"_acf_changed":false,"inline_featured_image":false},"product_brand":[],"product_cat":[22602,22596],"product_tag":[23462,23656],"class_list":{"0":"post-285793","1":"product","2":"type-product","3":"status-publish","4":"has-post-thumbnail","6":"product_cat-pantalon-court","7":"product_cat-vetements-pour-femmes","8":"product_tag-brooks-fr","9":"product_tag-brooks-femme","10":"pa_attivita-marcher","11":"pa_attivita-running-fr","12":"pa_colore-high-point-3-2in1-short-2-0-w-black-fr","13":"pa_colore-high-point-3-2in1-short-w-aegean-lt-slate-fr","14":"pa_colore-high-point-3-2in1-short-w-black-fr","15":"pa_colore-high-point-3-2in1-short-w-hazelwood-ochre-fuchsia-fr","16":"pa_colore-high-point-3-2in1-short-w-navy-neo-pink-fr","17":"pa_colore-w-high-point-3-2in1-short-2-0-dk-russet","18":"pa_marca-brooks-fr","19":"pa_sesso-femme","20":"pa_size-extra-small-fr","21":"pa_size-small-fr","22":"pa_size-medium-fr","23":"pa_size-large-fr","25":"first","26":"instock","27":"sale","28":"taxable","29":"shipping-taxable","30":"purchasable","31":"product-type-variable","32":"wvs-archive-product-wrapper"},"acf":[],"yoast_head":"<!-- This site is optimized with the Yoast SEO plugin v26.8 - https:\/\/yoast.com\/product\/yoast-seo-wordpress\/ -->\n<title>Brooks High Point 3&quot; 2-in 1 short femme - Short de course - MioMioRun<\/title>\n<meta name=\"description\" content=\"Le tissu ripstop, la doublure anti-frottement du short, la coupe r\u00e9sistante \u00e0 la course et les nombreux espaces de rangement.\" \/>\n<meta name=\"robots\" content=\"index, follow, max-snippet:-1, max-image-preview:large, max-video-preview:-1\" \/>\n<link rel=\"canonical\" href=\"https:\/\/www.miomiorun.com\/fr\/produit\/high-point-32-in-1-short-femme\/\" \/>\n<meta property=\"og:locale\" content=\"fr_FR\" \/>\n<meta property=\"og:type\" content=\"article\" \/>\n<meta property=\"og:title\" content=\"Brooks High Point 3&quot; 2-in 1 short femme - Short de course - MioMioRun\" \/>\n<meta property=\"og:description\" content=\"Le tissu ripstop, la doublure anti-frottement du short, la coupe r\u00e9sistante \u00e0 la course et les nombreux espaces de rangement.\" \/>\n<meta property=\"og:url\" content=\"https:\/\/www.miomiorun.com\/fr\/produit\/high-point-32-in-1-short-femme\/\" \/>\n<meta property=\"og:site_name\" content=\"MioMioRun\" \/>\n<meta property=\"article:publisher\" content=\"https:\/\/www.facebook.com\/miomiorun\/\" \/>\n<meta property=\"article:modified_time\" content=\"2026-05-08T19:41:25+00:00\" \/>\n<meta property=\"og:image\" content=\"https:\/\/www.miomiorun.com\/app\/uploads\/2024\/09\/brooks-High-Point-3-2in1-short-W-navy-neo-pink-221656439.webp\" \/>\n\t<meta property=\"og:image:width\" content=\"600\" \/>\n\t<meta property=\"og:image:height\" content=\"600\" \/>\n\t<meta property=\"og:image:type\" content=\"image\/webp\" \/>\n<meta name=\"twitter:card\" content=\"summary_large_image\" \/>\n<meta name=\"twitter:label1\" content=\"Est. reading time\" \/>\n\t<meta name=\"twitter:data1\" content=\"1 minute\" \/>\n<script type=\"application\/ld+json\" class=\"yoast-schema-graph\">{\"@context\":\"https:\/\/schema.org\",\"@graph\":[{\"@type\":\"WebPage\",\"@id\":\"https:\/\/www.miomiorun.com\/fr\/produit\/high-point-32-in-1-short-femme\/\",\"url\":\"https:\/\/www.miomiorun.com\/fr\/produit\/high-point-32-in-1-short-femme\/\",\"name\":\"Brooks High Point 3\\\" 2-in 1 short femme - Short de course - MioMioRun\",\"isPartOf\":{\"@id\":\"https:\/\/www.miomiorun.com\/fr\/#website\"},\"primaryImageOfPage\":{\"@id\":\"https:\/\/www.miomiorun.com\/fr\/produit\/high-point-32-in-1-short-femme\/#primaryimage\"},\"image\":{\"@id\":\"https:\/\/www.miomiorun.com\/fr\/produit\/high-point-32-in-1-short-femme\/#primaryimage\"},\"thumbnailUrl\":\"https:\/\/www.miomiorun.com\/app\/uploads\/2024\/09\/brooks-High-Point-3-2in1-short-W-navy-neo-pink-221656439.webp\",\"datePublished\":\"2023-03-09T10:56:13+00:00\",\"dateModified\":\"2026-05-08T19:41:25+00:00\",\"description\":\"Le tissu ripstop, la doublure anti-frottement du short, la coupe r\u00e9sistante \u00e0 la course et les nombreux espaces de rangement.\",\"breadcrumb\":{\"@id\":\"https:\/\/www.miomiorun.com\/fr\/produit\/high-point-32-in-1-short-femme\/#breadcrumb\"},\"inLanguage\":\"fr-FR\",\"potentialAction\":[{\"@type\":\"ReadAction\",\"target\":[\"https:\/\/www.miomiorun.com\/fr\/produit\/high-point-32-in-1-short-femme\/\"]}]},{\"@type\":\"ImageObject\",\"inLanguage\":\"fr-FR\",\"@id\":\"https:\/\/www.miomiorun.com\/fr\/produit\/high-point-32-in-1-short-femme\/#primaryimage\",\"url\":\"https:\/\/www.miomiorun.com\/app\/uploads\/2024\/09\/brooks-High-Point-3-2in1-short-W-navy-neo-pink-221656439.webp\",\"contentUrl\":\"https:\/\/www.miomiorun.com\/app\/uploads\/2024\/09\/brooks-High-Point-3-2in1-short-W-navy-neo-pink-221656439.webp\",\"width\":600,\"height\":600,\"caption\":\"brooks High Point 3 2in1 short W navy neo pink 221656439\"},{\"@type\":\"BreadcrumbList\",\"@id\":\"https:\/\/www.miomiorun.com\/fr\/produit\/high-point-32-in-1-short-femme\/#breadcrumb\",\"itemListElement\":[{\"@type\":\"ListItem\",\"position\":1,\"name\":\"Home\",\"item\":\"https:\/\/www.miomiorun.com\/fr\/home-page\/\"},{\"@type\":\"ListItem\",\"position\":2,\"name\":\"Shop\",\"item\":\"https:\/\/www.miomiorun.com\/shop\/\"},{\"@type\":\"ListItem\",\"position\":3,\"name\":\"High Point 3&#8243; 2-in 1 short femme\"}]},{\"@type\":\"WebSite\",\"@id\":\"https:\/\/www.miomiorun.com\/fr\/#website\",\"url\":\"https:\/\/www.miomiorun.com\/fr\/\",\"name\":\"MioMioRun\",\"description\":\"Boutique 100% running et trail\",\"publisher\":{\"@id\":\"https:\/\/www.miomiorun.com\/fr\/#organization\"},\"potentialAction\":[{\"@type\":\"SearchAction\",\"target\":{\"@type\":\"EntryPoint\",\"urlTemplate\":\"https:\/\/www.miomiorun.com\/fr\/?s={search_term_string}\"},\"query-input\":{\"@type\":\"PropertyValueSpecification\",\"valueRequired\":true,\"valueName\":\"search_term_string\"}}],\"inLanguage\":\"fr-FR\"},{\"@type\":\"Organization\",\"@id\":\"https:\/\/www.miomiorun.com\/fr\/#organization\",\"name\":\"MioMio Run\",\"url\":\"https:\/\/www.miomiorun.com\/fr\/\",\"logo\":{\"@type\":\"ImageObject\",\"inLanguage\":\"fr-FR\",\"@id\":\"https:\/\/www.miomiorun.com\/fr\/#\/schema\/logo\/image\/\",\"url\":\"https:\/\/www.miomiorun.com\/app\/uploads\/2019\/12\/logomio.png\",\"contentUrl\":\"https:\/\/www.miomiorun.com\/app\/uploads\/2019\/12\/logomio.png\",\"width\":115,\"height\":82,\"caption\":\"MioMio Run\"},\"image\":{\"@id\":\"https:\/\/www.miomiorun.com\/fr\/#\/schema\/logo\/image\/\"},\"sameAs\":[\"https:\/\/www.facebook.com\/miomiorun\/\",\"https:\/\/www.instagram.com\/miomiorun\/\"]}]}<\/script>\n<!-- \/ Yoast SEO plugin. -->","yoast_head_json":{"title":"Brooks High Point 3\" 2-in 1 short femme - Short de course - MioMioRun","description":"Le tissu ripstop, la doublure anti-frottement du short, la coupe r\u00e9sistante \u00e0 la course et les nombreux espaces de rangement.","robots":{"index":"index","follow":"follow","max-snippet":"max-snippet:-1","max-image-preview":"max-image-preview:large","max-video-preview":"max-video-preview:-1"},"canonical":"https:\/\/www.miomiorun.com\/fr\/produit\/high-point-32-in-1-short-femme\/","og_locale":"fr_FR","og_type":"article","og_title":"Brooks High Point 3\" 2-in 1 short femme - Short de course - MioMioRun","og_description":"Le tissu ripstop, la doublure anti-frottement du short, la coupe r\u00e9sistante \u00e0 la course et les nombreux espaces de rangement.","og_url":"https:\/\/www.miomiorun.com\/fr\/produit\/high-point-32-in-1-short-femme\/","og_site_name":"MioMioRun","article_publisher":"https:\/\/www.facebook.com\/miomiorun\/","article_modified_time":"2026-05-08T19:41:25+00:00","og_image":[{"width":600,"height":600,"url":"https:\/\/www.miomiorun.com\/app\/uploads\/2024\/09\/brooks-High-Point-3-2in1-short-W-navy-neo-pink-221656439.webp","type":"image\/webp"}],"twitter_card":"summary_large_image","twitter_misc":{"Est. reading time":"1 minute"},"schema":{"@context":"https:\/\/schema.org","@graph":[{"@type":"WebPage","@id":"https:\/\/www.miomiorun.com\/fr\/produit\/high-point-32-in-1-short-femme\/","url":"https:\/\/www.miomiorun.com\/fr\/produit\/high-point-32-in-1-short-femme\/","name":"Brooks High Point 3\" 2-in 1 short femme - Short de course - MioMioRun","isPartOf":{"@id":"https:\/\/www.miomiorun.com\/fr\/#website"},"primaryImageOfPage":{"@id":"https:\/\/www.miomiorun.com\/fr\/produit\/high-point-32-in-1-short-femme\/#primaryimage"},"image":{"@id":"https:\/\/www.miomiorun.com\/fr\/produit\/high-point-32-in-1-short-femme\/#primaryimage"},"thumbnailUrl":"https:\/\/www.miomiorun.com\/app\/uploads\/2024\/09\/brooks-High-Point-3-2in1-short-W-navy-neo-pink-221656439.webp","datePublished":"2023-03-09T10:56:13+00:00","dateModified":"2026-05-08T19:41:25+00:00","description":"Le tissu ripstop, la doublure anti-frottement du short, la coupe r\u00e9sistante \u00e0 la course et les nombreux espaces de rangement.","breadcrumb":{"@id":"https:\/\/www.miomiorun.com\/fr\/produit\/high-point-32-in-1-short-femme\/#breadcrumb"},"inLanguage":"fr-FR","potentialAction":[{"@type":"ReadAction","target":["https:\/\/www.miomiorun.com\/fr\/produit\/high-point-32-in-1-short-femme\/"]}]},{"@type":"ImageObject","inLanguage":"fr-FR","@id":"https:\/\/www.miomiorun.com\/fr\/produit\/high-point-32-in-1-short-femme\/#primaryimage","url":"https:\/\/www.miomiorun.com\/app\/uploads\/2024\/09\/brooks-High-Point-3-2in1-short-W-navy-neo-pink-221656439.webp","contentUrl":"https:\/\/www.miomiorun.com\/app\/uploads\/2024\/09\/brooks-High-Point-3-2in1-short-W-navy-neo-pink-221656439.webp","width":600,"height":600,"caption":"brooks High Point 3 2in1 short W navy neo pink 221656439"},{"@type":"BreadcrumbList","@id":"https:\/\/www.miomiorun.com\/fr\/produit\/high-point-32-in-1-short-femme\/#breadcrumb","itemListElement":[{"@type":"ListItem","position":1,"name":"Home","item":"https:\/\/www.miomiorun.com\/fr\/home-page\/"},{"@type":"ListItem","position":2,"name":"Shop","item":"https:\/\/www.miomiorun.com\/shop\/"},{"@type":"ListItem","position":3,"name":"High Point 3&#8243; 2-in 1 short femme"}]},{"@type":"WebSite","@id":"https:\/\/www.miomiorun.com\/fr\/#website","url":"https:\/\/www.miomiorun.com\/fr\/","name":"MioMioRun","description":"Boutique 100% running et trail","publisher":{"@id":"https:\/\/www.miomiorun.com\/fr\/#organization"},"potentialAction":[{"@type":"SearchAction","target":{"@type":"EntryPoint","urlTemplate":"https:\/\/www.miomiorun.com\/fr\/?s={search_term_string}"},"query-input":{"@type":"PropertyValueSpecification","valueRequired":true,"valueName":"search_term_string"}}],"inLanguage":"fr-FR"},{"@type":"Organization","@id":"https:\/\/www.miomiorun.com\/fr\/#organization","name":"MioMio Run","url":"https:\/\/www.miomiorun.com\/fr\/","logo":{"@type":"ImageObject","inLanguage":"fr-FR","@id":"https:\/\/www.miomiorun.com\/fr\/#\/schema\/logo\/image\/","url":"https:\/\/www.miomiorun.com\/app\/uploads\/2019\/12\/logomio.png","contentUrl":"https:\/\/www.miomiorun.com\/app\/uploads\/2019\/12\/logomio.png","width":115,"height":82,"caption":"MioMio Run"},"image":{"@id":"https:\/\/www.miomiorun.com\/fr\/#\/schema\/logo\/image\/"},"sameAs":["https:\/\/www.facebook.com\/miomiorun\/","https:\/\/www.instagram.com\/miomiorun\/"]}]}},"_links":{"self":[{"href":"https:\/\/www.miomiorun.com\/fr\/wp-json\/wp\/v2\/product\/285793","targetHints":{"allow":["GET"]}}],"collection":[{"href":"https:\/\/www.miomiorun.com\/fr\/wp-json\/wp\/v2\/product"}],"about":[{"href":"https:\/\/www.miomiorun.com\/fr\/wp-json\/wp\/v2\/types\/product"}],"wp:featuredmedia":[{"embeddable":true,"href":"https:\/\/www.miomiorun.com\/fr\/wp-json\/wp\/v2\/media\/248686"}],"wp:attachment":[{"href":"https:\/\/www.miomiorun.com\/fr\/wp-json\/wp\/v2\/media?parent=285793"}],"wp:term":[{"taxonomy":"product_brand","embeddable":true,"href":"https:\/\/www.miomiorun.com\/fr\/wp-json\/wp\/v2\/product_brand?post=285793"},{"taxonomy":"product_cat","embeddable":true,"href":"https:\/\/www.miomiorun.com\/fr\/wp-json\/wp\/v2\/product_cat?post=285793"},{"taxonomy":"product_tag","embeddable":true,"href":"https:\/\/www.miomiorun.com\/fr\/wp-json\/wp\/v2\/product_tag?post=285793"}],"curies":[{"name":"wp","href":"https:\/\/api.w.org\/{rel}","templated":true}]}}