{"id":285788,"date":"2023-03-15T15:13:37","date_gmt":"2023-03-15T14:13:37","guid":{"rendered":"https:\/\/miomiorun.com\/prodotto\/sprint-free-short-sleeve-2-0-donna\/"},"modified":"2025-09-15T19:19:16","modified_gmt":"2025-09-15T17:19:16","slug":"sprint-free-short-sleeve-2-0-femme","status":"publish","type":"product","link":"https:\/\/www.miomiorun.com\/fr\/produit\/sprint-free-short-sleeve-2-0-femme\/","title":{"rendered":"Sprint Free Short Sleeve 2.0 femme"},"content":{"rendered":"<p>Assurez-vous un maximum de fra\u00eecheur avec le t-shirt de course \u00e0 manches courtes ultra-l\u00e9ger <strong>Sprint Free 2.0<\/strong> pour femme.<\/p>\n<p>Avec son <strong>tissu extensible dans les 4 sens<\/strong>, respirant et \u00e0 s\u00e9chage rapide, ce haut vous offre un confort optimal kilom\u00e8tre apr\u00e8s kilom\u00e8tre. Sa finition anti-odeurs r\u00e9siste au lavage apr\u00e8s lavage.<\/p>\n<h3>Caract\u00e9ristiques :<\/h3>\n<ul class=\"m-long-description__features\">\n<li class=\"m-long-description__feature\">Ultra respirant<\/li>\n<li class=\"m-long-description__feature\">Coupe id\u00e9ale pour la course \u00e0 pied<\/li>\n<li class=\"m-long-description__feature\">R\u00e9sistant aux odeurs<\/li>\n<\/ul>\n","protected":false},"excerpt":{"rendered":"<ul class=\"m-long-description__features\">\n<li class=\"m-long-description__feature\">Ultra respirant<\/li>\n<li class=\"m-long-description__feature\">Coupe id\u00e9ale pour la course \u00e0 pied<\/li>\n<li class=\"m-long-description__feature\">R\u00e9sistant aux odeurs<\/li>\n<\/ul>\n","protected":false},"featured_media":240659,"template":"","meta":{"_acf_changed":false,"inline_featured_image":false},"product_brand":[],"product_cat":[24436,24444],"product_tag":[23462,23656],"class_list":{"0":"post-285788","1":"product","2":"type-product","3":"status-publish","4":"has-post-thumbnail","6":"product_cat-t-shirt-fr-2","7":"product_cat-vetements-pour-femmes-fr","8":"product_tag-brooks-fr","9":"product_tag-brooks-femme","10":"pa_attivita-fitness-fr","11":"pa_attivita-marcher","12":"pa_attivita-running-fr","13":"pa_colore-spint-free-short-sleeve-2-0-w-lt-lavender-blue-lavender-fr","14":"pa_colore-sprint-free-short-sleeve-2-0-w-black-fr","15":"pa_colore-sprint-free-short-sleeve-2-0-w-lime-elev-fr","16":"pa_colore-sprint-free-short-sleeve-2-0-w-mint-mix-fr","17":"pa_marca-brooks-fr","18":"pa_sesso-femme","19":"pa_size-small-fr","20":"pa_size-medium-fr","22":"first","23":"instock","24":"sale","25":"taxable","26":"shipping-taxable","27":"purchasable","28":"product-type-variable","29":"wvs-archive-product-wrapper"},"acf":[],"yoast_head":"<!-- This site is optimized with the Yoast SEO plugin v26.8 - https:\/\/yoast.com\/product\/yoast-seo-wordpress\/ -->\n<title>Brooks Sprint Free Short Sleeve 2.0 femme - T-Shirt pour femme - MioMioRun<\/title>\n<meta name=\"description\" content=\"Avec son tissu extensible dans les quatre sens, respirant et \u00e0 s\u00e9chage rapide, ce haut offre un confort optimal. La finition anti-odeurs\" \/>\n<meta name=\"robots\" content=\"index, follow, max-snippet:-1, max-image-preview:large, max-video-preview:-1\" \/>\n<link rel=\"canonical\" href=\"https:\/\/www.miomiorun.com\/fr\/produit\/sprint-free-short-sleeve-2-0-femme\/\" \/>\n<meta property=\"og:locale\" content=\"fr_FR\" \/>\n<meta property=\"og:type\" content=\"article\" \/>\n<meta property=\"og:title\" content=\"Brooks Sprint Free Short Sleeve 2.0 femme - T-Shirt pour femme - MioMioRun\" \/>\n<meta property=\"og:description\" content=\"Avec son tissu extensible dans les quatre sens, respirant et \u00e0 s\u00e9chage rapide, ce haut offre un confort optimal. La finition anti-odeurs\" \/>\n<meta property=\"og:url\" content=\"https:\/\/www.miomiorun.com\/fr\/produit\/sprint-free-short-sleeve-2-0-femme\/\" \/>\n<meta property=\"og:site_name\" content=\"MioMioRun\" \/>\n<meta property=\"article:publisher\" content=\"https:\/\/www.facebook.com\/miomiorun\/\" \/>\n<meta property=\"article:modified_time\" content=\"2025-09-15T17:19:16+00:00\" \/>\n<meta property=\"og:image\" content=\"https:\/\/www.miomiorun.com\/app\/uploads\/2023\/05\/brooks-sprint-free-short-sleeve-2.0-W-hyper-pink-221613620.jpg\" \/>\n\t<meta property=\"og:image:width\" content=\"600\" \/>\n\t<meta property=\"og:image:height\" content=\"600\" \/>\n\t<meta property=\"og:image:type\" content=\"image\/jpeg\" \/>\n<meta name=\"twitter:card\" content=\"summary_large_image\" \/>\n<script type=\"application\/ld+json\" class=\"yoast-schema-graph\">{\"@context\":\"https:\/\/schema.org\",\"@graph\":[{\"@type\":\"WebPage\",\"@id\":\"https:\/\/www.miomiorun.com\/fr\/produit\/sprint-free-short-sleeve-2-0-femme\/\",\"url\":\"https:\/\/www.miomiorun.com\/fr\/produit\/sprint-free-short-sleeve-2-0-femme\/\",\"name\":\"Brooks Sprint Free Short Sleeve 2.0 femme - T-Shirt pour femme - MioMioRun\",\"isPartOf\":{\"@id\":\"https:\/\/www.miomiorun.com\/fr\/#website\"},\"primaryImageOfPage\":{\"@id\":\"https:\/\/www.miomiorun.com\/fr\/produit\/sprint-free-short-sleeve-2-0-femme\/#primaryimage\"},\"image\":{\"@id\":\"https:\/\/www.miomiorun.com\/fr\/produit\/sprint-free-short-sleeve-2-0-femme\/#primaryimage\"},\"thumbnailUrl\":\"https:\/\/www.miomiorun.com\/app\/uploads\/2023\/05\/brooks-sprint-free-short-sleeve-2.0-W-hyper-pink-221613620.jpg\",\"datePublished\":\"2023-03-15T14:13:37+00:00\",\"dateModified\":\"2025-09-15T17:19:16+00:00\",\"description\":\"Avec son tissu extensible dans les quatre sens, respirant et \u00e0 s\u00e9chage rapide, ce haut offre un confort optimal. La finition anti-odeurs\",\"breadcrumb\":{\"@id\":\"https:\/\/www.miomiorun.com\/fr\/produit\/sprint-free-short-sleeve-2-0-femme\/#breadcrumb\"},\"inLanguage\":\"fr-FR\",\"potentialAction\":[{\"@type\":\"ReadAction\",\"target\":[\"https:\/\/www.miomiorun.com\/fr\/produit\/sprint-free-short-sleeve-2-0-femme\/\"]}]},{\"@type\":\"ImageObject\",\"inLanguage\":\"fr-FR\",\"@id\":\"https:\/\/www.miomiorun.com\/fr\/produit\/sprint-free-short-sleeve-2-0-femme\/#primaryimage\",\"url\":\"https:\/\/www.miomiorun.com\/app\/uploads\/2023\/05\/brooks-sprint-free-short-sleeve-2.0-W-hyper-pink-221613620.jpg\",\"contentUrl\":\"https:\/\/www.miomiorun.com\/app\/uploads\/2023\/05\/brooks-sprint-free-short-sleeve-2.0-W-hyper-pink-221613620.jpg\",\"width\":600,\"height\":600,\"caption\":\"brooks-sprint-free-short-sleeve-2.0-W-hyper-pink-221613620\"},{\"@type\":\"BreadcrumbList\",\"@id\":\"https:\/\/www.miomiorun.com\/fr\/produit\/sprint-free-short-sleeve-2-0-femme\/#breadcrumb\",\"itemListElement\":[{\"@type\":\"ListItem\",\"position\":1,\"name\":\"Home\",\"item\":\"https:\/\/www.miomiorun.com\/fr\/home-page\/\"},{\"@type\":\"ListItem\",\"position\":2,\"name\":\"Shop\",\"item\":\"https:\/\/www.miomiorun.com\/shop\/\"},{\"@type\":\"ListItem\",\"position\":3,\"name\":\"Sprint Free Short Sleeve 2.0 femme\"}]},{\"@type\":\"WebSite\",\"@id\":\"https:\/\/www.miomiorun.com\/fr\/#website\",\"url\":\"https:\/\/www.miomiorun.com\/fr\/\",\"name\":\"MioMioRun\",\"description\":\"Boutique 100% running et trail\",\"publisher\":{\"@id\":\"https:\/\/www.miomiorun.com\/fr\/#organization\"},\"potentialAction\":[{\"@type\":\"SearchAction\",\"target\":{\"@type\":\"EntryPoint\",\"urlTemplate\":\"https:\/\/www.miomiorun.com\/fr\/?s={search_term_string}\"},\"query-input\":{\"@type\":\"PropertyValueSpecification\",\"valueRequired\":true,\"valueName\":\"search_term_string\"}}],\"inLanguage\":\"fr-FR\"},{\"@type\":\"Organization\",\"@id\":\"https:\/\/www.miomiorun.com\/fr\/#organization\",\"name\":\"MioMio Run\",\"url\":\"https:\/\/www.miomiorun.com\/fr\/\",\"logo\":{\"@type\":\"ImageObject\",\"inLanguage\":\"fr-FR\",\"@id\":\"https:\/\/www.miomiorun.com\/fr\/#\/schema\/logo\/image\/\",\"url\":\"https:\/\/www.miomiorun.com\/app\/uploads\/2019\/12\/logomio.png\",\"contentUrl\":\"https:\/\/www.miomiorun.com\/app\/uploads\/2019\/12\/logomio.png\",\"width\":115,\"height\":82,\"caption\":\"MioMio Run\"},\"image\":{\"@id\":\"https:\/\/www.miomiorun.com\/fr\/#\/schema\/logo\/image\/\"},\"sameAs\":[\"https:\/\/www.facebook.com\/miomiorun\/\",\"https:\/\/www.instagram.com\/miomiorun\/\"]}]}<\/script>\n<!-- \/ Yoast SEO plugin. -->","yoast_head_json":{"title":"Brooks Sprint Free Short Sleeve 2.0 femme - T-Shirt pour femme - MioMioRun","description":"Avec son tissu extensible dans les quatre sens, respirant et \u00e0 s\u00e9chage rapide, ce haut offre un confort optimal. La finition anti-odeurs","robots":{"index":"index","follow":"follow","max-snippet":"max-snippet:-1","max-image-preview":"max-image-preview:large","max-video-preview":"max-video-preview:-1"},"canonical":"https:\/\/www.miomiorun.com\/fr\/produit\/sprint-free-short-sleeve-2-0-femme\/","og_locale":"fr_FR","og_type":"article","og_title":"Brooks Sprint Free Short Sleeve 2.0 femme - T-Shirt pour femme - MioMioRun","og_description":"Avec son tissu extensible dans les quatre sens, respirant et \u00e0 s\u00e9chage rapide, ce haut offre un confort optimal. La finition anti-odeurs","og_url":"https:\/\/www.miomiorun.com\/fr\/produit\/sprint-free-short-sleeve-2-0-femme\/","og_site_name":"MioMioRun","article_publisher":"https:\/\/www.facebook.com\/miomiorun\/","article_modified_time":"2025-09-15T17:19:16+00:00","og_image":[{"width":600,"height":600,"url":"https:\/\/www.miomiorun.com\/app\/uploads\/2023\/05\/brooks-sprint-free-short-sleeve-2.0-W-hyper-pink-221613620.jpg","type":"image\/jpeg"}],"twitter_card":"summary_large_image","schema":{"@context":"https:\/\/schema.org","@graph":[{"@type":"WebPage","@id":"https:\/\/www.miomiorun.com\/fr\/produit\/sprint-free-short-sleeve-2-0-femme\/","url":"https:\/\/www.miomiorun.com\/fr\/produit\/sprint-free-short-sleeve-2-0-femme\/","name":"Brooks Sprint Free Short Sleeve 2.0 femme - T-Shirt pour femme - MioMioRun","isPartOf":{"@id":"https:\/\/www.miomiorun.com\/fr\/#website"},"primaryImageOfPage":{"@id":"https:\/\/www.miomiorun.com\/fr\/produit\/sprint-free-short-sleeve-2-0-femme\/#primaryimage"},"image":{"@id":"https:\/\/www.miomiorun.com\/fr\/produit\/sprint-free-short-sleeve-2-0-femme\/#primaryimage"},"thumbnailUrl":"https:\/\/www.miomiorun.com\/app\/uploads\/2023\/05\/brooks-sprint-free-short-sleeve-2.0-W-hyper-pink-221613620.jpg","datePublished":"2023-03-15T14:13:37+00:00","dateModified":"2025-09-15T17:19:16+00:00","description":"Avec son tissu extensible dans les quatre sens, respirant et \u00e0 s\u00e9chage rapide, ce haut offre un confort optimal. La finition anti-odeurs","breadcrumb":{"@id":"https:\/\/www.miomiorun.com\/fr\/produit\/sprint-free-short-sleeve-2-0-femme\/#breadcrumb"},"inLanguage":"fr-FR","potentialAction":[{"@type":"ReadAction","target":["https:\/\/www.miomiorun.com\/fr\/produit\/sprint-free-short-sleeve-2-0-femme\/"]}]},{"@type":"ImageObject","inLanguage":"fr-FR","@id":"https:\/\/www.miomiorun.com\/fr\/produit\/sprint-free-short-sleeve-2-0-femme\/#primaryimage","url":"https:\/\/www.miomiorun.com\/app\/uploads\/2023\/05\/brooks-sprint-free-short-sleeve-2.0-W-hyper-pink-221613620.jpg","contentUrl":"https:\/\/www.miomiorun.com\/app\/uploads\/2023\/05\/brooks-sprint-free-short-sleeve-2.0-W-hyper-pink-221613620.jpg","width":600,"height":600,"caption":"brooks-sprint-free-short-sleeve-2.0-W-hyper-pink-221613620"},{"@type":"BreadcrumbList","@id":"https:\/\/www.miomiorun.com\/fr\/produit\/sprint-free-short-sleeve-2-0-femme\/#breadcrumb","itemListElement":[{"@type":"ListItem","position":1,"name":"Home","item":"https:\/\/www.miomiorun.com\/fr\/home-page\/"},{"@type":"ListItem","position":2,"name":"Shop","item":"https:\/\/www.miomiorun.com\/shop\/"},{"@type":"ListItem","position":3,"name":"Sprint Free Short Sleeve 2.0 femme"}]},{"@type":"WebSite","@id":"https:\/\/www.miomiorun.com\/fr\/#website","url":"https:\/\/www.miomiorun.com\/fr\/","name":"MioMioRun","description":"Boutique 100% running et trail","publisher":{"@id":"https:\/\/www.miomiorun.com\/fr\/#organization"},"potentialAction":[{"@type":"SearchAction","target":{"@type":"EntryPoint","urlTemplate":"https:\/\/www.miomiorun.com\/fr\/?s={search_term_string}"},"query-input":{"@type":"PropertyValueSpecification","valueRequired":true,"valueName":"search_term_string"}}],"inLanguage":"fr-FR"},{"@type":"Organization","@id":"https:\/\/www.miomiorun.com\/fr\/#organization","name":"MioMio Run","url":"https:\/\/www.miomiorun.com\/fr\/","logo":{"@type":"ImageObject","inLanguage":"fr-FR","@id":"https:\/\/www.miomiorun.com\/fr\/#\/schema\/logo\/image\/","url":"https:\/\/www.miomiorun.com\/app\/uploads\/2019\/12\/logomio.png","contentUrl":"https:\/\/www.miomiorun.com\/app\/uploads\/2019\/12\/logomio.png","width":115,"height":82,"caption":"MioMio Run"},"image":{"@id":"https:\/\/www.miomiorun.com\/fr\/#\/schema\/logo\/image\/"},"sameAs":["https:\/\/www.facebook.com\/miomiorun\/","https:\/\/www.instagram.com\/miomiorun\/"]}]}},"_links":{"self":[{"href":"https:\/\/www.miomiorun.com\/fr\/wp-json\/wp\/v2\/product\/285788","targetHints":{"allow":["GET"]}}],"collection":[{"href":"https:\/\/www.miomiorun.com\/fr\/wp-json\/wp\/v2\/product"}],"about":[{"href":"https:\/\/www.miomiorun.com\/fr\/wp-json\/wp\/v2\/types\/product"}],"wp:featuredmedia":[{"embeddable":true,"href":"https:\/\/www.miomiorun.com\/fr\/wp-json\/wp\/v2\/media\/240659"}],"wp:attachment":[{"href":"https:\/\/www.miomiorun.com\/fr\/wp-json\/wp\/v2\/media?parent=285788"}],"wp:term":[{"taxonomy":"product_brand","embeddable":true,"href":"https:\/\/www.miomiorun.com\/fr\/wp-json\/wp\/v2\/product_brand?post=285788"},{"taxonomy":"product_cat","embeddable":true,"href":"https:\/\/www.miomiorun.com\/fr\/wp-json\/wp\/v2\/product_cat?post=285788"},{"taxonomy":"product_tag","embeddable":true,"href":"https:\/\/www.miomiorun.com\/fr\/wp-json\/wp\/v2\/product_tag?post=285788"}],"curies":[{"name":"wp","href":"https:\/\/api.w.org\/{rel}","templated":true}]}}