{"id":285737,"date":"2023-03-16T12:29:18","date_gmt":"2023-03-16T11:29:18","guid":{"rendered":"https:\/\/miomiorun.com\/prodotto\/dare-strappy-2-0-run-bra\/"},"modified":"2025-09-16T12:27:32","modified_gmt":"2025-09-16T10:27:32","slug":"dare-strappy-2-0-run-bra","status":"publish","type":"product","link":"https:\/\/www.miomiorun.com\/fr\/produit\/dare-strappy-2-0-run-bra\/","title":{"rendered":"Dare Strappy 2.0 Run Bra"},"content":{"rendered":"<div class=\"single-product-description\">La respirabilit\u00e9 et le maintien sont essentiels lorsque vous recherchez le soutien-gorge de sport id\u00e9al : un soutien-gorge \u00e0 bretelles standard ne peut pas \u00eatre le bon choix. <\/div>\n<div class=\"single-product-description\"><strong>Le soutien-gorge Strappy 2.0 Run Bra<\/strong> am\u00e9lior\u00e9 offre un maintien et une respirabilit\u00e9 adapt\u00e9s aux activit\u00e9s \u00e0 fort impact, ainsi qu&#8217;un nouveau style impeccable. <\/div>\n<div><\/div>\n<h3>Caract\u00e9ristiques :<\/h3>\n<ul class=\"m-long-description__features\">\n<li class=\"m-long-description__feature\">Soutien lors des courses \u00e0 fort impact<\/li>\n<li class=\"m-long-description__feature\">Conception respirante<\/li>\n<li class=\"m-long-description__feature\">Confort optimis\u00e9<\/li>\n<\/ul>\n<h3 class=\"a-type-h2 \">Avec ce soutien-gorge de course \u00e0 enfiler dot\u00e9 de bretelles, vous b\u00e9n\u00e9ficiez du soutien dont vous avez besoin pour les courses \u00e0 fort impact. <\/h3>\n<h3 class=\"a-type-h4 o-feature-callout__feature-eyebrow\">COUREZ PLUS. REBONDISSEZ MOINS. <\/h3>\n<h3 class=\"a-type-h3--big o-feature-callout__feature-header\">Soutien pour les courses \u00e0 fort impact dans un mod\u00e8le au style \u00e9pur\u00e9, facile \u00e0 enfiler et \u00e0 retirer. <\/h3>\n<p class=\"a-type-p o-feature-callout__feature-body\">Ce soutien-gorge offre un soutien exceptionnel gr\u00e2ce \u00e0 une combinaison test\u00e9e en laboratoire alliant r\u00e9duction des mouvements et confort, que nous appelons \u00ab soutien pour la course \u00bb.<\/p>\n<div class=\"o-feature-callout__feature-copy\">\n<div class=\"o-feature-callout__feature-copy\">\n<div class=\"o-feature-callout__feature-copy\">\n<h3 class=\"a-type-h4 o-feature-callout__feature-eyebrow\">A\u00c9RATION INT\u00c9GR\u00c9E<\/h3>\n<h2 class=\"a-type-h3--big o-feature-callout__feature-header\">Conception respirante<\/h2>\n<p class=\"a-type-p o-feature-callout__feature-body\">Le tissu haute performance DriLayer\u00ae absorbe la transpiration pour vous offrir une couverture s\u00fbre, tandis que les sections perfor\u00e9es au laser dans les zones de forte transpiration optimisent la circulation de l&#8217;air. <\/p>\n<\/div>\n<\/div>\n<\/div>\n","protected":false},"excerpt":{"rendered":"<ul class=\"m-long-description__features\">\n<li class=\"m-long-description__feature\">Soutien lors des courses \u00e0 fort impact<\/li>\n<li class=\"m-long-description__feature\">Conception respirante<\/li>\n<li class=\"m-long-description__feature\">Confort optimis\u00e9<\/li>\n<\/ul>\n","protected":false},"featured_media":240707,"template":"","meta":{"_acf_changed":false,"inline_featured_image":false},"product_brand":[],"product_cat":[22600,22596,22595],"product_tag":[23462,23656],"class_list":{"0":"post-285737","1":"product","2":"type-product","3":"status-publish","4":"has-post-thumbnail","6":"product_cat-sous-vetements","7":"product_cat-vetements-pour-femmes","8":"product_cat-femme","9":"product_tag-brooks-fr","10":"product_tag-brooks-femme","11":"pa_attivita-fitness-fr","12":"pa_attivita-marcher","13":"pa_attivita-running-fr","14":"pa_colore-dare-strappy-run-bra-2-0-lagoon-fr","15":"pa_marca-brooks-fr","16":"pa_sesso-femme","17":"pa_size-36ab-fr","19":"first","20":"instock","21":"sale","22":"taxable","23":"shipping-taxable","24":"purchasable","25":"product-type-variable","26":"wvs-archive-product-wrapper"},"acf":[],"yoast_head":"<!-- This site is optimized with the Yoast SEO plugin v26.8 - https:\/\/yoast.com\/product\/yoast-seo-wordpress\/ -->\n<title>Brooks Dare Strappy 2.0 Run Bra - Soutiens-gorge - MioMioRun<\/title>\n<meta name=\"description\" content=\"Ce soutien-gorge offre un soutien exceptionnel gr\u00e2ce \u00e0 une combinaison \u00e9prouv\u00e9e en laboratoire alliant r\u00e9duction des mouvements et confort.\" \/>\n<meta name=\"robots\" content=\"index, follow, max-snippet:-1, max-image-preview:large, max-video-preview:-1\" \/>\n<link rel=\"canonical\" href=\"https:\/\/www.miomiorun.com\/fr\/produit\/dare-strappy-2-0-run-bra\/\" \/>\n<meta property=\"og:locale\" content=\"fr_FR\" \/>\n<meta property=\"og:type\" content=\"article\" \/>\n<meta property=\"og:title\" content=\"Brooks Dare Strappy 2.0 Run Bra - Soutiens-gorge - MioMioRun\" \/>\n<meta property=\"og:description\" content=\"Ce soutien-gorge offre un soutien exceptionnel gr\u00e2ce \u00e0 une combinaison \u00e9prouv\u00e9e en laboratoire alliant r\u00e9duction des mouvements et confort.\" \/>\n<meta property=\"og:url\" content=\"https:\/\/www.miomiorun.com\/fr\/produit\/dare-strappy-2-0-run-bra\/\" \/>\n<meta property=\"og:site_name\" content=\"MioMioRun\" \/>\n<meta property=\"article:publisher\" content=\"https:\/\/www.facebook.com\/miomiorun\/\" \/>\n<meta property=\"article:modified_time\" content=\"2025-09-16T10:27:32+00:00\" \/>\n<meta property=\"og:image\" content=\"https:\/\/www.miomiorun.com\/app\/uploads\/2023\/05\/brooks-dare-strappy-run-bra-2.0-lagoon-350088453.jpg\" \/>\n\t<meta property=\"og:image:width\" content=\"600\" \/>\n\t<meta property=\"og:image:height\" content=\"600\" \/>\n\t<meta property=\"og:image:type\" content=\"image\/jpeg\" \/>\n<meta name=\"twitter:card\" content=\"summary_large_image\" \/>\n<meta name=\"twitter:label1\" content=\"Est. reading time\" \/>\n\t<meta name=\"twitter:data1\" content=\"1 minute\" \/>\n<script type=\"application\/ld+json\" class=\"yoast-schema-graph\">{\"@context\":\"https:\/\/schema.org\",\"@graph\":[{\"@type\":\"WebPage\",\"@id\":\"https:\/\/www.miomiorun.com\/fr\/produit\/dare-strappy-2-0-run-bra\/\",\"url\":\"https:\/\/www.miomiorun.com\/fr\/produit\/dare-strappy-2-0-run-bra\/\",\"name\":\"Brooks Dare Strappy 2.0 Run Bra - Soutiens-gorge - MioMioRun\",\"isPartOf\":{\"@id\":\"https:\/\/www.miomiorun.com\/fr\/#website\"},\"primaryImageOfPage\":{\"@id\":\"https:\/\/www.miomiorun.com\/fr\/produit\/dare-strappy-2-0-run-bra\/#primaryimage\"},\"image\":{\"@id\":\"https:\/\/www.miomiorun.com\/fr\/produit\/dare-strappy-2-0-run-bra\/#primaryimage\"},\"thumbnailUrl\":\"https:\/\/www.miomiorun.com\/app\/uploads\/2023\/05\/brooks-dare-strappy-run-bra-2.0-lagoon-350088453.jpg\",\"datePublished\":\"2023-03-16T11:29:18+00:00\",\"dateModified\":\"2025-09-16T10:27:32+00:00\",\"description\":\"Ce soutien-gorge offre un soutien exceptionnel gr\u00e2ce \u00e0 une combinaison \u00e9prouv\u00e9e en laboratoire alliant r\u00e9duction des mouvements et confort.\",\"breadcrumb\":{\"@id\":\"https:\/\/www.miomiorun.com\/fr\/produit\/dare-strappy-2-0-run-bra\/#breadcrumb\"},\"inLanguage\":\"fr-FR\",\"potentialAction\":[{\"@type\":\"ReadAction\",\"target\":[\"https:\/\/www.miomiorun.com\/fr\/produit\/dare-strappy-2-0-run-bra\/\"]}]},{\"@type\":\"ImageObject\",\"inLanguage\":\"fr-FR\",\"@id\":\"https:\/\/www.miomiorun.com\/fr\/produit\/dare-strappy-2-0-run-bra\/#primaryimage\",\"url\":\"https:\/\/www.miomiorun.com\/app\/uploads\/2023\/05\/brooks-dare-strappy-run-bra-2.0-lagoon-350088453.jpg\",\"contentUrl\":\"https:\/\/www.miomiorun.com\/app\/uploads\/2023\/05\/brooks-dare-strappy-run-bra-2.0-lagoon-350088453.jpg\",\"width\":600,\"height\":600,\"caption\":\"brooks-dare-strappy-run-bra-2.0-lagoon-350088453\"},{\"@type\":\"BreadcrumbList\",\"@id\":\"https:\/\/www.miomiorun.com\/fr\/produit\/dare-strappy-2-0-run-bra\/#breadcrumb\",\"itemListElement\":[{\"@type\":\"ListItem\",\"position\":1,\"name\":\"Home\",\"item\":\"https:\/\/www.miomiorun.com\/fr\/home-page\/\"},{\"@type\":\"ListItem\",\"position\":2,\"name\":\"Shop\",\"item\":\"https:\/\/www.miomiorun.com\/shop\/\"},{\"@type\":\"ListItem\",\"position\":3,\"name\":\"Dare Strappy 2.0 Run Bra\"}]},{\"@type\":\"WebSite\",\"@id\":\"https:\/\/www.miomiorun.com\/fr\/#website\",\"url\":\"https:\/\/www.miomiorun.com\/fr\/\",\"name\":\"MioMioRun\",\"description\":\"Boutique 100% running et trail\",\"publisher\":{\"@id\":\"https:\/\/www.miomiorun.com\/fr\/#organization\"},\"potentialAction\":[{\"@type\":\"SearchAction\",\"target\":{\"@type\":\"EntryPoint\",\"urlTemplate\":\"https:\/\/www.miomiorun.com\/fr\/?s={search_term_string}\"},\"query-input\":{\"@type\":\"PropertyValueSpecification\",\"valueRequired\":true,\"valueName\":\"search_term_string\"}}],\"inLanguage\":\"fr-FR\"},{\"@type\":\"Organization\",\"@id\":\"https:\/\/www.miomiorun.com\/fr\/#organization\",\"name\":\"MioMio Run\",\"url\":\"https:\/\/www.miomiorun.com\/fr\/\",\"logo\":{\"@type\":\"ImageObject\",\"inLanguage\":\"fr-FR\",\"@id\":\"https:\/\/www.miomiorun.com\/fr\/#\/schema\/logo\/image\/\",\"url\":\"https:\/\/www.miomiorun.com\/app\/uploads\/2019\/12\/logomio.png\",\"contentUrl\":\"https:\/\/www.miomiorun.com\/app\/uploads\/2019\/12\/logomio.png\",\"width\":115,\"height\":82,\"caption\":\"MioMio Run\"},\"image\":{\"@id\":\"https:\/\/www.miomiorun.com\/fr\/#\/schema\/logo\/image\/\"},\"sameAs\":[\"https:\/\/www.facebook.com\/miomiorun\/\",\"https:\/\/www.instagram.com\/miomiorun\/\"]}]}<\/script>\n<!-- \/ Yoast SEO plugin. -->","yoast_head_json":{"title":"Brooks Dare Strappy 2.0 Run Bra - Soutiens-gorge - MioMioRun","description":"Ce soutien-gorge offre un soutien exceptionnel gr\u00e2ce \u00e0 une combinaison \u00e9prouv\u00e9e en laboratoire alliant r\u00e9duction des mouvements et confort.","robots":{"index":"index","follow":"follow","max-snippet":"max-snippet:-1","max-image-preview":"max-image-preview:large","max-video-preview":"max-video-preview:-1"},"canonical":"https:\/\/www.miomiorun.com\/fr\/produit\/dare-strappy-2-0-run-bra\/","og_locale":"fr_FR","og_type":"article","og_title":"Brooks Dare Strappy 2.0 Run Bra - Soutiens-gorge - MioMioRun","og_description":"Ce soutien-gorge offre un soutien exceptionnel gr\u00e2ce \u00e0 une combinaison \u00e9prouv\u00e9e en laboratoire alliant r\u00e9duction des mouvements et confort.","og_url":"https:\/\/www.miomiorun.com\/fr\/produit\/dare-strappy-2-0-run-bra\/","og_site_name":"MioMioRun","article_publisher":"https:\/\/www.facebook.com\/miomiorun\/","article_modified_time":"2025-09-16T10:27:32+00:00","og_image":[{"width":600,"height":600,"url":"https:\/\/www.miomiorun.com\/app\/uploads\/2023\/05\/brooks-dare-strappy-run-bra-2.0-lagoon-350088453.jpg","type":"image\/jpeg"}],"twitter_card":"summary_large_image","twitter_misc":{"Est. reading time":"1 minute"},"schema":{"@context":"https:\/\/schema.org","@graph":[{"@type":"WebPage","@id":"https:\/\/www.miomiorun.com\/fr\/produit\/dare-strappy-2-0-run-bra\/","url":"https:\/\/www.miomiorun.com\/fr\/produit\/dare-strappy-2-0-run-bra\/","name":"Brooks Dare Strappy 2.0 Run Bra - Soutiens-gorge - MioMioRun","isPartOf":{"@id":"https:\/\/www.miomiorun.com\/fr\/#website"},"primaryImageOfPage":{"@id":"https:\/\/www.miomiorun.com\/fr\/produit\/dare-strappy-2-0-run-bra\/#primaryimage"},"image":{"@id":"https:\/\/www.miomiorun.com\/fr\/produit\/dare-strappy-2-0-run-bra\/#primaryimage"},"thumbnailUrl":"https:\/\/www.miomiorun.com\/app\/uploads\/2023\/05\/brooks-dare-strappy-run-bra-2.0-lagoon-350088453.jpg","datePublished":"2023-03-16T11:29:18+00:00","dateModified":"2025-09-16T10:27:32+00:00","description":"Ce soutien-gorge offre un soutien exceptionnel gr\u00e2ce \u00e0 une combinaison \u00e9prouv\u00e9e en laboratoire alliant r\u00e9duction des mouvements et confort.","breadcrumb":{"@id":"https:\/\/www.miomiorun.com\/fr\/produit\/dare-strappy-2-0-run-bra\/#breadcrumb"},"inLanguage":"fr-FR","potentialAction":[{"@type":"ReadAction","target":["https:\/\/www.miomiorun.com\/fr\/produit\/dare-strappy-2-0-run-bra\/"]}]},{"@type":"ImageObject","inLanguage":"fr-FR","@id":"https:\/\/www.miomiorun.com\/fr\/produit\/dare-strappy-2-0-run-bra\/#primaryimage","url":"https:\/\/www.miomiorun.com\/app\/uploads\/2023\/05\/brooks-dare-strappy-run-bra-2.0-lagoon-350088453.jpg","contentUrl":"https:\/\/www.miomiorun.com\/app\/uploads\/2023\/05\/brooks-dare-strappy-run-bra-2.0-lagoon-350088453.jpg","width":600,"height":600,"caption":"brooks-dare-strappy-run-bra-2.0-lagoon-350088453"},{"@type":"BreadcrumbList","@id":"https:\/\/www.miomiorun.com\/fr\/produit\/dare-strappy-2-0-run-bra\/#breadcrumb","itemListElement":[{"@type":"ListItem","position":1,"name":"Home","item":"https:\/\/www.miomiorun.com\/fr\/home-page\/"},{"@type":"ListItem","position":2,"name":"Shop","item":"https:\/\/www.miomiorun.com\/shop\/"},{"@type":"ListItem","position":3,"name":"Dare Strappy 2.0 Run Bra"}]},{"@type":"WebSite","@id":"https:\/\/www.miomiorun.com\/fr\/#website","url":"https:\/\/www.miomiorun.com\/fr\/","name":"MioMioRun","description":"Boutique 100% running et trail","publisher":{"@id":"https:\/\/www.miomiorun.com\/fr\/#organization"},"potentialAction":[{"@type":"SearchAction","target":{"@type":"EntryPoint","urlTemplate":"https:\/\/www.miomiorun.com\/fr\/?s={search_term_string}"},"query-input":{"@type":"PropertyValueSpecification","valueRequired":true,"valueName":"search_term_string"}}],"inLanguage":"fr-FR"},{"@type":"Organization","@id":"https:\/\/www.miomiorun.com\/fr\/#organization","name":"MioMio Run","url":"https:\/\/www.miomiorun.com\/fr\/","logo":{"@type":"ImageObject","inLanguage":"fr-FR","@id":"https:\/\/www.miomiorun.com\/fr\/#\/schema\/logo\/image\/","url":"https:\/\/www.miomiorun.com\/app\/uploads\/2019\/12\/logomio.png","contentUrl":"https:\/\/www.miomiorun.com\/app\/uploads\/2019\/12\/logomio.png","width":115,"height":82,"caption":"MioMio Run"},"image":{"@id":"https:\/\/www.miomiorun.com\/fr\/#\/schema\/logo\/image\/"},"sameAs":["https:\/\/www.facebook.com\/miomiorun\/","https:\/\/www.instagram.com\/miomiorun\/"]}]}},"_links":{"self":[{"href":"https:\/\/www.miomiorun.com\/fr\/wp-json\/wp\/v2\/product\/285737","targetHints":{"allow":["GET"]}}],"collection":[{"href":"https:\/\/www.miomiorun.com\/fr\/wp-json\/wp\/v2\/product"}],"about":[{"href":"https:\/\/www.miomiorun.com\/fr\/wp-json\/wp\/v2\/types\/product"}],"wp:featuredmedia":[{"embeddable":true,"href":"https:\/\/www.miomiorun.com\/fr\/wp-json\/wp\/v2\/media\/240707"}],"wp:attachment":[{"href":"https:\/\/www.miomiorun.com\/fr\/wp-json\/wp\/v2\/media?parent=285737"}],"wp:term":[{"taxonomy":"product_brand","embeddable":true,"href":"https:\/\/www.miomiorun.com\/fr\/wp-json\/wp\/v2\/product_brand?post=285737"},{"taxonomy":"product_cat","embeddable":true,"href":"https:\/\/www.miomiorun.com\/fr\/wp-json\/wp\/v2\/product_cat?post=285737"},{"taxonomy":"product_tag","embeddable":true,"href":"https:\/\/www.miomiorun.com\/fr\/wp-json\/wp\/v2\/product_tag?post=285737"}],"curies":[{"name":"wp","href":"https:\/\/api.w.org\/{rel}","templated":true}]}}