{"id":285706,"date":"2023-03-16T13:11:31","date_gmt":"2023-03-16T12:11:31","guid":{"rendered":"https:\/\/miomiorun.com\/prodotto\/t-shirt-viper-uomo\/"},"modified":"2025-09-16T12:33:23","modified_gmt":"2025-09-16T10:33:23","slug":"t-shirt-viper-homme","status":"publish","type":"product","link":"https:\/\/www.miomiorun.com\/fr\/produit\/t-shirt-viper-homme\/","title":{"rendered":"T-Shirt Viper homme"},"content":{"rendered":"<div class=\"single-product-description\">\n<div class=\"descProdotto\">\n<p><strong>T-Shirt Viper<\/strong> pour homme est un t-shirt de randonn\u00e9e qui doit \u00eatre con\u00e7u en diff\u00e9renciant les diff\u00e9rentes zones en fonction des diff\u00e9rents besoins de transpiration de chaque partie du corps. La partie avant, plus expos\u00e9e \u00e0 l&#8217;air, est en tissu One-layer \u00e0 mailles serr\u00e9es, les bretelles, pour prot\u00e9ger de l&#8217;usure du sac \u00e0 dos, sont renforc\u00e9es par un tissu souple mais r\u00e9sistant en fil de carbone, le dessous des aisselles est en maille tr\u00e8s respirante et le dos et l&#8217;arri\u00e8re des manches sont en tissu alv\u00e9olaire qui favorise la dispersion de l&#8217;humidit\u00e9. Caract\u00e9ristiques esth\u00e9tiques : coutures plates et logo avant avec micro-perforations laser.<\/p>\n<h3>Caract\u00e9ristiques :<\/h3>\n<\/div>\n<div class=\"carProdotto\">\n<ul>\n<li>Construction en tissus diff\u00e9renci\u00e9s<\/li>\n<li>Renforts en tissu carbone souple et r\u00e9sistant sur les \u00e9paules<\/li>\n<li>Logo laser\u00e9 \u00e0 micro-perforations sur le devant<\/li>\n<li>Coutures plates<\/li>\n<\/ul>\n<\/div>\n<\/div>\n","protected":false},"excerpt":{"rendered":"<ul>\n<li>Construction en tissus diff\u00e9renci\u00e9s<\/li>\n<li>Renforts en tissu carbone souple et r\u00e9sistant sur les \u00e9paules<\/li>\n<li>Logo avant avec micro-perforations laser<\/li>\n<\/ul>\n","protected":false},"featured_media":239671,"template":"","meta":{"_acf_changed":false,"inline_featured_image":false},"product_brand":[],"product_cat":[24449,24482,24484],"product_tag":[23489,23610],"class_list":{"0":"post-285706","1":"product","2":"type-product","3":"status-publish","4":"has-post-thumbnail","6":"product_cat-t-shirt-fr-3","7":"product_cat-vetements-pour-hommes-fr","8":"product_cat-homme","9":"product_tag-crazy-idea-fr","10":"product_tag-crazy-idea-homme","11":"pa_attivita-marcher","12":"pa_attivita-outdoor-fr","13":"pa_colore-t-shirt-viper-black-fr","14":"pa_colore-t-shirt-viper-liken-fr","15":"pa_marca-crazy-idea-fr","16":"pa_sesso-homme","17":"pa_size-medium-fr","18":"pa_size-large-fr","20":"first","21":"instock","22":"sale","23":"taxable","24":"shipping-taxable","25":"purchasable","26":"product-type-variable","27":"wvs-archive-product-wrapper"},"acf":[],"yoast_head":"<!-- This site is optimized with the Yoast SEO plugin v26.8 - https:\/\/yoast.com\/product\/yoast-seo-wordpress\/ -->\n<title>Crazy Idea T-Shirt Viper homme - T-shirt de course \u00e0 pied- MioMioRun.com<\/title>\n<meta name=\"description\" content=\"Le T-shirt Viper pour homme est un t-shirt destin\u00e9 \u00e0 la randonn\u00e9e qui doit \u00eatre con\u00e7u en diff\u00e9renciant les diff\u00e9rentes zones en fonction des diff\u00e9rents besoins en mati\u00e8re de transpiration.\" \/>\n<meta name=\"robots\" content=\"index, follow, max-snippet:-1, max-image-preview:large, max-video-preview:-1\" \/>\n<link rel=\"canonical\" href=\"https:\/\/www.miomiorun.com\/fr\/produit\/t-shirt-viper-homme\/\" \/>\n<meta property=\"og:locale\" content=\"fr_FR\" \/>\n<meta property=\"og:type\" content=\"article\" \/>\n<meta property=\"og:title\" content=\"Crazy Idea T-Shirt Viper homme - T-shirt de course \u00e0 pied- MioMioRun.com\" \/>\n<meta property=\"og:description\" content=\"Le T-shirt Viper pour homme est un t-shirt destin\u00e9 \u00e0 la randonn\u00e9e qui doit \u00eatre con\u00e7u en diff\u00e9renciant les diff\u00e9rentes zones en fonction des diff\u00e9rents besoins en mati\u00e8re de transpiration.\" \/>\n<meta property=\"og:url\" content=\"https:\/\/www.miomiorun.com\/fr\/produit\/t-shirt-viper-homme\/\" \/>\n<meta property=\"og:site_name\" content=\"MioMioRun\" \/>\n<meta property=\"article:publisher\" content=\"https:\/\/www.facebook.com\/miomiorun\/\" \/>\n<meta property=\"article:modified_time\" content=\"2025-09-16T10:33:23+00:00\" \/>\n<meta property=\"og:image\" content=\"https:\/\/www.miomiorun.com\/app\/uploads\/2023\/03\/crazy-idea-t-shirt-viper-liken-S23095109U-0093.jpg\" \/>\n\t<meta property=\"og:image:width\" content=\"600\" \/>\n\t<meta property=\"og:image:height\" content=\"600\" \/>\n\t<meta property=\"og:image:type\" content=\"image\/jpeg\" \/>\n<meta name=\"twitter:card\" content=\"summary_large_image\" \/>\n<meta name=\"twitter:label1\" content=\"Est. reading time\" \/>\n\t<meta name=\"twitter:data1\" content=\"1 minute\" \/>\n<script type=\"application\/ld+json\" class=\"yoast-schema-graph\">{\"@context\":\"https:\/\/schema.org\",\"@graph\":[{\"@type\":\"WebPage\",\"@id\":\"https:\/\/www.miomiorun.com\/fr\/produit\/t-shirt-viper-homme\/\",\"url\":\"https:\/\/www.miomiorun.com\/fr\/produit\/t-shirt-viper-homme\/\",\"name\":\"Crazy Idea T-Shirt Viper homme - T-shirt de course \u00e0 pied- MioMioRun.com\",\"isPartOf\":{\"@id\":\"https:\/\/www.miomiorun.com\/fr\/#website\"},\"primaryImageOfPage\":{\"@id\":\"https:\/\/www.miomiorun.com\/fr\/produit\/t-shirt-viper-homme\/#primaryimage\"},\"image\":{\"@id\":\"https:\/\/www.miomiorun.com\/fr\/produit\/t-shirt-viper-homme\/#primaryimage\"},\"thumbnailUrl\":\"https:\/\/www.miomiorun.com\/app\/uploads\/2023\/03\/crazy-idea-t-shirt-viper-liken-S23095109U-0093.jpg\",\"datePublished\":\"2023-03-16T12:11:31+00:00\",\"dateModified\":\"2025-09-16T10:33:23+00:00\",\"description\":\"Le T-shirt Viper pour homme est un t-shirt destin\u00e9 \u00e0 la randonn\u00e9e qui doit \u00eatre con\u00e7u en diff\u00e9renciant les diff\u00e9rentes zones en fonction des diff\u00e9rents besoins en mati\u00e8re de transpiration.\",\"breadcrumb\":{\"@id\":\"https:\/\/www.miomiorun.com\/fr\/produit\/t-shirt-viper-homme\/#breadcrumb\"},\"inLanguage\":\"fr-FR\",\"potentialAction\":[{\"@type\":\"ReadAction\",\"target\":[\"https:\/\/www.miomiorun.com\/fr\/produit\/t-shirt-viper-homme\/\"]}]},{\"@type\":\"ImageObject\",\"inLanguage\":\"fr-FR\",\"@id\":\"https:\/\/www.miomiorun.com\/fr\/produit\/t-shirt-viper-homme\/#primaryimage\",\"url\":\"https:\/\/www.miomiorun.com\/app\/uploads\/2023\/03\/crazy-idea-t-shirt-viper-liken-S23095109U-0093.jpg\",\"contentUrl\":\"https:\/\/www.miomiorun.com\/app\/uploads\/2023\/03\/crazy-idea-t-shirt-viper-liken-S23095109U-0093.jpg\",\"width\":600,\"height\":600,\"caption\":\"crazy-idea-t-shirt-viper-liken-S23095109U-0093\"},{\"@type\":\"BreadcrumbList\",\"@id\":\"https:\/\/www.miomiorun.com\/fr\/produit\/t-shirt-viper-homme\/#breadcrumb\",\"itemListElement\":[{\"@type\":\"ListItem\",\"position\":1,\"name\":\"Home\",\"item\":\"https:\/\/www.miomiorun.com\/fr\/home-page\/\"},{\"@type\":\"ListItem\",\"position\":2,\"name\":\"Shop\",\"item\":\"https:\/\/www.miomiorun.com\/shop\/\"},{\"@type\":\"ListItem\",\"position\":3,\"name\":\"T-Shirt Viper homme\"}]},{\"@type\":\"WebSite\",\"@id\":\"https:\/\/www.miomiorun.com\/fr\/#website\",\"url\":\"https:\/\/www.miomiorun.com\/fr\/\",\"name\":\"MioMioRun\",\"description\":\"Boutique 100% running et trail\",\"publisher\":{\"@id\":\"https:\/\/www.miomiorun.com\/fr\/#organization\"},\"potentialAction\":[{\"@type\":\"SearchAction\",\"target\":{\"@type\":\"EntryPoint\",\"urlTemplate\":\"https:\/\/www.miomiorun.com\/fr\/?s={search_term_string}\"},\"query-input\":{\"@type\":\"PropertyValueSpecification\",\"valueRequired\":true,\"valueName\":\"search_term_string\"}}],\"inLanguage\":\"fr-FR\"},{\"@type\":\"Organization\",\"@id\":\"https:\/\/www.miomiorun.com\/fr\/#organization\",\"name\":\"MioMio Run\",\"url\":\"https:\/\/www.miomiorun.com\/fr\/\",\"logo\":{\"@type\":\"ImageObject\",\"inLanguage\":\"fr-FR\",\"@id\":\"https:\/\/www.miomiorun.com\/fr\/#\/schema\/logo\/image\/\",\"url\":\"https:\/\/www.miomiorun.com\/app\/uploads\/2019\/12\/logomio.png\",\"contentUrl\":\"https:\/\/www.miomiorun.com\/app\/uploads\/2019\/12\/logomio.png\",\"width\":115,\"height\":82,\"caption\":\"MioMio Run\"},\"image\":{\"@id\":\"https:\/\/www.miomiorun.com\/fr\/#\/schema\/logo\/image\/\"},\"sameAs\":[\"https:\/\/www.facebook.com\/miomiorun\/\",\"https:\/\/www.instagram.com\/miomiorun\/\"]}]}<\/script>\n<!-- \/ Yoast SEO plugin. -->","yoast_head_json":{"title":"Crazy Idea T-Shirt Viper homme - T-shirt de course \u00e0 pied- MioMioRun.com","description":"Le T-shirt Viper pour homme est un t-shirt destin\u00e9 \u00e0 la randonn\u00e9e qui doit \u00eatre con\u00e7u en diff\u00e9renciant les diff\u00e9rentes zones en fonction des diff\u00e9rents besoins en mati\u00e8re de transpiration.","robots":{"index":"index","follow":"follow","max-snippet":"max-snippet:-1","max-image-preview":"max-image-preview:large","max-video-preview":"max-video-preview:-1"},"canonical":"https:\/\/www.miomiorun.com\/fr\/produit\/t-shirt-viper-homme\/","og_locale":"fr_FR","og_type":"article","og_title":"Crazy Idea T-Shirt Viper homme - T-shirt de course \u00e0 pied- MioMioRun.com","og_description":"Le T-shirt Viper pour homme est un t-shirt destin\u00e9 \u00e0 la randonn\u00e9e qui doit \u00eatre con\u00e7u en diff\u00e9renciant les diff\u00e9rentes zones en fonction des diff\u00e9rents besoins en mati\u00e8re de transpiration.","og_url":"https:\/\/www.miomiorun.com\/fr\/produit\/t-shirt-viper-homme\/","og_site_name":"MioMioRun","article_publisher":"https:\/\/www.facebook.com\/miomiorun\/","article_modified_time":"2025-09-16T10:33:23+00:00","og_image":[{"width":600,"height":600,"url":"https:\/\/www.miomiorun.com\/app\/uploads\/2023\/03\/crazy-idea-t-shirt-viper-liken-S23095109U-0093.jpg","type":"image\/jpeg"}],"twitter_card":"summary_large_image","twitter_misc":{"Est. reading time":"1 minute"},"schema":{"@context":"https:\/\/schema.org","@graph":[{"@type":"WebPage","@id":"https:\/\/www.miomiorun.com\/fr\/produit\/t-shirt-viper-homme\/","url":"https:\/\/www.miomiorun.com\/fr\/produit\/t-shirt-viper-homme\/","name":"Crazy Idea T-Shirt Viper homme - T-shirt de course \u00e0 pied- MioMioRun.com","isPartOf":{"@id":"https:\/\/www.miomiorun.com\/fr\/#website"},"primaryImageOfPage":{"@id":"https:\/\/www.miomiorun.com\/fr\/produit\/t-shirt-viper-homme\/#primaryimage"},"image":{"@id":"https:\/\/www.miomiorun.com\/fr\/produit\/t-shirt-viper-homme\/#primaryimage"},"thumbnailUrl":"https:\/\/www.miomiorun.com\/app\/uploads\/2023\/03\/crazy-idea-t-shirt-viper-liken-S23095109U-0093.jpg","datePublished":"2023-03-16T12:11:31+00:00","dateModified":"2025-09-16T10:33:23+00:00","description":"Le T-shirt Viper pour homme est un t-shirt destin\u00e9 \u00e0 la randonn\u00e9e qui doit \u00eatre con\u00e7u en diff\u00e9renciant les diff\u00e9rentes zones en fonction des diff\u00e9rents besoins en mati\u00e8re de transpiration.","breadcrumb":{"@id":"https:\/\/www.miomiorun.com\/fr\/produit\/t-shirt-viper-homme\/#breadcrumb"},"inLanguage":"fr-FR","potentialAction":[{"@type":"ReadAction","target":["https:\/\/www.miomiorun.com\/fr\/produit\/t-shirt-viper-homme\/"]}]},{"@type":"ImageObject","inLanguage":"fr-FR","@id":"https:\/\/www.miomiorun.com\/fr\/produit\/t-shirt-viper-homme\/#primaryimage","url":"https:\/\/www.miomiorun.com\/app\/uploads\/2023\/03\/crazy-idea-t-shirt-viper-liken-S23095109U-0093.jpg","contentUrl":"https:\/\/www.miomiorun.com\/app\/uploads\/2023\/03\/crazy-idea-t-shirt-viper-liken-S23095109U-0093.jpg","width":600,"height":600,"caption":"crazy-idea-t-shirt-viper-liken-S23095109U-0093"},{"@type":"BreadcrumbList","@id":"https:\/\/www.miomiorun.com\/fr\/produit\/t-shirt-viper-homme\/#breadcrumb","itemListElement":[{"@type":"ListItem","position":1,"name":"Home","item":"https:\/\/www.miomiorun.com\/fr\/home-page\/"},{"@type":"ListItem","position":2,"name":"Shop","item":"https:\/\/www.miomiorun.com\/shop\/"},{"@type":"ListItem","position":3,"name":"T-Shirt Viper homme"}]},{"@type":"WebSite","@id":"https:\/\/www.miomiorun.com\/fr\/#website","url":"https:\/\/www.miomiorun.com\/fr\/","name":"MioMioRun","description":"Boutique 100% running et trail","publisher":{"@id":"https:\/\/www.miomiorun.com\/fr\/#organization"},"potentialAction":[{"@type":"SearchAction","target":{"@type":"EntryPoint","urlTemplate":"https:\/\/www.miomiorun.com\/fr\/?s={search_term_string}"},"query-input":{"@type":"PropertyValueSpecification","valueRequired":true,"valueName":"search_term_string"}}],"inLanguage":"fr-FR"},{"@type":"Organization","@id":"https:\/\/www.miomiorun.com\/fr\/#organization","name":"MioMio Run","url":"https:\/\/www.miomiorun.com\/fr\/","logo":{"@type":"ImageObject","inLanguage":"fr-FR","@id":"https:\/\/www.miomiorun.com\/fr\/#\/schema\/logo\/image\/","url":"https:\/\/www.miomiorun.com\/app\/uploads\/2019\/12\/logomio.png","contentUrl":"https:\/\/www.miomiorun.com\/app\/uploads\/2019\/12\/logomio.png","width":115,"height":82,"caption":"MioMio Run"},"image":{"@id":"https:\/\/www.miomiorun.com\/fr\/#\/schema\/logo\/image\/"},"sameAs":["https:\/\/www.facebook.com\/miomiorun\/","https:\/\/www.instagram.com\/miomiorun\/"]}]}},"_links":{"self":[{"href":"https:\/\/www.miomiorun.com\/fr\/wp-json\/wp\/v2\/product\/285706","targetHints":{"allow":["GET"]}}],"collection":[{"href":"https:\/\/www.miomiorun.com\/fr\/wp-json\/wp\/v2\/product"}],"about":[{"href":"https:\/\/www.miomiorun.com\/fr\/wp-json\/wp\/v2\/types\/product"}],"wp:featuredmedia":[{"embeddable":true,"href":"https:\/\/www.miomiorun.com\/fr\/wp-json\/wp\/v2\/media\/239671"}],"wp:attachment":[{"href":"https:\/\/www.miomiorun.com\/fr\/wp-json\/wp\/v2\/media?parent=285706"}],"wp:term":[{"taxonomy":"product_brand","embeddable":true,"href":"https:\/\/www.miomiorun.com\/fr\/wp-json\/wp\/v2\/product_brand?post=285706"},{"taxonomy":"product_cat","embeddable":true,"href":"https:\/\/www.miomiorun.com\/fr\/wp-json\/wp\/v2\/product_cat?post=285706"},{"taxonomy":"product_tag","embeddable":true,"href":"https:\/\/www.miomiorun.com\/fr\/wp-json\/wp\/v2\/product_tag?post=285706"}],"curies":[{"name":"wp","href":"https:\/\/api.w.org\/{rel}","templated":true}]}}