{"id":285701,"date":"2023-03-16T13:16:05","date_gmt":"2023-03-16T12:16:05","guid":{"rendered":"https:\/\/miomiorun.com\/prodotto\/pull-pegasus-uomo\/"},"modified":"2026-05-08T21:40:43","modified_gmt":"2026-05-08T19:40:43","slug":"pull-pegasus-homme","status":"publish","type":"product","link":"https:\/\/www.miomiorun.com\/fr\/produit\/pull-pegasus-homme\/","title":{"rendered":"Pull Pegasus homme"},"content":{"rendered":"<div class=\"single-product-description\">\n<div class=\"descProdotto\">\n<div class=\"descProdotto\">\n<div class=\"descProdotto\">\n<p><strong>Pull Pegasus<\/strong> pour homme est une couche interm\u00e9diaire indispensable, l\u00e9g\u00e8re et respirante, \u00e0 toujours emporter dans son sac \u00e0 dos comme \u00ab arme de protection \u00bb contre les changements brusques de temp\u00e9rature. Le mod\u00e8le et les tissus utilis\u00e9s ont \u00e9t\u00e9 con\u00e7us pour les ascensions rapides en randonn\u00e9e. Vous appr\u00e9cierez sa fonctionnalit\u00e9 lorsque vous atteindrez des altitudes plus \u00e9lev\u00e9es. Il s&#8217;agit d&#8217;un produit hybride fabriqu\u00e9 \u00e0 partir de Strech Series, un tissu l\u00e9ger, bi-\u00e9lastique et \u00e0 s\u00e9chage rapide, et de microfibre G2 fra\u00eeche. Il est dot\u00e9 d&#8217;une fermeture \u00e9clair frontale divisible, d&#8217;une capuche avec bordure \u00e9lastique et de poches pour les mains avec fermeture \u00e9clair invisible.<\/p>\n<h3>Caract\u00e9ristiques :<\/h3>\n<\/div>\n<div class=\"carProdotto\">\n<ul>\n<li>Capuche avec bordure \u00e9lastique<\/li>\n<li>Fermeture \u00e9clair divisible sur le devant<\/li>\n<li>Bord \u00e9lastique au bas et au bout des manches<\/li>\n<li>Poches pour les mains avec fermeture \u00e9clair invisible<\/li>\n<\/ul>\n<\/div>\n<\/div>\n<\/div>\n<\/div>\n","protected":false},"excerpt":{"rendered":"<ul>\n<li>Capuche avec bordure \u00e9lastique<\/li>\n<li>Fermeture \u00e9clair divisible sur le devant<\/li>\n<li>Bordure \u00e9lastique au bas et au bout des manches<\/li>\n<li>Poches pour les mains avec fermeture \u00e9clair invisible<\/li>\n<\/ul>\n","protected":false},"featured_media":239675,"template":"","meta":{"_acf_changed":false,"inline_featured_image":false},"product_brand":[],"product_cat":[24478,24482],"product_tag":[23489,23610],"class_list":{"0":"post-285701","1":"product","2":"type-product","3":"status-publish","4":"has-post-thumbnail","6":"product_cat-maillots-fr-2","7":"product_cat-vetements-pour-hommes-fr","8":"product_tag-crazy-idea-fr","9":"product_tag-crazy-idea-homme","10":"pa_attivita-marcher","11":"pa_attivita-outdoor-fr","12":"pa_colore-pull-pegasus-brick-fr","13":"pa_colore-pull-pegasus-energy-fr-2","14":"pa_colore-pull-pegasus-energy-fr","15":"pa_colore-pull-pegasus-fire-fr","16":"pa_colore-pull-pegasus-liken-fr","17":"pa_marca-crazy-idea-fr","18":"pa_sesso-homme","19":"pa_size-small-fr","20":"pa_size-medium-fr","21":"pa_size-large-fr","22":"pa_size-extra-large-fr","24":"first","25":"instock","26":"sale","27":"taxable","28":"shipping-taxable","29":"purchasable","30":"product-type-variable","31":"wvs-archive-product-wrapper"},"acf":[],"yoast_head":"<!-- This site is optimized with the Yoast SEO plugin v26.8 - https:\/\/yoast.com\/product\/yoast-seo-wordpress\/ -->\n<title>Crazy Idea Pull Pegasus homme - Maillot course \u00e0 pied - MioMioRun.com<\/title>\n<meta name=\"description\" content=\"Le pull Pegasus pour homme est une couche interm\u00e9diaire indispensable, l\u00e9g\u00e8re et respirante, \u00e0 toujours emporter dans son sac \u00e0 dos comme \u00ab arme de protection \u00bb contre les changements climatiques.\" \/>\n<meta name=\"robots\" content=\"index, follow, max-snippet:-1, max-image-preview:large, max-video-preview:-1\" \/>\n<link rel=\"canonical\" href=\"https:\/\/www.miomiorun.com\/fr\/produit\/pull-pegasus-homme\/\" \/>\n<meta property=\"og:locale\" content=\"fr_FR\" \/>\n<meta property=\"og:type\" content=\"article\" \/>\n<meta property=\"og:title\" content=\"Crazy Idea Pull Pegasus homme - Maillot course \u00e0 pied - MioMioRun.com\" \/>\n<meta property=\"og:description\" content=\"Le pull Pegasus pour homme est une couche interm\u00e9diaire indispensable, l\u00e9g\u00e8re et respirante, \u00e0 toujours emporter dans son sac \u00e0 dos comme \u00ab arme de protection \u00bb contre les changements climatiques.\" \/>\n<meta property=\"og:url\" content=\"https:\/\/www.miomiorun.com\/fr\/produit\/pull-pegasus-homme\/\" \/>\n<meta property=\"og:site_name\" content=\"MioMioRun\" \/>\n<meta property=\"article:publisher\" content=\"https:\/\/www.facebook.com\/miomiorun\/\" \/>\n<meta property=\"article:modified_time\" content=\"2026-05-08T19:40:43+00:00\" \/>\n<meta property=\"og:image\" content=\"https:\/\/www.miomiorun.com\/app\/uploads\/2023\/03\/crazy-idea-pull-pegasus-fire-S23025085U-0064.jpg\" \/>\n\t<meta property=\"og:image:width\" content=\"600\" \/>\n\t<meta property=\"og:image:height\" content=\"600\" \/>\n\t<meta property=\"og:image:type\" content=\"image\/jpeg\" \/>\n<meta name=\"twitter:card\" content=\"summary_large_image\" \/>\n<meta name=\"twitter:label1\" content=\"Est. reading time\" \/>\n\t<meta name=\"twitter:data1\" content=\"1 minute\" \/>\n<script type=\"application\/ld+json\" class=\"yoast-schema-graph\">{\"@context\":\"https:\/\/schema.org\",\"@graph\":[{\"@type\":\"WebPage\",\"@id\":\"https:\/\/www.miomiorun.com\/fr\/produit\/pull-pegasus-homme\/\",\"url\":\"https:\/\/www.miomiorun.com\/fr\/produit\/pull-pegasus-homme\/\",\"name\":\"Crazy Idea Pull Pegasus homme - Maillot course \u00e0 pied - MioMioRun.com\",\"isPartOf\":{\"@id\":\"https:\/\/www.miomiorun.com\/fr\/#website\"},\"primaryImageOfPage\":{\"@id\":\"https:\/\/www.miomiorun.com\/fr\/produit\/pull-pegasus-homme\/#primaryimage\"},\"image\":{\"@id\":\"https:\/\/www.miomiorun.com\/fr\/produit\/pull-pegasus-homme\/#primaryimage\"},\"thumbnailUrl\":\"https:\/\/www.miomiorun.com\/app\/uploads\/2023\/03\/crazy-idea-pull-pegasus-fire-S23025085U-0064.jpg\",\"datePublished\":\"2023-03-16T12:16:05+00:00\",\"dateModified\":\"2026-05-08T19:40:43+00:00\",\"description\":\"Le pull Pegasus pour homme est une couche interm\u00e9diaire indispensable, l\u00e9g\u00e8re et respirante, \u00e0 toujours emporter dans son sac \u00e0 dos comme \u00ab arme de protection \u00bb contre les changements climatiques.\",\"breadcrumb\":{\"@id\":\"https:\/\/www.miomiorun.com\/fr\/produit\/pull-pegasus-homme\/#breadcrumb\"},\"inLanguage\":\"fr-FR\",\"potentialAction\":[{\"@type\":\"ReadAction\",\"target\":[\"https:\/\/www.miomiorun.com\/fr\/produit\/pull-pegasus-homme\/\"]}]},{\"@type\":\"ImageObject\",\"inLanguage\":\"fr-FR\",\"@id\":\"https:\/\/www.miomiorun.com\/fr\/produit\/pull-pegasus-homme\/#primaryimage\",\"url\":\"https:\/\/www.miomiorun.com\/app\/uploads\/2023\/03\/crazy-idea-pull-pegasus-fire-S23025085U-0064.jpg\",\"contentUrl\":\"https:\/\/www.miomiorun.com\/app\/uploads\/2023\/03\/crazy-idea-pull-pegasus-fire-S23025085U-0064.jpg\",\"width\":600,\"height\":600,\"caption\":\"crazy-idea-pull-pegasus-fire-S23025085U-0064\"},{\"@type\":\"BreadcrumbList\",\"@id\":\"https:\/\/www.miomiorun.com\/fr\/produit\/pull-pegasus-homme\/#breadcrumb\",\"itemListElement\":[{\"@type\":\"ListItem\",\"position\":1,\"name\":\"Home\",\"item\":\"https:\/\/www.miomiorun.com\/fr\/home-page\/\"},{\"@type\":\"ListItem\",\"position\":2,\"name\":\"Shop\",\"item\":\"https:\/\/www.miomiorun.com\/shop\/\"},{\"@type\":\"ListItem\",\"position\":3,\"name\":\"Pull Pegasus homme\"}]},{\"@type\":\"WebSite\",\"@id\":\"https:\/\/www.miomiorun.com\/fr\/#website\",\"url\":\"https:\/\/www.miomiorun.com\/fr\/\",\"name\":\"MioMioRun\",\"description\":\"Boutique 100% running et trail\",\"publisher\":{\"@id\":\"https:\/\/www.miomiorun.com\/fr\/#organization\"},\"potentialAction\":[{\"@type\":\"SearchAction\",\"target\":{\"@type\":\"EntryPoint\",\"urlTemplate\":\"https:\/\/www.miomiorun.com\/fr\/?s={search_term_string}\"},\"query-input\":{\"@type\":\"PropertyValueSpecification\",\"valueRequired\":true,\"valueName\":\"search_term_string\"}}],\"inLanguage\":\"fr-FR\"},{\"@type\":\"Organization\",\"@id\":\"https:\/\/www.miomiorun.com\/fr\/#organization\",\"name\":\"MioMio Run\",\"url\":\"https:\/\/www.miomiorun.com\/fr\/\",\"logo\":{\"@type\":\"ImageObject\",\"inLanguage\":\"fr-FR\",\"@id\":\"https:\/\/www.miomiorun.com\/fr\/#\/schema\/logo\/image\/\",\"url\":\"https:\/\/www.miomiorun.com\/app\/uploads\/2019\/12\/logomio.png\",\"contentUrl\":\"https:\/\/www.miomiorun.com\/app\/uploads\/2019\/12\/logomio.png\",\"width\":115,\"height\":82,\"caption\":\"MioMio Run\"},\"image\":{\"@id\":\"https:\/\/www.miomiorun.com\/fr\/#\/schema\/logo\/image\/\"},\"sameAs\":[\"https:\/\/www.facebook.com\/miomiorun\/\",\"https:\/\/www.instagram.com\/miomiorun\/\"]}]}<\/script>\n<!-- \/ Yoast SEO plugin. -->","yoast_head_json":{"title":"Crazy Idea Pull Pegasus homme - Maillot course \u00e0 pied - MioMioRun.com","description":"Le pull Pegasus pour homme est une couche interm\u00e9diaire indispensable, l\u00e9g\u00e8re et respirante, \u00e0 toujours emporter dans son sac \u00e0 dos comme \u00ab arme de protection \u00bb contre les changements climatiques.","robots":{"index":"index","follow":"follow","max-snippet":"max-snippet:-1","max-image-preview":"max-image-preview:large","max-video-preview":"max-video-preview:-1"},"canonical":"https:\/\/www.miomiorun.com\/fr\/produit\/pull-pegasus-homme\/","og_locale":"fr_FR","og_type":"article","og_title":"Crazy Idea Pull Pegasus homme - Maillot course \u00e0 pied - MioMioRun.com","og_description":"Le pull Pegasus pour homme est une couche interm\u00e9diaire indispensable, l\u00e9g\u00e8re et respirante, \u00e0 toujours emporter dans son sac \u00e0 dos comme \u00ab arme de protection \u00bb contre les changements climatiques.","og_url":"https:\/\/www.miomiorun.com\/fr\/produit\/pull-pegasus-homme\/","og_site_name":"MioMioRun","article_publisher":"https:\/\/www.facebook.com\/miomiorun\/","article_modified_time":"2026-05-08T19:40:43+00:00","og_image":[{"width":600,"height":600,"url":"https:\/\/www.miomiorun.com\/app\/uploads\/2023\/03\/crazy-idea-pull-pegasus-fire-S23025085U-0064.jpg","type":"image\/jpeg"}],"twitter_card":"summary_large_image","twitter_misc":{"Est. reading time":"1 minute"},"schema":{"@context":"https:\/\/schema.org","@graph":[{"@type":"WebPage","@id":"https:\/\/www.miomiorun.com\/fr\/produit\/pull-pegasus-homme\/","url":"https:\/\/www.miomiorun.com\/fr\/produit\/pull-pegasus-homme\/","name":"Crazy Idea Pull Pegasus homme - Maillot course \u00e0 pied - MioMioRun.com","isPartOf":{"@id":"https:\/\/www.miomiorun.com\/fr\/#website"},"primaryImageOfPage":{"@id":"https:\/\/www.miomiorun.com\/fr\/produit\/pull-pegasus-homme\/#primaryimage"},"image":{"@id":"https:\/\/www.miomiorun.com\/fr\/produit\/pull-pegasus-homme\/#primaryimage"},"thumbnailUrl":"https:\/\/www.miomiorun.com\/app\/uploads\/2023\/03\/crazy-idea-pull-pegasus-fire-S23025085U-0064.jpg","datePublished":"2023-03-16T12:16:05+00:00","dateModified":"2026-05-08T19:40:43+00:00","description":"Le pull Pegasus pour homme est une couche interm\u00e9diaire indispensable, l\u00e9g\u00e8re et respirante, \u00e0 toujours emporter dans son sac \u00e0 dos comme \u00ab arme de protection \u00bb contre les changements climatiques.","breadcrumb":{"@id":"https:\/\/www.miomiorun.com\/fr\/produit\/pull-pegasus-homme\/#breadcrumb"},"inLanguage":"fr-FR","potentialAction":[{"@type":"ReadAction","target":["https:\/\/www.miomiorun.com\/fr\/produit\/pull-pegasus-homme\/"]}]},{"@type":"ImageObject","inLanguage":"fr-FR","@id":"https:\/\/www.miomiorun.com\/fr\/produit\/pull-pegasus-homme\/#primaryimage","url":"https:\/\/www.miomiorun.com\/app\/uploads\/2023\/03\/crazy-idea-pull-pegasus-fire-S23025085U-0064.jpg","contentUrl":"https:\/\/www.miomiorun.com\/app\/uploads\/2023\/03\/crazy-idea-pull-pegasus-fire-S23025085U-0064.jpg","width":600,"height":600,"caption":"crazy-idea-pull-pegasus-fire-S23025085U-0064"},{"@type":"BreadcrumbList","@id":"https:\/\/www.miomiorun.com\/fr\/produit\/pull-pegasus-homme\/#breadcrumb","itemListElement":[{"@type":"ListItem","position":1,"name":"Home","item":"https:\/\/www.miomiorun.com\/fr\/home-page\/"},{"@type":"ListItem","position":2,"name":"Shop","item":"https:\/\/www.miomiorun.com\/shop\/"},{"@type":"ListItem","position":3,"name":"Pull Pegasus homme"}]},{"@type":"WebSite","@id":"https:\/\/www.miomiorun.com\/fr\/#website","url":"https:\/\/www.miomiorun.com\/fr\/","name":"MioMioRun","description":"Boutique 100% running et trail","publisher":{"@id":"https:\/\/www.miomiorun.com\/fr\/#organization"},"potentialAction":[{"@type":"SearchAction","target":{"@type":"EntryPoint","urlTemplate":"https:\/\/www.miomiorun.com\/fr\/?s={search_term_string}"},"query-input":{"@type":"PropertyValueSpecification","valueRequired":true,"valueName":"search_term_string"}}],"inLanguage":"fr-FR"},{"@type":"Organization","@id":"https:\/\/www.miomiorun.com\/fr\/#organization","name":"MioMio Run","url":"https:\/\/www.miomiorun.com\/fr\/","logo":{"@type":"ImageObject","inLanguage":"fr-FR","@id":"https:\/\/www.miomiorun.com\/fr\/#\/schema\/logo\/image\/","url":"https:\/\/www.miomiorun.com\/app\/uploads\/2019\/12\/logomio.png","contentUrl":"https:\/\/www.miomiorun.com\/app\/uploads\/2019\/12\/logomio.png","width":115,"height":82,"caption":"MioMio Run"},"image":{"@id":"https:\/\/www.miomiorun.com\/fr\/#\/schema\/logo\/image\/"},"sameAs":["https:\/\/www.facebook.com\/miomiorun\/","https:\/\/www.instagram.com\/miomiorun\/"]}]}},"_links":{"self":[{"href":"https:\/\/www.miomiorun.com\/fr\/wp-json\/wp\/v2\/product\/285701","targetHints":{"allow":["GET"]}}],"collection":[{"href":"https:\/\/www.miomiorun.com\/fr\/wp-json\/wp\/v2\/product"}],"about":[{"href":"https:\/\/www.miomiorun.com\/fr\/wp-json\/wp\/v2\/types\/product"}],"wp:featuredmedia":[{"embeddable":true,"href":"https:\/\/www.miomiorun.com\/fr\/wp-json\/wp\/v2\/media\/239675"}],"wp:attachment":[{"href":"https:\/\/www.miomiorun.com\/fr\/wp-json\/wp\/v2\/media?parent=285701"}],"wp:term":[{"taxonomy":"product_brand","embeddable":true,"href":"https:\/\/www.miomiorun.com\/fr\/wp-json\/wp\/v2\/product_brand?post=285701"},{"taxonomy":"product_cat","embeddable":true,"href":"https:\/\/www.miomiorun.com\/fr\/wp-json\/wp\/v2\/product_cat?post=285701"},{"taxonomy":"product_tag","embeddable":true,"href":"https:\/\/www.miomiorun.com\/fr\/wp-json\/wp\/v2\/product_tag?post=285701"}],"curies":[{"name":"wp","href":"https:\/\/api.w.org\/{rel}","templated":true}]}}