{"id":285696,"date":"2023-03-16T13:41:36","date_gmt":"2023-03-16T12:41:36","guid":{"rendered":"https:\/\/miomiorun.com\/prodotto\/pant-style-pants-donna\/"},"modified":"2026-05-08T21:40:58","modified_gmt":"2026-05-08T19:40:58","slug":"pant-style-pants-femme","status":"publish","type":"product","link":"https:\/\/www.miomiorun.com\/fr\/produit\/pant-style-pants-femme\/","title":{"rendered":"Pant Style femme"},"content":{"rendered":"<div class=\"product-attribute product-attribute-featured-materials\">\n<p>Libert\u00e9, l\u00e9g\u00e8ret\u00e9, confort et style sont les caract\u00e9ristiques du <strong>Pantalon Style <\/strong>pour femmes, dont le nom n&#8217;a jamais \u00e9t\u00e9 aussi appropri\u00e9. Il est r\u00e9alis\u00e9 en tissu Revolutional, une microfibre fra\u00eeche de fabrication italienne produite avec des fils contenant des principes actifs tels que la caf\u00e9ine, la vitamine E, le r\u00e9tinol, les acides gras et l&#8217;Alohe vera, qui contribuent \u00e0 pr\u00e9venir l&#8217;effet &#8220;peau d&#8217;orange&#8221; et \u00e0 remodeler la silhouette. Comme d&#8217;habitude, nos v\u00eatements Active pour femmes sont dot\u00e9s d&#8217;une ceinture confortable. 4 poches, deux \u00e0 l&#8217;avant et deux \u00e0 l&#8217;arri\u00e8re, cordon de r\u00e9glage au bas de la jambe.<\/p>\n<h3>Caract\u00e9ristiques :<\/h3>\n<div id=\"materials\" class=\"data item content\" role=\"tabpanel\" aria-hidden=\"false\" aria-labelledby=\"tab-label-materials\" data-role=\"content\">\n<div class=\"product-materials-content\">\n<div class=\"texture-content secondary-texture\">\n<div class=\"content\">\n<div class=\"texture-text\">\n<div id=\"laundry\" class=\"data item content\" role=\"tabpanel\" aria-hidden=\"false\" aria-labelledby=\"tab-label-laundry\" data-role=\"content\">\n<div class=\"laundry-content\">\n<div class=\"laundry-sides-texture\">\n<div class=\"carProdotto\">\n<ul>\n<li>Tissu de remodelage<\/li>\n<li>Cordon de r\u00e9glage au bas de la jambe<\/li>\n<li>Taille \u00e9lastiqu\u00e9e<\/li>\n<li>2 poches lat\u00e9rales ouvertes<\/li>\n<li>2 poches arri\u00e8re<\/li>\n<\/ul>\n<\/div>\n<\/div>\n<\/div>\n<\/div>\n<\/div>\n<\/div>\n<\/div>\n<\/div>\n<\/div>\n<\/div>\n","protected":false},"excerpt":{"rendered":"<ul>\n<li>Tissu remodelant<\/li>\n<li>Cordon d&#8217;ajustement au bas de la jambe<\/li>\n<li>Taille \u00e9lastiqu\u00e9e<\/li>\n<\/ul>\n","protected":false},"featured_media":240031,"template":"","meta":{"_acf_changed":false,"inline_featured_image":false},"product_brand":[],"product_cat":[22603,22596,22595],"product_tag":[23489,23491],"class_list":{"0":"post-285696","1":"product","2":"type-product","3":"status-publish","4":"has-post-thumbnail","6":"product_cat-pantalon-long","7":"product_cat-vetements-pour-femmes","8":"product_cat-femme","9":"product_tag-crazy-idea-fr","10":"product_tag-crazy-idea-femme","11":"pa_attivita-marcher","12":"pa_attivita-outdoor-fr","13":"pa_colore-pant-style-black-w-fr","14":"pa_colore-pant-style-pop-w-fr","15":"pa_colore-pant-style-w-black","16":"pa_colore-pant-style-w-blue-fr","17":"pa_colore-pant-style-w-lake","18":"pa_colore-pant-style-w-pop-fr","19":"pa_colore-pant-style-w-pop-fr-2","20":"pa_marca-crazy-idea-fr","21":"pa_sesso-femme","22":"pa_size-extra-small-fr","23":"pa_size-small-fr","24":"pa_size-medium-fr","25":"pa_size-large-fr","27":"first","28":"instock","29":"sale","30":"taxable","31":"shipping-taxable","32":"purchasable","33":"product-type-variable","34":"wvs-archive-product-wrapper"},"acf":[],"yoast_head":"<!-- This site is optimized with the Yoast SEO plugin v26.8 - https:\/\/yoast.com\/product\/yoast-seo-wordpress\/ -->\n<title>Crazy Pant Style femme - Pantalon long - MioMioRun<\/title>\n<meta name=\"description\" content=\"Libert\u00e9, l\u00e9g\u00e8ret\u00e9, confort et style sont les caract\u00e9ristiques du Pantalon Style pour femmes, dont le nom n&#039;a jamais \u00e9t\u00e9 aussi appropri\u00e9. Il est fabriqu\u00e9 avec un tissu r\u00e9volutionnaire\" \/>\n<meta name=\"robots\" content=\"index, follow, max-snippet:-1, max-image-preview:large, max-video-preview:-1\" \/>\n<link rel=\"canonical\" href=\"https:\/\/www.miomiorun.com\/fr\/produit\/pant-style-pants-femme\/\" \/>\n<meta property=\"og:locale\" content=\"fr_FR\" \/>\n<meta property=\"og:type\" content=\"article\" \/>\n<meta property=\"og:title\" content=\"Crazy Pant Style femme - Pantalon long - MioMioRun\" \/>\n<meta property=\"og:description\" content=\"Libert\u00e9, l\u00e9g\u00e8ret\u00e9, confort et style sont les caract\u00e9ristiques du Pantalon Style pour femmes, dont le nom n&#039;a jamais \u00e9t\u00e9 aussi appropri\u00e9. Il est fabriqu\u00e9 avec un tissu r\u00e9volutionnaire\" \/>\n<meta property=\"og:url\" content=\"https:\/\/www.miomiorun.com\/fr\/produit\/pant-style-pants-femme\/\" \/>\n<meta property=\"og:site_name\" content=\"MioMioRun\" \/>\n<meta property=\"article:publisher\" content=\"https:\/\/www.facebook.com\/miomiorun\/\" \/>\n<meta property=\"article:modified_time\" content=\"2026-05-08T19:40:58+00:00\" \/>\n<meta property=\"og:image\" content=\"https:\/\/www.miomiorun.com\/app\/uploads\/2023\/04\/crazy-idea-pant-style-W-pop-S23016119D-0063.jpg\" \/>\n\t<meta property=\"og:image:width\" content=\"600\" \/>\n\t<meta property=\"og:image:height\" content=\"600\" \/>\n\t<meta property=\"og:image:type\" content=\"image\/jpeg\" \/>\n<meta name=\"twitter:card\" content=\"summary_large_image\" \/>\n<meta name=\"twitter:label1\" content=\"Est. reading time\" \/>\n\t<meta name=\"twitter:data1\" content=\"1 minute\" \/>\n<script type=\"application\/ld+json\" class=\"yoast-schema-graph\">{\"@context\":\"https:\/\/schema.org\",\"@graph\":[{\"@type\":\"WebPage\",\"@id\":\"https:\/\/www.miomiorun.com\/fr\/produit\/pant-style-pants-femme\/\",\"url\":\"https:\/\/www.miomiorun.com\/fr\/produit\/pant-style-pants-femme\/\",\"name\":\"Crazy Pant Style femme - Pantalon long - MioMioRun\",\"isPartOf\":{\"@id\":\"https:\/\/www.miomiorun.com\/fr\/#website\"},\"primaryImageOfPage\":{\"@id\":\"https:\/\/www.miomiorun.com\/fr\/produit\/pant-style-pants-femme\/#primaryimage\"},\"image\":{\"@id\":\"https:\/\/www.miomiorun.com\/fr\/produit\/pant-style-pants-femme\/#primaryimage\"},\"thumbnailUrl\":\"https:\/\/www.miomiorun.com\/app\/uploads\/2023\/04\/crazy-idea-pant-style-W-pop-S23016119D-0063.jpg\",\"datePublished\":\"2023-03-16T12:41:36+00:00\",\"dateModified\":\"2026-05-08T19:40:58+00:00\",\"description\":\"Libert\u00e9, l\u00e9g\u00e8ret\u00e9, confort et style sont les caract\u00e9ristiques du Pantalon Style pour femmes, dont le nom n'a jamais \u00e9t\u00e9 aussi appropri\u00e9. Il est fabriqu\u00e9 avec un tissu r\u00e9volutionnaire\",\"breadcrumb\":{\"@id\":\"https:\/\/www.miomiorun.com\/fr\/produit\/pant-style-pants-femme\/#breadcrumb\"},\"inLanguage\":\"fr-FR\",\"potentialAction\":[{\"@type\":\"ReadAction\",\"target\":[\"https:\/\/www.miomiorun.com\/fr\/produit\/pant-style-pants-femme\/\"]}]},{\"@type\":\"ImageObject\",\"inLanguage\":\"fr-FR\",\"@id\":\"https:\/\/www.miomiorun.com\/fr\/produit\/pant-style-pants-femme\/#primaryimage\",\"url\":\"https:\/\/www.miomiorun.com\/app\/uploads\/2023\/04\/crazy-idea-pant-style-W-pop-S23016119D-0063.jpg\",\"contentUrl\":\"https:\/\/www.miomiorun.com\/app\/uploads\/2023\/04\/crazy-idea-pant-style-W-pop-S23016119D-0063.jpg\",\"width\":600,\"height\":600,\"caption\":\"crazy-idea-pant-style-W-pop-S23016119D-0063\"},{\"@type\":\"BreadcrumbList\",\"@id\":\"https:\/\/www.miomiorun.com\/fr\/produit\/pant-style-pants-femme\/#breadcrumb\",\"itemListElement\":[{\"@type\":\"ListItem\",\"position\":1,\"name\":\"Home\",\"item\":\"https:\/\/www.miomiorun.com\/fr\/home-page\/\"},{\"@type\":\"ListItem\",\"position\":2,\"name\":\"Shop\",\"item\":\"https:\/\/www.miomiorun.com\/shop\/\"},{\"@type\":\"ListItem\",\"position\":3,\"name\":\"Pant Style femme\"}]},{\"@type\":\"WebSite\",\"@id\":\"https:\/\/www.miomiorun.com\/fr\/#website\",\"url\":\"https:\/\/www.miomiorun.com\/fr\/\",\"name\":\"MioMioRun\",\"description\":\"Boutique 100% running et trail\",\"publisher\":{\"@id\":\"https:\/\/www.miomiorun.com\/fr\/#organization\"},\"potentialAction\":[{\"@type\":\"SearchAction\",\"target\":{\"@type\":\"EntryPoint\",\"urlTemplate\":\"https:\/\/www.miomiorun.com\/fr\/?s={search_term_string}\"},\"query-input\":{\"@type\":\"PropertyValueSpecification\",\"valueRequired\":true,\"valueName\":\"search_term_string\"}}],\"inLanguage\":\"fr-FR\"},{\"@type\":\"Organization\",\"@id\":\"https:\/\/www.miomiorun.com\/fr\/#organization\",\"name\":\"MioMio Run\",\"url\":\"https:\/\/www.miomiorun.com\/fr\/\",\"logo\":{\"@type\":\"ImageObject\",\"inLanguage\":\"fr-FR\",\"@id\":\"https:\/\/www.miomiorun.com\/fr\/#\/schema\/logo\/image\/\",\"url\":\"https:\/\/www.miomiorun.com\/app\/uploads\/2019\/12\/logomio.png\",\"contentUrl\":\"https:\/\/www.miomiorun.com\/app\/uploads\/2019\/12\/logomio.png\",\"width\":115,\"height\":82,\"caption\":\"MioMio Run\"},\"image\":{\"@id\":\"https:\/\/www.miomiorun.com\/fr\/#\/schema\/logo\/image\/\"},\"sameAs\":[\"https:\/\/www.facebook.com\/miomiorun\/\",\"https:\/\/www.instagram.com\/miomiorun\/\"]}]}<\/script>\n<!-- \/ Yoast SEO plugin. -->","yoast_head_json":{"title":"Crazy Pant Style femme - Pantalon long - MioMioRun","description":"Libert\u00e9, l\u00e9g\u00e8ret\u00e9, confort et style sont les caract\u00e9ristiques du Pantalon Style pour femmes, dont le nom n'a jamais \u00e9t\u00e9 aussi appropri\u00e9. Il est fabriqu\u00e9 avec un tissu r\u00e9volutionnaire","robots":{"index":"index","follow":"follow","max-snippet":"max-snippet:-1","max-image-preview":"max-image-preview:large","max-video-preview":"max-video-preview:-1"},"canonical":"https:\/\/www.miomiorun.com\/fr\/produit\/pant-style-pants-femme\/","og_locale":"fr_FR","og_type":"article","og_title":"Crazy Pant Style femme - Pantalon long - MioMioRun","og_description":"Libert\u00e9, l\u00e9g\u00e8ret\u00e9, confort et style sont les caract\u00e9ristiques du Pantalon Style pour femmes, dont le nom n'a jamais \u00e9t\u00e9 aussi appropri\u00e9. Il est fabriqu\u00e9 avec un tissu r\u00e9volutionnaire","og_url":"https:\/\/www.miomiorun.com\/fr\/produit\/pant-style-pants-femme\/","og_site_name":"MioMioRun","article_publisher":"https:\/\/www.facebook.com\/miomiorun\/","article_modified_time":"2026-05-08T19:40:58+00:00","og_image":[{"width":600,"height":600,"url":"https:\/\/www.miomiorun.com\/app\/uploads\/2023\/04\/crazy-idea-pant-style-W-pop-S23016119D-0063.jpg","type":"image\/jpeg"}],"twitter_card":"summary_large_image","twitter_misc":{"Est. reading time":"1 minute"},"schema":{"@context":"https:\/\/schema.org","@graph":[{"@type":"WebPage","@id":"https:\/\/www.miomiorun.com\/fr\/produit\/pant-style-pants-femme\/","url":"https:\/\/www.miomiorun.com\/fr\/produit\/pant-style-pants-femme\/","name":"Crazy Pant Style femme - Pantalon long - MioMioRun","isPartOf":{"@id":"https:\/\/www.miomiorun.com\/fr\/#website"},"primaryImageOfPage":{"@id":"https:\/\/www.miomiorun.com\/fr\/produit\/pant-style-pants-femme\/#primaryimage"},"image":{"@id":"https:\/\/www.miomiorun.com\/fr\/produit\/pant-style-pants-femme\/#primaryimage"},"thumbnailUrl":"https:\/\/www.miomiorun.com\/app\/uploads\/2023\/04\/crazy-idea-pant-style-W-pop-S23016119D-0063.jpg","datePublished":"2023-03-16T12:41:36+00:00","dateModified":"2026-05-08T19:40:58+00:00","description":"Libert\u00e9, l\u00e9g\u00e8ret\u00e9, confort et style sont les caract\u00e9ristiques du Pantalon Style pour femmes, dont le nom n'a jamais \u00e9t\u00e9 aussi appropri\u00e9. Il est fabriqu\u00e9 avec un tissu r\u00e9volutionnaire","breadcrumb":{"@id":"https:\/\/www.miomiorun.com\/fr\/produit\/pant-style-pants-femme\/#breadcrumb"},"inLanguage":"fr-FR","potentialAction":[{"@type":"ReadAction","target":["https:\/\/www.miomiorun.com\/fr\/produit\/pant-style-pants-femme\/"]}]},{"@type":"ImageObject","inLanguage":"fr-FR","@id":"https:\/\/www.miomiorun.com\/fr\/produit\/pant-style-pants-femme\/#primaryimage","url":"https:\/\/www.miomiorun.com\/app\/uploads\/2023\/04\/crazy-idea-pant-style-W-pop-S23016119D-0063.jpg","contentUrl":"https:\/\/www.miomiorun.com\/app\/uploads\/2023\/04\/crazy-idea-pant-style-W-pop-S23016119D-0063.jpg","width":600,"height":600,"caption":"crazy-idea-pant-style-W-pop-S23016119D-0063"},{"@type":"BreadcrumbList","@id":"https:\/\/www.miomiorun.com\/fr\/produit\/pant-style-pants-femme\/#breadcrumb","itemListElement":[{"@type":"ListItem","position":1,"name":"Home","item":"https:\/\/www.miomiorun.com\/fr\/home-page\/"},{"@type":"ListItem","position":2,"name":"Shop","item":"https:\/\/www.miomiorun.com\/shop\/"},{"@type":"ListItem","position":3,"name":"Pant Style femme"}]},{"@type":"WebSite","@id":"https:\/\/www.miomiorun.com\/fr\/#website","url":"https:\/\/www.miomiorun.com\/fr\/","name":"MioMioRun","description":"Boutique 100% running et trail","publisher":{"@id":"https:\/\/www.miomiorun.com\/fr\/#organization"},"potentialAction":[{"@type":"SearchAction","target":{"@type":"EntryPoint","urlTemplate":"https:\/\/www.miomiorun.com\/fr\/?s={search_term_string}"},"query-input":{"@type":"PropertyValueSpecification","valueRequired":true,"valueName":"search_term_string"}}],"inLanguage":"fr-FR"},{"@type":"Organization","@id":"https:\/\/www.miomiorun.com\/fr\/#organization","name":"MioMio Run","url":"https:\/\/www.miomiorun.com\/fr\/","logo":{"@type":"ImageObject","inLanguage":"fr-FR","@id":"https:\/\/www.miomiorun.com\/fr\/#\/schema\/logo\/image\/","url":"https:\/\/www.miomiorun.com\/app\/uploads\/2019\/12\/logomio.png","contentUrl":"https:\/\/www.miomiorun.com\/app\/uploads\/2019\/12\/logomio.png","width":115,"height":82,"caption":"MioMio Run"},"image":{"@id":"https:\/\/www.miomiorun.com\/fr\/#\/schema\/logo\/image\/"},"sameAs":["https:\/\/www.facebook.com\/miomiorun\/","https:\/\/www.instagram.com\/miomiorun\/"]}]}},"_links":{"self":[{"href":"https:\/\/www.miomiorun.com\/fr\/wp-json\/wp\/v2\/product\/285696","targetHints":{"allow":["GET"]}}],"collection":[{"href":"https:\/\/www.miomiorun.com\/fr\/wp-json\/wp\/v2\/product"}],"about":[{"href":"https:\/\/www.miomiorun.com\/fr\/wp-json\/wp\/v2\/types\/product"}],"wp:featuredmedia":[{"embeddable":true,"href":"https:\/\/www.miomiorun.com\/fr\/wp-json\/wp\/v2\/media\/240031"}],"wp:attachment":[{"href":"https:\/\/www.miomiorun.com\/fr\/wp-json\/wp\/v2\/media?parent=285696"}],"wp:term":[{"taxonomy":"product_brand","embeddable":true,"href":"https:\/\/www.miomiorun.com\/fr\/wp-json\/wp\/v2\/product_brand?post=285696"},{"taxonomy":"product_cat","embeddable":true,"href":"https:\/\/www.miomiorun.com\/fr\/wp-json\/wp\/v2\/product_cat?post=285696"},{"taxonomy":"product_tag","embeddable":true,"href":"https:\/\/www.miomiorun.com\/fr\/wp-json\/wp\/v2\/product_tag?post=285696"}],"curies":[{"name":"wp","href":"https:\/\/api.w.org\/{rel}","templated":true}]}}