{"id":285695,"date":"2023-03-16T13:50:02","date_gmt":"2023-03-16T12:50:02","guid":{"rendered":"https:\/\/miomiorun.com\/prodotto\/short-acceleration-uomo\/"},"modified":"2026-05-08T21:40:38","modified_gmt":"2026-05-08T19:40:38","slug":"short-acceleration-homme","status":"publish","type":"product","link":"https:\/\/www.miomiorun.com\/fr\/produit\/short-acceleration-homme\/","title":{"rendered":"Short Acceleration homme"},"content":{"rendered":"<div class=\"single-product-description\">\n<div class=\"single-product-description\">\n<div class=\"descProdotto\">\n<p><strong>Short Acceleration<\/strong> pour homme est davantage destin\u00e9 au trekking qu&#8217;\u00e0 la course \u00e0 pied ; \u00e0 la randonn\u00e9e rapide, peu importe comment on assimile exactement ces termes, pour Crazy, ce short est con\u00e7u pour accompagner ceux qui gravissent rapidement les montagnes, aiment la libert\u00e9 et la l\u00e9g\u00e8ret\u00e9. Nous avons utilis\u00e9 le tissu ultra-l\u00e9ger et \u00e9lastique stretch series \u00e0 l&#8217;arri\u00e8re et le tissu Endurance light, tout aussi \u00e9lastique mais plus r\u00e9sistant, \u00e0 l&#8217;avant. La taille \u00e9lastique est dot\u00e9e d&#8217;un cordon de r\u00e9glage, de deux poches zipp\u00e9es bicolores et des logos r\u00e9fl\u00e9chissants caract\u00e9ristiques au-dessus de l&#8217;ourlet coll\u00e9 technologique.<\/p>\n<p><strong>Caract\u00e9ristiques :<\/strong><\/p>\n<\/div>\n<div class=\"carProdotto\">\n<ul>\n<li>\u00c9lastique \u00e0 la taille avec cordon de serrage \u00e9lastique<\/li>\n<li>deux poches zipp\u00e9es bicolores<\/li>\n<li>Logos r\u00e9fl\u00e9chissants au-dessus de l&#8217;ourlet coll\u00e9<\/li>\n<\/ul>\n<\/div>\n<\/div>\n<\/div>\n","protected":false},"excerpt":{"rendered":"<ul>\n<li>Taille \u00e9lastique avec cordon de serrage \u00e9lastique<\/li>\n<li>Deux poches zipp\u00e9es bicolores<\/li>\n<li>Logos r\u00e9fl\u00e9chissants au-dessus de l&#8217;ourlet coll\u00e9<\/li>\n<\/ul>\n","protected":false},"featured_media":240045,"template":"","meta":{"_acf_changed":false,"inline_featured_image":false},"product_brand":[],"product_cat":[24477,24482],"product_tag":[23489,23610],"class_list":{"0":"post-285695","1":"product","2":"type-product","3":"status-publish","4":"has-post-thumbnail","6":"product_cat-pantalon-court-fr-3","7":"product_cat-vetements-pour-hommes-fr","8":"product_tag-crazy-idea-fr","9":"product_tag-crazy-idea-homme","10":"pa_attivita-marcher","11":"pa_attivita-outdoor-fr","12":"pa_colore-short-acceleration-fire-fr","13":"pa_marca-crazy-idea-fr","14":"pa_sesso-homme","15":"pa_size-small-fr","16":"pa_size-extra-large-fr","18":"first","19":"instock","20":"sale","21":"taxable","22":"shipping-taxable","23":"purchasable","24":"product-type-variable","25":"wvs-archive-product-wrapper"},"acf":[],"yoast_head":"<!-- This site is optimized with the Yoast SEO plugin v26.8 - https:\/\/yoast.com\/product\/yoast-seo-wordpress\/ -->\n<title>Crazy Idea Short Acceleration homme - Short homme - MioMioRun<\/title>\n<meta name=\"description\" content=\"Le Short Acceleration pour homme est davantage destin\u00e9 au trekking qu&#039;\u00e0 la course \u00e0 pied ; \u00e0 la randonn\u00e9e rapide, peu importe comment on assimile exactement ces termes.\" \/>\n<meta name=\"robots\" content=\"index, follow, max-snippet:-1, max-image-preview:large, max-video-preview:-1\" \/>\n<link rel=\"canonical\" href=\"https:\/\/www.miomiorun.com\/fr\/produit\/short-acceleration-homme\/\" \/>\n<meta property=\"og:locale\" content=\"fr_FR\" \/>\n<meta property=\"og:type\" content=\"article\" \/>\n<meta property=\"og:title\" content=\"Crazy Idea Short Acceleration homme - Short homme - MioMioRun\" \/>\n<meta property=\"og:description\" content=\"Le Short Acceleration pour homme est davantage destin\u00e9 au trekking qu&#039;\u00e0 la course \u00e0 pied ; \u00e0 la randonn\u00e9e rapide, peu importe comment on assimile exactement ces termes.\" \/>\n<meta property=\"og:url\" content=\"https:\/\/www.miomiorun.com\/fr\/produit\/short-acceleration-homme\/\" \/>\n<meta property=\"og:site_name\" content=\"MioMioRun\" \/>\n<meta property=\"article:publisher\" content=\"https:\/\/www.facebook.com\/miomiorun\/\" \/>\n<meta property=\"article:modified_time\" content=\"2026-05-08T19:40:38+00:00\" \/>\n<meta property=\"og:image\" content=\"https:\/\/www.miomiorun.com\/app\/uploads\/2023\/04\/crazy-idea-short-acceleration-fire-S23015240U-0064.jpg\" \/>\n\t<meta property=\"og:image:width\" content=\"600\" \/>\n\t<meta property=\"og:image:height\" content=\"600\" \/>\n\t<meta property=\"og:image:type\" content=\"image\/jpeg\" \/>\n<meta name=\"twitter:card\" content=\"summary_large_image\" \/>\n<meta name=\"twitter:label1\" content=\"Est. reading time\" \/>\n\t<meta name=\"twitter:data1\" content=\"1 minute\" \/>\n<script type=\"application\/ld+json\" class=\"yoast-schema-graph\">{\"@context\":\"https:\/\/schema.org\",\"@graph\":[{\"@type\":\"WebPage\",\"@id\":\"https:\/\/www.miomiorun.com\/fr\/produit\/short-acceleration-homme\/\",\"url\":\"https:\/\/www.miomiorun.com\/fr\/produit\/short-acceleration-homme\/\",\"name\":\"Crazy Idea Short Acceleration homme - Short homme - MioMioRun\",\"isPartOf\":{\"@id\":\"https:\/\/www.miomiorun.com\/fr\/#website\"},\"primaryImageOfPage\":{\"@id\":\"https:\/\/www.miomiorun.com\/fr\/produit\/short-acceleration-homme\/#primaryimage\"},\"image\":{\"@id\":\"https:\/\/www.miomiorun.com\/fr\/produit\/short-acceleration-homme\/#primaryimage\"},\"thumbnailUrl\":\"https:\/\/www.miomiorun.com\/app\/uploads\/2023\/04\/crazy-idea-short-acceleration-fire-S23015240U-0064.jpg\",\"datePublished\":\"2023-03-16T12:50:02+00:00\",\"dateModified\":\"2026-05-08T19:40:38+00:00\",\"description\":\"Le Short Acceleration pour homme est davantage destin\u00e9 au trekking qu'\u00e0 la course \u00e0 pied ; \u00e0 la randonn\u00e9e rapide, peu importe comment on assimile exactement ces termes.\",\"breadcrumb\":{\"@id\":\"https:\/\/www.miomiorun.com\/fr\/produit\/short-acceleration-homme\/#breadcrumb\"},\"inLanguage\":\"fr-FR\",\"potentialAction\":[{\"@type\":\"ReadAction\",\"target\":[\"https:\/\/www.miomiorun.com\/fr\/produit\/short-acceleration-homme\/\"]}]},{\"@type\":\"ImageObject\",\"inLanguage\":\"fr-FR\",\"@id\":\"https:\/\/www.miomiorun.com\/fr\/produit\/short-acceleration-homme\/#primaryimage\",\"url\":\"https:\/\/www.miomiorun.com\/app\/uploads\/2023\/04\/crazy-idea-short-acceleration-fire-S23015240U-0064.jpg\",\"contentUrl\":\"https:\/\/www.miomiorun.com\/app\/uploads\/2023\/04\/crazy-idea-short-acceleration-fire-S23015240U-0064.jpg\",\"width\":600,\"height\":600,\"caption\":\"crazy-idea-short-acceleration-fire-S23015240U-0064\"},{\"@type\":\"BreadcrumbList\",\"@id\":\"https:\/\/www.miomiorun.com\/fr\/produit\/short-acceleration-homme\/#breadcrumb\",\"itemListElement\":[{\"@type\":\"ListItem\",\"position\":1,\"name\":\"Home\",\"item\":\"https:\/\/www.miomiorun.com\/fr\/home-page\/\"},{\"@type\":\"ListItem\",\"position\":2,\"name\":\"Shop\",\"item\":\"https:\/\/www.miomiorun.com\/shop\/\"},{\"@type\":\"ListItem\",\"position\":3,\"name\":\"Short Acceleration homme\"}]},{\"@type\":\"WebSite\",\"@id\":\"https:\/\/www.miomiorun.com\/fr\/#website\",\"url\":\"https:\/\/www.miomiorun.com\/fr\/\",\"name\":\"MioMioRun\",\"description\":\"Boutique 100% running et trail\",\"publisher\":{\"@id\":\"https:\/\/www.miomiorun.com\/fr\/#organization\"},\"potentialAction\":[{\"@type\":\"SearchAction\",\"target\":{\"@type\":\"EntryPoint\",\"urlTemplate\":\"https:\/\/www.miomiorun.com\/fr\/?s={search_term_string}\"},\"query-input\":{\"@type\":\"PropertyValueSpecification\",\"valueRequired\":true,\"valueName\":\"search_term_string\"}}],\"inLanguage\":\"fr-FR\"},{\"@type\":\"Organization\",\"@id\":\"https:\/\/www.miomiorun.com\/fr\/#organization\",\"name\":\"MioMio Run\",\"url\":\"https:\/\/www.miomiorun.com\/fr\/\",\"logo\":{\"@type\":\"ImageObject\",\"inLanguage\":\"fr-FR\",\"@id\":\"https:\/\/www.miomiorun.com\/fr\/#\/schema\/logo\/image\/\",\"url\":\"https:\/\/www.miomiorun.com\/app\/uploads\/2019\/12\/logomio.png\",\"contentUrl\":\"https:\/\/www.miomiorun.com\/app\/uploads\/2019\/12\/logomio.png\",\"width\":115,\"height\":82,\"caption\":\"MioMio Run\"},\"image\":{\"@id\":\"https:\/\/www.miomiorun.com\/fr\/#\/schema\/logo\/image\/\"},\"sameAs\":[\"https:\/\/www.facebook.com\/miomiorun\/\",\"https:\/\/www.instagram.com\/miomiorun\/\"]}]}<\/script>\n<!-- \/ Yoast SEO plugin. -->","yoast_head_json":{"title":"Crazy Idea Short Acceleration homme - Short homme - MioMioRun","description":"Le Short Acceleration pour homme est davantage destin\u00e9 au trekking qu'\u00e0 la course \u00e0 pied ; \u00e0 la randonn\u00e9e rapide, peu importe comment on assimile exactement ces termes.","robots":{"index":"index","follow":"follow","max-snippet":"max-snippet:-1","max-image-preview":"max-image-preview:large","max-video-preview":"max-video-preview:-1"},"canonical":"https:\/\/www.miomiorun.com\/fr\/produit\/short-acceleration-homme\/","og_locale":"fr_FR","og_type":"article","og_title":"Crazy Idea Short Acceleration homme - Short homme - MioMioRun","og_description":"Le Short Acceleration pour homme est davantage destin\u00e9 au trekking qu'\u00e0 la course \u00e0 pied ; \u00e0 la randonn\u00e9e rapide, peu importe comment on assimile exactement ces termes.","og_url":"https:\/\/www.miomiorun.com\/fr\/produit\/short-acceleration-homme\/","og_site_name":"MioMioRun","article_publisher":"https:\/\/www.facebook.com\/miomiorun\/","article_modified_time":"2026-05-08T19:40:38+00:00","og_image":[{"width":600,"height":600,"url":"https:\/\/www.miomiorun.com\/app\/uploads\/2023\/04\/crazy-idea-short-acceleration-fire-S23015240U-0064.jpg","type":"image\/jpeg"}],"twitter_card":"summary_large_image","twitter_misc":{"Est. reading time":"1 minute"},"schema":{"@context":"https:\/\/schema.org","@graph":[{"@type":"WebPage","@id":"https:\/\/www.miomiorun.com\/fr\/produit\/short-acceleration-homme\/","url":"https:\/\/www.miomiorun.com\/fr\/produit\/short-acceleration-homme\/","name":"Crazy Idea Short Acceleration homme - Short homme - MioMioRun","isPartOf":{"@id":"https:\/\/www.miomiorun.com\/fr\/#website"},"primaryImageOfPage":{"@id":"https:\/\/www.miomiorun.com\/fr\/produit\/short-acceleration-homme\/#primaryimage"},"image":{"@id":"https:\/\/www.miomiorun.com\/fr\/produit\/short-acceleration-homme\/#primaryimage"},"thumbnailUrl":"https:\/\/www.miomiorun.com\/app\/uploads\/2023\/04\/crazy-idea-short-acceleration-fire-S23015240U-0064.jpg","datePublished":"2023-03-16T12:50:02+00:00","dateModified":"2026-05-08T19:40:38+00:00","description":"Le Short Acceleration pour homme est davantage destin\u00e9 au trekking qu'\u00e0 la course \u00e0 pied ; \u00e0 la randonn\u00e9e rapide, peu importe comment on assimile exactement ces termes.","breadcrumb":{"@id":"https:\/\/www.miomiorun.com\/fr\/produit\/short-acceleration-homme\/#breadcrumb"},"inLanguage":"fr-FR","potentialAction":[{"@type":"ReadAction","target":["https:\/\/www.miomiorun.com\/fr\/produit\/short-acceleration-homme\/"]}]},{"@type":"ImageObject","inLanguage":"fr-FR","@id":"https:\/\/www.miomiorun.com\/fr\/produit\/short-acceleration-homme\/#primaryimage","url":"https:\/\/www.miomiorun.com\/app\/uploads\/2023\/04\/crazy-idea-short-acceleration-fire-S23015240U-0064.jpg","contentUrl":"https:\/\/www.miomiorun.com\/app\/uploads\/2023\/04\/crazy-idea-short-acceleration-fire-S23015240U-0064.jpg","width":600,"height":600,"caption":"crazy-idea-short-acceleration-fire-S23015240U-0064"},{"@type":"BreadcrumbList","@id":"https:\/\/www.miomiorun.com\/fr\/produit\/short-acceleration-homme\/#breadcrumb","itemListElement":[{"@type":"ListItem","position":1,"name":"Home","item":"https:\/\/www.miomiorun.com\/fr\/home-page\/"},{"@type":"ListItem","position":2,"name":"Shop","item":"https:\/\/www.miomiorun.com\/shop\/"},{"@type":"ListItem","position":3,"name":"Short Acceleration homme"}]},{"@type":"WebSite","@id":"https:\/\/www.miomiorun.com\/fr\/#website","url":"https:\/\/www.miomiorun.com\/fr\/","name":"MioMioRun","description":"Boutique 100% running et trail","publisher":{"@id":"https:\/\/www.miomiorun.com\/fr\/#organization"},"potentialAction":[{"@type":"SearchAction","target":{"@type":"EntryPoint","urlTemplate":"https:\/\/www.miomiorun.com\/fr\/?s={search_term_string}"},"query-input":{"@type":"PropertyValueSpecification","valueRequired":true,"valueName":"search_term_string"}}],"inLanguage":"fr-FR"},{"@type":"Organization","@id":"https:\/\/www.miomiorun.com\/fr\/#organization","name":"MioMio Run","url":"https:\/\/www.miomiorun.com\/fr\/","logo":{"@type":"ImageObject","inLanguage":"fr-FR","@id":"https:\/\/www.miomiorun.com\/fr\/#\/schema\/logo\/image\/","url":"https:\/\/www.miomiorun.com\/app\/uploads\/2019\/12\/logomio.png","contentUrl":"https:\/\/www.miomiorun.com\/app\/uploads\/2019\/12\/logomio.png","width":115,"height":82,"caption":"MioMio Run"},"image":{"@id":"https:\/\/www.miomiorun.com\/fr\/#\/schema\/logo\/image\/"},"sameAs":["https:\/\/www.facebook.com\/miomiorun\/","https:\/\/www.instagram.com\/miomiorun\/"]}]}},"_links":{"self":[{"href":"https:\/\/www.miomiorun.com\/fr\/wp-json\/wp\/v2\/product\/285695","targetHints":{"allow":["GET"]}}],"collection":[{"href":"https:\/\/www.miomiorun.com\/fr\/wp-json\/wp\/v2\/product"}],"about":[{"href":"https:\/\/www.miomiorun.com\/fr\/wp-json\/wp\/v2\/types\/product"}],"wp:featuredmedia":[{"embeddable":true,"href":"https:\/\/www.miomiorun.com\/fr\/wp-json\/wp\/v2\/media\/240045"}],"wp:attachment":[{"href":"https:\/\/www.miomiorun.com\/fr\/wp-json\/wp\/v2\/media?parent=285695"}],"wp:term":[{"taxonomy":"product_brand","embeddable":true,"href":"https:\/\/www.miomiorun.com\/fr\/wp-json\/wp\/v2\/product_brand?post=285695"},{"taxonomy":"product_cat","embeddable":true,"href":"https:\/\/www.miomiorun.com\/fr\/wp-json\/wp\/v2\/product_cat?post=285695"},{"taxonomy":"product_tag","embeddable":true,"href":"https:\/\/www.miomiorun.com\/fr\/wp-json\/wp\/v2\/product_tag?post=285695"}],"curies":[{"name":"wp","href":"https:\/\/api.w.org\/{rel}","templated":true}]}}