{"id":285638,"date":"2023-03-17T18:52:36","date_gmt":"2023-03-17T17:52:36","guid":{"rendered":"https:\/\/miomiorun.com\/prodotto\/briza-windbreaker-vest-donna\/"},"modified":"2025-09-15T17:39:07","modified_gmt":"2025-09-15T15:39:07","slug":"briza-windbreaker-vest-femme","status":"publish","type":"product","link":"https:\/\/www.miomiorun.com\/fr\/produit\/briza-windbreaker-vest-femme\/","title":{"rendered":"Briza Windbreaker Vest femme"},"content":{"rendered":"<p>Le gilet Blizzard Windbreaker Vest pour femme est un gilet de course compact et respirant, d\u00e9velopp\u00e9 en collaboration avec nos meilleurs athl\u00e8tes. L\u00e9ger et protecteur, c&#8217;est un indispensable pour vos courses de courte, moyenne ou longue distance.<\/p>\n<h3>Caract\u00e9ristiques :<\/h3>\n<ul>\n<li>Imprim\u00e9s r\u00e9fl\u00e9chissants<\/li>\n<li>Fermeture \u00e9clair sur le devant<\/li>\n<li>Coupe-vent<\/li>\n<li>Hydrofuge<\/li>\n<li>Empi\u00e8cements en mesh dans le dos pour une meilleure respirabilit\u00e9<\/li>\n<li>Compactable<\/li>\n<\/ul>\n<p><img decoding=\"async\" class=\"img-responsive margin-bottom-sm\" src=\"https:\/\/www.lasportiva.com\/media\/techinfo_icons\/Breathability_75x75.png\" \/><\/p>\n<p><strong>Respirabilit\u00e9 :<\/strong><br \/>\nProduits hautement respirants pour un excellent confort climatique.<\/p>\n<p><img loading=\"lazy\" decoding=\"async\" class=\" lazyloaded\" src=\"https:\/\/www.lasportiva.com\/media\/techinfo_icons\/slim-fit.png\" alt=\"La Sportiva\" width=\"75\" height=\"75\" data-src=\"https:\/\/www.lasportiva.com\/media\/techinfo_icons\/slim-fit.png\" \/><\/p>\n<p><strong>Coupe ajust\u00e9e :<\/strong><br \/>\nCoupe tr\u00e8s ajust\u00e9e pour des performances maximales en comp\u00e9tition.<\/p>\n<p><img decoding=\"async\" class=\"img-responsive margin-bottom-sm\" src=\"https:\/\/www.lasportiva.com\/media\/techinfo_icons\/Lightweight_75x75.png\" \/><\/p>\n<p><strong>L\u00e9g\u00e8ret\u00e9 :<\/strong><br \/>\nProduits qui r\u00e9duisent le poids au minimum.<\/p>\n<p><img decoding=\"async\" class=\"img-responsive margin-bottom-sm\" src=\"https:\/\/www.lasportiva.com\/media\/techinfo_icons\/Wind-stop_75x75.png\" \/><\/p>\n<p><strong>Wind-stop :<\/strong><br \/>\nV\u00eatements fabriqu\u00e9s dans des mati\u00e8res coupe-vent.<\/p>\n<p><img decoding=\"async\" src=\"https:\/\/www.lasportiva.com\/media\/RECYCLEDfabric_Icone_75x75_1.png\" \/><\/p>\n<p>Fibres de polyester fabriqu\u00e9es \u00e0 partir de bouteilles en plastique recycl\u00e9es et selon des proc\u00e9d\u00e9s \u00e9cologiques.<br \/>\n\u2022 Les v\u00eatements fabriqu\u00e9s \u00e0 partir de tissus\u00a0<strong>RECYCLED FABRIC<\/strong>\u00a0contribuent \u00e0 r\u00e9duire l&#8217;impact environnemental<br \/>\n\u2022 Toutes les substances p\u00e9trochimiques ont \u00e9t\u00e9 remplac\u00e9es par du plastique recycl\u00e9 provenant de bouteilles<br \/>\n\u2022 Le processus de production des fibres recycl\u00e9es r\u00e9duit les \u00e9missions de CO2 dans l&#8217;atmosph\u00e8re d&#8217;environ 54 %\u2022 Durabilit\u00e9 et qualit\u00e9 garanties dans le temps<\/p>\n<p><b>Tissu : <\/b>WSL10 100 % polyamide recycl\u00e9 &gt; dos : MSL02 100 % polyester recycl\u00e9&gt; poche : MSL01 84 % polyester 16 % \u00e9lasthanne<br \/>\n<b>Poids : <\/b>62<br \/>\n<b>Coupe : <\/b>SLIM<\/p>\n<h3>D\u00e9tails :<\/h3>\n<p>+ d\u00e9tails r\u00e9fl\u00e9chissants<br \/>\n+ sublimation graphique inspir\u00e9e des comp\u00e9titions<br \/>\n+ poche arri\u00e8re en filet pour ranger le v\u00eatement<br \/>\n+ empi\u00e8cement arri\u00e8re en tissu perfor\u00e9 pour une meilleure respirabilit\u00e9<br \/>\n+ poche poitrine int\u00e9rieure<\/p>\n<p>&nbsp;<\/p>\n","protected":false},"excerpt":{"rendered":"<ul>\n<li>Imprim\u00e9s r\u00e9fl\u00e9chissants<\/li>\n<li>Fermeture \u00e9clair frontale<\/li>\n<li>Coupe-vent<\/li>\n<\/ul>\n","protected":false},"featured_media":240559,"template":"","meta":{"_acf_changed":false,"inline_featured_image":false},"product_brand":[],"product_cat":[22599,22596,22595],"product_tag":[23597,23601],"class_list":{"0":"post-285638","1":"product","2":"type-product","3":"status-publish","4":"has-post-thumbnail","6":"product_cat-vestes","7":"product_cat-vetements-pour-femmes","8":"product_cat-femme","9":"product_tag-la-sportiva-fr","10":"product_tag-la-sportiva-femme","11":"pa_attivita-marcher","12":"pa_attivita-outdoor-fr","13":"pa_attivita-trail-fr","14":"pa_colore-briza-windbreaker-vest-w-hibiscus-malibu-fr","15":"pa_marca-la-sportiva-fr","16":"pa_sesso-femme","17":"pa_size-small-fr","18":"pa_size-medium-fr","20":"first","21":"instock","22":"sale","23":"taxable","24":"shipping-taxable","25":"purchasable","26":"product-type-variable","27":"wvs-archive-product-wrapper"},"acf":[],"yoast_head":"<!-- This site is optimized with the Yoast SEO plugin v26.8 - https:\/\/yoast.com\/product\/yoast-seo-wordpress\/ -->\n<title>La SportivaBriza Windbreaker Vest femme - Gilet run - MioMioRun<\/title>\n<meta name=\"description\" content=\"Le Blizzard Windbreaker Vest pour femme est un gilet de course compact et respirant, d\u00e9velopp\u00e9 en collaboration avec nos meilleurs athl\u00e8tes.\" \/>\n<meta name=\"robots\" content=\"index, follow, max-snippet:-1, max-image-preview:large, max-video-preview:-1\" \/>\n<link rel=\"canonical\" href=\"https:\/\/www.miomiorun.com\/fr\/produit\/briza-windbreaker-vest-femme\/\" \/>\n<meta property=\"og:locale\" content=\"fr_FR\" \/>\n<meta property=\"og:type\" content=\"article\" \/>\n<meta property=\"og:title\" content=\"La SportivaBriza Windbreaker Vest femme - Gilet run - MioMioRun\" \/>\n<meta property=\"og:description\" content=\"Le Blizzard Windbreaker Vest pour femme est un gilet de course compact et respirant, d\u00e9velopp\u00e9 en collaboration avec nos meilleurs athl\u00e8tes.\" \/>\n<meta property=\"og:url\" content=\"https:\/\/www.miomiorun.com\/fr\/produit\/briza-windbreaker-vest-femme\/\" \/>\n<meta property=\"og:site_name\" content=\"MioMioRun\" \/>\n<meta property=\"article:publisher\" content=\"https:\/\/www.facebook.com\/miomiorun\/\" \/>\n<meta property=\"article:modified_time\" content=\"2025-09-15T15:39:07+00:00\" \/>\n<meta property=\"og:image\" content=\"https:\/\/www.miomiorun.com\/app\/uploads\/2023\/05\/la-sportiva-briza-windbreaker-vest-W-hibiscus-malibu-Q49402602.jpg\" \/>\n\t<meta property=\"og:image:width\" content=\"600\" \/>\n\t<meta property=\"og:image:height\" content=\"600\" \/>\n\t<meta property=\"og:image:type\" content=\"image\/jpeg\" \/>\n<meta name=\"twitter:card\" content=\"summary_large_image\" \/>\n<meta name=\"twitter:label1\" content=\"Est. reading time\" \/>\n\t<meta name=\"twitter:data1\" content=\"1 minute\" \/>\n<script type=\"application\/ld+json\" class=\"yoast-schema-graph\">{\"@context\":\"https:\/\/schema.org\",\"@graph\":[{\"@type\":\"WebPage\",\"@id\":\"https:\/\/www.miomiorun.com\/fr\/produit\/briza-windbreaker-vest-femme\/\",\"url\":\"https:\/\/www.miomiorun.com\/fr\/produit\/briza-windbreaker-vest-femme\/\",\"name\":\"La SportivaBriza Windbreaker Vest femme - Gilet run - MioMioRun\",\"isPartOf\":{\"@id\":\"https:\/\/www.miomiorun.com\/fr\/#website\"},\"primaryImageOfPage\":{\"@id\":\"https:\/\/www.miomiorun.com\/fr\/produit\/briza-windbreaker-vest-femme\/#primaryimage\"},\"image\":{\"@id\":\"https:\/\/www.miomiorun.com\/fr\/produit\/briza-windbreaker-vest-femme\/#primaryimage\"},\"thumbnailUrl\":\"https:\/\/www.miomiorun.com\/app\/uploads\/2023\/05\/la-sportiva-briza-windbreaker-vest-W-hibiscus-malibu-Q49402602.jpg\",\"datePublished\":\"2023-03-17T17:52:36+00:00\",\"dateModified\":\"2025-09-15T15:39:07+00:00\",\"description\":\"Le Blizzard Windbreaker Vest pour femme est un gilet de course compact et respirant, d\u00e9velopp\u00e9 en collaboration avec nos meilleurs athl\u00e8tes.\",\"breadcrumb\":{\"@id\":\"https:\/\/www.miomiorun.com\/fr\/produit\/briza-windbreaker-vest-femme\/#breadcrumb\"},\"inLanguage\":\"fr-FR\",\"potentialAction\":[{\"@type\":\"ReadAction\",\"target\":[\"https:\/\/www.miomiorun.com\/fr\/produit\/briza-windbreaker-vest-femme\/\"]}]},{\"@type\":\"ImageObject\",\"inLanguage\":\"fr-FR\",\"@id\":\"https:\/\/www.miomiorun.com\/fr\/produit\/briza-windbreaker-vest-femme\/#primaryimage\",\"url\":\"https:\/\/www.miomiorun.com\/app\/uploads\/2023\/05\/la-sportiva-briza-windbreaker-vest-W-hibiscus-malibu-Q49402602.jpg\",\"contentUrl\":\"https:\/\/www.miomiorun.com\/app\/uploads\/2023\/05\/la-sportiva-briza-windbreaker-vest-W-hibiscus-malibu-Q49402602.jpg\",\"width\":600,\"height\":600,\"caption\":\"la-sportiva-briza-windbreaker-vest-W-hibiscus-malibu-Q49402602\"},{\"@type\":\"BreadcrumbList\",\"@id\":\"https:\/\/www.miomiorun.com\/fr\/produit\/briza-windbreaker-vest-femme\/#breadcrumb\",\"itemListElement\":[{\"@type\":\"ListItem\",\"position\":1,\"name\":\"Home\",\"item\":\"https:\/\/www.miomiorun.com\/fr\/home-page\/\"},{\"@type\":\"ListItem\",\"position\":2,\"name\":\"Shop\",\"item\":\"https:\/\/www.miomiorun.com\/shop\/\"},{\"@type\":\"ListItem\",\"position\":3,\"name\":\"Briza Windbreaker Vest femme\"}]},{\"@type\":\"WebSite\",\"@id\":\"https:\/\/www.miomiorun.com\/fr\/#website\",\"url\":\"https:\/\/www.miomiorun.com\/fr\/\",\"name\":\"MioMioRun\",\"description\":\"Boutique 100% running et trail\",\"publisher\":{\"@id\":\"https:\/\/www.miomiorun.com\/fr\/#organization\"},\"potentialAction\":[{\"@type\":\"SearchAction\",\"target\":{\"@type\":\"EntryPoint\",\"urlTemplate\":\"https:\/\/www.miomiorun.com\/fr\/?s={search_term_string}\"},\"query-input\":{\"@type\":\"PropertyValueSpecification\",\"valueRequired\":true,\"valueName\":\"search_term_string\"}}],\"inLanguage\":\"fr-FR\"},{\"@type\":\"Organization\",\"@id\":\"https:\/\/www.miomiorun.com\/fr\/#organization\",\"name\":\"MioMio Run\",\"url\":\"https:\/\/www.miomiorun.com\/fr\/\",\"logo\":{\"@type\":\"ImageObject\",\"inLanguage\":\"fr-FR\",\"@id\":\"https:\/\/www.miomiorun.com\/fr\/#\/schema\/logo\/image\/\",\"url\":\"https:\/\/www.miomiorun.com\/app\/uploads\/2019\/12\/logomio.png\",\"contentUrl\":\"https:\/\/www.miomiorun.com\/app\/uploads\/2019\/12\/logomio.png\",\"width\":115,\"height\":82,\"caption\":\"MioMio Run\"},\"image\":{\"@id\":\"https:\/\/www.miomiorun.com\/fr\/#\/schema\/logo\/image\/\"},\"sameAs\":[\"https:\/\/www.facebook.com\/miomiorun\/\",\"https:\/\/www.instagram.com\/miomiorun\/\"]}]}<\/script>\n<!-- \/ Yoast SEO plugin. -->","yoast_head_json":{"title":"La SportivaBriza Windbreaker Vest femme - Gilet run - MioMioRun","description":"Le Blizzard Windbreaker Vest pour femme est un gilet de course compact et respirant, d\u00e9velopp\u00e9 en collaboration avec nos meilleurs athl\u00e8tes.","robots":{"index":"index","follow":"follow","max-snippet":"max-snippet:-1","max-image-preview":"max-image-preview:large","max-video-preview":"max-video-preview:-1"},"canonical":"https:\/\/www.miomiorun.com\/fr\/produit\/briza-windbreaker-vest-femme\/","og_locale":"fr_FR","og_type":"article","og_title":"La SportivaBriza Windbreaker Vest femme - Gilet run - MioMioRun","og_description":"Le Blizzard Windbreaker Vest pour femme est un gilet de course compact et respirant, d\u00e9velopp\u00e9 en collaboration avec nos meilleurs athl\u00e8tes.","og_url":"https:\/\/www.miomiorun.com\/fr\/produit\/briza-windbreaker-vest-femme\/","og_site_name":"MioMioRun","article_publisher":"https:\/\/www.facebook.com\/miomiorun\/","article_modified_time":"2025-09-15T15:39:07+00:00","og_image":[{"width":600,"height":600,"url":"https:\/\/www.miomiorun.com\/app\/uploads\/2023\/05\/la-sportiva-briza-windbreaker-vest-W-hibiscus-malibu-Q49402602.jpg","type":"image\/jpeg"}],"twitter_card":"summary_large_image","twitter_misc":{"Est. reading time":"1 minute"},"schema":{"@context":"https:\/\/schema.org","@graph":[{"@type":"WebPage","@id":"https:\/\/www.miomiorun.com\/fr\/produit\/briza-windbreaker-vest-femme\/","url":"https:\/\/www.miomiorun.com\/fr\/produit\/briza-windbreaker-vest-femme\/","name":"La SportivaBriza Windbreaker Vest femme - Gilet run - MioMioRun","isPartOf":{"@id":"https:\/\/www.miomiorun.com\/fr\/#website"},"primaryImageOfPage":{"@id":"https:\/\/www.miomiorun.com\/fr\/produit\/briza-windbreaker-vest-femme\/#primaryimage"},"image":{"@id":"https:\/\/www.miomiorun.com\/fr\/produit\/briza-windbreaker-vest-femme\/#primaryimage"},"thumbnailUrl":"https:\/\/www.miomiorun.com\/app\/uploads\/2023\/05\/la-sportiva-briza-windbreaker-vest-W-hibiscus-malibu-Q49402602.jpg","datePublished":"2023-03-17T17:52:36+00:00","dateModified":"2025-09-15T15:39:07+00:00","description":"Le Blizzard Windbreaker Vest pour femme est un gilet de course compact et respirant, d\u00e9velopp\u00e9 en collaboration avec nos meilleurs athl\u00e8tes.","breadcrumb":{"@id":"https:\/\/www.miomiorun.com\/fr\/produit\/briza-windbreaker-vest-femme\/#breadcrumb"},"inLanguage":"fr-FR","potentialAction":[{"@type":"ReadAction","target":["https:\/\/www.miomiorun.com\/fr\/produit\/briza-windbreaker-vest-femme\/"]}]},{"@type":"ImageObject","inLanguage":"fr-FR","@id":"https:\/\/www.miomiorun.com\/fr\/produit\/briza-windbreaker-vest-femme\/#primaryimage","url":"https:\/\/www.miomiorun.com\/app\/uploads\/2023\/05\/la-sportiva-briza-windbreaker-vest-W-hibiscus-malibu-Q49402602.jpg","contentUrl":"https:\/\/www.miomiorun.com\/app\/uploads\/2023\/05\/la-sportiva-briza-windbreaker-vest-W-hibiscus-malibu-Q49402602.jpg","width":600,"height":600,"caption":"la-sportiva-briza-windbreaker-vest-W-hibiscus-malibu-Q49402602"},{"@type":"BreadcrumbList","@id":"https:\/\/www.miomiorun.com\/fr\/produit\/briza-windbreaker-vest-femme\/#breadcrumb","itemListElement":[{"@type":"ListItem","position":1,"name":"Home","item":"https:\/\/www.miomiorun.com\/fr\/home-page\/"},{"@type":"ListItem","position":2,"name":"Shop","item":"https:\/\/www.miomiorun.com\/shop\/"},{"@type":"ListItem","position":3,"name":"Briza Windbreaker Vest femme"}]},{"@type":"WebSite","@id":"https:\/\/www.miomiorun.com\/fr\/#website","url":"https:\/\/www.miomiorun.com\/fr\/","name":"MioMioRun","description":"Boutique 100% running et trail","publisher":{"@id":"https:\/\/www.miomiorun.com\/fr\/#organization"},"potentialAction":[{"@type":"SearchAction","target":{"@type":"EntryPoint","urlTemplate":"https:\/\/www.miomiorun.com\/fr\/?s={search_term_string}"},"query-input":{"@type":"PropertyValueSpecification","valueRequired":true,"valueName":"search_term_string"}}],"inLanguage":"fr-FR"},{"@type":"Organization","@id":"https:\/\/www.miomiorun.com\/fr\/#organization","name":"MioMio Run","url":"https:\/\/www.miomiorun.com\/fr\/","logo":{"@type":"ImageObject","inLanguage":"fr-FR","@id":"https:\/\/www.miomiorun.com\/fr\/#\/schema\/logo\/image\/","url":"https:\/\/www.miomiorun.com\/app\/uploads\/2019\/12\/logomio.png","contentUrl":"https:\/\/www.miomiorun.com\/app\/uploads\/2019\/12\/logomio.png","width":115,"height":82,"caption":"MioMio Run"},"image":{"@id":"https:\/\/www.miomiorun.com\/fr\/#\/schema\/logo\/image\/"},"sameAs":["https:\/\/www.facebook.com\/miomiorun\/","https:\/\/www.instagram.com\/miomiorun\/"]}]}},"_links":{"self":[{"href":"https:\/\/www.miomiorun.com\/fr\/wp-json\/wp\/v2\/product\/285638","targetHints":{"allow":["GET"]}}],"collection":[{"href":"https:\/\/www.miomiorun.com\/fr\/wp-json\/wp\/v2\/product"}],"about":[{"href":"https:\/\/www.miomiorun.com\/fr\/wp-json\/wp\/v2\/types\/product"}],"wp:featuredmedia":[{"embeddable":true,"href":"https:\/\/www.miomiorun.com\/fr\/wp-json\/wp\/v2\/media\/240559"}],"wp:attachment":[{"href":"https:\/\/www.miomiorun.com\/fr\/wp-json\/wp\/v2\/media?parent=285638"}],"wp:term":[{"taxonomy":"product_brand","embeddable":true,"href":"https:\/\/www.miomiorun.com\/fr\/wp-json\/wp\/v2\/product_brand?post=285638"},{"taxonomy":"product_cat","embeddable":true,"href":"https:\/\/www.miomiorun.com\/fr\/wp-json\/wp\/v2\/product_cat?post=285638"},{"taxonomy":"product_tag","embeddable":true,"href":"https:\/\/www.miomiorun.com\/fr\/wp-json\/wp\/v2\/product_tag?post=285638"}],"curies":[{"name":"wp","href":"https:\/\/api.w.org\/{rel}","templated":true}]}}