{"id":285624,"date":"2023-03-23T13:07:32","date_gmt":"2023-03-23T12:07:32","guid":{"rendered":"https:\/\/miomiorun.com\/prodotto\/tracer-t-shirt-uomo\/"},"modified":"2025-09-15T17:59:15","modified_gmt":"2025-09-15T15:59:15","slug":"tracer-t-shirt-homme","status":"publish","type":"product","link":"https:\/\/www.miomiorun.com\/fr\/produit\/tracer-t-shirt-homme\/","title":{"rendered":"Tracer T-shirt homme"},"content":{"rendered":"<p>Les courses courtes et les s\u00e9ances d&#8217;entra\u00eenement rapides exigent confort et fonctionnalit\u00e9. Gr\u00e2ce \u00e0 la technologie innovante S-Caf\u00e9 int\u00e9gr\u00e9e dans ses fibres, le <strong>T-shirt Tracer<\/strong> pour homme r\u00e9gule naturellement les odeurs et la transpiration. Son design athl\u00e9tique suit vos mouvements et est rehauss\u00e9 de d\u00e9tails r\u00e9fl\u00e9chissants.<\/p>\n<h3>Informations techniques :<\/h3>\n<div class=\"data item content\" role=\"tabpanel\" aria-labelledby=\"tab-label-techinfo\" data-role=\"content\" aria-hidden=\"false\">\n<div class=\"techinfo-container\">\n<div class=\"techinfo-icons\">\n<div><img decoding=\"async\" src=\"https:\/\/www.lasportiva.com\/media\/RECYCLEDfabric_Icone_75x75_1.png\" \/><\/div>\n<div>\n<p>La Sportiva fabrique des produits pour la montagne depuis 1928 au pied des Dolomites : c&#8217;est pourquoi elle accorde une attention maximale \u00e0 chaque d\u00e9tail susceptible de faire la diff\u00e9rence, y compris par rapport \u00e0 l&#8217;environnement. Avec les logos\u00a0<strong>RECYCLED FABRIC &amp; INSULATIONS<\/strong>\u00a0, nous avons identifi\u00e9 des produits \u00e9cologiques qui, gr\u00e2ce \u00e0 des choix de production et de fabrication, utilisent des mat\u00e9riaux d\u00e9riv\u00e9s du recyclage du plastique et permettent ainsi au consommateur d&#8217;effectuer un achat conscient et respectueux de l&#8217;environnement.<\/p>\n<p><strong>RECYCLED FABRIC<\/strong><br \/>\nFibres de polyester fabriqu\u00e9es \u00e0 partir de bouteilles en plastique recycl\u00e9es et selon des proc\u00e9d\u00e9s \u00e9cologiques.<br \/>\n\u2022 Les v\u00eatements fabriqu\u00e9s avec des tissus\u00a0<strong>RECYCLED FABRIC<\/strong>\u00a0contribuent \u00e0 r\u00e9duire l&#8217;impact environnemental<br \/>\n\u2022 Toutes les substances p\u00e9trochimiques ont \u00e9t\u00e9 remplac\u00e9es par le recyclage de bouteilles en plastique<br \/>\n\u2022 Le processus de production des fibres recycl\u00e9es r\u00e9duit les \u00e9missions de CO2 dans l&#8217;atmosph\u00e8re d&#8217;environ 54 %\u2022 Durabilit\u00e9 et qualit\u00e9 garanties dans le temps<\/p>\n<\/div>\n<div><\/div>\n<div class=\"techinfo-icon\"><a><img decoding=\"async\" src=\"https:\/\/www.lasportiva.com\/media\/techinfo_icons\/leggerezza.png\" alt=\"La Sportiva\" \/><\/a><\/div>\n<div><strong>L\u00e9g\u00e8ret\u00e9 :<\/strong><br \/>\nDes produits qui maintiennent un poids minimal<\/div>\n<div><\/div>\n<div><img loading=\"lazy\" decoding=\"async\" class=\"\" src=\"https:\/\/www.lasportiva.com\/media\/techinfo_icons\/s\/c\/scaf__icona_125x75.png\" alt=\"La Sportiva\" width=\"80\" height=\"48\" \/><\/div>\n<div><\/div>\n<div>La technologie\u00a0<strong>S. Caf\u00e9\u00ae<\/strong>, gr\u00e2ce \u00e0 un processus industriel \u00e0 basse temp\u00e9rature, haute pression et \u00e0 faible consommation d&#8217;\u00e9nergie, combine les r\u00e9sidus de caf\u00e9 recycl\u00e9s \u00e0 la surface du fil, modifiant ainsi les caract\u00e9ristiques du filament. Gr\u00e2ce \u00e0 ce processus, le tissu acquiert de mani\u00e8re durable des propri\u00e9t\u00e9s telles que le contr\u00f4le des odeurs et le s\u00e9chage rapide.<\/div>\n<div><\/div>\n<\/div>\n<div class=\"techinfo-description\"><b>Tissu : <\/b>principal : KSM18 100 % polyester recycl\u00e9<br \/>\n<b>Poids : <\/b>108<br \/>\n<b>Coupe : <\/b>REGULAR<\/div>\n<div><\/div>\n<\/div>\n<h3>Caract\u00e9ristiques :<\/h3>\n<div>+ tissu anti-odeurs et \u00e0 s\u00e9chage rapide<br \/>\n+ d\u00e9tails r\u00e9fl\u00e9chissants sur les \u00e9paules<br \/>\n+ coutures r\u00e9alis\u00e9es avec la technologie flatlock anti-frottements<\/div>\n<\/div>\n","protected":false},"excerpt":{"rendered":"<p>+ tissu anti-odeurs et s\u00e9chage rapide<br \/>\n+ d\u00e9tails r\u00e9fl\u00e9chissants sur les \u00e9paules<br \/>\n+ coutures r\u00e9alis\u00e9es avec la technologie flatlock anti-frottements<\/p>\n","protected":false},"featured_media":255796,"template":"","meta":{"_acf_changed":false,"inline_featured_image":false},"product_brand":[],"product_cat":[24449,24482],"product_tag":[23597,23599],"class_list":{"0":"post-285624","1":"product","2":"type-product","3":"status-publish","4":"has-post-thumbnail","6":"product_cat-t-shirt-fr-3","7":"product_cat-vetements-pour-hommes-fr","8":"product_tag-la-sportiva-fr","9":"product_tag-la-sportiva-homme","10":"pa_attivita-marcher","11":"pa_attivita-outdoor-fr","12":"pa_attivita-trail-fr","13":"pa_colore-tracer-t-shirt-m-night-sky-savana-fr","14":"pa_colore-tracer-t-shirt-m-yellow-black-fr","15":"pa_marca-la-sportiva-fr","16":"pa_sesso-homme","17":"pa_size-small-fr","18":"pa_size-medium-fr","19":"pa_size-large-fr","21":"first","22":"instock","23":"sale","24":"taxable","25":"shipping-taxable","26":"purchasable","27":"product-type-variable","28":"wvs-archive-product-wrapper"},"acf":[],"yoast_head":"<!-- This site is optimized with the Yoast SEO plugin v26.8 - https:\/\/yoast.com\/product\/yoast-seo-wordpress\/ -->\n<title>La Sportiva Tracer T-shirt homme - t-shirts de course - MioMioRun<\/title>\n<meta name=\"description\" content=\"Les courses courtes et les s\u00e9ances d&#039;entra\u00eenement rapides exigent confort et fonctionnalit\u00e9. Gr\u00e2ce \u00e0 la technologie innovante S-Caf\u00e9 int\u00e9gr\u00e9e dans ses fibres\" \/>\n<meta name=\"robots\" content=\"index, follow, max-snippet:-1, max-image-preview:large, max-video-preview:-1\" \/>\n<link rel=\"canonical\" href=\"https:\/\/www.miomiorun.com\/fr\/produit\/tracer-t-shirt-homme\/\" \/>\n<meta property=\"og:locale\" content=\"fr_FR\" \/>\n<meta property=\"og:type\" content=\"article\" \/>\n<meta property=\"og:title\" content=\"La Sportiva Tracer T-shirt homme - t-shirts de course - MioMioRun\" \/>\n<meta property=\"og:description\" content=\"Les courses courtes et les s\u00e9ances d&#039;entra\u00eenement rapides exigent confort et fonctionnalit\u00e9. Gr\u00e2ce \u00e0 la technologie innovante S-Caf\u00e9 int\u00e9gr\u00e9e dans ses fibres\" \/>\n<meta property=\"og:url\" content=\"https:\/\/www.miomiorun.com\/fr\/produit\/tracer-t-shirt-homme\/\" \/>\n<meta property=\"og:site_name\" content=\"MioMioRun\" \/>\n<meta property=\"article:publisher\" content=\"https:\/\/www.facebook.com\/miomiorun\/\" \/>\n<meta property=\"article:modified_time\" content=\"2025-09-15T15:59:15+00:00\" \/>\n<meta property=\"og:image\" content=\"https:\/\/www.miomiorun.com\/app\/uploads\/2025\/02\/la-sportiva-Tracer-t-shirt-M-night-sky-savana-P71646732.webp\" \/>\n\t<meta property=\"og:image:width\" content=\"600\" \/>\n\t<meta property=\"og:image:height\" content=\"600\" \/>\n\t<meta property=\"og:image:type\" content=\"image\/webp\" \/>\n<meta name=\"twitter:card\" content=\"summary_large_image\" \/>\n<meta name=\"twitter:label1\" content=\"Est. reading time\" \/>\n\t<meta name=\"twitter:data1\" content=\"2 minutes\" \/>\n<script type=\"application\/ld+json\" class=\"yoast-schema-graph\">{\"@context\":\"https:\/\/schema.org\",\"@graph\":[{\"@type\":\"WebPage\",\"@id\":\"https:\/\/www.miomiorun.com\/fr\/produit\/tracer-t-shirt-homme\/\",\"url\":\"https:\/\/www.miomiorun.com\/fr\/produit\/tracer-t-shirt-homme\/\",\"name\":\"La Sportiva Tracer T-shirt homme - t-shirts de course - MioMioRun\",\"isPartOf\":{\"@id\":\"https:\/\/www.miomiorun.com\/fr\/#website\"},\"primaryImageOfPage\":{\"@id\":\"https:\/\/www.miomiorun.com\/fr\/produit\/tracer-t-shirt-homme\/#primaryimage\"},\"image\":{\"@id\":\"https:\/\/www.miomiorun.com\/fr\/produit\/tracer-t-shirt-homme\/#primaryimage\"},\"thumbnailUrl\":\"https:\/\/www.miomiorun.com\/app\/uploads\/2025\/02\/la-sportiva-Tracer-t-shirt-M-night-sky-savana-P71646732.webp\",\"datePublished\":\"2023-03-23T12:07:32+00:00\",\"dateModified\":\"2025-09-15T15:59:15+00:00\",\"description\":\"Les courses courtes et les s\u00e9ances d'entra\u00eenement rapides exigent confort et fonctionnalit\u00e9. Gr\u00e2ce \u00e0 la technologie innovante S-Caf\u00e9 int\u00e9gr\u00e9e dans ses fibres\",\"breadcrumb\":{\"@id\":\"https:\/\/www.miomiorun.com\/fr\/produit\/tracer-t-shirt-homme\/#breadcrumb\"},\"inLanguage\":\"fr-FR\",\"potentialAction\":[{\"@type\":\"ReadAction\",\"target\":[\"https:\/\/www.miomiorun.com\/fr\/produit\/tracer-t-shirt-homme\/\"]}]},{\"@type\":\"ImageObject\",\"inLanguage\":\"fr-FR\",\"@id\":\"https:\/\/www.miomiorun.com\/fr\/produit\/tracer-t-shirt-homme\/#primaryimage\",\"url\":\"https:\/\/www.miomiorun.com\/app\/uploads\/2025\/02\/la-sportiva-Tracer-t-shirt-M-night-sky-savana-P71646732.webp\",\"contentUrl\":\"https:\/\/www.miomiorun.com\/app\/uploads\/2025\/02\/la-sportiva-Tracer-t-shirt-M-night-sky-savana-P71646732.webp\",\"width\":600,\"height\":600,\"caption\":\"la sportiva Tracer t-shirt M night sky savana P71646732\"},{\"@type\":\"BreadcrumbList\",\"@id\":\"https:\/\/www.miomiorun.com\/fr\/produit\/tracer-t-shirt-homme\/#breadcrumb\",\"itemListElement\":[{\"@type\":\"ListItem\",\"position\":1,\"name\":\"Home\",\"item\":\"https:\/\/www.miomiorun.com\/fr\/home-page\/\"},{\"@type\":\"ListItem\",\"position\":2,\"name\":\"Shop\",\"item\":\"https:\/\/www.miomiorun.com\/shop\/\"},{\"@type\":\"ListItem\",\"position\":3,\"name\":\"Tracer T-shirt homme\"}]},{\"@type\":\"WebSite\",\"@id\":\"https:\/\/www.miomiorun.com\/fr\/#website\",\"url\":\"https:\/\/www.miomiorun.com\/fr\/\",\"name\":\"MioMioRun\",\"description\":\"Boutique 100% running et trail\",\"publisher\":{\"@id\":\"https:\/\/www.miomiorun.com\/fr\/#organization\"},\"potentialAction\":[{\"@type\":\"SearchAction\",\"target\":{\"@type\":\"EntryPoint\",\"urlTemplate\":\"https:\/\/www.miomiorun.com\/fr\/?s={search_term_string}\"},\"query-input\":{\"@type\":\"PropertyValueSpecification\",\"valueRequired\":true,\"valueName\":\"search_term_string\"}}],\"inLanguage\":\"fr-FR\"},{\"@type\":\"Organization\",\"@id\":\"https:\/\/www.miomiorun.com\/fr\/#organization\",\"name\":\"MioMio Run\",\"url\":\"https:\/\/www.miomiorun.com\/fr\/\",\"logo\":{\"@type\":\"ImageObject\",\"inLanguage\":\"fr-FR\",\"@id\":\"https:\/\/www.miomiorun.com\/fr\/#\/schema\/logo\/image\/\",\"url\":\"https:\/\/www.miomiorun.com\/app\/uploads\/2019\/12\/logomio.png\",\"contentUrl\":\"https:\/\/www.miomiorun.com\/app\/uploads\/2019\/12\/logomio.png\",\"width\":115,\"height\":82,\"caption\":\"MioMio Run\"},\"image\":{\"@id\":\"https:\/\/www.miomiorun.com\/fr\/#\/schema\/logo\/image\/\"},\"sameAs\":[\"https:\/\/www.facebook.com\/miomiorun\/\",\"https:\/\/www.instagram.com\/miomiorun\/\"]}]}<\/script>\n<!-- \/ Yoast SEO plugin. -->","yoast_head_json":{"title":"La Sportiva Tracer T-shirt homme - t-shirts de course - MioMioRun","description":"Les courses courtes et les s\u00e9ances d'entra\u00eenement rapides exigent confort et fonctionnalit\u00e9. Gr\u00e2ce \u00e0 la technologie innovante S-Caf\u00e9 int\u00e9gr\u00e9e dans ses fibres","robots":{"index":"index","follow":"follow","max-snippet":"max-snippet:-1","max-image-preview":"max-image-preview:large","max-video-preview":"max-video-preview:-1"},"canonical":"https:\/\/www.miomiorun.com\/fr\/produit\/tracer-t-shirt-homme\/","og_locale":"fr_FR","og_type":"article","og_title":"La Sportiva Tracer T-shirt homme - t-shirts de course - MioMioRun","og_description":"Les courses courtes et les s\u00e9ances d'entra\u00eenement rapides exigent confort et fonctionnalit\u00e9. Gr\u00e2ce \u00e0 la technologie innovante S-Caf\u00e9 int\u00e9gr\u00e9e dans ses fibres","og_url":"https:\/\/www.miomiorun.com\/fr\/produit\/tracer-t-shirt-homme\/","og_site_name":"MioMioRun","article_publisher":"https:\/\/www.facebook.com\/miomiorun\/","article_modified_time":"2025-09-15T15:59:15+00:00","og_image":[{"width":600,"height":600,"url":"https:\/\/www.miomiorun.com\/app\/uploads\/2025\/02\/la-sportiva-Tracer-t-shirt-M-night-sky-savana-P71646732.webp","type":"image\/webp"}],"twitter_card":"summary_large_image","twitter_misc":{"Est. reading time":"2 minutes"},"schema":{"@context":"https:\/\/schema.org","@graph":[{"@type":"WebPage","@id":"https:\/\/www.miomiorun.com\/fr\/produit\/tracer-t-shirt-homme\/","url":"https:\/\/www.miomiorun.com\/fr\/produit\/tracer-t-shirt-homme\/","name":"La Sportiva Tracer T-shirt homme - t-shirts de course - MioMioRun","isPartOf":{"@id":"https:\/\/www.miomiorun.com\/fr\/#website"},"primaryImageOfPage":{"@id":"https:\/\/www.miomiorun.com\/fr\/produit\/tracer-t-shirt-homme\/#primaryimage"},"image":{"@id":"https:\/\/www.miomiorun.com\/fr\/produit\/tracer-t-shirt-homme\/#primaryimage"},"thumbnailUrl":"https:\/\/www.miomiorun.com\/app\/uploads\/2025\/02\/la-sportiva-Tracer-t-shirt-M-night-sky-savana-P71646732.webp","datePublished":"2023-03-23T12:07:32+00:00","dateModified":"2025-09-15T15:59:15+00:00","description":"Les courses courtes et les s\u00e9ances d'entra\u00eenement rapides exigent confort et fonctionnalit\u00e9. Gr\u00e2ce \u00e0 la technologie innovante S-Caf\u00e9 int\u00e9gr\u00e9e dans ses fibres","breadcrumb":{"@id":"https:\/\/www.miomiorun.com\/fr\/produit\/tracer-t-shirt-homme\/#breadcrumb"},"inLanguage":"fr-FR","potentialAction":[{"@type":"ReadAction","target":["https:\/\/www.miomiorun.com\/fr\/produit\/tracer-t-shirt-homme\/"]}]},{"@type":"ImageObject","inLanguage":"fr-FR","@id":"https:\/\/www.miomiorun.com\/fr\/produit\/tracer-t-shirt-homme\/#primaryimage","url":"https:\/\/www.miomiorun.com\/app\/uploads\/2025\/02\/la-sportiva-Tracer-t-shirt-M-night-sky-savana-P71646732.webp","contentUrl":"https:\/\/www.miomiorun.com\/app\/uploads\/2025\/02\/la-sportiva-Tracer-t-shirt-M-night-sky-savana-P71646732.webp","width":600,"height":600,"caption":"la sportiva Tracer t-shirt M night sky savana P71646732"},{"@type":"BreadcrumbList","@id":"https:\/\/www.miomiorun.com\/fr\/produit\/tracer-t-shirt-homme\/#breadcrumb","itemListElement":[{"@type":"ListItem","position":1,"name":"Home","item":"https:\/\/www.miomiorun.com\/fr\/home-page\/"},{"@type":"ListItem","position":2,"name":"Shop","item":"https:\/\/www.miomiorun.com\/shop\/"},{"@type":"ListItem","position":3,"name":"Tracer T-shirt homme"}]},{"@type":"WebSite","@id":"https:\/\/www.miomiorun.com\/fr\/#website","url":"https:\/\/www.miomiorun.com\/fr\/","name":"MioMioRun","description":"Boutique 100% running et trail","publisher":{"@id":"https:\/\/www.miomiorun.com\/fr\/#organization"},"potentialAction":[{"@type":"SearchAction","target":{"@type":"EntryPoint","urlTemplate":"https:\/\/www.miomiorun.com\/fr\/?s={search_term_string}"},"query-input":{"@type":"PropertyValueSpecification","valueRequired":true,"valueName":"search_term_string"}}],"inLanguage":"fr-FR"},{"@type":"Organization","@id":"https:\/\/www.miomiorun.com\/fr\/#organization","name":"MioMio Run","url":"https:\/\/www.miomiorun.com\/fr\/","logo":{"@type":"ImageObject","inLanguage":"fr-FR","@id":"https:\/\/www.miomiorun.com\/fr\/#\/schema\/logo\/image\/","url":"https:\/\/www.miomiorun.com\/app\/uploads\/2019\/12\/logomio.png","contentUrl":"https:\/\/www.miomiorun.com\/app\/uploads\/2019\/12\/logomio.png","width":115,"height":82,"caption":"MioMio Run"},"image":{"@id":"https:\/\/www.miomiorun.com\/fr\/#\/schema\/logo\/image\/"},"sameAs":["https:\/\/www.facebook.com\/miomiorun\/","https:\/\/www.instagram.com\/miomiorun\/"]}]}},"_links":{"self":[{"href":"https:\/\/www.miomiorun.com\/fr\/wp-json\/wp\/v2\/product\/285624","targetHints":{"allow":["GET"]}}],"collection":[{"href":"https:\/\/www.miomiorun.com\/fr\/wp-json\/wp\/v2\/product"}],"about":[{"href":"https:\/\/www.miomiorun.com\/fr\/wp-json\/wp\/v2\/types\/product"}],"wp:featuredmedia":[{"embeddable":true,"href":"https:\/\/www.miomiorun.com\/fr\/wp-json\/wp\/v2\/media\/255796"}],"wp:attachment":[{"href":"https:\/\/www.miomiorun.com\/fr\/wp-json\/wp\/v2\/media?parent=285624"}],"wp:term":[{"taxonomy":"product_brand","embeddable":true,"href":"https:\/\/www.miomiorun.com\/fr\/wp-json\/wp\/v2\/product_brand?post=285624"},{"taxonomy":"product_cat","embeddable":true,"href":"https:\/\/www.miomiorun.com\/fr\/wp-json\/wp\/v2\/product_cat?post=285624"},{"taxonomy":"product_tag","embeddable":true,"href":"https:\/\/www.miomiorun.com\/fr\/wp-json\/wp\/v2\/product_tag?post=285624"}],"curies":[{"name":"wp","href":"https:\/\/api.w.org\/{rel}","templated":true}]}}