{"id":285611,"date":"2023-03-23T13:18:48","date_gmt":"2023-03-23T12:18:48","guid":{"rendered":"https:\/\/miomiorun.com\/prodotto\/pocketshell-jkt-donna\/"},"modified":"2025-07-12T10:39:30","modified_gmt":"2025-07-12T08:39:30","slug":"pocketshell-jkt-femme","status":"publish","type":"product","link":"https:\/\/www.miomiorun.com\/fr\/produit\/pocketshell-jkt-femme\/","title":{"rendered":"Pocketshell Jkt femme"},"content":{"rendered":"<p>Une protection l\u00e9g\u00e8re par tous les temps pour continuer \u00e0 courir m\u00eame sous la pluie et dans le vent. D\u00e9velopp\u00e9e pour l&#8217;ultra trail running, la veste <strong>Pocketshell<\/strong> pour femme est pliable, r\u00e9sistante \u00e0 l&#8217;eau et dot\u00e9e d&#8217;une capuche r\u00e9glable pr\u00e9form\u00e9e qui suit parfaitement vos mouvements.<\/p>\n<h2>Informations techniques :<\/h2>\n<p><img decoding=\"async\" src=\"https:\/\/www.lasportiva.com\/media\/idrorepellenza.png\" \/><\/p>\n<p><strong>R\u00e9sistance \u00e0 l&#8217;eau :<\/strong><br \/>\nPour une utilisation en cas de forte pluie, de vent ou de neige.<\/p>\n<p><img decoding=\"async\" class=\"img-responsive margin-bottom-sm\" src=\"https:\/\/www.lasportiva.com\/media\/techinfo_icons\/Breathability_75x75.png\" \/><\/p>\n<p><strong>Respirabilit\u00e9<\/strong>:<br \/>\nProduits hautement respirants pour un confort climatique optimal.<\/p>\n<p>&nbsp;<\/p>\n<p><img decoding=\"async\" class=\"img-responsive margin-bottom-sm\" src=\"https:\/\/www.lasportiva.com\/media\/techinfo_icons\/Wind-stop_75x75.png\" \/><\/p>\n<p><strong>Wind-stop :<\/strong><br \/>\nV\u00eatements en mat\u00e9riaux coupe-vent<\/p>\n<p>&nbsp;<\/p>\n<p><img decoding=\"async\" src=\"https:\/\/www.lasportiva.com\/media\/RECYCLEDfabric_insulation_Icone_75x75_2.png\" alt=\"\" \/><\/p>\n<p>La Sportiva fabrique des produits pour la montagne depuis 1928 au pied des Dolomites : c&#8217;est pour cette raison que l&#8217;attention port\u00e9e \u00e0 chaque d\u00e9tail qui peut faire la diff\u00e9rence, m\u00eame pour l&#8217;environnement, est maximale. Avec les logos <strong>RECYCLED FABRIC &amp; INSULATIONS<\/strong>, nous avons identifi\u00e9 des produits respectueux de l&#8217;environnement qui, gr\u00e2ce \u00e0 des choix de production et de construction, utilisent des mat\u00e9riaux d\u00e9riv\u00e9s de la r\u00e9utilisation du plastique, permettant ainsi au consommateur de faire un achat respectueux de l&#8217;environnement.<\/p>\n<p><strong>RECYCLED<\/strong> FABRIC<br \/>\nFibres de polyester fabriqu\u00e9es \u00e0 partir de bouteilles en plastique recycl\u00e9es et de proc\u00e9d\u00e9s respectueux de l&#8217;environnement.<br \/>\n&#8211; Les v\u00eatements fabriqu\u00e9s avec des tissus <strong>RECYCLED FABRIC<\/strong> contribuent \u00e0 r\u00e9duire l&#8217;impact sur l&#8217;environnement<br \/>\n&#8211; Tous les produits p\u00e9trochimiques ont \u00e9t\u00e9 remplac\u00e9s par des bouteilles en plastique recycl\u00e9es<br \/>\n&#8211; Le processus de production des fibres recycl\u00e9es r\u00e9duit les \u00e9missions de CO2 dans l&#8217;atmosph\u00e8re d&#8217;environ 54 %- Durabilit\u00e9 et qualit\u00e9 garanties dans le temps.<\/p>\n<div class=\"item-block collapsible-plus active\" role=\"tablist\" data-collapsible=\"true\">\n<h3 class=\"data item content\" role=\"tabpanel\" aria-labelledby=\"tab-label-plus\" data-role=\"content\" aria-hidden=\"false\">Caract\u00e9ristiques :<\/h3>\n<p>+ conforme aux directives de course<br \/>\n+ Traitement PFC0 DWR<br \/>\n+ D\u00e9tails r\u00e9fl\u00e9chissants<br \/>\n+ Ventilation sous les bras<br \/>\n+ Poignets et ceinture \u00e9lastiques<br \/>\n+ Tissu r\u00e9sistant \u00e0 l&#8217;eau 2.5L 20 000 mm de colonne d&#8217;eau et 15 000 g\/m2\/24H de respirabilit\u00e9<br \/>\n+ Capuche pr\u00e9form\u00e9e \u00e9lastiqu\u00e9e pour une protection maximale<\/p>\n<\/div>\n<p>&nbsp;<\/p>\n<div class=\"item-block collapsible-plus active\" role=\"tablist\" data-collapsible=\"true\">\n<div role=\"tabpanel\" aria-labelledby=\"tab-label-plus\" data-role=\"content\" aria-hidden=\"false\"><b>Tissu : <\/b>principal : HDL09 face : 100% Polyamide recycl\u00e9membrane : 100% Polyester recycl\u00e9 + impression argent<br \/>\n<b>Poids : <\/b>194<br \/>\n<b>Coupe : <\/b>REGULAR<\/div>\n<\/div>\n","protected":false},"excerpt":{"rendered":"<ul>\n<li>Conforme aux directives de course<\/li>\n<li>Traitement DWR PFC0<\/li>\n<li>D\u00e9tails r\u00e9fl\u00e9chissants<\/li>\n<li>A\u00e9ration sous les bras<\/li>\n<\/ul>\n","protected":false},"featured_media":240563,"template":"","meta":{"_acf_changed":false,"inline_featured_image":false},"product_brand":[],"product_cat":[22599,22596,22595],"product_tag":[23597,23601],"class_list":{"0":"post-285611","1":"product","2":"type-product","3":"status-publish","4":"has-post-thumbnail","6":"product_cat-vestes","7":"product_cat-vetements-pour-femmes","8":"product_cat-femme","9":"product_tag-la-sportiva-fr","10":"product_tag-la-sportiva-femme","11":"pa_attivita-marcher","12":"pa_attivita-outdoor-fr","13":"pa_attivita-trail-fr","14":"pa_colore-pocketshell-jkt-w-azalea-night-sky","15":"pa_colore-pocketshell-jkt-w-lagoon-fr","16":"pa_colore-pocketshell-jkt-w-limestone-night-sky","17":"pa_colore-pocketshell-jkt-w-moonlight-deep-sea-fr","18":"pa_marca-la-sportiva-fr","19":"pa_sesso-femme","20":"pa_size-extra-small-fr","21":"pa_size-small-fr","22":"pa_size-medium-fr","23":"pa_size-large-fr","25":"first","26":"instock","27":"sale","28":"taxable","29":"shipping-taxable","30":"purchasable","31":"product-type-variable","32":"wvs-archive-product-wrapper"},"acf":[],"yoast_head":"<!-- This site is optimized with the Yoast SEO plugin v26.8 - https:\/\/yoast.com\/product\/yoast-seo-wordpress\/ -->\n<title>La SportivaPocketshell Jkt femme - Veste de course - MioMioRun<\/title>\n<meta name=\"description\" content=\"Protection l\u00e9g\u00e8re contre les intemp\u00e9ries pour continuer \u00e0 courir m\u00eame sous la pluie et dans le vent. D\u00e9velopp\u00e9e pour l&#039;ultra trail running\" \/>\n<meta name=\"robots\" content=\"index, follow, max-snippet:-1, max-image-preview:large, max-video-preview:-1\" \/>\n<link rel=\"canonical\" href=\"https:\/\/www.miomiorun.com\/fr\/produit\/pocketshell-jkt-femme\/\" \/>\n<meta property=\"og:locale\" content=\"fr_FR\" \/>\n<meta property=\"og:type\" content=\"article\" \/>\n<meta property=\"og:title\" content=\"La SportivaPocketshell Jkt femme - Veste de course - MioMioRun\" \/>\n<meta property=\"og:description\" content=\"Protection l\u00e9g\u00e8re contre les intemp\u00e9ries pour continuer \u00e0 courir m\u00eame sous la pluie et dans le vent. D\u00e9velopp\u00e9e pour l&#039;ultra trail running\" \/>\n<meta property=\"og:url\" content=\"https:\/\/www.miomiorun.com\/fr\/produit\/pocketshell-jkt-femme\/\" \/>\n<meta property=\"og:site_name\" content=\"MioMioRun\" \/>\n<meta property=\"article:publisher\" content=\"https:\/\/www.facebook.com\/miomiorun\/\" \/>\n<meta property=\"article:modified_time\" content=\"2025-07-12T08:39:30+00:00\" \/>\n<meta property=\"og:image\" content=\"https:\/\/www.miomiorun.com\/app\/uploads\/2023\/05\/la-sportiva-pocketshell-jkt-W-black-hibiscus-Q57999402.jpg\" \/>\n\t<meta property=\"og:image:width\" content=\"600\" \/>\n\t<meta property=\"og:image:height\" content=\"600\" \/>\n\t<meta property=\"og:image:type\" content=\"image\/jpeg\" \/>\n<meta name=\"twitter:card\" content=\"summary_large_image\" \/>\n<meta name=\"twitter:label1\" content=\"Est. reading time\" \/>\n\t<meta name=\"twitter:data1\" content=\"2 minutes\" \/>\n<script type=\"application\/ld+json\" class=\"yoast-schema-graph\">{\"@context\":\"https:\/\/schema.org\",\"@graph\":[{\"@type\":\"WebPage\",\"@id\":\"https:\/\/www.miomiorun.com\/fr\/produit\/pocketshell-jkt-femme\/\",\"url\":\"https:\/\/www.miomiorun.com\/fr\/produit\/pocketshell-jkt-femme\/\",\"name\":\"La SportivaPocketshell Jkt femme - Veste de course - MioMioRun\",\"isPartOf\":{\"@id\":\"https:\/\/www.miomiorun.com\/fr\/#website\"},\"primaryImageOfPage\":{\"@id\":\"https:\/\/www.miomiorun.com\/fr\/produit\/pocketshell-jkt-femme\/#primaryimage\"},\"image\":{\"@id\":\"https:\/\/www.miomiorun.com\/fr\/produit\/pocketshell-jkt-femme\/#primaryimage\"},\"thumbnailUrl\":\"https:\/\/www.miomiorun.com\/app\/uploads\/2023\/05\/la-sportiva-pocketshell-jkt-W-black-hibiscus-Q57999402.jpg\",\"datePublished\":\"2023-03-23T12:18:48+00:00\",\"dateModified\":\"2025-07-12T08:39:30+00:00\",\"description\":\"Protection l\u00e9g\u00e8re contre les intemp\u00e9ries pour continuer \u00e0 courir m\u00eame sous la pluie et dans le vent. D\u00e9velopp\u00e9e pour l'ultra trail running\",\"breadcrumb\":{\"@id\":\"https:\/\/www.miomiorun.com\/fr\/produit\/pocketshell-jkt-femme\/#breadcrumb\"},\"inLanguage\":\"fr-FR\",\"potentialAction\":[{\"@type\":\"ReadAction\",\"target\":[\"https:\/\/www.miomiorun.com\/fr\/produit\/pocketshell-jkt-femme\/\"]}]},{\"@type\":\"ImageObject\",\"inLanguage\":\"fr-FR\",\"@id\":\"https:\/\/www.miomiorun.com\/fr\/produit\/pocketshell-jkt-femme\/#primaryimage\",\"url\":\"https:\/\/www.miomiorun.com\/app\/uploads\/2023\/05\/la-sportiva-pocketshell-jkt-W-black-hibiscus-Q57999402.jpg\",\"contentUrl\":\"https:\/\/www.miomiorun.com\/app\/uploads\/2023\/05\/la-sportiva-pocketshell-jkt-W-black-hibiscus-Q57999402.jpg\",\"width\":600,\"height\":600,\"caption\":\"la-sportiva-pocketshell-jkt-W-black-hibiscus-Q57999402\"},{\"@type\":\"BreadcrumbList\",\"@id\":\"https:\/\/www.miomiorun.com\/fr\/produit\/pocketshell-jkt-femme\/#breadcrumb\",\"itemListElement\":[{\"@type\":\"ListItem\",\"position\":1,\"name\":\"Home\",\"item\":\"https:\/\/www.miomiorun.com\/fr\/home-page\/\"},{\"@type\":\"ListItem\",\"position\":2,\"name\":\"Shop\",\"item\":\"https:\/\/www.miomiorun.com\/shop\/\"},{\"@type\":\"ListItem\",\"position\":3,\"name\":\"Pocketshell Jkt femme\"}]},{\"@type\":\"WebSite\",\"@id\":\"https:\/\/www.miomiorun.com\/fr\/#website\",\"url\":\"https:\/\/www.miomiorun.com\/fr\/\",\"name\":\"MioMioRun\",\"description\":\"Boutique 100% running et trail\",\"publisher\":{\"@id\":\"https:\/\/www.miomiorun.com\/fr\/#organization\"},\"potentialAction\":[{\"@type\":\"SearchAction\",\"target\":{\"@type\":\"EntryPoint\",\"urlTemplate\":\"https:\/\/www.miomiorun.com\/fr\/?s={search_term_string}\"},\"query-input\":{\"@type\":\"PropertyValueSpecification\",\"valueRequired\":true,\"valueName\":\"search_term_string\"}}],\"inLanguage\":\"fr-FR\"},{\"@type\":\"Organization\",\"@id\":\"https:\/\/www.miomiorun.com\/fr\/#organization\",\"name\":\"MioMio Run\",\"url\":\"https:\/\/www.miomiorun.com\/fr\/\",\"logo\":{\"@type\":\"ImageObject\",\"inLanguage\":\"fr-FR\",\"@id\":\"https:\/\/www.miomiorun.com\/fr\/#\/schema\/logo\/image\/\",\"url\":\"https:\/\/www.miomiorun.com\/app\/uploads\/2019\/12\/logomio.png\",\"contentUrl\":\"https:\/\/www.miomiorun.com\/app\/uploads\/2019\/12\/logomio.png\",\"width\":115,\"height\":82,\"caption\":\"MioMio Run\"},\"image\":{\"@id\":\"https:\/\/www.miomiorun.com\/fr\/#\/schema\/logo\/image\/\"},\"sameAs\":[\"https:\/\/www.facebook.com\/miomiorun\/\",\"https:\/\/www.instagram.com\/miomiorun\/\"]}]}<\/script>\n<!-- \/ Yoast SEO plugin. -->","yoast_head_json":{"title":"La SportivaPocketshell Jkt femme - Veste de course - MioMioRun","description":"Protection l\u00e9g\u00e8re contre les intemp\u00e9ries pour continuer \u00e0 courir m\u00eame sous la pluie et dans le vent. D\u00e9velopp\u00e9e pour l'ultra trail running","robots":{"index":"index","follow":"follow","max-snippet":"max-snippet:-1","max-image-preview":"max-image-preview:large","max-video-preview":"max-video-preview:-1"},"canonical":"https:\/\/www.miomiorun.com\/fr\/produit\/pocketshell-jkt-femme\/","og_locale":"fr_FR","og_type":"article","og_title":"La SportivaPocketshell Jkt femme - Veste de course - MioMioRun","og_description":"Protection l\u00e9g\u00e8re contre les intemp\u00e9ries pour continuer \u00e0 courir m\u00eame sous la pluie et dans le vent. D\u00e9velopp\u00e9e pour l'ultra trail running","og_url":"https:\/\/www.miomiorun.com\/fr\/produit\/pocketshell-jkt-femme\/","og_site_name":"MioMioRun","article_publisher":"https:\/\/www.facebook.com\/miomiorun\/","article_modified_time":"2025-07-12T08:39:30+00:00","og_image":[{"width":600,"height":600,"url":"https:\/\/www.miomiorun.com\/app\/uploads\/2023\/05\/la-sportiva-pocketshell-jkt-W-black-hibiscus-Q57999402.jpg","type":"image\/jpeg"}],"twitter_card":"summary_large_image","twitter_misc":{"Est. reading time":"2 minutes"},"schema":{"@context":"https:\/\/schema.org","@graph":[{"@type":"WebPage","@id":"https:\/\/www.miomiorun.com\/fr\/produit\/pocketshell-jkt-femme\/","url":"https:\/\/www.miomiorun.com\/fr\/produit\/pocketshell-jkt-femme\/","name":"La SportivaPocketshell Jkt femme - Veste de course - MioMioRun","isPartOf":{"@id":"https:\/\/www.miomiorun.com\/fr\/#website"},"primaryImageOfPage":{"@id":"https:\/\/www.miomiorun.com\/fr\/produit\/pocketshell-jkt-femme\/#primaryimage"},"image":{"@id":"https:\/\/www.miomiorun.com\/fr\/produit\/pocketshell-jkt-femme\/#primaryimage"},"thumbnailUrl":"https:\/\/www.miomiorun.com\/app\/uploads\/2023\/05\/la-sportiva-pocketshell-jkt-W-black-hibiscus-Q57999402.jpg","datePublished":"2023-03-23T12:18:48+00:00","dateModified":"2025-07-12T08:39:30+00:00","description":"Protection l\u00e9g\u00e8re contre les intemp\u00e9ries pour continuer \u00e0 courir m\u00eame sous la pluie et dans le vent. D\u00e9velopp\u00e9e pour l'ultra trail running","breadcrumb":{"@id":"https:\/\/www.miomiorun.com\/fr\/produit\/pocketshell-jkt-femme\/#breadcrumb"},"inLanguage":"fr-FR","potentialAction":[{"@type":"ReadAction","target":["https:\/\/www.miomiorun.com\/fr\/produit\/pocketshell-jkt-femme\/"]}]},{"@type":"ImageObject","inLanguage":"fr-FR","@id":"https:\/\/www.miomiorun.com\/fr\/produit\/pocketshell-jkt-femme\/#primaryimage","url":"https:\/\/www.miomiorun.com\/app\/uploads\/2023\/05\/la-sportiva-pocketshell-jkt-W-black-hibiscus-Q57999402.jpg","contentUrl":"https:\/\/www.miomiorun.com\/app\/uploads\/2023\/05\/la-sportiva-pocketshell-jkt-W-black-hibiscus-Q57999402.jpg","width":600,"height":600,"caption":"la-sportiva-pocketshell-jkt-W-black-hibiscus-Q57999402"},{"@type":"BreadcrumbList","@id":"https:\/\/www.miomiorun.com\/fr\/produit\/pocketshell-jkt-femme\/#breadcrumb","itemListElement":[{"@type":"ListItem","position":1,"name":"Home","item":"https:\/\/www.miomiorun.com\/fr\/home-page\/"},{"@type":"ListItem","position":2,"name":"Shop","item":"https:\/\/www.miomiorun.com\/shop\/"},{"@type":"ListItem","position":3,"name":"Pocketshell Jkt femme"}]},{"@type":"WebSite","@id":"https:\/\/www.miomiorun.com\/fr\/#website","url":"https:\/\/www.miomiorun.com\/fr\/","name":"MioMioRun","description":"Boutique 100% running et trail","publisher":{"@id":"https:\/\/www.miomiorun.com\/fr\/#organization"},"potentialAction":[{"@type":"SearchAction","target":{"@type":"EntryPoint","urlTemplate":"https:\/\/www.miomiorun.com\/fr\/?s={search_term_string}"},"query-input":{"@type":"PropertyValueSpecification","valueRequired":true,"valueName":"search_term_string"}}],"inLanguage":"fr-FR"},{"@type":"Organization","@id":"https:\/\/www.miomiorun.com\/fr\/#organization","name":"MioMio Run","url":"https:\/\/www.miomiorun.com\/fr\/","logo":{"@type":"ImageObject","inLanguage":"fr-FR","@id":"https:\/\/www.miomiorun.com\/fr\/#\/schema\/logo\/image\/","url":"https:\/\/www.miomiorun.com\/app\/uploads\/2019\/12\/logomio.png","contentUrl":"https:\/\/www.miomiorun.com\/app\/uploads\/2019\/12\/logomio.png","width":115,"height":82,"caption":"MioMio Run"},"image":{"@id":"https:\/\/www.miomiorun.com\/fr\/#\/schema\/logo\/image\/"},"sameAs":["https:\/\/www.facebook.com\/miomiorun\/","https:\/\/www.instagram.com\/miomiorun\/"]}]}},"_links":{"self":[{"href":"https:\/\/www.miomiorun.com\/fr\/wp-json\/wp\/v2\/product\/285611","targetHints":{"allow":["GET"]}}],"collection":[{"href":"https:\/\/www.miomiorun.com\/fr\/wp-json\/wp\/v2\/product"}],"about":[{"href":"https:\/\/www.miomiorun.com\/fr\/wp-json\/wp\/v2\/types\/product"}],"wp:featuredmedia":[{"embeddable":true,"href":"https:\/\/www.miomiorun.com\/fr\/wp-json\/wp\/v2\/media\/240563"}],"wp:attachment":[{"href":"https:\/\/www.miomiorun.com\/fr\/wp-json\/wp\/v2\/media?parent=285611"}],"wp:term":[{"taxonomy":"product_brand","embeddable":true,"href":"https:\/\/www.miomiorun.com\/fr\/wp-json\/wp\/v2\/product_brand?post=285611"},{"taxonomy":"product_cat","embeddable":true,"href":"https:\/\/www.miomiorun.com\/fr\/wp-json\/wp\/v2\/product_cat?post=285611"},{"taxonomy":"product_tag","embeddable":true,"href":"https:\/\/www.miomiorun.com\/fr\/wp-json\/wp\/v2\/product_tag?post=285611"}],"curies":[{"name":"wp","href":"https:\/\/api.w.org\/{rel}","templated":true}]}}