{"id":285563,"date":"2023-03-23T14:53:08","date_gmt":"2023-03-23T13:53:08","guid":{"rendered":"https:\/\/miomiorun.com\/prodotto\/sudden-short-donna\/"},"modified":"2025-07-12T10:51:16","modified_gmt":"2025-07-12T08:51:16","slug":"sudden-short-femme","status":"publish","type":"product","link":"https:\/\/www.miomiorun.com\/fr\/produit\/sudden-short-femme\/","title":{"rendered":"Sudden Short femme"},"content":{"rendered":"<p>Le <strong>Sudden Short<\/strong> pour femme est un short de course en montagne qui va \u00e0 l&#8217;essentiel. Elu pour ses performances, il fait de la l\u00e9g\u00e8ret\u00e9 sa principale caract\u00e9ristique. Le tissu \u00e0 s\u00e9chage rapide, les ajustements internes \u00e0 la taille et les coutures plates le rendent confortable et polyvalent pour un plaisir maximal de la course \u00e0 pied.<\/p>\n<h3>Informations techniques :<\/h3>\n<p><img decoding=\"async\" class=\"img-responsive margin-bottom-sm\" src=\"https:\/\/www.lasportiva.com\/media\/techinfo_icons\/Breathability_75x75.png\" \/><\/p>\n<p><strong>Respirabilit\u00e9 :<\/strong><br \/>\nProduits hautement respirants pour un confort climatique optimal.<\/p>\n<p><img decoding=\"async\" class=\"img-responsive margin-bottom-sm\" src=\"https:\/\/www.lasportiva.com\/media\/techinfo_icons\/Stretch_75x75.png\" \/><\/p>\n<p><strong>Elasticit\u00e9:<\/strong><br \/>\nV\u00eatements confortables et r\u00e9actifs qui garantissent une libert\u00e9 de mouvement maximale.<\/p>\n<p><img decoding=\"async\" src=\"https:\/\/www.lasportiva.com\/media\/techinfo_icons\/Regular-Fit_75x75.png\" \/><\/p>\n<p><strong>Coupe r\u00e9guli\u00e8re :<\/strong><br \/>\nCoupe technique et confortable.<\/p>\n<p><img decoding=\"async\" class=\"img-responsive margin-bottom-sm\" src=\"https:\/\/www.lasportiva.com\/media\/techinfo_icons\/Lightweight_75x75.png\" \/><\/p>\n<p><strong>L\u00e9ger :<\/strong><br \/>\nDes produits qui r\u00e9duisent le poids au minimum<\/p>\n<p><img decoding=\"async\" class=\"img-responsive margin-bottom-sm\" src=\"https:\/\/www.lasportiva.com\/media\/techinfo_icons\/Bluesign-product_2.075x75.png\" \/><\/p>\n<p>QU&#8217;EST-CE QUE LE SYST\u00c8ME BLUESIGN\u00ae ? Le syst\u00e8me BlueSign\u00ae certifie la durabilit\u00e9 de toute la cha\u00eene de production textile.Il \u00e9limine les substances dangereuses pour les personnes et l&#8217;environnement d\u00e8s le d\u00e9but du processus de production en fixant et en contr\u00f4lant les normes socio-environnementales et \u00e9cologiques de tous les processus de production impliqu\u00e9s le long de la cha\u00eene de valeur, garantissant au consommateur l&#8217;achat de produits durables.La Sportiva est un membre officiel BlueSign\u00ae depuis 2012 : cela certifie que toute la cha\u00eene de production textile respecte les crit\u00e8res socio-environnementaux promus par BlueSign\u00ae. Depuis 2014\/15, La Sportiva produit \u00e9galement des produits enti\u00e8rement certifi\u00e9s BlueSign\u00ae sur lesquels le label officiel BlueSign\u00ae est appos\u00e9.QUE SIGNIFIE UN PRODUIT CERTIFI\u00c9 BLUESIGN\u00ae ? Un produit certifi\u00e9 BlueSign\u00ae garantit le plus haut niveau de s\u00e9curit\u00e9 pour le consommateur en termes de respect socio-environnemental et certifie que le produit a \u00e9t\u00e9 obtenu avec le plus faible impact possible sur la plan\u00e8te et sur les personnes, en respectant les normes de qualit\u00e9 approuv\u00e9es par BlueSign\u00ae et en utilisant des ressources durables tout au long de la cha\u00eene de production. Un produit BlueSign\u00ae est une attestation de l&#8217;engagement de l&#8217;entreprise pour la durabilit\u00e9 de la plan\u00e8te.<\/p>\n<p><img decoding=\"async\" class=\"img-responsive margin-bottom-sm\" src=\"https:\/\/www.lasportiva.com\/media\/techinfo_icons\/L2_75x75.png\" \/><\/p>\n<p><strong>L2 &#8211; MID LAYER &amp; THERMAL LAYER<\/strong><br \/>\nFournit une isolation thermique suppl\u00e9mentaire en favorisant l&#8217;\u00e9vacuation de la transpiration gr\u00e2ce \u00e0 une grande respirabilit\u00e9.<\/p>\n<p><strong>Caract\u00e9ristiques :<\/strong><\/p>\n<p>+ Extr\u00eamement l\u00e9ger<br \/>\n+ Coutures plates anti-frottement<br \/>\n+ Ajustement de la taille \u00e0 l&#8217;int\u00e9rieur<br \/>\n+ S\u00e9chage rapide<\/p>\n<p><b>Tissu<\/b>: Principal : (PW07) 86% Polyester, 14% Elasthanne<br \/>\n<b>Coupe :<\/b>Regular<br \/>\n<b>Tailles :<\/b>S\/XXL (EU) &#8211; XS\/XL (USA)<br \/>\n<b>Poids :<\/b>130 g (L)<\/p>\n<p>&nbsp;<\/p>\n<p>&nbsp;<\/p>\n","protected":false},"excerpt":{"rendered":"<ul>\n<li>Extr\u00eamement l\u00e9ger<\/li>\n<li>Coutures plates pour \u00e9viter les frottements<\/li>\n<li>Ajustement interne \u00e0 la taille<\/li>\n<li>S\u00e9chage rapide<\/li>\n<\/ul>\n","protected":false},"featured_media":240523,"template":"","meta":{"_acf_changed":false,"inline_featured_image":false},"product_brand":[],"product_cat":[22602,22596,22595],"product_tag":[23597,23601],"class_list":{"0":"post-285563","1":"product","2":"type-product","3":"status-publish","4":"has-post-thumbnail","6":"product_cat-pantalon-court","7":"product_cat-vetements-pour-femmes","8":"product_cat-femme","9":"product_tag-la-sportiva-fr","10":"product_tag-la-sportiva-femme","11":"pa_attivita-marcher","12":"pa_attivita-trail-fr","13":"pa_colore-sudden-short-w-green-banana-fr","14":"pa_colore-sudden-short-w-redwood-chalk-fr","15":"pa_colore-sudden-short-w-storm-blue-fr","16":"pa_marca-la-sportiva-fr","17":"pa_sesso-femme","18":"pa_size-extra-small-fr","19":"pa_size-small-fr","20":"pa_size-medium-fr","21":"pa_size-large-fr","23":"first","24":"instock","25":"sale","26":"taxable","27":"shipping-taxable","28":"purchasable","29":"product-type-variable","30":"wvs-archive-product-wrapper"},"acf":[],"yoast_head":"<!-- This site is optimized with the Yoast SEO plugin v26.8 - https:\/\/yoast.com\/product\/yoast-seo-wordpress\/ -->\n<title>La Sportiva Sudden Short femme - Shorts pour femmes - MioMioRun<\/title>\n<meta name=\"description\" content=\"Le Sudden Short pour femmes est un short de course en montagne qui met l&#039;accent sur l&#039;essentiel. Vot\u00e9 pour sa performance. Tissu en mati\u00e8re \u00e0 s\u00e9chage rapide\" \/>\n<meta name=\"robots\" content=\"index, follow, max-snippet:-1, max-image-preview:large, max-video-preview:-1\" \/>\n<link rel=\"canonical\" href=\"https:\/\/www.miomiorun.com\/fr\/produit\/sudden-short-femme\/\" \/>\n<meta property=\"og:locale\" content=\"fr_FR\" \/>\n<meta property=\"og:type\" content=\"article\" \/>\n<meta property=\"og:title\" content=\"La Sportiva Sudden Short femme - Shorts pour femmes - MioMioRun\" \/>\n<meta property=\"og:description\" content=\"Le Sudden Short pour femmes est un short de course en montagne qui met l&#039;accent sur l&#039;essentiel. Vot\u00e9 pour sa performance. Tissu en mati\u00e8re \u00e0 s\u00e9chage rapide\" \/>\n<meta property=\"og:url\" content=\"https:\/\/www.miomiorun.com\/fr\/produit\/sudden-short-femme\/\" \/>\n<meta property=\"og:site_name\" content=\"MioMioRun\" \/>\n<meta property=\"article:publisher\" content=\"https:\/\/www.facebook.com\/miomiorun\/\" \/>\n<meta property=\"article:modified_time\" content=\"2025-07-12T08:51:16+00:00\" \/>\n<meta property=\"og:image\" content=\"https:\/\/www.miomiorun.com\/app\/uploads\/2023\/05\/la-sportiva-sudden-short-W-green-banana-Q58728728.jpg\" \/>\n\t<meta property=\"og:image:width\" content=\"600\" \/>\n\t<meta property=\"og:image:height\" content=\"600\" \/>\n\t<meta property=\"og:image:type\" content=\"image\/jpeg\" \/>\n<meta name=\"twitter:card\" content=\"summary_large_image\" \/>\n<meta name=\"twitter:label1\" content=\"Est. reading time\" \/>\n\t<meta name=\"twitter:data1\" content=\"2 minutes\" \/>\n<script type=\"application\/ld+json\" class=\"yoast-schema-graph\">{\"@context\":\"https:\/\/schema.org\",\"@graph\":[{\"@type\":\"WebPage\",\"@id\":\"https:\/\/www.miomiorun.com\/fr\/produit\/sudden-short-femme\/\",\"url\":\"https:\/\/www.miomiorun.com\/fr\/produit\/sudden-short-femme\/\",\"name\":\"La Sportiva Sudden Short femme - Shorts pour femmes - MioMioRun\",\"isPartOf\":{\"@id\":\"https:\/\/www.miomiorun.com\/fr\/#website\"},\"primaryImageOfPage\":{\"@id\":\"https:\/\/www.miomiorun.com\/fr\/produit\/sudden-short-femme\/#primaryimage\"},\"image\":{\"@id\":\"https:\/\/www.miomiorun.com\/fr\/produit\/sudden-short-femme\/#primaryimage\"},\"thumbnailUrl\":\"https:\/\/www.miomiorun.com\/app\/uploads\/2023\/05\/la-sportiva-sudden-short-W-green-banana-Q58728728.jpg\",\"datePublished\":\"2023-03-23T13:53:08+00:00\",\"dateModified\":\"2025-07-12T08:51:16+00:00\",\"description\":\"Le Sudden Short pour femmes est un short de course en montagne qui met l'accent sur l'essentiel. Vot\u00e9 pour sa performance. Tissu en mati\u00e8re \u00e0 s\u00e9chage rapide\",\"breadcrumb\":{\"@id\":\"https:\/\/www.miomiorun.com\/fr\/produit\/sudden-short-femme\/#breadcrumb\"},\"inLanguage\":\"fr-FR\",\"potentialAction\":[{\"@type\":\"ReadAction\",\"target\":[\"https:\/\/www.miomiorun.com\/fr\/produit\/sudden-short-femme\/\"]}]},{\"@type\":\"ImageObject\",\"inLanguage\":\"fr-FR\",\"@id\":\"https:\/\/www.miomiorun.com\/fr\/produit\/sudden-short-femme\/#primaryimage\",\"url\":\"https:\/\/www.miomiorun.com\/app\/uploads\/2023\/05\/la-sportiva-sudden-short-W-green-banana-Q58728728.jpg\",\"contentUrl\":\"https:\/\/www.miomiorun.com\/app\/uploads\/2023\/05\/la-sportiva-sudden-short-W-green-banana-Q58728728.jpg\",\"width\":600,\"height\":600,\"caption\":\"la-sportiva-sudden-short-W-green-banana-Q58728728\"},{\"@type\":\"BreadcrumbList\",\"@id\":\"https:\/\/www.miomiorun.com\/fr\/produit\/sudden-short-femme\/#breadcrumb\",\"itemListElement\":[{\"@type\":\"ListItem\",\"position\":1,\"name\":\"Home\",\"item\":\"https:\/\/www.miomiorun.com\/fr\/home-page\/\"},{\"@type\":\"ListItem\",\"position\":2,\"name\":\"Shop\",\"item\":\"https:\/\/www.miomiorun.com\/shop\/\"},{\"@type\":\"ListItem\",\"position\":3,\"name\":\"Sudden Short femme\"}]},{\"@type\":\"WebSite\",\"@id\":\"https:\/\/www.miomiorun.com\/fr\/#website\",\"url\":\"https:\/\/www.miomiorun.com\/fr\/\",\"name\":\"MioMioRun\",\"description\":\"Boutique 100% running et trail\",\"publisher\":{\"@id\":\"https:\/\/www.miomiorun.com\/fr\/#organization\"},\"potentialAction\":[{\"@type\":\"SearchAction\",\"target\":{\"@type\":\"EntryPoint\",\"urlTemplate\":\"https:\/\/www.miomiorun.com\/fr\/?s={search_term_string}\"},\"query-input\":{\"@type\":\"PropertyValueSpecification\",\"valueRequired\":true,\"valueName\":\"search_term_string\"}}],\"inLanguage\":\"fr-FR\"},{\"@type\":\"Organization\",\"@id\":\"https:\/\/www.miomiorun.com\/fr\/#organization\",\"name\":\"MioMio Run\",\"url\":\"https:\/\/www.miomiorun.com\/fr\/\",\"logo\":{\"@type\":\"ImageObject\",\"inLanguage\":\"fr-FR\",\"@id\":\"https:\/\/www.miomiorun.com\/fr\/#\/schema\/logo\/image\/\",\"url\":\"https:\/\/www.miomiorun.com\/app\/uploads\/2019\/12\/logomio.png\",\"contentUrl\":\"https:\/\/www.miomiorun.com\/app\/uploads\/2019\/12\/logomio.png\",\"width\":115,\"height\":82,\"caption\":\"MioMio Run\"},\"image\":{\"@id\":\"https:\/\/www.miomiorun.com\/fr\/#\/schema\/logo\/image\/\"},\"sameAs\":[\"https:\/\/www.facebook.com\/miomiorun\/\",\"https:\/\/www.instagram.com\/miomiorun\/\"]}]}<\/script>\n<!-- \/ Yoast SEO plugin. -->","yoast_head_json":{"title":"La Sportiva Sudden Short femme - Shorts pour femmes - MioMioRun","description":"Le Sudden Short pour femmes est un short de course en montagne qui met l'accent sur l'essentiel. Vot\u00e9 pour sa performance. Tissu en mati\u00e8re \u00e0 s\u00e9chage rapide","robots":{"index":"index","follow":"follow","max-snippet":"max-snippet:-1","max-image-preview":"max-image-preview:large","max-video-preview":"max-video-preview:-1"},"canonical":"https:\/\/www.miomiorun.com\/fr\/produit\/sudden-short-femme\/","og_locale":"fr_FR","og_type":"article","og_title":"La Sportiva Sudden Short femme - Shorts pour femmes - MioMioRun","og_description":"Le Sudden Short pour femmes est un short de course en montagne qui met l'accent sur l'essentiel. Vot\u00e9 pour sa performance. Tissu en mati\u00e8re \u00e0 s\u00e9chage rapide","og_url":"https:\/\/www.miomiorun.com\/fr\/produit\/sudden-short-femme\/","og_site_name":"MioMioRun","article_publisher":"https:\/\/www.facebook.com\/miomiorun\/","article_modified_time":"2025-07-12T08:51:16+00:00","og_image":[{"width":600,"height":600,"url":"https:\/\/www.miomiorun.com\/app\/uploads\/2023\/05\/la-sportiva-sudden-short-W-green-banana-Q58728728.jpg","type":"image\/jpeg"}],"twitter_card":"summary_large_image","twitter_misc":{"Est. reading time":"2 minutes"},"schema":{"@context":"https:\/\/schema.org","@graph":[{"@type":"WebPage","@id":"https:\/\/www.miomiorun.com\/fr\/produit\/sudden-short-femme\/","url":"https:\/\/www.miomiorun.com\/fr\/produit\/sudden-short-femme\/","name":"La Sportiva Sudden Short femme - Shorts pour femmes - MioMioRun","isPartOf":{"@id":"https:\/\/www.miomiorun.com\/fr\/#website"},"primaryImageOfPage":{"@id":"https:\/\/www.miomiorun.com\/fr\/produit\/sudden-short-femme\/#primaryimage"},"image":{"@id":"https:\/\/www.miomiorun.com\/fr\/produit\/sudden-short-femme\/#primaryimage"},"thumbnailUrl":"https:\/\/www.miomiorun.com\/app\/uploads\/2023\/05\/la-sportiva-sudden-short-W-green-banana-Q58728728.jpg","datePublished":"2023-03-23T13:53:08+00:00","dateModified":"2025-07-12T08:51:16+00:00","description":"Le Sudden Short pour femmes est un short de course en montagne qui met l'accent sur l'essentiel. Vot\u00e9 pour sa performance. Tissu en mati\u00e8re \u00e0 s\u00e9chage rapide","breadcrumb":{"@id":"https:\/\/www.miomiorun.com\/fr\/produit\/sudden-short-femme\/#breadcrumb"},"inLanguage":"fr-FR","potentialAction":[{"@type":"ReadAction","target":["https:\/\/www.miomiorun.com\/fr\/produit\/sudden-short-femme\/"]}]},{"@type":"ImageObject","inLanguage":"fr-FR","@id":"https:\/\/www.miomiorun.com\/fr\/produit\/sudden-short-femme\/#primaryimage","url":"https:\/\/www.miomiorun.com\/app\/uploads\/2023\/05\/la-sportiva-sudden-short-W-green-banana-Q58728728.jpg","contentUrl":"https:\/\/www.miomiorun.com\/app\/uploads\/2023\/05\/la-sportiva-sudden-short-W-green-banana-Q58728728.jpg","width":600,"height":600,"caption":"la-sportiva-sudden-short-W-green-banana-Q58728728"},{"@type":"BreadcrumbList","@id":"https:\/\/www.miomiorun.com\/fr\/produit\/sudden-short-femme\/#breadcrumb","itemListElement":[{"@type":"ListItem","position":1,"name":"Home","item":"https:\/\/www.miomiorun.com\/fr\/home-page\/"},{"@type":"ListItem","position":2,"name":"Shop","item":"https:\/\/www.miomiorun.com\/shop\/"},{"@type":"ListItem","position":3,"name":"Sudden Short femme"}]},{"@type":"WebSite","@id":"https:\/\/www.miomiorun.com\/fr\/#website","url":"https:\/\/www.miomiorun.com\/fr\/","name":"MioMioRun","description":"Boutique 100% running et trail","publisher":{"@id":"https:\/\/www.miomiorun.com\/fr\/#organization"},"potentialAction":[{"@type":"SearchAction","target":{"@type":"EntryPoint","urlTemplate":"https:\/\/www.miomiorun.com\/fr\/?s={search_term_string}"},"query-input":{"@type":"PropertyValueSpecification","valueRequired":true,"valueName":"search_term_string"}}],"inLanguage":"fr-FR"},{"@type":"Organization","@id":"https:\/\/www.miomiorun.com\/fr\/#organization","name":"MioMio Run","url":"https:\/\/www.miomiorun.com\/fr\/","logo":{"@type":"ImageObject","inLanguage":"fr-FR","@id":"https:\/\/www.miomiorun.com\/fr\/#\/schema\/logo\/image\/","url":"https:\/\/www.miomiorun.com\/app\/uploads\/2019\/12\/logomio.png","contentUrl":"https:\/\/www.miomiorun.com\/app\/uploads\/2019\/12\/logomio.png","width":115,"height":82,"caption":"MioMio Run"},"image":{"@id":"https:\/\/www.miomiorun.com\/fr\/#\/schema\/logo\/image\/"},"sameAs":["https:\/\/www.facebook.com\/miomiorun\/","https:\/\/www.instagram.com\/miomiorun\/"]}]}},"_links":{"self":[{"href":"https:\/\/www.miomiorun.com\/fr\/wp-json\/wp\/v2\/product\/285563","targetHints":{"allow":["GET"]}}],"collection":[{"href":"https:\/\/www.miomiorun.com\/fr\/wp-json\/wp\/v2\/product"}],"about":[{"href":"https:\/\/www.miomiorun.com\/fr\/wp-json\/wp\/v2\/types\/product"}],"wp:featuredmedia":[{"embeddable":true,"href":"https:\/\/www.miomiorun.com\/fr\/wp-json\/wp\/v2\/media\/240523"}],"wp:attachment":[{"href":"https:\/\/www.miomiorun.com\/fr\/wp-json\/wp\/v2\/media?parent=285563"}],"wp:term":[{"taxonomy":"product_brand","embeddable":true,"href":"https:\/\/www.miomiorun.com\/fr\/wp-json\/wp\/v2\/product_brand?post=285563"},{"taxonomy":"product_cat","embeddable":true,"href":"https:\/\/www.miomiorun.com\/fr\/wp-json\/wp\/v2\/product_cat?post=285563"},{"taxonomy":"product_tag","embeddable":true,"href":"https:\/\/www.miomiorun.com\/fr\/wp-json\/wp\/v2\/product_tag?post=285563"}],"curies":[{"name":"wp","href":"https:\/\/api.w.org\/{rel}","templated":true}]}}