{"id":285438,"date":"2023-03-23T15:17:49","date_gmt":"2023-03-23T14:17:49","guid":{"rendered":"https:\/\/miomiorun.com\/prodotto\/skyrun-visor\/"},"modified":"2025-07-12T10:53:09","modified_gmt":"2025-07-12T08:53:09","slug":"skyrun-visor","status":"publish","type":"product","link":"https:\/\/www.miomiorun.com\/fr\/produit\/skyrun-visor\/","title":{"rendered":"Skyrun visor"},"content":{"rendered":"<p>Une visi\u00e8re l\u00e9g\u00e8re pour vous prot\u00e9ger du soleil, fabriqu\u00e9e \u00e0 partir de tissu recycl\u00e9 et pr\u00e9sentant une sublimation graphique inspir\u00e9e de la course.<\/p>\n<p><strong>Caract\u00e9ristiques :<\/strong><\/p>\n<ul>\n<li>Passepoil r\u00e9fl\u00e9chissant sur la visi\u00e8re<\/li>\n<li>Bandeau de transpiration int\u00e9gr\u00e9<\/li>\n<li>Sublimation graphique inspir\u00e9e de la course<\/li>\n<\/ul>\n","protected":false},"excerpt":{"rendered":"<ul>\n<li>Passepoil r\u00e9fl\u00e9chissant sur la visi\u00e8re<\/li>\n<li>Bandeau anti-transpiration int\u00e9gr\u00e9<\/li>\n<li>Graphismes par sublimation inspir\u00e9s de la course automobile<\/li>\n<\/ul>\n","protected":false},"featured_media":240513,"template":"","meta":{"_acf_changed":false,"inline_featured_image":false},"product_brand":[],"product_cat":[22580,22579,22538],"product_tag":[23597],"class_list":{"0":"post-285438","1":"product","2":"type-product","3":"status-publish","4":"has-post-thumbnail","6":"product_cat-chapeaux-casquettes","7":"product_cat-chauffage","8":"product_cat-accessoires","9":"product_tag-la-sportiva-fr","10":"pa_attivita-marcher","11":"pa_attivita-outdoor-fr","12":"pa_attivita-trail-fr","13":"pa_colore-skyrun-visor-iceberg-lagoon-fr","14":"pa_colore-skyrun-visor-velvet-flamingo-fr","15":"pa_marca-la-sportiva-fr","16":"pa_sesso-femme","17":"pa_sesso-homme","18":"pa_size-large-fr","20":"first","21":"instock","22":"sale","23":"taxable","24":"shipping-taxable","25":"purchasable","26":"product-type-variable","27":"wvs-archive-product-wrapper"},"acf":[],"yoast_head":"<!-- This site is optimized with the Yoast SEO plugin v26.8 - https:\/\/yoast.com\/product\/yoast-seo-wordpress\/ -->\n<title>La Sportiva Skyrun visor - Casquette de course- MioMioRun.com<\/title>\n<meta name=\"description\" content=\"Une visi\u00e8re l\u00e9g\u00e8re pour vous prot\u00e9ger du soleil, fabriqu\u00e9e \u00e0 partir de tissu recycl\u00e9 et dot\u00e9e d&#039;un graphisme par sublimation inspir\u00e9 de la course.\" \/>\n<meta name=\"robots\" content=\"index, follow, max-snippet:-1, max-image-preview:large, max-video-preview:-1\" \/>\n<link rel=\"canonical\" href=\"https:\/\/www.miomiorun.com\/fr\/produit\/skyrun-visor\/\" \/>\n<meta property=\"og:locale\" content=\"fr_FR\" \/>\n<meta property=\"og:type\" content=\"article\" \/>\n<meta property=\"og:title\" content=\"La Sportiva Skyrun visor - Casquette de course- MioMioRun.com\" \/>\n<meta property=\"og:description\" content=\"Une visi\u00e8re l\u00e9g\u00e8re pour vous prot\u00e9ger du soleil, fabriqu\u00e9e \u00e0 partir de tissu recycl\u00e9 et dot\u00e9e d&#039;un graphisme par sublimation inspir\u00e9 de la course.\" \/>\n<meta property=\"og:url\" content=\"https:\/\/www.miomiorun.com\/fr\/produit\/skyrun-visor\/\" \/>\n<meta property=\"og:site_name\" content=\"MioMioRun\" \/>\n<meta property=\"article:publisher\" content=\"https:\/\/www.facebook.com\/miomiorun\/\" \/>\n<meta property=\"article:modified_time\" content=\"2025-07-12T08:53:09+00:00\" \/>\n<meta property=\"og:image\" content=\"https:\/\/www.miomiorun.com\/app\/uploads\/2023\/05\/la-sportiva-skyrun-visor-iceberg-lagoon-Y68636638.jpg\" \/>\n\t<meta property=\"og:image:width\" content=\"600\" \/>\n\t<meta property=\"og:image:height\" content=\"600\" \/>\n\t<meta property=\"og:image:type\" content=\"image\/jpeg\" \/>\n<meta name=\"twitter:card\" content=\"summary_large_image\" \/>\n<script type=\"application\/ld+json\" class=\"yoast-schema-graph\">{\"@context\":\"https:\/\/schema.org\",\"@graph\":[{\"@type\":\"WebPage\",\"@id\":\"https:\/\/www.miomiorun.com\/fr\/produit\/skyrun-visor\/\",\"url\":\"https:\/\/www.miomiorun.com\/fr\/produit\/skyrun-visor\/\",\"name\":\"La Sportiva Skyrun visor - Casquette de course- MioMioRun.com\",\"isPartOf\":{\"@id\":\"https:\/\/www.miomiorun.com\/fr\/#website\"},\"primaryImageOfPage\":{\"@id\":\"https:\/\/www.miomiorun.com\/fr\/produit\/skyrun-visor\/#primaryimage\"},\"image\":{\"@id\":\"https:\/\/www.miomiorun.com\/fr\/produit\/skyrun-visor\/#primaryimage\"},\"thumbnailUrl\":\"https:\/\/www.miomiorun.com\/app\/uploads\/2023\/05\/la-sportiva-skyrun-visor-iceberg-lagoon-Y68636638.jpg\",\"datePublished\":\"2023-03-23T14:17:49+00:00\",\"dateModified\":\"2025-07-12T08:53:09+00:00\",\"description\":\"Une visi\u00e8re l\u00e9g\u00e8re pour vous prot\u00e9ger du soleil, fabriqu\u00e9e \u00e0 partir de tissu recycl\u00e9 et dot\u00e9e d'un graphisme par sublimation inspir\u00e9 de la course.\",\"breadcrumb\":{\"@id\":\"https:\/\/www.miomiorun.com\/fr\/produit\/skyrun-visor\/#breadcrumb\"},\"inLanguage\":\"fr-FR\",\"potentialAction\":[{\"@type\":\"ReadAction\",\"target\":[\"https:\/\/www.miomiorun.com\/fr\/produit\/skyrun-visor\/\"]}]},{\"@type\":\"ImageObject\",\"inLanguage\":\"fr-FR\",\"@id\":\"https:\/\/www.miomiorun.com\/fr\/produit\/skyrun-visor\/#primaryimage\",\"url\":\"https:\/\/www.miomiorun.com\/app\/uploads\/2023\/05\/la-sportiva-skyrun-visor-iceberg-lagoon-Y68636638.jpg\",\"contentUrl\":\"https:\/\/www.miomiorun.com\/app\/uploads\/2023\/05\/la-sportiva-skyrun-visor-iceberg-lagoon-Y68636638.jpg\",\"width\":600,\"height\":600,\"caption\":\"la-sportiva-skyrun-visor-iceberg-lagoon-Y68636638\"},{\"@type\":\"BreadcrumbList\",\"@id\":\"https:\/\/www.miomiorun.com\/fr\/produit\/skyrun-visor\/#breadcrumb\",\"itemListElement\":[{\"@type\":\"ListItem\",\"position\":1,\"name\":\"Home\",\"item\":\"https:\/\/www.miomiorun.com\/fr\/home-page\/\"},{\"@type\":\"ListItem\",\"position\":2,\"name\":\"Shop\",\"item\":\"https:\/\/www.miomiorun.com\/shop\/\"},{\"@type\":\"ListItem\",\"position\":3,\"name\":\"Skyrun visor\"}]},{\"@type\":\"WebSite\",\"@id\":\"https:\/\/www.miomiorun.com\/fr\/#website\",\"url\":\"https:\/\/www.miomiorun.com\/fr\/\",\"name\":\"MioMioRun\",\"description\":\"Boutique 100% running et trail\",\"publisher\":{\"@id\":\"https:\/\/www.miomiorun.com\/fr\/#organization\"},\"potentialAction\":[{\"@type\":\"SearchAction\",\"target\":{\"@type\":\"EntryPoint\",\"urlTemplate\":\"https:\/\/www.miomiorun.com\/fr\/?s={search_term_string}\"},\"query-input\":{\"@type\":\"PropertyValueSpecification\",\"valueRequired\":true,\"valueName\":\"search_term_string\"}}],\"inLanguage\":\"fr-FR\"},{\"@type\":\"Organization\",\"@id\":\"https:\/\/www.miomiorun.com\/fr\/#organization\",\"name\":\"MioMio Run\",\"url\":\"https:\/\/www.miomiorun.com\/fr\/\",\"logo\":{\"@type\":\"ImageObject\",\"inLanguage\":\"fr-FR\",\"@id\":\"https:\/\/www.miomiorun.com\/fr\/#\/schema\/logo\/image\/\",\"url\":\"https:\/\/www.miomiorun.com\/app\/uploads\/2019\/12\/logomio.png\",\"contentUrl\":\"https:\/\/www.miomiorun.com\/app\/uploads\/2019\/12\/logomio.png\",\"width\":115,\"height\":82,\"caption\":\"MioMio Run\"},\"image\":{\"@id\":\"https:\/\/www.miomiorun.com\/fr\/#\/schema\/logo\/image\/\"},\"sameAs\":[\"https:\/\/www.facebook.com\/miomiorun\/\",\"https:\/\/www.instagram.com\/miomiorun\/\"]}]}<\/script>\n<!-- \/ Yoast SEO plugin. -->","yoast_head_json":{"title":"La Sportiva Skyrun visor - Casquette de course- MioMioRun.com","description":"Une visi\u00e8re l\u00e9g\u00e8re pour vous prot\u00e9ger du soleil, fabriqu\u00e9e \u00e0 partir de tissu recycl\u00e9 et dot\u00e9e d'un graphisme par sublimation inspir\u00e9 de la course.","robots":{"index":"index","follow":"follow","max-snippet":"max-snippet:-1","max-image-preview":"max-image-preview:large","max-video-preview":"max-video-preview:-1"},"canonical":"https:\/\/www.miomiorun.com\/fr\/produit\/skyrun-visor\/","og_locale":"fr_FR","og_type":"article","og_title":"La Sportiva Skyrun visor - Casquette de course- MioMioRun.com","og_description":"Une visi\u00e8re l\u00e9g\u00e8re pour vous prot\u00e9ger du soleil, fabriqu\u00e9e \u00e0 partir de tissu recycl\u00e9 et dot\u00e9e d'un graphisme par sublimation inspir\u00e9 de la course.","og_url":"https:\/\/www.miomiorun.com\/fr\/produit\/skyrun-visor\/","og_site_name":"MioMioRun","article_publisher":"https:\/\/www.facebook.com\/miomiorun\/","article_modified_time":"2025-07-12T08:53:09+00:00","og_image":[{"width":600,"height":600,"url":"https:\/\/www.miomiorun.com\/app\/uploads\/2023\/05\/la-sportiva-skyrun-visor-iceberg-lagoon-Y68636638.jpg","type":"image\/jpeg"}],"twitter_card":"summary_large_image","schema":{"@context":"https:\/\/schema.org","@graph":[{"@type":"WebPage","@id":"https:\/\/www.miomiorun.com\/fr\/produit\/skyrun-visor\/","url":"https:\/\/www.miomiorun.com\/fr\/produit\/skyrun-visor\/","name":"La Sportiva Skyrun visor - Casquette de course- MioMioRun.com","isPartOf":{"@id":"https:\/\/www.miomiorun.com\/fr\/#website"},"primaryImageOfPage":{"@id":"https:\/\/www.miomiorun.com\/fr\/produit\/skyrun-visor\/#primaryimage"},"image":{"@id":"https:\/\/www.miomiorun.com\/fr\/produit\/skyrun-visor\/#primaryimage"},"thumbnailUrl":"https:\/\/www.miomiorun.com\/app\/uploads\/2023\/05\/la-sportiva-skyrun-visor-iceberg-lagoon-Y68636638.jpg","datePublished":"2023-03-23T14:17:49+00:00","dateModified":"2025-07-12T08:53:09+00:00","description":"Une visi\u00e8re l\u00e9g\u00e8re pour vous prot\u00e9ger du soleil, fabriqu\u00e9e \u00e0 partir de tissu recycl\u00e9 et dot\u00e9e d'un graphisme par sublimation inspir\u00e9 de la course.","breadcrumb":{"@id":"https:\/\/www.miomiorun.com\/fr\/produit\/skyrun-visor\/#breadcrumb"},"inLanguage":"fr-FR","potentialAction":[{"@type":"ReadAction","target":["https:\/\/www.miomiorun.com\/fr\/produit\/skyrun-visor\/"]}]},{"@type":"ImageObject","inLanguage":"fr-FR","@id":"https:\/\/www.miomiorun.com\/fr\/produit\/skyrun-visor\/#primaryimage","url":"https:\/\/www.miomiorun.com\/app\/uploads\/2023\/05\/la-sportiva-skyrun-visor-iceberg-lagoon-Y68636638.jpg","contentUrl":"https:\/\/www.miomiorun.com\/app\/uploads\/2023\/05\/la-sportiva-skyrun-visor-iceberg-lagoon-Y68636638.jpg","width":600,"height":600,"caption":"la-sportiva-skyrun-visor-iceberg-lagoon-Y68636638"},{"@type":"BreadcrumbList","@id":"https:\/\/www.miomiorun.com\/fr\/produit\/skyrun-visor\/#breadcrumb","itemListElement":[{"@type":"ListItem","position":1,"name":"Home","item":"https:\/\/www.miomiorun.com\/fr\/home-page\/"},{"@type":"ListItem","position":2,"name":"Shop","item":"https:\/\/www.miomiorun.com\/shop\/"},{"@type":"ListItem","position":3,"name":"Skyrun visor"}]},{"@type":"WebSite","@id":"https:\/\/www.miomiorun.com\/fr\/#website","url":"https:\/\/www.miomiorun.com\/fr\/","name":"MioMioRun","description":"Boutique 100% running et trail","publisher":{"@id":"https:\/\/www.miomiorun.com\/fr\/#organization"},"potentialAction":[{"@type":"SearchAction","target":{"@type":"EntryPoint","urlTemplate":"https:\/\/www.miomiorun.com\/fr\/?s={search_term_string}"},"query-input":{"@type":"PropertyValueSpecification","valueRequired":true,"valueName":"search_term_string"}}],"inLanguage":"fr-FR"},{"@type":"Organization","@id":"https:\/\/www.miomiorun.com\/fr\/#organization","name":"MioMio Run","url":"https:\/\/www.miomiorun.com\/fr\/","logo":{"@type":"ImageObject","inLanguage":"fr-FR","@id":"https:\/\/www.miomiorun.com\/fr\/#\/schema\/logo\/image\/","url":"https:\/\/www.miomiorun.com\/app\/uploads\/2019\/12\/logomio.png","contentUrl":"https:\/\/www.miomiorun.com\/app\/uploads\/2019\/12\/logomio.png","width":115,"height":82,"caption":"MioMio Run"},"image":{"@id":"https:\/\/www.miomiorun.com\/fr\/#\/schema\/logo\/image\/"},"sameAs":["https:\/\/www.facebook.com\/miomiorun\/","https:\/\/www.instagram.com\/miomiorun\/"]}]}},"_links":{"self":[{"href":"https:\/\/www.miomiorun.com\/fr\/wp-json\/wp\/v2\/product\/285438","targetHints":{"allow":["GET"]}}],"collection":[{"href":"https:\/\/www.miomiorun.com\/fr\/wp-json\/wp\/v2\/product"}],"about":[{"href":"https:\/\/www.miomiorun.com\/fr\/wp-json\/wp\/v2\/types\/product"}],"wp:featuredmedia":[{"embeddable":true,"href":"https:\/\/www.miomiorun.com\/fr\/wp-json\/wp\/v2\/media\/240513"}],"wp:attachment":[{"href":"https:\/\/www.miomiorun.com\/fr\/wp-json\/wp\/v2\/media?parent=285438"}],"wp:term":[{"taxonomy":"product_brand","embeddable":true,"href":"https:\/\/www.miomiorun.com\/fr\/wp-json\/wp\/v2\/product_brand?post=285438"},{"taxonomy":"product_cat","embeddable":true,"href":"https:\/\/www.miomiorun.com\/fr\/wp-json\/wp\/v2\/product_cat?post=285438"},{"taxonomy":"product_tag","embeddable":true,"href":"https:\/\/www.miomiorun.com\/fr\/wp-json\/wp\/v2\/product_tag?post=285438"}],"curies":[{"name":"wp","href":"https:\/\/api.w.org\/{rel}","templated":true}]}}