{"id":285422,"date":"2023-03-29T18:08:07","date_gmt":"2023-03-29T16:08:07","guid":{"rendered":"https:\/\/miomiorun.com\/prodotto\/high-point-quarter\/"},"modified":"2025-07-12T10:56:45","modified_gmt":"2025-07-12T08:56:45","slug":"high-point-quarter","status":"publish","type":"product","link":"https:\/\/www.miomiorun.com\/fr\/produit\/high-point-quarter\/","title":{"rendered":"High Point Quarter"},"content":{"rendered":"<p>Profitez d&#8217;une couverture et d&#8217;une respirabilit\u00e9 parfaites pendant les kilom\u00e8tres sur le sentier. Ces chaussettes offrent le confort respirant de la laine m\u00e9rinos, une fabrication durable gr\u00e2ce \u00e0 des renforts suppl\u00e9mentaires et une couverture suffisante pour tenir la salet\u00e9 et les d\u00e9bris \u00e0 distance.<\/p>\n<div class=\"o-feature-callout__feature-copy\">\n<div class=\"o-feature-callout__feature-copy\">\n<div class=\"o-feature-callout__feature-copy\">\n<p><strong>Caract\u00e9ristiques :<\/strong><\/p>\n<ul>\n<li class=\"m-long-description__feature\">Haute durabilit\u00e9<\/li>\n<li class=\"m-long-description__feature\">Conception protectrice<\/li>\n<li class=\"m-long-description__feature\">Evacue la transpiration<\/li>\n<li class=\"m-long-description__feature\">M\u00e9lange de laine m\u00e9rinos<\/li>\n<\/ul>\n<p>&nbsp;<\/p>\n<\/div>\n<\/div>\n<\/div>\n","protected":false},"excerpt":{"rendered":"<ul>\n<li class=\"m-long-description__feature\">Conception protectrice<\/li>\n<li class=\"m-long-description__feature\">\u00c9vacue la transpiration<\/li>\n<li class=\"m-long-description__feature\">M\u00e9lange de laine m\u00e9rinos<\/li>\n<\/ul>\n","protected":false},"featured_media":240713,"template":"","meta":{"_acf_changed":false,"inline_featured_image":false},"product_brand":[],"product_cat":[24256,22597,22596,24482,24484,22595],"product_tag":[23462,23656,23655],"class_list":{"0":"post-285422","1":"product","2":"type-product","3":"status-publish","4":"has-post-thumbnail","6":"product_cat-chaussettes-fr","7":"product_cat-chaussettes","8":"product_cat-vetements-pour-femmes","9":"product_cat-vetements-pour-hommes-fr","10":"product_cat-homme","11":"product_cat-femme","12":"product_tag-brooks-fr","13":"product_tag-brooks-femme","14":"product_tag-brooks-homme","15":"pa_attivita-marcher","16":"pa_attivita-outdoor-fr","17":"pa_attivita-trail-fr","18":"pa_colore-high-point-quarter-asphalt-black-fr","19":"pa_colore-high-point-quarter-oatmeal-red-clay-fr","20":"pa_marca-brooks-fr","21":"pa_sesso-femme","22":"pa_sesso-homme","23":"pa_size-34-37-fr","25":"first","26":"instock","27":"sale","28":"taxable","29":"shipping-taxable","30":"purchasable","31":"product-type-variable","32":"wvs-archive-product-wrapper"},"acf":[],"yoast_head":"<!-- This site is optimized with the Yoast SEO plugin v26.8 - https:\/\/yoast.com\/product\/yoast-seo-wordpress\/ -->\n<title>Brooks High Point Quarter - Chaussettes de course - MioMioRun.com<\/title>\n<meta name=\"description\" content=\"Ces chaussettes offrent le confort respirant de la laine m\u00e9rinos, une fabrication durable gr\u00e2ce \u00e0 des renforts suppl\u00e9mentaires et une couverture suffisante.\" \/>\n<meta name=\"robots\" content=\"index, follow, max-snippet:-1, max-image-preview:large, max-video-preview:-1\" \/>\n<link rel=\"canonical\" href=\"https:\/\/www.miomiorun.com\/fr\/produit\/high-point-quarter\/\" \/>\n<meta property=\"og:locale\" content=\"fr_FR\" \/>\n<meta property=\"og:type\" content=\"article\" \/>\n<meta property=\"og:title\" content=\"Brooks High Point Quarter - Chaussettes de course - MioMioRun.com\" \/>\n<meta property=\"og:description\" content=\"Ces chaussettes offrent le confort respirant de la laine m\u00e9rinos, une fabrication durable gr\u00e2ce \u00e0 des renforts suppl\u00e9mentaires et une couverture suffisante.\" \/>\n<meta property=\"og:url\" content=\"https:\/\/www.miomiorun.com\/fr\/produit\/high-point-quarter\/\" \/>\n<meta property=\"og:site_name\" content=\"MioMioRun\" \/>\n<meta property=\"article:publisher\" content=\"https:\/\/www.facebook.com\/miomiorun\/\" \/>\n<meta property=\"article:modified_time\" content=\"2025-07-12T08:56:45+00:00\" \/>\n<meta property=\"og:image\" content=\"https:\/\/www.miomiorun.com\/app\/uploads\/2023\/05\/brooks-high-point-quarter-asphalt-black-280500012.jpg\" \/>\n\t<meta property=\"og:image:width\" content=\"600\" \/>\n\t<meta property=\"og:image:height\" content=\"600\" \/>\n\t<meta property=\"og:image:type\" content=\"image\/jpeg\" \/>\n<meta name=\"twitter:card\" content=\"summary_large_image\" \/>\n<script type=\"application\/ld+json\" class=\"yoast-schema-graph\">{\"@context\":\"https:\/\/schema.org\",\"@graph\":[{\"@type\":\"WebPage\",\"@id\":\"https:\/\/www.miomiorun.com\/fr\/produit\/high-point-quarter\/\",\"url\":\"https:\/\/www.miomiorun.com\/fr\/produit\/high-point-quarter\/\",\"name\":\"Brooks High Point Quarter - Chaussettes de course - MioMioRun.com\",\"isPartOf\":{\"@id\":\"https:\/\/www.miomiorun.com\/fr\/#website\"},\"primaryImageOfPage\":{\"@id\":\"https:\/\/www.miomiorun.com\/fr\/produit\/high-point-quarter\/#primaryimage\"},\"image\":{\"@id\":\"https:\/\/www.miomiorun.com\/fr\/produit\/high-point-quarter\/#primaryimage\"},\"thumbnailUrl\":\"https:\/\/www.miomiorun.com\/app\/uploads\/2023\/05\/brooks-high-point-quarter-asphalt-black-280500012.jpg\",\"datePublished\":\"2023-03-29T16:08:07+00:00\",\"dateModified\":\"2025-07-12T08:56:45+00:00\",\"description\":\"Ces chaussettes offrent le confort respirant de la laine m\u00e9rinos, une fabrication durable gr\u00e2ce \u00e0 des renforts suppl\u00e9mentaires et une couverture suffisante.\",\"breadcrumb\":{\"@id\":\"https:\/\/www.miomiorun.com\/fr\/produit\/high-point-quarter\/#breadcrumb\"},\"inLanguage\":\"fr-FR\",\"potentialAction\":[{\"@type\":\"ReadAction\",\"target\":[\"https:\/\/www.miomiorun.com\/fr\/produit\/high-point-quarter\/\"]}]},{\"@type\":\"ImageObject\",\"inLanguage\":\"fr-FR\",\"@id\":\"https:\/\/www.miomiorun.com\/fr\/produit\/high-point-quarter\/#primaryimage\",\"url\":\"https:\/\/www.miomiorun.com\/app\/uploads\/2023\/05\/brooks-high-point-quarter-asphalt-black-280500012.jpg\",\"contentUrl\":\"https:\/\/www.miomiorun.com\/app\/uploads\/2023\/05\/brooks-high-point-quarter-asphalt-black-280500012.jpg\",\"width\":600,\"height\":600,\"caption\":\"brooks-high-point-quarter-asphalt-black-280500012\"},{\"@type\":\"BreadcrumbList\",\"@id\":\"https:\/\/www.miomiorun.com\/fr\/produit\/high-point-quarter\/#breadcrumb\",\"itemListElement\":[{\"@type\":\"ListItem\",\"position\":1,\"name\":\"Home\",\"item\":\"https:\/\/www.miomiorun.com\/fr\/home-page\/\"},{\"@type\":\"ListItem\",\"position\":2,\"name\":\"Shop\",\"item\":\"https:\/\/www.miomiorun.com\/shop\/\"},{\"@type\":\"ListItem\",\"position\":3,\"name\":\"High Point Quarter\"}]},{\"@type\":\"WebSite\",\"@id\":\"https:\/\/www.miomiorun.com\/fr\/#website\",\"url\":\"https:\/\/www.miomiorun.com\/fr\/\",\"name\":\"MioMioRun\",\"description\":\"Boutique 100% running et trail\",\"publisher\":{\"@id\":\"https:\/\/www.miomiorun.com\/fr\/#organization\"},\"potentialAction\":[{\"@type\":\"SearchAction\",\"target\":{\"@type\":\"EntryPoint\",\"urlTemplate\":\"https:\/\/www.miomiorun.com\/fr\/?s={search_term_string}\"},\"query-input\":{\"@type\":\"PropertyValueSpecification\",\"valueRequired\":true,\"valueName\":\"search_term_string\"}}],\"inLanguage\":\"fr-FR\"},{\"@type\":\"Organization\",\"@id\":\"https:\/\/www.miomiorun.com\/fr\/#organization\",\"name\":\"MioMio Run\",\"url\":\"https:\/\/www.miomiorun.com\/fr\/\",\"logo\":{\"@type\":\"ImageObject\",\"inLanguage\":\"fr-FR\",\"@id\":\"https:\/\/www.miomiorun.com\/fr\/#\/schema\/logo\/image\/\",\"url\":\"https:\/\/www.miomiorun.com\/app\/uploads\/2019\/12\/logomio.png\",\"contentUrl\":\"https:\/\/www.miomiorun.com\/app\/uploads\/2019\/12\/logomio.png\",\"width\":115,\"height\":82,\"caption\":\"MioMio Run\"},\"image\":{\"@id\":\"https:\/\/www.miomiorun.com\/fr\/#\/schema\/logo\/image\/\"},\"sameAs\":[\"https:\/\/www.facebook.com\/miomiorun\/\",\"https:\/\/www.instagram.com\/miomiorun\/\"]}]}<\/script>\n<!-- \/ Yoast SEO plugin. -->","yoast_head_json":{"title":"Brooks High Point Quarter - Chaussettes de course - MioMioRun.com","description":"Ces chaussettes offrent le confort respirant de la laine m\u00e9rinos, une fabrication durable gr\u00e2ce \u00e0 des renforts suppl\u00e9mentaires et une couverture suffisante.","robots":{"index":"index","follow":"follow","max-snippet":"max-snippet:-1","max-image-preview":"max-image-preview:large","max-video-preview":"max-video-preview:-1"},"canonical":"https:\/\/www.miomiorun.com\/fr\/produit\/high-point-quarter\/","og_locale":"fr_FR","og_type":"article","og_title":"Brooks High Point Quarter - Chaussettes de course - MioMioRun.com","og_description":"Ces chaussettes offrent le confort respirant de la laine m\u00e9rinos, une fabrication durable gr\u00e2ce \u00e0 des renforts suppl\u00e9mentaires et une couverture suffisante.","og_url":"https:\/\/www.miomiorun.com\/fr\/produit\/high-point-quarter\/","og_site_name":"MioMioRun","article_publisher":"https:\/\/www.facebook.com\/miomiorun\/","article_modified_time":"2025-07-12T08:56:45+00:00","og_image":[{"width":600,"height":600,"url":"https:\/\/www.miomiorun.com\/app\/uploads\/2023\/05\/brooks-high-point-quarter-asphalt-black-280500012.jpg","type":"image\/jpeg"}],"twitter_card":"summary_large_image","schema":{"@context":"https:\/\/schema.org","@graph":[{"@type":"WebPage","@id":"https:\/\/www.miomiorun.com\/fr\/produit\/high-point-quarter\/","url":"https:\/\/www.miomiorun.com\/fr\/produit\/high-point-quarter\/","name":"Brooks High Point Quarter - Chaussettes de course - MioMioRun.com","isPartOf":{"@id":"https:\/\/www.miomiorun.com\/fr\/#website"},"primaryImageOfPage":{"@id":"https:\/\/www.miomiorun.com\/fr\/produit\/high-point-quarter\/#primaryimage"},"image":{"@id":"https:\/\/www.miomiorun.com\/fr\/produit\/high-point-quarter\/#primaryimage"},"thumbnailUrl":"https:\/\/www.miomiorun.com\/app\/uploads\/2023\/05\/brooks-high-point-quarter-asphalt-black-280500012.jpg","datePublished":"2023-03-29T16:08:07+00:00","dateModified":"2025-07-12T08:56:45+00:00","description":"Ces chaussettes offrent le confort respirant de la laine m\u00e9rinos, une fabrication durable gr\u00e2ce \u00e0 des renforts suppl\u00e9mentaires et une couverture suffisante.","breadcrumb":{"@id":"https:\/\/www.miomiorun.com\/fr\/produit\/high-point-quarter\/#breadcrumb"},"inLanguage":"fr-FR","potentialAction":[{"@type":"ReadAction","target":["https:\/\/www.miomiorun.com\/fr\/produit\/high-point-quarter\/"]}]},{"@type":"ImageObject","inLanguage":"fr-FR","@id":"https:\/\/www.miomiorun.com\/fr\/produit\/high-point-quarter\/#primaryimage","url":"https:\/\/www.miomiorun.com\/app\/uploads\/2023\/05\/brooks-high-point-quarter-asphalt-black-280500012.jpg","contentUrl":"https:\/\/www.miomiorun.com\/app\/uploads\/2023\/05\/brooks-high-point-quarter-asphalt-black-280500012.jpg","width":600,"height":600,"caption":"brooks-high-point-quarter-asphalt-black-280500012"},{"@type":"BreadcrumbList","@id":"https:\/\/www.miomiorun.com\/fr\/produit\/high-point-quarter\/#breadcrumb","itemListElement":[{"@type":"ListItem","position":1,"name":"Home","item":"https:\/\/www.miomiorun.com\/fr\/home-page\/"},{"@type":"ListItem","position":2,"name":"Shop","item":"https:\/\/www.miomiorun.com\/shop\/"},{"@type":"ListItem","position":3,"name":"High Point Quarter"}]},{"@type":"WebSite","@id":"https:\/\/www.miomiorun.com\/fr\/#website","url":"https:\/\/www.miomiorun.com\/fr\/","name":"MioMioRun","description":"Boutique 100% running et trail","publisher":{"@id":"https:\/\/www.miomiorun.com\/fr\/#organization"},"potentialAction":[{"@type":"SearchAction","target":{"@type":"EntryPoint","urlTemplate":"https:\/\/www.miomiorun.com\/fr\/?s={search_term_string}"},"query-input":{"@type":"PropertyValueSpecification","valueRequired":true,"valueName":"search_term_string"}}],"inLanguage":"fr-FR"},{"@type":"Organization","@id":"https:\/\/www.miomiorun.com\/fr\/#organization","name":"MioMio Run","url":"https:\/\/www.miomiorun.com\/fr\/","logo":{"@type":"ImageObject","inLanguage":"fr-FR","@id":"https:\/\/www.miomiorun.com\/fr\/#\/schema\/logo\/image\/","url":"https:\/\/www.miomiorun.com\/app\/uploads\/2019\/12\/logomio.png","contentUrl":"https:\/\/www.miomiorun.com\/app\/uploads\/2019\/12\/logomio.png","width":115,"height":82,"caption":"MioMio Run"},"image":{"@id":"https:\/\/www.miomiorun.com\/fr\/#\/schema\/logo\/image\/"},"sameAs":["https:\/\/www.facebook.com\/miomiorun\/","https:\/\/www.instagram.com\/miomiorun\/"]}]}},"_links":{"self":[{"href":"https:\/\/www.miomiorun.com\/fr\/wp-json\/wp\/v2\/product\/285422","targetHints":{"allow":["GET"]}}],"collection":[{"href":"https:\/\/www.miomiorun.com\/fr\/wp-json\/wp\/v2\/product"}],"about":[{"href":"https:\/\/www.miomiorun.com\/fr\/wp-json\/wp\/v2\/types\/product"}],"wp:featuredmedia":[{"embeddable":true,"href":"https:\/\/www.miomiorun.com\/fr\/wp-json\/wp\/v2\/media\/240713"}],"wp:attachment":[{"href":"https:\/\/www.miomiorun.com\/fr\/wp-json\/wp\/v2\/media?parent=285422"}],"wp:term":[{"taxonomy":"product_brand","embeddable":true,"href":"https:\/\/www.miomiorun.com\/fr\/wp-json\/wp\/v2\/product_brand?post=285422"},{"taxonomy":"product_cat","embeddable":true,"href":"https:\/\/www.miomiorun.com\/fr\/wp-json\/wp\/v2\/product_cat?post=285422"},{"taxonomy":"product_tag","embeddable":true,"href":"https:\/\/www.miomiorun.com\/fr\/wp-json\/wp\/v2\/product_tag?post=285422"}],"curies":[{"name":"wp","href":"https:\/\/api.w.org\/{rel}","templated":true}]}}