{"id":285323,"date":"2023-03-30T12:17:27","date_gmt":"2023-03-30T10:17:27","guid":{"rendered":"https:\/\/miomiorun.com\/prodotto\/transport-uomo\/"},"modified":"2025-12-06T19:00:34","modified_gmt":"2025-12-06T18:00:34","slug":"transport-homme","status":"publish","type":"product","link":"https:\/\/www.miomiorun.com\/fr\/produit\/transport-homme\/","title":{"rendered":"Transport homme"},"content":{"rendered":"<div class=\"vc-row container\"><div class=\"vc-column\"><div class=\"vc-column-text\"><\/p>\n<p><strong>Caract\u00e9ristiques techniques<\/strong><\/p>\n<p>Cat\u00e9gorie : amorti optimal<br \/>\nD\u00e9calage : 5 mm<br \/>\nPoids : 258 g<br \/>\nId\u00e9al pour : Id\u00e9al pour ceux qui recherchent une chaussure pour tous les jours et pour les amateurs de promenades en ville, \u00e0 la recherche d&#8217;un mod\u00e8le l\u00e9ger, bien amorti et protecteur, capable d&#8217;offrir un confort maximal m\u00eame sur de longues distances.<br \/>\nPoids de l&#8217;athl\u00e8te : 70-80 kg<br \/>\n<a href=\"https:\/\/miomiorun.com\/fr\/guide-des-specificites\/\">Guide des sp\u00e9cifications techniques<\/a><\/p>\n<p><\/div><\/div><div class=\"vc-column\"><div class=\"vc-column-text\"><\/p>\n<h3>Caract\u00e9ristiques performantes. Style urbain. Con\u00e7u pour \u00eatre \u00e9l\u00e9gant et performant, ce mod\u00e8le dynamique pr\u00e9sente une semelle, une semelle interm\u00e9diaire et une tige plac\u00e9es sous le signe de la durabilit\u00e9. <\/h3>\n<p>Con\u00e7ue pour ceux qui vivent en ville, la chaussure pour homme <strong>Transport<\/strong> est dot\u00e9e d&#8217;une semelle interm\u00e9diaire en EVA \u00e0 base de canne \u00e0 sucre \u00e0 30 %, d&#8217;une semelle Vibram\u00ae EcoStep Natural compos\u00e9e \u00e0 90 % de composants non d\u00e9riv\u00e9s du p\u00e9trole et d&#8217;une tige en Cordura\u00ae RE\/CORE\u2122 \u00e0 100 % en rPET. Elle pr\u00e9sente \u00e9galement un syst\u00e8me de la\u00e7age rapide et une surface r\u00e9fl\u00e9chissante \u00e0 360\u00b0.<\/p>\n<p><strong>Caract\u00e9ristiques :<\/strong><\/p>\n<ul class=\"features-container\">\n<li class=\"feature-item\">Syst\u00e8me de la\u00e7age rapide<\/li>\n<li class=\"feature-item\">R\u00e9flecteur \u00e0 360\u00b0<\/li>\n<li class=\"feature-item\">Tige en tissu Cordura\u00ae r\u00e9sistant \u00e0 l&#8217;abrasion<\/li>\n<li class=\"feature-item\">Semelle interm\u00e9diaire en EVA \u00e0 base de canne \u00e0 sucre \u00e0 30 % moul\u00e9e par compression<\/li>\n<li class=\"feature-item\">Semelle Vibram\u00ae EcoStep Natural<\/li>\n<\/ul>\n<p><strong>Stabilit\u00e9<\/strong><\/p>\n<p>Transport est dot\u00e9e d&#8217;un lit de rembourrage sym\u00e9trique, sans technologies orthop\u00e9diques suppl\u00e9mentaires. Con\u00e7ue pour vous offrir le soutien dont vous avez besoin, sans fonctionnalit\u00e9s superflues.<strong><br \/>\n<\/strong><\/p>\n<p><strong>Amorti<\/strong><\/p>\n<p>Transport est con\u00e7ue pour offrir un amorti protecteur, tout en conservant une pouss\u00e9e r\u00e9active lorsque vous souhaitez augmenter votre vitesse.<\/p>\n<h2 class=\"head-40-heavy\" style=\"text-align: center\">Vous allez l&#8217;adorer parce que<\/h2>\n<h3 class=\"phrase-title body-24-book\" style=\"text-align: center\">Fermeture rapide<\/h3>\n<div class=\"phrase-caption\" style=\"text-align: center\">Con\u00e7ue pour \u00eatre facile \u00e0 enfiler et \u00e0 retirer<\/div>\n<h3 class=\"phrase-title body-24-book\" style=\"text-align: center\">R\u00e9flecteur \u00e0 360\u00b0<\/h3>\n<div class=\"phrase-caption\" style=\"text-align: center\">Offre une meilleure visibilit\u00e9<\/div>\n<h3 class=\"phrase-title body-24-book\" style=\"text-align: center\">Tige en tissu Cordura\u00ae r\u00e9sistant \u00e0 l&#8217;abrasion<\/h3>\n<div class=\"phrase-caption\" style=\"text-align: center\">Offre une protection sup\u00e9rieure contre les \u00e9raflures<\/div>\n<h3 class=\"phrase-title body-24-book\" style=\"text-align: center\">Semelle interm\u00e9diaire en EVA \u00e0 base de canne \u00e0 sucre \u00e0 30 % moul\u00e9e par compression<\/h3>\n<div class=\"phrase-caption\" style=\"text-align: center\">Offre un amorti durable<\/div>\n<h3 class=\"phrase-title body-24-book\" style=\"text-align: center\">Semelle Vibram\u00ae EcoStep Natural<\/h3>\n<div class=\"phrase-caption\" style=\"text-align: center\">Garantit performance et robustesse avec 90 % d&#8217;ingr\u00e9dients non d\u00e9riv\u00e9s du p\u00e9trole et 100 % de pigments naturels<\/div>\n<p><\/div><\/div><\/div>\n","protected":false},"excerpt":{"rendered":"<ul class=\"features-container\">\n<li class=\"feature-item\">Fixation rapide<\/li>\n<li class=\"feature-item\">R\u00e9flecteur \u00e0 360\u00b0<\/li>\n<li class=\"feature-item\">Tige en tissu Cordura\u00ae r\u00e9sistant \u00e0 l&#8217;abrasion<\/li>\n<\/ul>\n","protected":false},"featured_media":329760,"template":"","meta":{"_acf_changed":false,"inline_featured_image":false},"product_brand":[],"product_cat":[24254,24255],"product_tag":[23478,23604],"class_list":{"0":"post-285323","1":"product","2":"type-product","3":"status-publish","4":"has-post-thumbnail","6":"product_cat-chaussures-pour-hommes","7":"product_cat-neutre-fr","8":"product_tag-hoka-one-one-fr","9":"product_tag-hoka-homme","10":"pa_attivita-marcher","11":"pa_colore-transport-black-alabaster-fr","12":"pa_colore-transport-maple-grassland-fr","13":"pa_colore-transport-sea-moss-eucalyptus-fr","14":"pa_marca-hoka-fr","15":"pa_sesso-homme","16":"pa_size-42-fr","18":"pa_size-43-fr","19":"pa_size-44-fr","21":"pa_size-46-fr","23":"pa_size-47-fr","25":"first","26":"instock","27":"sale","28":"taxable","29":"shipping-taxable","30":"purchasable","31":"product-type-variable","32":"wvs-archive-product-wrapper"},"acf":[],"yoast_head":"<!-- This site is optimized with the Yoast SEO plugin v26.8 - https:\/\/yoast.com\/product\/yoast-seo-wordpress\/ -->\n<title>HokaTransport homme - chaussures de randonn\u00e9e - MioMioRun.com<\/title>\n<meta name=\"description\" content=\"Transport pour homme avec semelle interm\u00e9diaire en EVA \u00e0 base de canne \u00e0 sucre \u00e0 30 %, semelle Vibram\u00ae EcoStep Natural avec 90 % de composants non d\u00e9riv\u00e9s du p\u00e9trole.\" \/>\n<meta name=\"robots\" content=\"index, follow, max-snippet:-1, max-image-preview:large, max-video-preview:-1\" \/>\n<link rel=\"canonical\" href=\"https:\/\/www.miomiorun.com\/fr\/produit\/transport-homme\/\" \/>\n<meta property=\"og:locale\" content=\"fr_FR\" \/>\n<meta property=\"og:type\" content=\"article\" \/>\n<meta property=\"og:title\" content=\"HokaTransport homme - chaussures de randonn\u00e9e - MioMioRun.com\" \/>\n<meta property=\"og:description\" content=\"Transport pour homme avec semelle interm\u00e9diaire en EVA \u00e0 base de canne \u00e0 sucre \u00e0 30 %, semelle Vibram\u00ae EcoStep Natural avec 90 % de composants non d\u00e9riv\u00e9s du p\u00e9trole.\" \/>\n<meta property=\"og:url\" content=\"https:\/\/www.miomiorun.com\/fr\/produit\/transport-homme\/\" \/>\n<meta property=\"og:site_name\" content=\"MioMioRun\" \/>\n<meta property=\"article:publisher\" content=\"https:\/\/www.facebook.com\/miomiorun\/\" \/>\n<meta property=\"article:modified_time\" content=\"2025-12-06T18:00:34+00:00\" \/>\n<meta property=\"og:image\" content=\"https:\/\/www.miomiorun.com\/app\/uploads\/2025\/07\/hoka-Transport-maple-grassland-1123153-MPLG.webp\" \/>\n\t<meta property=\"og:image:width\" content=\"600\" \/>\n\t<meta property=\"og:image:height\" content=\"600\" \/>\n\t<meta property=\"og:image:type\" content=\"image\/webp\" \/>\n<meta name=\"twitter:card\" content=\"summary_large_image\" \/>\n<meta name=\"twitter:label1\" content=\"Est. reading time\" \/>\n\t<meta name=\"twitter:data1\" content=\"2 minutes\" \/>\n<script type=\"application\/ld+json\" class=\"yoast-schema-graph\">{\"@context\":\"https:\/\/schema.org\",\"@graph\":[{\"@type\":\"WebPage\",\"@id\":\"https:\/\/www.miomiorun.com\/fr\/produit\/transport-homme\/\",\"url\":\"https:\/\/www.miomiorun.com\/fr\/produit\/transport-homme\/\",\"name\":\"HokaTransport homme - chaussures de randonn\u00e9e - MioMioRun.com\",\"isPartOf\":{\"@id\":\"https:\/\/www.miomiorun.com\/fr\/#website\"},\"primaryImageOfPage\":{\"@id\":\"https:\/\/www.miomiorun.com\/fr\/produit\/transport-homme\/#primaryimage\"},\"image\":{\"@id\":\"https:\/\/www.miomiorun.com\/fr\/produit\/transport-homme\/#primaryimage\"},\"thumbnailUrl\":\"https:\/\/www.miomiorun.com\/app\/uploads\/2025\/07\/hoka-Transport-maple-grassland-1123153-MPLG.webp\",\"datePublished\":\"2023-03-30T10:17:27+00:00\",\"dateModified\":\"2025-12-06T18:00:34+00:00\",\"description\":\"Transport pour homme avec semelle interm\u00e9diaire en EVA \u00e0 base de canne \u00e0 sucre \u00e0 30 %, semelle Vibram\u00ae EcoStep Natural avec 90 % de composants non d\u00e9riv\u00e9s du p\u00e9trole.\",\"breadcrumb\":{\"@id\":\"https:\/\/www.miomiorun.com\/fr\/produit\/transport-homme\/#breadcrumb\"},\"inLanguage\":\"fr-FR\",\"potentialAction\":[{\"@type\":\"ReadAction\",\"target\":[\"https:\/\/www.miomiorun.com\/fr\/produit\/transport-homme\/\"]}]},{\"@type\":\"ImageObject\",\"inLanguage\":\"fr-FR\",\"@id\":\"https:\/\/www.miomiorun.com\/fr\/produit\/transport-homme\/#primaryimage\",\"url\":\"https:\/\/www.miomiorun.com\/app\/uploads\/2025\/07\/hoka-Transport-maple-grassland-1123153-MPLG.webp\",\"contentUrl\":\"https:\/\/www.miomiorun.com\/app\/uploads\/2025\/07\/hoka-Transport-maple-grassland-1123153-MPLG.webp\",\"width\":600,\"height\":600,\"caption\":\"hoka Transport maple grassland 1123153 MPLG\"},{\"@type\":\"BreadcrumbList\",\"@id\":\"https:\/\/www.miomiorun.com\/fr\/produit\/transport-homme\/#breadcrumb\",\"itemListElement\":[{\"@type\":\"ListItem\",\"position\":1,\"name\":\"Home\",\"item\":\"https:\/\/www.miomiorun.com\/fr\/home-page\/\"},{\"@type\":\"ListItem\",\"position\":2,\"name\":\"Shop\",\"item\":\"https:\/\/www.miomiorun.com\/shop\/\"},{\"@type\":\"ListItem\",\"position\":3,\"name\":\"Transport homme\"}]},{\"@type\":\"WebSite\",\"@id\":\"https:\/\/www.miomiorun.com\/fr\/#website\",\"url\":\"https:\/\/www.miomiorun.com\/fr\/\",\"name\":\"MioMioRun\",\"description\":\"Boutique 100% running et trail\",\"publisher\":{\"@id\":\"https:\/\/www.miomiorun.com\/fr\/#organization\"},\"potentialAction\":[{\"@type\":\"SearchAction\",\"target\":{\"@type\":\"EntryPoint\",\"urlTemplate\":\"https:\/\/www.miomiorun.com\/fr\/?s={search_term_string}\"},\"query-input\":{\"@type\":\"PropertyValueSpecification\",\"valueRequired\":true,\"valueName\":\"search_term_string\"}}],\"inLanguage\":\"fr-FR\"},{\"@type\":\"Organization\",\"@id\":\"https:\/\/www.miomiorun.com\/fr\/#organization\",\"name\":\"MioMio Run\",\"url\":\"https:\/\/www.miomiorun.com\/fr\/\",\"logo\":{\"@type\":\"ImageObject\",\"inLanguage\":\"fr-FR\",\"@id\":\"https:\/\/www.miomiorun.com\/fr\/#\/schema\/logo\/image\/\",\"url\":\"https:\/\/www.miomiorun.com\/app\/uploads\/2019\/12\/logomio.png\",\"contentUrl\":\"https:\/\/www.miomiorun.com\/app\/uploads\/2019\/12\/logomio.png\",\"width\":115,\"height\":82,\"caption\":\"MioMio Run\"},\"image\":{\"@id\":\"https:\/\/www.miomiorun.com\/fr\/#\/schema\/logo\/image\/\"},\"sameAs\":[\"https:\/\/www.facebook.com\/miomiorun\/\",\"https:\/\/www.instagram.com\/miomiorun\/\"]}]}<\/script>\n<!-- \/ Yoast SEO plugin. -->","yoast_head_json":{"title":"HokaTransport homme - chaussures de randonn\u00e9e - MioMioRun.com","description":"Transport pour homme avec semelle interm\u00e9diaire en EVA \u00e0 base de canne \u00e0 sucre \u00e0 30 %, semelle Vibram\u00ae EcoStep Natural avec 90 % de composants non d\u00e9riv\u00e9s du p\u00e9trole.","robots":{"index":"index","follow":"follow","max-snippet":"max-snippet:-1","max-image-preview":"max-image-preview:large","max-video-preview":"max-video-preview:-1"},"canonical":"https:\/\/www.miomiorun.com\/fr\/produit\/transport-homme\/","og_locale":"fr_FR","og_type":"article","og_title":"HokaTransport homme - chaussures de randonn\u00e9e - MioMioRun.com","og_description":"Transport pour homme avec semelle interm\u00e9diaire en EVA \u00e0 base de canne \u00e0 sucre \u00e0 30 %, semelle Vibram\u00ae EcoStep Natural avec 90 % de composants non d\u00e9riv\u00e9s du p\u00e9trole.","og_url":"https:\/\/www.miomiorun.com\/fr\/produit\/transport-homme\/","og_site_name":"MioMioRun","article_publisher":"https:\/\/www.facebook.com\/miomiorun\/","article_modified_time":"2025-12-06T18:00:34+00:00","og_image":[{"width":600,"height":600,"url":"https:\/\/www.miomiorun.com\/app\/uploads\/2025\/07\/hoka-Transport-maple-grassland-1123153-MPLG.webp","type":"image\/webp"}],"twitter_card":"summary_large_image","twitter_misc":{"Est. reading time":"2 minutes"},"schema":{"@context":"https:\/\/schema.org","@graph":[{"@type":"WebPage","@id":"https:\/\/www.miomiorun.com\/fr\/produit\/transport-homme\/","url":"https:\/\/www.miomiorun.com\/fr\/produit\/transport-homme\/","name":"HokaTransport homme - chaussures de randonn\u00e9e - MioMioRun.com","isPartOf":{"@id":"https:\/\/www.miomiorun.com\/fr\/#website"},"primaryImageOfPage":{"@id":"https:\/\/www.miomiorun.com\/fr\/produit\/transport-homme\/#primaryimage"},"image":{"@id":"https:\/\/www.miomiorun.com\/fr\/produit\/transport-homme\/#primaryimage"},"thumbnailUrl":"https:\/\/www.miomiorun.com\/app\/uploads\/2025\/07\/hoka-Transport-maple-grassland-1123153-MPLG.webp","datePublished":"2023-03-30T10:17:27+00:00","dateModified":"2025-12-06T18:00:34+00:00","description":"Transport pour homme avec semelle interm\u00e9diaire en EVA \u00e0 base de canne \u00e0 sucre \u00e0 30 %, semelle Vibram\u00ae EcoStep Natural avec 90 % de composants non d\u00e9riv\u00e9s du p\u00e9trole.","breadcrumb":{"@id":"https:\/\/www.miomiorun.com\/fr\/produit\/transport-homme\/#breadcrumb"},"inLanguage":"fr-FR","potentialAction":[{"@type":"ReadAction","target":["https:\/\/www.miomiorun.com\/fr\/produit\/transport-homme\/"]}]},{"@type":"ImageObject","inLanguage":"fr-FR","@id":"https:\/\/www.miomiorun.com\/fr\/produit\/transport-homme\/#primaryimage","url":"https:\/\/www.miomiorun.com\/app\/uploads\/2025\/07\/hoka-Transport-maple-grassland-1123153-MPLG.webp","contentUrl":"https:\/\/www.miomiorun.com\/app\/uploads\/2025\/07\/hoka-Transport-maple-grassland-1123153-MPLG.webp","width":600,"height":600,"caption":"hoka Transport maple grassland 1123153 MPLG"},{"@type":"BreadcrumbList","@id":"https:\/\/www.miomiorun.com\/fr\/produit\/transport-homme\/#breadcrumb","itemListElement":[{"@type":"ListItem","position":1,"name":"Home","item":"https:\/\/www.miomiorun.com\/fr\/home-page\/"},{"@type":"ListItem","position":2,"name":"Shop","item":"https:\/\/www.miomiorun.com\/shop\/"},{"@type":"ListItem","position":3,"name":"Transport homme"}]},{"@type":"WebSite","@id":"https:\/\/www.miomiorun.com\/fr\/#website","url":"https:\/\/www.miomiorun.com\/fr\/","name":"MioMioRun","description":"Boutique 100% running et trail","publisher":{"@id":"https:\/\/www.miomiorun.com\/fr\/#organization"},"potentialAction":[{"@type":"SearchAction","target":{"@type":"EntryPoint","urlTemplate":"https:\/\/www.miomiorun.com\/fr\/?s={search_term_string}"},"query-input":{"@type":"PropertyValueSpecification","valueRequired":true,"valueName":"search_term_string"}}],"inLanguage":"fr-FR"},{"@type":"Organization","@id":"https:\/\/www.miomiorun.com\/fr\/#organization","name":"MioMio Run","url":"https:\/\/www.miomiorun.com\/fr\/","logo":{"@type":"ImageObject","inLanguage":"fr-FR","@id":"https:\/\/www.miomiorun.com\/fr\/#\/schema\/logo\/image\/","url":"https:\/\/www.miomiorun.com\/app\/uploads\/2019\/12\/logomio.png","contentUrl":"https:\/\/www.miomiorun.com\/app\/uploads\/2019\/12\/logomio.png","width":115,"height":82,"caption":"MioMio Run"},"image":{"@id":"https:\/\/www.miomiorun.com\/fr\/#\/schema\/logo\/image\/"},"sameAs":["https:\/\/www.facebook.com\/miomiorun\/","https:\/\/www.instagram.com\/miomiorun\/"]}]}},"_links":{"self":[{"href":"https:\/\/www.miomiorun.com\/fr\/wp-json\/wp\/v2\/product\/285323","targetHints":{"allow":["GET"]}}],"collection":[{"href":"https:\/\/www.miomiorun.com\/fr\/wp-json\/wp\/v2\/product"}],"about":[{"href":"https:\/\/www.miomiorun.com\/fr\/wp-json\/wp\/v2\/types\/product"}],"wp:featuredmedia":[{"embeddable":true,"href":"https:\/\/www.miomiorun.com\/fr\/wp-json\/wp\/v2\/media\/329760"}],"wp:attachment":[{"href":"https:\/\/www.miomiorun.com\/fr\/wp-json\/wp\/v2\/media?parent=285323"}],"wp:term":[{"taxonomy":"product_brand","embeddable":true,"href":"https:\/\/www.miomiorun.com\/fr\/wp-json\/wp\/v2\/product_brand?post=285323"},{"taxonomy":"product_cat","embeddable":true,"href":"https:\/\/www.miomiorun.com\/fr\/wp-json\/wp\/v2\/product_cat?post=285323"},{"taxonomy":"product_tag","embeddable":true,"href":"https:\/\/www.miomiorun.com\/fr\/wp-json\/wp\/v2\/product_tag?post=285323"}],"curies":[{"name":"wp","href":"https:\/\/api.w.org\/{rel}","templated":true}]}}