{"id":285316,"date":"2023-04-05T18:32:23","date_gmt":"2023-04-05T16:32:23","guid":{"rendered":"https:\/\/miomiorun.com\/prodotto\/pull-wonder-magic-light-donna\/"},"modified":"2026-03-30T16:17:16","modified_gmt":"2026-03-30T14:17:16","slug":"pull-wonder-magic-light-femme","status":"publish","type":"product","link":"https:\/\/www.miomiorun.com\/fr\/produit\/pull-wonder-magic-light-femme\/","title":{"rendered":"Pull Wonder Magic Light femme"},"content":{"rendered":"<div class=\"single-product-description\">\n<div class=\"single-product-description\">\n<div class=\"single-product-description\">\n<p>Crazy a la particularit\u00e9 de proposer des v\u00eatements fabriqu\u00e9s \u00e0 partir de tissus techniques combin\u00e9s \u00e0 un choix inhabituel d&#8217;imprim\u00e9s et de couleurs ;<\/p>\n<p>le <strong>pull Wonder Magic Light<\/strong> pour femmes, bien que con\u00e7u pour des activit\u00e9s de plein air de faible intensit\u00e9, r\u00e9pond bien aux exigences de confort et de style moderne dans les activit\u00e9s de tous les jours. La production avec le tissu technique HP assure une r\u00e9gulation thermique correcte, tandis que l&#8217;imprim\u00e9 all over le diff\u00e9rencie de tous les autres pulls dans le monde de l&#8217;outdoor.<\/p>\n<p><strong>Caract\u00e9ristiques :<\/strong><\/p>\n<ul>\n<li>Fermeture \u00e9clair int\u00e9grale divisible<\/li>\n<li>Bas de manche \u00e9lastiqu\u00e9<\/li>\n<li>Deux poches zipp\u00e9es<\/li>\n<\/ul>\n<\/div>\n<\/div>\n<\/div>\n","protected":false},"excerpt":{"rendered":"<ul>\n<li>Fermeture \u00e9clair int\u00e9grale divisible<\/li>\n<li>Ourlet \u00e9lastique au bas des manches<\/li>\n<li>Deux poches zipp\u00e9es pour les mains<\/li>\n<\/ul>\n","protected":false},"featured_media":432213,"template":"","meta":{"_acf_changed":false,"inline_featured_image":false},"product_brand":[],"product_cat":[22601,22596],"product_tag":[23489,23491],"class_list":{"0":"post-285316","1":"product","2":"type-product","3":"status-publish","4":"has-post-thumbnail","6":"product_cat-maillots","7":"product_cat-vetements-pour-femmes","8":"product_tag-crazy-idea-fr","9":"product_tag-crazy-idea-femme","10":"pa_attivita-marcher","11":"pa_attivita-outdoor-fr","12":"pa_colore-pull-wonder-magic-light-w-crazy-wave-fr","13":"pa_colore-pull-wonder-magic-light-w-print-alpin-fl","14":"pa_colore-pull-wonder-magic-light-w-print-tattoo-fr","15":"pa_colore-pull-wonder-magic-light-w-wild-garden","16":"pa_marca-crazy-idea-fr","17":"pa_sesso-femme","18":"pa_size-extra-small-fr","19":"pa_size-small-fr","20":"pa_size-medium-fr","21":"pa_size-large-fr","23":"first","24":"instock","25":"sale","26":"taxable","27":"shipping-taxable","28":"purchasable","29":"product-type-variable","30":"wvs-archive-product-wrapper"},"acf":[],"yoast_head":"<!-- This site is optimized with the Yoast SEO plugin v26.8 - https:\/\/yoast.com\/product\/yoast-seo-wordpress\/ -->\n<title>Crazy Idea Pull Wonder Magic Light femme - Jersey- MioMioRun<\/title>\n<meta name=\"description\" content=\"la Pull Wonder Magic Light pour femmes, bien que con\u00e7ue pour des activit\u00e9s de plein air de faible intensit\u00e9, r\u00e9pond \u00e9galement \u00e0 un besoin de confort\" \/>\n<meta name=\"robots\" content=\"index, follow, max-snippet:-1, max-image-preview:large, max-video-preview:-1\" \/>\n<link rel=\"canonical\" href=\"https:\/\/www.miomiorun.com\/fr\/produit\/pull-wonder-magic-light-femme\/\" \/>\n<meta property=\"og:locale\" content=\"fr_FR\" \/>\n<meta property=\"og:type\" content=\"article\" \/>\n<meta property=\"og:title\" content=\"Crazy Idea Pull Wonder Magic Light femme - Jersey- MioMioRun\" \/>\n<meta property=\"og:description\" content=\"la Pull Wonder Magic Light pour femmes, bien que con\u00e7ue pour des activit\u00e9s de plein air de faible intensit\u00e9, r\u00e9pond \u00e9galement \u00e0 un besoin de confort\" \/>\n<meta property=\"og:url\" content=\"https:\/\/www.miomiorun.com\/fr\/produit\/pull-wonder-magic-light-femme\/\" \/>\n<meta property=\"og:site_name\" content=\"MioMioRun\" \/>\n<meta property=\"article:publisher\" content=\"https:\/\/www.facebook.com\/miomiorun\/\" \/>\n<meta property=\"article:modified_time\" content=\"2026-03-30T14:17:16+00:00\" \/>\n<meta property=\"og:image\" content=\"https:\/\/www.miomiorun.com\/app\/uploads\/2025\/04\/crazy-Pull-Wonder-Magic-Light-W-print-tattoo-S25025118D-00X018.webp\" \/>\n\t<meta property=\"og:image:width\" content=\"600\" \/>\n\t<meta property=\"og:image:height\" content=\"600\" \/>\n\t<meta property=\"og:image:type\" content=\"image\/webp\" \/>\n<meta name=\"twitter:card\" content=\"summary_large_image\" \/>\n<meta name=\"twitter:label1\" content=\"Est. reading time\" \/>\n\t<meta name=\"twitter:data1\" content=\"1 minute\" \/>\n<script type=\"application\/ld+json\" class=\"yoast-schema-graph\">{\"@context\":\"https:\/\/schema.org\",\"@graph\":[{\"@type\":\"WebPage\",\"@id\":\"https:\/\/www.miomiorun.com\/fr\/produit\/pull-wonder-magic-light-femme\/\",\"url\":\"https:\/\/www.miomiorun.com\/fr\/produit\/pull-wonder-magic-light-femme\/\",\"name\":\"Crazy Idea Pull Wonder Magic Light femme - Jersey- MioMioRun\",\"isPartOf\":{\"@id\":\"https:\/\/www.miomiorun.com\/fr\/#website\"},\"primaryImageOfPage\":{\"@id\":\"https:\/\/www.miomiorun.com\/fr\/produit\/pull-wonder-magic-light-femme\/#primaryimage\"},\"image\":{\"@id\":\"https:\/\/www.miomiorun.com\/fr\/produit\/pull-wonder-magic-light-femme\/#primaryimage\"},\"thumbnailUrl\":\"https:\/\/www.miomiorun.com\/app\/uploads\/2026\/04\/crazy-Pull-wonder-magic-light-W-wild-garden-S26025118D-00X135.webp\",\"datePublished\":\"2023-04-05T16:32:23+00:00\",\"dateModified\":\"2026-03-30T14:17:16+00:00\",\"description\":\"la Pull Wonder Magic Light pour femmes, bien que con\u00e7ue pour des activit\u00e9s de plein air de faible intensit\u00e9, r\u00e9pond \u00e9galement \u00e0 un besoin de confort\",\"breadcrumb\":{\"@id\":\"https:\/\/www.miomiorun.com\/fr\/produit\/pull-wonder-magic-light-femme\/#breadcrumb\"},\"inLanguage\":\"fr-FR\",\"potentialAction\":[{\"@type\":\"ReadAction\",\"target\":[\"https:\/\/www.miomiorun.com\/fr\/produit\/pull-wonder-magic-light-femme\/\"]}]},{\"@type\":\"ImageObject\",\"inLanguage\":\"fr-FR\",\"@id\":\"https:\/\/www.miomiorun.com\/fr\/produit\/pull-wonder-magic-light-femme\/#primaryimage\",\"url\":\"https:\/\/www.miomiorun.com\/app\/uploads\/2026\/04\/crazy-Pull-wonder-magic-light-W-wild-garden-S26025118D-00X135.webp\",\"contentUrl\":\"https:\/\/www.miomiorun.com\/app\/uploads\/2026\/04\/crazy-Pull-wonder-magic-light-W-wild-garden-S26025118D-00X135.webp\",\"width\":720,\"height\":720,\"caption\":\"crazy Pull wonder magic light W wild garden S26025118D-00X135\"},{\"@type\":\"BreadcrumbList\",\"@id\":\"https:\/\/www.miomiorun.com\/fr\/produit\/pull-wonder-magic-light-femme\/#breadcrumb\",\"itemListElement\":[{\"@type\":\"ListItem\",\"position\":1,\"name\":\"Home\",\"item\":\"https:\/\/www.miomiorun.com\/fr\/home-page\/\"},{\"@type\":\"ListItem\",\"position\":2,\"name\":\"Shop\",\"item\":\"https:\/\/www.miomiorun.com\/shop\/\"},{\"@type\":\"ListItem\",\"position\":3,\"name\":\"Pull Wonder Magic Light femme\"}]},{\"@type\":\"WebSite\",\"@id\":\"https:\/\/www.miomiorun.com\/fr\/#website\",\"url\":\"https:\/\/www.miomiorun.com\/fr\/\",\"name\":\"MioMioRun\",\"description\":\"Boutique 100% running et trail\",\"publisher\":{\"@id\":\"https:\/\/www.miomiorun.com\/fr\/#organization\"},\"potentialAction\":[{\"@type\":\"SearchAction\",\"target\":{\"@type\":\"EntryPoint\",\"urlTemplate\":\"https:\/\/www.miomiorun.com\/fr\/?s={search_term_string}\"},\"query-input\":{\"@type\":\"PropertyValueSpecification\",\"valueRequired\":true,\"valueName\":\"search_term_string\"}}],\"inLanguage\":\"fr-FR\"},{\"@type\":\"Organization\",\"@id\":\"https:\/\/www.miomiorun.com\/fr\/#organization\",\"name\":\"MioMio Run\",\"url\":\"https:\/\/www.miomiorun.com\/fr\/\",\"logo\":{\"@type\":\"ImageObject\",\"inLanguage\":\"fr-FR\",\"@id\":\"https:\/\/www.miomiorun.com\/fr\/#\/schema\/logo\/image\/\",\"url\":\"https:\/\/www.miomiorun.com\/app\/uploads\/2019\/12\/logomio.png\",\"contentUrl\":\"https:\/\/www.miomiorun.com\/app\/uploads\/2019\/12\/logomio.png\",\"width\":115,\"height\":82,\"caption\":\"MioMio Run\"},\"image\":{\"@id\":\"https:\/\/www.miomiorun.com\/fr\/#\/schema\/logo\/image\/\"},\"sameAs\":[\"https:\/\/www.facebook.com\/miomiorun\/\",\"https:\/\/www.instagram.com\/miomiorun\/\"]}]}<\/script>\n<!-- \/ Yoast SEO plugin. -->","yoast_head_json":{"title":"Crazy Idea Pull Wonder Magic Light femme - Jersey- MioMioRun","description":"la Pull Wonder Magic Light pour femmes, bien que con\u00e7ue pour des activit\u00e9s de plein air de faible intensit\u00e9, r\u00e9pond \u00e9galement \u00e0 un besoin de confort","robots":{"index":"index","follow":"follow","max-snippet":"max-snippet:-1","max-image-preview":"max-image-preview:large","max-video-preview":"max-video-preview:-1"},"canonical":"https:\/\/www.miomiorun.com\/fr\/produit\/pull-wonder-magic-light-femme\/","og_locale":"fr_FR","og_type":"article","og_title":"Crazy Idea Pull Wonder Magic Light femme - Jersey- MioMioRun","og_description":"la Pull Wonder Magic Light pour femmes, bien que con\u00e7ue pour des activit\u00e9s de plein air de faible intensit\u00e9, r\u00e9pond \u00e9galement \u00e0 un besoin de confort","og_url":"https:\/\/www.miomiorun.com\/fr\/produit\/pull-wonder-magic-light-femme\/","og_site_name":"MioMioRun","article_publisher":"https:\/\/www.facebook.com\/miomiorun\/","article_modified_time":"2026-03-30T14:17:16+00:00","og_image":[{"width":600,"height":600,"url":"https:\/\/www.miomiorun.com\/app\/uploads\/2025\/04\/crazy-Pull-Wonder-Magic-Light-W-print-tattoo-S25025118D-00X018.webp","type":"image\/webp"}],"twitter_card":"summary_large_image","twitter_misc":{"Est. reading time":"1 minute"},"schema":{"@context":"https:\/\/schema.org","@graph":[{"@type":"WebPage","@id":"https:\/\/www.miomiorun.com\/fr\/produit\/pull-wonder-magic-light-femme\/","url":"https:\/\/www.miomiorun.com\/fr\/produit\/pull-wonder-magic-light-femme\/","name":"Crazy Idea Pull Wonder Magic Light femme - Jersey- MioMioRun","isPartOf":{"@id":"https:\/\/www.miomiorun.com\/fr\/#website"},"primaryImageOfPage":{"@id":"https:\/\/www.miomiorun.com\/fr\/produit\/pull-wonder-magic-light-femme\/#primaryimage"},"image":{"@id":"https:\/\/www.miomiorun.com\/fr\/produit\/pull-wonder-magic-light-femme\/#primaryimage"},"thumbnailUrl":"https:\/\/www.miomiorun.com\/app\/uploads\/2026\/04\/crazy-Pull-wonder-magic-light-W-wild-garden-S26025118D-00X135.webp","datePublished":"2023-04-05T16:32:23+00:00","dateModified":"2026-03-30T14:17:16+00:00","description":"la Pull Wonder Magic Light pour femmes, bien que con\u00e7ue pour des activit\u00e9s de plein air de faible intensit\u00e9, r\u00e9pond \u00e9galement \u00e0 un besoin de confort","breadcrumb":{"@id":"https:\/\/www.miomiorun.com\/fr\/produit\/pull-wonder-magic-light-femme\/#breadcrumb"},"inLanguage":"fr-FR","potentialAction":[{"@type":"ReadAction","target":["https:\/\/www.miomiorun.com\/fr\/produit\/pull-wonder-magic-light-femme\/"]}]},{"@type":"ImageObject","inLanguage":"fr-FR","@id":"https:\/\/www.miomiorun.com\/fr\/produit\/pull-wonder-magic-light-femme\/#primaryimage","url":"https:\/\/www.miomiorun.com\/app\/uploads\/2026\/04\/crazy-Pull-wonder-magic-light-W-wild-garden-S26025118D-00X135.webp","contentUrl":"https:\/\/www.miomiorun.com\/app\/uploads\/2026\/04\/crazy-Pull-wonder-magic-light-W-wild-garden-S26025118D-00X135.webp","width":720,"height":720,"caption":"crazy Pull wonder magic light W wild garden S26025118D-00X135"},{"@type":"BreadcrumbList","@id":"https:\/\/www.miomiorun.com\/fr\/produit\/pull-wonder-magic-light-femme\/#breadcrumb","itemListElement":[{"@type":"ListItem","position":1,"name":"Home","item":"https:\/\/www.miomiorun.com\/fr\/home-page\/"},{"@type":"ListItem","position":2,"name":"Shop","item":"https:\/\/www.miomiorun.com\/shop\/"},{"@type":"ListItem","position":3,"name":"Pull Wonder Magic Light femme"}]},{"@type":"WebSite","@id":"https:\/\/www.miomiorun.com\/fr\/#website","url":"https:\/\/www.miomiorun.com\/fr\/","name":"MioMioRun","description":"Boutique 100% running et trail","publisher":{"@id":"https:\/\/www.miomiorun.com\/fr\/#organization"},"potentialAction":[{"@type":"SearchAction","target":{"@type":"EntryPoint","urlTemplate":"https:\/\/www.miomiorun.com\/fr\/?s={search_term_string}"},"query-input":{"@type":"PropertyValueSpecification","valueRequired":true,"valueName":"search_term_string"}}],"inLanguage":"fr-FR"},{"@type":"Organization","@id":"https:\/\/www.miomiorun.com\/fr\/#organization","name":"MioMio Run","url":"https:\/\/www.miomiorun.com\/fr\/","logo":{"@type":"ImageObject","inLanguage":"fr-FR","@id":"https:\/\/www.miomiorun.com\/fr\/#\/schema\/logo\/image\/","url":"https:\/\/www.miomiorun.com\/app\/uploads\/2019\/12\/logomio.png","contentUrl":"https:\/\/www.miomiorun.com\/app\/uploads\/2019\/12\/logomio.png","width":115,"height":82,"caption":"MioMio Run"},"image":{"@id":"https:\/\/www.miomiorun.com\/fr\/#\/schema\/logo\/image\/"},"sameAs":["https:\/\/www.facebook.com\/miomiorun\/","https:\/\/www.instagram.com\/miomiorun\/"]}]}},"_links":{"self":[{"href":"https:\/\/www.miomiorun.com\/fr\/wp-json\/wp\/v2\/product\/285316","targetHints":{"allow":["GET"]}}],"collection":[{"href":"https:\/\/www.miomiorun.com\/fr\/wp-json\/wp\/v2\/product"}],"about":[{"href":"https:\/\/www.miomiorun.com\/fr\/wp-json\/wp\/v2\/types\/product"}],"wp:featuredmedia":[{"embeddable":true,"href":"https:\/\/www.miomiorun.com\/fr\/wp-json\/wp\/v2\/media\/432213"}],"wp:attachment":[{"href":"https:\/\/www.miomiorun.com\/fr\/wp-json\/wp\/v2\/media?parent=285316"}],"wp:term":[{"taxonomy":"product_brand","embeddable":true,"href":"https:\/\/www.miomiorun.com\/fr\/wp-json\/wp\/v2\/product_brand?post=285316"},{"taxonomy":"product_cat","embeddable":true,"href":"https:\/\/www.miomiorun.com\/fr\/wp-json\/wp\/v2\/product_cat?post=285316"},{"taxonomy":"product_tag","embeddable":true,"href":"https:\/\/www.miomiorun.com\/fr\/wp-json\/wp\/v2\/product_tag?post=285316"}],"curies":[{"name":"wp","href":"https:\/\/api.w.org\/{rel}","templated":true}]}}