{"id":285263,"date":"2023-04-06T13:07:17","date_gmt":"2023-04-06T11:07:17","guid":{"rendered":"https:\/\/miomiorun.com\/prodotto\/short-ionic-donna\/"},"modified":"2025-07-12T12:19:22","modified_gmt":"2025-07-12T10:19:22","slug":"short-ionic-femme","status":"publish","type":"product","link":"https:\/\/www.miomiorun.com\/fr\/produit\/short-ionic-femme\/","title":{"rendered":"Short Ionic femme"},"content":{"rendered":"<div class=\"single-product-description\">\n<p>Un short nomm\u00e9 d&#8217;apr\u00e8s la collection de trekking la plus embl\u00e9matique, ce v\u00eatement est con\u00e7u pour les longues marches les jours d&#8217;\u00e9t\u00e9.<\/p>\n<p>Le Women&#8217;s <strong>Short Ionic<\/strong> est fabriqu\u00e9 \u00e0 partir d&#8217;un tissu Endurance light bi-\u00e9lastique super doux et durable, avec un traitement d\u00e9perlant DWR. La ceinture est en microfibre fra\u00eeche \u00e0 s\u00e9chage rapide, confortable et pratique. Deux poches lat\u00e9rales avec fermeture \u00e9clair invisible de couleur contrast\u00e9e.<\/p>\n<p><strong>Caract\u00e9ristiques :<\/strong><\/p>\n<ul>\n<li>2 poches lat\u00e9rales zipp\u00e9es de couleur contrast\u00e9e<\/li>\n<li>Ceinture confortable en microfibre<\/li>\n<\/ul>\n<\/div>\n","protected":false},"excerpt":{"rendered":"<ul>\n<li>Deux poches lat\u00e9rales avec fermetures \u00e9clair de couleur contrast\u00e9e<\/li>\n<li>Ceinture confortable en microfibre<\/li>\n<\/ul>\n","protected":false},"featured_media":239683,"template":"","meta":{"_acf_changed":false,"inline_featured_image":false},"product_brand":[],"product_cat":[22602,22596,22595],"product_tag":[23489,23491],"class_list":{"0":"post-285263","1":"product","2":"type-product","3":"status-publish","4":"has-post-thumbnail","6":"product_cat-pantalon-court","7":"product_cat-vetements-pour-femmes","8":"product_cat-femme","9":"product_tag-crazy-idea-fr","10":"product_tag-crazy-idea-femme","11":"pa_attivita-marcher","12":"pa_attivita-outdoor-fr","13":"pa_colore-short-ionic-vento-fr","14":"pa_colore-short-ionic-w-pop-fr","15":"pa_marca-crazy-idea-fr","16":"pa_sesso-femme","17":"pa_size-extra-small-fr","18":"pa_size-small-fr","19":"pa_size-medium-fr","20":"pa_size-large-fr","22":"first","23":"instock","24":"sale","25":"taxable","26":"shipping-taxable","27":"purchasable","28":"product-type-variable","29":"wvs-archive-product-wrapper"},"acf":[],"yoast_head":"<!-- This site is optimized with the Yoast SEO plugin v26.8 - https:\/\/yoast.com\/product\/yoast-seo-wordpress\/ -->\n<title>Crazy Idea Short Ionic femme - Shorts pour femmes- MioMioRun<\/title>\n<meta name=\"description\" content=\"con\u00e7u pour les longues promenades des jours d&#039;\u00e9t\u00e9. Fabriqu\u00e9 en tissu Endurance l\u00e9ger, bi-\u00e9lastique et durable, tr\u00e8s doux.\" \/>\n<meta name=\"robots\" content=\"index, follow, max-snippet:-1, max-image-preview:large, max-video-preview:-1\" \/>\n<link rel=\"canonical\" href=\"https:\/\/www.miomiorun.com\/fr\/produit\/short-ionic-femme\/\" \/>\n<meta property=\"og:locale\" content=\"fr_FR\" \/>\n<meta property=\"og:type\" content=\"article\" \/>\n<meta property=\"og:title\" content=\"Crazy Idea Short Ionic femme - Shorts pour femmes- MioMioRun\" \/>\n<meta property=\"og:description\" content=\"con\u00e7u pour les longues promenades des jours d&#039;\u00e9t\u00e9. Fabriqu\u00e9 en tissu Endurance l\u00e9ger, bi-\u00e9lastique et durable, tr\u00e8s doux.\" \/>\n<meta property=\"og:url\" content=\"https:\/\/www.miomiorun.com\/fr\/produit\/short-ionic-femme\/\" \/>\n<meta property=\"og:site_name\" content=\"MioMioRun\" \/>\n<meta property=\"article:publisher\" content=\"https:\/\/www.facebook.com\/miomiorun\/\" \/>\n<meta property=\"article:modified_time\" content=\"2025-07-12T10:19:22+00:00\" \/>\n<meta property=\"og:image\" content=\"https:\/\/www.miomiorun.com\/app\/uploads\/2023\/03\/crazy-idea-short-ionic-W-pop-S23015147D-0063.jpg\" \/>\n\t<meta property=\"og:image:width\" content=\"600\" \/>\n\t<meta property=\"og:image:height\" content=\"600\" \/>\n\t<meta property=\"og:image:type\" content=\"image\/jpeg\" \/>\n<meta name=\"twitter:card\" content=\"summary_large_image\" \/>\n<script type=\"application\/ld+json\" class=\"yoast-schema-graph\">{\"@context\":\"https:\/\/schema.org\",\"@graph\":[{\"@type\":\"WebPage\",\"@id\":\"https:\/\/www.miomiorun.com\/fr\/produit\/short-ionic-femme\/\",\"url\":\"https:\/\/www.miomiorun.com\/fr\/produit\/short-ionic-femme\/\",\"name\":\"Crazy Idea Short Ionic femme - Shorts pour femmes- MioMioRun\",\"isPartOf\":{\"@id\":\"https:\/\/www.miomiorun.com\/fr\/#website\"},\"primaryImageOfPage\":{\"@id\":\"https:\/\/www.miomiorun.com\/fr\/produit\/short-ionic-femme\/#primaryimage\"},\"image\":{\"@id\":\"https:\/\/www.miomiorun.com\/fr\/produit\/short-ionic-femme\/#primaryimage\"},\"thumbnailUrl\":\"https:\/\/www.miomiorun.com\/app\/uploads\/2023\/03\/crazy-idea-short-ionic-W-pop-S23015147D-0063.jpg\",\"datePublished\":\"2023-04-06T11:07:17+00:00\",\"dateModified\":\"2025-07-12T10:19:22+00:00\",\"description\":\"con\u00e7u pour les longues promenades des jours d'\u00e9t\u00e9. Fabriqu\u00e9 en tissu Endurance l\u00e9ger, bi-\u00e9lastique et durable, tr\u00e8s doux.\",\"breadcrumb\":{\"@id\":\"https:\/\/www.miomiorun.com\/fr\/produit\/short-ionic-femme\/#breadcrumb\"},\"inLanguage\":\"fr-FR\",\"potentialAction\":[{\"@type\":\"ReadAction\",\"target\":[\"https:\/\/www.miomiorun.com\/fr\/produit\/short-ionic-femme\/\"]}]},{\"@type\":\"ImageObject\",\"inLanguage\":\"fr-FR\",\"@id\":\"https:\/\/www.miomiorun.com\/fr\/produit\/short-ionic-femme\/#primaryimage\",\"url\":\"https:\/\/www.miomiorun.com\/app\/uploads\/2023\/03\/crazy-idea-short-ionic-W-pop-S23015147D-0063.jpg\",\"contentUrl\":\"https:\/\/www.miomiorun.com\/app\/uploads\/2023\/03\/crazy-idea-short-ionic-W-pop-S23015147D-0063.jpg\",\"width\":600,\"height\":600,\"caption\":\"crazy-idea-short-ionic-W-pop-S23015147D-0063\"},{\"@type\":\"BreadcrumbList\",\"@id\":\"https:\/\/www.miomiorun.com\/fr\/produit\/short-ionic-femme\/#breadcrumb\",\"itemListElement\":[{\"@type\":\"ListItem\",\"position\":1,\"name\":\"Home\",\"item\":\"https:\/\/www.miomiorun.com\/fr\/home-page\/\"},{\"@type\":\"ListItem\",\"position\":2,\"name\":\"Shop\",\"item\":\"https:\/\/www.miomiorun.com\/shop\/\"},{\"@type\":\"ListItem\",\"position\":3,\"name\":\"Short Ionic femme\"}]},{\"@type\":\"WebSite\",\"@id\":\"https:\/\/www.miomiorun.com\/fr\/#website\",\"url\":\"https:\/\/www.miomiorun.com\/fr\/\",\"name\":\"MioMioRun\",\"description\":\"Boutique 100% running et trail\",\"publisher\":{\"@id\":\"https:\/\/www.miomiorun.com\/fr\/#organization\"},\"potentialAction\":[{\"@type\":\"SearchAction\",\"target\":{\"@type\":\"EntryPoint\",\"urlTemplate\":\"https:\/\/www.miomiorun.com\/fr\/?s={search_term_string}\"},\"query-input\":{\"@type\":\"PropertyValueSpecification\",\"valueRequired\":true,\"valueName\":\"search_term_string\"}}],\"inLanguage\":\"fr-FR\"},{\"@type\":\"Organization\",\"@id\":\"https:\/\/www.miomiorun.com\/fr\/#organization\",\"name\":\"MioMio Run\",\"url\":\"https:\/\/www.miomiorun.com\/fr\/\",\"logo\":{\"@type\":\"ImageObject\",\"inLanguage\":\"fr-FR\",\"@id\":\"https:\/\/www.miomiorun.com\/fr\/#\/schema\/logo\/image\/\",\"url\":\"https:\/\/www.miomiorun.com\/app\/uploads\/2019\/12\/logomio.png\",\"contentUrl\":\"https:\/\/www.miomiorun.com\/app\/uploads\/2019\/12\/logomio.png\",\"width\":115,\"height\":82,\"caption\":\"MioMio Run\"},\"image\":{\"@id\":\"https:\/\/www.miomiorun.com\/fr\/#\/schema\/logo\/image\/\"},\"sameAs\":[\"https:\/\/www.facebook.com\/miomiorun\/\",\"https:\/\/www.instagram.com\/miomiorun\/\"]}]}<\/script>\n<!-- \/ Yoast SEO plugin. -->","yoast_head_json":{"title":"Crazy Idea Short Ionic femme - Shorts pour femmes- MioMioRun","description":"con\u00e7u pour les longues promenades des jours d'\u00e9t\u00e9. Fabriqu\u00e9 en tissu Endurance l\u00e9ger, bi-\u00e9lastique et durable, tr\u00e8s doux.","robots":{"index":"index","follow":"follow","max-snippet":"max-snippet:-1","max-image-preview":"max-image-preview:large","max-video-preview":"max-video-preview:-1"},"canonical":"https:\/\/www.miomiorun.com\/fr\/produit\/short-ionic-femme\/","og_locale":"fr_FR","og_type":"article","og_title":"Crazy Idea Short Ionic femme - Shorts pour femmes- MioMioRun","og_description":"con\u00e7u pour les longues promenades des jours d'\u00e9t\u00e9. Fabriqu\u00e9 en tissu Endurance l\u00e9ger, bi-\u00e9lastique et durable, tr\u00e8s doux.","og_url":"https:\/\/www.miomiorun.com\/fr\/produit\/short-ionic-femme\/","og_site_name":"MioMioRun","article_publisher":"https:\/\/www.facebook.com\/miomiorun\/","article_modified_time":"2025-07-12T10:19:22+00:00","og_image":[{"width":600,"height":600,"url":"https:\/\/www.miomiorun.com\/app\/uploads\/2023\/03\/crazy-idea-short-ionic-W-pop-S23015147D-0063.jpg","type":"image\/jpeg"}],"twitter_card":"summary_large_image","schema":{"@context":"https:\/\/schema.org","@graph":[{"@type":"WebPage","@id":"https:\/\/www.miomiorun.com\/fr\/produit\/short-ionic-femme\/","url":"https:\/\/www.miomiorun.com\/fr\/produit\/short-ionic-femme\/","name":"Crazy Idea Short Ionic femme - Shorts pour femmes- MioMioRun","isPartOf":{"@id":"https:\/\/www.miomiorun.com\/fr\/#website"},"primaryImageOfPage":{"@id":"https:\/\/www.miomiorun.com\/fr\/produit\/short-ionic-femme\/#primaryimage"},"image":{"@id":"https:\/\/www.miomiorun.com\/fr\/produit\/short-ionic-femme\/#primaryimage"},"thumbnailUrl":"https:\/\/www.miomiorun.com\/app\/uploads\/2023\/03\/crazy-idea-short-ionic-W-pop-S23015147D-0063.jpg","datePublished":"2023-04-06T11:07:17+00:00","dateModified":"2025-07-12T10:19:22+00:00","description":"con\u00e7u pour les longues promenades des jours d'\u00e9t\u00e9. Fabriqu\u00e9 en tissu Endurance l\u00e9ger, bi-\u00e9lastique et durable, tr\u00e8s doux.","breadcrumb":{"@id":"https:\/\/www.miomiorun.com\/fr\/produit\/short-ionic-femme\/#breadcrumb"},"inLanguage":"fr-FR","potentialAction":[{"@type":"ReadAction","target":["https:\/\/www.miomiorun.com\/fr\/produit\/short-ionic-femme\/"]}]},{"@type":"ImageObject","inLanguage":"fr-FR","@id":"https:\/\/www.miomiorun.com\/fr\/produit\/short-ionic-femme\/#primaryimage","url":"https:\/\/www.miomiorun.com\/app\/uploads\/2023\/03\/crazy-idea-short-ionic-W-pop-S23015147D-0063.jpg","contentUrl":"https:\/\/www.miomiorun.com\/app\/uploads\/2023\/03\/crazy-idea-short-ionic-W-pop-S23015147D-0063.jpg","width":600,"height":600,"caption":"crazy-idea-short-ionic-W-pop-S23015147D-0063"},{"@type":"BreadcrumbList","@id":"https:\/\/www.miomiorun.com\/fr\/produit\/short-ionic-femme\/#breadcrumb","itemListElement":[{"@type":"ListItem","position":1,"name":"Home","item":"https:\/\/www.miomiorun.com\/fr\/home-page\/"},{"@type":"ListItem","position":2,"name":"Shop","item":"https:\/\/www.miomiorun.com\/shop\/"},{"@type":"ListItem","position":3,"name":"Short Ionic femme"}]},{"@type":"WebSite","@id":"https:\/\/www.miomiorun.com\/fr\/#website","url":"https:\/\/www.miomiorun.com\/fr\/","name":"MioMioRun","description":"Boutique 100% running et trail","publisher":{"@id":"https:\/\/www.miomiorun.com\/fr\/#organization"},"potentialAction":[{"@type":"SearchAction","target":{"@type":"EntryPoint","urlTemplate":"https:\/\/www.miomiorun.com\/fr\/?s={search_term_string}"},"query-input":{"@type":"PropertyValueSpecification","valueRequired":true,"valueName":"search_term_string"}}],"inLanguage":"fr-FR"},{"@type":"Organization","@id":"https:\/\/www.miomiorun.com\/fr\/#organization","name":"MioMio Run","url":"https:\/\/www.miomiorun.com\/fr\/","logo":{"@type":"ImageObject","inLanguage":"fr-FR","@id":"https:\/\/www.miomiorun.com\/fr\/#\/schema\/logo\/image\/","url":"https:\/\/www.miomiorun.com\/app\/uploads\/2019\/12\/logomio.png","contentUrl":"https:\/\/www.miomiorun.com\/app\/uploads\/2019\/12\/logomio.png","width":115,"height":82,"caption":"MioMio Run"},"image":{"@id":"https:\/\/www.miomiorun.com\/fr\/#\/schema\/logo\/image\/"},"sameAs":["https:\/\/www.facebook.com\/miomiorun\/","https:\/\/www.instagram.com\/miomiorun\/"]}]}},"_links":{"self":[{"href":"https:\/\/www.miomiorun.com\/fr\/wp-json\/wp\/v2\/product\/285263","targetHints":{"allow":["GET"]}}],"collection":[{"href":"https:\/\/www.miomiorun.com\/fr\/wp-json\/wp\/v2\/product"}],"about":[{"href":"https:\/\/www.miomiorun.com\/fr\/wp-json\/wp\/v2\/types\/product"}],"wp:featuredmedia":[{"embeddable":true,"href":"https:\/\/www.miomiorun.com\/fr\/wp-json\/wp\/v2\/media\/239683"}],"wp:attachment":[{"href":"https:\/\/www.miomiorun.com\/fr\/wp-json\/wp\/v2\/media?parent=285263"}],"wp:term":[{"taxonomy":"product_brand","embeddable":true,"href":"https:\/\/www.miomiorun.com\/fr\/wp-json\/wp\/v2\/product_brand?post=285263"},{"taxonomy":"product_cat","embeddable":true,"href":"https:\/\/www.miomiorun.com\/fr\/wp-json\/wp\/v2\/product_cat?post=285263"},{"taxonomy":"product_tag","embeddable":true,"href":"https:\/\/www.miomiorun.com\/fr\/wp-json\/wp\/v2\/product_tag?post=285263"}],"curies":[{"name":"wp","href":"https:\/\/api.w.org\/{rel}","templated":true}]}}