{"id":285260,"date":"2023-04-06T13:26:06","date_gmt":"2023-04-06T11:26:06","guid":{"rendered":"https:\/\/miomiorun.com\/prodotto\/adv-cool-intensity-sl-uomo\/"},"modified":"2025-07-12T12:16:28","modified_gmt":"2025-07-12T10:16:28","slug":"adv-cool-intensity-sl-homme","status":"publish","type":"product","link":"https:\/\/www.miomiorun.com\/fr\/produit\/adv-cool-intensity-sl-homme\/","title":{"rendered":"ADV Cool Intensity SL homme"},"content":{"rendered":"<p id=\"tw-target-text\" class=\"tw-data-text tw-text-large XcVN5d tw-ta\" dir=\"ltr\" data-placeholder=\"Traduzione\">Le <strong>ADV Cool Intensity SL Tee<\/strong> pour homme est un maillot sans manches l\u00e9ger et rafra\u00eechissant qui offre une excellente gestion de la temp\u00e9rature corporelle lors d&#8217;un entra\u00eenement \u00e0 haute intensit\u00e9 dans des conditions chaudes.<\/p>\n<p>Ce tee-shirt sans manches est fabriqu\u00e9 en polyester recycl\u00e9 hautement fonctionnel et pr\u00e9sente une construction sans coutures avec une construction anatomique pour une meilleure ventilation aux endroits chauds. Parfait pour \u00eatre port\u00e9 sous un maillot de v\u00e9lo ou seul pendant l&#8217;entra\u00eenement lors des chaudes journ\u00e9es d&#8217;\u00e9t\u00e9.<\/p>\n<h2 dir=\"ltr\" data-placeholder=\"Traduzione\">Caract\u00e9ristiques :<\/h2>\n<p id=\"tw-target-text\" class=\"tw-data-text tw-text-large XcVN5d tw-ta\" dir=\"ltr\" data-placeholder=\"Traduzione\">&#8211; Tissu fin et l\u00e9ger en polyester recycl\u00e9<br \/>\n&#8211; Structure ajust\u00e9e<br \/>\n&#8211; Conception sans couture<br \/>\n&#8211; Coupe ajust\u00e9e<\/p>\n<p dir=\"ltr\" data-placeholder=\"Traduzione\"><img loading=\"lazy\" decoding=\"async\" class=\"\" src=\"https:\/\/www.craftsportswear.com\/static\/media\/moisture_transport.27f437d8.svg?q=70&amp;fit=clip&amp;w=72&amp;fm=jpg&amp;auto=format\" alt=\"MoistureTransport\" width=\"119\" height=\"119\" \/><\/p>\n<p dir=\"ltr\" data-placeholder=\"Traduzione\"><strong>Transport de l&#8217;humidit\u00e9 :<\/strong> transporte l&#8217;humidit\u00e9 de la peau vers l&#8217;ext\u00e9rieur du v\u00eatement, ce qui permet de rester frais et d\u00e9tendu pendant les s\u00e9ances d&#8217;entra\u00eenement intenses.<\/p>\n<p class=\"css-8rgusf\"><strong>Mati\u00e8re :<\/strong> 65% polyester recycl\u00e9 35% polyester<\/p>\n<p class=\"css-8rgusf\">Lavable en machine \u00e0 40 degr\u00e9s sur un programme pour tissus d\u00e9licats, puis s\u00e9cher sur un cintre.<\/p>\n","protected":false},"excerpt":{"rendered":"<p>\u2022 Tissu fin et l\u00e9ger en polyester recycl\u00e9<br \/>\n\u2022 Coupe ajust\u00e9e<br \/>\n\u2022 Design sans coutures<\/p>\n","protected":false},"featured_media":239881,"template":"","meta":{"_acf_changed":false,"inline_featured_image":false},"product_brand":[],"product_cat":[24257,24482,24484],"product_tag":[23554,23647],"class_list":{"0":"post-285260","1":"product","2":"type-product","3":"status-publish","4":"has-post-thumbnail","6":"product_cat-gilets-fr","7":"product_cat-vetements-pour-hommes-fr","8":"product_cat-homme","9":"product_tag-craft-fr","10":"product_tag-craft-homme","11":"pa_attivita-marcher","12":"pa_attivita-outdoor-fr","13":"pa_attivita-running-fr","14":"pa_attivita-trail-fr","15":"pa_colore-adv-cool-intensity-sl-tee-black-fr","16":"pa_colore-adv-cool-intensity-sl-tee-inkl-blue-fr","17":"pa_colore-adv-cool-intensity-sl-tee-white","18":"pa_marca-craft-fr","19":"pa_sesso-homme","20":"pa_size-small-fr","21":"pa_size-medium-fr","22":"pa_size-large-fr","23":"pa_size-extra-large-fr","25":"first","26":"instock","27":"sale","28":"taxable","29":"shipping-taxable","30":"purchasable","31":"product-type-variable","32":"wvs-archive-product-wrapper"},"acf":[],"yoast_head":"<!-- This site is optimized with the Yoast SEO plugin v26.8 - https:\/\/yoast.com\/product\/yoast-seo-wordpress\/ -->\n<title>Craft ADV Cool Intensity SL homme - D\u00e9bardeur de course - MioMioRun<\/title>\n<meta name=\"description\" content=\"Le tee-shirt ADV Cool Intensity SL pour femmes est un tee-shirt sans manches l\u00e9ger et rafra\u00eechissant qui permet une excellente gestion de la temp\u00e9rature corporelle.\" \/>\n<meta name=\"robots\" content=\"index, follow, max-snippet:-1, max-image-preview:large, max-video-preview:-1\" \/>\n<link rel=\"canonical\" href=\"https:\/\/www.miomiorun.com\/fr\/produit\/adv-cool-intensity-sl-homme\/\" \/>\n<meta property=\"og:locale\" content=\"fr_FR\" \/>\n<meta property=\"og:type\" content=\"article\" \/>\n<meta property=\"og:title\" content=\"Craft ADV Cool Intensity SL homme - D\u00e9bardeur de course - MioMioRun\" \/>\n<meta property=\"og:description\" content=\"Le tee-shirt ADV Cool Intensity SL pour femmes est un tee-shirt sans manches l\u00e9ger et rafra\u00eechissant qui permet une excellente gestion de la temp\u00e9rature corporelle.\" \/>\n<meta property=\"og:url\" content=\"https:\/\/www.miomiorun.com\/fr\/produit\/adv-cool-intensity-sl-homme\/\" \/>\n<meta property=\"og:site_name\" content=\"MioMioRun\" \/>\n<meta property=\"article:publisher\" content=\"https:\/\/www.facebook.com\/miomiorun\/\" \/>\n<meta property=\"article:modified_time\" content=\"2025-07-12T10:16:28+00:00\" \/>\n<meta property=\"og:image\" content=\"https:\/\/www.miomiorun.com\/app\/uploads\/2023\/04\/craft-adv-cool-intensity-sl-tee-inkl-blue-1913202-331000.jpg\" \/>\n\t<meta property=\"og:image:width\" content=\"600\" \/>\n\t<meta property=\"og:image:height\" content=\"600\" \/>\n\t<meta property=\"og:image:type\" content=\"image\/jpeg\" \/>\n<meta name=\"twitter:card\" content=\"summary_large_image\" \/>\n<meta name=\"twitter:label1\" content=\"Est. reading time\" \/>\n\t<meta name=\"twitter:data1\" content=\"1 minute\" \/>\n<script type=\"application\/ld+json\" class=\"yoast-schema-graph\">{\"@context\":\"https:\/\/schema.org\",\"@graph\":[{\"@type\":\"WebPage\",\"@id\":\"https:\/\/www.miomiorun.com\/fr\/produit\/adv-cool-intensity-sl-homme\/\",\"url\":\"https:\/\/www.miomiorun.com\/fr\/produit\/adv-cool-intensity-sl-homme\/\",\"name\":\"Craft ADV Cool Intensity SL homme - D\u00e9bardeur de course - MioMioRun\",\"isPartOf\":{\"@id\":\"https:\/\/www.miomiorun.com\/fr\/#website\"},\"primaryImageOfPage\":{\"@id\":\"https:\/\/www.miomiorun.com\/fr\/produit\/adv-cool-intensity-sl-homme\/#primaryimage\"},\"image\":{\"@id\":\"https:\/\/www.miomiorun.com\/fr\/produit\/adv-cool-intensity-sl-homme\/#primaryimage\"},\"thumbnailUrl\":\"https:\/\/www.miomiorun.com\/app\/uploads\/2023\/04\/craft-adv-cool-intensity-sl-tee-inkl-blue-1913202-331000.jpg\",\"datePublished\":\"2023-04-06T11:26:06+00:00\",\"dateModified\":\"2025-07-12T10:16:28+00:00\",\"description\":\"Le tee-shirt ADV Cool Intensity SL pour femmes est un tee-shirt sans manches l\u00e9ger et rafra\u00eechissant qui permet une excellente gestion de la temp\u00e9rature corporelle.\",\"breadcrumb\":{\"@id\":\"https:\/\/www.miomiorun.com\/fr\/produit\/adv-cool-intensity-sl-homme\/#breadcrumb\"},\"inLanguage\":\"fr-FR\",\"potentialAction\":[{\"@type\":\"ReadAction\",\"target\":[\"https:\/\/www.miomiorun.com\/fr\/produit\/adv-cool-intensity-sl-homme\/\"]}]},{\"@type\":\"ImageObject\",\"inLanguage\":\"fr-FR\",\"@id\":\"https:\/\/www.miomiorun.com\/fr\/produit\/adv-cool-intensity-sl-homme\/#primaryimage\",\"url\":\"https:\/\/www.miomiorun.com\/app\/uploads\/2023\/04\/craft-adv-cool-intensity-sl-tee-inkl-blue-1913202-331000.jpg\",\"contentUrl\":\"https:\/\/www.miomiorun.com\/app\/uploads\/2023\/04\/craft-adv-cool-intensity-sl-tee-inkl-blue-1913202-331000.jpg\",\"width\":600,\"height\":600,\"caption\":\"craft-adv-cool-intensity-sl-tee-inkl-blue-1913202-331000\"},{\"@type\":\"BreadcrumbList\",\"@id\":\"https:\/\/www.miomiorun.com\/fr\/produit\/adv-cool-intensity-sl-homme\/#breadcrumb\",\"itemListElement\":[{\"@type\":\"ListItem\",\"position\":1,\"name\":\"Home\",\"item\":\"https:\/\/www.miomiorun.com\/fr\/home-page\/\"},{\"@type\":\"ListItem\",\"position\":2,\"name\":\"Shop\",\"item\":\"https:\/\/www.miomiorun.com\/shop\/\"},{\"@type\":\"ListItem\",\"position\":3,\"name\":\"ADV Cool Intensity SL homme\"}]},{\"@type\":\"WebSite\",\"@id\":\"https:\/\/www.miomiorun.com\/fr\/#website\",\"url\":\"https:\/\/www.miomiorun.com\/fr\/\",\"name\":\"MioMioRun\",\"description\":\"Boutique 100% running et trail\",\"publisher\":{\"@id\":\"https:\/\/www.miomiorun.com\/fr\/#organization\"},\"potentialAction\":[{\"@type\":\"SearchAction\",\"target\":{\"@type\":\"EntryPoint\",\"urlTemplate\":\"https:\/\/www.miomiorun.com\/fr\/?s={search_term_string}\"},\"query-input\":{\"@type\":\"PropertyValueSpecification\",\"valueRequired\":true,\"valueName\":\"search_term_string\"}}],\"inLanguage\":\"fr-FR\"},{\"@type\":\"Organization\",\"@id\":\"https:\/\/www.miomiorun.com\/fr\/#organization\",\"name\":\"MioMio Run\",\"url\":\"https:\/\/www.miomiorun.com\/fr\/\",\"logo\":{\"@type\":\"ImageObject\",\"inLanguage\":\"fr-FR\",\"@id\":\"https:\/\/www.miomiorun.com\/fr\/#\/schema\/logo\/image\/\",\"url\":\"https:\/\/www.miomiorun.com\/app\/uploads\/2019\/12\/logomio.png\",\"contentUrl\":\"https:\/\/www.miomiorun.com\/app\/uploads\/2019\/12\/logomio.png\",\"width\":115,\"height\":82,\"caption\":\"MioMio Run\"},\"image\":{\"@id\":\"https:\/\/www.miomiorun.com\/fr\/#\/schema\/logo\/image\/\"},\"sameAs\":[\"https:\/\/www.facebook.com\/miomiorun\/\",\"https:\/\/www.instagram.com\/miomiorun\/\"]}]}<\/script>\n<!-- \/ Yoast SEO plugin. -->","yoast_head_json":{"title":"Craft ADV Cool Intensity SL homme - D\u00e9bardeur de course - MioMioRun","description":"Le tee-shirt ADV Cool Intensity SL pour femmes est un tee-shirt sans manches l\u00e9ger et rafra\u00eechissant qui permet une excellente gestion de la temp\u00e9rature corporelle.","robots":{"index":"index","follow":"follow","max-snippet":"max-snippet:-1","max-image-preview":"max-image-preview:large","max-video-preview":"max-video-preview:-1"},"canonical":"https:\/\/www.miomiorun.com\/fr\/produit\/adv-cool-intensity-sl-homme\/","og_locale":"fr_FR","og_type":"article","og_title":"Craft ADV Cool Intensity SL homme - D\u00e9bardeur de course - MioMioRun","og_description":"Le tee-shirt ADV Cool Intensity SL pour femmes est un tee-shirt sans manches l\u00e9ger et rafra\u00eechissant qui permet une excellente gestion de la temp\u00e9rature corporelle.","og_url":"https:\/\/www.miomiorun.com\/fr\/produit\/adv-cool-intensity-sl-homme\/","og_site_name":"MioMioRun","article_publisher":"https:\/\/www.facebook.com\/miomiorun\/","article_modified_time":"2025-07-12T10:16:28+00:00","og_image":[{"width":600,"height":600,"url":"https:\/\/www.miomiorun.com\/app\/uploads\/2023\/04\/craft-adv-cool-intensity-sl-tee-inkl-blue-1913202-331000.jpg","type":"image\/jpeg"}],"twitter_card":"summary_large_image","twitter_misc":{"Est. reading time":"1 minute"},"schema":{"@context":"https:\/\/schema.org","@graph":[{"@type":"WebPage","@id":"https:\/\/www.miomiorun.com\/fr\/produit\/adv-cool-intensity-sl-homme\/","url":"https:\/\/www.miomiorun.com\/fr\/produit\/adv-cool-intensity-sl-homme\/","name":"Craft ADV Cool Intensity SL homme - D\u00e9bardeur de course - MioMioRun","isPartOf":{"@id":"https:\/\/www.miomiorun.com\/fr\/#website"},"primaryImageOfPage":{"@id":"https:\/\/www.miomiorun.com\/fr\/produit\/adv-cool-intensity-sl-homme\/#primaryimage"},"image":{"@id":"https:\/\/www.miomiorun.com\/fr\/produit\/adv-cool-intensity-sl-homme\/#primaryimage"},"thumbnailUrl":"https:\/\/www.miomiorun.com\/app\/uploads\/2023\/04\/craft-adv-cool-intensity-sl-tee-inkl-blue-1913202-331000.jpg","datePublished":"2023-04-06T11:26:06+00:00","dateModified":"2025-07-12T10:16:28+00:00","description":"Le tee-shirt ADV Cool Intensity SL pour femmes est un tee-shirt sans manches l\u00e9ger et rafra\u00eechissant qui permet une excellente gestion de la temp\u00e9rature corporelle.","breadcrumb":{"@id":"https:\/\/www.miomiorun.com\/fr\/produit\/adv-cool-intensity-sl-homme\/#breadcrumb"},"inLanguage":"fr-FR","potentialAction":[{"@type":"ReadAction","target":["https:\/\/www.miomiorun.com\/fr\/produit\/adv-cool-intensity-sl-homme\/"]}]},{"@type":"ImageObject","inLanguage":"fr-FR","@id":"https:\/\/www.miomiorun.com\/fr\/produit\/adv-cool-intensity-sl-homme\/#primaryimage","url":"https:\/\/www.miomiorun.com\/app\/uploads\/2023\/04\/craft-adv-cool-intensity-sl-tee-inkl-blue-1913202-331000.jpg","contentUrl":"https:\/\/www.miomiorun.com\/app\/uploads\/2023\/04\/craft-adv-cool-intensity-sl-tee-inkl-blue-1913202-331000.jpg","width":600,"height":600,"caption":"craft-adv-cool-intensity-sl-tee-inkl-blue-1913202-331000"},{"@type":"BreadcrumbList","@id":"https:\/\/www.miomiorun.com\/fr\/produit\/adv-cool-intensity-sl-homme\/#breadcrumb","itemListElement":[{"@type":"ListItem","position":1,"name":"Home","item":"https:\/\/www.miomiorun.com\/fr\/home-page\/"},{"@type":"ListItem","position":2,"name":"Shop","item":"https:\/\/www.miomiorun.com\/shop\/"},{"@type":"ListItem","position":3,"name":"ADV Cool Intensity SL homme"}]},{"@type":"WebSite","@id":"https:\/\/www.miomiorun.com\/fr\/#website","url":"https:\/\/www.miomiorun.com\/fr\/","name":"MioMioRun","description":"Boutique 100% running et trail","publisher":{"@id":"https:\/\/www.miomiorun.com\/fr\/#organization"},"potentialAction":[{"@type":"SearchAction","target":{"@type":"EntryPoint","urlTemplate":"https:\/\/www.miomiorun.com\/fr\/?s={search_term_string}"},"query-input":{"@type":"PropertyValueSpecification","valueRequired":true,"valueName":"search_term_string"}}],"inLanguage":"fr-FR"},{"@type":"Organization","@id":"https:\/\/www.miomiorun.com\/fr\/#organization","name":"MioMio Run","url":"https:\/\/www.miomiorun.com\/fr\/","logo":{"@type":"ImageObject","inLanguage":"fr-FR","@id":"https:\/\/www.miomiorun.com\/fr\/#\/schema\/logo\/image\/","url":"https:\/\/www.miomiorun.com\/app\/uploads\/2019\/12\/logomio.png","contentUrl":"https:\/\/www.miomiorun.com\/app\/uploads\/2019\/12\/logomio.png","width":115,"height":82,"caption":"MioMio Run"},"image":{"@id":"https:\/\/www.miomiorun.com\/fr\/#\/schema\/logo\/image\/"},"sameAs":["https:\/\/www.facebook.com\/miomiorun\/","https:\/\/www.instagram.com\/miomiorun\/"]}]}},"_links":{"self":[{"href":"https:\/\/www.miomiorun.com\/fr\/wp-json\/wp\/v2\/product\/285260","targetHints":{"allow":["GET"]}}],"collection":[{"href":"https:\/\/www.miomiorun.com\/fr\/wp-json\/wp\/v2\/product"}],"about":[{"href":"https:\/\/www.miomiorun.com\/fr\/wp-json\/wp\/v2\/types\/product"}],"wp:featuredmedia":[{"embeddable":true,"href":"https:\/\/www.miomiorun.com\/fr\/wp-json\/wp\/v2\/media\/239881"}],"wp:attachment":[{"href":"https:\/\/www.miomiorun.com\/fr\/wp-json\/wp\/v2\/media?parent=285260"}],"wp:term":[{"taxonomy":"product_brand","embeddable":true,"href":"https:\/\/www.miomiorun.com\/fr\/wp-json\/wp\/v2\/product_brand?post=285260"},{"taxonomy":"product_cat","embeddable":true,"href":"https:\/\/www.miomiorun.com\/fr\/wp-json\/wp\/v2\/product_cat?post=285260"},{"taxonomy":"product_tag","embeddable":true,"href":"https:\/\/www.miomiorun.com\/fr\/wp-json\/wp\/v2\/product_tag?post=285260"}],"curies":[{"name":"wp","href":"https:\/\/api.w.org\/{rel}","templated":true}]}}