{"id":285255,"date":"2023-04-06T13:34:03","date_gmt":"2023-04-06T11:34:03","guid":{"rendered":"https:\/\/miomiorun.com\/prodotto\/adv-cool-intensity-ss-uomo\/"},"modified":"2025-07-14T16:18:56","modified_gmt":"2025-07-14T14:18:56","slug":"adv-cool-intensity-ss-homme","status":"publish","type":"product","link":"https:\/\/www.miomiorun.com\/fr\/produit\/adv-cool-intensity-ss-homme\/","title":{"rendered":"ADV Cool Intensity SS homme"},"content":{"rendered":"<p>Le <strong>ADV Cool Intensity Tee<\/strong> pour homme est un tee-shirt l\u00e9ger et rafra\u00eechissant qui offre une excellente gestion de la temp\u00e9rature corporelle lors d&#8217;un entra\u00eenement \u00e0 haute intensit\u00e9 dans des conditions chaudes.<\/p>\n<p>Le tee-shirt est fabriqu\u00e9 en polyester recycl\u00e9 hautement fonctionnel et pr\u00e9sente une construction sans couture avec une construction anatomique pour une meilleure ventilation aux points chauds. Parfait pour \u00eatre port\u00e9 seul pendant l&#8217;entra\u00eenement lors des chaudes journ\u00e9es d&#8217;\u00e9t\u00e9.<\/p>\n<h2>Caract\u00e9ristiques :<\/h2>\n<p>&#8211; Tissu fin et l\u00e9ger en polyester recycl\u00e9<br \/>\n&#8211; Structure ajust\u00e9e<br \/>\n&#8211; Conception sans couture<br \/>\n&#8211; Coupe ajust\u00e9e<\/p>\n<p><strong>Mati\u00e8re : <\/strong>65% polyester recycl\u00e9 35% polyester<\/p>\n<p class=\"css-8rgusf\">Lavable en machine \u00e0 40 degr\u00e9s sur un programme pour tissus d\u00e9licats, puis s\u00e9cher sur un cintre.<\/p>\n","protected":false},"excerpt":{"rendered":"<p>\u2022 Tissu fin et l\u00e9ger en polyester recycl\u00e9<br \/>\n\u2022 Coupe ajust\u00e9e<br \/>\n\u2022 Design sans coutures<\/p>\n","protected":false},"featured_media":239887,"template":"","meta":{"_acf_changed":false,"inline_featured_image":false},"product_brand":[],"product_cat":[24449,24482,24484],"product_tag":[23554,23647],"class_list":{"0":"post-285255","1":"product","2":"type-product","3":"status-publish","4":"has-post-thumbnail","6":"product_cat-t-shirt-fr-3","7":"product_cat-vetements-pour-hommes-fr","8":"product_cat-homme","9":"product_tag-craft-fr","10":"product_tag-craft-homme","11":"pa_attivita-marcher","12":"pa_attivita-outdoor-fr","13":"pa_attivita-running-fr","14":"pa_attivita-trail-fr","15":"pa_colore-ad-cool-intensity-ss-tee-inkl-blue-fr","16":"pa_colore-adv-cool-intensity-ss-tee-black-fr","17":"pa_colore-adv-cool-intensity-ss-tee-lake-fr","18":"pa_colore-adv-cool-intensity-ss-tee-white-fr","19":"pa_marca-craft-fr","20":"pa_sesso-homme","21":"pa_size-small-fr","22":"pa_size-medium-fr","23":"pa_size-large-fr","24":"pa_size-extra-large-fr","26":"first","27":"instock","28":"sale","29":"taxable","30":"shipping-taxable","31":"purchasable","32":"product-type-variable","33":"wvs-archive-product-wrapper"},"acf":[],"yoast_head":"<!-- This site is optimized with the Yoast SEO plugin v26.8 - https:\/\/yoast.com\/product\/yoast-seo-wordpress\/ -->\n<title>Craft ADV Cool Intensity SS homme - T-shirt de course- MioMioRun<\/title>\n<meta name=\"description\" content=\"Le tee-shirt ADV Cool Intensity pour homme est un tee-shirt l\u00e9ger et rafra\u00eechissant qui permet une excellente gestion de la temp\u00e9rature corporelle.\" \/>\n<meta name=\"robots\" content=\"index, follow, max-snippet:-1, max-image-preview:large, max-video-preview:-1\" \/>\n<link rel=\"canonical\" href=\"https:\/\/www.miomiorun.com\/fr\/produit\/adv-cool-intensity-ss-homme\/\" \/>\n<meta property=\"og:locale\" content=\"fr_FR\" \/>\n<meta property=\"og:type\" content=\"article\" \/>\n<meta property=\"og:title\" content=\"Craft ADV Cool Intensity SS homme - T-shirt de course- MioMioRun\" \/>\n<meta property=\"og:description\" content=\"Le tee-shirt ADV Cool Intensity pour homme est un tee-shirt l\u00e9ger et rafra\u00eechissant qui permet une excellente gestion de la temp\u00e9rature corporelle.\" \/>\n<meta property=\"og:url\" content=\"https:\/\/www.miomiorun.com\/fr\/produit\/adv-cool-intensity-ss-homme\/\" \/>\n<meta property=\"og:site_name\" content=\"MioMioRun\" \/>\n<meta property=\"article:publisher\" content=\"https:\/\/www.facebook.com\/miomiorun\/\" \/>\n<meta property=\"article:modified_time\" content=\"2025-07-14T14:18:56+00:00\" \/>\n<meta property=\"og:image\" content=\"https:\/\/www.miomiorun.com\/app\/uploads\/2023\/04\/craft-ad-cool-intensity-ss-tee-inkl-blue-1913203-331000.jpg\" \/>\n\t<meta property=\"og:image:width\" content=\"600\" \/>\n\t<meta property=\"og:image:height\" content=\"600\" \/>\n\t<meta property=\"og:image:type\" content=\"image\/jpeg\" \/>\n<meta name=\"twitter:card\" content=\"summary_large_image\" \/>\n<meta name=\"twitter:label1\" content=\"Est. reading time\" \/>\n\t<meta name=\"twitter:data1\" content=\"1 minute\" \/>\n<script type=\"application\/ld+json\" class=\"yoast-schema-graph\">{\"@context\":\"https:\/\/schema.org\",\"@graph\":[{\"@type\":\"WebPage\",\"@id\":\"https:\/\/www.miomiorun.com\/fr\/produit\/adv-cool-intensity-ss-homme\/\",\"url\":\"https:\/\/www.miomiorun.com\/fr\/produit\/adv-cool-intensity-ss-homme\/\",\"name\":\"Craft ADV Cool Intensity SS homme - T-shirt de course- MioMioRun\",\"isPartOf\":{\"@id\":\"https:\/\/www.miomiorun.com\/fr\/#website\"},\"primaryImageOfPage\":{\"@id\":\"https:\/\/www.miomiorun.com\/fr\/produit\/adv-cool-intensity-ss-homme\/#primaryimage\"},\"image\":{\"@id\":\"https:\/\/www.miomiorun.com\/fr\/produit\/adv-cool-intensity-ss-homme\/#primaryimage\"},\"thumbnailUrl\":\"https:\/\/www.miomiorun.com\/app\/uploads\/2023\/04\/craft-ad-cool-intensity-ss-tee-inkl-blue-1913203-331000.jpg\",\"datePublished\":\"2023-04-06T11:34:03+00:00\",\"dateModified\":\"2025-07-14T14:18:56+00:00\",\"description\":\"Le tee-shirt ADV Cool Intensity pour homme est un tee-shirt l\u00e9ger et rafra\u00eechissant qui permet une excellente gestion de la temp\u00e9rature corporelle.\",\"breadcrumb\":{\"@id\":\"https:\/\/www.miomiorun.com\/fr\/produit\/adv-cool-intensity-ss-homme\/#breadcrumb\"},\"inLanguage\":\"fr-FR\",\"potentialAction\":[{\"@type\":\"ReadAction\",\"target\":[\"https:\/\/www.miomiorun.com\/fr\/produit\/adv-cool-intensity-ss-homme\/\"]}]},{\"@type\":\"ImageObject\",\"inLanguage\":\"fr-FR\",\"@id\":\"https:\/\/www.miomiorun.com\/fr\/produit\/adv-cool-intensity-ss-homme\/#primaryimage\",\"url\":\"https:\/\/www.miomiorun.com\/app\/uploads\/2023\/04\/craft-ad-cool-intensity-ss-tee-inkl-blue-1913203-331000.jpg\",\"contentUrl\":\"https:\/\/www.miomiorun.com\/app\/uploads\/2023\/04\/craft-ad-cool-intensity-ss-tee-inkl-blue-1913203-331000.jpg\",\"width\":600,\"height\":600,\"caption\":\"craft-ad-cool-intensity-ss-tee-inkl-blue-1913203-331000\"},{\"@type\":\"BreadcrumbList\",\"@id\":\"https:\/\/www.miomiorun.com\/fr\/produit\/adv-cool-intensity-ss-homme\/#breadcrumb\",\"itemListElement\":[{\"@type\":\"ListItem\",\"position\":1,\"name\":\"Home\",\"item\":\"https:\/\/www.miomiorun.com\/fr\/home-page\/\"},{\"@type\":\"ListItem\",\"position\":2,\"name\":\"Shop\",\"item\":\"https:\/\/www.miomiorun.com\/shop\/\"},{\"@type\":\"ListItem\",\"position\":3,\"name\":\"ADV Cool Intensity SS homme\"}]},{\"@type\":\"WebSite\",\"@id\":\"https:\/\/www.miomiorun.com\/fr\/#website\",\"url\":\"https:\/\/www.miomiorun.com\/fr\/\",\"name\":\"MioMioRun\",\"description\":\"Boutique 100% running et trail\",\"publisher\":{\"@id\":\"https:\/\/www.miomiorun.com\/fr\/#organization\"},\"potentialAction\":[{\"@type\":\"SearchAction\",\"target\":{\"@type\":\"EntryPoint\",\"urlTemplate\":\"https:\/\/www.miomiorun.com\/fr\/?s={search_term_string}\"},\"query-input\":{\"@type\":\"PropertyValueSpecification\",\"valueRequired\":true,\"valueName\":\"search_term_string\"}}],\"inLanguage\":\"fr-FR\"},{\"@type\":\"Organization\",\"@id\":\"https:\/\/www.miomiorun.com\/fr\/#organization\",\"name\":\"MioMio Run\",\"url\":\"https:\/\/www.miomiorun.com\/fr\/\",\"logo\":{\"@type\":\"ImageObject\",\"inLanguage\":\"fr-FR\",\"@id\":\"https:\/\/www.miomiorun.com\/fr\/#\/schema\/logo\/image\/\",\"url\":\"https:\/\/www.miomiorun.com\/app\/uploads\/2019\/12\/logomio.png\",\"contentUrl\":\"https:\/\/www.miomiorun.com\/app\/uploads\/2019\/12\/logomio.png\",\"width\":115,\"height\":82,\"caption\":\"MioMio Run\"},\"image\":{\"@id\":\"https:\/\/www.miomiorun.com\/fr\/#\/schema\/logo\/image\/\"},\"sameAs\":[\"https:\/\/www.facebook.com\/miomiorun\/\",\"https:\/\/www.instagram.com\/miomiorun\/\"]}]}<\/script>\n<!-- \/ Yoast SEO plugin. -->","yoast_head_json":{"title":"Craft ADV Cool Intensity SS homme - T-shirt de course- MioMioRun","description":"Le tee-shirt ADV Cool Intensity pour homme est un tee-shirt l\u00e9ger et rafra\u00eechissant qui permet une excellente gestion de la temp\u00e9rature corporelle.","robots":{"index":"index","follow":"follow","max-snippet":"max-snippet:-1","max-image-preview":"max-image-preview:large","max-video-preview":"max-video-preview:-1"},"canonical":"https:\/\/www.miomiorun.com\/fr\/produit\/adv-cool-intensity-ss-homme\/","og_locale":"fr_FR","og_type":"article","og_title":"Craft ADV Cool Intensity SS homme - T-shirt de course- MioMioRun","og_description":"Le tee-shirt ADV Cool Intensity pour homme est un tee-shirt l\u00e9ger et rafra\u00eechissant qui permet une excellente gestion de la temp\u00e9rature corporelle.","og_url":"https:\/\/www.miomiorun.com\/fr\/produit\/adv-cool-intensity-ss-homme\/","og_site_name":"MioMioRun","article_publisher":"https:\/\/www.facebook.com\/miomiorun\/","article_modified_time":"2025-07-14T14:18:56+00:00","og_image":[{"width":600,"height":600,"url":"https:\/\/www.miomiorun.com\/app\/uploads\/2023\/04\/craft-ad-cool-intensity-ss-tee-inkl-blue-1913203-331000.jpg","type":"image\/jpeg"}],"twitter_card":"summary_large_image","twitter_misc":{"Est. reading time":"1 minute"},"schema":{"@context":"https:\/\/schema.org","@graph":[{"@type":"WebPage","@id":"https:\/\/www.miomiorun.com\/fr\/produit\/adv-cool-intensity-ss-homme\/","url":"https:\/\/www.miomiorun.com\/fr\/produit\/adv-cool-intensity-ss-homme\/","name":"Craft ADV Cool Intensity SS homme - T-shirt de course- MioMioRun","isPartOf":{"@id":"https:\/\/www.miomiorun.com\/fr\/#website"},"primaryImageOfPage":{"@id":"https:\/\/www.miomiorun.com\/fr\/produit\/adv-cool-intensity-ss-homme\/#primaryimage"},"image":{"@id":"https:\/\/www.miomiorun.com\/fr\/produit\/adv-cool-intensity-ss-homme\/#primaryimage"},"thumbnailUrl":"https:\/\/www.miomiorun.com\/app\/uploads\/2023\/04\/craft-ad-cool-intensity-ss-tee-inkl-blue-1913203-331000.jpg","datePublished":"2023-04-06T11:34:03+00:00","dateModified":"2025-07-14T14:18:56+00:00","description":"Le tee-shirt ADV Cool Intensity pour homme est un tee-shirt l\u00e9ger et rafra\u00eechissant qui permet une excellente gestion de la temp\u00e9rature corporelle.","breadcrumb":{"@id":"https:\/\/www.miomiorun.com\/fr\/produit\/adv-cool-intensity-ss-homme\/#breadcrumb"},"inLanguage":"fr-FR","potentialAction":[{"@type":"ReadAction","target":["https:\/\/www.miomiorun.com\/fr\/produit\/adv-cool-intensity-ss-homme\/"]}]},{"@type":"ImageObject","inLanguage":"fr-FR","@id":"https:\/\/www.miomiorun.com\/fr\/produit\/adv-cool-intensity-ss-homme\/#primaryimage","url":"https:\/\/www.miomiorun.com\/app\/uploads\/2023\/04\/craft-ad-cool-intensity-ss-tee-inkl-blue-1913203-331000.jpg","contentUrl":"https:\/\/www.miomiorun.com\/app\/uploads\/2023\/04\/craft-ad-cool-intensity-ss-tee-inkl-blue-1913203-331000.jpg","width":600,"height":600,"caption":"craft-ad-cool-intensity-ss-tee-inkl-blue-1913203-331000"},{"@type":"BreadcrumbList","@id":"https:\/\/www.miomiorun.com\/fr\/produit\/adv-cool-intensity-ss-homme\/#breadcrumb","itemListElement":[{"@type":"ListItem","position":1,"name":"Home","item":"https:\/\/www.miomiorun.com\/fr\/home-page\/"},{"@type":"ListItem","position":2,"name":"Shop","item":"https:\/\/www.miomiorun.com\/shop\/"},{"@type":"ListItem","position":3,"name":"ADV Cool Intensity SS homme"}]},{"@type":"WebSite","@id":"https:\/\/www.miomiorun.com\/fr\/#website","url":"https:\/\/www.miomiorun.com\/fr\/","name":"MioMioRun","description":"Boutique 100% running et trail","publisher":{"@id":"https:\/\/www.miomiorun.com\/fr\/#organization"},"potentialAction":[{"@type":"SearchAction","target":{"@type":"EntryPoint","urlTemplate":"https:\/\/www.miomiorun.com\/fr\/?s={search_term_string}"},"query-input":{"@type":"PropertyValueSpecification","valueRequired":true,"valueName":"search_term_string"}}],"inLanguage":"fr-FR"},{"@type":"Organization","@id":"https:\/\/www.miomiorun.com\/fr\/#organization","name":"MioMio Run","url":"https:\/\/www.miomiorun.com\/fr\/","logo":{"@type":"ImageObject","inLanguage":"fr-FR","@id":"https:\/\/www.miomiorun.com\/fr\/#\/schema\/logo\/image\/","url":"https:\/\/www.miomiorun.com\/app\/uploads\/2019\/12\/logomio.png","contentUrl":"https:\/\/www.miomiorun.com\/app\/uploads\/2019\/12\/logomio.png","width":115,"height":82,"caption":"MioMio Run"},"image":{"@id":"https:\/\/www.miomiorun.com\/fr\/#\/schema\/logo\/image\/"},"sameAs":["https:\/\/www.facebook.com\/miomiorun\/","https:\/\/www.instagram.com\/miomiorun\/"]}]}},"_links":{"self":[{"href":"https:\/\/www.miomiorun.com\/fr\/wp-json\/wp\/v2\/product\/285255","targetHints":{"allow":["GET"]}}],"collection":[{"href":"https:\/\/www.miomiorun.com\/fr\/wp-json\/wp\/v2\/product"}],"about":[{"href":"https:\/\/www.miomiorun.com\/fr\/wp-json\/wp\/v2\/types\/product"}],"wp:featuredmedia":[{"embeddable":true,"href":"https:\/\/www.miomiorun.com\/fr\/wp-json\/wp\/v2\/media\/239887"}],"wp:attachment":[{"href":"https:\/\/www.miomiorun.com\/fr\/wp-json\/wp\/v2\/media?parent=285255"}],"wp:term":[{"taxonomy":"product_brand","embeddable":true,"href":"https:\/\/www.miomiorun.com\/fr\/wp-json\/wp\/v2\/product_brand?post=285255"},{"taxonomy":"product_cat","embeddable":true,"href":"https:\/\/www.miomiorun.com\/fr\/wp-json\/wp\/v2\/product_cat?post=285255"},{"taxonomy":"product_tag","embeddable":true,"href":"https:\/\/www.miomiorun.com\/fr\/wp-json\/wp\/v2\/product_tag?post=285255"}],"curies":[{"name":"wp","href":"https:\/\/api.w.org\/{rel}","templated":true}]}}