{"id":285212,"date":"2022-12-03T17:56:46","date_gmt":"2022-12-03T16:56:46","guid":{"rendered":"https:\/\/miomiorun.com\/prodotto\/pull-wonder-magic-donna\/"},"modified":"2026-05-08T21:38:10","modified_gmt":"2026-05-08T19:38:10","slug":"pull-wonder-magic-femme","status":"publish","type":"product","link":"https:\/\/www.miomiorun.com\/fr\/produit\/pull-wonder-magic-femme\/","title":{"rendered":"Pull Wonder Magic femme"},"content":{"rendered":"<div class=\"descProdotto\">\n<p><strong>Pull Wonder Magic<\/strong> pour femme est un jersey gai et color\u00e9, dont l&#8217;aspect \u00e0 motifs cache sa vocation pour l&#8217;aventure, l&#8217;outdoor et la technicit\u00e9 appr\u00e9ciable du tissu qui le compose. Son utilisation recommand\u00e9e est le trekking, la raquette \u00e0 neige et la marche. Il est fabriqu\u00e9 en tissu HP, doux et chaud. Il est dot\u00e9 d&#8217;une ouverture frontale zipp\u00e9e, d&#8217;un col haut, ajust\u00e9 et protecteur, d&#8217;un ourlet et de bas de manches \u00e9lastiques, et de poches zipp\u00e9es.<\/p>\n<p><strong>Caract\u00e9ristiques :<\/strong><\/p>\n<\/div>\n<div class=\"carProdotto\">\n<ul>\n<li>col montant de protection<\/li>\n<li>zip frontal enti\u00e8rement divisible<\/li>\n<li>poches zipp\u00e9es pour les mains<\/li>\n<\/ul>\n<\/div>\n","protected":false},"excerpt":{"rendered":"<ul>\n<li>Poche poitrine coll\u00e9e avec fermeture zipp\u00e9e<\/li>\n<li>Bords \u00e9lastiques sur la capuche et les poignets<\/li>\n<li>Passe-pouce<\/li>\n<\/ul>\n","protected":false},"featured_media":238728,"template":"","meta":{"_acf_changed":false,"inline_featured_image":false},"product_brand":[],"product_cat":[22601,22596,22595],"product_tag":[23489,23491],"class_list":{"0":"post-285212","1":"product","2":"type-product","3":"status-publish","4":"has-post-thumbnail","6":"product_cat-maillots","7":"product_cat-vetements-pour-femmes","8":"product_cat-femme","9":"product_tag-crazy-idea-fr","10":"product_tag-crazy-idea-femme","11":"pa_attivita-marcher","12":"pa_attivita-outdoor-fr","13":"pa_colore-pull-wonder-magic-mandala-w-fr","14":"pa_colore-pull-wonder-magic-w-falling-flower-fr","15":"pa_colore-pull-wonder-magic-w-zebra-mix-fr","16":"pa_marca-crazy-idea-fr","17":"pa_sesso-femme","18":"pa_size-extra-small-fr","19":"pa_size-small-fr","20":"pa_size-medium-fr","21":"pa_size-large-fr","23":"first","24":"instock","25":"sale","26":"taxable","27":"shipping-taxable","28":"purchasable","29":"product-type-variable","30":"wvs-archive-product-wrapper"},"acf":[],"yoast_head":"<!-- This site is optimized with the Yoast SEO plugin v26.8 - https:\/\/yoast.com\/product\/yoast-seo-wordpress\/ -->\n<title>Crazy Idea Pull Wonder Magic femme - pull de course - MioMioRun<\/title>\n<meta name=\"description\" content=\"Le pull Wonder Magic pour femme est un pull gai et color\u00e9, dont l&#039;aspect \u00e0 motifs cache sa vocation pour l&#039;aventure et l&#039;ext\u00e9rieur.\" \/>\n<meta name=\"robots\" content=\"index, follow, max-snippet:-1, max-image-preview:large, max-video-preview:-1\" \/>\n<link rel=\"canonical\" href=\"https:\/\/www.miomiorun.com\/fr\/produit\/pull-wonder-magic-femme\/\" \/>\n<meta property=\"og:locale\" content=\"fr_FR\" \/>\n<meta property=\"og:type\" content=\"article\" \/>\n<meta property=\"og:title\" content=\"Crazy Idea Pull Wonder Magic femme - pull de course - MioMioRun\" \/>\n<meta property=\"og:description\" content=\"Le pull Wonder Magic pour femme est un pull gai et color\u00e9, dont l&#039;aspect \u00e0 motifs cache sa vocation pour l&#039;aventure et l&#039;ext\u00e9rieur.\" \/>\n<meta property=\"og:url\" content=\"https:\/\/www.miomiorun.com\/fr\/produit\/pull-wonder-magic-femme\/\" \/>\n<meta property=\"og:site_name\" content=\"MioMioRun\" \/>\n<meta property=\"article:publisher\" content=\"https:\/\/www.facebook.com\/miomiorun\/\" \/>\n<meta property=\"article:modified_time\" content=\"2026-05-08T19:38:10+00:00\" \/>\n<meta property=\"og:image\" content=\"https:\/\/www.miomiorun.com\/app\/uploads\/2022\/12\/crazy-idea-pull-wonder-magic-W-i-love-skialp-W22026067D-00X151.jpg\" \/>\n\t<meta property=\"og:image:width\" content=\"600\" \/>\n\t<meta property=\"og:image:height\" content=\"600\" \/>\n\t<meta property=\"og:image:type\" content=\"image\/jpeg\" \/>\n<meta name=\"twitter:card\" content=\"summary_large_image\" \/>\n<script type=\"application\/ld+json\" class=\"yoast-schema-graph\">{\"@context\":\"https:\/\/schema.org\",\"@graph\":[{\"@type\":\"WebPage\",\"@id\":\"https:\/\/www.miomiorun.com\/fr\/produit\/pull-wonder-magic-femme\/\",\"url\":\"https:\/\/www.miomiorun.com\/fr\/produit\/pull-wonder-magic-femme\/\",\"name\":\"Crazy Idea Pull Wonder Magic femme - pull de course - MioMioRun\",\"isPartOf\":{\"@id\":\"https:\/\/www.miomiorun.com\/fr\/#website\"},\"primaryImageOfPage\":{\"@id\":\"https:\/\/www.miomiorun.com\/fr\/produit\/pull-wonder-magic-femme\/#primaryimage\"},\"image\":{\"@id\":\"https:\/\/www.miomiorun.com\/fr\/produit\/pull-wonder-magic-femme\/#primaryimage\"},\"thumbnailUrl\":\"https:\/\/www.miomiorun.com\/app\/uploads\/2022\/12\/crazy-idea-pull-wonder-magic-W-i-love-skialp-W22026067D-00X151.jpg\",\"datePublished\":\"2022-12-03T16:56:46+00:00\",\"dateModified\":\"2026-05-08T19:38:10+00:00\",\"description\":\"Le pull Wonder Magic pour femme est un pull gai et color\u00e9, dont l'aspect \u00e0 motifs cache sa vocation pour l'aventure et l'ext\u00e9rieur.\",\"breadcrumb\":{\"@id\":\"https:\/\/www.miomiorun.com\/fr\/produit\/pull-wonder-magic-femme\/#breadcrumb\"},\"inLanguage\":\"fr-FR\",\"potentialAction\":[{\"@type\":\"ReadAction\",\"target\":[\"https:\/\/www.miomiorun.com\/fr\/produit\/pull-wonder-magic-femme\/\"]}]},{\"@type\":\"ImageObject\",\"inLanguage\":\"fr-FR\",\"@id\":\"https:\/\/www.miomiorun.com\/fr\/produit\/pull-wonder-magic-femme\/#primaryimage\",\"url\":\"https:\/\/www.miomiorun.com\/app\/uploads\/2022\/12\/crazy-idea-pull-wonder-magic-W-i-love-skialp-W22026067D-00X151.jpg\",\"contentUrl\":\"https:\/\/www.miomiorun.com\/app\/uploads\/2022\/12\/crazy-idea-pull-wonder-magic-W-i-love-skialp-W22026067D-00X151.jpg\",\"width\":600,\"height\":600,\"caption\":\"crazy-idea-pull-wonder-magic-W-i-love-skialp-W22026067D-00X151\"},{\"@type\":\"BreadcrumbList\",\"@id\":\"https:\/\/www.miomiorun.com\/fr\/produit\/pull-wonder-magic-femme\/#breadcrumb\",\"itemListElement\":[{\"@type\":\"ListItem\",\"position\":1,\"name\":\"Home\",\"item\":\"https:\/\/www.miomiorun.com\/fr\/home-page\/\"},{\"@type\":\"ListItem\",\"position\":2,\"name\":\"Shop\",\"item\":\"https:\/\/www.miomiorun.com\/shop\/\"},{\"@type\":\"ListItem\",\"position\":3,\"name\":\"Pull Wonder Magic femme\"}]},{\"@type\":\"WebSite\",\"@id\":\"https:\/\/www.miomiorun.com\/fr\/#website\",\"url\":\"https:\/\/www.miomiorun.com\/fr\/\",\"name\":\"MioMioRun\",\"description\":\"Boutique 100% running et trail\",\"publisher\":{\"@id\":\"https:\/\/www.miomiorun.com\/fr\/#organization\"},\"potentialAction\":[{\"@type\":\"SearchAction\",\"target\":{\"@type\":\"EntryPoint\",\"urlTemplate\":\"https:\/\/www.miomiorun.com\/fr\/?s={search_term_string}\"},\"query-input\":{\"@type\":\"PropertyValueSpecification\",\"valueRequired\":true,\"valueName\":\"search_term_string\"}}],\"inLanguage\":\"fr-FR\"},{\"@type\":\"Organization\",\"@id\":\"https:\/\/www.miomiorun.com\/fr\/#organization\",\"name\":\"MioMio Run\",\"url\":\"https:\/\/www.miomiorun.com\/fr\/\",\"logo\":{\"@type\":\"ImageObject\",\"inLanguage\":\"fr-FR\",\"@id\":\"https:\/\/www.miomiorun.com\/fr\/#\/schema\/logo\/image\/\",\"url\":\"https:\/\/www.miomiorun.com\/app\/uploads\/2019\/12\/logomio.png\",\"contentUrl\":\"https:\/\/www.miomiorun.com\/app\/uploads\/2019\/12\/logomio.png\",\"width\":115,\"height\":82,\"caption\":\"MioMio Run\"},\"image\":{\"@id\":\"https:\/\/www.miomiorun.com\/fr\/#\/schema\/logo\/image\/\"},\"sameAs\":[\"https:\/\/www.facebook.com\/miomiorun\/\",\"https:\/\/www.instagram.com\/miomiorun\/\"]}]}<\/script>\n<!-- \/ Yoast SEO plugin. -->","yoast_head_json":{"title":"Crazy Idea Pull Wonder Magic femme - pull de course - MioMioRun","description":"Le pull Wonder Magic pour femme est un pull gai et color\u00e9, dont l'aspect \u00e0 motifs cache sa vocation pour l'aventure et l'ext\u00e9rieur.","robots":{"index":"index","follow":"follow","max-snippet":"max-snippet:-1","max-image-preview":"max-image-preview:large","max-video-preview":"max-video-preview:-1"},"canonical":"https:\/\/www.miomiorun.com\/fr\/produit\/pull-wonder-magic-femme\/","og_locale":"fr_FR","og_type":"article","og_title":"Crazy Idea Pull Wonder Magic femme - pull de course - MioMioRun","og_description":"Le pull Wonder Magic pour femme est un pull gai et color\u00e9, dont l'aspect \u00e0 motifs cache sa vocation pour l'aventure et l'ext\u00e9rieur.","og_url":"https:\/\/www.miomiorun.com\/fr\/produit\/pull-wonder-magic-femme\/","og_site_name":"MioMioRun","article_publisher":"https:\/\/www.facebook.com\/miomiorun\/","article_modified_time":"2026-05-08T19:38:10+00:00","og_image":[{"width":600,"height":600,"url":"https:\/\/www.miomiorun.com\/app\/uploads\/2022\/12\/crazy-idea-pull-wonder-magic-W-i-love-skialp-W22026067D-00X151.jpg","type":"image\/jpeg"}],"twitter_card":"summary_large_image","schema":{"@context":"https:\/\/schema.org","@graph":[{"@type":"WebPage","@id":"https:\/\/www.miomiorun.com\/fr\/produit\/pull-wonder-magic-femme\/","url":"https:\/\/www.miomiorun.com\/fr\/produit\/pull-wonder-magic-femme\/","name":"Crazy Idea Pull Wonder Magic femme - pull de course - MioMioRun","isPartOf":{"@id":"https:\/\/www.miomiorun.com\/fr\/#website"},"primaryImageOfPage":{"@id":"https:\/\/www.miomiorun.com\/fr\/produit\/pull-wonder-magic-femme\/#primaryimage"},"image":{"@id":"https:\/\/www.miomiorun.com\/fr\/produit\/pull-wonder-magic-femme\/#primaryimage"},"thumbnailUrl":"https:\/\/www.miomiorun.com\/app\/uploads\/2022\/12\/crazy-idea-pull-wonder-magic-W-i-love-skialp-W22026067D-00X151.jpg","datePublished":"2022-12-03T16:56:46+00:00","dateModified":"2026-05-08T19:38:10+00:00","description":"Le pull Wonder Magic pour femme est un pull gai et color\u00e9, dont l'aspect \u00e0 motifs cache sa vocation pour l'aventure et l'ext\u00e9rieur.","breadcrumb":{"@id":"https:\/\/www.miomiorun.com\/fr\/produit\/pull-wonder-magic-femme\/#breadcrumb"},"inLanguage":"fr-FR","potentialAction":[{"@type":"ReadAction","target":["https:\/\/www.miomiorun.com\/fr\/produit\/pull-wonder-magic-femme\/"]}]},{"@type":"ImageObject","inLanguage":"fr-FR","@id":"https:\/\/www.miomiorun.com\/fr\/produit\/pull-wonder-magic-femme\/#primaryimage","url":"https:\/\/www.miomiorun.com\/app\/uploads\/2022\/12\/crazy-idea-pull-wonder-magic-W-i-love-skialp-W22026067D-00X151.jpg","contentUrl":"https:\/\/www.miomiorun.com\/app\/uploads\/2022\/12\/crazy-idea-pull-wonder-magic-W-i-love-skialp-W22026067D-00X151.jpg","width":600,"height":600,"caption":"crazy-idea-pull-wonder-magic-W-i-love-skialp-W22026067D-00X151"},{"@type":"BreadcrumbList","@id":"https:\/\/www.miomiorun.com\/fr\/produit\/pull-wonder-magic-femme\/#breadcrumb","itemListElement":[{"@type":"ListItem","position":1,"name":"Home","item":"https:\/\/www.miomiorun.com\/fr\/home-page\/"},{"@type":"ListItem","position":2,"name":"Shop","item":"https:\/\/www.miomiorun.com\/shop\/"},{"@type":"ListItem","position":3,"name":"Pull Wonder Magic femme"}]},{"@type":"WebSite","@id":"https:\/\/www.miomiorun.com\/fr\/#website","url":"https:\/\/www.miomiorun.com\/fr\/","name":"MioMioRun","description":"Boutique 100% running et trail","publisher":{"@id":"https:\/\/www.miomiorun.com\/fr\/#organization"},"potentialAction":[{"@type":"SearchAction","target":{"@type":"EntryPoint","urlTemplate":"https:\/\/www.miomiorun.com\/fr\/?s={search_term_string}"},"query-input":{"@type":"PropertyValueSpecification","valueRequired":true,"valueName":"search_term_string"}}],"inLanguage":"fr-FR"},{"@type":"Organization","@id":"https:\/\/www.miomiorun.com\/fr\/#organization","name":"MioMio Run","url":"https:\/\/www.miomiorun.com\/fr\/","logo":{"@type":"ImageObject","inLanguage":"fr-FR","@id":"https:\/\/www.miomiorun.com\/fr\/#\/schema\/logo\/image\/","url":"https:\/\/www.miomiorun.com\/app\/uploads\/2019\/12\/logomio.png","contentUrl":"https:\/\/www.miomiorun.com\/app\/uploads\/2019\/12\/logomio.png","width":115,"height":82,"caption":"MioMio Run"},"image":{"@id":"https:\/\/www.miomiorun.com\/fr\/#\/schema\/logo\/image\/"},"sameAs":["https:\/\/www.facebook.com\/miomiorun\/","https:\/\/www.instagram.com\/miomiorun\/"]}]}},"_links":{"self":[{"href":"https:\/\/www.miomiorun.com\/fr\/wp-json\/wp\/v2\/product\/285212","targetHints":{"allow":["GET"]}}],"collection":[{"href":"https:\/\/www.miomiorun.com\/fr\/wp-json\/wp\/v2\/product"}],"about":[{"href":"https:\/\/www.miomiorun.com\/fr\/wp-json\/wp\/v2\/types\/product"}],"wp:featuredmedia":[{"embeddable":true,"href":"https:\/\/www.miomiorun.com\/fr\/wp-json\/wp\/v2\/media\/238728"}],"wp:attachment":[{"href":"https:\/\/www.miomiorun.com\/fr\/wp-json\/wp\/v2\/media?parent=285212"}],"wp:term":[{"taxonomy":"product_brand","embeddable":true,"href":"https:\/\/www.miomiorun.com\/fr\/wp-json\/wp\/v2\/product_brand?post=285212"},{"taxonomy":"product_cat","embeddable":true,"href":"https:\/\/www.miomiorun.com\/fr\/wp-json\/wp\/v2\/product_cat?post=285212"},{"taxonomy":"product_tag","embeddable":true,"href":"https:\/\/www.miomiorun.com\/fr\/wp-json\/wp\/v2\/product_tag?post=285212"}],"curies":[{"name":"wp","href":"https:\/\/api.w.org\/{rel}","templated":true}]}}