{"id":285188,"date":"2022-12-03T18:06:21","date_gmt":"2022-12-03T17:06:21","guid":{"rendered":"https:\/\/miomiorun.com\/prodotto\/pull-kinsej-donna\/"},"modified":"2026-05-08T21:38:04","modified_gmt":"2026-05-08T19:38:04","slug":"pull-kinsej-femme","status":"publish","type":"product","link":"https:\/\/www.miomiorun.com\/fr\/produit\/pull-kinsej-femme\/","title":{"rendered":"Pull Kinsej femme"},"content":{"rendered":"<div class=\"descProdotto\">\n<p>Le pull <strong>Kinsej<\/strong> pour femme est un maillot de course \u00e0 pied et de raquette id\u00e9al pour les jours les plus froids de l&#8217;hiver. Fabriqu\u00e9 en tissu High Performance chaud, confortable et extensible, gaug\u00e9 \u00e0 l&#8217;int\u00e9rieur. Il est dot\u00e9 d&#8217;une demi-fermeture \u00e0 glissi\u00e8re sur le devant, d&#8217;une &#8220;poche Easy&#8221; ext\u00e9rieure avec une bordure \u00e9lastique. Le col haut et protecteur, le sifflet de s\u00e9curit\u00e9 dans la poche de poitrine et la manchette qui se transforme en gant utile sont des d\u00e9tails qui diff\u00e9rencient ce produit de tous les autres normalement propos\u00e9s par les nombreuses marques peu qualifi\u00e9es.<\/p>\n<p><strong>Caract\u00e9ristiques :<\/strong><\/p>\n<\/div>\n<div class=\"carProdotto\">\n<ul>\n<li>demi-fermeture \u00e9clair invisible sur le devant<\/li>\n<li>col montant de protection<\/li>\n<li>gant int\u00e9gr\u00e9 \u00e0 la base du poignet<\/li>\n<li>pochette facile avec bordure \u00e9lastique<\/li>\n<li>poche avec sifflet de sauvetage int\u00e9gr\u00e9<\/li>\n<\/ul>\n<\/div>\n","protected":false},"excerpt":{"rendered":"<p>Le pull Kinsej pour femme est un maillot de course \u00e0 pied et de raquette id\u00e9al pour les jours les plus froids de l&#8217;hiver. Fabriqu\u00e9 en tissu High Performance chaud, confortable et extensible, gaug\u00e9 \u00e0 l&#8217;int\u00e9rieur. Il est dot\u00e9 d&#8217;une demi-fermeture \u00e0 glissi\u00e8re sur le devant, d&#8217;une &#8220;poche Easy&#8221; ext\u00e9rieure avec une bordure \u00e9lastique. Le &hellip; <a href=\"https:\/\/www.miomiorun.com\/fr\/produit\/pull-kinsej-femme\/\">Continued<\/a><\/p>\n","protected":false},"featured_media":238734,"template":"","meta":{"_acf_changed":false,"inline_featured_image":false},"product_brand":[],"product_cat":[22601,22596,22595],"product_tag":[23489,23491],"class_list":{"0":"post-285188","1":"product","2":"type-product","3":"status-publish","4":"has-post-thumbnail","6":"product_cat-maillots","7":"product_cat-vetements-pour-femmes","8":"product_cat-femme","9":"product_tag-crazy-idea-fr","10":"product_tag-crazy-idea-femme","11":"pa_attivita-marcher","12":"pa_attivita-outdoor-fr","13":"pa_colore-pull-kinsej-w-clarabelle-fr","14":"pa_marca-crazy-idea-fr","15":"pa_sesso-femme","16":"pa_size-small-fr","17":"pa_size-medium-fr","19":"first","20":"instock","21":"sale","22":"taxable","23":"shipping-taxable","24":"purchasable","25":"product-type-variable","26":"wvs-archive-product-wrapper"},"acf":[],"yoast_head":"<!-- This site is optimized with the Yoast SEO plugin v26.8 - https:\/\/yoast.com\/product\/yoast-seo-wordpress\/ -->\n<title>Crazy Idea Pull Kinsej femme - maillot de course - MioMioRun<\/title>\n<meta name=\"description\" content=\"Le Pull Kinsej pour femmes est un maillot de course et de raquette id\u00e9al pour les jours les plus froids de l&#039;hiver. Fabriqu\u00e9 en tissu chaud haute performance.\" \/>\n<meta name=\"robots\" content=\"index, follow, max-snippet:-1, max-image-preview:large, max-video-preview:-1\" \/>\n<link rel=\"canonical\" href=\"https:\/\/www.miomiorun.com\/fr\/produit\/pull-kinsej-femme\/\" \/>\n<meta property=\"og:locale\" content=\"fr_FR\" \/>\n<meta property=\"og:type\" content=\"article\" \/>\n<meta property=\"og:title\" content=\"Crazy Idea Pull Kinsej femme - maillot de course - MioMioRun\" \/>\n<meta property=\"og:description\" content=\"Le Pull Kinsej pour femmes est un maillot de course et de raquette id\u00e9al pour les jours les plus froids de l&#039;hiver. Fabriqu\u00e9 en tissu chaud haute performance.\" \/>\n<meta property=\"og:url\" content=\"https:\/\/www.miomiorun.com\/fr\/produit\/pull-kinsej-femme\/\" \/>\n<meta property=\"og:site_name\" content=\"MioMioRun\" \/>\n<meta property=\"article:publisher\" content=\"https:\/\/www.facebook.com\/miomiorun\/\" \/>\n<meta property=\"article:modified_time\" content=\"2026-05-08T19:38:04+00:00\" \/>\n<meta property=\"og:image\" content=\"https:\/\/www.miomiorun.com\/app\/uploads\/2022\/12\/crazy-idea-pull-kinsej-W-tempest-W22025102D-00X142.jpg\" \/>\n\t<meta property=\"og:image:width\" content=\"600\" \/>\n\t<meta property=\"og:image:height\" content=\"600\" \/>\n\t<meta property=\"og:image:type\" content=\"image\/jpeg\" \/>\n<meta name=\"twitter:card\" content=\"summary_large_image\" \/>\n<meta name=\"twitter:label1\" content=\"Est. reading time\" \/>\n\t<meta name=\"twitter:data1\" content=\"1 minute\" \/>\n<script type=\"application\/ld+json\" class=\"yoast-schema-graph\">{\"@context\":\"https:\/\/schema.org\",\"@graph\":[{\"@type\":\"WebPage\",\"@id\":\"https:\/\/www.miomiorun.com\/fr\/produit\/pull-kinsej-femme\/\",\"url\":\"https:\/\/www.miomiorun.com\/fr\/produit\/pull-kinsej-femme\/\",\"name\":\"Crazy Idea Pull Kinsej femme - maillot de course - MioMioRun\",\"isPartOf\":{\"@id\":\"https:\/\/www.miomiorun.com\/fr\/#website\"},\"primaryImageOfPage\":{\"@id\":\"https:\/\/www.miomiorun.com\/fr\/produit\/pull-kinsej-femme\/#primaryimage\"},\"image\":{\"@id\":\"https:\/\/www.miomiorun.com\/fr\/produit\/pull-kinsej-femme\/#primaryimage\"},\"thumbnailUrl\":\"https:\/\/www.miomiorun.com\/app\/uploads\/2022\/12\/crazy-idea-pull-kinsej-W-tempest-W22025102D-00X142.jpg\",\"datePublished\":\"2022-12-03T17:06:21+00:00\",\"dateModified\":\"2026-05-08T19:38:04+00:00\",\"description\":\"Le Pull Kinsej pour femmes est un maillot de course et de raquette id\u00e9al pour les jours les plus froids de l'hiver. Fabriqu\u00e9 en tissu chaud haute performance.\",\"breadcrumb\":{\"@id\":\"https:\/\/www.miomiorun.com\/fr\/produit\/pull-kinsej-femme\/#breadcrumb\"},\"inLanguage\":\"fr-FR\",\"potentialAction\":[{\"@type\":\"ReadAction\",\"target\":[\"https:\/\/www.miomiorun.com\/fr\/produit\/pull-kinsej-femme\/\"]}]},{\"@type\":\"ImageObject\",\"inLanguage\":\"fr-FR\",\"@id\":\"https:\/\/www.miomiorun.com\/fr\/produit\/pull-kinsej-femme\/#primaryimage\",\"url\":\"https:\/\/www.miomiorun.com\/app\/uploads\/2022\/12\/crazy-idea-pull-kinsej-W-tempest-W22025102D-00X142.jpg\",\"contentUrl\":\"https:\/\/www.miomiorun.com\/app\/uploads\/2022\/12\/crazy-idea-pull-kinsej-W-tempest-W22025102D-00X142.jpg\",\"width\":600,\"height\":600,\"caption\":\"crazy-idea-pull-kinsej-W-tempest-W22025102D-00X142\"},{\"@type\":\"BreadcrumbList\",\"@id\":\"https:\/\/www.miomiorun.com\/fr\/produit\/pull-kinsej-femme\/#breadcrumb\",\"itemListElement\":[{\"@type\":\"ListItem\",\"position\":1,\"name\":\"Home\",\"item\":\"https:\/\/www.miomiorun.com\/fr\/home-page\/\"},{\"@type\":\"ListItem\",\"position\":2,\"name\":\"Shop\",\"item\":\"https:\/\/www.miomiorun.com\/shop\/\"},{\"@type\":\"ListItem\",\"position\":3,\"name\":\"Pull Kinsej femme\"}]},{\"@type\":\"WebSite\",\"@id\":\"https:\/\/www.miomiorun.com\/fr\/#website\",\"url\":\"https:\/\/www.miomiorun.com\/fr\/\",\"name\":\"MioMioRun\",\"description\":\"Boutique 100% running et trail\",\"publisher\":{\"@id\":\"https:\/\/www.miomiorun.com\/fr\/#organization\"},\"potentialAction\":[{\"@type\":\"SearchAction\",\"target\":{\"@type\":\"EntryPoint\",\"urlTemplate\":\"https:\/\/www.miomiorun.com\/fr\/?s={search_term_string}\"},\"query-input\":{\"@type\":\"PropertyValueSpecification\",\"valueRequired\":true,\"valueName\":\"search_term_string\"}}],\"inLanguage\":\"fr-FR\"},{\"@type\":\"Organization\",\"@id\":\"https:\/\/www.miomiorun.com\/fr\/#organization\",\"name\":\"MioMio Run\",\"url\":\"https:\/\/www.miomiorun.com\/fr\/\",\"logo\":{\"@type\":\"ImageObject\",\"inLanguage\":\"fr-FR\",\"@id\":\"https:\/\/www.miomiorun.com\/fr\/#\/schema\/logo\/image\/\",\"url\":\"https:\/\/www.miomiorun.com\/app\/uploads\/2019\/12\/logomio.png\",\"contentUrl\":\"https:\/\/www.miomiorun.com\/app\/uploads\/2019\/12\/logomio.png\",\"width\":115,\"height\":82,\"caption\":\"MioMio Run\"},\"image\":{\"@id\":\"https:\/\/www.miomiorun.com\/fr\/#\/schema\/logo\/image\/\"},\"sameAs\":[\"https:\/\/www.facebook.com\/miomiorun\/\",\"https:\/\/www.instagram.com\/miomiorun\/\"]}]}<\/script>\n<!-- \/ Yoast SEO plugin. -->","yoast_head_json":{"title":"Crazy Idea Pull Kinsej femme - maillot de course - MioMioRun","description":"Le Pull Kinsej pour femmes est un maillot de course et de raquette id\u00e9al pour les jours les plus froids de l'hiver. Fabriqu\u00e9 en tissu chaud haute performance.","robots":{"index":"index","follow":"follow","max-snippet":"max-snippet:-1","max-image-preview":"max-image-preview:large","max-video-preview":"max-video-preview:-1"},"canonical":"https:\/\/www.miomiorun.com\/fr\/produit\/pull-kinsej-femme\/","og_locale":"fr_FR","og_type":"article","og_title":"Crazy Idea Pull Kinsej femme - maillot de course - MioMioRun","og_description":"Le Pull Kinsej pour femmes est un maillot de course et de raquette id\u00e9al pour les jours les plus froids de l'hiver. Fabriqu\u00e9 en tissu chaud haute performance.","og_url":"https:\/\/www.miomiorun.com\/fr\/produit\/pull-kinsej-femme\/","og_site_name":"MioMioRun","article_publisher":"https:\/\/www.facebook.com\/miomiorun\/","article_modified_time":"2026-05-08T19:38:04+00:00","og_image":[{"width":600,"height":600,"url":"https:\/\/www.miomiorun.com\/app\/uploads\/2022\/12\/crazy-idea-pull-kinsej-W-tempest-W22025102D-00X142.jpg","type":"image\/jpeg"}],"twitter_card":"summary_large_image","twitter_misc":{"Est. reading time":"1 minute"},"schema":{"@context":"https:\/\/schema.org","@graph":[{"@type":"WebPage","@id":"https:\/\/www.miomiorun.com\/fr\/produit\/pull-kinsej-femme\/","url":"https:\/\/www.miomiorun.com\/fr\/produit\/pull-kinsej-femme\/","name":"Crazy Idea Pull Kinsej femme - maillot de course - MioMioRun","isPartOf":{"@id":"https:\/\/www.miomiorun.com\/fr\/#website"},"primaryImageOfPage":{"@id":"https:\/\/www.miomiorun.com\/fr\/produit\/pull-kinsej-femme\/#primaryimage"},"image":{"@id":"https:\/\/www.miomiorun.com\/fr\/produit\/pull-kinsej-femme\/#primaryimage"},"thumbnailUrl":"https:\/\/www.miomiorun.com\/app\/uploads\/2022\/12\/crazy-idea-pull-kinsej-W-tempest-W22025102D-00X142.jpg","datePublished":"2022-12-03T17:06:21+00:00","dateModified":"2026-05-08T19:38:04+00:00","description":"Le Pull Kinsej pour femmes est un maillot de course et de raquette id\u00e9al pour les jours les plus froids de l'hiver. Fabriqu\u00e9 en tissu chaud haute performance.","breadcrumb":{"@id":"https:\/\/www.miomiorun.com\/fr\/produit\/pull-kinsej-femme\/#breadcrumb"},"inLanguage":"fr-FR","potentialAction":[{"@type":"ReadAction","target":["https:\/\/www.miomiorun.com\/fr\/produit\/pull-kinsej-femme\/"]}]},{"@type":"ImageObject","inLanguage":"fr-FR","@id":"https:\/\/www.miomiorun.com\/fr\/produit\/pull-kinsej-femme\/#primaryimage","url":"https:\/\/www.miomiorun.com\/app\/uploads\/2022\/12\/crazy-idea-pull-kinsej-W-tempest-W22025102D-00X142.jpg","contentUrl":"https:\/\/www.miomiorun.com\/app\/uploads\/2022\/12\/crazy-idea-pull-kinsej-W-tempest-W22025102D-00X142.jpg","width":600,"height":600,"caption":"crazy-idea-pull-kinsej-W-tempest-W22025102D-00X142"},{"@type":"BreadcrumbList","@id":"https:\/\/www.miomiorun.com\/fr\/produit\/pull-kinsej-femme\/#breadcrumb","itemListElement":[{"@type":"ListItem","position":1,"name":"Home","item":"https:\/\/www.miomiorun.com\/fr\/home-page\/"},{"@type":"ListItem","position":2,"name":"Shop","item":"https:\/\/www.miomiorun.com\/shop\/"},{"@type":"ListItem","position":3,"name":"Pull Kinsej femme"}]},{"@type":"WebSite","@id":"https:\/\/www.miomiorun.com\/fr\/#website","url":"https:\/\/www.miomiorun.com\/fr\/","name":"MioMioRun","description":"Boutique 100% running et trail","publisher":{"@id":"https:\/\/www.miomiorun.com\/fr\/#organization"},"potentialAction":[{"@type":"SearchAction","target":{"@type":"EntryPoint","urlTemplate":"https:\/\/www.miomiorun.com\/fr\/?s={search_term_string}"},"query-input":{"@type":"PropertyValueSpecification","valueRequired":true,"valueName":"search_term_string"}}],"inLanguage":"fr-FR"},{"@type":"Organization","@id":"https:\/\/www.miomiorun.com\/fr\/#organization","name":"MioMio Run","url":"https:\/\/www.miomiorun.com\/fr\/","logo":{"@type":"ImageObject","inLanguage":"fr-FR","@id":"https:\/\/www.miomiorun.com\/fr\/#\/schema\/logo\/image\/","url":"https:\/\/www.miomiorun.com\/app\/uploads\/2019\/12\/logomio.png","contentUrl":"https:\/\/www.miomiorun.com\/app\/uploads\/2019\/12\/logomio.png","width":115,"height":82,"caption":"MioMio Run"},"image":{"@id":"https:\/\/www.miomiorun.com\/fr\/#\/schema\/logo\/image\/"},"sameAs":["https:\/\/www.facebook.com\/miomiorun\/","https:\/\/www.instagram.com\/miomiorun\/"]}]}},"_links":{"self":[{"href":"https:\/\/www.miomiorun.com\/fr\/wp-json\/wp\/v2\/product\/285188","targetHints":{"allow":["GET"]}}],"collection":[{"href":"https:\/\/www.miomiorun.com\/fr\/wp-json\/wp\/v2\/product"}],"about":[{"href":"https:\/\/www.miomiorun.com\/fr\/wp-json\/wp\/v2\/types\/product"}],"wp:featuredmedia":[{"embeddable":true,"href":"https:\/\/www.miomiorun.com\/fr\/wp-json\/wp\/v2\/media\/238734"}],"wp:attachment":[{"href":"https:\/\/www.miomiorun.com\/fr\/wp-json\/wp\/v2\/media?parent=285188"}],"wp:term":[{"taxonomy":"product_brand","embeddable":true,"href":"https:\/\/www.miomiorun.com\/fr\/wp-json\/wp\/v2\/product_brand?post=285188"},{"taxonomy":"product_cat","embeddable":true,"href":"https:\/\/www.miomiorun.com\/fr\/wp-json\/wp\/v2\/product_cat?post=285188"},{"taxonomy":"product_tag","embeddable":true,"href":"https:\/\/www.miomiorun.com\/fr\/wp-json\/wp\/v2\/product_tag?post=285188"}],"curies":[{"name":"wp","href":"https:\/\/api.w.org\/{rel}","templated":true}]}}