{"id":285181,"date":"2022-12-03T18:15:44","date_gmt":"2022-12-03T17:15:44","guid":{"rendered":"https:\/\/miomiorun.com\/prodotto\/jkt-channel-donna\/"},"modified":"2026-05-08T21:38:02","modified_gmt":"2026-05-08T19:38:02","slug":"jkt-channel-femme","status":"publish","type":"product","link":"https:\/\/www.miomiorun.com\/fr\/produit\/jkt-channel-femme\/","title":{"rendered":"Jkt Channel femme"},"content":{"rendered":"<div class=\"descProdotto\">\n<p>Notre monde, c&#8217;est le skitouring actif, et notre histoire, c&#8217;est l&#8217;accent mis sur le monde f\u00e9minin. Crazy est une entreprise cr\u00e9\u00e9e par une femme ; y a-t-il une meilleure fa\u00e7on de comprendre les besoins du monde f\u00e9minin ?<\/p>\n<p>La Women&#8217;s <strong> Jkt Channel<\/strong> est une veste de construction hybride, protectrice \u00e0 l&#8217;avant gr\u00e2ce \u00e0 la construction en nylon I-TUBE sans couture, avec un l\u00e9ger rembourrage JOY qui reproduit les caract\u00e9ristiques positives du duvet naturel tout en \u00e9liminant ses d\u00e9fauts. Les c\u00f4t\u00e9s et la ceinture sont en polaire italienne Vuelta Fleece, respirante et douce, avec un traitement d\u00e9perlant. Fermeture \u00e0 glissi\u00e8re sur le devant, capuche avec ourlet \u00e9lastique, poches zipp\u00e9es pour les mains.<\/p>\n<p><strong>Caract\u00e9ristiques :<\/strong><\/p>\n<\/div>\n<div class=\"carProdotto\">\n<ul>\n<li>capuche ergonomique avec bord \u00e9lastique<\/li>\n<li>zip frontal enti\u00e8rement divisible<\/li>\n<li>poches zipp\u00e9es pour les mains<\/li>\n<li>bande d&#8217;ourlet et inserts en tissu respirant, Vuelta italienne<\/li>\n<li>boucle pour le pouce<\/li>\n<\/ul>\n<\/div>\n","protected":false},"excerpt":{"rendered":"<ul>\n<li>Durabilit\u00e9<\/li>\n<li>L\u00e9g\u00e8ret\u00e9<\/li>\n<li>Isolation thermique<\/li>\n<\/ul>\n","protected":false},"featured_media":238722,"template":"","meta":{"_acf_changed":false,"inline_featured_image":false},"product_brand":[],"product_cat":[22599,22596,22595],"product_tag":[23489,23491],"class_list":{"0":"post-285181","1":"product","2":"type-product","3":"status-publish","4":"has-post-thumbnail","6":"product_cat-vestes","7":"product_cat-vetements-pour-femmes","8":"product_cat-femme","9":"product_tag-crazy-idea-fr","10":"product_tag-crazy-idea-femme","11":"pa_attivita-marcher","12":"pa_attivita-outdoor-fr","13":"pa_colore-jkt-channel-w-black-fr","14":"pa_colore-jkt-channel-w-vento-fr","15":"pa_marca-crazy-idea-fr","16":"pa_sesso-femme","17":"pa_size-extra-small-fr","18":"pa_size-medium-fr","19":"pa_size-large-fr","21":"first","22":"instock","23":"sale","24":"taxable","25":"shipping-taxable","26":"purchasable","27":"product-type-variable","28":"wvs-archive-product-wrapper"},"acf":[],"yoast_head":"<!-- This site is optimized with the Yoast SEO plugin v26.8 - https:\/\/yoast.com\/product\/yoast-seo-wordpress\/ -->\n<title>Crazy IdeaJkt Channel femme - Veste de course - MioMioRun.com<\/title>\n<meta name=\"description\" content=\"La Jkt Channel pour femme est une veste de construction hybride, qui prot\u00e8ge \u00e0 l&#039;avant gr\u00e2ce \u00e0 la construction en nylon I-TUBE sans coutures.\" \/>\n<meta name=\"robots\" content=\"index, follow, max-snippet:-1, max-image-preview:large, max-video-preview:-1\" \/>\n<link rel=\"canonical\" href=\"https:\/\/www.miomiorun.com\/fr\/produit\/jkt-channel-femme\/\" \/>\n<meta property=\"og:locale\" content=\"fr_FR\" \/>\n<meta property=\"og:type\" content=\"article\" \/>\n<meta property=\"og:title\" content=\"Crazy IdeaJkt Channel femme - Veste de course - MioMioRun.com\" \/>\n<meta property=\"og:description\" content=\"La Jkt Channel pour femme est une veste de construction hybride, qui prot\u00e8ge \u00e0 l&#039;avant gr\u00e2ce \u00e0 la construction en nylon I-TUBE sans coutures.\" \/>\n<meta property=\"og:url\" content=\"https:\/\/www.miomiorun.com\/fr\/produit\/jkt-channel-femme\/\" \/>\n<meta property=\"og:site_name\" content=\"MioMioRun\" \/>\n<meta property=\"article:publisher\" content=\"https:\/\/www.facebook.com\/miomiorun\/\" \/>\n<meta property=\"article:modified_time\" content=\"2026-05-08T19:38:02+00:00\" \/>\n<meta property=\"og:image\" content=\"https:\/\/www.miomiorun.com\/app\/uploads\/2022\/12\/crazy-idea-jkt-channel-W-black-W22055195D-0001.jpg\" \/>\n\t<meta property=\"og:image:width\" content=\"600\" \/>\n\t<meta property=\"og:image:height\" content=\"600\" \/>\n\t<meta property=\"og:image:type\" content=\"image\/jpeg\" \/>\n<meta name=\"twitter:card\" content=\"summary_large_image\" \/>\n<meta name=\"twitter:label1\" content=\"Est. reading time\" \/>\n\t<meta name=\"twitter:data1\" content=\"1 minute\" \/>\n<script type=\"application\/ld+json\" class=\"yoast-schema-graph\">{\"@context\":\"https:\/\/schema.org\",\"@graph\":[{\"@type\":\"WebPage\",\"@id\":\"https:\/\/www.miomiorun.com\/fr\/produit\/jkt-channel-femme\/\",\"url\":\"https:\/\/www.miomiorun.com\/fr\/produit\/jkt-channel-femme\/\",\"name\":\"Crazy IdeaJkt Channel femme - Veste de course - MioMioRun.com\",\"isPartOf\":{\"@id\":\"https:\/\/www.miomiorun.com\/fr\/#website\"},\"primaryImageOfPage\":{\"@id\":\"https:\/\/www.miomiorun.com\/fr\/produit\/jkt-channel-femme\/#primaryimage\"},\"image\":{\"@id\":\"https:\/\/www.miomiorun.com\/fr\/produit\/jkt-channel-femme\/#primaryimage\"},\"thumbnailUrl\":\"https:\/\/www.miomiorun.com\/app\/uploads\/2022\/12\/crazy-idea-jkt-channel-W-black-W22055195D-0001.jpg\",\"datePublished\":\"2022-12-03T17:15:44+00:00\",\"dateModified\":\"2026-05-08T19:38:02+00:00\",\"description\":\"La Jkt Channel pour femme est une veste de construction hybride, qui prot\u00e8ge \u00e0 l'avant gr\u00e2ce \u00e0 la construction en nylon I-TUBE sans coutures.\",\"breadcrumb\":{\"@id\":\"https:\/\/www.miomiorun.com\/fr\/produit\/jkt-channel-femme\/#breadcrumb\"},\"inLanguage\":\"fr-FR\",\"potentialAction\":[{\"@type\":\"ReadAction\",\"target\":[\"https:\/\/www.miomiorun.com\/fr\/produit\/jkt-channel-femme\/\"]}]},{\"@type\":\"ImageObject\",\"inLanguage\":\"fr-FR\",\"@id\":\"https:\/\/www.miomiorun.com\/fr\/produit\/jkt-channel-femme\/#primaryimage\",\"url\":\"https:\/\/www.miomiorun.com\/app\/uploads\/2022\/12\/crazy-idea-jkt-channel-W-black-W22055195D-0001.jpg\",\"contentUrl\":\"https:\/\/www.miomiorun.com\/app\/uploads\/2022\/12\/crazy-idea-jkt-channel-W-black-W22055195D-0001.jpg\",\"width\":600,\"height\":600,\"caption\":\"crazy-idea-jkt-channel-W-black-W22055195D-0001\"},{\"@type\":\"BreadcrumbList\",\"@id\":\"https:\/\/www.miomiorun.com\/fr\/produit\/jkt-channel-femme\/#breadcrumb\",\"itemListElement\":[{\"@type\":\"ListItem\",\"position\":1,\"name\":\"Home\",\"item\":\"https:\/\/www.miomiorun.com\/fr\/home-page\/\"},{\"@type\":\"ListItem\",\"position\":2,\"name\":\"Shop\",\"item\":\"https:\/\/www.miomiorun.com\/shop\/\"},{\"@type\":\"ListItem\",\"position\":3,\"name\":\"Jkt Channel femme\"}]},{\"@type\":\"WebSite\",\"@id\":\"https:\/\/www.miomiorun.com\/fr\/#website\",\"url\":\"https:\/\/www.miomiorun.com\/fr\/\",\"name\":\"MioMioRun\",\"description\":\"Boutique 100% running et trail\",\"publisher\":{\"@id\":\"https:\/\/www.miomiorun.com\/fr\/#organization\"},\"potentialAction\":[{\"@type\":\"SearchAction\",\"target\":{\"@type\":\"EntryPoint\",\"urlTemplate\":\"https:\/\/www.miomiorun.com\/fr\/?s={search_term_string}\"},\"query-input\":{\"@type\":\"PropertyValueSpecification\",\"valueRequired\":true,\"valueName\":\"search_term_string\"}}],\"inLanguage\":\"fr-FR\"},{\"@type\":\"Organization\",\"@id\":\"https:\/\/www.miomiorun.com\/fr\/#organization\",\"name\":\"MioMio Run\",\"url\":\"https:\/\/www.miomiorun.com\/fr\/\",\"logo\":{\"@type\":\"ImageObject\",\"inLanguage\":\"fr-FR\",\"@id\":\"https:\/\/www.miomiorun.com\/fr\/#\/schema\/logo\/image\/\",\"url\":\"https:\/\/www.miomiorun.com\/app\/uploads\/2019\/12\/logomio.png\",\"contentUrl\":\"https:\/\/www.miomiorun.com\/app\/uploads\/2019\/12\/logomio.png\",\"width\":115,\"height\":82,\"caption\":\"MioMio Run\"},\"image\":{\"@id\":\"https:\/\/www.miomiorun.com\/fr\/#\/schema\/logo\/image\/\"},\"sameAs\":[\"https:\/\/www.facebook.com\/miomiorun\/\",\"https:\/\/www.instagram.com\/miomiorun\/\"]}]}<\/script>\n<!-- \/ Yoast SEO plugin. -->","yoast_head_json":{"title":"Crazy IdeaJkt Channel femme - Veste de course - MioMioRun.com","description":"La Jkt Channel pour femme est une veste de construction hybride, qui prot\u00e8ge \u00e0 l'avant gr\u00e2ce \u00e0 la construction en nylon I-TUBE sans coutures.","robots":{"index":"index","follow":"follow","max-snippet":"max-snippet:-1","max-image-preview":"max-image-preview:large","max-video-preview":"max-video-preview:-1"},"canonical":"https:\/\/www.miomiorun.com\/fr\/produit\/jkt-channel-femme\/","og_locale":"fr_FR","og_type":"article","og_title":"Crazy IdeaJkt Channel femme - Veste de course - MioMioRun.com","og_description":"La Jkt Channel pour femme est une veste de construction hybride, qui prot\u00e8ge \u00e0 l'avant gr\u00e2ce \u00e0 la construction en nylon I-TUBE sans coutures.","og_url":"https:\/\/www.miomiorun.com\/fr\/produit\/jkt-channel-femme\/","og_site_name":"MioMioRun","article_publisher":"https:\/\/www.facebook.com\/miomiorun\/","article_modified_time":"2026-05-08T19:38:02+00:00","og_image":[{"width":600,"height":600,"url":"https:\/\/www.miomiorun.com\/app\/uploads\/2022\/12\/crazy-idea-jkt-channel-W-black-W22055195D-0001.jpg","type":"image\/jpeg"}],"twitter_card":"summary_large_image","twitter_misc":{"Est. reading time":"1 minute"},"schema":{"@context":"https:\/\/schema.org","@graph":[{"@type":"WebPage","@id":"https:\/\/www.miomiorun.com\/fr\/produit\/jkt-channel-femme\/","url":"https:\/\/www.miomiorun.com\/fr\/produit\/jkt-channel-femme\/","name":"Crazy IdeaJkt Channel femme - Veste de course - MioMioRun.com","isPartOf":{"@id":"https:\/\/www.miomiorun.com\/fr\/#website"},"primaryImageOfPage":{"@id":"https:\/\/www.miomiorun.com\/fr\/produit\/jkt-channel-femme\/#primaryimage"},"image":{"@id":"https:\/\/www.miomiorun.com\/fr\/produit\/jkt-channel-femme\/#primaryimage"},"thumbnailUrl":"https:\/\/www.miomiorun.com\/app\/uploads\/2022\/12\/crazy-idea-jkt-channel-W-black-W22055195D-0001.jpg","datePublished":"2022-12-03T17:15:44+00:00","dateModified":"2026-05-08T19:38:02+00:00","description":"La Jkt Channel pour femme est une veste de construction hybride, qui prot\u00e8ge \u00e0 l'avant gr\u00e2ce \u00e0 la construction en nylon I-TUBE sans coutures.","breadcrumb":{"@id":"https:\/\/www.miomiorun.com\/fr\/produit\/jkt-channel-femme\/#breadcrumb"},"inLanguage":"fr-FR","potentialAction":[{"@type":"ReadAction","target":["https:\/\/www.miomiorun.com\/fr\/produit\/jkt-channel-femme\/"]}]},{"@type":"ImageObject","inLanguage":"fr-FR","@id":"https:\/\/www.miomiorun.com\/fr\/produit\/jkt-channel-femme\/#primaryimage","url":"https:\/\/www.miomiorun.com\/app\/uploads\/2022\/12\/crazy-idea-jkt-channel-W-black-W22055195D-0001.jpg","contentUrl":"https:\/\/www.miomiorun.com\/app\/uploads\/2022\/12\/crazy-idea-jkt-channel-W-black-W22055195D-0001.jpg","width":600,"height":600,"caption":"crazy-idea-jkt-channel-W-black-W22055195D-0001"},{"@type":"BreadcrumbList","@id":"https:\/\/www.miomiorun.com\/fr\/produit\/jkt-channel-femme\/#breadcrumb","itemListElement":[{"@type":"ListItem","position":1,"name":"Home","item":"https:\/\/www.miomiorun.com\/fr\/home-page\/"},{"@type":"ListItem","position":2,"name":"Shop","item":"https:\/\/www.miomiorun.com\/shop\/"},{"@type":"ListItem","position":3,"name":"Jkt Channel femme"}]},{"@type":"WebSite","@id":"https:\/\/www.miomiorun.com\/fr\/#website","url":"https:\/\/www.miomiorun.com\/fr\/","name":"MioMioRun","description":"Boutique 100% running et trail","publisher":{"@id":"https:\/\/www.miomiorun.com\/fr\/#organization"},"potentialAction":[{"@type":"SearchAction","target":{"@type":"EntryPoint","urlTemplate":"https:\/\/www.miomiorun.com\/fr\/?s={search_term_string}"},"query-input":{"@type":"PropertyValueSpecification","valueRequired":true,"valueName":"search_term_string"}}],"inLanguage":"fr-FR"},{"@type":"Organization","@id":"https:\/\/www.miomiorun.com\/fr\/#organization","name":"MioMio Run","url":"https:\/\/www.miomiorun.com\/fr\/","logo":{"@type":"ImageObject","inLanguage":"fr-FR","@id":"https:\/\/www.miomiorun.com\/fr\/#\/schema\/logo\/image\/","url":"https:\/\/www.miomiorun.com\/app\/uploads\/2019\/12\/logomio.png","contentUrl":"https:\/\/www.miomiorun.com\/app\/uploads\/2019\/12\/logomio.png","width":115,"height":82,"caption":"MioMio Run"},"image":{"@id":"https:\/\/www.miomiorun.com\/fr\/#\/schema\/logo\/image\/"},"sameAs":["https:\/\/www.facebook.com\/miomiorun\/","https:\/\/www.instagram.com\/miomiorun\/"]}]}},"_links":{"self":[{"href":"https:\/\/www.miomiorun.com\/fr\/wp-json\/wp\/v2\/product\/285181","targetHints":{"allow":["GET"]}}],"collection":[{"href":"https:\/\/www.miomiorun.com\/fr\/wp-json\/wp\/v2\/product"}],"about":[{"href":"https:\/\/www.miomiorun.com\/fr\/wp-json\/wp\/v2\/types\/product"}],"wp:featuredmedia":[{"embeddable":true,"href":"https:\/\/www.miomiorun.com\/fr\/wp-json\/wp\/v2\/media\/238722"}],"wp:attachment":[{"href":"https:\/\/www.miomiorun.com\/fr\/wp-json\/wp\/v2\/media?parent=285181"}],"wp:term":[{"taxonomy":"product_brand","embeddable":true,"href":"https:\/\/www.miomiorun.com\/fr\/wp-json\/wp\/v2\/product_brand?post=285181"},{"taxonomy":"product_cat","embeddable":true,"href":"https:\/\/www.miomiorun.com\/fr\/wp-json\/wp\/v2\/product_cat?post=285181"},{"taxonomy":"product_tag","embeddable":true,"href":"https:\/\/www.miomiorun.com\/fr\/wp-json\/wp\/v2\/product_tag?post=285181"}],"curies":[{"name":"wp","href":"https:\/\/api.w.org\/{rel}","templated":true}]}}