{"id":285109,"date":"2022-12-06T16:40:43","date_gmt":"2022-12-06T15:40:43","guid":{"rendered":"https:\/\/miomiorun.com\/prodotto\/fuseaux-kinsej-donna\/"},"modified":"2026-05-08T18:09:49","modified_gmt":"2026-05-08T16:09:49","slug":"fuseaux-kinsej-femme","status":"publish","type":"product","link":"https:\/\/www.miomiorun.com\/fr\/produit\/fuseaux-kinsej-femme\/","title":{"rendered":"Fuseaux Kinsej femme"},"content":{"rendered":"<div class=\"single-product-description\">\n<div class=\"single-product-description\">\n<div class=\"descProdotto\">\n<p><strong>Fuseaux Kinsej<\/strong> pour femmes sont des pantalons de course ou de raquettes id\u00e9aux pour les journ\u00e9es froides ou les sentiers hivernaux. Fabriqu\u00e9s dans un tissu haute performance, chaud, confortable et respirant. Con\u00e7us pour les femmes, ils sont sans coutures au niveau des jambes pour \u00e9viter toute g\u00eane ou frottement. La taille haute est dot\u00e9e de 2 poches, dont une avec fermeture \u00e0 glissi\u00e8re, tr\u00e8s utiles pour ranger des gels et autres objets.<\/p>\n<p><strong>Caract\u00e9ristiques :<\/strong><\/p>\n<\/div>\n<div class=\"carProdotto\">\n<ul>\n<li>large bande \u00e9lastique \u00e0 la taille avec 2 poches dont une avec fermeture \u00e0 glissi\u00e8re<\/li>\n<li>construction sans coutures sous la jambe, anti-frottements<\/li>\n<li>imprim\u00e9 jeans tendance sur toute la surface<\/li>\n<\/ul>\n<\/div>\n<\/div>\n<\/div>\n","protected":false},"excerpt":{"rendered":"<ul>\n<li>taille \u00e9lastique confortable<\/li>\n<li>jeans enti\u00e8rement imprim\u00e9s<\/li>\n<\/ul>\n","protected":false},"featured_media":238732,"template":"","meta":{"_acf_changed":false,"inline_featured_image":false},"product_brand":[],"product_cat":[22603,22596,22595],"product_tag":[23489,23491],"class_list":{"0":"post-285109","1":"product","2":"type-product","3":"status-publish","4":"has-post-thumbnail","6":"product_cat-pantalon-long","7":"product_cat-vetements-pour-femmes","8":"product_cat-femme","9":"product_tag-crazy-idea-fr","10":"product_tag-crazy-idea-femme","11":"pa_attivita-fitness-fr","12":"pa_attivita-marcher","13":"pa_attivita-outdoor-fr","14":"pa_attivita-trail-fr","15":"pa_colore-fuseaux-kinsej-printed-w-print-dark-jeans-fr","16":"pa_colore-fuseaux-kinsej-w-tempest-fr","17":"pa_marca-crazy-idea-fr","18":"pa_sesso-femme","19":"pa_size-extra-small-fr","20":"pa_size-small-fr","21":"pa_size-medium-fr","23":"first","24":"instock","25":"sale","26":"taxable","27":"shipping-taxable","28":"purchasable","29":"product-type-variable","30":"wvs-archive-product-wrapper"},"acf":[],"yoast_head":"<!-- This site is optimized with the Yoast SEO plugin v26.8 - https:\/\/yoast.com\/product\/yoast-seo-wordpress\/ -->\n<title>Crazy IdeaFuseaux Kinsej femme - Pantalon de course - MioMioRun<\/title>\n<meta name=\"description\" content=\"Les Fuseaux Kinsej pour femmes sont des pantalons de course ou de raquette id\u00e9aux pour les journ\u00e9es froides ou les sentiers hivernaux. Fabriqu\u00e9s en tissu haute performance.\" \/>\n<meta name=\"robots\" content=\"index, follow, max-snippet:-1, max-image-preview:large, max-video-preview:-1\" \/>\n<link rel=\"canonical\" href=\"https:\/\/www.miomiorun.com\/fr\/produit\/fuseaux-kinsej-femme\/\" \/>\n<meta property=\"og:locale\" content=\"fr_FR\" \/>\n<meta property=\"og:type\" content=\"article\" \/>\n<meta property=\"og:title\" content=\"Crazy IdeaFuseaux Kinsej femme - Pantalon de course - MioMioRun\" \/>\n<meta property=\"og:description\" content=\"Les Fuseaux Kinsej pour femmes sont des pantalons de course ou de raquette id\u00e9aux pour les journ\u00e9es froides ou les sentiers hivernaux. Fabriqu\u00e9s en tissu haute performance.\" \/>\n<meta property=\"og:url\" content=\"https:\/\/www.miomiorun.com\/fr\/produit\/fuseaux-kinsej-femme\/\" \/>\n<meta property=\"og:site_name\" content=\"MioMioRun\" \/>\n<meta property=\"article:publisher\" content=\"https:\/\/www.facebook.com\/miomiorun\/\" \/>\n<meta property=\"article:modified_time\" content=\"2026-05-08T16:09:49+00:00\" \/>\n<meta property=\"og:image\" content=\"https:\/\/www.miomiorun.com\/app\/uploads\/2022\/12\/crazy-idea-fuseaux-kinsej-W-tempest-W22015141D-00X142.jpg\" \/>\n\t<meta property=\"og:image:width\" content=\"600\" \/>\n\t<meta property=\"og:image:height\" content=\"600\" \/>\n\t<meta property=\"og:image:type\" content=\"image\/jpeg\" \/>\n<meta name=\"twitter:card\" content=\"summary_large_image\" \/>\n<meta name=\"twitter:label1\" content=\"Est. reading time\" \/>\n\t<meta name=\"twitter:data1\" content=\"1 minute\" \/>\n<script type=\"application\/ld+json\" class=\"yoast-schema-graph\">{\"@context\":\"https:\/\/schema.org\",\"@graph\":[{\"@type\":\"WebPage\",\"@id\":\"https:\/\/www.miomiorun.com\/fr\/produit\/fuseaux-kinsej-femme\/\",\"url\":\"https:\/\/www.miomiorun.com\/fr\/produit\/fuseaux-kinsej-femme\/\",\"name\":\"Crazy IdeaFuseaux Kinsej femme - Pantalon de course - MioMioRun\",\"isPartOf\":{\"@id\":\"https:\/\/www.miomiorun.com\/fr\/#website\"},\"primaryImageOfPage\":{\"@id\":\"https:\/\/www.miomiorun.com\/fr\/produit\/fuseaux-kinsej-femme\/#primaryimage\"},\"image\":{\"@id\":\"https:\/\/www.miomiorun.com\/fr\/produit\/fuseaux-kinsej-femme\/#primaryimage\"},\"thumbnailUrl\":\"https:\/\/www.miomiorun.com\/app\/uploads\/2022\/12\/crazy-idea-fuseaux-kinsej-W-tempest-W22015141D-00X142.jpg\",\"datePublished\":\"2022-12-06T15:40:43+00:00\",\"dateModified\":\"2026-05-08T16:09:49+00:00\",\"description\":\"Les Fuseaux Kinsej pour femmes sont des pantalons de course ou de raquette id\u00e9aux pour les journ\u00e9es froides ou les sentiers hivernaux. Fabriqu\u00e9s en tissu haute performance.\",\"breadcrumb\":{\"@id\":\"https:\/\/www.miomiorun.com\/fr\/produit\/fuseaux-kinsej-femme\/#breadcrumb\"},\"inLanguage\":\"fr-FR\",\"potentialAction\":[{\"@type\":\"ReadAction\",\"target\":[\"https:\/\/www.miomiorun.com\/fr\/produit\/fuseaux-kinsej-femme\/\"]}]},{\"@type\":\"ImageObject\",\"inLanguage\":\"fr-FR\",\"@id\":\"https:\/\/www.miomiorun.com\/fr\/produit\/fuseaux-kinsej-femme\/#primaryimage\",\"url\":\"https:\/\/www.miomiorun.com\/app\/uploads\/2022\/12\/crazy-idea-fuseaux-kinsej-W-tempest-W22015141D-00X142.jpg\",\"contentUrl\":\"https:\/\/www.miomiorun.com\/app\/uploads\/2022\/12\/crazy-idea-fuseaux-kinsej-W-tempest-W22015141D-00X142.jpg\",\"width\":600,\"height\":600,\"caption\":\"crazy-idea-fuseaux-kinsej-W-tempest-W22015141D-00X142\"},{\"@type\":\"BreadcrumbList\",\"@id\":\"https:\/\/www.miomiorun.com\/fr\/produit\/fuseaux-kinsej-femme\/#breadcrumb\",\"itemListElement\":[{\"@type\":\"ListItem\",\"position\":1,\"name\":\"Home\",\"item\":\"https:\/\/www.miomiorun.com\/fr\/home-page\/\"},{\"@type\":\"ListItem\",\"position\":2,\"name\":\"Shop\",\"item\":\"https:\/\/www.miomiorun.com\/shop\/\"},{\"@type\":\"ListItem\",\"position\":3,\"name\":\"Fuseaux Kinsej femme\"}]},{\"@type\":\"WebSite\",\"@id\":\"https:\/\/www.miomiorun.com\/fr\/#website\",\"url\":\"https:\/\/www.miomiorun.com\/fr\/\",\"name\":\"MioMioRun\",\"description\":\"Boutique 100% running et trail\",\"publisher\":{\"@id\":\"https:\/\/www.miomiorun.com\/fr\/#organization\"},\"potentialAction\":[{\"@type\":\"SearchAction\",\"target\":{\"@type\":\"EntryPoint\",\"urlTemplate\":\"https:\/\/www.miomiorun.com\/fr\/?s={search_term_string}\"},\"query-input\":{\"@type\":\"PropertyValueSpecification\",\"valueRequired\":true,\"valueName\":\"search_term_string\"}}],\"inLanguage\":\"fr-FR\"},{\"@type\":\"Organization\",\"@id\":\"https:\/\/www.miomiorun.com\/fr\/#organization\",\"name\":\"MioMio Run\",\"url\":\"https:\/\/www.miomiorun.com\/fr\/\",\"logo\":{\"@type\":\"ImageObject\",\"inLanguage\":\"fr-FR\",\"@id\":\"https:\/\/www.miomiorun.com\/fr\/#\/schema\/logo\/image\/\",\"url\":\"https:\/\/www.miomiorun.com\/app\/uploads\/2019\/12\/logomio.png\",\"contentUrl\":\"https:\/\/www.miomiorun.com\/app\/uploads\/2019\/12\/logomio.png\",\"width\":115,\"height\":82,\"caption\":\"MioMio Run\"},\"image\":{\"@id\":\"https:\/\/www.miomiorun.com\/fr\/#\/schema\/logo\/image\/\"},\"sameAs\":[\"https:\/\/www.facebook.com\/miomiorun\/\",\"https:\/\/www.instagram.com\/miomiorun\/\"]}]}<\/script>\n<!-- \/ Yoast SEO plugin. -->","yoast_head_json":{"title":"Crazy IdeaFuseaux Kinsej femme - Pantalon de course - MioMioRun","description":"Les Fuseaux Kinsej pour femmes sont des pantalons de course ou de raquette id\u00e9aux pour les journ\u00e9es froides ou les sentiers hivernaux. Fabriqu\u00e9s en tissu haute performance.","robots":{"index":"index","follow":"follow","max-snippet":"max-snippet:-1","max-image-preview":"max-image-preview:large","max-video-preview":"max-video-preview:-1"},"canonical":"https:\/\/www.miomiorun.com\/fr\/produit\/fuseaux-kinsej-femme\/","og_locale":"fr_FR","og_type":"article","og_title":"Crazy IdeaFuseaux Kinsej femme - Pantalon de course - MioMioRun","og_description":"Les Fuseaux Kinsej pour femmes sont des pantalons de course ou de raquette id\u00e9aux pour les journ\u00e9es froides ou les sentiers hivernaux. Fabriqu\u00e9s en tissu haute performance.","og_url":"https:\/\/www.miomiorun.com\/fr\/produit\/fuseaux-kinsej-femme\/","og_site_name":"MioMioRun","article_publisher":"https:\/\/www.facebook.com\/miomiorun\/","article_modified_time":"2026-05-08T16:09:49+00:00","og_image":[{"width":600,"height":600,"url":"https:\/\/www.miomiorun.com\/app\/uploads\/2022\/12\/crazy-idea-fuseaux-kinsej-W-tempest-W22015141D-00X142.jpg","type":"image\/jpeg"}],"twitter_card":"summary_large_image","twitter_misc":{"Est. reading time":"1 minute"},"schema":{"@context":"https:\/\/schema.org","@graph":[{"@type":"WebPage","@id":"https:\/\/www.miomiorun.com\/fr\/produit\/fuseaux-kinsej-femme\/","url":"https:\/\/www.miomiorun.com\/fr\/produit\/fuseaux-kinsej-femme\/","name":"Crazy IdeaFuseaux Kinsej femme - Pantalon de course - MioMioRun","isPartOf":{"@id":"https:\/\/www.miomiorun.com\/fr\/#website"},"primaryImageOfPage":{"@id":"https:\/\/www.miomiorun.com\/fr\/produit\/fuseaux-kinsej-femme\/#primaryimage"},"image":{"@id":"https:\/\/www.miomiorun.com\/fr\/produit\/fuseaux-kinsej-femme\/#primaryimage"},"thumbnailUrl":"https:\/\/www.miomiorun.com\/app\/uploads\/2022\/12\/crazy-idea-fuseaux-kinsej-W-tempest-W22015141D-00X142.jpg","datePublished":"2022-12-06T15:40:43+00:00","dateModified":"2026-05-08T16:09:49+00:00","description":"Les Fuseaux Kinsej pour femmes sont des pantalons de course ou de raquette id\u00e9aux pour les journ\u00e9es froides ou les sentiers hivernaux. Fabriqu\u00e9s en tissu haute performance.","breadcrumb":{"@id":"https:\/\/www.miomiorun.com\/fr\/produit\/fuseaux-kinsej-femme\/#breadcrumb"},"inLanguage":"fr-FR","potentialAction":[{"@type":"ReadAction","target":["https:\/\/www.miomiorun.com\/fr\/produit\/fuseaux-kinsej-femme\/"]}]},{"@type":"ImageObject","inLanguage":"fr-FR","@id":"https:\/\/www.miomiorun.com\/fr\/produit\/fuseaux-kinsej-femme\/#primaryimage","url":"https:\/\/www.miomiorun.com\/app\/uploads\/2022\/12\/crazy-idea-fuseaux-kinsej-W-tempest-W22015141D-00X142.jpg","contentUrl":"https:\/\/www.miomiorun.com\/app\/uploads\/2022\/12\/crazy-idea-fuseaux-kinsej-W-tempest-W22015141D-00X142.jpg","width":600,"height":600,"caption":"crazy-idea-fuseaux-kinsej-W-tempest-W22015141D-00X142"},{"@type":"BreadcrumbList","@id":"https:\/\/www.miomiorun.com\/fr\/produit\/fuseaux-kinsej-femme\/#breadcrumb","itemListElement":[{"@type":"ListItem","position":1,"name":"Home","item":"https:\/\/www.miomiorun.com\/fr\/home-page\/"},{"@type":"ListItem","position":2,"name":"Shop","item":"https:\/\/www.miomiorun.com\/shop\/"},{"@type":"ListItem","position":3,"name":"Fuseaux Kinsej femme"}]},{"@type":"WebSite","@id":"https:\/\/www.miomiorun.com\/fr\/#website","url":"https:\/\/www.miomiorun.com\/fr\/","name":"MioMioRun","description":"Boutique 100% running et trail","publisher":{"@id":"https:\/\/www.miomiorun.com\/fr\/#organization"},"potentialAction":[{"@type":"SearchAction","target":{"@type":"EntryPoint","urlTemplate":"https:\/\/www.miomiorun.com\/fr\/?s={search_term_string}"},"query-input":{"@type":"PropertyValueSpecification","valueRequired":true,"valueName":"search_term_string"}}],"inLanguage":"fr-FR"},{"@type":"Organization","@id":"https:\/\/www.miomiorun.com\/fr\/#organization","name":"MioMio Run","url":"https:\/\/www.miomiorun.com\/fr\/","logo":{"@type":"ImageObject","inLanguage":"fr-FR","@id":"https:\/\/www.miomiorun.com\/fr\/#\/schema\/logo\/image\/","url":"https:\/\/www.miomiorun.com\/app\/uploads\/2019\/12\/logomio.png","contentUrl":"https:\/\/www.miomiorun.com\/app\/uploads\/2019\/12\/logomio.png","width":115,"height":82,"caption":"MioMio Run"},"image":{"@id":"https:\/\/www.miomiorun.com\/fr\/#\/schema\/logo\/image\/"},"sameAs":["https:\/\/www.facebook.com\/miomiorun\/","https:\/\/www.instagram.com\/miomiorun\/"]}]}},"_links":{"self":[{"href":"https:\/\/www.miomiorun.com\/fr\/wp-json\/wp\/v2\/product\/285109","targetHints":{"allow":["GET"]}}],"collection":[{"href":"https:\/\/www.miomiorun.com\/fr\/wp-json\/wp\/v2\/product"}],"about":[{"href":"https:\/\/www.miomiorun.com\/fr\/wp-json\/wp\/v2\/types\/product"}],"wp:featuredmedia":[{"embeddable":true,"href":"https:\/\/www.miomiorun.com\/fr\/wp-json\/wp\/v2\/media\/238732"}],"wp:attachment":[{"href":"https:\/\/www.miomiorun.com\/fr\/wp-json\/wp\/v2\/media?parent=285109"}],"wp:term":[{"taxonomy":"product_brand","embeddable":true,"href":"https:\/\/www.miomiorun.com\/fr\/wp-json\/wp\/v2\/product_brand?post=285109"},{"taxonomy":"product_cat","embeddable":true,"href":"https:\/\/www.miomiorun.com\/fr\/wp-json\/wp\/v2\/product_cat?post=285109"},{"taxonomy":"product_tag","embeddable":true,"href":"https:\/\/www.miomiorun.com\/fr\/wp-json\/wp\/v2\/product_tag?post=285109"}],"curies":[{"name":"wp","href":"https:\/\/api.w.org\/{rel}","templated":true}]}}