{"id":285099,"date":"2022-12-13T17:38:52","date_gmt":"2022-12-13T16:38:52","guid":{"rendered":"https:\/\/miomiorun.com\/prodotto\/andromeda-pants-donna\/"},"modified":"2025-09-16T15:56:08","modified_gmt":"2025-09-16T13:56:08","slug":"andromeda-pants-femme","status":"publish","type":"product","link":"https:\/\/www.miomiorun.com\/fr\/produit\/andromeda-pants-femme\/","title":{"rendered":"Andromeda Pants femme"},"content":{"rendered":"<p>Le pantalon <strong>Andromeda Pants<\/strong> pour femme est un pantalon long en jersey stretch, respirant et offrant une protection \u00e9lev\u00e9e contre les rayons UV. Un v\u00eatement id\u00e9al pour les activit\u00e9s de plein air, le fitness et les loisirs.<\/p>\n<p><strong>Caract\u00e9ristiques :\u00a0<\/strong><\/p>\n<p>\u2022 Pantalon long pour femme<br \/>\n\u2022 Tissu jersey stretch DWR bross\u00e9 \u00e0 l&#8217;envers, garantissant un confort thermique, respirant et offrant une protection \u00e9lev\u00e9e contre les rayons UV<br \/>\n\u2022 Taille ferm\u00e9e avec \u00e9lastique<br \/>\n\u2022 Poches mains zipp\u00e9es<br \/>\n\u2022 V\u00eatement id\u00e9al pour les activit\u00e9s de plein air, le fitness et les loisirs<\/p>\n<p class=\"product-weight\">Poids : 0,23 kg<\/p>\n<p><img decoding=\"async\" src=\"https:\/\/www.montura.it\/media\/amasty\/shopby\/option_images\/slider\/ICM94.svg\" alt=\"ICM94\" \/><\/p>\n<p>&nbsp;<\/p>\n","protected":false},"excerpt":{"rendered":"<p>\u2022 Tissu jersey stretch DWR gratt\u00e9 \u00e0 l&#8217;envers, garantissant un confort thermique, respirant et une protection \u00e9lev\u00e9e contre les rayons UV<br \/>\n\u2022 Taille ferm\u00e9e avec \u00e9lastique<br \/>\n\u2022 Poches pour les mains avec fermeture \u00e9clair<\/p>\n","protected":false},"featured_media":238866,"template":"","meta":{"_acf_changed":false,"inline_featured_image":false},"product_brand":[],"product_cat":[22603,22596,22595],"product_tag":[23512,23514],"class_list":{"0":"post-285099","1":"product","2":"type-product","3":"status-publish","4":"has-post-thumbnail","6":"product_cat-pantalon-long","7":"product_cat-vetements-pour-femmes","8":"product_cat-femme","9":"product_tag-montura-fr","10":"product_tag-montura-femme","11":"pa_attivita-fitness-fr","12":"pa_attivita-marcher","13":"pa_attivita-outdoor-fr","14":"pa_colore-andromeda-pants-woman-nero-light-rose-fr","15":"pa_marca-montura-fr","16":"pa_sesso-femme","17":"pa_size-medium-fr","19":"first","20":"instock","21":"taxable","22":"shipping-taxable","23":"purchasable","24":"product-type-variable","25":"wvs-archive-product-wrapper"},"acf":[],"yoast_head":"<!-- This site is optimized with the Yoast SEO plugin v26.8 - https:\/\/yoast.com\/product\/yoast-seo-wordpress\/ -->\n<title>Montura Andromeda Pants femme - pantalon long - MioMioRun<\/title>\n<meta name=\"description\" content=\"Le pantalon Andromeda pour femme est un pantalon long en jersey stretch, respirant et offrant une protection \u00e9lev\u00e9e contre les rayons UV.\" \/>\n<meta name=\"robots\" content=\"index, follow, max-snippet:-1, max-image-preview:large, max-video-preview:-1\" \/>\n<link rel=\"canonical\" href=\"https:\/\/www.miomiorun.com\/fr\/produit\/andromeda-pants-femme\/\" \/>\n<meta property=\"og:locale\" content=\"fr_FR\" \/>\n<meta property=\"og:type\" content=\"article\" \/>\n<meta property=\"og:title\" content=\"Montura Andromeda Pants femme - pantalon long - MioMioRun\" \/>\n<meta property=\"og:description\" content=\"Le pantalon Andromeda pour femme est un pantalon long en jersey stretch, respirant et offrant une protection \u00e9lev\u00e9e contre les rayons UV.\" \/>\n<meta property=\"og:url\" content=\"https:\/\/www.miomiorun.com\/fr\/produit\/andromeda-pants-femme\/\" \/>\n<meta property=\"og:site_name\" content=\"MioMioRun\" \/>\n<meta property=\"article:publisher\" content=\"https:\/\/www.facebook.com\/miomiorun\/\" \/>\n<meta property=\"article:modified_time\" content=\"2025-09-16T13:56:08+00:00\" \/>\n<meta property=\"og:image\" content=\"https:\/\/www.miomiorun.com\/app\/uploads\/2022\/12\/montura-andromeda-pants-W-nero-care-blu-MPLR41W.9028.jpg\" \/>\n\t<meta property=\"og:image:width\" content=\"600\" \/>\n\t<meta property=\"og:image:height\" content=\"600\" \/>\n\t<meta property=\"og:image:type\" content=\"image\/jpeg\" \/>\n<meta name=\"twitter:card\" content=\"summary_large_image\" \/>\n<script type=\"application\/ld+json\" class=\"yoast-schema-graph\">{\"@context\":\"https:\/\/schema.org\",\"@graph\":[{\"@type\":\"WebPage\",\"@id\":\"https:\/\/www.miomiorun.com\/fr\/produit\/andromeda-pants-femme\/\",\"url\":\"https:\/\/www.miomiorun.com\/fr\/produit\/andromeda-pants-femme\/\",\"name\":\"Montura Andromeda Pants femme - pantalon long - MioMioRun\",\"isPartOf\":{\"@id\":\"https:\/\/www.miomiorun.com\/fr\/#website\"},\"primaryImageOfPage\":{\"@id\":\"https:\/\/www.miomiorun.com\/fr\/produit\/andromeda-pants-femme\/#primaryimage\"},\"image\":{\"@id\":\"https:\/\/www.miomiorun.com\/fr\/produit\/andromeda-pants-femme\/#primaryimage\"},\"thumbnailUrl\":\"https:\/\/www.miomiorun.com\/app\/uploads\/2022\/12\/montura-andromeda-pants-W-nero-care-blu-MPLR41W.9028.jpg\",\"datePublished\":\"2022-12-13T16:38:52+00:00\",\"dateModified\":\"2025-09-16T13:56:08+00:00\",\"description\":\"Le pantalon Andromeda pour femme est un pantalon long en jersey stretch, respirant et offrant une protection \u00e9lev\u00e9e contre les rayons UV.\",\"breadcrumb\":{\"@id\":\"https:\/\/www.miomiorun.com\/fr\/produit\/andromeda-pants-femme\/#breadcrumb\"},\"inLanguage\":\"fr-FR\",\"potentialAction\":[{\"@type\":\"ReadAction\",\"target\":[\"https:\/\/www.miomiorun.com\/fr\/produit\/andromeda-pants-femme\/\"]}]},{\"@type\":\"ImageObject\",\"inLanguage\":\"fr-FR\",\"@id\":\"https:\/\/www.miomiorun.com\/fr\/produit\/andromeda-pants-femme\/#primaryimage\",\"url\":\"https:\/\/www.miomiorun.com\/app\/uploads\/2022\/12\/montura-andromeda-pants-W-nero-care-blu-MPLR41W.9028.jpg\",\"contentUrl\":\"https:\/\/www.miomiorun.com\/app\/uploads\/2022\/12\/montura-andromeda-pants-W-nero-care-blu-MPLR41W.9028.jpg\",\"width\":600,\"height\":600,\"caption\":\"montura-andromeda-pants-W-nero-care-blu-MPLR41W.9028\"},{\"@type\":\"BreadcrumbList\",\"@id\":\"https:\/\/www.miomiorun.com\/fr\/produit\/andromeda-pants-femme\/#breadcrumb\",\"itemListElement\":[{\"@type\":\"ListItem\",\"position\":1,\"name\":\"Home\",\"item\":\"https:\/\/www.miomiorun.com\/fr\/home-page\/\"},{\"@type\":\"ListItem\",\"position\":2,\"name\":\"Shop\",\"item\":\"https:\/\/www.miomiorun.com\/shop\/\"},{\"@type\":\"ListItem\",\"position\":3,\"name\":\"Andromeda Pants femme\"}]},{\"@type\":\"WebSite\",\"@id\":\"https:\/\/www.miomiorun.com\/fr\/#website\",\"url\":\"https:\/\/www.miomiorun.com\/fr\/\",\"name\":\"MioMioRun\",\"description\":\"Boutique 100% running et trail\",\"publisher\":{\"@id\":\"https:\/\/www.miomiorun.com\/fr\/#organization\"},\"potentialAction\":[{\"@type\":\"SearchAction\",\"target\":{\"@type\":\"EntryPoint\",\"urlTemplate\":\"https:\/\/www.miomiorun.com\/fr\/?s={search_term_string}\"},\"query-input\":{\"@type\":\"PropertyValueSpecification\",\"valueRequired\":true,\"valueName\":\"search_term_string\"}}],\"inLanguage\":\"fr-FR\"},{\"@type\":\"Organization\",\"@id\":\"https:\/\/www.miomiorun.com\/fr\/#organization\",\"name\":\"MioMio Run\",\"url\":\"https:\/\/www.miomiorun.com\/fr\/\",\"logo\":{\"@type\":\"ImageObject\",\"inLanguage\":\"fr-FR\",\"@id\":\"https:\/\/www.miomiorun.com\/fr\/#\/schema\/logo\/image\/\",\"url\":\"https:\/\/www.miomiorun.com\/app\/uploads\/2019\/12\/logomio.png\",\"contentUrl\":\"https:\/\/www.miomiorun.com\/app\/uploads\/2019\/12\/logomio.png\",\"width\":115,\"height\":82,\"caption\":\"MioMio Run\"},\"image\":{\"@id\":\"https:\/\/www.miomiorun.com\/fr\/#\/schema\/logo\/image\/\"},\"sameAs\":[\"https:\/\/www.facebook.com\/miomiorun\/\",\"https:\/\/www.instagram.com\/miomiorun\/\"]}]}<\/script>\n<!-- \/ Yoast SEO plugin. -->","yoast_head_json":{"title":"Montura Andromeda Pants femme - pantalon long - MioMioRun","description":"Le pantalon Andromeda pour femme est un pantalon long en jersey stretch, respirant et offrant une protection \u00e9lev\u00e9e contre les rayons UV.","robots":{"index":"index","follow":"follow","max-snippet":"max-snippet:-1","max-image-preview":"max-image-preview:large","max-video-preview":"max-video-preview:-1"},"canonical":"https:\/\/www.miomiorun.com\/fr\/produit\/andromeda-pants-femme\/","og_locale":"fr_FR","og_type":"article","og_title":"Montura Andromeda Pants femme - pantalon long - MioMioRun","og_description":"Le pantalon Andromeda pour femme est un pantalon long en jersey stretch, respirant et offrant une protection \u00e9lev\u00e9e contre les rayons UV.","og_url":"https:\/\/www.miomiorun.com\/fr\/produit\/andromeda-pants-femme\/","og_site_name":"MioMioRun","article_publisher":"https:\/\/www.facebook.com\/miomiorun\/","article_modified_time":"2025-09-16T13:56:08+00:00","og_image":[{"width":600,"height":600,"url":"https:\/\/www.miomiorun.com\/app\/uploads\/2022\/12\/montura-andromeda-pants-W-nero-care-blu-MPLR41W.9028.jpg","type":"image\/jpeg"}],"twitter_card":"summary_large_image","schema":{"@context":"https:\/\/schema.org","@graph":[{"@type":"WebPage","@id":"https:\/\/www.miomiorun.com\/fr\/produit\/andromeda-pants-femme\/","url":"https:\/\/www.miomiorun.com\/fr\/produit\/andromeda-pants-femme\/","name":"Montura Andromeda Pants femme - pantalon long - MioMioRun","isPartOf":{"@id":"https:\/\/www.miomiorun.com\/fr\/#website"},"primaryImageOfPage":{"@id":"https:\/\/www.miomiorun.com\/fr\/produit\/andromeda-pants-femme\/#primaryimage"},"image":{"@id":"https:\/\/www.miomiorun.com\/fr\/produit\/andromeda-pants-femme\/#primaryimage"},"thumbnailUrl":"https:\/\/www.miomiorun.com\/app\/uploads\/2022\/12\/montura-andromeda-pants-W-nero-care-blu-MPLR41W.9028.jpg","datePublished":"2022-12-13T16:38:52+00:00","dateModified":"2025-09-16T13:56:08+00:00","description":"Le pantalon Andromeda pour femme est un pantalon long en jersey stretch, respirant et offrant une protection \u00e9lev\u00e9e contre les rayons UV.","breadcrumb":{"@id":"https:\/\/www.miomiorun.com\/fr\/produit\/andromeda-pants-femme\/#breadcrumb"},"inLanguage":"fr-FR","potentialAction":[{"@type":"ReadAction","target":["https:\/\/www.miomiorun.com\/fr\/produit\/andromeda-pants-femme\/"]}]},{"@type":"ImageObject","inLanguage":"fr-FR","@id":"https:\/\/www.miomiorun.com\/fr\/produit\/andromeda-pants-femme\/#primaryimage","url":"https:\/\/www.miomiorun.com\/app\/uploads\/2022\/12\/montura-andromeda-pants-W-nero-care-blu-MPLR41W.9028.jpg","contentUrl":"https:\/\/www.miomiorun.com\/app\/uploads\/2022\/12\/montura-andromeda-pants-W-nero-care-blu-MPLR41W.9028.jpg","width":600,"height":600,"caption":"montura-andromeda-pants-W-nero-care-blu-MPLR41W.9028"},{"@type":"BreadcrumbList","@id":"https:\/\/www.miomiorun.com\/fr\/produit\/andromeda-pants-femme\/#breadcrumb","itemListElement":[{"@type":"ListItem","position":1,"name":"Home","item":"https:\/\/www.miomiorun.com\/fr\/home-page\/"},{"@type":"ListItem","position":2,"name":"Shop","item":"https:\/\/www.miomiorun.com\/shop\/"},{"@type":"ListItem","position":3,"name":"Andromeda Pants femme"}]},{"@type":"WebSite","@id":"https:\/\/www.miomiorun.com\/fr\/#website","url":"https:\/\/www.miomiorun.com\/fr\/","name":"MioMioRun","description":"Boutique 100% running et trail","publisher":{"@id":"https:\/\/www.miomiorun.com\/fr\/#organization"},"potentialAction":[{"@type":"SearchAction","target":{"@type":"EntryPoint","urlTemplate":"https:\/\/www.miomiorun.com\/fr\/?s={search_term_string}"},"query-input":{"@type":"PropertyValueSpecification","valueRequired":true,"valueName":"search_term_string"}}],"inLanguage":"fr-FR"},{"@type":"Organization","@id":"https:\/\/www.miomiorun.com\/fr\/#organization","name":"MioMio Run","url":"https:\/\/www.miomiorun.com\/fr\/","logo":{"@type":"ImageObject","inLanguage":"fr-FR","@id":"https:\/\/www.miomiorun.com\/fr\/#\/schema\/logo\/image\/","url":"https:\/\/www.miomiorun.com\/app\/uploads\/2019\/12\/logomio.png","contentUrl":"https:\/\/www.miomiorun.com\/app\/uploads\/2019\/12\/logomio.png","width":115,"height":82,"caption":"MioMio Run"},"image":{"@id":"https:\/\/www.miomiorun.com\/fr\/#\/schema\/logo\/image\/"},"sameAs":["https:\/\/www.facebook.com\/miomiorun\/","https:\/\/www.instagram.com\/miomiorun\/"]}]}},"_links":{"self":[{"href":"https:\/\/www.miomiorun.com\/fr\/wp-json\/wp\/v2\/product\/285099","targetHints":{"allow":["GET"]}}],"collection":[{"href":"https:\/\/www.miomiorun.com\/fr\/wp-json\/wp\/v2\/product"}],"about":[{"href":"https:\/\/www.miomiorun.com\/fr\/wp-json\/wp\/v2\/types\/product"}],"wp:featuredmedia":[{"embeddable":true,"href":"https:\/\/www.miomiorun.com\/fr\/wp-json\/wp\/v2\/media\/238866"}],"wp:attachment":[{"href":"https:\/\/www.miomiorun.com\/fr\/wp-json\/wp\/v2\/media?parent=285099"}],"wp:term":[{"taxonomy":"product_brand","embeddable":true,"href":"https:\/\/www.miomiorun.com\/fr\/wp-json\/wp\/v2\/product_brand?post=285099"},{"taxonomy":"product_cat","embeddable":true,"href":"https:\/\/www.miomiorun.com\/fr\/wp-json\/wp\/v2\/product_cat?post=285099"},{"taxonomy":"product_tag","embeddable":true,"href":"https:\/\/www.miomiorun.com\/fr\/wp-json\/wp\/v2\/product_tag?post=285099"}],"curies":[{"name":"wp","href":"https:\/\/api.w.org\/{rel}","templated":true}]}}