{"id":285094,"date":"2022-12-13T18:37:36","date_gmt":"2022-12-13T17:37:36","guid":{"rendered":"https:\/\/miomiorun.com\/prodotto\/moonlight-vest-donna\/"},"modified":"2025-09-16T16:00:31","modified_gmt":"2025-09-16T14:00:31","slug":"moonlight-vest-femme","status":"publish","type":"product","link":"https:\/\/www.miomiorun.com\/fr\/produit\/moonlight-vest-femme\/","title":{"rendered":"Moonlight Vest femme"},"content":{"rendered":"<div class=\"product-attribute product-attribute-passion\">\n<div class=\"product-info-main\">\n<p><strong>Moonlight Vest&nbsp;<\/strong>pour femme est un gilet rembourr\u00e9 en nylon DWR Pertex, id\u00e9al pour l&#8217;escalade, l&#8217;alpinisme et diverses activit\u00e9s de plein air.<\/p>\n<p class=\"product-attribute product-attribute-passion\"><strong>Caract\u00e9ristiques :<\/strong><\/p>\n<\/div>\n<div class=\"product info detailed\">\n<div class=\"product data items\" role=\"tablist\">\u2022 Gilet rembourr\u00e9 pour femme<br \/>\n\u2022 Tissu nylon DWR Pertex Quantum\u00ae<br \/>\n\u2022 Doublure en tissu nylon DWR<br \/>\n\u2022 Rembourrage ultra-l\u00e9ger en polyester Comfortemp\u00ae 60 g<br \/>\n\u2022 Fermeture \u00e9clair au centre sur le devant, poches pour les mains avec fermeture \u00e9clair<br \/>\n\u2022 Emmanchures et bas de veste \u00e9lastiqu\u00e9s<br \/>\n\u2022 V\u00eatement id\u00e9al pour l&#8217;escalade, l&#8217;alpinisme et diverses activit\u00e9s de plein air<\/p>\n<p class=\"product-weight\">Poids : 0,16 kg<\/p>\n<p><img decoding=\"async\" src=\"https:\/\/www.montura.it\/media\/amasty\/shopby\/option_images\/slider\/ICM108.svg\" alt=\"ICM108\"><\/p>\n<p><img decoding=\"async\" src=\"https:\/\/www.montura.it\/media\/amasty\/shopby\/option_images\/slider\/climate_1.svg\" alt=\"Caldo\"> <img decoding=\"async\" src=\"https:\/\/www.montura.it\/media\/amasty\/shopby\/option_images\/slider\/breathable_1.svg\" alt=\"breathable\"> <img decoding=\"async\" src=\"https:\/\/www.montura.it\/media\/amasty\/shopby\/option_images\/slider\/water_repellent_1_1.svg\" alt=\"waterrepellent\"><\/p>\n<\/div>\n<\/div>\n<\/div>\n","protected":false},"excerpt":{"rendered":"<p>\u2022 Tissu nylon DWR Pertex Quantum\u00ae<br \/>\n\u2022 Doublure en tissu nylon DWR<br \/>\n\u2022 Rembourrage ultra-l\u00e9ger en polyester Comfortemp\u00ae 60 g<\/p>\n","protected":false},"featured_media":238842,"template":"","meta":{"_acf_changed":false,"inline_featured_image":false},"product_brand":[],"product_cat":[22599,22596,22595],"product_tag":[23512,23514],"class_list":{"0":"post-285094","1":"product","2":"type-product","3":"status-publish","4":"has-post-thumbnail","6":"product_cat-vestes","7":"product_cat-vetements-pour-femmes","8":"product_cat-femme","9":"product_tag-montura-fr","10":"product_tag-montura-femme","11":"pa_attivita-marcher","12":"pa_attivita-outdoor-fr","13":"pa_colore-moonlight-vest-w-intense-violet-fr","14":"pa_marca-montura-fr","15":"pa_sesso-femme","16":"pa_size-small-fr","18":"first","19":"instock","20":"taxable","21":"shipping-taxable","22":"purchasable","23":"product-type-variable","24":"wvs-archive-product-wrapper"},"acf":[],"yoast_head":"<!-- This site is optimized with the Yoast SEO plugin v26.8 - https:\/\/yoast.com\/product\/yoast-seo-wordpress\/ -->\n<title>Montura Moonlight Vest femme - gilet pour femme - MioMioRun<\/title>\n<meta name=\"description\" content=\"Le gilet Moonlight Vest pour femme est un gilet rembourr\u00e9 en nylon DWR Pertex, id\u00e9al pour l&#039;escalade, l&#039;alpinisme et diverses activit\u00e9s de plein air.\" \/>\n<meta name=\"robots\" content=\"index, follow, max-snippet:-1, max-image-preview:large, max-video-preview:-1\" \/>\n<link rel=\"canonical\" href=\"https:\/\/www.miomiorun.com\/fr\/produit\/moonlight-vest-femme\/\" \/>\n<meta property=\"og:locale\" content=\"fr_FR\" \/>\n<meta property=\"og:type\" content=\"article\" \/>\n<meta property=\"og:title\" content=\"Montura Moonlight Vest femme - gilet pour femme - MioMioRun\" \/>\n<meta property=\"og:description\" content=\"Le gilet Moonlight Vest pour femme est un gilet rembourr\u00e9 en nylon DWR Pertex, id\u00e9al pour l&#039;escalade, l&#039;alpinisme et diverses activit\u00e9s de plein air.\" \/>\n<meta property=\"og:url\" content=\"https:\/\/www.miomiorun.com\/fr\/produit\/moonlight-vest-femme\/\" \/>\n<meta property=\"og:site_name\" content=\"MioMioRun\" \/>\n<meta property=\"article:publisher\" content=\"https:\/\/www.facebook.com\/miomiorun\/\" \/>\n<meta property=\"article:modified_time\" content=\"2025-09-16T14:00:31+00:00\" \/>\n<meta property=\"og:image\" content=\"https:\/\/www.miomiorun.com\/app\/uploads\/2022\/12\/montura-moonlight-vest-W-intense-violet-MVVD54W.07.jpg\" \/>\n\t<meta property=\"og:image:width\" content=\"600\" \/>\n\t<meta property=\"og:image:height\" content=\"600\" \/>\n\t<meta property=\"og:image:type\" content=\"image\/jpeg\" \/>\n<meta name=\"twitter:card\" content=\"summary_large_image\" \/>\n<script type=\"application\/ld+json\" class=\"yoast-schema-graph\">{\"@context\":\"https:\/\/schema.org\",\"@graph\":[{\"@type\":\"WebPage\",\"@id\":\"https:\/\/www.miomiorun.com\/fr\/produit\/moonlight-vest-femme\/\",\"url\":\"https:\/\/www.miomiorun.com\/fr\/produit\/moonlight-vest-femme\/\",\"name\":\"Montura Moonlight Vest femme - gilet pour femme - MioMioRun\",\"isPartOf\":{\"@id\":\"https:\/\/www.miomiorun.com\/fr\/#website\"},\"primaryImageOfPage\":{\"@id\":\"https:\/\/www.miomiorun.com\/fr\/produit\/moonlight-vest-femme\/#primaryimage\"},\"image\":{\"@id\":\"https:\/\/www.miomiorun.com\/fr\/produit\/moonlight-vest-femme\/#primaryimage\"},\"thumbnailUrl\":\"https:\/\/www.miomiorun.com\/app\/uploads\/2022\/12\/montura-moonlight-vest-W-intense-violet-MVVD54W.07.jpg\",\"datePublished\":\"2022-12-13T17:37:36+00:00\",\"dateModified\":\"2025-09-16T14:00:31+00:00\",\"description\":\"Le gilet Moonlight Vest pour femme est un gilet rembourr\u00e9 en nylon DWR Pertex, id\u00e9al pour l'escalade, l'alpinisme et diverses activit\u00e9s de plein air.\",\"breadcrumb\":{\"@id\":\"https:\/\/www.miomiorun.com\/fr\/produit\/moonlight-vest-femme\/#breadcrumb\"},\"inLanguage\":\"fr-FR\",\"potentialAction\":[{\"@type\":\"ReadAction\",\"target\":[\"https:\/\/www.miomiorun.com\/fr\/produit\/moonlight-vest-femme\/\"]}]},{\"@type\":\"ImageObject\",\"inLanguage\":\"fr-FR\",\"@id\":\"https:\/\/www.miomiorun.com\/fr\/produit\/moonlight-vest-femme\/#primaryimage\",\"url\":\"https:\/\/www.miomiorun.com\/app\/uploads\/2022\/12\/montura-moonlight-vest-W-intense-violet-MVVD54W.07.jpg\",\"contentUrl\":\"https:\/\/www.miomiorun.com\/app\/uploads\/2022\/12\/montura-moonlight-vest-W-intense-violet-MVVD54W.07.jpg\",\"width\":600,\"height\":600,\"caption\":\"montura-moonlight-vest-W-intense-violet-MVVD54W.07\"},{\"@type\":\"BreadcrumbList\",\"@id\":\"https:\/\/www.miomiorun.com\/fr\/produit\/moonlight-vest-femme\/#breadcrumb\",\"itemListElement\":[{\"@type\":\"ListItem\",\"position\":1,\"name\":\"Home\",\"item\":\"https:\/\/www.miomiorun.com\/fr\/home-page\/\"},{\"@type\":\"ListItem\",\"position\":2,\"name\":\"Shop\",\"item\":\"https:\/\/www.miomiorun.com\/shop\/\"},{\"@type\":\"ListItem\",\"position\":3,\"name\":\"Moonlight Vest femme\"}]},{\"@type\":\"WebSite\",\"@id\":\"https:\/\/www.miomiorun.com\/fr\/#website\",\"url\":\"https:\/\/www.miomiorun.com\/fr\/\",\"name\":\"MioMioRun\",\"description\":\"Boutique 100% running et trail\",\"publisher\":{\"@id\":\"https:\/\/www.miomiorun.com\/fr\/#organization\"},\"potentialAction\":[{\"@type\":\"SearchAction\",\"target\":{\"@type\":\"EntryPoint\",\"urlTemplate\":\"https:\/\/www.miomiorun.com\/fr\/?s={search_term_string}\"},\"query-input\":{\"@type\":\"PropertyValueSpecification\",\"valueRequired\":true,\"valueName\":\"search_term_string\"}}],\"inLanguage\":\"fr-FR\"},{\"@type\":\"Organization\",\"@id\":\"https:\/\/www.miomiorun.com\/fr\/#organization\",\"name\":\"MioMio Run\",\"url\":\"https:\/\/www.miomiorun.com\/fr\/\",\"logo\":{\"@type\":\"ImageObject\",\"inLanguage\":\"fr-FR\",\"@id\":\"https:\/\/www.miomiorun.com\/fr\/#\/schema\/logo\/image\/\",\"url\":\"https:\/\/www.miomiorun.com\/app\/uploads\/2019\/12\/logomio.png\",\"contentUrl\":\"https:\/\/www.miomiorun.com\/app\/uploads\/2019\/12\/logomio.png\",\"width\":115,\"height\":82,\"caption\":\"MioMio Run\"},\"image\":{\"@id\":\"https:\/\/www.miomiorun.com\/fr\/#\/schema\/logo\/image\/\"},\"sameAs\":[\"https:\/\/www.facebook.com\/miomiorun\/\",\"https:\/\/www.instagram.com\/miomiorun\/\"]}]}<\/script>\n<!-- \/ Yoast SEO plugin. -->","yoast_head_json":{"title":"Montura Moonlight Vest femme - gilet pour femme - MioMioRun","description":"Le gilet Moonlight Vest pour femme est un gilet rembourr\u00e9 en nylon DWR Pertex, id\u00e9al pour l'escalade, l'alpinisme et diverses activit\u00e9s de plein air.","robots":{"index":"index","follow":"follow","max-snippet":"max-snippet:-1","max-image-preview":"max-image-preview:large","max-video-preview":"max-video-preview:-1"},"canonical":"https:\/\/www.miomiorun.com\/fr\/produit\/moonlight-vest-femme\/","og_locale":"fr_FR","og_type":"article","og_title":"Montura Moonlight Vest femme - gilet pour femme - MioMioRun","og_description":"Le gilet Moonlight Vest pour femme est un gilet rembourr\u00e9 en nylon DWR Pertex, id\u00e9al pour l'escalade, l'alpinisme et diverses activit\u00e9s de plein air.","og_url":"https:\/\/www.miomiorun.com\/fr\/produit\/moonlight-vest-femme\/","og_site_name":"MioMioRun","article_publisher":"https:\/\/www.facebook.com\/miomiorun\/","article_modified_time":"2025-09-16T14:00:31+00:00","og_image":[{"width":600,"height":600,"url":"https:\/\/www.miomiorun.com\/app\/uploads\/2022\/12\/montura-moonlight-vest-W-intense-violet-MVVD54W.07.jpg","type":"image\/jpeg"}],"twitter_card":"summary_large_image","schema":{"@context":"https:\/\/schema.org","@graph":[{"@type":"WebPage","@id":"https:\/\/www.miomiorun.com\/fr\/produit\/moonlight-vest-femme\/","url":"https:\/\/www.miomiorun.com\/fr\/produit\/moonlight-vest-femme\/","name":"Montura Moonlight Vest femme - gilet pour femme - MioMioRun","isPartOf":{"@id":"https:\/\/www.miomiorun.com\/fr\/#website"},"primaryImageOfPage":{"@id":"https:\/\/www.miomiorun.com\/fr\/produit\/moonlight-vest-femme\/#primaryimage"},"image":{"@id":"https:\/\/www.miomiorun.com\/fr\/produit\/moonlight-vest-femme\/#primaryimage"},"thumbnailUrl":"https:\/\/www.miomiorun.com\/app\/uploads\/2022\/12\/montura-moonlight-vest-W-intense-violet-MVVD54W.07.jpg","datePublished":"2022-12-13T17:37:36+00:00","dateModified":"2025-09-16T14:00:31+00:00","description":"Le gilet Moonlight Vest pour femme est un gilet rembourr\u00e9 en nylon DWR Pertex, id\u00e9al pour l'escalade, l'alpinisme et diverses activit\u00e9s de plein air.","breadcrumb":{"@id":"https:\/\/www.miomiorun.com\/fr\/produit\/moonlight-vest-femme\/#breadcrumb"},"inLanguage":"fr-FR","potentialAction":[{"@type":"ReadAction","target":["https:\/\/www.miomiorun.com\/fr\/produit\/moonlight-vest-femme\/"]}]},{"@type":"ImageObject","inLanguage":"fr-FR","@id":"https:\/\/www.miomiorun.com\/fr\/produit\/moonlight-vest-femme\/#primaryimage","url":"https:\/\/www.miomiorun.com\/app\/uploads\/2022\/12\/montura-moonlight-vest-W-intense-violet-MVVD54W.07.jpg","contentUrl":"https:\/\/www.miomiorun.com\/app\/uploads\/2022\/12\/montura-moonlight-vest-W-intense-violet-MVVD54W.07.jpg","width":600,"height":600,"caption":"montura-moonlight-vest-W-intense-violet-MVVD54W.07"},{"@type":"BreadcrumbList","@id":"https:\/\/www.miomiorun.com\/fr\/produit\/moonlight-vest-femme\/#breadcrumb","itemListElement":[{"@type":"ListItem","position":1,"name":"Home","item":"https:\/\/www.miomiorun.com\/fr\/home-page\/"},{"@type":"ListItem","position":2,"name":"Shop","item":"https:\/\/www.miomiorun.com\/shop\/"},{"@type":"ListItem","position":3,"name":"Moonlight Vest femme"}]},{"@type":"WebSite","@id":"https:\/\/www.miomiorun.com\/fr\/#website","url":"https:\/\/www.miomiorun.com\/fr\/","name":"MioMioRun","description":"Boutique 100% running et trail","publisher":{"@id":"https:\/\/www.miomiorun.com\/fr\/#organization"},"potentialAction":[{"@type":"SearchAction","target":{"@type":"EntryPoint","urlTemplate":"https:\/\/www.miomiorun.com\/fr\/?s={search_term_string}"},"query-input":{"@type":"PropertyValueSpecification","valueRequired":true,"valueName":"search_term_string"}}],"inLanguage":"fr-FR"},{"@type":"Organization","@id":"https:\/\/www.miomiorun.com\/fr\/#organization","name":"MioMio Run","url":"https:\/\/www.miomiorun.com\/fr\/","logo":{"@type":"ImageObject","inLanguage":"fr-FR","@id":"https:\/\/www.miomiorun.com\/fr\/#\/schema\/logo\/image\/","url":"https:\/\/www.miomiorun.com\/app\/uploads\/2019\/12\/logomio.png","contentUrl":"https:\/\/www.miomiorun.com\/app\/uploads\/2019\/12\/logomio.png","width":115,"height":82,"caption":"MioMio Run"},"image":{"@id":"https:\/\/www.miomiorun.com\/fr\/#\/schema\/logo\/image\/"},"sameAs":["https:\/\/www.facebook.com\/miomiorun\/","https:\/\/www.instagram.com\/miomiorun\/"]}]}},"_links":{"self":[{"href":"https:\/\/www.miomiorun.com\/fr\/wp-json\/wp\/v2\/product\/285094","targetHints":{"allow":["GET"]}}],"collection":[{"href":"https:\/\/www.miomiorun.com\/fr\/wp-json\/wp\/v2\/product"}],"about":[{"href":"https:\/\/www.miomiorun.com\/fr\/wp-json\/wp\/v2\/types\/product"}],"wp:featuredmedia":[{"embeddable":true,"href":"https:\/\/www.miomiorun.com\/fr\/wp-json\/wp\/v2\/media\/238842"}],"wp:attachment":[{"href":"https:\/\/www.miomiorun.com\/fr\/wp-json\/wp\/v2\/media?parent=285094"}],"wp:term":[{"taxonomy":"product_brand","embeddable":true,"href":"https:\/\/www.miomiorun.com\/fr\/wp-json\/wp\/v2\/product_brand?post=285094"},{"taxonomy":"product_cat","embeddable":true,"href":"https:\/\/www.miomiorun.com\/fr\/wp-json\/wp\/v2\/product_cat?post=285094"},{"taxonomy":"product_tag","embeddable":true,"href":"https:\/\/www.miomiorun.com\/fr\/wp-json\/wp\/v2\/product_tag?post=285094"}],"curies":[{"name":"wp","href":"https:\/\/api.w.org\/{rel}","templated":true}]}}