{"id":285018,"date":"2022-12-17T10:35:58","date_gmt":"2022-12-17T09:35:58","guid":{"rendered":"https:\/\/miomiorun.com\/prodotto\/leki-ultratrail-fx-one-superlite\/"},"modified":"2025-09-15T19:35:27","modified_gmt":"2025-09-15T17:35:27","slug":"leki-ultratrail-fx-one-superlite","status":"publish","type":"product","link":"https:\/\/www.miomiorun.com\/fr\/produit\/leki-ultratrail-fx-one-superlite\/","title":{"rendered":"Ultratrail FX. One superlite"},"content":{"rendered":"<p>Section centrale du tube (2) :CarbonePartie inf\u00e9rieure du tube :CarboneSyst\u00e8me de pliage :Push-ButtonPlaque :Trail Running TellerHaut :Trail Running TipPoche de rangement :Faltstocktasche<\/p>\n<p>&nbsp;<\/p>\n<div class=\"row\">\n<div class=\"col-sm-12 clickbox\">\n<div class=\"row\">\n<div class=\"col-sm-7 clickbox\">\n<div class=\"row\">\n<div class=\"col-sm-12 clickbox\">\n<div class=\"height-1\">\n<div class=\"neom-emotion-element only-text no-title\"><\/div>\n<\/div>\n<\/div>\n<\/div>\n<\/div>\n<\/div>\n<\/div>\n<\/div>\n<div class=\"emotion-sorter\">\n<div id=\"\" class=\"emotion\">\n<div class=\"row\">\n<div class=\"col-sm-12 clickbox\">\n<div class=\"row\">\n<div class=\"col-sm-7 clickbox\">\n<div class=\"row\">\n<div class=\"col-sm-12 clickbox\">\n<div class=\"height-1\">\n<div class=\"neom-emotion-element only-text title\">\n<p>Ultratrail FX.One Superlite vous accompagne kilom\u00e8tre apr\u00e8s kilom\u00e8tre en haute altitude ! Il est \u00e9quip\u00e9 du nouveau Trail Shark, le premier syst\u00e8me de poign\u00e9e et de lacets con\u00e7u pour le trail running. Les nouveaux canaux d&#8217;a\u00e9ration permettent de r\u00e9duire le poids de la poign\u00e9e de 30 % par rapport au syst\u00e8me Shark d\u00e9j\u00e0 connu. Le filet en maille du Shark Frame Strap est ajust\u00e9 et transmet la force vers le centre du b\u00e2ton. La forme effil\u00e9e de la pointe du Shark permet d&#8217;accrocher la boucle les yeux ferm\u00e9s. Un nez suppl\u00e9mentaire sur la poign\u00e9e offre une deuxi\u00e8me option de prise pour un guidage plus pr\u00e9cis. Un avantage suppl\u00e9mentaire est obtenu lorsque vous tenez le b\u00e2ton repli\u00e9 dans vos mains : son diam\u00e8tre fin de 14\/12 millim\u00e8tres permet une prise en main et un transport s\u00fbrs sur les passages plats. Avec une taille emball\u00e9e de 35 cm et un poids de 137 g pour une longueur de 120 cm, l&#8217;Ultratrail FX.One Superlite est un compagnon indispensable pour votre prochaine course !<\/p>\n<h3>Syst\u00e8me de poign\u00e9e<\/h3>\n<p><img loading=\"lazy\" decoding=\"async\" class=\"\" src=\"https:\/\/res.cloudinary.com\/leki-lenhart-gmbh\/iu\/c_fit,h_1050,w_750\/f_auto\/q_auto\/media\/0b\/33\/57\/1645628634\/Shark%20System_Icon?_a=AAAH2AI\" width=\"144\" height=\"144\" \/><\/p>\n<p><img loading=\"lazy\" decoding=\"async\" class=\"\" src=\"https:\/\/res.cloudinary.com\/leki-lenhart-gmbh\/iu\/c_fit,h_1050,w_750\/f_auto\/q_auto\/media\/d7\/57\/d9\/1643288579\/Shark%20System%20Schwarz_Logo?_a=AAAH2AI\" width=\"256\" height=\"15\" \/><\/p>\n<p>Le <strong>syst\u00e8me Shark<\/strong> offre une transmission optimale de la force car il met la main en connexion directe avec le b\u00e2ton. Il permet d&#8217;accrocher et de d\u00e9crocher rapidement la poign\u00e9e. Toutes les dragonnes et gants Shark sont compatibles avec les b\u00e2tons Shark.<\/p>\n<h3>Poign\u00e9e<\/h3>\n<p><img loading=\"lazy\" decoding=\"async\" class=\"\" src=\"https:\/\/res.cloudinary.com\/leki-lenhart-gmbh\/iu\/c_fit,h_1050,w_750\/f_auto\/q_auto\/media\/61\/15\/9a\/1642580354\/Trail%20Shark_Icon?_a=AAAH2AI\" width=\"122\" height=\"122\" \/><\/p>\n<p class=\"product-headline\"><strong>Trail Shark<\/strong><\/p>\n<p>Cette poign\u00e9e sp\u00e9cialement d\u00e9velopp\u00e9e pour le trail running, gr\u00e2ce \u00e0 sa structure Air Channel, allie un poids tr\u00e8s l\u00e9ger \u00e0 une stabilit\u00e9 maximale. Le syst\u00e8me Shark permet d&#8217;attacher et de d\u00e9tacher rapidement la poign\u00e9e d&#8217;un simple clic du doigt.<\/p>\n<h3>Lani\u00e8re<\/h3>\n<p><img loading=\"lazy\" decoding=\"async\" class=\"\" src=\"https:\/\/res.cloudinary.com\/leki-lenhart-gmbh\/iu\/c_fit,h_1050,w_750\/f_auto\/q_auto\/media\/f8\/78\/22\/1643642465\/Shark%20Frame%20Strap_Icon?_a=AAAH2AI\" width=\"120\" height=\"120\" \/><\/p>\n<p class=\"product-headline\"><strong>Shark Frame Strap Mesh<\/strong><\/p>\n<p>Sangle adaptable \u00e0 l&#8217;infini, r\u00e9glable individuellement. Elle permet d&#8217;attacher et de d\u00e9tacher rapidement et facilement le b\u00e2ton et est compatible avec tous les b\u00e2tons Shark.<\/p>\n<div class=\"col-7 col-lg-6 product-highlight-content-container\">\n<div class=\"product-highlight-content\">\n<p>&nbsp;<\/p>\n<\/div>\n<\/div>\n<h3>Mat\u00e9riau du tube<\/h3>\n<p><img loading=\"lazy\" decoding=\"async\" class=\"\" src=\"https:\/\/res.cloudinary.com\/leki-lenhart-gmbh\/iu\/c_fit,h_1050,w_750\/f_auto\/q_auto\/media\/cb\/91\/d1\/1642586379\/Material_Icon?_a=AAAH2AI\" width=\"122\" height=\"122\" \/><\/p>\n<div class=\"col-7 col-lg-6 product-highlight-content-container\">\n<div class=\"product-highlight-headline\">\n<p class=\"product-headline\"><strong>Carbone<\/strong><\/p>\n<\/div>\n<div class=\"product-highlight-content\">\n<p>Carbone HRC (Highest Racing Carbon) max<\/p>\n<h3>Plaque<\/h3>\n<p><img loading=\"lazy\" decoding=\"async\" class=\"\" src=\"https:\/\/res.cloudinary.com\/leki-lenhart-gmbh\/iu\/c_fit,h_1050,w_750\/f_auto\/q_auto\/media\/30\/f6\/c9\/1645612656\/Trail%20Running%20Teller_Icon?_a=AAAH2AI\" width=\"120\" height=\"120\" \/><\/p>\n<div class=\"col-7 col-lg-6 product-highlight-content-container\">\n<div class=\"product-highlight-headline\">\n<p class=\"product-headline\"><strong>Plaque Trail Running<\/strong><\/p>\n<\/div>\n<div class=\"product-highlight-content\">\n<p>Plaque minimaliste ultra-l\u00e9g\u00e8re.<\/p>\n<\/div>\n<\/div>\n<\/div>\n<\/div>\n<h3>Syst\u00e8me de pliage<\/h3>\n<p><img loading=\"lazy\" decoding=\"async\" class=\"\" src=\"https:\/\/res.cloudinary.com\/leki-lenhart-gmbh\/iu\/c_fit,h_1050,w_750\/f_auto\/q_auto\/media\/07\/b5\/dc\/1642579033\/PB_Icon?_a=AAAH2AI\" width=\"122\" height=\"122\" \/><\/p>\n<p class=\"product-headline\"><strong>Push-Button<\/strong><\/p>\n<p>Le syst\u00e8me Push Button permet d&#8217;ouvrir et de fermer rapidement les b\u00e2tons pliables, d&#8217;une simple pression sur un bouton.<\/p>\n<h3>Haut<\/h3>\n<p><img loading=\"lazy\" decoding=\"async\" class=\"\" src=\"https:\/\/res.cloudinary.com\/leki-lenhart-gmbh\/iu\/c_fit,h_1050,w_750\/f_auto\/q_auto\/media\/20\/e1\/81\/1637918587\/Trail%20Tip_Icon?_a=AAAH2AI\" width=\"120\" height=\"120\" \/><\/p>\n<p class=\"product-headline\"><strong>Trail Tip<\/strong><\/p>\n<p>Pointe robuste pour une utilisation pr\u00e9cise du b\u00e2ton et une adh\u00e9rence parfaite sur presque tous les types de terrain.<\/p>\n<h3>Sac de rangement<\/h3>\n<p><img loading=\"lazy\" decoding=\"async\" class=\"\" src=\"https:\/\/res.cloudinary.com\/leki-lenhart-gmbh\/iu\/c_fit,h_1050,w_750\/f_auto\/q_auto\/media\/05\/dd\/d1\/1648716329\/Foldingpole%20Bag_Icon?_a=AAAH2AI\" width=\"119\" height=\"119\" \/><\/p>\n<p class=\"product-headline\"><strong>Sac pour b\u00e2tons pliables<\/strong><\/p>\n<p>Sac ultra-l\u00e9ger et pratique pour ranger les b\u00e2tons pliables.<\/p>\n<h2 class=\"headline-beta\">Caract\u00e9ristiques :<\/h2>\n<table class=\"table product-detail-properties-table\">\n<tbody>\n<tr class=\"properties-row\">\n<th class=\"properties-label\">Activit\u00e9 :<\/th>\n<td class=\"properties-value\">Trail Running<\/td>\n<\/tr>\n<tr class=\"properties-row\">\n<th class=\"properties-label\">Tranche d&#8217;\u00e2ge :<\/th>\n<td class=\"properties-value\">Adultes<\/td>\n<\/tr>\n<tr class=\"properties-row\">\n<th class=\"properties-label\">Genre :<\/th>\n<td class=\"properties-value\">Unisexe<\/td>\n<\/tr>\n<tr class=\"properties-row\">\n<th class=\"properties-label\">Sizerun :<\/th>\n<td class=\"properties-value\">105 &#8211; 130 cm (par paliers de 5 cm)<\/td>\n<\/tr>\n<tr class=\"properties-row\">\n<th class=\"properties-label\">Construction :<\/th>\n<td class=\"properties-value\">Longueur fixe | Pliable<\/td>\n<\/tr>\n<tr class=\"properties-row\">\n<th class=\"properties-label\">Dimensions de l&#8217;emballage :<\/th>\n<td class=\"properties-value\">35 cm<\/td>\n<\/tr>\n<tr class=\"properties-row\">\n<th class=\"properties-label\">Poids :<\/th>\n<td class=\"properties-value\">137 g<\/td>\n<\/tr>\n<tr class=\"properties-row\">\n<th class=\"properties-label\">Segments :<\/th>\n<td class=\"properties-value\">4<\/td>\n<\/tr>\n<tr class=\"properties-row\">\n<th class=\"properties-label\">Diam\u00e8tre :<\/th>\n<td class=\"properties-value\">14|12|12|12 mm<\/td>\n<\/tr>\n<tr class=\"properties-row\">\n<th class=\"properties-label\">Syst\u00e8me de poign\u00e9e :<\/th>\n<td class=\"properties-value\">Shark System<\/td>\n<\/tr>\n<tr class=\"properties-row\">\n<th class=\"properties-label\">G\u00e9om\u00e9trie du tube :<\/th>\n<td class=\"properties-value\">No bend<\/td>\n<\/tr>\n<tr class=\"properties-row\">\n<th class=\"properties-label\">Forme du tube :<\/th>\n<td class=\"properties-value\">Cylindrique<\/td>\n<\/tr>\n<tr class=\"properties-row\">\n<th class=\"properties-label\">Poign\u00e9e :<\/th>\n<td class=\"properties-value\">Trail Shark<\/td>\n<\/tr>\n<tr class=\"properties-row\">\n<th class=\"properties-label\">Sangle :<\/th>\n<td class=\"properties-value\">Shark Frame Strap Mesh<\/td>\n<\/tr>\n<tr class=\"properties-row\">\n<th class=\"properties-label\">Extension de la poign\u00e9e :<\/th>\n<td class=\"properties-value\">1K Foam<\/td>\n<\/tr>\n<tr class=\"properties-row\">\n<th class=\"properties-label\">Mat\u00e9riau du tube :<\/th>\n<td class=\"properties-value\">Carbone (HRC max)<\/td>\n<\/tr>\n<tr class=\"properties-row\">\n<th class=\"properties-label\">Partie sup\u00e9rieure du tube :<\/th>\n<td class=\"properties-value\">Carbone<\/td>\n<\/tr>\n<tr class=\"properties-row\">\n<th class=\"properties-label\">Section centrale du tube (1) :<\/th>\n<td class=\"properties-value\">Carbone<\/td>\n<\/tr>\n<\/tbody>\n<\/table>\n<\/div>\n<\/div>\n<\/div>\n<\/div>\n<\/div>\n<\/div>\n<\/div>\n<\/div>\n<\/div>\n<\/div>\n","protected":false},"excerpt":{"rendered":"<p>Section centrale du tube (2) :CarbonePartie inf\u00e9rieure du tube :CarboneSyst\u00e8me de pliage :Push-ButtonPlaque :Trail Running TellerHaut :Trail Running TipPoche de rangement :Faltstocktasche &nbsp; Ultratrail FX.One Superlite vous accompagne kilom\u00e8tre apr\u00e8s kilom\u00e8tre en haute altitude ! Il est \u00e9quip\u00e9 du nouveau Trail Shark, le premier syst\u00e8me de poign\u00e9e et de lacets con\u00e7u pour le trail running. &hellip; <a href=\"https:\/\/www.miomiorun.com\/fr\/produit\/leki-ultratrail-fx-one-superlite\/\">Continued<\/a><\/p>\n","protected":false},"featured_media":272745,"template":"","meta":{"_acf_changed":false,"inline_featured_image":false},"product_brand":[],"product_cat":[22538,22539],"product_tag":[23596],"class_list":{"0":"post-285018","1":"product","2":"type-product","3":"status-publish","4":"has-post-thumbnail","6":"product_cat-accessoires","7":"product_cat-batons","8":"product_tag-leki-fr","9":"pa_attivita-outdoor-fr","10":"pa_attivita-trail-fr","11":"pa_colore-ultratrail-fx-one-sl-bright-red-violet-n","12":"pa_colore-ultratrail-fx-one-superlite-bright-red-fr","13":"pa_colore-ultratrail-fx-one-superlite-pink-fr","14":"pa_marca-leki-fr","15":"pa_misura-105-cm-fr","16":"pa_misura-110-cm-fr","17":"pa_misura-115-cm-fr","18":"pa_misura-120-cm-fr","19":"pa_misura-125-cm-fr","20":"pa_sesso-femme","21":"pa_sesso-homme","23":"first","24":"instock","25":"sale","26":"taxable","27":"shipping-taxable","28":"purchasable","29":"product-type-variable","30":"wvs-archive-product-wrapper"},"acf":[],"yoast_head":"<!-- This site is optimized with the Yoast SEO plugin v26.8 - https:\/\/yoast.com\/product\/yoast-seo-wordpress\/ -->\n<title>Leki Ultratrail FX. One superlite - Bastone de Course - MioMioRun<\/title>\n<meta name=\"description\" content=\"L&#039;Ultratrail FX.One superlite est un compagnon indispensable pour votre prochaine course de trail running ! Il est \u00e9quip\u00e9 du nouveau Trail Shark.\" \/>\n<meta name=\"robots\" content=\"index, follow, max-snippet:-1, max-image-preview:large, max-video-preview:-1\" \/>\n<link rel=\"canonical\" href=\"https:\/\/www.miomiorun.com\/fr\/produit\/leki-ultratrail-fx-one-superlite\/\" \/>\n<meta property=\"og:locale\" content=\"fr_FR\" \/>\n<meta property=\"og:type\" content=\"article\" \/>\n<meta property=\"og:title\" content=\"Leki Ultratrail FX. One superlite - Bastone de Course - MioMioRun\" \/>\n<meta property=\"og:description\" content=\"L&#039;Ultratrail FX.One superlite est un compagnon indispensable pour votre prochaine course de trail running ! Il est \u00e9quip\u00e9 du nouveau Trail Shark.\" \/>\n<meta property=\"og:url\" content=\"https:\/\/www.miomiorun.com\/fr\/produit\/leki-ultratrail-fx-one-superlite\/\" \/>\n<meta property=\"og:site_name\" content=\"MioMioRun\" \/>\n<meta property=\"article:publisher\" content=\"https:\/\/www.facebook.com\/miomiorun\/\" \/>\n<meta property=\"article:modified_time\" content=\"2025-09-15T17:35:27+00:00\" \/>\n<meta property=\"og:image\" content=\"https:\/\/www.miomiorun.com\/app\/uploads\/2025\/04\/leki-Ultratrail-FX.One-Superlite-65225841.webp\" \/>\n\t<meta property=\"og:image:width\" content=\"600\" \/>\n\t<meta property=\"og:image:height\" content=\"600\" \/>\n\t<meta property=\"og:image:type\" content=\"image\/webp\" \/>\n<meta name=\"twitter:card\" content=\"summary_large_image\" \/>\n<meta name=\"twitter:label1\" content=\"Est. reading time\" \/>\n\t<meta name=\"twitter:data1\" content=\"3 minutes\" \/>\n<script type=\"application\/ld+json\" class=\"yoast-schema-graph\">{\"@context\":\"https:\/\/schema.org\",\"@graph\":[{\"@type\":\"WebPage\",\"@id\":\"https:\/\/www.miomiorun.com\/fr\/produit\/leki-ultratrail-fx-one-superlite\/\",\"url\":\"https:\/\/www.miomiorun.com\/fr\/produit\/leki-ultratrail-fx-one-superlite\/\",\"name\":\"Leki Ultratrail FX. One superlite - Bastone de Course - MioMioRun\",\"isPartOf\":{\"@id\":\"https:\/\/www.miomiorun.com\/fr\/#website\"},\"primaryImageOfPage\":{\"@id\":\"https:\/\/www.miomiorun.com\/fr\/produit\/leki-ultratrail-fx-one-superlite\/#primaryimage\"},\"image\":{\"@id\":\"https:\/\/www.miomiorun.com\/fr\/produit\/leki-ultratrail-fx-one-superlite\/#primaryimage\"},\"thumbnailUrl\":\"https:\/\/www.miomiorun.com\/app\/uploads\/2025\/04\/leki-Ultratrail-FX.One-Superlite-65225841.webp\",\"datePublished\":\"2022-12-17T09:35:58+00:00\",\"dateModified\":\"2025-09-15T17:35:27+00:00\",\"description\":\"L'Ultratrail FX.One superlite est un compagnon indispensable pour votre prochaine course de trail running ! Il est \u00e9quip\u00e9 du nouveau Trail Shark.\",\"breadcrumb\":{\"@id\":\"https:\/\/www.miomiorun.com\/fr\/produit\/leki-ultratrail-fx-one-superlite\/#breadcrumb\"},\"inLanguage\":\"fr-FR\",\"potentialAction\":[{\"@type\":\"ReadAction\",\"target\":[\"https:\/\/www.miomiorun.com\/fr\/produit\/leki-ultratrail-fx-one-superlite\/\"]}]},{\"@type\":\"ImageObject\",\"inLanguage\":\"fr-FR\",\"@id\":\"https:\/\/www.miomiorun.com\/fr\/produit\/leki-ultratrail-fx-one-superlite\/#primaryimage\",\"url\":\"https:\/\/www.miomiorun.com\/app\/uploads\/2025\/04\/leki-Ultratrail-FX.One-Superlite-65225841.webp\",\"contentUrl\":\"https:\/\/www.miomiorun.com\/app\/uploads\/2025\/04\/leki-Ultratrail-FX.One-Superlite-65225841.webp\",\"width\":600,\"height\":600,\"caption\":\"leki Ultratrail FX.One Superlite 65225841\"},{\"@type\":\"BreadcrumbList\",\"@id\":\"https:\/\/www.miomiorun.com\/fr\/produit\/leki-ultratrail-fx-one-superlite\/#breadcrumb\",\"itemListElement\":[{\"@type\":\"ListItem\",\"position\":1,\"name\":\"Home\",\"item\":\"https:\/\/www.miomiorun.com\/fr\/home-page\/\"},{\"@type\":\"ListItem\",\"position\":2,\"name\":\"Shop\",\"item\":\"https:\/\/www.miomiorun.com\/shop\/\"},{\"@type\":\"ListItem\",\"position\":3,\"name\":\"Ultratrail FX. One superlite\"}]},{\"@type\":\"WebSite\",\"@id\":\"https:\/\/www.miomiorun.com\/fr\/#website\",\"url\":\"https:\/\/www.miomiorun.com\/fr\/\",\"name\":\"MioMioRun\",\"description\":\"Boutique 100% running et trail\",\"publisher\":{\"@id\":\"https:\/\/www.miomiorun.com\/fr\/#organization\"},\"potentialAction\":[{\"@type\":\"SearchAction\",\"target\":{\"@type\":\"EntryPoint\",\"urlTemplate\":\"https:\/\/www.miomiorun.com\/fr\/?s={search_term_string}\"},\"query-input\":{\"@type\":\"PropertyValueSpecification\",\"valueRequired\":true,\"valueName\":\"search_term_string\"}}],\"inLanguage\":\"fr-FR\"},{\"@type\":\"Organization\",\"@id\":\"https:\/\/www.miomiorun.com\/fr\/#organization\",\"name\":\"MioMio Run\",\"url\":\"https:\/\/www.miomiorun.com\/fr\/\",\"logo\":{\"@type\":\"ImageObject\",\"inLanguage\":\"fr-FR\",\"@id\":\"https:\/\/www.miomiorun.com\/fr\/#\/schema\/logo\/image\/\",\"url\":\"https:\/\/www.miomiorun.com\/app\/uploads\/2019\/12\/logomio.png\",\"contentUrl\":\"https:\/\/www.miomiorun.com\/app\/uploads\/2019\/12\/logomio.png\",\"width\":115,\"height\":82,\"caption\":\"MioMio Run\"},\"image\":{\"@id\":\"https:\/\/www.miomiorun.com\/fr\/#\/schema\/logo\/image\/\"},\"sameAs\":[\"https:\/\/www.facebook.com\/miomiorun\/\",\"https:\/\/www.instagram.com\/miomiorun\/\"]}]}<\/script>\n<!-- \/ Yoast SEO plugin. -->","yoast_head_json":{"title":"Leki Ultratrail FX. One superlite - Bastone de Course - MioMioRun","description":"L'Ultratrail FX.One superlite est un compagnon indispensable pour votre prochaine course de trail running ! Il est \u00e9quip\u00e9 du nouveau Trail Shark.","robots":{"index":"index","follow":"follow","max-snippet":"max-snippet:-1","max-image-preview":"max-image-preview:large","max-video-preview":"max-video-preview:-1"},"canonical":"https:\/\/www.miomiorun.com\/fr\/produit\/leki-ultratrail-fx-one-superlite\/","og_locale":"fr_FR","og_type":"article","og_title":"Leki Ultratrail FX. One superlite - Bastone de Course - MioMioRun","og_description":"L'Ultratrail FX.One superlite est un compagnon indispensable pour votre prochaine course de trail running ! Il est \u00e9quip\u00e9 du nouveau Trail Shark.","og_url":"https:\/\/www.miomiorun.com\/fr\/produit\/leki-ultratrail-fx-one-superlite\/","og_site_name":"MioMioRun","article_publisher":"https:\/\/www.facebook.com\/miomiorun\/","article_modified_time":"2025-09-15T17:35:27+00:00","og_image":[{"width":600,"height":600,"url":"https:\/\/www.miomiorun.com\/app\/uploads\/2025\/04\/leki-Ultratrail-FX.One-Superlite-65225841.webp","type":"image\/webp"}],"twitter_card":"summary_large_image","twitter_misc":{"Est. reading time":"3 minutes"},"schema":{"@context":"https:\/\/schema.org","@graph":[{"@type":"WebPage","@id":"https:\/\/www.miomiorun.com\/fr\/produit\/leki-ultratrail-fx-one-superlite\/","url":"https:\/\/www.miomiorun.com\/fr\/produit\/leki-ultratrail-fx-one-superlite\/","name":"Leki Ultratrail FX. One superlite - Bastone de Course - MioMioRun","isPartOf":{"@id":"https:\/\/www.miomiorun.com\/fr\/#website"},"primaryImageOfPage":{"@id":"https:\/\/www.miomiorun.com\/fr\/produit\/leki-ultratrail-fx-one-superlite\/#primaryimage"},"image":{"@id":"https:\/\/www.miomiorun.com\/fr\/produit\/leki-ultratrail-fx-one-superlite\/#primaryimage"},"thumbnailUrl":"https:\/\/www.miomiorun.com\/app\/uploads\/2025\/04\/leki-Ultratrail-FX.One-Superlite-65225841.webp","datePublished":"2022-12-17T09:35:58+00:00","dateModified":"2025-09-15T17:35:27+00:00","description":"L'Ultratrail FX.One superlite est un compagnon indispensable pour votre prochaine course de trail running ! Il est \u00e9quip\u00e9 du nouveau Trail Shark.","breadcrumb":{"@id":"https:\/\/www.miomiorun.com\/fr\/produit\/leki-ultratrail-fx-one-superlite\/#breadcrumb"},"inLanguage":"fr-FR","potentialAction":[{"@type":"ReadAction","target":["https:\/\/www.miomiorun.com\/fr\/produit\/leki-ultratrail-fx-one-superlite\/"]}]},{"@type":"ImageObject","inLanguage":"fr-FR","@id":"https:\/\/www.miomiorun.com\/fr\/produit\/leki-ultratrail-fx-one-superlite\/#primaryimage","url":"https:\/\/www.miomiorun.com\/app\/uploads\/2025\/04\/leki-Ultratrail-FX.One-Superlite-65225841.webp","contentUrl":"https:\/\/www.miomiorun.com\/app\/uploads\/2025\/04\/leki-Ultratrail-FX.One-Superlite-65225841.webp","width":600,"height":600,"caption":"leki Ultratrail FX.One Superlite 65225841"},{"@type":"BreadcrumbList","@id":"https:\/\/www.miomiorun.com\/fr\/produit\/leki-ultratrail-fx-one-superlite\/#breadcrumb","itemListElement":[{"@type":"ListItem","position":1,"name":"Home","item":"https:\/\/www.miomiorun.com\/fr\/home-page\/"},{"@type":"ListItem","position":2,"name":"Shop","item":"https:\/\/www.miomiorun.com\/shop\/"},{"@type":"ListItem","position":3,"name":"Ultratrail FX. One superlite"}]},{"@type":"WebSite","@id":"https:\/\/www.miomiorun.com\/fr\/#website","url":"https:\/\/www.miomiorun.com\/fr\/","name":"MioMioRun","description":"Boutique 100% running et trail","publisher":{"@id":"https:\/\/www.miomiorun.com\/fr\/#organization"},"potentialAction":[{"@type":"SearchAction","target":{"@type":"EntryPoint","urlTemplate":"https:\/\/www.miomiorun.com\/fr\/?s={search_term_string}"},"query-input":{"@type":"PropertyValueSpecification","valueRequired":true,"valueName":"search_term_string"}}],"inLanguage":"fr-FR"},{"@type":"Organization","@id":"https:\/\/www.miomiorun.com\/fr\/#organization","name":"MioMio Run","url":"https:\/\/www.miomiorun.com\/fr\/","logo":{"@type":"ImageObject","inLanguage":"fr-FR","@id":"https:\/\/www.miomiorun.com\/fr\/#\/schema\/logo\/image\/","url":"https:\/\/www.miomiorun.com\/app\/uploads\/2019\/12\/logomio.png","contentUrl":"https:\/\/www.miomiorun.com\/app\/uploads\/2019\/12\/logomio.png","width":115,"height":82,"caption":"MioMio Run"},"image":{"@id":"https:\/\/www.miomiorun.com\/fr\/#\/schema\/logo\/image\/"},"sameAs":["https:\/\/www.facebook.com\/miomiorun\/","https:\/\/www.instagram.com\/miomiorun\/"]}]}},"_links":{"self":[{"href":"https:\/\/www.miomiorun.com\/fr\/wp-json\/wp\/v2\/product\/285018","targetHints":{"allow":["GET"]}}],"collection":[{"href":"https:\/\/www.miomiorun.com\/fr\/wp-json\/wp\/v2\/product"}],"about":[{"href":"https:\/\/www.miomiorun.com\/fr\/wp-json\/wp\/v2\/types\/product"}],"wp:featuredmedia":[{"embeddable":true,"href":"https:\/\/www.miomiorun.com\/fr\/wp-json\/wp\/v2\/media\/272745"}],"wp:attachment":[{"href":"https:\/\/www.miomiorun.com\/fr\/wp-json\/wp\/v2\/media?parent=285018"}],"wp:term":[{"taxonomy":"product_brand","embeddable":true,"href":"https:\/\/www.miomiorun.com\/fr\/wp-json\/wp\/v2\/product_brand?post=285018"},{"taxonomy":"product_cat","embeddable":true,"href":"https:\/\/www.miomiorun.com\/fr\/wp-json\/wp\/v2\/product_cat?post=285018"},{"taxonomy":"product_tag","embeddable":true,"href":"https:\/\/www.miomiorun.com\/fr\/wp-json\/wp\/v2\/product_tag?post=285018"}],"curies":[{"name":"wp","href":"https:\/\/api.w.org\/{rel}","templated":true}]}}