{"id":285008,"date":"2022-12-23T09:33:58","date_gmt":"2022-12-23T08:33:58","guid":{"rendered":"https:\/\/miomiorun.com\/prodotto\/medium-over-the-calf\/"},"modified":"2026-05-08T21:36:44","modified_gmt":"2026-05-08T19:36:44","slug":"medium-over-the-calf","status":"publish","type":"product","link":"https:\/\/www.miomiorun.com\/fr\/produit\/medium-over-the-calf\/","title":{"rendered":"Medium Over the calf"},"content":{"rendered":"<p><span style=\"font-weight: 400\">Consid\u00e9rez ceci comme votre passe saisonnier pour Comfort Mountain. Ces chaussettes de neige OTC sont fabriqu\u00e9es \u00e0 partir d&#8217;un m\u00e9lange de polyesters chauds et r\u00e9actifs. Elles offrent un amorti moyen pour r\u00e9duire la fatigue et limiter les irritations caus\u00e9es par les chaussures de ski. <\/span><\/p>\n<h2>Caract\u00e9ristiques<\/h2>\n<ul>\n<li>Coussins d&#8217;air canalis\u00e9s : respirez facilement gr\u00e2ce \u00e0 la circulation d&#8217;air am\u00e9lior\u00e9e de notre coussin d&#8217;air canalis\u00e9.<\/li>\n<li>Protection de la cheville : la protection de la cheville prot\u00e8ge vos pieds des frottements d\u00e9sagr\u00e9ables des chaussures.<\/li>\n<li>Protection de la chaussure : La protection de la chaussure compl\u00e8te l&#8217;escalade gr\u00e2ce \u00e0 un amorti strat\u00e9giquement plac\u00e9.<\/li>\n<li>Amorti Performance : Le syst\u00e8me Performance Cushioning combine protection contre les chocs et confort pour maintenir l&#8217;\u00e9lan.<\/li>\n<li>Maille Performance : La maille Performance Mesh maintient le corps au frais gr\u00e2ce \u00e0 une circulation de l&#8217;air et une respirabilit\u00e9 maximis\u00e9es.<\/li>\n<\/ul>\n<h2>Amorti moyen<\/h2>\n<p>Amorti mod\u00e9r\u00e9 sur toute la chaussette pour un ajustement s\u00fbr et une meilleure protection contre les chocs.<\/p>\n<h2>Au-dessus du mollet<\/h2>\n<p>Arrivant juste sous le genou, cette hauteur couvre tout le bas de la jambe.<\/p>\n<h2>Entretien du produit<\/h2>\n<ul>\n<li style=\"font-weight: 400\"><span style=\"font-weight: 400\">Lavage en machine \u00e0 40 \u00b0C<\/span><\/li>\n<li style=\"font-weight: 400\"><span style=\"font-weight: 400\">\u00c9viter le blanchiment ou le repassage<\/span><\/li>\n<li style=\"font-weight: 400\"><span style=\"font-weight: 400\">Les chaussettes dureront plus longtemps si vous ne les mettez pas au s\u00e8che-linge<\/span><\/li>\n<\/ul>\n","protected":false},"excerpt":{"rendered":"<p>S\u00e9lectionnez la taille et la couleur pour d\u00e9couvrir les caract\u00e9ristiques des diff\u00e9rents mod\u00e8les disponibles.<\/p>\n","protected":false},"featured_media":238976,"template":"","meta":{"_acf_changed":false,"inline_featured_image":false},"product_brand":[],"product_cat":[22597,24256,22596,24482,24484,22595],"product_tag":[23538,23547,23548],"class_list":{"0":"post-285008","1":"product","2":"type-product","3":"status-publish","4":"has-post-thumbnail","6":"product_cat-chaussettes","7":"product_cat-chaussettes-fr","8":"product_cat-vetements-pour-femmes","9":"product_cat-vetements-pour-hommes-fr","10":"product_cat-homme","11":"product_cat-femme","12":"product_tag-stance-fr","13":"product_tag-stance-femme","14":"product_tag-stance-homme","15":"pa_attivita-marcher","16":"pa_attivita-outdoor-fr","17":"pa_colore-bobbin-2-pack-navy-fr","18":"pa_marca-stance-fr","19":"pa_sesso-femme","20":"pa_sesso-homme","21":"pa_size-38-42-fr","22":"pa_size-43-46-fr","24":"first","25":"instock","26":"sale","27":"taxable","28":"shipping-taxable","29":"purchasable","30":"product-type-variable","31":"wvs-archive-product-wrapper"},"acf":[],"yoast_head":"<!-- This site is optimized with the Yoast SEO plugin v26.8 - https:\/\/yoast.com\/product\/yoast-seo-wordpress\/ -->\n<title>Stance Medium Over the calf - Chaussettes de course - MioMioRun.com<\/title>\n<meta name=\"description\" content=\"Consid\u00e9rez ceci comme votre passe saisonnier pour Comfort Mountain. Ces chaussettes de neige OTC sont fabriqu\u00e9es \u00e0 partir d&#039;un m\u00e9lange de polyesters chauds et r\u00e9actifs.\" \/>\n<meta name=\"robots\" content=\"index, follow, max-snippet:-1, max-image-preview:large, max-video-preview:-1\" \/>\n<link rel=\"canonical\" href=\"https:\/\/www.miomiorun.com\/fr\/produit\/medium-over-the-calf\/\" \/>\n<meta property=\"og:locale\" content=\"fr_FR\" \/>\n<meta property=\"og:type\" content=\"article\" \/>\n<meta property=\"og:title\" content=\"Stance Medium Over the calf - Chaussettes de course - MioMioRun.com\" \/>\n<meta property=\"og:description\" content=\"Consid\u00e9rez ceci comme votre passe saisonnier pour Comfort Mountain. Ces chaussettes de neige OTC sont fabriqu\u00e9es \u00e0 partir d&#039;un m\u00e9lange de polyesters chauds et r\u00e9actifs.\" \/>\n<meta property=\"og:url\" content=\"https:\/\/www.miomiorun.com\/fr\/produit\/medium-over-the-calf\/\" \/>\n<meta property=\"og:site_name\" content=\"MioMioRun\" \/>\n<meta property=\"article:publisher\" content=\"https:\/\/www.facebook.com\/miomiorun\/\" \/>\n<meta property=\"article:modified_time\" content=\"2026-05-08T19:36:44+00:00\" \/>\n<meta property=\"og:image\" content=\"https:\/\/www.miomiorun.com\/app\/uploads\/2022\/12\/stance-bobbin-2-pack-navy-61USSN00010.jpg\" \/>\n\t<meta property=\"og:image:width\" content=\"600\" \/>\n\t<meta property=\"og:image:height\" content=\"600\" \/>\n\t<meta property=\"og:image:type\" content=\"image\/jpeg\" \/>\n<meta name=\"twitter:card\" content=\"summary_large_image\" \/>\n<meta name=\"twitter:label1\" content=\"Est. reading time\" \/>\n\t<meta name=\"twitter:data1\" content=\"1 minute\" \/>\n<script type=\"application\/ld+json\" class=\"yoast-schema-graph\">{\"@context\":\"https:\/\/schema.org\",\"@graph\":[{\"@type\":\"WebPage\",\"@id\":\"https:\/\/www.miomiorun.com\/fr\/produit\/medium-over-the-calf\/\",\"url\":\"https:\/\/www.miomiorun.com\/fr\/produit\/medium-over-the-calf\/\",\"name\":\"Stance Medium Over the calf - Chaussettes de course - MioMioRun.com\",\"isPartOf\":{\"@id\":\"https:\/\/www.miomiorun.com\/fr\/#website\"},\"primaryImageOfPage\":{\"@id\":\"https:\/\/www.miomiorun.com\/fr\/produit\/medium-over-the-calf\/#primaryimage\"},\"image\":{\"@id\":\"https:\/\/www.miomiorun.com\/fr\/produit\/medium-over-the-calf\/#primaryimage\"},\"thumbnailUrl\":\"https:\/\/www.miomiorun.com\/app\/uploads\/2022\/12\/stance-bobbin-2-pack-navy-61USSN00010.jpg\",\"datePublished\":\"2022-12-23T08:33:58+00:00\",\"dateModified\":\"2026-05-08T19:36:44+00:00\",\"description\":\"Consid\u00e9rez ceci comme votre passe saisonnier pour Comfort Mountain. Ces chaussettes de neige OTC sont fabriqu\u00e9es \u00e0 partir d'un m\u00e9lange de polyesters chauds et r\u00e9actifs.\",\"breadcrumb\":{\"@id\":\"https:\/\/www.miomiorun.com\/fr\/produit\/medium-over-the-calf\/#breadcrumb\"},\"inLanguage\":\"fr-FR\",\"potentialAction\":[{\"@type\":\"ReadAction\",\"target\":[\"https:\/\/www.miomiorun.com\/fr\/produit\/medium-over-the-calf\/\"]}]},{\"@type\":\"ImageObject\",\"inLanguage\":\"fr-FR\",\"@id\":\"https:\/\/www.miomiorun.com\/fr\/produit\/medium-over-the-calf\/#primaryimage\",\"url\":\"https:\/\/www.miomiorun.com\/app\/uploads\/2022\/12\/stance-bobbin-2-pack-navy-61USSN00010.jpg\",\"contentUrl\":\"https:\/\/www.miomiorun.com\/app\/uploads\/2022\/12\/stance-bobbin-2-pack-navy-61USSN00010.jpg\",\"width\":600,\"height\":600,\"caption\":\"stance-bobbin-2-pack-navy-61USSN00010\"},{\"@type\":\"BreadcrumbList\",\"@id\":\"https:\/\/www.miomiorun.com\/fr\/produit\/medium-over-the-calf\/#breadcrumb\",\"itemListElement\":[{\"@type\":\"ListItem\",\"position\":1,\"name\":\"Home\",\"item\":\"https:\/\/www.miomiorun.com\/fr\/home-page\/\"},{\"@type\":\"ListItem\",\"position\":2,\"name\":\"Shop\",\"item\":\"https:\/\/www.miomiorun.com\/shop\/\"},{\"@type\":\"ListItem\",\"position\":3,\"name\":\"Medium Over the calf\"}]},{\"@type\":\"WebSite\",\"@id\":\"https:\/\/www.miomiorun.com\/fr\/#website\",\"url\":\"https:\/\/www.miomiorun.com\/fr\/\",\"name\":\"MioMioRun\",\"description\":\"Boutique 100% running et trail\",\"publisher\":{\"@id\":\"https:\/\/www.miomiorun.com\/fr\/#organization\"},\"potentialAction\":[{\"@type\":\"SearchAction\",\"target\":{\"@type\":\"EntryPoint\",\"urlTemplate\":\"https:\/\/www.miomiorun.com\/fr\/?s={search_term_string}\"},\"query-input\":{\"@type\":\"PropertyValueSpecification\",\"valueRequired\":true,\"valueName\":\"search_term_string\"}}],\"inLanguage\":\"fr-FR\"},{\"@type\":\"Organization\",\"@id\":\"https:\/\/www.miomiorun.com\/fr\/#organization\",\"name\":\"MioMio Run\",\"url\":\"https:\/\/www.miomiorun.com\/fr\/\",\"logo\":{\"@type\":\"ImageObject\",\"inLanguage\":\"fr-FR\",\"@id\":\"https:\/\/www.miomiorun.com\/fr\/#\/schema\/logo\/image\/\",\"url\":\"https:\/\/www.miomiorun.com\/app\/uploads\/2019\/12\/logomio.png\",\"contentUrl\":\"https:\/\/www.miomiorun.com\/app\/uploads\/2019\/12\/logomio.png\",\"width\":115,\"height\":82,\"caption\":\"MioMio Run\"},\"image\":{\"@id\":\"https:\/\/www.miomiorun.com\/fr\/#\/schema\/logo\/image\/\"},\"sameAs\":[\"https:\/\/www.facebook.com\/miomiorun\/\",\"https:\/\/www.instagram.com\/miomiorun\/\"]}]}<\/script>\n<!-- \/ Yoast SEO plugin. -->","yoast_head_json":{"title":"Stance Medium Over the calf - Chaussettes de course - MioMioRun.com","description":"Consid\u00e9rez ceci comme votre passe saisonnier pour Comfort Mountain. Ces chaussettes de neige OTC sont fabriqu\u00e9es \u00e0 partir d'un m\u00e9lange de polyesters chauds et r\u00e9actifs.","robots":{"index":"index","follow":"follow","max-snippet":"max-snippet:-1","max-image-preview":"max-image-preview:large","max-video-preview":"max-video-preview:-1"},"canonical":"https:\/\/www.miomiorun.com\/fr\/produit\/medium-over-the-calf\/","og_locale":"fr_FR","og_type":"article","og_title":"Stance Medium Over the calf - Chaussettes de course - MioMioRun.com","og_description":"Consid\u00e9rez ceci comme votre passe saisonnier pour Comfort Mountain. Ces chaussettes de neige OTC sont fabriqu\u00e9es \u00e0 partir d'un m\u00e9lange de polyesters chauds et r\u00e9actifs.","og_url":"https:\/\/www.miomiorun.com\/fr\/produit\/medium-over-the-calf\/","og_site_name":"MioMioRun","article_publisher":"https:\/\/www.facebook.com\/miomiorun\/","article_modified_time":"2026-05-08T19:36:44+00:00","og_image":[{"width":600,"height":600,"url":"https:\/\/www.miomiorun.com\/app\/uploads\/2022\/12\/stance-bobbin-2-pack-navy-61USSN00010.jpg","type":"image\/jpeg"}],"twitter_card":"summary_large_image","twitter_misc":{"Est. reading time":"1 minute"},"schema":{"@context":"https:\/\/schema.org","@graph":[{"@type":"WebPage","@id":"https:\/\/www.miomiorun.com\/fr\/produit\/medium-over-the-calf\/","url":"https:\/\/www.miomiorun.com\/fr\/produit\/medium-over-the-calf\/","name":"Stance Medium Over the calf - Chaussettes de course - MioMioRun.com","isPartOf":{"@id":"https:\/\/www.miomiorun.com\/fr\/#website"},"primaryImageOfPage":{"@id":"https:\/\/www.miomiorun.com\/fr\/produit\/medium-over-the-calf\/#primaryimage"},"image":{"@id":"https:\/\/www.miomiorun.com\/fr\/produit\/medium-over-the-calf\/#primaryimage"},"thumbnailUrl":"https:\/\/www.miomiorun.com\/app\/uploads\/2022\/12\/stance-bobbin-2-pack-navy-61USSN00010.jpg","datePublished":"2022-12-23T08:33:58+00:00","dateModified":"2026-05-08T19:36:44+00:00","description":"Consid\u00e9rez ceci comme votre passe saisonnier pour Comfort Mountain. Ces chaussettes de neige OTC sont fabriqu\u00e9es \u00e0 partir d'un m\u00e9lange de polyesters chauds et r\u00e9actifs.","breadcrumb":{"@id":"https:\/\/www.miomiorun.com\/fr\/produit\/medium-over-the-calf\/#breadcrumb"},"inLanguage":"fr-FR","potentialAction":[{"@type":"ReadAction","target":["https:\/\/www.miomiorun.com\/fr\/produit\/medium-over-the-calf\/"]}]},{"@type":"ImageObject","inLanguage":"fr-FR","@id":"https:\/\/www.miomiorun.com\/fr\/produit\/medium-over-the-calf\/#primaryimage","url":"https:\/\/www.miomiorun.com\/app\/uploads\/2022\/12\/stance-bobbin-2-pack-navy-61USSN00010.jpg","contentUrl":"https:\/\/www.miomiorun.com\/app\/uploads\/2022\/12\/stance-bobbin-2-pack-navy-61USSN00010.jpg","width":600,"height":600,"caption":"stance-bobbin-2-pack-navy-61USSN00010"},{"@type":"BreadcrumbList","@id":"https:\/\/www.miomiorun.com\/fr\/produit\/medium-over-the-calf\/#breadcrumb","itemListElement":[{"@type":"ListItem","position":1,"name":"Home","item":"https:\/\/www.miomiorun.com\/fr\/home-page\/"},{"@type":"ListItem","position":2,"name":"Shop","item":"https:\/\/www.miomiorun.com\/shop\/"},{"@type":"ListItem","position":3,"name":"Medium Over the calf"}]},{"@type":"WebSite","@id":"https:\/\/www.miomiorun.com\/fr\/#website","url":"https:\/\/www.miomiorun.com\/fr\/","name":"MioMioRun","description":"Boutique 100% running et trail","publisher":{"@id":"https:\/\/www.miomiorun.com\/fr\/#organization"},"potentialAction":[{"@type":"SearchAction","target":{"@type":"EntryPoint","urlTemplate":"https:\/\/www.miomiorun.com\/fr\/?s={search_term_string}"},"query-input":{"@type":"PropertyValueSpecification","valueRequired":true,"valueName":"search_term_string"}}],"inLanguage":"fr-FR"},{"@type":"Organization","@id":"https:\/\/www.miomiorun.com\/fr\/#organization","name":"MioMio Run","url":"https:\/\/www.miomiorun.com\/fr\/","logo":{"@type":"ImageObject","inLanguage":"fr-FR","@id":"https:\/\/www.miomiorun.com\/fr\/#\/schema\/logo\/image\/","url":"https:\/\/www.miomiorun.com\/app\/uploads\/2019\/12\/logomio.png","contentUrl":"https:\/\/www.miomiorun.com\/app\/uploads\/2019\/12\/logomio.png","width":115,"height":82,"caption":"MioMio Run"},"image":{"@id":"https:\/\/www.miomiorun.com\/fr\/#\/schema\/logo\/image\/"},"sameAs":["https:\/\/www.facebook.com\/miomiorun\/","https:\/\/www.instagram.com\/miomiorun\/"]}]}},"_links":{"self":[{"href":"https:\/\/www.miomiorun.com\/fr\/wp-json\/wp\/v2\/product\/285008","targetHints":{"allow":["GET"]}}],"collection":[{"href":"https:\/\/www.miomiorun.com\/fr\/wp-json\/wp\/v2\/product"}],"about":[{"href":"https:\/\/www.miomiorun.com\/fr\/wp-json\/wp\/v2\/types\/product"}],"wp:featuredmedia":[{"embeddable":true,"href":"https:\/\/www.miomiorun.com\/fr\/wp-json\/wp\/v2\/media\/238976"}],"wp:attachment":[{"href":"https:\/\/www.miomiorun.com\/fr\/wp-json\/wp\/v2\/media?parent=285008"}],"wp:term":[{"taxonomy":"product_brand","embeddable":true,"href":"https:\/\/www.miomiorun.com\/fr\/wp-json\/wp\/v2\/product_brand?post=285008"},{"taxonomy":"product_cat","embeddable":true,"href":"https:\/\/www.miomiorun.com\/fr\/wp-json\/wp\/v2\/product_cat?post=285008"},{"taxonomy":"product_tag","embeddable":true,"href":"https:\/\/www.miomiorun.com\/fr\/wp-json\/wp\/v2\/product_tag?post=285008"}],"curies":[{"name":"wp","href":"https:\/\/api.w.org\/{rel}","templated":true}]}}