{"id":284956,"date":"2023-01-12T13:40:08","date_gmt":"2023-01-12T12:40:08","guid":{"rendered":"https:\/\/miomiorun.com\/prodotto\/wire-8\/"},"modified":"2026-05-08T21:36:42","modified_gmt":"2026-05-08T19:36:42","slug":"wire-8","status":"publish","type":"product","link":"https:\/\/www.miomiorun.com\/fr\/produit\/wire-8\/","title":{"rendered":"Wire 8"},"content":{"rendered":"<div class=\"vc-row container\"><div class=\"vc-column\"><div class=\"vc-column-text\"><\/p>\n<p><strong>Caract\u00e9ristiques techniques<\/strong><\/p>\n<p>Cat\u00e9gorie : piste<\/p>\n<p>Poids : 184,3 g<br \/>\nId\u00e9al pour : les athl\u00e8tes \u00e0 la recherche de chaussures \u00e0 pointes pour l&#8217;entra\u00eenement et les comp\u00e9titions sur piste, m\u00eame sur de longues distances, jusqu&#8217;\u00e0 10 000 m\u00e8tres, mais aussi pour le cross-country.<br \/>\nPoids de l&#8217;athl\u00e8te : 60-75 kg<br \/>\nAllure de course : rapide &lt; 3,30 min\/km<br \/>\n<a href=\"https:\/\/miomiorun.com\/fr\/guide-des-specificites\/\">Guide des caract\u00e9ristiques techniques<\/a><\/p>\n<p><\/div><\/div><div class=\"vc-column\"><div class=\"vc-column-text\"><\/p>\n<p id=\"tw-target-text\" class=\"tw-data-text tw-text-large tw-ta\" dir=\"ltr\" style=\"text-align: left\" data-placeholder=\"Traduzione\">Parmi les meilleures chaussures de course longue distance disponibles sur le march\u00e9, la <strong>Wire 8<\/strong> est une chaussure de course performante qui vous aidera \u00e0 donner le meilleur de vous-m\u00eame dans les courses de 1 500 m \u00e0 10 000 m.<\/p>\n<h3 class=\"medium\">Caract\u00e9ristiques<\/h3>\n<ul>\n<li>Rapide et propulsive<\/li>\n<li>Traction l\u00e9g\u00e8re et agressive<\/li>\n<li>Amorti r\u00e9actif<\/li>\n<\/ul>\n<p><strong>ID\u00c9ALES POUR :<\/strong><\/p>\n<p><img loading=\"lazy\" decoding=\"async\" class=\"a-responsive-image__img\" src=\"https:\/\/www.brooksrunning.com\/on\/demandware.static\/-\/Sites-brooks-master-catalog\/default\/dwd2111c8d\/specs\/PDP-BestFor-FTW-Race.svg\" alt=\"\" width=\"80\" height=\"80\" \/><strong>Courses de fond<\/strong><\/p>\n<p><strong><img loading=\"lazy\" decoding=\"async\" class=\"\" src=\"https:\/\/www.brooksrunning.com\/on\/demandware.static\/-\/Sites-brooks-master-catalog\/default\/dw2acc1bbb\/specs\/PDP-BestFor-FTW-Track.svg\" width=\"65\" height=\"65\" \/>\u00a0 \u00a0Course sur piste<\/strong><\/p>\n<p>&nbsp;<\/p>\n<h2>Visez la victoire dans les courses de 1 500 m et plus<\/h2>\n<h3><\/h3>\n<h3>GUIDE VERS LA LIGNE D&#8217;ARRIV\u00c9E.<\/h3>\n<h3>Rapide et propulsive<\/h3>\n<ul>\n<li>La nouvelle plaque <strong>Xelight(TM)<\/strong> sur toute la longueur, plus l\u00e9g\u00e8re de 20 % par rapport au pass\u00e9, offre la rigidit\u00e9 ad\u00e9quate pour passer de la vitesse de croisi\u00e8re \u00e0 la course \u00e0 toute vitesse dans les courses de longue distance.<\/li>\n<\/ul>\n<h3><\/h3>\n<h3 class=\"type\">ADH\u00c9RENCE OPTIMALE.<\/h3>\n<h3 class=\"type\">Traction l\u00e9g\u00e8re et agressive<\/h3>\n<ul>\n<li class=\"type\">La conception \u00e0 5 crampons en aluminium offre une traction l\u00e9g\u00e8re. La plaque \u00e0 crampons est con\u00e7ue pour offrir une traction suppl\u00e9mentaire gr\u00e2ce \u00e0 son design dentel\u00e9.<\/li>\n<\/ul>\n<h3><\/h3>\n<h3>L\u00c9GER. RAPIDE COMME L&#8217;\u00c9CLAIR.<\/h3>\n<h3>Amorti r\u00e9actif<\/h3>\n<ul>\n<li>La semelle interm\u00e9diaire en DNA, l\u00e9g\u00e8re et impr\u00e9gn\u00e9e d&#8217;azote, offre un amorti optimal pour \u00e9liminer les distractions et conserver votre agilit\u00e9.<\/li>\n<\/ul>\n<p><\/div><\/div><\/div>\n","protected":false},"excerpt":{"rendered":"<ul class=\"m-unordered__list\">\n<li>Rapide et propulsif<\/li>\n<li>Traction l\u00e9g\u00e8re et agressive<\/li>\n<li>Amorti r\u00e9actif<\/li>\n<\/ul>\n","protected":false},"featured_media":239074,"template":"","meta":{"_acf_changed":false,"inline_featured_image":false},"product_brand":[],"product_cat":[22605,24448,24447,22606],"product_tag":[23462,23656,23655],"class_list":{"0":"post-284956","1":"product","2":"type-product","3":"status-publish","4":"has-post-thumbnail","6":"product_cat-chaussures-pour-femmes","7":"product_cat-chaussures-pour-hommes-fr","8":"product_cat-neutre-fr-3","9":"product_cat-neutre","10":"product_tag-brooks-fr","11":"product_tag-brooks-femme","12":"product_tag-brooks-homme","13":"pa_attivita-running-fr","14":"pa_colore-wire-8-blue-glow-nightlife-red-fr","15":"pa_marca-brooks-fr","16":"pa_sesso-femme","17":"pa_sesso-homme","18":"pa_size-42-fr","19":"pa_size-42-5-fr","20":"pa_size-43-fr","21":"pa_size-44-5-fr","23":"first","24":"instock","25":"sale","26":"taxable","27":"shipping-taxable","28":"purchasable","29":"product-type-variable","30":"wvs-archive-product-wrapper"},"acf":[],"yoast_head":"<!-- This site is optimized with the Yoast SEO plugin v26.8 - https:\/\/yoast.com\/product\/yoast-seo-wordpress\/ -->\n<title>Brooks Wire 8 - chaussures de course pour homme - MioMioRun.com<\/title>\n<meta name=\"description\" content=\"Parmi les meilleures chaussures de course longue distance disponibles sur le march\u00e9, la Wire 8 est une chaussure de course performante qui vous aidera \u00e0 donner le meilleur de vous-m\u00eame.\" \/>\n<meta name=\"robots\" content=\"index, follow, max-snippet:-1, max-image-preview:large, max-video-preview:-1\" \/>\n<link rel=\"canonical\" href=\"https:\/\/www.miomiorun.com\/fr\/produit\/wire-8\/\" \/>\n<meta property=\"og:locale\" content=\"fr_FR\" \/>\n<meta property=\"og:type\" content=\"article\" \/>\n<meta property=\"og:title\" content=\"Brooks Wire 8 - chaussures de course pour homme - MioMioRun.com\" \/>\n<meta property=\"og:description\" content=\"Parmi les meilleures chaussures de course longue distance disponibles sur le march\u00e9, la Wire 8 est une chaussure de course performante qui vous aidera \u00e0 donner le meilleur de vous-m\u00eame.\" \/>\n<meta property=\"og:url\" content=\"https:\/\/www.miomiorun.com\/fr\/produit\/wire-8\/\" \/>\n<meta property=\"og:site_name\" content=\"MioMioRun\" \/>\n<meta property=\"article:publisher\" content=\"https:\/\/www.facebook.com\/miomiorun\/\" \/>\n<meta property=\"article:modified_time\" content=\"2026-05-08T19:36:42+00:00\" \/>\n<meta property=\"og:image\" content=\"https:\/\/www.miomiorun.com\/app\/uploads\/2023\/01\/brooks-wire-8-blue-glow-nightlife-red-1000441D467.jpg\" \/>\n\t<meta property=\"og:image:width\" content=\"600\" \/>\n\t<meta property=\"og:image:height\" content=\"600\" \/>\n\t<meta property=\"og:image:type\" content=\"image\/jpeg\" \/>\n<meta name=\"twitter:card\" content=\"summary_large_image\" \/>\n<meta name=\"twitter:label1\" content=\"Est. reading time\" \/>\n\t<meta name=\"twitter:data1\" content=\"1 minute\" \/>\n<script type=\"application\/ld+json\" class=\"yoast-schema-graph\">{\"@context\":\"https:\/\/schema.org\",\"@graph\":[{\"@type\":\"WebPage\",\"@id\":\"https:\/\/www.miomiorun.com\/fr\/produit\/wire-8\/\",\"url\":\"https:\/\/www.miomiorun.com\/fr\/produit\/wire-8\/\",\"name\":\"Brooks Wire 8 - chaussures de course pour homme - MioMioRun.com\",\"isPartOf\":{\"@id\":\"https:\/\/www.miomiorun.com\/fr\/#website\"},\"primaryImageOfPage\":{\"@id\":\"https:\/\/www.miomiorun.com\/fr\/produit\/wire-8\/#primaryimage\"},\"image\":{\"@id\":\"https:\/\/www.miomiorun.com\/fr\/produit\/wire-8\/#primaryimage\"},\"thumbnailUrl\":\"https:\/\/www.miomiorun.com\/app\/uploads\/2023\/01\/brooks-wire-8-blue-glow-nightlife-red-1000441D467.jpg\",\"datePublished\":\"2023-01-12T12:40:08+00:00\",\"dateModified\":\"2026-05-08T19:36:42+00:00\",\"description\":\"Parmi les meilleures chaussures de course longue distance disponibles sur le march\u00e9, la Wire 8 est une chaussure de course performante qui vous aidera \u00e0 donner le meilleur de vous-m\u00eame.\",\"breadcrumb\":{\"@id\":\"https:\/\/www.miomiorun.com\/fr\/produit\/wire-8\/#breadcrumb\"},\"inLanguage\":\"fr-FR\",\"potentialAction\":[{\"@type\":\"ReadAction\",\"target\":[\"https:\/\/www.miomiorun.com\/fr\/produit\/wire-8\/\"]}]},{\"@type\":\"ImageObject\",\"inLanguage\":\"fr-FR\",\"@id\":\"https:\/\/www.miomiorun.com\/fr\/produit\/wire-8\/#primaryimage\",\"url\":\"https:\/\/www.miomiorun.com\/app\/uploads\/2023\/01\/brooks-wire-8-blue-glow-nightlife-red-1000441D467.jpg\",\"contentUrl\":\"https:\/\/www.miomiorun.com\/app\/uploads\/2023\/01\/brooks-wire-8-blue-glow-nightlife-red-1000441D467.jpg\",\"width\":600,\"height\":600,\"caption\":\"brooks-wire-8-blue-glow-nightlife-red-1000441D467\"},{\"@type\":\"BreadcrumbList\",\"@id\":\"https:\/\/www.miomiorun.com\/fr\/produit\/wire-8\/#breadcrumb\",\"itemListElement\":[{\"@type\":\"ListItem\",\"position\":1,\"name\":\"Home\",\"item\":\"https:\/\/www.miomiorun.com\/fr\/home-page\/\"},{\"@type\":\"ListItem\",\"position\":2,\"name\":\"Shop\",\"item\":\"https:\/\/www.miomiorun.com\/shop\/\"},{\"@type\":\"ListItem\",\"position\":3,\"name\":\"Wire 8\"}]},{\"@type\":\"WebSite\",\"@id\":\"https:\/\/www.miomiorun.com\/fr\/#website\",\"url\":\"https:\/\/www.miomiorun.com\/fr\/\",\"name\":\"MioMioRun\",\"description\":\"Boutique 100% running et trail\",\"publisher\":{\"@id\":\"https:\/\/www.miomiorun.com\/fr\/#organization\"},\"potentialAction\":[{\"@type\":\"SearchAction\",\"target\":{\"@type\":\"EntryPoint\",\"urlTemplate\":\"https:\/\/www.miomiorun.com\/fr\/?s={search_term_string}\"},\"query-input\":{\"@type\":\"PropertyValueSpecification\",\"valueRequired\":true,\"valueName\":\"search_term_string\"}}],\"inLanguage\":\"fr-FR\"},{\"@type\":\"Organization\",\"@id\":\"https:\/\/www.miomiorun.com\/fr\/#organization\",\"name\":\"MioMio Run\",\"url\":\"https:\/\/www.miomiorun.com\/fr\/\",\"logo\":{\"@type\":\"ImageObject\",\"inLanguage\":\"fr-FR\",\"@id\":\"https:\/\/www.miomiorun.com\/fr\/#\/schema\/logo\/image\/\",\"url\":\"https:\/\/www.miomiorun.com\/app\/uploads\/2019\/12\/logomio.png\",\"contentUrl\":\"https:\/\/www.miomiorun.com\/app\/uploads\/2019\/12\/logomio.png\",\"width\":115,\"height\":82,\"caption\":\"MioMio Run\"},\"image\":{\"@id\":\"https:\/\/www.miomiorun.com\/fr\/#\/schema\/logo\/image\/\"},\"sameAs\":[\"https:\/\/www.facebook.com\/miomiorun\/\",\"https:\/\/www.instagram.com\/miomiorun\/\"]}]}<\/script>\n<!-- \/ Yoast SEO plugin. -->","yoast_head_json":{"title":"Brooks Wire 8 - chaussures de course pour homme - MioMioRun.com","description":"Parmi les meilleures chaussures de course longue distance disponibles sur le march\u00e9, la Wire 8 est une chaussure de course performante qui vous aidera \u00e0 donner le meilleur de vous-m\u00eame.","robots":{"index":"index","follow":"follow","max-snippet":"max-snippet:-1","max-image-preview":"max-image-preview:large","max-video-preview":"max-video-preview:-1"},"canonical":"https:\/\/www.miomiorun.com\/fr\/produit\/wire-8\/","og_locale":"fr_FR","og_type":"article","og_title":"Brooks Wire 8 - chaussures de course pour homme - MioMioRun.com","og_description":"Parmi les meilleures chaussures de course longue distance disponibles sur le march\u00e9, la Wire 8 est une chaussure de course performante qui vous aidera \u00e0 donner le meilleur de vous-m\u00eame.","og_url":"https:\/\/www.miomiorun.com\/fr\/produit\/wire-8\/","og_site_name":"MioMioRun","article_publisher":"https:\/\/www.facebook.com\/miomiorun\/","article_modified_time":"2026-05-08T19:36:42+00:00","og_image":[{"width":600,"height":600,"url":"https:\/\/www.miomiorun.com\/app\/uploads\/2023\/01\/brooks-wire-8-blue-glow-nightlife-red-1000441D467.jpg","type":"image\/jpeg"}],"twitter_card":"summary_large_image","twitter_misc":{"Est. reading time":"1 minute"},"schema":{"@context":"https:\/\/schema.org","@graph":[{"@type":"WebPage","@id":"https:\/\/www.miomiorun.com\/fr\/produit\/wire-8\/","url":"https:\/\/www.miomiorun.com\/fr\/produit\/wire-8\/","name":"Brooks Wire 8 - chaussures de course pour homme - MioMioRun.com","isPartOf":{"@id":"https:\/\/www.miomiorun.com\/fr\/#website"},"primaryImageOfPage":{"@id":"https:\/\/www.miomiorun.com\/fr\/produit\/wire-8\/#primaryimage"},"image":{"@id":"https:\/\/www.miomiorun.com\/fr\/produit\/wire-8\/#primaryimage"},"thumbnailUrl":"https:\/\/www.miomiorun.com\/app\/uploads\/2023\/01\/brooks-wire-8-blue-glow-nightlife-red-1000441D467.jpg","datePublished":"2023-01-12T12:40:08+00:00","dateModified":"2026-05-08T19:36:42+00:00","description":"Parmi les meilleures chaussures de course longue distance disponibles sur le march\u00e9, la Wire 8 est une chaussure de course performante qui vous aidera \u00e0 donner le meilleur de vous-m\u00eame.","breadcrumb":{"@id":"https:\/\/www.miomiorun.com\/fr\/produit\/wire-8\/#breadcrumb"},"inLanguage":"fr-FR","potentialAction":[{"@type":"ReadAction","target":["https:\/\/www.miomiorun.com\/fr\/produit\/wire-8\/"]}]},{"@type":"ImageObject","inLanguage":"fr-FR","@id":"https:\/\/www.miomiorun.com\/fr\/produit\/wire-8\/#primaryimage","url":"https:\/\/www.miomiorun.com\/app\/uploads\/2023\/01\/brooks-wire-8-blue-glow-nightlife-red-1000441D467.jpg","contentUrl":"https:\/\/www.miomiorun.com\/app\/uploads\/2023\/01\/brooks-wire-8-blue-glow-nightlife-red-1000441D467.jpg","width":600,"height":600,"caption":"brooks-wire-8-blue-glow-nightlife-red-1000441D467"},{"@type":"BreadcrumbList","@id":"https:\/\/www.miomiorun.com\/fr\/produit\/wire-8\/#breadcrumb","itemListElement":[{"@type":"ListItem","position":1,"name":"Home","item":"https:\/\/www.miomiorun.com\/fr\/home-page\/"},{"@type":"ListItem","position":2,"name":"Shop","item":"https:\/\/www.miomiorun.com\/shop\/"},{"@type":"ListItem","position":3,"name":"Wire 8"}]},{"@type":"WebSite","@id":"https:\/\/www.miomiorun.com\/fr\/#website","url":"https:\/\/www.miomiorun.com\/fr\/","name":"MioMioRun","description":"Boutique 100% running et trail","publisher":{"@id":"https:\/\/www.miomiorun.com\/fr\/#organization"},"potentialAction":[{"@type":"SearchAction","target":{"@type":"EntryPoint","urlTemplate":"https:\/\/www.miomiorun.com\/fr\/?s={search_term_string}"},"query-input":{"@type":"PropertyValueSpecification","valueRequired":true,"valueName":"search_term_string"}}],"inLanguage":"fr-FR"},{"@type":"Organization","@id":"https:\/\/www.miomiorun.com\/fr\/#organization","name":"MioMio Run","url":"https:\/\/www.miomiorun.com\/fr\/","logo":{"@type":"ImageObject","inLanguage":"fr-FR","@id":"https:\/\/www.miomiorun.com\/fr\/#\/schema\/logo\/image\/","url":"https:\/\/www.miomiorun.com\/app\/uploads\/2019\/12\/logomio.png","contentUrl":"https:\/\/www.miomiorun.com\/app\/uploads\/2019\/12\/logomio.png","width":115,"height":82,"caption":"MioMio Run"},"image":{"@id":"https:\/\/www.miomiorun.com\/fr\/#\/schema\/logo\/image\/"},"sameAs":["https:\/\/www.facebook.com\/miomiorun\/","https:\/\/www.instagram.com\/miomiorun\/"]}]}},"_links":{"self":[{"href":"https:\/\/www.miomiorun.com\/fr\/wp-json\/wp\/v2\/product\/284956","targetHints":{"allow":["GET"]}}],"collection":[{"href":"https:\/\/www.miomiorun.com\/fr\/wp-json\/wp\/v2\/product"}],"about":[{"href":"https:\/\/www.miomiorun.com\/fr\/wp-json\/wp\/v2\/types\/product"}],"wp:featuredmedia":[{"embeddable":true,"href":"https:\/\/www.miomiorun.com\/fr\/wp-json\/wp\/v2\/media\/239074"}],"wp:attachment":[{"href":"https:\/\/www.miomiorun.com\/fr\/wp-json\/wp\/v2\/media?parent=284956"}],"wp:term":[{"taxonomy":"product_brand","embeddable":true,"href":"https:\/\/www.miomiorun.com\/fr\/wp-json\/wp\/v2\/product_brand?post=284956"},{"taxonomy":"product_cat","embeddable":true,"href":"https:\/\/www.miomiorun.com\/fr\/wp-json\/wp\/v2\/product_cat?post=284956"},{"taxonomy":"product_tag","embeddable":true,"href":"https:\/\/www.miomiorun.com\/fr\/wp-json\/wp\/v2\/product_tag?post=284956"}],"curies":[{"name":"wp","href":"https:\/\/api.w.org\/{rel}","templated":true}]}}