{"id":284954,"date":"2023-01-12T14:16:17","date_gmt":"2023-01-12T13:16:17","guid":{"rendered":"https:\/\/miomiorun.com\/prodotto\/prc-premium-gloves\/"},"modified":"2026-05-08T21:36:41","modified_gmt":"2026-05-08T19:36:41","slug":"prc-premium-gloves","status":"publish","type":"product","link":"https:\/\/www.miomiorun.com\/fr\/produit\/prc-premium-gloves\/","title":{"rendered":"Prc Premium gloves"},"content":{"rendered":"<p><strong>Le PRC Premium<\/strong> est le compagnon id\u00e9al de tout skieur de fond ambitieux. La paume est enti\u00e8rement r\u00e9alis\u00e9e en cuir de ch\u00e8vre tr\u00e8s souple et de grande qualit\u00e9 pour garantir un toucher agr\u00e9able. Gr\u00e2ce \u00e0 sa conception et \u00e0 sa fabrication, ce gant est polyvalent et peut \u00eatre utilis\u00e9 de diff\u00e9rentes mani\u00e8res.<\/p>\n<div class=\"product-highlight-headline\">\n<h3 class=\"product-headline\">Allrounder<\/h3>\n<\/div>\n<div class=\"product-highlight-content\">\n<p>Gant polyvalent sans syst\u00e8me de boucle int\u00e9gr\u00e9.<\/p>\n<div class=\"product-highlight-headline\">\n<h3 class=\"product-headline\">Nordic Comfort Fit<\/h3>\n<\/div>\n<div class=\"product-highlight-content\">\n<p>Taille l\u00e9g\u00e8rement plus ample pour un confort maximal et des mains toujours chaudes.<\/p>\n<h3>Fibres hydrophobes<\/h3>\n<\/div>\n<div class=\"product-highlight-content\">\n<p>Propri\u00e9t\u00e9s hydrophobes des fibres des mat\u00e9riaux utilis\u00e9s.<\/p>\n<div class=\"product-highlight-headline\">\n<h3 class=\"product-headline\">Basic<\/h3>\n<\/div>\n<div class=\"product-highlight-content\">\n<p>Le niveau de chaleur d\u00e9pend des mat\u00e9riaux utilis\u00e9s pour la coque, l&#8217;isolation et la doublure int\u00e9rieure, ainsi que des propri\u00e9t\u00e9s hydrophobes du gant. Le confort et la structure influencent \u00e9galement le niveau de chaleur.<\/p>\n<\/div>\n<\/div>\n<\/div>\n","protected":false},"excerpt":{"rendered":"<ul class=\"selling-points\">\n<li>Gant polyvalent sans syst\u00e8me \u00e0 anneau int\u00e9gr\u00e9.<\/li>\n<li>Taille l\u00e9g\u00e8rement plus ample pour un confort maximal et des mains toujours chaudes.<\/li>\n<li>Propri\u00e9t\u00e9s hydrophobes des fibres des mat\u00e9riaux utilis\u00e9s.<\/li>\n<\/ul>\n","protected":false},"featured_media":239164,"template":"","meta":{"_acf_changed":false,"inline_featured_image":false},"product_brand":[],"product_cat":[22581,22538],"product_tag":[23596,24173,23626],"class_list":{"0":"post-284954","1":"product","2":"type-product","3":"status-publish","4":"has-post-thumbnail","6":"product_cat-gants","7":"product_cat-accessoires","8":"product_tag-leki-fr","9":"product_tag-leki-femme","10":"product_tag-leki-homme","11":"pa_attivita-marcher","12":"pa_attivita-outdoor-fr","13":"pa_marca-leki-fr","14":"pa_sesso-femme","15":"pa_sesso-homme","16":"pa_size-7-fr","17":"pa_size-7-5-fr","18":"pa_size-8-fr","19":"pa_size-8-5-fr","20":"pa_size-9-fr","21":"pa_size-9-5-fr","22":"pa_size-10-fr","24":"first","25":"instock","26":"sale","27":"taxable","28":"shipping-taxable","29":"purchasable","30":"product-type-variable","31":"wvs-archive-product-wrapper"},"acf":[],"yoast_head":"<!-- This site is optimized with the Yoast SEO plugin v26.8 - https:\/\/yoast.com\/product\/yoast-seo-wordpress\/ -->\n<title>Leki Prc Premium gloves - Gants d&#039;hiver - MioMioRun.com<\/title>\n<meta name=\"description\" content=\"Le PRC Premium est l&#039;alli\u00e9 id\u00e9al de tout skieur de fond ambitieux. La paume est fabriqu\u00e9e en cuir de ch\u00e8vre tr\u00e8s souple et de haute qualit\u00e9 \u00e0 100 %.\" \/>\n<meta name=\"robots\" content=\"index, follow, max-snippet:-1, max-image-preview:large, max-video-preview:-1\" \/>\n<link rel=\"canonical\" href=\"https:\/\/www.miomiorun.com\/fr\/produit\/prc-premium-gloves\/\" \/>\n<meta property=\"og:locale\" content=\"fr_FR\" \/>\n<meta property=\"og:type\" content=\"article\" \/>\n<meta property=\"og:title\" content=\"Leki Prc Premium gloves - Gants d&#039;hiver - MioMioRun.com\" \/>\n<meta property=\"og:description\" content=\"Le PRC Premium est l&#039;alli\u00e9 id\u00e9al de tout skieur de fond ambitieux. La paume est fabriqu\u00e9e en cuir de ch\u00e8vre tr\u00e8s souple et de haute qualit\u00e9 \u00e0 100 %.\" \/>\n<meta property=\"og:url\" content=\"https:\/\/www.miomiorun.com\/fr\/produit\/prc-premium-gloves\/\" \/>\n<meta property=\"og:site_name\" content=\"MioMioRun\" \/>\n<meta property=\"article:publisher\" content=\"https:\/\/www.facebook.com\/miomiorun\/\" \/>\n<meta property=\"article:modified_time\" content=\"2026-05-08T19:36:41+00:00\" \/>\n<meta property=\"og:image\" content=\"https:\/\/www.miomiorun.com\/app\/uploads\/2023\/01\/leki-prc-premium-black-sand-652910301.jpg\" \/>\n\t<meta property=\"og:image:width\" content=\"600\" \/>\n\t<meta property=\"og:image:height\" content=\"600\" \/>\n\t<meta property=\"og:image:type\" content=\"image\/jpeg\" \/>\n<meta name=\"twitter:card\" content=\"summary_large_image\" \/>\n<meta name=\"twitter:label1\" content=\"Est. reading time\" \/>\n\t<meta name=\"twitter:data1\" content=\"1 minute\" \/>\n<script type=\"application\/ld+json\" class=\"yoast-schema-graph\">{\"@context\":\"https:\/\/schema.org\",\"@graph\":[{\"@type\":\"WebPage\",\"@id\":\"https:\/\/www.miomiorun.com\/fr\/produit\/prc-premium-gloves\/\",\"url\":\"https:\/\/www.miomiorun.com\/fr\/produit\/prc-premium-gloves\/\",\"name\":\"Leki Prc Premium gloves - Gants d'hiver - MioMioRun.com\",\"isPartOf\":{\"@id\":\"https:\/\/www.miomiorun.com\/fr\/#website\"},\"primaryImageOfPage\":{\"@id\":\"https:\/\/www.miomiorun.com\/fr\/produit\/prc-premium-gloves\/#primaryimage\"},\"image\":{\"@id\":\"https:\/\/www.miomiorun.com\/fr\/produit\/prc-premium-gloves\/#primaryimage\"},\"thumbnailUrl\":\"https:\/\/www.miomiorun.com\/app\/uploads\/2023\/01\/leki-prc-premium-black-sand-652910301.jpg\",\"datePublished\":\"2023-01-12T13:16:17+00:00\",\"dateModified\":\"2026-05-08T19:36:41+00:00\",\"description\":\"Le PRC Premium est l'alli\u00e9 id\u00e9al de tout skieur de fond ambitieux. La paume est fabriqu\u00e9e en cuir de ch\u00e8vre tr\u00e8s souple et de haute qualit\u00e9 \u00e0 100 %.\",\"breadcrumb\":{\"@id\":\"https:\/\/www.miomiorun.com\/fr\/produit\/prc-premium-gloves\/#breadcrumb\"},\"inLanguage\":\"fr-FR\",\"potentialAction\":[{\"@type\":\"ReadAction\",\"target\":[\"https:\/\/www.miomiorun.com\/fr\/produit\/prc-premium-gloves\/\"]}]},{\"@type\":\"ImageObject\",\"inLanguage\":\"fr-FR\",\"@id\":\"https:\/\/www.miomiorun.com\/fr\/produit\/prc-premium-gloves\/#primaryimage\",\"url\":\"https:\/\/www.miomiorun.com\/app\/uploads\/2023\/01\/leki-prc-premium-black-sand-652910301.jpg\",\"contentUrl\":\"https:\/\/www.miomiorun.com\/app\/uploads\/2023\/01\/leki-prc-premium-black-sand-652910301.jpg\",\"width\":600,\"height\":600,\"caption\":\"leki-prc-premium-black-sand-652910301\"},{\"@type\":\"BreadcrumbList\",\"@id\":\"https:\/\/www.miomiorun.com\/fr\/produit\/prc-premium-gloves\/#breadcrumb\",\"itemListElement\":[{\"@type\":\"ListItem\",\"position\":1,\"name\":\"Home\",\"item\":\"https:\/\/www.miomiorun.com\/fr\/home-page\/\"},{\"@type\":\"ListItem\",\"position\":2,\"name\":\"Shop\",\"item\":\"https:\/\/www.miomiorun.com\/shop\/\"},{\"@type\":\"ListItem\",\"position\":3,\"name\":\"Prc Premium gloves\"}]},{\"@type\":\"WebSite\",\"@id\":\"https:\/\/www.miomiorun.com\/fr\/#website\",\"url\":\"https:\/\/www.miomiorun.com\/fr\/\",\"name\":\"MioMioRun\",\"description\":\"Boutique 100% running et trail\",\"publisher\":{\"@id\":\"https:\/\/www.miomiorun.com\/fr\/#organization\"},\"potentialAction\":[{\"@type\":\"SearchAction\",\"target\":{\"@type\":\"EntryPoint\",\"urlTemplate\":\"https:\/\/www.miomiorun.com\/fr\/?s={search_term_string}\"},\"query-input\":{\"@type\":\"PropertyValueSpecification\",\"valueRequired\":true,\"valueName\":\"search_term_string\"}}],\"inLanguage\":\"fr-FR\"},{\"@type\":\"Organization\",\"@id\":\"https:\/\/www.miomiorun.com\/fr\/#organization\",\"name\":\"MioMio Run\",\"url\":\"https:\/\/www.miomiorun.com\/fr\/\",\"logo\":{\"@type\":\"ImageObject\",\"inLanguage\":\"fr-FR\",\"@id\":\"https:\/\/www.miomiorun.com\/fr\/#\/schema\/logo\/image\/\",\"url\":\"https:\/\/www.miomiorun.com\/app\/uploads\/2019\/12\/logomio.png\",\"contentUrl\":\"https:\/\/www.miomiorun.com\/app\/uploads\/2019\/12\/logomio.png\",\"width\":115,\"height\":82,\"caption\":\"MioMio Run\"},\"image\":{\"@id\":\"https:\/\/www.miomiorun.com\/fr\/#\/schema\/logo\/image\/\"},\"sameAs\":[\"https:\/\/www.facebook.com\/miomiorun\/\",\"https:\/\/www.instagram.com\/miomiorun\/\"]}]}<\/script>\n<!-- \/ Yoast SEO plugin. -->","yoast_head_json":{"title":"Leki Prc Premium gloves - Gants d'hiver - MioMioRun.com","description":"Le PRC Premium est l'alli\u00e9 id\u00e9al de tout skieur de fond ambitieux. La paume est fabriqu\u00e9e en cuir de ch\u00e8vre tr\u00e8s souple et de haute qualit\u00e9 \u00e0 100 %.","robots":{"index":"index","follow":"follow","max-snippet":"max-snippet:-1","max-image-preview":"max-image-preview:large","max-video-preview":"max-video-preview:-1"},"canonical":"https:\/\/www.miomiorun.com\/fr\/produit\/prc-premium-gloves\/","og_locale":"fr_FR","og_type":"article","og_title":"Leki Prc Premium gloves - Gants d'hiver - MioMioRun.com","og_description":"Le PRC Premium est l'alli\u00e9 id\u00e9al de tout skieur de fond ambitieux. La paume est fabriqu\u00e9e en cuir de ch\u00e8vre tr\u00e8s souple et de haute qualit\u00e9 \u00e0 100 %.","og_url":"https:\/\/www.miomiorun.com\/fr\/produit\/prc-premium-gloves\/","og_site_name":"MioMioRun","article_publisher":"https:\/\/www.facebook.com\/miomiorun\/","article_modified_time":"2026-05-08T19:36:41+00:00","og_image":[{"width":600,"height":600,"url":"https:\/\/www.miomiorun.com\/app\/uploads\/2023\/01\/leki-prc-premium-black-sand-652910301.jpg","type":"image\/jpeg"}],"twitter_card":"summary_large_image","twitter_misc":{"Est. reading time":"1 minute"},"schema":{"@context":"https:\/\/schema.org","@graph":[{"@type":"WebPage","@id":"https:\/\/www.miomiorun.com\/fr\/produit\/prc-premium-gloves\/","url":"https:\/\/www.miomiorun.com\/fr\/produit\/prc-premium-gloves\/","name":"Leki Prc Premium gloves - Gants d'hiver - MioMioRun.com","isPartOf":{"@id":"https:\/\/www.miomiorun.com\/fr\/#website"},"primaryImageOfPage":{"@id":"https:\/\/www.miomiorun.com\/fr\/produit\/prc-premium-gloves\/#primaryimage"},"image":{"@id":"https:\/\/www.miomiorun.com\/fr\/produit\/prc-premium-gloves\/#primaryimage"},"thumbnailUrl":"https:\/\/www.miomiorun.com\/app\/uploads\/2023\/01\/leki-prc-premium-black-sand-652910301.jpg","datePublished":"2023-01-12T13:16:17+00:00","dateModified":"2026-05-08T19:36:41+00:00","description":"Le PRC Premium est l'alli\u00e9 id\u00e9al de tout skieur de fond ambitieux. La paume est fabriqu\u00e9e en cuir de ch\u00e8vre tr\u00e8s souple et de haute qualit\u00e9 \u00e0 100 %.","breadcrumb":{"@id":"https:\/\/www.miomiorun.com\/fr\/produit\/prc-premium-gloves\/#breadcrumb"},"inLanguage":"fr-FR","potentialAction":[{"@type":"ReadAction","target":["https:\/\/www.miomiorun.com\/fr\/produit\/prc-premium-gloves\/"]}]},{"@type":"ImageObject","inLanguage":"fr-FR","@id":"https:\/\/www.miomiorun.com\/fr\/produit\/prc-premium-gloves\/#primaryimage","url":"https:\/\/www.miomiorun.com\/app\/uploads\/2023\/01\/leki-prc-premium-black-sand-652910301.jpg","contentUrl":"https:\/\/www.miomiorun.com\/app\/uploads\/2023\/01\/leki-prc-premium-black-sand-652910301.jpg","width":600,"height":600,"caption":"leki-prc-premium-black-sand-652910301"},{"@type":"BreadcrumbList","@id":"https:\/\/www.miomiorun.com\/fr\/produit\/prc-premium-gloves\/#breadcrumb","itemListElement":[{"@type":"ListItem","position":1,"name":"Home","item":"https:\/\/www.miomiorun.com\/fr\/home-page\/"},{"@type":"ListItem","position":2,"name":"Shop","item":"https:\/\/www.miomiorun.com\/shop\/"},{"@type":"ListItem","position":3,"name":"Prc Premium gloves"}]},{"@type":"WebSite","@id":"https:\/\/www.miomiorun.com\/fr\/#website","url":"https:\/\/www.miomiorun.com\/fr\/","name":"MioMioRun","description":"Boutique 100% running et trail","publisher":{"@id":"https:\/\/www.miomiorun.com\/fr\/#organization"},"potentialAction":[{"@type":"SearchAction","target":{"@type":"EntryPoint","urlTemplate":"https:\/\/www.miomiorun.com\/fr\/?s={search_term_string}"},"query-input":{"@type":"PropertyValueSpecification","valueRequired":true,"valueName":"search_term_string"}}],"inLanguage":"fr-FR"},{"@type":"Organization","@id":"https:\/\/www.miomiorun.com\/fr\/#organization","name":"MioMio Run","url":"https:\/\/www.miomiorun.com\/fr\/","logo":{"@type":"ImageObject","inLanguage":"fr-FR","@id":"https:\/\/www.miomiorun.com\/fr\/#\/schema\/logo\/image\/","url":"https:\/\/www.miomiorun.com\/app\/uploads\/2019\/12\/logomio.png","contentUrl":"https:\/\/www.miomiorun.com\/app\/uploads\/2019\/12\/logomio.png","width":115,"height":82,"caption":"MioMio Run"},"image":{"@id":"https:\/\/www.miomiorun.com\/fr\/#\/schema\/logo\/image\/"},"sameAs":["https:\/\/www.facebook.com\/miomiorun\/","https:\/\/www.instagram.com\/miomiorun\/"]}]}},"_links":{"self":[{"href":"https:\/\/www.miomiorun.com\/fr\/wp-json\/wp\/v2\/product\/284954","targetHints":{"allow":["GET"]}}],"collection":[{"href":"https:\/\/www.miomiorun.com\/fr\/wp-json\/wp\/v2\/product"}],"about":[{"href":"https:\/\/www.miomiorun.com\/fr\/wp-json\/wp\/v2\/types\/product"}],"wp:featuredmedia":[{"embeddable":true,"href":"https:\/\/www.miomiorun.com\/fr\/wp-json\/wp\/v2\/media\/239164"}],"wp:attachment":[{"href":"https:\/\/www.miomiorun.com\/fr\/wp-json\/wp\/v2\/media?parent=284954"}],"wp:term":[{"taxonomy":"product_brand","embeddable":true,"href":"https:\/\/www.miomiorun.com\/fr\/wp-json\/wp\/v2\/product_brand?post=284954"},{"taxonomy":"product_cat","embeddable":true,"href":"https:\/\/www.miomiorun.com\/fr\/wp-json\/wp\/v2\/product_cat?post=284954"},{"taxonomy":"product_tag","embeddable":true,"href":"https:\/\/www.miomiorun.com\/fr\/wp-json\/wp\/v2\/product_tag?post=284954"}],"curies":[{"name":"wp","href":"https:\/\/api.w.org\/{rel}","templated":true}]}}