{"id":284951,"date":"2023-01-17T10:54:37","date_gmt":"2023-01-17T09:54:37","guid":{"rendered":"https:\/\/miomiorun.com\/prodotto\/ru4-endurance-donna\/"},"modified":"2025-09-15T18:19:07","modified_gmt":"2025-09-15T16:19:07","slug":"ru4-endurance-femme","status":"publish","type":"product","link":"https:\/\/www.miomiorun.com\/fr\/produit\/ru4-endurance-femme\/","title":{"rendered":"RU4 endurance femme"},"content":{"rendered":"<p><div class=\"vc-row container\"><div class=\"vc-column\"><div class=\"vc-column-text\"><\/p>\n<div class=\"product-section product-detailed-page__section product-detailed-page__section--details\">\n<div class=\"product-section__content\">\n<div class=\"product-section product-detailed-page__section product-detailed-page__section--details\">\n<div>\n<div>\n<div class=\"product-section__content\">\n<div class=\"product-features\">\n<ul class=\"product-features__list\">\n<li class=\"product-features__item\">Chaussettes de course l\u00e9g\u00e8res avec rembourrage moyen<\/li>\n<li class=\"product-features__item\">Structure respirante \u00e0 3 couches, pour garder les pieds au sec et \u00e9viter la formation d&#8217;ampoules<\/li>\n<li class=\"product-features__item\">Ajustement optimal adapt\u00e9 aux exigences sp\u00e9cifiques des pieds droit et gauche (v\u00e9ritable pied L\/R)<\/li>\n<li class=\"product-features__item\">Tissu en coton m\u00e9lang\u00e9 \u00e0 absorption ultra rapide de l&#8217;humidit\u00e9<\/li>\n<li class=\"product-features__item\">Rembourrage moyen qui assure un confort optimal et prot\u00e8ge la zone la plus sollicit\u00e9e<\/li>\n<li class=\"product-features__item\">Coupe sp\u00e9cifique pour les pieds f\u00e9minins plus \u00e9troits<\/li>\n<\/ul>\n<\/div>\n<\/div>\n<\/div>\n<\/div>\n<\/div>\n<div class=\"product-section product-detailed-page__section product-detailed-page__section--description\">\n<div>\n<div>\n<div class=\"product-section__content\">\n<div class=\"product-description\">\n<div class=\"product-description__content\">Gr\u00e2ce \u00e0 son rembourrage moyen, la RU4 pour femmes est notre chaussette polyvalente qui garantit une protection ad\u00e9quate avec un amorti moyen et un bon contact avec la chaussure. De plus, le rembourrage pr\u00e9vient l&#8217;apparition d&#8217;ampoules en r\u00e9duisant les zones de pression. Le transport efficace de l&#8217;humidit\u00e9 et l&#8217;ajustement parfait garantissent des moments sportifs agr\u00e9ables lors du jogging.<\/div>\n<\/div>\n<\/div>\n<\/div>\n<\/div>\n<\/div>\n<\/div>\n<\/div>\n<p><\/div><\/div><\/div><div class=\"vc-row container\"><div class=\"vc-column\"><div class=\"vc-column-text\"><\/p>\n<div class=\"product-functional-symbols__image-container\"><img decoding=\"async\" class=\"product-functional-symbols__image aligncenter\" src=\"https:\/\/www.falke.com\/it_it\/9dd393d722265eb755772abd698b837041098075\/assets\/base\/staticImages\/functionalsymbols\/icon_feuchtigkeitsregulierend.svg\" \/><\/div>\n<div class=\"product-functional-symbols__name\" style=\"text-align: center\">R\u00e9gule l&#8217;humidit\u00e9<\/div>\n<p><\/div><\/div><div class=\"vc-column\"><div class=\"vc-column-text\"><\/p>\n<div class=\"product-functional-symbols__image-container\"><\/div>\n<div class=\"product-functional-symbols__tooltip\">\n<div class=\"product-functional-symbols__tooltip-content\"><img decoding=\"async\" class=\"aligncenter\" src=\"https:\/\/www.falke.com\/it_it\/7006739c057511fa4f65afdfc9ac5b6e0a4be113\/assets\/base\/staticImages\/functionalsymbols\/icon_schnellste_ruecktrocknung.svg\" \/><\/div>\n<div style=\"text-align: center\">S\u00e9chage plus rapide<\/div>\n<\/div>\n<p><\/div><\/div><div class=\"vc-column\"><div class=\"vc-column-text\"><img decoding=\"async\" class=\"product-functional-symbols__image\" src=\"https:\/\/www.falke.com\/it_it\/c5c163f4c436a6d5cac26cfd6ed02ad465473f2a\/assets\/base\/staticImages\/functionalsymbols\/icon_daempfende-wirkung.svg\" \/><\/p>\n<p>Effet amortissant<\/div> <\/div><\/div><div class=\"vc-row container\"><div class=\"vc-column\"><div class=\"vc-column-text\"><strong>Mat\u00e9riau<\/strong> : 42 % coton, 36 % polypropyl\u00e8ne, 21 % polyamide, 1 % \u00e9lasthanne<\/p>\n<p><strong>Longueur de la tige<\/strong> : mollet<\/p>\n<p><strong>Rembourrage<\/strong> : Moyen-\u00e9pais .<\/p>\n<p><strong>Coupe :<\/strong> Anatomique .<\/p>\n<p><strong>Semelle<\/strong> : Normale .<\/p>\n<p><strong>Look<\/strong> : Sportif .<\/div><\/div><\/div><\/p>\n","protected":false},"excerpt":{"rendered":"","protected":false},"featured_media":239170,"template":"","meta":{"_acf_changed":false,"inline_featured_image":false},"product_brand":[],"product_cat":[22597,22596],"product_tag":[23482,23493],"class_list":{"0":"post-284951","1":"product","2":"type-product","3":"status-publish","4":"has-post-thumbnail","6":"product_cat-chaussettes","7":"product_cat-vetements-pour-femmes","8":"product_tag-falke-fr","9":"product_tag-falke-femme","10":"pa_attivita-marcher","11":"pa_attivita-outdoor-fr","12":"pa_attivita-running-fr","13":"pa_attivita-trail-fr","14":"pa_colore-ru4-lr-w-radiant-orchid-fr","15":"pa_marca-falke-fr","16":"pa_sesso-femme","17":"pa_size-39-40-fr","18":"pa_size-41-42-fr","20":"first","21":"instock","22":"sale","23":"taxable","24":"shipping-taxable","25":"purchasable","26":"product-type-variable","27":"wvs-archive-product-wrapper"},"acf":[],"yoast_head":"<!-- This site is optimized with the Yoast SEO plugin v26.8 - https:\/\/yoast.com\/product\/yoast-seo-wordpress\/ -->\n<title>Falke RU4 endurance femme - chaussettes Course \u00e0 pied - MioMioRun.com<\/title>\n<meta name=\"description\" content=\"Gr\u00e2ce \u00e0 son rembourrage moyen, la RU4 pour femmes est notre chaussette polyvalente qui offre une protection ad\u00e9quate avec un amorti moyen.\" \/>\n<meta name=\"robots\" content=\"index, follow, max-snippet:-1, max-image-preview:large, max-video-preview:-1\" \/>\n<link rel=\"canonical\" href=\"https:\/\/www.miomiorun.com\/fr\/produit\/ru4-endurance-femme\/\" \/>\n<meta property=\"og:locale\" content=\"fr_FR\" \/>\n<meta property=\"og:type\" content=\"article\" \/>\n<meta property=\"og:title\" content=\"Falke RU4 endurance femme - chaussettes Course \u00e0 pied - MioMioRun.com\" \/>\n<meta property=\"og:description\" content=\"Gr\u00e2ce \u00e0 son rembourrage moyen, la RU4 pour femmes est notre chaussette polyvalente qui offre une protection ad\u00e9quate avec un amorti moyen.\" \/>\n<meta property=\"og:url\" content=\"https:\/\/www.miomiorun.com\/fr\/produit\/ru4-endurance-femme\/\" \/>\n<meta property=\"og:site_name\" content=\"MioMioRun\" \/>\n<meta property=\"article:publisher\" content=\"https:\/\/www.facebook.com\/miomiorun\/\" \/>\n<meta property=\"article:modified_time\" content=\"2025-09-15T16:19:07+00:00\" \/>\n<meta property=\"og:image\" content=\"https:\/\/www.miomiorun.com\/app\/uploads\/2023\/01\/falke-ru4-LR-W-radiant-orchid-16273-8692.jpg\" \/>\n\t<meta property=\"og:image:width\" content=\"600\" \/>\n\t<meta property=\"og:image:height\" content=\"600\" \/>\n\t<meta property=\"og:image:type\" content=\"image\/jpeg\" \/>\n<meta name=\"twitter:card\" content=\"summary_large_image\" \/>\n<meta name=\"twitter:label1\" content=\"Est. reading time\" \/>\n\t<meta name=\"twitter:data1\" content=\"1 minute\" \/>\n<script type=\"application\/ld+json\" class=\"yoast-schema-graph\">{\"@context\":\"https:\/\/schema.org\",\"@graph\":[{\"@type\":\"WebPage\",\"@id\":\"https:\/\/www.miomiorun.com\/fr\/produit\/ru4-endurance-femme\/\",\"url\":\"https:\/\/www.miomiorun.com\/fr\/produit\/ru4-endurance-femme\/\",\"name\":\"Falke RU4 endurance femme - chaussettes Course \u00e0 pied - MioMioRun.com\",\"isPartOf\":{\"@id\":\"https:\/\/www.miomiorun.com\/fr\/#website\"},\"primaryImageOfPage\":{\"@id\":\"https:\/\/www.miomiorun.com\/fr\/produit\/ru4-endurance-femme\/#primaryimage\"},\"image\":{\"@id\":\"https:\/\/www.miomiorun.com\/fr\/produit\/ru4-endurance-femme\/#primaryimage\"},\"thumbnailUrl\":\"https:\/\/www.miomiorun.com\/app\/uploads\/2023\/01\/falke-ru4-LR-W-radiant-orchid-16273-8692.jpg\",\"datePublished\":\"2023-01-17T09:54:37+00:00\",\"dateModified\":\"2025-09-15T16:19:07+00:00\",\"description\":\"Gr\u00e2ce \u00e0 son rembourrage moyen, la RU4 pour femmes est notre chaussette polyvalente qui offre une protection ad\u00e9quate avec un amorti moyen.\",\"breadcrumb\":{\"@id\":\"https:\/\/www.miomiorun.com\/fr\/produit\/ru4-endurance-femme\/#breadcrumb\"},\"inLanguage\":\"fr-FR\",\"potentialAction\":[{\"@type\":\"ReadAction\",\"target\":[\"https:\/\/www.miomiorun.com\/fr\/produit\/ru4-endurance-femme\/\"]}]},{\"@type\":\"ImageObject\",\"inLanguage\":\"fr-FR\",\"@id\":\"https:\/\/www.miomiorun.com\/fr\/produit\/ru4-endurance-femme\/#primaryimage\",\"url\":\"https:\/\/www.miomiorun.com\/app\/uploads\/2023\/01\/falke-ru4-LR-W-radiant-orchid-16273-8692.jpg\",\"contentUrl\":\"https:\/\/www.miomiorun.com\/app\/uploads\/2023\/01\/falke-ru4-LR-W-radiant-orchid-16273-8692.jpg\",\"width\":600,\"height\":600,\"caption\":\"falke-ru4-L&R-W-radiant-orchid-16273-8692\"},{\"@type\":\"BreadcrumbList\",\"@id\":\"https:\/\/www.miomiorun.com\/fr\/produit\/ru4-endurance-femme\/#breadcrumb\",\"itemListElement\":[{\"@type\":\"ListItem\",\"position\":1,\"name\":\"Home\",\"item\":\"https:\/\/www.miomiorun.com\/fr\/home-page\/\"},{\"@type\":\"ListItem\",\"position\":2,\"name\":\"Shop\",\"item\":\"https:\/\/www.miomiorun.com\/shop\/\"},{\"@type\":\"ListItem\",\"position\":3,\"name\":\"RU4 endurance femme\"}]},{\"@type\":\"WebSite\",\"@id\":\"https:\/\/www.miomiorun.com\/fr\/#website\",\"url\":\"https:\/\/www.miomiorun.com\/fr\/\",\"name\":\"MioMioRun\",\"description\":\"Boutique 100% running et trail\",\"publisher\":{\"@id\":\"https:\/\/www.miomiorun.com\/fr\/#organization\"},\"potentialAction\":[{\"@type\":\"SearchAction\",\"target\":{\"@type\":\"EntryPoint\",\"urlTemplate\":\"https:\/\/www.miomiorun.com\/fr\/?s={search_term_string}\"},\"query-input\":{\"@type\":\"PropertyValueSpecification\",\"valueRequired\":true,\"valueName\":\"search_term_string\"}}],\"inLanguage\":\"fr-FR\"},{\"@type\":\"Organization\",\"@id\":\"https:\/\/www.miomiorun.com\/fr\/#organization\",\"name\":\"MioMio Run\",\"url\":\"https:\/\/www.miomiorun.com\/fr\/\",\"logo\":{\"@type\":\"ImageObject\",\"inLanguage\":\"fr-FR\",\"@id\":\"https:\/\/www.miomiorun.com\/fr\/#\/schema\/logo\/image\/\",\"url\":\"https:\/\/www.miomiorun.com\/app\/uploads\/2019\/12\/logomio.png\",\"contentUrl\":\"https:\/\/www.miomiorun.com\/app\/uploads\/2019\/12\/logomio.png\",\"width\":115,\"height\":82,\"caption\":\"MioMio Run\"},\"image\":{\"@id\":\"https:\/\/www.miomiorun.com\/fr\/#\/schema\/logo\/image\/\"},\"sameAs\":[\"https:\/\/www.facebook.com\/miomiorun\/\",\"https:\/\/www.instagram.com\/miomiorun\/\"]}]}<\/script>\n<!-- \/ Yoast SEO plugin. -->","yoast_head_json":{"title":"Falke RU4 endurance femme - chaussettes Course \u00e0 pied - MioMioRun.com","description":"Gr\u00e2ce \u00e0 son rembourrage moyen, la RU4 pour femmes est notre chaussette polyvalente qui offre une protection ad\u00e9quate avec un amorti moyen.","robots":{"index":"index","follow":"follow","max-snippet":"max-snippet:-1","max-image-preview":"max-image-preview:large","max-video-preview":"max-video-preview:-1"},"canonical":"https:\/\/www.miomiorun.com\/fr\/produit\/ru4-endurance-femme\/","og_locale":"fr_FR","og_type":"article","og_title":"Falke RU4 endurance femme - chaussettes Course \u00e0 pied - MioMioRun.com","og_description":"Gr\u00e2ce \u00e0 son rembourrage moyen, la RU4 pour femmes est notre chaussette polyvalente qui offre une protection ad\u00e9quate avec un amorti moyen.","og_url":"https:\/\/www.miomiorun.com\/fr\/produit\/ru4-endurance-femme\/","og_site_name":"MioMioRun","article_publisher":"https:\/\/www.facebook.com\/miomiorun\/","article_modified_time":"2025-09-15T16:19:07+00:00","og_image":[{"width":600,"height":600,"url":"https:\/\/www.miomiorun.com\/app\/uploads\/2023\/01\/falke-ru4-LR-W-radiant-orchid-16273-8692.jpg","type":"image\/jpeg"}],"twitter_card":"summary_large_image","twitter_misc":{"Est. reading time":"1 minute"},"schema":{"@context":"https:\/\/schema.org","@graph":[{"@type":"WebPage","@id":"https:\/\/www.miomiorun.com\/fr\/produit\/ru4-endurance-femme\/","url":"https:\/\/www.miomiorun.com\/fr\/produit\/ru4-endurance-femme\/","name":"Falke RU4 endurance femme - chaussettes Course \u00e0 pied - MioMioRun.com","isPartOf":{"@id":"https:\/\/www.miomiorun.com\/fr\/#website"},"primaryImageOfPage":{"@id":"https:\/\/www.miomiorun.com\/fr\/produit\/ru4-endurance-femme\/#primaryimage"},"image":{"@id":"https:\/\/www.miomiorun.com\/fr\/produit\/ru4-endurance-femme\/#primaryimage"},"thumbnailUrl":"https:\/\/www.miomiorun.com\/app\/uploads\/2023\/01\/falke-ru4-LR-W-radiant-orchid-16273-8692.jpg","datePublished":"2023-01-17T09:54:37+00:00","dateModified":"2025-09-15T16:19:07+00:00","description":"Gr\u00e2ce \u00e0 son rembourrage moyen, la RU4 pour femmes est notre chaussette polyvalente qui offre une protection ad\u00e9quate avec un amorti moyen.","breadcrumb":{"@id":"https:\/\/www.miomiorun.com\/fr\/produit\/ru4-endurance-femme\/#breadcrumb"},"inLanguage":"fr-FR","potentialAction":[{"@type":"ReadAction","target":["https:\/\/www.miomiorun.com\/fr\/produit\/ru4-endurance-femme\/"]}]},{"@type":"ImageObject","inLanguage":"fr-FR","@id":"https:\/\/www.miomiorun.com\/fr\/produit\/ru4-endurance-femme\/#primaryimage","url":"https:\/\/www.miomiorun.com\/app\/uploads\/2023\/01\/falke-ru4-LR-W-radiant-orchid-16273-8692.jpg","contentUrl":"https:\/\/www.miomiorun.com\/app\/uploads\/2023\/01\/falke-ru4-LR-W-radiant-orchid-16273-8692.jpg","width":600,"height":600,"caption":"falke-ru4-L&R-W-radiant-orchid-16273-8692"},{"@type":"BreadcrumbList","@id":"https:\/\/www.miomiorun.com\/fr\/produit\/ru4-endurance-femme\/#breadcrumb","itemListElement":[{"@type":"ListItem","position":1,"name":"Home","item":"https:\/\/www.miomiorun.com\/fr\/home-page\/"},{"@type":"ListItem","position":2,"name":"Shop","item":"https:\/\/www.miomiorun.com\/shop\/"},{"@type":"ListItem","position":3,"name":"RU4 endurance femme"}]},{"@type":"WebSite","@id":"https:\/\/www.miomiorun.com\/fr\/#website","url":"https:\/\/www.miomiorun.com\/fr\/","name":"MioMioRun","description":"Boutique 100% running et trail","publisher":{"@id":"https:\/\/www.miomiorun.com\/fr\/#organization"},"potentialAction":[{"@type":"SearchAction","target":{"@type":"EntryPoint","urlTemplate":"https:\/\/www.miomiorun.com\/fr\/?s={search_term_string}"},"query-input":{"@type":"PropertyValueSpecification","valueRequired":true,"valueName":"search_term_string"}}],"inLanguage":"fr-FR"},{"@type":"Organization","@id":"https:\/\/www.miomiorun.com\/fr\/#organization","name":"MioMio Run","url":"https:\/\/www.miomiorun.com\/fr\/","logo":{"@type":"ImageObject","inLanguage":"fr-FR","@id":"https:\/\/www.miomiorun.com\/fr\/#\/schema\/logo\/image\/","url":"https:\/\/www.miomiorun.com\/app\/uploads\/2019\/12\/logomio.png","contentUrl":"https:\/\/www.miomiorun.com\/app\/uploads\/2019\/12\/logomio.png","width":115,"height":82,"caption":"MioMio Run"},"image":{"@id":"https:\/\/www.miomiorun.com\/fr\/#\/schema\/logo\/image\/"},"sameAs":["https:\/\/www.facebook.com\/miomiorun\/","https:\/\/www.instagram.com\/miomiorun\/"]}]}},"_links":{"self":[{"href":"https:\/\/www.miomiorun.com\/fr\/wp-json\/wp\/v2\/product\/284951","targetHints":{"allow":["GET"]}}],"collection":[{"href":"https:\/\/www.miomiorun.com\/fr\/wp-json\/wp\/v2\/product"}],"about":[{"href":"https:\/\/www.miomiorun.com\/fr\/wp-json\/wp\/v2\/types\/product"}],"wp:featuredmedia":[{"embeddable":true,"href":"https:\/\/www.miomiorun.com\/fr\/wp-json\/wp\/v2\/media\/239170"}],"wp:attachment":[{"href":"https:\/\/www.miomiorun.com\/fr\/wp-json\/wp\/v2\/media?parent=284951"}],"wp:term":[{"taxonomy":"product_brand","embeddable":true,"href":"https:\/\/www.miomiorun.com\/fr\/wp-json\/wp\/v2\/product_brand?post=284951"},{"taxonomy":"product_cat","embeddable":true,"href":"https:\/\/www.miomiorun.com\/fr\/wp-json\/wp\/v2\/product_cat?post=284951"},{"taxonomy":"product_tag","embeddable":true,"href":"https:\/\/www.miomiorun.com\/fr\/wp-json\/wp\/v2\/product_tag?post=284951"}],"curies":[{"name":"wp","href":"https:\/\/api.w.org\/{rel}","templated":true}]}}