{"id":284671,"date":"2023-02-03T19:09:23","date_gmt":"2023-02-03T18:09:23","guid":{"rendered":"https:\/\/miomiorun.com\/prodotto\/ride-15-bambina\/"},"modified":"2025-08-24T17:13:55","modified_gmt":"2025-08-24T15:13:55","slug":"ride-15-fille","status":"publish","type":"product","link":"https:\/\/www.miomiorun.com\/fr\/produit\/ride-15-fille\/","title":{"rendered":"Ride 15 fille"},"content":{"rendered":"<div class=\"vc-row container\"><div class=\"vc-column\"><div class=\"vc-column-text\"><\/p>\n<h4>Caract\u00e9ristiques techniques<\/h4>\n<p>Cat\u00e9gorie : Amorti structur\u00e9<br \/>\nD\u00e9calage : 8mm<br \/>\nId\u00e9al pour : les jeunes filles qui ont besoin d&#8217;une chaussure avec un bon amorti et une bonne structure. Id\u00e9ale pour les premi\u00e8res approches de l&#8217;activit\u00e9 sportive ou pour les filles qui sont d\u00e9j\u00e0 enclines \u00e0 s&#8217;attaquer \u00e0 des distances moyennes \u00e0 longues.<br \/>\n<a href=\"https:\/\/miomiorun.com\/fr\/guide-des-specificites\/\">Guide des sp\u00e9cifications<\/a><\/p>\n<p><\/div><\/div><div class=\"vc-column\"><div class=\"vc-column-text\"><\/p>\n<div class=\"bfx-product-desc col-xs-12 col-md-6\">\n<div class=\"description\">\n<div class=\"description\">Et voici la nouvelle <strong>Ride 15<\/strong> pour filles, le mod\u00e8le de course \u00e0 pied pr\u00e9f\u00e9r\u00e9 des tout-petits, qui pr\u00e9sente une tige d&#8217;une seule pi\u00e8ce, l\u00e9g\u00e8re et respirante, mais renforc\u00e9e par un embout durable.<\/div>\n<div class=\"description\">L&#8217;assise plantaire moul\u00e9e <strong>FORMFIT<\/strong> augmente consid\u00e9rablement le confort sous le pied.<\/div>\n<div><strong>CARACT\u00c9RISTIQUES ET AVANTAGES<\/strong><\/div>\n<ul>\n<li>Tige monobloc l\u00e9g\u00e8re et respirante<\/li>\n<li>Coussin d&#8217;air l\u00e9ger <strong>PWRRUN<\/strong><\/li>\n<li>Fermeture traditionnelle \u00e0 lacets<\/li>\n<li>Application d&#8217;un mat\u00e9riau sans couture pour une sensation de l\u00e9g\u00e8ret\u00e9, de souplesse et d&#8217;absence de couture<\/li>\n<li>Doublure anti-odeurs pour r\u00e9duire les odeurs<\/li>\n<li>Doublure en <strong>PET<\/strong> 100 % recycl\u00e9<\/li>\n<li>Pointe renforc\u00e9e pour une plus grande durabilit\u00e9<\/li>\n<li>Assise plantaire moul\u00e9e <strong>FORMFIT<\/strong><\/li>\n<li>Semelle ext\u00e9rieure en caoutchouc non marquant pour la durabilit\u00e9<\/li>\n<\/ul>\n<\/div>\n<\/div>\n<p><\/div><\/div><\/div>\n","protected":false},"excerpt":{"rendered":"<ul>\n<li>Coussinets l\u00e9gers PWRRUN<\/li>\n<li>Fermeture traditionnelle \u00e0 lacets<\/li>\n<li>Application du mat\u00e9riau sans couture pour une sensation de l\u00e9g\u00e8ret\u00e9, de souplesse et d&#8217;absence de coutures<\/li>\n<\/ul>\n","protected":false},"featured_media":239643,"template":"","meta":{"_acf_changed":false,"inline_featured_image":false},"product_brand":[],"product_cat":[22593,22590],"product_tag":[23579,24184],"class_list":{"0":"post-284671","1":"product","2":"type-product","3":"status-publish","4":"has-post-thumbnail","6":"product_cat-chaussures-pour-filles","7":"product_cat-enfant","8":"product_tag-saucony-fr","9":"product_tag-saucony-fille","10":"pa_attivita-fitness-fr","11":"pa_attivita-lifestyle-fr","12":"pa_attivita-marcher","13":"pa_attivita-running-fr","14":"pa_colore-ride-15-kdz-mauve-indigo-fr","15":"pa_colore-ride-15-white-green-fr","16":"pa_marca-saucony-fr","17":"pa_sesso-femme","18":"pa_size-35-5-fr","19":"pa_size-36-5-fr","21":"first","22":"instock","23":"sale","24":"taxable","25":"shipping-taxable","26":"purchasable","27":"product-type-variable","28":"wvs-archive-product-wrapper"},"acf":[],"yoast_head":"<!-- This site is optimized with the Yoast SEO plugin v26.8 - https:\/\/yoast.com\/product\/yoast-seo-wordpress\/ -->\n<title>SauconyRide 15 fille - chaussures de course - MioMioRun<\/title>\n<meta name=\"description\" content=\"Et voici la nouvelle Ride 15 pour filles, le mod\u00e8le de course \u00e0 pied pr\u00e9f\u00e9r\u00e9 m\u00eame des tout-petits, qui pr\u00e9sente une tige d&#039;une seule pi\u00e8ce, l\u00e9g\u00e8re et respirante.\" \/>\n<meta name=\"robots\" content=\"index, follow, max-snippet:-1, max-image-preview:large, max-video-preview:-1\" \/>\n<link rel=\"canonical\" href=\"https:\/\/www.miomiorun.com\/fr\/produit\/ride-15-fille\/\" \/>\n<meta property=\"og:locale\" content=\"fr_FR\" \/>\n<meta property=\"og:type\" content=\"article\" \/>\n<meta property=\"og:title\" content=\"SauconyRide 15 fille - chaussures de course - MioMioRun\" \/>\n<meta property=\"og:description\" content=\"Et voici la nouvelle Ride 15 pour filles, le mod\u00e8le de course \u00e0 pied pr\u00e9f\u00e9r\u00e9 m\u00eame des tout-petits, qui pr\u00e9sente une tige d&#039;une seule pi\u00e8ce, l\u00e9g\u00e8re et respirante.\" \/>\n<meta property=\"og:url\" content=\"https:\/\/www.miomiorun.com\/fr\/produit\/ride-15-fille\/\" \/>\n<meta property=\"og:site_name\" content=\"MioMioRun\" \/>\n<meta property=\"article:publisher\" content=\"https:\/\/www.facebook.com\/miomiorun\/\" \/>\n<meta property=\"article:modified_time\" content=\"2025-08-24T15:13:55+00:00\" \/>\n<meta property=\"og:image\" content=\"https:\/\/www.miomiorun.com\/app\/uploads\/2023\/03\/saucony-Ride-15-sundown-SK166072.jpg\" \/>\n\t<meta property=\"og:image:width\" content=\"600\" \/>\n\t<meta property=\"og:image:height\" content=\"600\" \/>\n\t<meta property=\"og:image:type\" content=\"image\/jpeg\" \/>\n<meta name=\"twitter:card\" content=\"summary_large_image\" \/>\n<meta name=\"twitter:label1\" content=\"Est. reading time\" \/>\n\t<meta name=\"twitter:data1\" content=\"1 minute\" \/>\n<script type=\"application\/ld+json\" class=\"yoast-schema-graph\">{\"@context\":\"https:\/\/schema.org\",\"@graph\":[{\"@type\":\"WebPage\",\"@id\":\"https:\/\/www.miomiorun.com\/fr\/produit\/ride-15-fille\/\",\"url\":\"https:\/\/www.miomiorun.com\/fr\/produit\/ride-15-fille\/\",\"name\":\"SauconyRide 15 fille - chaussures de course - MioMioRun\",\"isPartOf\":{\"@id\":\"https:\/\/www.miomiorun.com\/fr\/#website\"},\"primaryImageOfPage\":{\"@id\":\"https:\/\/www.miomiorun.com\/fr\/produit\/ride-15-fille\/#primaryimage\"},\"image\":{\"@id\":\"https:\/\/www.miomiorun.com\/fr\/produit\/ride-15-fille\/#primaryimage\"},\"thumbnailUrl\":\"https:\/\/www.miomiorun.com\/app\/uploads\/2023\/03\/saucony-Ride-15-sundown-SK166072.jpg\",\"datePublished\":\"2023-02-03T18:09:23+00:00\",\"dateModified\":\"2025-08-24T15:13:55+00:00\",\"description\":\"Et voici la nouvelle Ride 15 pour filles, le mod\u00e8le de course \u00e0 pied pr\u00e9f\u00e9r\u00e9 m\u00eame des tout-petits, qui pr\u00e9sente une tige d'une seule pi\u00e8ce, l\u00e9g\u00e8re et respirante.\",\"breadcrumb\":{\"@id\":\"https:\/\/www.miomiorun.com\/fr\/produit\/ride-15-fille\/#breadcrumb\"},\"inLanguage\":\"fr-FR\",\"potentialAction\":[{\"@type\":\"ReadAction\",\"target\":[\"https:\/\/www.miomiorun.com\/fr\/produit\/ride-15-fille\/\"]}]},{\"@type\":\"ImageObject\",\"inLanguage\":\"fr-FR\",\"@id\":\"https:\/\/www.miomiorun.com\/fr\/produit\/ride-15-fille\/#primaryimage\",\"url\":\"https:\/\/www.miomiorun.com\/app\/uploads\/2023\/03\/saucony-Ride-15-sundown-SK166072.jpg\",\"contentUrl\":\"https:\/\/www.miomiorun.com\/app\/uploads\/2023\/03\/saucony-Ride-15-sundown-SK166072.jpg\",\"width\":600,\"height\":600,\"caption\":\"saucony-Ride-15-sundown-SK166072\"},{\"@type\":\"BreadcrumbList\",\"@id\":\"https:\/\/www.miomiorun.com\/fr\/produit\/ride-15-fille\/#breadcrumb\",\"itemListElement\":[{\"@type\":\"ListItem\",\"position\":1,\"name\":\"Home\",\"item\":\"https:\/\/www.miomiorun.com\/fr\/home-page\/\"},{\"@type\":\"ListItem\",\"position\":2,\"name\":\"Shop\",\"item\":\"https:\/\/www.miomiorun.com\/shop\/\"},{\"@type\":\"ListItem\",\"position\":3,\"name\":\"Ride 15 fille\"}]},{\"@type\":\"WebSite\",\"@id\":\"https:\/\/www.miomiorun.com\/fr\/#website\",\"url\":\"https:\/\/www.miomiorun.com\/fr\/\",\"name\":\"MioMioRun\",\"description\":\"Boutique 100% running et trail\",\"publisher\":{\"@id\":\"https:\/\/www.miomiorun.com\/fr\/#organization\"},\"potentialAction\":[{\"@type\":\"SearchAction\",\"target\":{\"@type\":\"EntryPoint\",\"urlTemplate\":\"https:\/\/www.miomiorun.com\/fr\/?s={search_term_string}\"},\"query-input\":{\"@type\":\"PropertyValueSpecification\",\"valueRequired\":true,\"valueName\":\"search_term_string\"}}],\"inLanguage\":\"fr-FR\"},{\"@type\":\"Organization\",\"@id\":\"https:\/\/www.miomiorun.com\/fr\/#organization\",\"name\":\"MioMio Run\",\"url\":\"https:\/\/www.miomiorun.com\/fr\/\",\"logo\":{\"@type\":\"ImageObject\",\"inLanguage\":\"fr-FR\",\"@id\":\"https:\/\/www.miomiorun.com\/fr\/#\/schema\/logo\/image\/\",\"url\":\"https:\/\/www.miomiorun.com\/app\/uploads\/2019\/12\/logomio.png\",\"contentUrl\":\"https:\/\/www.miomiorun.com\/app\/uploads\/2019\/12\/logomio.png\",\"width\":115,\"height\":82,\"caption\":\"MioMio Run\"},\"image\":{\"@id\":\"https:\/\/www.miomiorun.com\/fr\/#\/schema\/logo\/image\/\"},\"sameAs\":[\"https:\/\/www.facebook.com\/miomiorun\/\",\"https:\/\/www.instagram.com\/miomiorun\/\"]}]}<\/script>\n<!-- \/ Yoast SEO plugin. -->","yoast_head_json":{"title":"SauconyRide 15 fille - chaussures de course - MioMioRun","description":"Et voici la nouvelle Ride 15 pour filles, le mod\u00e8le de course \u00e0 pied pr\u00e9f\u00e9r\u00e9 m\u00eame des tout-petits, qui pr\u00e9sente une tige d'une seule pi\u00e8ce, l\u00e9g\u00e8re et respirante.","robots":{"index":"index","follow":"follow","max-snippet":"max-snippet:-1","max-image-preview":"max-image-preview:large","max-video-preview":"max-video-preview:-1"},"canonical":"https:\/\/www.miomiorun.com\/fr\/produit\/ride-15-fille\/","og_locale":"fr_FR","og_type":"article","og_title":"SauconyRide 15 fille - chaussures de course - MioMioRun","og_description":"Et voici la nouvelle Ride 15 pour filles, le mod\u00e8le de course \u00e0 pied pr\u00e9f\u00e9r\u00e9 m\u00eame des tout-petits, qui pr\u00e9sente une tige d'une seule pi\u00e8ce, l\u00e9g\u00e8re et respirante.","og_url":"https:\/\/www.miomiorun.com\/fr\/produit\/ride-15-fille\/","og_site_name":"MioMioRun","article_publisher":"https:\/\/www.facebook.com\/miomiorun\/","article_modified_time":"2025-08-24T15:13:55+00:00","og_image":[{"width":600,"height":600,"url":"https:\/\/www.miomiorun.com\/app\/uploads\/2023\/03\/saucony-Ride-15-sundown-SK166072.jpg","type":"image\/jpeg"}],"twitter_card":"summary_large_image","twitter_misc":{"Est. reading time":"1 minute"},"schema":{"@context":"https:\/\/schema.org","@graph":[{"@type":"WebPage","@id":"https:\/\/www.miomiorun.com\/fr\/produit\/ride-15-fille\/","url":"https:\/\/www.miomiorun.com\/fr\/produit\/ride-15-fille\/","name":"SauconyRide 15 fille - chaussures de course - MioMioRun","isPartOf":{"@id":"https:\/\/www.miomiorun.com\/fr\/#website"},"primaryImageOfPage":{"@id":"https:\/\/www.miomiorun.com\/fr\/produit\/ride-15-fille\/#primaryimage"},"image":{"@id":"https:\/\/www.miomiorun.com\/fr\/produit\/ride-15-fille\/#primaryimage"},"thumbnailUrl":"https:\/\/www.miomiorun.com\/app\/uploads\/2023\/03\/saucony-Ride-15-sundown-SK166072.jpg","datePublished":"2023-02-03T18:09:23+00:00","dateModified":"2025-08-24T15:13:55+00:00","description":"Et voici la nouvelle Ride 15 pour filles, le mod\u00e8le de course \u00e0 pied pr\u00e9f\u00e9r\u00e9 m\u00eame des tout-petits, qui pr\u00e9sente une tige d'une seule pi\u00e8ce, l\u00e9g\u00e8re et respirante.","breadcrumb":{"@id":"https:\/\/www.miomiorun.com\/fr\/produit\/ride-15-fille\/#breadcrumb"},"inLanguage":"fr-FR","potentialAction":[{"@type":"ReadAction","target":["https:\/\/www.miomiorun.com\/fr\/produit\/ride-15-fille\/"]}]},{"@type":"ImageObject","inLanguage":"fr-FR","@id":"https:\/\/www.miomiorun.com\/fr\/produit\/ride-15-fille\/#primaryimage","url":"https:\/\/www.miomiorun.com\/app\/uploads\/2023\/03\/saucony-Ride-15-sundown-SK166072.jpg","contentUrl":"https:\/\/www.miomiorun.com\/app\/uploads\/2023\/03\/saucony-Ride-15-sundown-SK166072.jpg","width":600,"height":600,"caption":"saucony-Ride-15-sundown-SK166072"},{"@type":"BreadcrumbList","@id":"https:\/\/www.miomiorun.com\/fr\/produit\/ride-15-fille\/#breadcrumb","itemListElement":[{"@type":"ListItem","position":1,"name":"Home","item":"https:\/\/www.miomiorun.com\/fr\/home-page\/"},{"@type":"ListItem","position":2,"name":"Shop","item":"https:\/\/www.miomiorun.com\/shop\/"},{"@type":"ListItem","position":3,"name":"Ride 15 fille"}]},{"@type":"WebSite","@id":"https:\/\/www.miomiorun.com\/fr\/#website","url":"https:\/\/www.miomiorun.com\/fr\/","name":"MioMioRun","description":"Boutique 100% running et trail","publisher":{"@id":"https:\/\/www.miomiorun.com\/fr\/#organization"},"potentialAction":[{"@type":"SearchAction","target":{"@type":"EntryPoint","urlTemplate":"https:\/\/www.miomiorun.com\/fr\/?s={search_term_string}"},"query-input":{"@type":"PropertyValueSpecification","valueRequired":true,"valueName":"search_term_string"}}],"inLanguage":"fr-FR"},{"@type":"Organization","@id":"https:\/\/www.miomiorun.com\/fr\/#organization","name":"MioMio Run","url":"https:\/\/www.miomiorun.com\/fr\/","logo":{"@type":"ImageObject","inLanguage":"fr-FR","@id":"https:\/\/www.miomiorun.com\/fr\/#\/schema\/logo\/image\/","url":"https:\/\/www.miomiorun.com\/app\/uploads\/2019\/12\/logomio.png","contentUrl":"https:\/\/www.miomiorun.com\/app\/uploads\/2019\/12\/logomio.png","width":115,"height":82,"caption":"MioMio Run"},"image":{"@id":"https:\/\/www.miomiorun.com\/fr\/#\/schema\/logo\/image\/"},"sameAs":["https:\/\/www.facebook.com\/miomiorun\/","https:\/\/www.instagram.com\/miomiorun\/"]}]}},"_links":{"self":[{"href":"https:\/\/www.miomiorun.com\/fr\/wp-json\/wp\/v2\/product\/284671","targetHints":{"allow":["GET"]}}],"collection":[{"href":"https:\/\/www.miomiorun.com\/fr\/wp-json\/wp\/v2\/product"}],"about":[{"href":"https:\/\/www.miomiorun.com\/fr\/wp-json\/wp\/v2\/types\/product"}],"wp:featuredmedia":[{"embeddable":true,"href":"https:\/\/www.miomiorun.com\/fr\/wp-json\/wp\/v2\/media\/239643"}],"wp:attachment":[{"href":"https:\/\/www.miomiorun.com\/fr\/wp-json\/wp\/v2\/media?parent=284671"}],"wp:term":[{"taxonomy":"product_brand","embeddable":true,"href":"https:\/\/www.miomiorun.com\/fr\/wp-json\/wp\/v2\/product_brand?post=284671"},{"taxonomy":"product_cat","embeddable":true,"href":"https:\/\/www.miomiorun.com\/fr\/wp-json\/wp\/v2\/product_cat?post=284671"},{"taxonomy":"product_tag","embeddable":true,"href":"https:\/\/www.miomiorun.com\/fr\/wp-json\/wp\/v2\/product_tag?post=284671"}],"curies":[{"name":"wp","href":"https:\/\/api.w.org\/{rel}","templated":true}]}}