{"id":284562,"date":"2023-02-09T14:05:39","date_gmt":"2023-02-09T13:05:39","guid":{"rendered":"https:\/\/miomiorun.com\/prodotto\/crescendo-md\/"},"modified":"2026-05-08T21:36:18","modified_gmt":"2026-05-08T19:36:18","slug":"crescendo-md","status":"publish","type":"product","link":"https:\/\/www.miomiorun.com\/fr\/produit\/crescendo-md\/","title":{"rendered":"Crescendo MD"},"content":{"rendered":"<div class=\"vc-row container\"><div class=\"vc-column\"><div class=\"vc-column-text\"><\/p>\n<p><strong>Caract\u00e9ristiques techniques<\/strong><\/p>\n<p>Cat\u00e9gorie : piste<\/p>\n<p>Poids : 139 g<br \/>\nId\u00e9al pour : les athl\u00e8tes recherchant des chaussures \u00e0 crampons pour l&#8217;entra\u00eenement et les courses sur piste sur des distances allant jusqu&#8217;\u00e0 5000 m\u00e8tres, mais aussi pour la course de fond.<br \/>\nPoids de l&#8217;athl\u00e8te : 50-75 kg<br \/>\nAllure de course : rapide &lt; 3,30 min\/km<br \/>\n<a href=\"https:\/\/miomiorun.com\/fr\/guide-des-specificites\/\">Guide des sp\u00e9cifications<\/a><\/p>\n<p><\/div><\/div><div class=\"vc-column\"><div class=\"vc-column-text\"><\/p>\n<h3>Con\u00e7ue pour la vitesse. Amorti pour le confort.<\/h3>\n<p>Chaussure \u00e0 pointes d&#8217;<strong>entr\u00e9e de gamme<\/strong> avec plus d&#8217;amorti et de mousse dans la semelle interm\u00e9diaire que nos mod\u00e8les d&#8217;\u00e9lite, la <strong>Crescendo MD<\/strong> est con\u00e7ue pour la vitesse avec une plaque \u00e0 <strong>6 pointes<\/strong> et une tige en mesh monocouche pr\u00eate pour la course. Con\u00e7ue avec la semelle la plus \u00e9paisse que vous verrez sur la piste, ce mod\u00e8le d\u00e9riv\u00e9, id\u00e9al pour les d\u00e9butants, ne passera pas inaper\u00e7u sur la ligne de d\u00e9part de votre premi\u00e8re course de 4&#215;400 ou de 2 miles.<\/p>\n<h3>Caract\u00e9ristiques :<\/h3>\n<ul>\n<li class=\"feature-item\">Maille d&#8217;air respirante<\/li>\n<li class=\"feature-item\">Structure anatomique de la languette<\/li>\n<li class=\"feature-item\">EVA moul\u00e9 par compression<\/li>\n<li class=\"feature-item\">Plaque clout\u00e9e en Pebax<\/li>\n<li class=\"feature-item\">Mod\u00e8le v\u00e9g\u00e9talien<\/li>\n<\/ul>\n<h2>Stabilit\u00e9<\/h2>\n<p>Crescendo MD est dot\u00e9 d&#8217;un matelas sym\u00e9trique, sans technologie orthop\u00e9dique suppl\u00e9mentaire. Con\u00e7u pour vous apporter le soutien dont vous avez besoin, sans caract\u00e9ristiques superflues.<\/p>\n<h2>Amortissement<\/h2>\n<p>La Crescendo MD est dot\u00e9e d&#8217;un amorti \u00e0 profil bas qui maintient le pied plus pr\u00e8s du sol et utilise un mat\u00e9riau plus compact con\u00e7u pour rendre la pouss\u00e9e efficace.<\/div><\/div><\/div>\n","protected":false},"excerpt":{"rendered":"<ul class=\"m-unordered__list\">\n<li class=\"feature-item\">Air mesh respirant<\/li>\n<li class=\"feature-item\">Structure anatomique de la languette<\/li>\n<li class=\"feature-item\">EVA moul\u00e9 par compression<\/li>\n<\/ul>\n","protected":false},"featured_media":239575,"template":"","meta":{"_acf_changed":false,"inline_featured_image":false},"product_brand":[],"product_cat":[22605,24448,24447,22606],"product_tag":[23478,23494,23604],"class_list":{"0":"post-284562","1":"product","2":"type-product","3":"status-publish","4":"has-post-thumbnail","6":"product_cat-chaussures-pour-femmes","7":"product_cat-chaussures-pour-hommes-fr","8":"product_cat-neutre-fr-3","9":"product_cat-neutre","10":"product_tag-hoka-one-one-fr","11":"product_tag-hoka-femme","12":"product_tag-hoka-homme","13":"pa_attivita-running-fr","14":"pa_colore-crescendo-md-black-white-fr","15":"pa_colore-crescendo-md-ceramic-diva-blue-fr","16":"pa_marca-hoka-fr","17":"pa_sesso-femme","18":"pa_sesso-homme","19":"pa_size-38-fr","20":"pa_size-42-fr","21":"pa_size-44-fr","23":"pa_size-45-fr","25":"first","26":"instock","27":"sale","28":"taxable","29":"shipping-taxable","30":"purchasable","31":"product-type-variable","32":"wvs-archive-product-wrapper"},"acf":[],"yoast_head":"<!-- This site is optimized with the Yoast SEO plugin v26.8 - https:\/\/yoast.com\/product\/yoast-seo-wordpress\/ -->\n<title>Hoka one one Crescendo MD - Chaussures \u00e0 crampons - MioMioRun.com<\/title>\n<meta name=\"description\" content=\"Crescendo MD est dot\u00e9 d&#039;un lit sym\u00e9trique rembourr\u00e9, sans technologie orthop\u00e9dique suppl\u00e9mentaire. Con\u00e7u pour vous apporter le soutien dont vous avez besoin.\" \/>\n<meta name=\"robots\" content=\"index, follow, max-snippet:-1, max-image-preview:large, max-video-preview:-1\" \/>\n<link rel=\"canonical\" href=\"https:\/\/www.miomiorun.com\/fr\/produit\/crescendo-md\/\" \/>\n<meta property=\"og:locale\" content=\"fr_FR\" \/>\n<meta property=\"og:type\" content=\"article\" \/>\n<meta property=\"og:title\" content=\"Hoka one one Crescendo MD - Chaussures \u00e0 crampons - MioMioRun.com\" \/>\n<meta property=\"og:description\" content=\"Crescendo MD est dot\u00e9 d&#039;un lit sym\u00e9trique rembourr\u00e9, sans technologie orthop\u00e9dique suppl\u00e9mentaire. Con\u00e7u pour vous apporter le soutien dont vous avez besoin.\" \/>\n<meta property=\"og:url\" content=\"https:\/\/www.miomiorun.com\/fr\/produit\/crescendo-md\/\" \/>\n<meta property=\"og:site_name\" content=\"MioMioRun\" \/>\n<meta property=\"article:publisher\" content=\"https:\/\/www.facebook.com\/miomiorun\/\" \/>\n<meta property=\"article:modified_time\" content=\"2026-05-08T19:36:18+00:00\" \/>\n<meta property=\"og:image\" content=\"https:\/\/www.miomiorun.com\/app\/uploads\/2023\/03\/hoka-one-one-crescendo-MD-black-white-1134520-BWHT.jpg\" \/>\n\t<meta property=\"og:image:width\" content=\"600\" \/>\n\t<meta property=\"og:image:height\" content=\"600\" \/>\n\t<meta property=\"og:image:type\" content=\"image\/jpeg\" \/>\n<meta name=\"twitter:card\" content=\"summary_large_image\" \/>\n<meta name=\"twitter:label1\" content=\"Est. reading time\" \/>\n\t<meta name=\"twitter:data1\" content=\"1 minute\" \/>\n<script type=\"application\/ld+json\" class=\"yoast-schema-graph\">{\"@context\":\"https:\/\/schema.org\",\"@graph\":[{\"@type\":\"WebPage\",\"@id\":\"https:\/\/www.miomiorun.com\/fr\/produit\/crescendo-md\/\",\"url\":\"https:\/\/www.miomiorun.com\/fr\/produit\/crescendo-md\/\",\"name\":\"Hoka one one Crescendo MD - Chaussures \u00e0 crampons - MioMioRun.com\",\"isPartOf\":{\"@id\":\"https:\/\/www.miomiorun.com\/fr\/#website\"},\"primaryImageOfPage\":{\"@id\":\"https:\/\/www.miomiorun.com\/fr\/produit\/crescendo-md\/#primaryimage\"},\"image\":{\"@id\":\"https:\/\/www.miomiorun.com\/fr\/produit\/crescendo-md\/#primaryimage\"},\"thumbnailUrl\":\"https:\/\/www.miomiorun.com\/app\/uploads\/2023\/03\/hoka-one-one-crescendo-MD-black-white-1134520-BWHT.jpg\",\"datePublished\":\"2023-02-09T13:05:39+00:00\",\"dateModified\":\"2026-05-08T19:36:18+00:00\",\"description\":\"Crescendo MD est dot\u00e9 d'un lit sym\u00e9trique rembourr\u00e9, sans technologie orthop\u00e9dique suppl\u00e9mentaire. Con\u00e7u pour vous apporter le soutien dont vous avez besoin.\",\"breadcrumb\":{\"@id\":\"https:\/\/www.miomiorun.com\/fr\/produit\/crescendo-md\/#breadcrumb\"},\"inLanguage\":\"fr-FR\",\"potentialAction\":[{\"@type\":\"ReadAction\",\"target\":[\"https:\/\/www.miomiorun.com\/fr\/produit\/crescendo-md\/\"]}]},{\"@type\":\"ImageObject\",\"inLanguage\":\"fr-FR\",\"@id\":\"https:\/\/www.miomiorun.com\/fr\/produit\/crescendo-md\/#primaryimage\",\"url\":\"https:\/\/www.miomiorun.com\/app\/uploads\/2023\/03\/hoka-one-one-crescendo-MD-black-white-1134520-BWHT.jpg\",\"contentUrl\":\"https:\/\/www.miomiorun.com\/app\/uploads\/2023\/03\/hoka-one-one-crescendo-MD-black-white-1134520-BWHT.jpg\",\"width\":600,\"height\":600,\"caption\":\"hoka-one-one-crescendo-MD-black-white-1134520-BWHT\"},{\"@type\":\"BreadcrumbList\",\"@id\":\"https:\/\/www.miomiorun.com\/fr\/produit\/crescendo-md\/#breadcrumb\",\"itemListElement\":[{\"@type\":\"ListItem\",\"position\":1,\"name\":\"Home\",\"item\":\"https:\/\/www.miomiorun.com\/fr\/home-page\/\"},{\"@type\":\"ListItem\",\"position\":2,\"name\":\"Shop\",\"item\":\"https:\/\/www.miomiorun.com\/shop\/\"},{\"@type\":\"ListItem\",\"position\":3,\"name\":\"Crescendo MD\"}]},{\"@type\":\"WebSite\",\"@id\":\"https:\/\/www.miomiorun.com\/fr\/#website\",\"url\":\"https:\/\/www.miomiorun.com\/fr\/\",\"name\":\"MioMioRun\",\"description\":\"Boutique 100% running et trail\",\"publisher\":{\"@id\":\"https:\/\/www.miomiorun.com\/fr\/#organization\"},\"potentialAction\":[{\"@type\":\"SearchAction\",\"target\":{\"@type\":\"EntryPoint\",\"urlTemplate\":\"https:\/\/www.miomiorun.com\/fr\/?s={search_term_string}\"},\"query-input\":{\"@type\":\"PropertyValueSpecification\",\"valueRequired\":true,\"valueName\":\"search_term_string\"}}],\"inLanguage\":\"fr-FR\"},{\"@type\":\"Organization\",\"@id\":\"https:\/\/www.miomiorun.com\/fr\/#organization\",\"name\":\"MioMio Run\",\"url\":\"https:\/\/www.miomiorun.com\/fr\/\",\"logo\":{\"@type\":\"ImageObject\",\"inLanguage\":\"fr-FR\",\"@id\":\"https:\/\/www.miomiorun.com\/fr\/#\/schema\/logo\/image\/\",\"url\":\"https:\/\/www.miomiorun.com\/app\/uploads\/2019\/12\/logomio.png\",\"contentUrl\":\"https:\/\/www.miomiorun.com\/app\/uploads\/2019\/12\/logomio.png\",\"width\":115,\"height\":82,\"caption\":\"MioMio Run\"},\"image\":{\"@id\":\"https:\/\/www.miomiorun.com\/fr\/#\/schema\/logo\/image\/\"},\"sameAs\":[\"https:\/\/www.facebook.com\/miomiorun\/\",\"https:\/\/www.instagram.com\/miomiorun\/\"]}]}<\/script>\n<!-- \/ Yoast SEO plugin. -->","yoast_head_json":{"title":"Hoka one one Crescendo MD - Chaussures \u00e0 crampons - MioMioRun.com","description":"Crescendo MD est dot\u00e9 d'un lit sym\u00e9trique rembourr\u00e9, sans technologie orthop\u00e9dique suppl\u00e9mentaire. Con\u00e7u pour vous apporter le soutien dont vous avez besoin.","robots":{"index":"index","follow":"follow","max-snippet":"max-snippet:-1","max-image-preview":"max-image-preview:large","max-video-preview":"max-video-preview:-1"},"canonical":"https:\/\/www.miomiorun.com\/fr\/produit\/crescendo-md\/","og_locale":"fr_FR","og_type":"article","og_title":"Hoka one one Crescendo MD - Chaussures \u00e0 crampons - MioMioRun.com","og_description":"Crescendo MD est dot\u00e9 d'un lit sym\u00e9trique rembourr\u00e9, sans technologie orthop\u00e9dique suppl\u00e9mentaire. Con\u00e7u pour vous apporter le soutien dont vous avez besoin.","og_url":"https:\/\/www.miomiorun.com\/fr\/produit\/crescendo-md\/","og_site_name":"MioMioRun","article_publisher":"https:\/\/www.facebook.com\/miomiorun\/","article_modified_time":"2026-05-08T19:36:18+00:00","og_image":[{"width":600,"height":600,"url":"https:\/\/www.miomiorun.com\/app\/uploads\/2023\/03\/hoka-one-one-crescendo-MD-black-white-1134520-BWHT.jpg","type":"image\/jpeg"}],"twitter_card":"summary_large_image","twitter_misc":{"Est. reading time":"1 minute"},"schema":{"@context":"https:\/\/schema.org","@graph":[{"@type":"WebPage","@id":"https:\/\/www.miomiorun.com\/fr\/produit\/crescendo-md\/","url":"https:\/\/www.miomiorun.com\/fr\/produit\/crescendo-md\/","name":"Hoka one one Crescendo MD - Chaussures \u00e0 crampons - MioMioRun.com","isPartOf":{"@id":"https:\/\/www.miomiorun.com\/fr\/#website"},"primaryImageOfPage":{"@id":"https:\/\/www.miomiorun.com\/fr\/produit\/crescendo-md\/#primaryimage"},"image":{"@id":"https:\/\/www.miomiorun.com\/fr\/produit\/crescendo-md\/#primaryimage"},"thumbnailUrl":"https:\/\/www.miomiorun.com\/app\/uploads\/2023\/03\/hoka-one-one-crescendo-MD-black-white-1134520-BWHT.jpg","datePublished":"2023-02-09T13:05:39+00:00","dateModified":"2026-05-08T19:36:18+00:00","description":"Crescendo MD est dot\u00e9 d'un lit sym\u00e9trique rembourr\u00e9, sans technologie orthop\u00e9dique suppl\u00e9mentaire. Con\u00e7u pour vous apporter le soutien dont vous avez besoin.","breadcrumb":{"@id":"https:\/\/www.miomiorun.com\/fr\/produit\/crescendo-md\/#breadcrumb"},"inLanguage":"fr-FR","potentialAction":[{"@type":"ReadAction","target":["https:\/\/www.miomiorun.com\/fr\/produit\/crescendo-md\/"]}]},{"@type":"ImageObject","inLanguage":"fr-FR","@id":"https:\/\/www.miomiorun.com\/fr\/produit\/crescendo-md\/#primaryimage","url":"https:\/\/www.miomiorun.com\/app\/uploads\/2023\/03\/hoka-one-one-crescendo-MD-black-white-1134520-BWHT.jpg","contentUrl":"https:\/\/www.miomiorun.com\/app\/uploads\/2023\/03\/hoka-one-one-crescendo-MD-black-white-1134520-BWHT.jpg","width":600,"height":600,"caption":"hoka-one-one-crescendo-MD-black-white-1134520-BWHT"},{"@type":"BreadcrumbList","@id":"https:\/\/www.miomiorun.com\/fr\/produit\/crescendo-md\/#breadcrumb","itemListElement":[{"@type":"ListItem","position":1,"name":"Home","item":"https:\/\/www.miomiorun.com\/fr\/home-page\/"},{"@type":"ListItem","position":2,"name":"Shop","item":"https:\/\/www.miomiorun.com\/shop\/"},{"@type":"ListItem","position":3,"name":"Crescendo MD"}]},{"@type":"WebSite","@id":"https:\/\/www.miomiorun.com\/fr\/#website","url":"https:\/\/www.miomiorun.com\/fr\/","name":"MioMioRun","description":"Boutique 100% running et trail","publisher":{"@id":"https:\/\/www.miomiorun.com\/fr\/#organization"},"potentialAction":[{"@type":"SearchAction","target":{"@type":"EntryPoint","urlTemplate":"https:\/\/www.miomiorun.com\/fr\/?s={search_term_string}"},"query-input":{"@type":"PropertyValueSpecification","valueRequired":true,"valueName":"search_term_string"}}],"inLanguage":"fr-FR"},{"@type":"Organization","@id":"https:\/\/www.miomiorun.com\/fr\/#organization","name":"MioMio Run","url":"https:\/\/www.miomiorun.com\/fr\/","logo":{"@type":"ImageObject","inLanguage":"fr-FR","@id":"https:\/\/www.miomiorun.com\/fr\/#\/schema\/logo\/image\/","url":"https:\/\/www.miomiorun.com\/app\/uploads\/2019\/12\/logomio.png","contentUrl":"https:\/\/www.miomiorun.com\/app\/uploads\/2019\/12\/logomio.png","width":115,"height":82,"caption":"MioMio Run"},"image":{"@id":"https:\/\/www.miomiorun.com\/fr\/#\/schema\/logo\/image\/"},"sameAs":["https:\/\/www.facebook.com\/miomiorun\/","https:\/\/www.instagram.com\/miomiorun\/"]}]}},"_links":{"self":[{"href":"https:\/\/www.miomiorun.com\/fr\/wp-json\/wp\/v2\/product\/284562","targetHints":{"allow":["GET"]}}],"collection":[{"href":"https:\/\/www.miomiorun.com\/fr\/wp-json\/wp\/v2\/product"}],"about":[{"href":"https:\/\/www.miomiorun.com\/fr\/wp-json\/wp\/v2\/types\/product"}],"wp:featuredmedia":[{"embeddable":true,"href":"https:\/\/www.miomiorun.com\/fr\/wp-json\/wp\/v2\/media\/239575"}],"wp:attachment":[{"href":"https:\/\/www.miomiorun.com\/fr\/wp-json\/wp\/v2\/media?parent=284562"}],"wp:term":[{"taxonomy":"product_brand","embeddable":true,"href":"https:\/\/www.miomiorun.com\/fr\/wp-json\/wp\/v2\/product_brand?post=284562"},{"taxonomy":"product_cat","embeddable":true,"href":"https:\/\/www.miomiorun.com\/fr\/wp-json\/wp\/v2\/product_cat?post=284562"},{"taxonomy":"product_tag","embeddable":true,"href":"https:\/\/www.miomiorun.com\/fr\/wp-json\/wp\/v2\/product_tag?post=284562"}],"curies":[{"name":"wp","href":"https:\/\/api.w.org\/{rel}","templated":true}]}}