{"id":284494,"date":"2022-10-04T18:00:47","date_gmt":"2022-10-04T16:00:47","guid":{"rendered":"https:\/\/miomiorun.com\/prodotto\/fusion-3-5-donna\/"},"modified":"2025-09-16T19:37:56","modified_gmt":"2025-09-16T17:37:56","slug":"fusion-3-5-femme","status":"publish","type":"product","link":"https:\/\/www.miomiorun.com\/fr\/produit\/fusion-3-5-femme\/","title":{"rendered":"Fusion 3.5 femme"},"content":{"rendered":"<div class=\"vc-row container\"><div class=\"vc-column\"><div class=\"vc-column-text\"><\/p>\n<h4>Caract\u00e9ristiques techniques<\/h4>\n<p>Cat\u00e9gorie : excellent amorti<br \/>\nD\u00e9calage : 6 mm<br \/>\nPoids : 250 g<br \/>\nId\u00e9al pour : les coureurs \u00e0 la recherche d&#8217;une chaussure offrant un bon amorti et une excellente stabilit\u00e9, avec une transition fluide, pour les courses de moyenne et longue distance.<br \/>\nPoids de l&#8217;athl\u00e8te : 75-85 kg<br \/>\nAllure de course : moyenne (5,00-6,00 min\/km)<br \/>\n<a href=\"https:\/\/miomiorun.com\/fr\/guide-des-specificites\/\">Guide des sp\u00e9cifications techniques<\/a><\/p>\n<p><\/div><\/div><div class=\"vc-column\"><div class=\"vc-column-text\">La Karhu<strong> Fusion 3.5<\/strong> pour femme est une chaussure de course amortissante et tr\u00e8s r\u00e9active pour les coureuses au pied neutre. Que vous couriez lentement ou que vous acc\u00e9l\u00e9riez le rythme, la propulsion vers l&#8217;avant et l&#8217;amorti souple rendent votre course confortable et ludique. Le d\u00e9calage talon-pointe de 6 mm, le Fulcrum raccourci et l&#8217;unit\u00e9 de propulsion se traduisent par une exp\u00e9rience rapide et agile sous les pieds.<br \/>\nLa tige en mesh nouvellement redessin\u00e9e est plus souple au niveau des orteils, tandis que le motif de ventilation complexe offre une meilleure respirabilit\u00e9. La <strong>Fusion 3.5<\/strong> est une chaussure tout-en-un pour les coureurs neutres qui varient leurs entra\u00eenements de course.<\/p>\n<p>La <strong>Fusion 3.5<\/strong> est \u00e9galement disponible dans une coupe large, que Karhu appelle High Volume (HiVo).<\/p>\n<p>Chez Karhu, nous savons que chaque coureur a des pieds uniques, et c&#8217;est pr\u00e9cis\u00e9ment ce qui a conduit \u00e0 la nouvelle Fusion 3.5. La Fusion pour femmes est la premi\u00e8re chaussure con\u00e7ue par des femmes pour les femmes. En ajustant le volume de la circonf\u00e9rence du cou-de-pied et de l&#8217;avant-pied, Karhu propose une construction f\u00e9minine personnalis\u00e9e : <strong>HeraFit<\/strong>.<\/p>\n<p><strong>Caract\u00e9ristiques :<\/strong><\/p>\n<ul>\n<li>Technologies Karhu Fusion 3.5 :<\/li>\n<li>Fulcrum + Propulsion Unit<\/li>\n<li>Mesh id\u00e9al<\/li>\n<li>Adapt\u00e9 \u00e0 Ortix<\/li>\n<li>Semelle interm\u00e9diaire AeroFoam<\/li>\n<li>Syst\u00e8me de la\u00e7age M-Lock<\/li>\n<\/ul>\n<p>&nbsp;<\/p>\n<p><img loading=\"lazy\" decoding=\"async\" class=\"\" src=\"https:\/\/cdn.shopify.com\/s\/files\/1\/0519\/4570\/1549\/files\/fulcrum_800x.png?v=1612961012\" width=\"205\" height=\"91\"><\/p>\n<p>La technologie KARHU Fulcrum est con\u00e7ue pour maintenir toutes les forces vers l&#8217;avant, en r\u00e9duisant les forces de freinage et en utilisant l&#8217;\u00e9nergie naturelle de votre corps pour cr\u00e9er une conduite plus fluide. C&#8217;est ce que nous appelons l&#8217;effet Rolling. La technologie Fulcrum offre : un amorti \u00e9quilibr\u00e9, un meilleur soutien, plus d&#8217;\u00e9nergie. La Fusion pr\u00e9sente un pivot de trois quarts de longueur.<\/div><\/div><\/div>\n","protected":false},"excerpt":{"rendered":"","protected":false},"featured_media":238160,"template":"","meta":{"_acf_changed":false,"inline_featured_image":false},"product_brand":[],"product_cat":[24435,24434],"product_tag":[23474,23495],"class_list":{"0":"post-284494","1":"product","2":"type-product","3":"status-publish","4":"has-post-thumbnail","6":"product_cat-chaussures-pour-femmes-fr","7":"product_cat-neutre-fr-2","8":"product_tag-karhu-fr","9":"product_tag-karhu-femme","10":"pa_attivita-fitness-fr","11":"pa_attivita-marcher","12":"pa_attivita-running-fr","13":"pa_colore-fusion-35-w-grey-algeris-blue-fr","14":"pa_colore-fusion-3-5-w-ibiza-blue-sugar-coral-fr","15":"pa_marca-karhu-fr","16":"pa_sesso-femme","17":"pa_size-37-5-fr","18":"pa_size-38-fr","20":"first","21":"instock","22":"sale","23":"taxable","24":"shipping-taxable","25":"purchasable","26":"product-type-variable","27":"wvs-archive-product-wrapper"},"acf":[],"yoast_head":"<!-- This site is optimized with the Yoast SEO plugin v26.8 - https:\/\/yoast.com\/product\/yoast-seo-wordpress\/ -->\n<title>Karhu Fusion 3.5 femme - chaussures de course - MioMioRun<\/title>\n<meta name=\"description\" content=\"La Karhu Fusion 3.5 pour femme est une chaussure de course amortissante et tr\u00e8s r\u00e9active destin\u00e9e aux coureuses au pied neutre qui recherchent un bon amorti.\" \/>\n<meta name=\"robots\" content=\"index, follow, max-snippet:-1, max-image-preview:large, max-video-preview:-1\" \/>\n<link rel=\"canonical\" href=\"https:\/\/www.miomiorun.com\/fr\/produit\/fusion-3-5-femme\/\" \/>\n<meta property=\"og:locale\" content=\"fr_FR\" \/>\n<meta property=\"og:type\" content=\"article\" \/>\n<meta property=\"og:title\" content=\"Karhu Fusion 3.5 femme - chaussures de course - MioMioRun\" \/>\n<meta property=\"og:description\" content=\"La Karhu Fusion 3.5 pour femme est une chaussure de course amortissante et tr\u00e8s r\u00e9active destin\u00e9e aux coureuses au pied neutre qui recherchent un bon amorti.\" \/>\n<meta property=\"og:url\" content=\"https:\/\/www.miomiorun.com\/fr\/produit\/fusion-3-5-femme\/\" \/>\n<meta property=\"og:site_name\" content=\"MioMioRun\" \/>\n<meta property=\"article:publisher\" content=\"https:\/\/www.facebook.com\/miomiorun\/\" \/>\n<meta property=\"article:modified_time\" content=\"2025-09-16T17:37:56+00:00\" \/>\n<meta property=\"og:image\" content=\"https:\/\/www.miomiorun.com\/app\/uploads\/2022\/10\/karhu-fusion-3.5-W-saysky-F200348.jpg\" \/>\n\t<meta property=\"og:image:width\" content=\"600\" \/>\n\t<meta property=\"og:image:height\" content=\"600\" \/>\n\t<meta property=\"og:image:type\" content=\"image\/jpeg\" \/>\n<meta name=\"twitter:card\" content=\"summary_large_image\" \/>\n<meta name=\"twitter:label1\" content=\"Est. reading time\" \/>\n\t<meta name=\"twitter:data1\" content=\"2 minutes\" \/>\n<script type=\"application\/ld+json\" class=\"yoast-schema-graph\">{\"@context\":\"https:\/\/schema.org\",\"@graph\":[{\"@type\":\"WebPage\",\"@id\":\"https:\/\/www.miomiorun.com\/fr\/produit\/fusion-3-5-femme\/\",\"url\":\"https:\/\/www.miomiorun.com\/fr\/produit\/fusion-3-5-femme\/\",\"name\":\"Karhu Fusion 3.5 femme - chaussures de course - MioMioRun\",\"isPartOf\":{\"@id\":\"https:\/\/www.miomiorun.com\/fr\/#website\"},\"primaryImageOfPage\":{\"@id\":\"https:\/\/www.miomiorun.com\/fr\/produit\/fusion-3-5-femme\/#primaryimage\"},\"image\":{\"@id\":\"https:\/\/www.miomiorun.com\/fr\/produit\/fusion-3-5-femme\/#primaryimage\"},\"thumbnailUrl\":\"https:\/\/www.miomiorun.com\/app\/uploads\/2022\/10\/karhu-fusion-3.5-W-saysky-F200348.jpg\",\"datePublished\":\"2022-10-04T16:00:47+00:00\",\"dateModified\":\"2025-09-16T17:37:56+00:00\",\"description\":\"La Karhu Fusion 3.5 pour femme est une chaussure de course amortissante et tr\u00e8s r\u00e9active destin\u00e9e aux coureuses au pied neutre qui recherchent un bon amorti.\",\"breadcrumb\":{\"@id\":\"https:\/\/www.miomiorun.com\/fr\/produit\/fusion-3-5-femme\/#breadcrumb\"},\"inLanguage\":\"fr-FR\",\"potentialAction\":[{\"@type\":\"ReadAction\",\"target\":[\"https:\/\/www.miomiorun.com\/fr\/produit\/fusion-3-5-femme\/\"]}]},{\"@type\":\"ImageObject\",\"inLanguage\":\"fr-FR\",\"@id\":\"https:\/\/www.miomiorun.com\/fr\/produit\/fusion-3-5-femme\/#primaryimage\",\"url\":\"https:\/\/www.miomiorun.com\/app\/uploads\/2022\/10\/karhu-fusion-3.5-W-saysky-F200348.jpg\",\"contentUrl\":\"https:\/\/www.miomiorun.com\/app\/uploads\/2022\/10\/karhu-fusion-3.5-W-saysky-F200348.jpg\",\"width\":600,\"height\":600,\"caption\":\"karhu-fusion-3.5-W-saysky-F200348\"},{\"@type\":\"BreadcrumbList\",\"@id\":\"https:\/\/www.miomiorun.com\/fr\/produit\/fusion-3-5-femme\/#breadcrumb\",\"itemListElement\":[{\"@type\":\"ListItem\",\"position\":1,\"name\":\"Home\",\"item\":\"https:\/\/www.miomiorun.com\/fr\/home-page\/\"},{\"@type\":\"ListItem\",\"position\":2,\"name\":\"Shop\",\"item\":\"https:\/\/www.miomiorun.com\/shop\/\"},{\"@type\":\"ListItem\",\"position\":3,\"name\":\"Fusion 3.5 femme\"}]},{\"@type\":\"WebSite\",\"@id\":\"https:\/\/www.miomiorun.com\/fr\/#website\",\"url\":\"https:\/\/www.miomiorun.com\/fr\/\",\"name\":\"MioMioRun\",\"description\":\"Boutique 100% running et trail\",\"publisher\":{\"@id\":\"https:\/\/www.miomiorun.com\/fr\/#organization\"},\"potentialAction\":[{\"@type\":\"SearchAction\",\"target\":{\"@type\":\"EntryPoint\",\"urlTemplate\":\"https:\/\/www.miomiorun.com\/fr\/?s={search_term_string}\"},\"query-input\":{\"@type\":\"PropertyValueSpecification\",\"valueRequired\":true,\"valueName\":\"search_term_string\"}}],\"inLanguage\":\"fr-FR\"},{\"@type\":\"Organization\",\"@id\":\"https:\/\/www.miomiorun.com\/fr\/#organization\",\"name\":\"MioMio Run\",\"url\":\"https:\/\/www.miomiorun.com\/fr\/\",\"logo\":{\"@type\":\"ImageObject\",\"inLanguage\":\"fr-FR\",\"@id\":\"https:\/\/www.miomiorun.com\/fr\/#\/schema\/logo\/image\/\",\"url\":\"https:\/\/www.miomiorun.com\/app\/uploads\/2019\/12\/logomio.png\",\"contentUrl\":\"https:\/\/www.miomiorun.com\/app\/uploads\/2019\/12\/logomio.png\",\"width\":115,\"height\":82,\"caption\":\"MioMio Run\"},\"image\":{\"@id\":\"https:\/\/www.miomiorun.com\/fr\/#\/schema\/logo\/image\/\"},\"sameAs\":[\"https:\/\/www.facebook.com\/miomiorun\/\",\"https:\/\/www.instagram.com\/miomiorun\/\"]}]}<\/script>\n<!-- \/ Yoast SEO plugin. -->","yoast_head_json":{"title":"Karhu Fusion 3.5 femme - chaussures de course - MioMioRun","description":"La Karhu Fusion 3.5 pour femme est une chaussure de course amortissante et tr\u00e8s r\u00e9active destin\u00e9e aux coureuses au pied neutre qui recherchent un bon amorti.","robots":{"index":"index","follow":"follow","max-snippet":"max-snippet:-1","max-image-preview":"max-image-preview:large","max-video-preview":"max-video-preview:-1"},"canonical":"https:\/\/www.miomiorun.com\/fr\/produit\/fusion-3-5-femme\/","og_locale":"fr_FR","og_type":"article","og_title":"Karhu Fusion 3.5 femme - chaussures de course - MioMioRun","og_description":"La Karhu Fusion 3.5 pour femme est une chaussure de course amortissante et tr\u00e8s r\u00e9active destin\u00e9e aux coureuses au pied neutre qui recherchent un bon amorti.","og_url":"https:\/\/www.miomiorun.com\/fr\/produit\/fusion-3-5-femme\/","og_site_name":"MioMioRun","article_publisher":"https:\/\/www.facebook.com\/miomiorun\/","article_modified_time":"2025-09-16T17:37:56+00:00","og_image":[{"width":600,"height":600,"url":"https:\/\/www.miomiorun.com\/app\/uploads\/2022\/10\/karhu-fusion-3.5-W-saysky-F200348.jpg","type":"image\/jpeg"}],"twitter_card":"summary_large_image","twitter_misc":{"Est. reading time":"2 minutes"},"schema":{"@context":"https:\/\/schema.org","@graph":[{"@type":"WebPage","@id":"https:\/\/www.miomiorun.com\/fr\/produit\/fusion-3-5-femme\/","url":"https:\/\/www.miomiorun.com\/fr\/produit\/fusion-3-5-femme\/","name":"Karhu Fusion 3.5 femme - chaussures de course - MioMioRun","isPartOf":{"@id":"https:\/\/www.miomiorun.com\/fr\/#website"},"primaryImageOfPage":{"@id":"https:\/\/www.miomiorun.com\/fr\/produit\/fusion-3-5-femme\/#primaryimage"},"image":{"@id":"https:\/\/www.miomiorun.com\/fr\/produit\/fusion-3-5-femme\/#primaryimage"},"thumbnailUrl":"https:\/\/www.miomiorun.com\/app\/uploads\/2022\/10\/karhu-fusion-3.5-W-saysky-F200348.jpg","datePublished":"2022-10-04T16:00:47+00:00","dateModified":"2025-09-16T17:37:56+00:00","description":"La Karhu Fusion 3.5 pour femme est une chaussure de course amortissante et tr\u00e8s r\u00e9active destin\u00e9e aux coureuses au pied neutre qui recherchent un bon amorti.","breadcrumb":{"@id":"https:\/\/www.miomiorun.com\/fr\/produit\/fusion-3-5-femme\/#breadcrumb"},"inLanguage":"fr-FR","potentialAction":[{"@type":"ReadAction","target":["https:\/\/www.miomiorun.com\/fr\/produit\/fusion-3-5-femme\/"]}]},{"@type":"ImageObject","inLanguage":"fr-FR","@id":"https:\/\/www.miomiorun.com\/fr\/produit\/fusion-3-5-femme\/#primaryimage","url":"https:\/\/www.miomiorun.com\/app\/uploads\/2022\/10\/karhu-fusion-3.5-W-saysky-F200348.jpg","contentUrl":"https:\/\/www.miomiorun.com\/app\/uploads\/2022\/10\/karhu-fusion-3.5-W-saysky-F200348.jpg","width":600,"height":600,"caption":"karhu-fusion-3.5-W-saysky-F200348"},{"@type":"BreadcrumbList","@id":"https:\/\/www.miomiorun.com\/fr\/produit\/fusion-3-5-femme\/#breadcrumb","itemListElement":[{"@type":"ListItem","position":1,"name":"Home","item":"https:\/\/www.miomiorun.com\/fr\/home-page\/"},{"@type":"ListItem","position":2,"name":"Shop","item":"https:\/\/www.miomiorun.com\/shop\/"},{"@type":"ListItem","position":3,"name":"Fusion 3.5 femme"}]},{"@type":"WebSite","@id":"https:\/\/www.miomiorun.com\/fr\/#website","url":"https:\/\/www.miomiorun.com\/fr\/","name":"MioMioRun","description":"Boutique 100% running et trail","publisher":{"@id":"https:\/\/www.miomiorun.com\/fr\/#organization"},"potentialAction":[{"@type":"SearchAction","target":{"@type":"EntryPoint","urlTemplate":"https:\/\/www.miomiorun.com\/fr\/?s={search_term_string}"},"query-input":{"@type":"PropertyValueSpecification","valueRequired":true,"valueName":"search_term_string"}}],"inLanguage":"fr-FR"},{"@type":"Organization","@id":"https:\/\/www.miomiorun.com\/fr\/#organization","name":"MioMio Run","url":"https:\/\/www.miomiorun.com\/fr\/","logo":{"@type":"ImageObject","inLanguage":"fr-FR","@id":"https:\/\/www.miomiorun.com\/fr\/#\/schema\/logo\/image\/","url":"https:\/\/www.miomiorun.com\/app\/uploads\/2019\/12\/logomio.png","contentUrl":"https:\/\/www.miomiorun.com\/app\/uploads\/2019\/12\/logomio.png","width":115,"height":82,"caption":"MioMio Run"},"image":{"@id":"https:\/\/www.miomiorun.com\/fr\/#\/schema\/logo\/image\/"},"sameAs":["https:\/\/www.facebook.com\/miomiorun\/","https:\/\/www.instagram.com\/miomiorun\/"]}]}},"_links":{"self":[{"href":"https:\/\/www.miomiorun.com\/fr\/wp-json\/wp\/v2\/product\/284494","targetHints":{"allow":["GET"]}}],"collection":[{"href":"https:\/\/www.miomiorun.com\/fr\/wp-json\/wp\/v2\/product"}],"about":[{"href":"https:\/\/www.miomiorun.com\/fr\/wp-json\/wp\/v2\/types\/product"}],"wp:featuredmedia":[{"embeddable":true,"href":"https:\/\/www.miomiorun.com\/fr\/wp-json\/wp\/v2\/media\/238160"}],"wp:attachment":[{"href":"https:\/\/www.miomiorun.com\/fr\/wp-json\/wp\/v2\/media?parent=284494"}],"wp:term":[{"taxonomy":"product_brand","embeddable":true,"href":"https:\/\/www.miomiorun.com\/fr\/wp-json\/wp\/v2\/product_brand?post=284494"},{"taxonomy":"product_cat","embeddable":true,"href":"https:\/\/www.miomiorun.com\/fr\/wp-json\/wp\/v2\/product_cat?post=284494"},{"taxonomy":"product_tag","embeddable":true,"href":"https:\/\/www.miomiorun.com\/fr\/wp-json\/wp\/v2\/product_tag?post=284494"}],"curies":[{"name":"wp","href":"https:\/\/api.w.org\/{rel}","templated":true}]}}